{"id":41647,"date":"2025-01-10T09:17:05","date_gmt":"2025-01-10T09:17:05","guid":{"rendered":"https:\/\/www.leemanleddisplay.com\/product\/novastar-vx400s-led-display-video-controller\/"},"modified":"2025-07-20T02:24:34","modified_gmt":"2025-07-20T02:24:34","slug":"novastar-vx400s-led-display-video-controller","status":"publish","type":"product","link":"https:\/\/www.leemanleddisplay.com\/da\/product\/novastar-vx400s-led-display-video-controller\/","title":{"rendered":"Novastar VX400s LED Display Video Controller"},"content":{"rendered":"<p>The Novastar VX400s LED Display Video Controller is a NovaStar professional LED display video controller, featuring excellent display control and powerful front-end video processing capabilities. With outstanding image quality and flexible image control functions, the VX400s can greatly satisfy the user needs in media industry.<\/p>\n<p>&nbsp;<\/p>\n<p><strong>Features of Novastar VX400s LED Display Video Controller:<\/strong><\/p>\n<p>1) Provides a variety of video input connectors, including 2 \u00d7 CVBS, 2 \u00d7 VGA, 1 \u00d7SDI, 1 \u00d7 DVI, 1 \u00d7 HDMI and 1 \u00d7 YPbPr. Input resolutions of some connectors can be up to 1080p@60Hz. You can freely scale the image based on the screen resolution.<\/p>\n<p>2) Computer software for system configuration is not necessary. The system can be configured using one knob and one button. All can be done just by fingers. That&#8217;s what we called Touch Track.<\/p>\n<p>3) Powerful image processing, professional image control and user-friendly UI design, allowing for an easy and convenient display control experience.<\/p>\n<p>4) Adopts an innovative architecture to implement smart configuration, allowing for the screen debugging to be completed within several minutes, which greatly shorten the preparation time on the stage.<\/p>\n<p>5) Provides seamless high-speed switch and fade-in\/fade-out effect so as to strengthen and display picture demonstration of professional quality.<\/p>\n<p>6) The position and size of PIP can both be adjusted, which can be controlled at will.<\/p>\n<p>7) Visualized LCD screen and distinct button indicators simplifies system control operations.<\/p>\n<p>8) Adopts NovaStar G4 engine to realize a perfect display image with no flickering or scanning lines, as well as fine quality and good sense of depth.<\/p>\n<p>9) Adopts NovaStar new-generation calibration technology, allowing for a fast and efficient calibration process.<\/p>\n<p>10) Implements white balance calibration and color gamut mapping based on different features of the LEDs used by different screens to ensure colors are faithfully reproduced.<\/p>\n<p>11) Supports HDMI\/DVI video input and HDMI audio input.<\/p>\n<p>12) Supports high bit depth video input: 10bit\/8bit.<\/p>\n<p>13) Video output loading capacity is 2.3 million pixels and supported video formats are RGB, YCbCr4:2:2 and YCbCr4:4:4.<\/p>\n<p>&nbsp;<\/p>\n<p><strong>Novastar VX400s LED Display Video Controller Parameter:<\/strong><\/p>\n<table cellspacing=\"0\" cellpadding=\"0\" border=\"1\">\n<colgroup>\n<col width=\"223\" span=\"3\" \/> <\/colgroup>\n<tbody>\n<tr>\n<td style=\"text-align: center; border: 1px solid #000000;\" colspan=\"3\"><strong>Input<\/strong><\/td>\n<\/tr>\n<tr>\n<td style=\"border: 1px solid #000000;\">Connector\u00a0<\/td>\n<td style=\"border: 1px solid #000000;\">Qty\u00a0<\/td>\n<td style=\"border: 1px solid #000000;\">Description<\/td>\n<\/tr>\n<tr>\n<td style=\"border: 1px solid #000000;\">CVBS\u00a0<\/td>\n<td style=\"border: 1px solid #000000;\">2<\/td>\n<td style=\"border: 1px solid #000000;\">PAL\/NTSC<\/td>\n<\/tr>\n<tr>\n<td style=\"border: 1px solid #000000;\" rowspan=\"2\">VGA\u00a0<\/td>\n<td style=\"border: 1px solid #000000;\" rowspan=\"2\">2<\/td>\n<td style=\"border: 1px solid #000000;\">VESA standard<\/td>\n<\/tr>\n<tr>\n<td style=\"border: 1px solid #000000;\">Resolution up to 1080p@60Hz<\/td>\n<\/tr>\n<tr>\n<td style=\"border: 1px solid #000000;\">SDI\u00a0<\/td>\n<td style=\"border: 1px solid #000000;\">1<\/td>\n<td style=\"border: 1px solid #000000;\">480i, 576i, 720P, 1080i\/P<\/td>\n<\/tr>\n<tr>\n<td style=\"border: 1px solid #000000;\" rowspan=\"2\">DVI\u00a0<\/td>\n<td style=\"border: 1px solid #000000;\" rowspan=\"2\">1<\/td>\n<td style=\"border: 1px solid #000000;\">VESA standard (1080i input supported<\/td>\n<\/tr>\n<tr>\n<td style=\"border: 1px solid #000000;\">HDCP compliant<\/td>\n<\/tr>\n<tr>\n<td style=\"border: 1px solid #000000;\" rowspan=\"3\">HDMI\u00a0<\/td>\n<td style=\"border: 1px solid #000000;\" rowspan=\"3\">1<\/td>\n<td style=\"border: 1px solid #000000;\">EIA\/CEA-861 standard, HDMI 1.3 standard<\/td>\n<\/tr>\n<tr>\n<td style=\"border: 1px solid #000000;\">compliant<\/td>\n<\/tr>\n<tr>\n<td style=\"border: 1px solid #000000;\">HDCP compliant<\/td>\n<\/tr>\n<tr>\n<td style=\"border: 1px solid #000000;\">YPbPr\u00a0<\/td>\n<td style=\"border: 1px solid #000000;\">1<\/td>\n<td style=\"border: 1px solid #000000;\">Resolution up to 1080p@60Hz<\/td>\n<\/tr>\n<tr>\n<td style=\"text-align: center; border: 1px solid #000000;\" colspan=\"3\"><strong>Output<\/strong><\/td>\n<\/tr>\n<tr>\n<td style=\"border: 1px solid #000000;\">SDI LOOP<\/td>\n<td style=\"border: 1px solid #000000;\">1<\/td>\n<td style=\"border: 1px solid #000000;\">Loop output<\/td>\n<\/tr>\n<tr>\n<td style=\"border: 1px solid #000000;\">DVI LOOP<\/td>\n<td style=\"border: 1px solid #000000;\">1<\/td>\n<td style=\"border: 1px solid #000000;\">Loop output<\/td>\n<\/tr>\n<tr>\n<td style=\"border: 1px solid #000000;\">Monitor-DVIOUT<\/td>\n<td style=\"border: 1px solid #000000;\">1<\/td>\n<td style=\"border: 1px solid #000000;\">Monitoring interface<\/td>\n<\/tr>\n<tr>\n<td style=\"border: 1px solid #000000;\">Ethernet port<\/td>\n<td style=\"border: 1px solid #000000;\">4<\/td>\n<td style=\"border: 1px solid #000000;\">4-channel Gigabit Ethernet port output, only the network port 1 supports audio output. When the audio is parsed by the multi-function card, the multi-function card must be connected to the network port.<\/td>\n<\/tr>\n<tr>\n<td style=\"text-align: center; border: 1px solid #000000;\" colspan=\"3\"><strong>Overall<\/strong><\/td>\n<\/tr>\n<tr>\n<td style=\"border: 1px solid #000000;\">Power connector\u00a0<\/td>\n<td style=\"border: 1px solid #000000;\" colspan=\"2\">AC 100-240V\u201350\/60Hz<\/td>\n<\/tr>\n<tr>\n<td style=\"border: 1px solid #000000;\">Overall consumption\u00a0<\/td>\n<td style=\"border: 1px solid #000000;\" colspan=\"2\">35 W<\/td>\n<\/tr>\n<tr>\n<td style=\"border: 1px solid #000000;\">Operating temperature\u00a0<\/td>\n<td style=\"border: 1px solid #000000;\" colspan=\"2\">-20\u00b0C\u201360\u00b0C<\/td>\n<\/tr>\n<tr>\n<td style=\"border: 1px solid #000000;\">Dimensions\u00a0<\/td>\n<td style=\"border: 1px solid #000000;\" colspan=\"2\">482.5 mm \u00d7273.8 mm \u00d744.7 mm<\/td>\n<\/tr>\n<tr>\n<td style=\"border: 1px solid #000000;\">Weight\u00a0<\/td>\n<td style=\"border: 1px solid #000000;\" colspan=\"2\">2.55 kg<\/td>\n<\/tr>\n<\/tbody>\n<\/table>\n<div style=\"opacity: 0;\" id=\"qb-sougou-search\">\n<p class=\"last-btn\">\n<\/div>","protected":false},"excerpt":{"rendered":"<p>The Novastar VX400s LED Display Video Controller is a NovaStar professional LED display video controller, featuring excellent display control and powerful front-end video processing capabilities. With outstanding image&#8230;<\/p>","protected":false},"featured_media":41642,"comment_status":"closed","ping_status":"closed","template":"","meta":{"_monsterinsights_skip_tracking":false,"_monsterinsights_sitenote_active":false,"_monsterinsights_sitenote_note":"","_monsterinsights_sitenote_category":0},"product_cat":[138],"product_tag":[147,37],"class_list":{"0":"post-41647","1":"product","2":"type-product","3":"status-publish","4":"has-post-thumbnail","6":"product_cat-novastar","7":"product_tag-500-00-1000-00","8":"product_tag-novastar","10":"first","11":"instock","12":"sale","13":"shipping-taxable","14":"purchasable","15":"product-type-simple"},"yoast_head":"<!-- This site is optimized with the Yoast SEO Premium plugin v24.1 (Yoast SEO v24.1) - https:\/\/yoast.com\/wordpress\/plugins\/seo\/ -->\n<title>Novastar VX400s LED Display Video Controller VX1000 VX600S<\/title>\n<meta name=\"description\" content=\"Novastar VX400s LED Display Video Controller NovaPro HD \/ VX16S \/ VX6s \/ VX4S-N \/ VX4U \/ VX4S \/ VX400 \/ VX1000 \/ VX600 \/ VX400s \/ VX2U \/ VX2S All-In-One\" \/>\n<meta name=\"robots\" content=\"noindex, follow, max-snippet:-1, max-image-preview:large, max-video-preview:-1\" \/>\n<meta property=\"og:locale\" content=\"da_DK\" \/>\n<meta property=\"og:type\" content=\"article\" \/>\n<meta property=\"og:title\" content=\"Novastar VX400s LED Display Video Controller\" \/>\n<meta property=\"og:description\" content=\"Novastar VX400s LED Display Video Controller NovaPro HD \/ VX16S \/ VX6s \/ VX4S-N \/ VX4U \/ VX4S \/ VX400 \/ VX1000 \/ VX600 \/ VX400s \/ VX2U \/ VX2S All-In-One\" \/>\n<meta property=\"og:url\" content=\"https:\/\/www.leemanleddisplay.com\/da\/product\/novastar-vx400s-led-display-video-controller\/\" \/>\n<meta property=\"og:site_name\" content=\"Leemanled\" \/>\n<meta property=\"article:modified_time\" content=\"2025-07-20T02:24:34+00:00\" \/>\n<meta property=\"og:image\" content=\"https:\/\/www.leemanleddisplay.com\/wp-content\/uploads\/1736\/00novastar-vx400s-led-display-video-controller_0.jpg\" \/>\n\t<meta property=\"og:image:width\" content=\"1000\" \/>\n\t<meta property=\"og:image:height\" content=\"655\" \/>\n\t<meta property=\"og:image:type\" content=\"image\/jpeg\" \/>\n<meta name=\"twitter:card\" content=\"summary_large_image\" \/>\n<meta name=\"twitter:label1\" content=\"Pris\" \/>\n\t<meta name=\"twitter:data1\" content=\"&#036;350.00\" \/>\n\t<meta name=\"twitter:label2\" content=\"Tilg\u00e6ngelighed\" \/>\n\t<meta name=\"twitter:data2\" content=\"P\u00e5 lager\" \/>\n<script type=\"application\/ld+json\" class=\"yoast-schema-graph\">{\"@context\":\"https:\/\/schema.org\",\"@graph\":[{\"@type\":\"WebPage\",\"@id\":\"https:\/\/www.leemanleddisplay.com\/product\/novastar-vx400s-led-display-video-controller\/\",\"url\":\"https:\/\/www.leemanleddisplay.com\/product\/novastar-vx400s-led-display-video-controller\/\",\"name\":\"Novastar VX400s LED Display Video Controller VX1000 VX600S\",\"isPartOf\":{\"@id\":\"https:\/\/www.leemanleddisplay.com\/#website\"},\"primaryImageOfPage\":{\"@id\":\"https:\/\/www.leemanleddisplay.com\/product\/novastar-vx400s-led-display-video-controller\/#primaryimage\"},\"image\":{\"@id\":\"https:\/\/www.leemanleddisplay.com\/product\/novastar-vx400s-led-display-video-controller\/#primaryimage\"},\"thumbnailUrl\":\"https:\/\/www.leemanleddisplay.com\/wp-content\/uploads\/1736\/00novastar-vx400s-led-display-video-controller_0.jpg\",\"datePublished\":\"2025-01-10T09:17:05+00:00\",\"dateModified\":\"2025-07-20T02:24:34+00:00\",\"description\":\"Novastar VX400s LED Display Video Controller NovaPro HD \/ VX16S \/ VX6s \/ VX4S-N \/ VX4U \/ VX4S \/ VX400 \/ VX1000 \/ VX600 \/ VX400s \/ VX2U \/ VX2S All-In-One\",\"breadcrumb\":{\"@id\":\"https:\/\/www.leemanleddisplay.com\/product\/novastar-vx400s-led-display-video-controller\/#breadcrumb\"},\"inLanguage\":\"da-DK\",\"potentialAction\":[{\"@type\":\"ReadAction\",\"target\":[\"https:\/\/www.leemanleddisplay.com\/product\/novastar-vx400s-led-display-video-controller\/\"]}]},{\"@type\":\"ImageObject\",\"inLanguage\":\"da-DK\",\"@id\":\"https:\/\/www.leemanleddisplay.com\/product\/novastar-vx400s-led-display-video-controller\/#primaryimage\",\"url\":\"https:\/\/www.leemanleddisplay.com\/wp-content\/uploads\/1736\/00novastar-vx400s-led-display-video-controller_0.jpg\",\"contentUrl\":\"https:\/\/www.leemanleddisplay.com\/wp-content\/uploads\/1736\/00novastar-vx400s-led-display-video-controller_0.jpg\",\"width\":1000,\"height\":655},{\"@type\":\"BreadcrumbList\",\"@id\":\"https:\/\/www.leemanleddisplay.com\/product\/novastar-vx400s-led-display-video-controller\/#breadcrumb\",\"itemListElement\":[{\"@type\":\"ListItem\",\"position\":1,\"name\":\"Home\",\"item\":\"https:\/\/www.leemanleddisplay.com\/\"},{\"@type\":\"ListItem\",\"position\":2,\"name\":\"Shop\",\"item\":\"https:\/\/www.leemanleddisplay.com\/shop\/\"},{\"@type\":\"ListItem\",\"position\":3,\"name\":\"Novastar VX400s LED Display Video Controller\"}]},{\"@type\":\"WebSite\",\"@id\":\"https:\/\/www.leemanleddisplay.com\/#website\",\"url\":\"https:\/\/www.leemanleddisplay.com\/\",\"name\":\"Leemanled\",\"description\":\"\",\"publisher\":{\"@id\":\"https:\/\/www.leemanleddisplay.com\/#organization\"},\"potentialAction\":[{\"@type\":\"SearchAction\",\"target\":{\"@type\":\"EntryPoint\",\"urlTemplate\":\"https:\/\/www.leemanleddisplay.com\/?s={search_term_string}\"},\"query-input\":{\"@type\":\"PropertyValueSpecification\",\"valueRequired\":true,\"valueName\":\"search_term_string\"}}],\"inLanguage\":\"da-DK\"},{\"@type\":\"Organization\",\"@id\":\"https:\/\/www.leemanleddisplay.com\/#organization\",\"name\":\"Leemanled\",\"url\":\"https:\/\/www.leemanleddisplay.com\/\",\"logo\":{\"@type\":\"ImageObject\",\"inLanguage\":\"da-DK\",\"@id\":\"https:\/\/www.leemanleddisplay.com\/#\/schema\/logo\/image\/\",\"url\":\"https:\/\/www.leemanleddisplay.com\/wp-content\/uploads\/2024\/11\/cropped-0-removebg-preview-1.png\",\"contentUrl\":\"https:\/\/www.leemanleddisplay.com\/wp-content\/uploads\/2024\/11\/cropped-0-removebg-preview-1.png\",\"width\":200,\"height\":50,\"caption\":\"Leemanled\"},\"image\":{\"@id\":\"https:\/\/www.leemanleddisplay.com\/#\/schema\/logo\/image\/\"}}]}<\/script>\n<meta property=\"product:price:amount\" content=\"350.00\" \/>\n<meta property=\"product:price:currency\" content=\"USD\" \/>\n<meta property=\"og:availability\" content=\"instock\" \/>\n<meta property=\"product:availability\" content=\"instock\" \/>\n<meta property=\"product:retailer_item_id\" content=\"7323269005503\" \/>\n<meta property=\"product:condition\" content=\"new\" \/>\n<!-- \/ Yoast SEO Premium plugin. -->","yoast_head_json":{"title":"Novastar VX400s LED Display Video Controller VX1000 VX600S","description":"Novastar VX400s LED Display Video Controller NovaPro HD \/ VX16S \/ VX6s \/ VX4S-N \/ VX4U \/ VX4S \/ VX400 \/ VX1000 \/ VX600 \/ VX400s \/ VX2U \/ VX2S All-In-One","robots":{"index":"noindex","follow":"follow","max-snippet":"max-snippet:-1","max-image-preview":"max-image-preview:large","max-video-preview":"max-video-preview:-1"},"og_locale":"da_DK","og_type":"article","og_title":"Novastar VX400s LED Display Video Controller","og_description":"Novastar VX400s LED Display Video Controller NovaPro HD \/ VX16S \/ VX6s \/ VX4S-N \/ VX4U \/ VX4S \/ VX400 \/ VX1000 \/ VX600 \/ VX400s \/ VX2U \/ VX2S All-In-One","og_url":"https:\/\/www.leemanleddisplay.com\/da\/product\/novastar-vx400s-led-display-video-controller\/","og_site_name":"Leemanled","article_modified_time":"2025-07-20T02:24:34+00:00","og_image":[{"width":1000,"height":655,"url":"https:\/\/www.leemanleddisplay.com\/wp-content\/uploads\/1736\/00novastar-vx400s-led-display-video-controller_0.jpg","type":"image\/jpeg"}],"twitter_card":"summary_large_image","twitter_misc":{"Pris":"&#36;350.00","Tilg\u00e6ngelighed":"P\u00e5 lager"},"schema":{"@context":"https:\/\/schema.org","@graph":[{"@type":"WebPage","@id":"https:\/\/www.leemanleddisplay.com\/product\/novastar-vx400s-led-display-video-controller\/","url":"https:\/\/www.leemanleddisplay.com\/product\/novastar-vx400s-led-display-video-controller\/","name":"Novastar VX400s LED Display Video Controller VX1000 VX600S","isPartOf":{"@id":"https:\/\/www.leemanleddisplay.com\/#website"},"primaryImageOfPage":{"@id":"https:\/\/www.leemanleddisplay.com\/product\/novastar-vx400s-led-display-video-controller\/#primaryimage"},"image":{"@id":"https:\/\/www.leemanleddisplay.com\/product\/novastar-vx400s-led-display-video-controller\/#primaryimage"},"thumbnailUrl":"https:\/\/www.leemanleddisplay.com\/wp-content\/uploads\/1736\/00novastar-vx400s-led-display-video-controller_0.jpg","datePublished":"2025-01-10T09:17:05+00:00","dateModified":"2025-07-20T02:24:34+00:00","description":"Novastar VX400s LED Display Video Controller NovaPro HD \/ VX16S \/ VX6s \/ VX4S-N \/ VX4U \/ VX4S \/ VX400 \/ VX1000 \/ VX600 \/ VX400s \/ VX2U \/ VX2S All-In-One","breadcrumb":{"@id":"https:\/\/www.leemanleddisplay.com\/product\/novastar-vx400s-led-display-video-controller\/#breadcrumb"},"inLanguage":"da-DK","potentialAction":[{"@type":"ReadAction","target":["https:\/\/www.leemanleddisplay.com\/product\/novastar-vx400s-led-display-video-controller\/"]}]},{"@type":"ImageObject","inLanguage":"da-DK","@id":"https:\/\/www.leemanleddisplay.com\/product\/novastar-vx400s-led-display-video-controller\/#primaryimage","url":"https:\/\/www.leemanleddisplay.com\/wp-content\/uploads\/1736\/00novastar-vx400s-led-display-video-controller_0.jpg","contentUrl":"https:\/\/www.leemanleddisplay.com\/wp-content\/uploads\/1736\/00novastar-vx400s-led-display-video-controller_0.jpg","width":1000,"height":655},{"@type":"BreadcrumbList","@id":"https:\/\/www.leemanleddisplay.com\/product\/novastar-vx400s-led-display-video-controller\/#breadcrumb","itemListElement":[{"@type":"ListItem","position":1,"name":"Home","item":"https:\/\/www.leemanleddisplay.com\/"},{"@type":"ListItem","position":2,"name":"Shop","item":"https:\/\/www.leemanleddisplay.com\/shop\/"},{"@type":"ListItem","position":3,"name":"Novastar VX400s LED Display Video Controller"}]},{"@type":"WebSite","@id":"https:\/\/www.leemanleddisplay.com\/#website","url":"https:\/\/www.leemanleddisplay.com\/","name":"Leemanled","description":"","publisher":{"@id":"https:\/\/www.leemanleddisplay.com\/#organization"},"potentialAction":[{"@type":"SearchAction","target":{"@type":"EntryPoint","urlTemplate":"https:\/\/www.leemanleddisplay.com\/?s={search_term_string}"},"query-input":{"@type":"PropertyValueSpecification","valueRequired":true,"valueName":"search_term_string"}}],"inLanguage":"da-DK"},{"@type":"Organization","@id":"https:\/\/www.leemanleddisplay.com\/#organization","name":"Leemanled","url":"https:\/\/www.leemanleddisplay.com\/","logo":{"@type":"ImageObject","inLanguage":"da-DK","@id":"https:\/\/www.leemanleddisplay.com\/#\/schema\/logo\/image\/","url":"https:\/\/www.leemanleddisplay.com\/wp-content\/uploads\/2024\/11\/cropped-0-removebg-preview-1.png","contentUrl":"https:\/\/www.leemanleddisplay.com\/wp-content\/uploads\/2024\/11\/cropped-0-removebg-preview-1.png","width":200,"height":50,"caption":"Leemanled"},"image":{"@id":"https:\/\/www.leemanleddisplay.com\/#\/schema\/logo\/image\/"}}]},"product_price_amount":"350.00","product_price_currency":"USD","og_availability":"instock","product_availability":"instock","product_retailer_item_id":"7323269005503","product_condition":"new"},"_links":{"self":[{"href":"https:\/\/www.leemanleddisplay.com\/da\/wp-json\/wp\/v2\/product\/41647","targetHints":{"allow":["GET"]}}],"collection":[{"href":"https:\/\/www.leemanleddisplay.com\/da\/wp-json\/wp\/v2\/product"}],"about":[{"href":"https:\/\/www.leemanleddisplay.com\/da\/wp-json\/wp\/v2\/types\/product"}],"replies":[{"embeddable":true,"href":"https:\/\/www.leemanleddisplay.com\/da\/wp-json\/wp\/v2\/comments?post=41647"}],"wp:featuredmedia":[{"embeddable":true,"href":"https:\/\/www.leemanleddisplay.com\/da\/wp-json\/wp\/v2\/media\/41642"}],"wp:attachment":[{"href":"https:\/\/www.leemanleddisplay.com\/da\/wp-json\/wp\/v2\/media?parent=41647"}],"wp:term":[{"taxonomy":"product_cat","embeddable":true,"href":"https:\/\/www.leemanleddisplay.com\/da\/wp-json\/wp\/v2\/product_cat?post=41647"},{"taxonomy":"product_tag","embeddable":true,"href":"https:\/\/www.leemanleddisplay.com\/da\/wp-json\/wp\/v2\/product_tag?post=41647"}],"curies":[{"name":"wp","href":"https:\/\/api.w.org\/{rel}","templated":true}]}}