{"id":44689,"date":"2025-01-10T12:35:31","date_gmt":"2025-01-10T12:35:31","guid":{"rendered":"https:\/\/www.leemanleddisplay.com\/product\/novastar-n9-led-wall-video-switcher-hdmi\/"},"modified":"2025-07-20T01:57:43","modified_gmt":"2025-07-20T01:57:43","slug":"novastar-n9-led-wall-video-switcher-hdmi","status":"publish","type":"product","link":"https:\/\/www.leemanleddisplay.com\/de\/product\/novastar-n9-led-wall-video-switcher-hdmi\/","title":{"rendered":"Novastar N9 LED Wall Video Switcher HDMI"},"content":{"rendered":"<p data-mce-fragment=\"1\"><strong data-mce-fragment=\"1\">Novastar N9 LED Wall Video Switcher HDMI Overview:<\/strong><\/p>\n<p data-mce-fragment=\"1\">The N9 is a high-performance multi-screen video switcher independently developed by NovaStar. Using high-performance video processing technologies, it is capable of processing and outputting ultra-high quality images. The N9 also provides powerful video signal receiving capability. It can support 9 inputs and 4 DVI outputs at the same time. A single N9 can load up to an 8K screen, and multiple N9 units can be cascaded for output.<\/p>\n<div data-mce-fragment=\"1\">The N9 can work with NovaStar&#8217;s desktop console C1 and make the operation of N9 on stage more convenient. It is also equipped with brand-new smart management software V-Can from NovaStar to provide richer image mosaic effects.<\/p>\n<div data-mce-fragment=\"1\"><\/div>\n<div data-mce-fragment=\"1\">Thanks to the powerful capabilities of receiving and processing a variety of video signals, the N9 can be widely used in various scenarios, such as intermediate and high-end rental, stage control, media centers, big conference sites, exhibition sites and concert control centers.<\/div>\n<div data-mce-fragment=\"1\"><\/div>\n<div data-mce-fragment=\"1\">\u00a0<\/div>\n<p><br data-mce-fragment=\"1\" \/><\/p>\n<p data-mce-fragment=\"1\"><strong data-mce-fragment=\"1\">Novastar N9 LED Wall Video Switcher HDMI Feature:<\/strong><\/p>\n<div data-mce-fragment=\"1\">1.\u00a0Up to 9 inputs, including 1 \u00d7 dual-link DP 1.1 (can be replaced by HDMI 1.4, DP 1.1 or dual-link DVI), 2 \u00d7 HDMI 1.3 (can be replaced by DVI\/VGA\/CVBS), 4 \u00d7 DVI,1 \u00d7 DP 1.2 and 1 \u00d7 3G-SDI.<br data-mce-fragment=\"1\" \/>2.\u00a0Up to 7 layers supported at the same time. Max. resolution of each layer:3840\u00d72160, 7680\u00d71080 or 1920\u00d74320.<br data-mce-fragment=\"1\" \/>3.\u00a0Customized BKG settings You can load an image file from the control computer or capture an input source image displayed on the screen as the BKG image.<br data-mce-fragment=\"1\" \/>4.\u00a0Shaped layer, layer mask and color keying supported<br data-mce-fragment=\"1\" \/>5.\u00a0Layer cloning and Z-order layer sorting supported<br data-mce-fragment=\"1\" \/>6.\u00a0Input source image cropping supported<br data-mce-fragment=\"1\" \/>7.\u00a0Quick mosaic and custom mosaic<br data-mce-fragment=\"1\" \/>8.\u00a0EDID management supported Supports custom EDID and standard EDID.<br data-mce-fragment=\"1\" \/>9.\u00a04 \u00d7 DVI mosaic output, 4 \u00d7 DVI backup output, 1 \u00d7 HDMI preview output, and 2\u00d7 Aux output<br data-mce-fragment=\"1\" \/>10.\u00a0Output resolution settable. The mosaic width of 4 outputs can be up to 15360&#215;600.<br data-mce-fragment=\"1\" \/>11.\u00a04 \u00d7 single-link mosaic output, or 2 \u00d7 dual-link mosaic output<br data-mce-fragment=\"1\" \/>12.\u00a0Input, PVW, PGM and prompter monitoring supported by MVR connector<br data-mce-fragment=\"1\" \/>13.\u00a0Layer position and size adjustable Layers can be added with borders of custom widths and colors.<br data-mce-fragment=\"1\" \/>14.\u00a032 presets A total of 32 user presets can be created and saved as templates which can be used directly and conveniently.<br data-mce-fragment=\"1\" \/>15.\u00a0Intuitive color LCD screen and clear button indicator prompt on the front panel, simplifying system control and operation.<br data-mce-fragment=\"1\" \/>16.\u00a0Genlock synchronization and synchronization with any input source supported, achieving output vertical synchronization.<\/div>\n<div data-mce-fragment=\"1\"><\/div>\n<div data-mce-fragment=\"1\"><br data-mce-fragment=\"1\" \/><br data-mce-fragment=\"1\" \/><\/p>\n<p data-mce-fragment=\"1\"><strong data-mce-fragment=\"1\">Novastar N9 LED Wall Video Switcher HDMI Parameter:<\/strong><\/p>\n<table cellspacing=\"0\" cellpadding=\"0\" border=\"1\" data-mce-fragment=\"1\">\n<colgroup data-mce-fragment=\"1\">\n<col width=\"72\" span=\"2\" data-mce-fragment=\"1\" \/><\/colgroup>\n<tbody data-mce-fragment=\"1\">\n<tr data-mce-fragment=\"1\">\n<td colspan=\"2\" data-mce-fragment=\"1\"><strong data-mce-fragment=\"1\">Input<\/strong><\/td>\n<\/tr>\n<tr data-mce-fragment=\"1\">\n<td rowspan=\"3\" data-mce-fragment=\"1\">INPUT-1<\/td>\n<td data-mce-fragment=\"1\">Dual-link DP 1.1 input, 3840\u00d71080@60Hz<span data-mce-fragment=\"1\">\u00a0<\/span>and downward compatible<\/td>\n<\/tr>\n<tr data-mce-fragment=\"1\">\n<td data-mce-fragment=\"1\">This connector can be replaced by an HDMI 1.4, DP 1.1 or dual link<\/td>\n<\/tr>\n<tr data-mce-fragment=\"1\">\n<td data-mce-fragment=\"1\">DVI connector based on user requirement.<\/td>\n<\/tr>\n<tr data-mce-fragment=\"1\">\n<td rowspan=\"3\" data-mce-fragment=\"1\">INPUT-2<\/td>\n<td data-mce-fragment=\"1\">HDMI 1.3,<span data-mce-fragment=\"1\">\u00a0<\/span>1920&#215;1080@60Hz<span data-mce-fragment=\"1\">\u00a0<\/span>and downward compatible<\/td>\n<\/tr>\n<tr data-mce-fragment=\"1\">\n<td data-mce-fragment=\"1\">This connector can be replaced by DVI, VGA or CVBS connector<\/td>\n<\/tr>\n<tr data-mce-fragment=\"1\">\n<td data-mce-fragment=\"1\">based on user requirement to accept different video sources.<\/td>\n<\/tr>\n<tr data-mce-fragment=\"1\">\n<td data-mce-fragment=\"1\">INPUT-3<\/td>\n<td data-mce-fragment=\"1\"><\/td>\n<\/tr>\n<tr data-mce-fragment=\"1\">\n<td rowspan=\"2\" data-mce-fragment=\"1\">INPUT-4<\/td>\n<td data-mce-fragment=\"1\">DVI1\u2013DVI4, VESA standard compliant,<span data-mce-fragment=\"1\">\u00a0<\/span>1920&#215;1080@60Hz<span data-mce-fragment=\"1\">\u00a0<\/span>and<\/td>\n<\/tr>\n<tr data-mce-fragment=\"1\">\n<td data-mce-fragment=\"1\">downward compatible<\/td>\n<\/tr>\n<tr data-mce-fragment=\"1\">\n<td data-mce-fragment=\"1\">INPUT-5<\/td>\n<td data-mce-fragment=\"1\"><\/td>\n<\/tr>\n<tr data-mce-fragment=\"1\">\n<td data-mce-fragment=\"1\">INPUT-6<\/td>\n<td data-mce-fragment=\"1\"><\/td>\n<\/tr>\n<tr data-mce-fragment=\"1\">\n<td data-mce-fragment=\"1\">INPUT-7<\/td>\n<td data-mce-fragment=\"1\"><\/td>\n<\/tr>\n<tr data-mce-fragment=\"1\">\n<td data-mce-fragment=\"1\">INPUT-8<\/td>\n<td data-mce-fragment=\"1\">DP 1.2,<span data-mce-fragment=\"1\">\u00a0<\/span>3840&#215;2160@60Hz<span data-mce-fragment=\"1\">\u00a0<\/span>and downward compatible<\/td>\n<\/tr>\n<tr data-mce-fragment=\"1\">\n<td data-mce-fragment=\"1\">DP1.2 LOOP<\/td>\n<td data-mce-fragment=\"1\"><\/td>\n<\/tr>\n<tr data-mce-fragment=\"1\">\n<td data-mce-fragment=\"1\">INPUT-9<\/td>\n<td data-mce-fragment=\"1\">3G-SDI,<span data-mce-fragment=\"1\">\u00a0<\/span>1920&#215;1080@60Hz<span data-mce-fragment=\"1\">\u00a0<\/span>and downward compatible<\/td>\n<\/tr>\n<tr data-mce-fragment=\"1\">\n<td data-mce-fragment=\"1\">SDI LOOP<\/td>\n<td data-mce-fragment=\"1\"><\/td>\n<\/tr>\n<tr data-mce-fragment=\"1\">\n<td data-mce-fragment=\"1\">Output<\/td>\n<td data-mce-fragment=\"1\"><\/td>\n<\/tr>\n<tr data-mce-fragment=\"1\">\n<td rowspan=\"2\" data-mce-fragment=\"1\">HDMI<\/td>\n<td data-mce-fragment=\"1\">HDMI output connector, capable of monitoring 9 input sources,<\/td>\n<\/tr>\n<tr data-mce-fragment=\"1\">\n<td data-mce-fragment=\"1\">PVW and PGM.<\/td>\n<\/tr>\n<tr data-mce-fragment=\"1\">\n<td rowspan=\"2\" data-mce-fragment=\"1\">DVI1-DL\/PGM1<\/td>\n<td data-mce-fragment=\"1\">DVI1 output<\/td>\n<\/tr>\n<tr data-mce-fragment=\"1\">\n<td data-mce-fragment=\"1\">If the output mode is set to dual link, this connector is DuallinkOut1.<\/td>\n<\/tr>\n<tr data-mce-fragment=\"1\">\n<td rowspan=\"2\" data-mce-fragment=\"1\">DVI2\/PGM2<\/td>\n<td data-mce-fragment=\"1\">DVI2 output<\/td>\n<\/tr>\n<tr data-mce-fragment=\"1\">\n<td data-mce-fragment=\"1\">If the output mode is set to dual link, this connector is invalid.<\/td>\n<\/tr>\n<tr data-mce-fragment=\"1\">\n<td rowspan=\"2\" data-mce-fragment=\"1\">DVI3-DL\/PVW1<\/td>\n<td data-mce-fragment=\"1\">DVI3 output<\/td>\n<\/tr>\n<tr data-mce-fragment=\"1\">\n<td data-mce-fragment=\"1\">If the output mode is set to dual link, this connector is DuallinkOut2.<\/td>\n<\/tr>\n<tr data-mce-fragment=\"1\">\n<td rowspan=\"2\" data-mce-fragment=\"1\">DVI4\/PVW2<\/td>\n<td data-mce-fragment=\"1\">DVI4 output<\/td>\n<\/tr>\n<tr data-mce-fragment=\"1\">\n<td data-mce-fragment=\"1\">If the output mode is set to dual link, this connector is invalid.<\/td>\n<\/tr>\n<tr data-mce-fragment=\"1\">\n<td data-mce-fragment=\"1\">HDMI1\/HDMI2<\/td>\n<td data-mce-fragment=\"1\">2 Aux output connectors<\/td>\n<\/tr>\n<\/tbody>\n<\/table>\n<\/div>\n<div data-mce-fragment=\"1\">\n<table cellspacing=\"0\" cellpadding=\"0\" border=\"1\" data-mce-fragment=\"1\">\n<colgroup data-mce-fragment=\"1\">\n<col width=\"72\" span=\"2\" data-mce-fragment=\"1\" \/><\/colgroup>\n<tbody data-mce-fragment=\"1\">\n<tr data-mce-fragment=\"1\">\n<td colspan=\"2\" data-mce-fragment=\"1\"><strong data-mce-fragment=\"1\">Control<\/strong><\/td>\n<\/tr>\n<tr data-mce-fragment=\"1\">\n<td data-mce-fragment=\"1\">ETHERNET<\/td>\n<td rowspan=\"2\" data-mce-fragment=\"1\">A control connector<\/td>\n<\/tr>\n<tr data-mce-fragment=\"1\">\n<td data-mce-fragment=\"1\">(RJ45)<\/td>\n<\/tr>\n<tr data-mce-fragment=\"1\">\n<td data-mce-fragment=\"1\">USB<\/td>\n<td rowspan=\"2\" data-mce-fragment=\"1\">For the connection with control computer<\/td>\n<\/tr>\n<tr data-mce-fragment=\"1\">\n<td data-mce-fragment=\"1\">USB (Type-B)<\/td>\n<\/tr>\n<tr data-mce-fragment=\"1\">\n<td data-mce-fragment=\"1\">USB<\/td>\n<td rowspan=\"2\" data-mce-fragment=\"1\">For cascading N9 units<\/td>\n<\/tr>\n<tr data-mce-fragment=\"1\">\n<td data-mce-fragment=\"1\">USB (Type-A)<\/td>\n<\/tr>\n<tr data-mce-fragment=\"1\">\n<td data-mce-fragment=\"1\">IN\u2013Genlock\u2013<\/td>\n<td rowspan=\"2\" data-mce-fragment=\"1\">For synchronizing cascaded devices<\/td>\n<\/tr>\n<\/tbody>\n<\/table>\n<\/div>\n<\/div>\n<p>&nbsp;<\/p>\n<p><strong>More pictures of this product\uff1a<\/strong><\/p>\n<div style=\"text-align: left;\"><\/div>\n<div style=\"text-align: left;\"><\/div>","protected":false},"excerpt":{"rendered":"<p>Novastar N9 LED Wall Video Switcher HDMI Overview: The N9 is a high-performance multi-screen video switcher independently developed by NovaStar. Using high-performance video processing technologies, it is capable&#8230;<\/p>","protected":false},"featured_media":44685,"comment_status":"closed","ping_status":"closed","template":"","meta":{"_monsterinsights_skip_tracking":false,"_monsterinsights_sitenote_active":false,"_monsterinsights_sitenote_note":"","_monsterinsights_sitenote_category":0},"product_cat":[138],"product_tag":[146,37],"class_list":{"0":"post-44689","1":"product","2":"type-product","3":"status-publish","4":"has-post-thumbnail","6":"product_cat-novastar","7":"product_tag-above-5000-00","8":"product_tag-novastar","10":"first","11":"instock","12":"sale","13":"shipping-taxable","14":"purchasable","15":"product-type-simple"},"yoast_head":"<!-- This site is optimized with the Yoast SEO Premium plugin v24.1 (Yoast SEO v24.1) - https:\/\/yoast.com\/wordpress\/plugins\/seo\/ -->\n<title>Novastar N9 LED Wall Video Switcher HDMI H15 \/ H9 \/ H5 \/ H2<\/title>\n<meta name=\"description\" content=\"Novastar N9 LED Wall Video Switcher HDMI NovaStar HDR Master 4K Video Processor VS0 \/ VS1 \/ VS2 \/ VS3 \/ VS5 \/ VS7 Multi-picture Splicer H15 \/ H9 \/ H5 \/ H2\" \/>\n<meta name=\"robots\" content=\"noindex, follow, max-snippet:-1, max-image-preview:large, max-video-preview:-1\" \/>\n<meta property=\"og:locale\" content=\"de_DE\" \/>\n<meta property=\"og:type\" content=\"article\" \/>\n<meta property=\"og:title\" content=\"Novastar N9 LED Wall Video Switcher HDMI\" \/>\n<meta property=\"og:description\" content=\"Novastar N9 LED Wall Video Switcher HDMI NovaStar HDR Master 4K Video Processor VS0 \/ VS1 \/ VS2 \/ VS3 \/ VS5 \/ VS7 Multi-picture Splicer H15 \/ H9 \/ H5 \/ H2\" \/>\n<meta property=\"og:url\" content=\"https:\/\/www.leemanleddisplay.com\/de\/product\/novastar-n9-led-wall-video-switcher-hdmi\/\" \/>\n<meta property=\"og:site_name\" content=\"Leemanled\" \/>\n<meta property=\"article:modified_time\" content=\"2025-07-20T01:57:43+00:00\" \/>\n<meta property=\"og:image\" content=\"https:\/\/www.leemanleddisplay.com\/wp-content\/uploads\/1736\/12novastar-n9-led-wall-video-switcher-hdmi_0.jpg\" \/>\n\t<meta property=\"og:image:width\" content=\"1000\" \/>\n\t<meta property=\"og:image:height\" content=\"655\" \/>\n\t<meta property=\"og:image:type\" content=\"image\/jpeg\" \/>\n<meta name=\"twitter:card\" content=\"summary_large_image\" \/>\n<meta name=\"twitter:label1\" content=\"Preis\" \/>\n\t<meta name=\"twitter:data1\" content=\"&#036;2,535.00\" \/>\n\t<meta name=\"twitter:label2\" content=\"Verf\u00fcgbarkeit\" \/>\n\t<meta name=\"twitter:data2\" content=\"Auf Lager\" \/>\n<script type=\"application\/ld+json\" class=\"yoast-schema-graph\">{\"@context\":\"https:\/\/schema.org\",\"@graph\":[{\"@type\":\"WebPage\",\"@id\":\"https:\/\/www.leemanleddisplay.com\/product\/novastar-n9-led-wall-video-switcher-hdmi\/\",\"url\":\"https:\/\/www.leemanleddisplay.com\/product\/novastar-n9-led-wall-video-switcher-hdmi\/\",\"name\":\"Novastar N9 LED Wall Video Switcher HDMI H15 \/ H9 \/ H5 \/ H2\",\"isPartOf\":{\"@id\":\"https:\/\/www.leemanleddisplay.com\/#website\"},\"primaryImageOfPage\":{\"@id\":\"https:\/\/www.leemanleddisplay.com\/product\/novastar-n9-led-wall-video-switcher-hdmi\/#primaryimage\"},\"image\":{\"@id\":\"https:\/\/www.leemanleddisplay.com\/product\/novastar-n9-led-wall-video-switcher-hdmi\/#primaryimage\"},\"thumbnailUrl\":\"https:\/\/www.leemanleddisplay.com\/wp-content\/uploads\/1736\/12novastar-n9-led-wall-video-switcher-hdmi_0.jpg\",\"datePublished\":\"2025-01-10T12:35:31+00:00\",\"dateModified\":\"2025-07-20T01:57:43+00:00\",\"description\":\"Novastar N9 LED Wall Video Switcher HDMI NovaStar HDR Master 4K Video Processor VS0 \/ VS1 \/ VS2 \/ VS3 \/ VS5 \/ VS7 Multi-picture Splicer H15 \/ H9 \/ H5 \/ H2\",\"breadcrumb\":{\"@id\":\"https:\/\/www.leemanleddisplay.com\/product\/novastar-n9-led-wall-video-switcher-hdmi\/#breadcrumb\"},\"inLanguage\":\"de\",\"potentialAction\":[{\"@type\":\"ReadAction\",\"target\":[\"https:\/\/www.leemanleddisplay.com\/product\/novastar-n9-led-wall-video-switcher-hdmi\/\"]}]},{\"@type\":\"ImageObject\",\"inLanguage\":\"de\",\"@id\":\"https:\/\/www.leemanleddisplay.com\/product\/novastar-n9-led-wall-video-switcher-hdmi\/#primaryimage\",\"url\":\"https:\/\/www.leemanleddisplay.com\/wp-content\/uploads\/1736\/12novastar-n9-led-wall-video-switcher-hdmi_0.jpg\",\"contentUrl\":\"https:\/\/www.leemanleddisplay.com\/wp-content\/uploads\/1736\/12novastar-n9-led-wall-video-switcher-hdmi_0.jpg\",\"width\":1000,\"height\":655},{\"@type\":\"BreadcrumbList\",\"@id\":\"https:\/\/www.leemanleddisplay.com\/product\/novastar-n9-led-wall-video-switcher-hdmi\/#breadcrumb\",\"itemListElement\":[{\"@type\":\"ListItem\",\"position\":1,\"name\":\"Home\",\"item\":\"https:\/\/www.leemanleddisplay.com\/\"},{\"@type\":\"ListItem\",\"position\":2,\"name\":\"Shop\",\"item\":\"https:\/\/www.leemanleddisplay.com\/shop\/\"},{\"@type\":\"ListItem\",\"position\":3,\"name\":\"Novastar N9 LED Wall Video Switcher HDMI\"}]},{\"@type\":\"WebSite\",\"@id\":\"https:\/\/www.leemanleddisplay.com\/#website\",\"url\":\"https:\/\/www.leemanleddisplay.com\/\",\"name\":\"Leemanled\",\"description\":\"\",\"publisher\":{\"@id\":\"https:\/\/www.leemanleddisplay.com\/#organization\"},\"potentialAction\":[{\"@type\":\"SearchAction\",\"target\":{\"@type\":\"EntryPoint\",\"urlTemplate\":\"https:\/\/www.leemanleddisplay.com\/?s={search_term_string}\"},\"query-input\":{\"@type\":\"PropertyValueSpecification\",\"valueRequired\":true,\"valueName\":\"search_term_string\"}}],\"inLanguage\":\"de\"},{\"@type\":\"Organization\",\"@id\":\"https:\/\/www.leemanleddisplay.com\/#organization\",\"name\":\"Leemanled\",\"url\":\"https:\/\/www.leemanleddisplay.com\/\",\"logo\":{\"@type\":\"ImageObject\",\"inLanguage\":\"de\",\"@id\":\"https:\/\/www.leemanleddisplay.com\/#\/schema\/logo\/image\/\",\"url\":\"https:\/\/www.leemanleddisplay.com\/wp-content\/uploads\/2024\/11\/cropped-0-removebg-preview-1.png\",\"contentUrl\":\"https:\/\/www.leemanleddisplay.com\/wp-content\/uploads\/2024\/11\/cropped-0-removebg-preview-1.png\",\"width\":200,\"height\":50,\"caption\":\"Leemanled\"},\"image\":{\"@id\":\"https:\/\/www.leemanleddisplay.com\/#\/schema\/logo\/image\/\"}}]}<\/script>\n<meta property=\"product:price:amount\" content=\"2535.00\" \/>\n<meta property=\"product:price:currency\" content=\"USD\" \/>\n<meta property=\"og:availability\" content=\"instock\" \/>\n<meta property=\"product:availability\" content=\"instock\" \/>\n<meta property=\"product:retailer_item_id\" content=\"6790868074687\" \/>\n<meta property=\"product:condition\" content=\"new\" \/>\n<!-- \/ Yoast SEO Premium plugin. -->","yoast_head_json":{"title":"Novastar N9 LED Wall Video Switcher HDMI H15 \/ H9 \/ H5 \/ H2","description":"Novastar N9 LED Wall Video Switcher HDMI NovaStar HDR Master 4K Video Processor VS0 \/ VS1 \/ VS2 \/ VS3 \/ VS5 \/ VS7 Multi-picture Splicer H15 \/ H9 \/ H5 \/ H2","robots":{"index":"noindex","follow":"follow","max-snippet":"max-snippet:-1","max-image-preview":"max-image-preview:large","max-video-preview":"max-video-preview:-1"},"og_locale":"de_DE","og_type":"article","og_title":"Novastar N9 LED Wall Video Switcher HDMI","og_description":"Novastar N9 LED Wall Video Switcher HDMI NovaStar HDR Master 4K Video Processor VS0 \/ VS1 \/ VS2 \/ VS3 \/ VS5 \/ VS7 Multi-picture Splicer H15 \/ H9 \/ H5 \/ H2","og_url":"https:\/\/www.leemanleddisplay.com\/de\/product\/novastar-n9-led-wall-video-switcher-hdmi\/","og_site_name":"Leemanled","article_modified_time":"2025-07-20T01:57:43+00:00","og_image":[{"width":1000,"height":655,"url":"https:\/\/www.leemanleddisplay.com\/wp-content\/uploads\/1736\/12novastar-n9-led-wall-video-switcher-hdmi_0.jpg","type":"image\/jpeg"}],"twitter_card":"summary_large_image","twitter_misc":{"Preis":"&#36;2,535.00","Verf\u00fcgbarkeit":"Auf Lager"},"schema":{"@context":"https:\/\/schema.org","@graph":[{"@type":"WebPage","@id":"https:\/\/www.leemanleddisplay.com\/product\/novastar-n9-led-wall-video-switcher-hdmi\/","url":"https:\/\/www.leemanleddisplay.com\/product\/novastar-n9-led-wall-video-switcher-hdmi\/","name":"Novastar N9 LED Wall Video Switcher HDMI H15 \/ H9 \/ H5 \/ H2","isPartOf":{"@id":"https:\/\/www.leemanleddisplay.com\/#website"},"primaryImageOfPage":{"@id":"https:\/\/www.leemanleddisplay.com\/product\/novastar-n9-led-wall-video-switcher-hdmi\/#primaryimage"},"image":{"@id":"https:\/\/www.leemanleddisplay.com\/product\/novastar-n9-led-wall-video-switcher-hdmi\/#primaryimage"},"thumbnailUrl":"https:\/\/www.leemanleddisplay.com\/wp-content\/uploads\/1736\/12novastar-n9-led-wall-video-switcher-hdmi_0.jpg","datePublished":"2025-01-10T12:35:31+00:00","dateModified":"2025-07-20T01:57:43+00:00","description":"Novastar N9 LED Wall Video Switcher HDMI NovaStar HDR Master 4K Video Processor VS0 \/ VS1 \/ VS2 \/ VS3 \/ VS5 \/ VS7 Multi-picture Splicer H15 \/ H9 \/ H5 \/ H2","breadcrumb":{"@id":"https:\/\/www.leemanleddisplay.com\/product\/novastar-n9-led-wall-video-switcher-hdmi\/#breadcrumb"},"inLanguage":"de","potentialAction":[{"@type":"ReadAction","target":["https:\/\/www.leemanleddisplay.com\/product\/novastar-n9-led-wall-video-switcher-hdmi\/"]}]},{"@type":"ImageObject","inLanguage":"de","@id":"https:\/\/www.leemanleddisplay.com\/product\/novastar-n9-led-wall-video-switcher-hdmi\/#primaryimage","url":"https:\/\/www.leemanleddisplay.com\/wp-content\/uploads\/1736\/12novastar-n9-led-wall-video-switcher-hdmi_0.jpg","contentUrl":"https:\/\/www.leemanleddisplay.com\/wp-content\/uploads\/1736\/12novastar-n9-led-wall-video-switcher-hdmi_0.jpg","width":1000,"height":655},{"@type":"BreadcrumbList","@id":"https:\/\/www.leemanleddisplay.com\/product\/novastar-n9-led-wall-video-switcher-hdmi\/#breadcrumb","itemListElement":[{"@type":"ListItem","position":1,"name":"Home","item":"https:\/\/www.leemanleddisplay.com\/"},{"@type":"ListItem","position":2,"name":"Shop","item":"https:\/\/www.leemanleddisplay.com\/shop\/"},{"@type":"ListItem","position":3,"name":"Novastar N9 LED Wall Video Switcher HDMI"}]},{"@type":"WebSite","@id":"https:\/\/www.leemanleddisplay.com\/#website","url":"https:\/\/www.leemanleddisplay.com\/","name":"Leemanled","description":"","publisher":{"@id":"https:\/\/www.leemanleddisplay.com\/#organization"},"potentialAction":[{"@type":"SearchAction","target":{"@type":"EntryPoint","urlTemplate":"https:\/\/www.leemanleddisplay.com\/?s={search_term_string}"},"query-input":{"@type":"PropertyValueSpecification","valueRequired":true,"valueName":"search_term_string"}}],"inLanguage":"de"},{"@type":"Organization","@id":"https:\/\/www.leemanleddisplay.com\/#organization","name":"Leemanled","url":"https:\/\/www.leemanleddisplay.com\/","logo":{"@type":"ImageObject","inLanguage":"de","@id":"https:\/\/www.leemanleddisplay.com\/#\/schema\/logo\/image\/","url":"https:\/\/www.leemanleddisplay.com\/wp-content\/uploads\/2024\/11\/cropped-0-removebg-preview-1.png","contentUrl":"https:\/\/www.leemanleddisplay.com\/wp-content\/uploads\/2024\/11\/cropped-0-removebg-preview-1.png","width":200,"height":50,"caption":"Leemanled"},"image":{"@id":"https:\/\/www.leemanleddisplay.com\/#\/schema\/logo\/image\/"}}]},"product_price_amount":"2535.00","product_price_currency":"USD","og_availability":"instock","product_availability":"instock","product_retailer_item_id":"6790868074687","product_condition":"new"},"_links":{"self":[{"href":"https:\/\/www.leemanleddisplay.com\/de\/wp-json\/wp\/v2\/product\/44689","targetHints":{"allow":["GET"]}}],"collection":[{"href":"https:\/\/www.leemanleddisplay.com\/de\/wp-json\/wp\/v2\/product"}],"about":[{"href":"https:\/\/www.leemanleddisplay.com\/de\/wp-json\/wp\/v2\/types\/product"}],"replies":[{"embeddable":true,"href":"https:\/\/www.leemanleddisplay.com\/de\/wp-json\/wp\/v2\/comments?post=44689"}],"wp:featuredmedia":[{"embeddable":true,"href":"https:\/\/www.leemanleddisplay.com\/de\/wp-json\/wp\/v2\/media\/44685"}],"wp:attachment":[{"href":"https:\/\/www.leemanleddisplay.com\/de\/wp-json\/wp\/v2\/media?parent=44689"}],"wp:term":[{"taxonomy":"product_cat","embeddable":true,"href":"https:\/\/www.leemanleddisplay.com\/de\/wp-json\/wp\/v2\/product_cat?post=44689"},{"taxonomy":"product_tag","embeddable":true,"href":"https:\/\/www.leemanleddisplay.com\/de\/wp-json\/wp\/v2\/product_tag?post=44689"}],"curies":[{"name":"wp","href":"https:\/\/api.w.org\/{rel}","templated":true}]}}