{"id":43881,"date":"2025-01-10T11:58:27","date_gmt":"2025-01-10T11:58:27","guid":{"rendered":"https:\/\/www.leemanleddisplay.com\/product\/colorlight-x7-professional-large-led-screen-controller\/"},"modified":"2025-01-13T12:54:59","modified_gmt":"2025-01-13T12:54:59","slug":"colorlight-x7-professional-large-led-screen-controller","status":"publish","type":"product","link":"https:\/\/www.leemanleddisplay.com\/fr_fr\/product\/colorlight-x7-professional-large-led-screen-controller\/","title":{"rendered":"Colorlight X7 Professional Large LED Screen Controller"},"content":{"rendered":"<p data-mce-fragment=\"1\"><strong data-mce-fragment=\"1\">Colorlight X7 Professional Large LED Screen Controller Overview:<\/strong><\/p>\n<p data-mce-fragment=\"1\">Colorlight X7 Professional Large LED Screen Controller is a professional control system and video processing equipment specially designed for LED engineering applications. It equips various video signal interfaces, supports high-definition digital ports (SDI, HDMI, DVI), and seamless switching between signals can be achieved. It supports broadcast quality scaling and multi-pictures display.<\/p>\n<p><br data-mce-fragment=\"1\" \/><br data-mce-fragment=\"1\" \/><\/p>\n<p data-mce-fragment=\"1\"><b data-mce-fragment=\"1\">Colorlight X7 Professional Large LED Screen Controller Features:<\/b><\/p>\n<p data-mce-fragment=\"1\">\u2022Supports various digital signal ports, including 1\u00d7SDI, 1\u00d7HDMI, 2\u00d7DVI<\/p>\n<p data-mce-fragment=\"1\">\u2022Supports input resolution up to 1920\u00d71200@60Hz<\/p>\n<p data-mce-fragment=\"1\">\u2022Loading capacity:\u00a05.2 million pixels, Maximum width: 8192 pixels, Maximum height: 4096 pixels<\/p>\n<p data-mce-fragment=\"1\">\u2022Supports arbitrary switching of video sources<\/p>\n<p data-mce-fragment=\"1\">\u2022Supports\u00a0three-picture display, the location and size can be adjusted freely\u00a0<\/p>\n<p data-mce-fragment=\"1\">\u2022Supports 16 kinds of preset modes, the saved preset parameters can be loaded at any time according to needs<\/p>\n<p data-mce-fragment=\"1\">\u2022Supports HDCP1.4<\/p>\n<p data-mce-fragment=\"1\">\u2022Dual USB2.0 for high speed configuration and easy cascading among controllers<\/p>\n<p data-mce-fragment=\"1\">\u2022Supports\u00a0adjustment of brightness, chromaticity, contrast ratio, tone, and saturation<\/p>\n<p data-mce-fragment=\"1\">\u2022Supports improved gray-scale performance at low brightness<\/p>\n<p data-mce-fragment=\"1\">\u2022Compatible with all receiving cards, multifunction cards, and optical fiber converters of Colorlight<\/p>\n<p><br data-mce-fragment=\"1\" \/><br data-mce-fragment=\"1\" \/><\/p>\n<p data-mce-fragment=\"1\"><b data-mce-fragment=\"1\">Colorlight X7 Professional Large LED Screen Controller Parameter:<\/b><\/p>\n<table cellpadding=\"0\" cellspacing=\"0\" class=\"protable\" data-mce-fragment=\"1\">\n<tbody data-mce-fragment=\"1\">\n<tr class=\"firstRow\" data-mce-fragment=\"1\">\n<td colspan=\"2\" data-mce-fragment=\"1\"><strong data-mce-fragment=\"1\">Input Interface<\/strong><\/td>\n<\/tr>\n<tr data-mce-fragment=\"1\">\n<td data-mce-fragment=\"1\">DVI<\/td>\n<td data-mce-fragment=\"1\">\n<p data-mce-fragment=\"1\">2 DVI inputs<\/p>\n<p>VESA Standard (supports 1920\u00d71200@60H), supports HDCP<\/td>\n<\/tr>\n<tr data-mce-fragment=\"1\">\n<td data-mce-fragment=\"1\">HDMI<\/td>\n<td data-mce-fragment=\"1\">\n<p data-mce-fragment=\"1\">HDMI input<\/p>\n<p data-mce-fragment=\"1\">EIA\/CEA-861 Standard, supports 1920\u00d71200@60Hz<\/p>\n<p data-mce-fragment=\"1\">supports HDCPP<\/p>\n<\/td>\n<\/tr>\n<tr data-mce-fragment=\"1\">\n<td data-mce-fragment=\"1\">SDI<\/td>\n<td data-mce-fragment=\"1\">\n<p data-mce-fragment=\"1\">\u00a0<\/p>\n<p>SDI input,compatible with 3G-SDI, HD-SDI, SD-SDI<\/td>\n<\/tr>\n<tr data-mce-fragment=\"1\">\n<td data-mce-fragment=\"1\">AUDIO<\/td>\n<td data-mce-fragment=\"1\">\n<p data-mce-fragment=\"1\">Audio input, use with multi-function card (optional)<\/p>\n<p data-mce-fragment=\"1\">\u00a0<\/p>\n<\/td>\n<\/tr>\n<\/tbody>\n<\/table>\n<p data-mce-fragment=\"1\">\u00a0<\/p>\n<table cellpadding=\"0\" cellspacing=\"0\" class=\"protable\" data-mce-fragment=\"1\">\n<tbody data-mce-fragment=\"1\">\n<tr class=\"firstRow\" data-mce-fragment=\"1\">\n<td colspan=\"2\" data-mce-fragment=\"1\"><strong data-mce-fragment=\"1\">Output Interface<\/strong><\/td>\n<\/tr>\n<tr data-mce-fragment=\"1\">\n<td data-mce-fragment=\"1\">Port1-8<\/td>\n<td data-mce-fragment=\"1\">RJ45, 8 Gigabit Ethernet ports<\/td>\n<\/tr>\n<\/tbody>\n<\/table>\n<p data-mce-fragment=\"1\">\u00a0<\/p>\n<table cellpadding=\"0\" cellspacing=\"0\" class=\"protable\" data-mce-fragment=\"1\">\n<tbody data-mce-fragment=\"1\">\n<tr class=\"firstRow\" data-mce-fragment=\"1\">\n<td colspan=\"2\" data-mce-fragment=\"1\"><strong data-mce-fragment=\"1\">Controlling Interface<\/strong><\/td>\n<\/tr>\n<tr data-mce-fragment=\"1\">\n<td data-mce-fragment=\"1\">USB_IN<\/td>\n<td data-mce-fragment=\"1\">USB input, which connects with PC to configure parameters<\/td>\n<\/tr>\n<tr data-mce-fragment=\"1\">\n<td data-mce-fragment=\"1\">USB_OUT<\/td>\n<td data-mce-fragment=\"1\">USB output, cascading with the next controller<\/td>\n<\/tr>\n<tr data-mce-fragment=\"1\">\n<td colspan=\"1\" rowspan=\"1\" data-mce-fragment=\"1\">RS232<\/td>\n<td colspan=\"1\" rowspan=\"1\" data-mce-fragment=\"1\">RJ11 interface, connected with central control<\/td>\n<\/tr>\n<\/tbody>\n<\/table>\n<p><br data-mce-fragment=\"1\" \/><\/p>\n<table cellpadding=\"0\" cellspacing=\"0\" class=\"protable\" data-mce-fragment=\"1\">\n<tbody data-mce-fragment=\"1\">\n<tr class=\"firstRow\" data-mce-fragment=\"1\">\n<td colspan=\"2\" data-mce-fragment=\"1\"><strong data-mce-fragment=\"1\">Specifications<\/strong><\/td>\n<\/tr>\n<tr data-mce-fragment=\"1\">\n<td data-mce-fragment=\"1\">Size<\/td>\n<td data-mce-fragment=\"1\">1U standard box (482.6mm\u00d744mm\u00d7237.5mm)<\/td>\n<\/tr>\n<tr data-mce-fragment=\"1\">\n<td data-mce-fragment=\"1\">Input voltage<\/td>\n<td data-mce-fragment=\"1\">AC 100~240V<\/td>\n<\/tr>\n<tr data-mce-fragment=\"1\">\n<td data-mce-fragment=\"1\">Rated Power Consumption<\/td>\n<td data-mce-fragment=\"1\">25W<\/td>\n<\/tr>\n<tr data-mce-fragment=\"1\">\n<td data-mce-fragment=\"1\">Working Temperature<\/td>\n<td data-mce-fragment=\"1\">-40~70\u2103<\/td>\n<\/tr>\n<\/tbody>\n<\/table>","protected":false},"excerpt":{"rendered":"<p>Colorlight X7 Professional Large LED Screen Controller Overview: Colorlight X7 Professional Large LED Screen Controller is a professional control system and video processing equipment specially designed for LED&#8230;<\/p>","protected":false},"featured_media":43879,"comment_status":"closed","ping_status":"closed","template":"","meta":{"_monsterinsights_skip_tracking":false,"_monsterinsights_sitenote_active":false,"_monsterinsights_sitenote_note":"","_monsterinsights_sitenote_category":0},"product_cat":[202],"product_tag":[147,21],"class_list":{"0":"post-43881","1":"product","2":"type-product","3":"status-publish","4":"has-post-thumbnail","6":"product_cat-colorlight","7":"product_tag-500-00-1000-00","8":"product_tag-colorlight","10":"first","11":"instock","12":"sale","13":"shipping-taxable","14":"purchasable","15":"product-type-simple"},"yoast_head":"<!-- This site is optimized with the Yoast SEO Premium plugin v24.1 (Yoast SEO v24.1) - https:\/\/yoast.com\/wordpress\/plugins\/seo\/ -->\n<title>Colorlight X7 Professional Large LED Screen Controller Processor<\/title>\n<meta name=\"description\" content=\"Colorlight X7 Professional Large LED Screen Controller. ColorLightLED X20 X16E X16 X12 X8 X7 X6 X5 X4 X3 X2 X1 CS20-8K Pro CS4K Video LED Controller Box\" \/>\n<meta name=\"robots\" content=\"noindex, follow, max-snippet:-1, max-image-preview:large, max-video-preview:-1\" \/>\n<meta property=\"og:locale\" content=\"fr_FR\" \/>\n<meta property=\"og:type\" content=\"article\" \/>\n<meta property=\"og:title\" content=\"Colorlight X7 Professional Large LED Screen Controller\" \/>\n<meta property=\"og:description\" content=\"Colorlight X7 Professional Large LED Screen Controller. ColorLightLED X20 X16E X16 X12 X8 X7 X6 X5 X4 X3 X2 X1 CS20-8K Pro CS4K Video LED Controller Box\" \/>\n<meta property=\"og:url\" content=\"https:\/\/www.leemanleddisplay.com\/fr_fr\/product\/colorlight-x7-professional-large-led-screen-controller\/\" \/>\n<meta property=\"og:site_name\" content=\"Leemanled\" \/>\n<meta property=\"article:modified_time\" content=\"2025-01-13T12:54:59+00:00\" \/>\n<meta property=\"og:image\" content=\"https:\/\/www.leemanleddisplay.com\/wp-content\/uploads\/1736\/10colorlight-x7-professional-large-led-screen-controller_0.jpg\" \/>\n\t<meta property=\"og:image:width\" content=\"1000\" \/>\n\t<meta property=\"og:image:height\" content=\"655\" \/>\n\t<meta property=\"og:image:type\" content=\"image\/jpeg\" \/>\n<meta name=\"twitter:card\" content=\"summary_large_image\" \/>\n<meta name=\"twitter:label1\" content=\"Prix\" \/>\n\t<meta name=\"twitter:data1\" content=\"&#036;529.00\" \/>\n\t<meta name=\"twitter:label2\" content=\"Disponibilit\u00e9\" \/>\n\t<meta name=\"twitter:data2\" content=\"En stock\" \/>\n<script type=\"application\/ld+json\" class=\"yoast-schema-graph\">{\"@context\":\"https:\/\/schema.org\",\"@graph\":[{\"@type\":\"WebPage\",\"@id\":\"https:\/\/www.leemanleddisplay.com\/product\/colorlight-x7-professional-large-led-screen-controller\/\",\"url\":\"https:\/\/www.leemanleddisplay.com\/product\/colorlight-x7-professional-large-led-screen-controller\/\",\"name\":\"Colorlight X7 Professional Large LED Screen Controller Processor\",\"isPartOf\":{\"@id\":\"https:\/\/www.leemanleddisplay.com\/#website\"},\"primaryImageOfPage\":{\"@id\":\"https:\/\/www.leemanleddisplay.com\/product\/colorlight-x7-professional-large-led-screen-controller\/#primaryimage\"},\"image\":{\"@id\":\"https:\/\/www.leemanleddisplay.com\/product\/colorlight-x7-professional-large-led-screen-controller\/#primaryimage\"},\"thumbnailUrl\":\"https:\/\/www.leemanleddisplay.com\/wp-content\/uploads\/1736\/10colorlight-x7-professional-large-led-screen-controller_0.jpg\",\"datePublished\":\"2025-01-10T11:58:27+00:00\",\"dateModified\":\"2025-01-13T12:54:59+00:00\",\"description\":\"Colorlight X7 Professional Large LED Screen Controller. ColorLightLED X20 X16E X16 X12 X8 X7 X6 X5 X4 X3 X2 X1 CS20-8K Pro CS4K Video LED Controller Box\",\"breadcrumb\":{\"@id\":\"https:\/\/www.leemanleddisplay.com\/product\/colorlight-x7-professional-large-led-screen-controller\/#breadcrumb\"},\"inLanguage\":\"fr-FR\",\"potentialAction\":[{\"@type\":\"ReadAction\",\"target\":[\"https:\/\/www.leemanleddisplay.com\/product\/colorlight-x7-professional-large-led-screen-controller\/\"]}]},{\"@type\":\"ImageObject\",\"inLanguage\":\"fr-FR\",\"@id\":\"https:\/\/www.leemanleddisplay.com\/product\/colorlight-x7-professional-large-led-screen-controller\/#primaryimage\",\"url\":\"https:\/\/www.leemanleddisplay.com\/wp-content\/uploads\/1736\/10colorlight-x7-professional-large-led-screen-controller_0.jpg\",\"contentUrl\":\"https:\/\/www.leemanleddisplay.com\/wp-content\/uploads\/1736\/10colorlight-x7-professional-large-led-screen-controller_0.jpg\",\"width\":1000,\"height\":655},{\"@type\":\"BreadcrumbList\",\"@id\":\"https:\/\/www.leemanleddisplay.com\/product\/colorlight-x7-professional-large-led-screen-controller\/#breadcrumb\",\"itemListElement\":[{\"@type\":\"ListItem\",\"position\":1,\"name\":\"Home\",\"item\":\"https:\/\/www.leemanleddisplay.com\/\"},{\"@type\":\"ListItem\",\"position\":2,\"name\":\"Shop\",\"item\":\"https:\/\/www.leemanleddisplay.com\/shop\/\"},{\"@type\":\"ListItem\",\"position\":3,\"name\":\"Colorlight X7 Professional Large LED Screen Controller\"}]},{\"@type\":\"WebSite\",\"@id\":\"https:\/\/www.leemanleddisplay.com\/#website\",\"url\":\"https:\/\/www.leemanleddisplay.com\/\",\"name\":\"Leemanled\",\"description\":\"\",\"publisher\":{\"@id\":\"https:\/\/www.leemanleddisplay.com\/#organization\"},\"potentialAction\":[{\"@type\":\"SearchAction\",\"target\":{\"@type\":\"EntryPoint\",\"urlTemplate\":\"https:\/\/www.leemanleddisplay.com\/?s={search_term_string}\"},\"query-input\":{\"@type\":\"PropertyValueSpecification\",\"valueRequired\":true,\"valueName\":\"search_term_string\"}}],\"inLanguage\":\"fr-FR\"},{\"@type\":\"Organization\",\"@id\":\"https:\/\/www.leemanleddisplay.com\/#organization\",\"name\":\"Leemanled\",\"url\":\"https:\/\/www.leemanleddisplay.com\/\",\"logo\":{\"@type\":\"ImageObject\",\"inLanguage\":\"fr-FR\",\"@id\":\"https:\/\/www.leemanleddisplay.com\/#\/schema\/logo\/image\/\",\"url\":\"https:\/\/www.leemanleddisplay.com\/wp-content\/uploads\/2024\/11\/cropped-0-removebg-preview-1.png\",\"contentUrl\":\"https:\/\/www.leemanleddisplay.com\/wp-content\/uploads\/2024\/11\/cropped-0-removebg-preview-1.png\",\"width\":200,\"height\":50,\"caption\":\"Leemanled\"},\"image\":{\"@id\":\"https:\/\/www.leemanleddisplay.com\/#\/schema\/logo\/image\/\"}}]}<\/script>\n<meta property=\"product:price:amount\" content=\"529.00\" \/>\n<meta property=\"product:price:currency\" content=\"USD\" \/>\n<meta property=\"og:availability\" content=\"instock\" \/>\n<meta property=\"product:availability\" content=\"instock\" \/>\n<meta property=\"product:retailer_item_id\" content=\"6808327028927\" \/>\n<meta property=\"product:condition\" content=\"new\" \/>\n<!-- \/ Yoast SEO Premium plugin. -->","yoast_head_json":{"title":"Colorlight X7 Professional Large LED Screen Controller Processor","description":"Colorlight X7 Professional Large LED Screen Controller. ColorLightLED X20 X16E X16 X12 X8 X7 X6 X5 X4 X3 X2 X1 CS20-8K Pro CS4K Video LED Controller Box","robots":{"index":"noindex","follow":"follow","max-snippet":"max-snippet:-1","max-image-preview":"max-image-preview:large","max-video-preview":"max-video-preview:-1"},"og_locale":"fr_FR","og_type":"article","og_title":"Colorlight X7 Professional Large LED Screen Controller","og_description":"Colorlight X7 Professional Large LED Screen Controller. ColorLightLED X20 X16E X16 X12 X8 X7 X6 X5 X4 X3 X2 X1 CS20-8K Pro CS4K Video LED Controller Box","og_url":"https:\/\/www.leemanleddisplay.com\/fr_fr\/product\/colorlight-x7-professional-large-led-screen-controller\/","og_site_name":"Leemanled","article_modified_time":"2025-01-13T12:54:59+00:00","og_image":[{"width":1000,"height":655,"url":"https:\/\/www.leemanleddisplay.com\/wp-content\/uploads\/1736\/10colorlight-x7-professional-large-led-screen-controller_0.jpg","type":"image\/jpeg"}],"twitter_card":"summary_large_image","twitter_misc":{"Prix":"&#36;529.00","Disponibilit\u00e9":"En stock"},"schema":{"@context":"https:\/\/schema.org","@graph":[{"@type":"WebPage","@id":"https:\/\/www.leemanleddisplay.com\/product\/colorlight-x7-professional-large-led-screen-controller\/","url":"https:\/\/www.leemanleddisplay.com\/product\/colorlight-x7-professional-large-led-screen-controller\/","name":"Colorlight X7 Professional Large LED Screen Controller Processor","isPartOf":{"@id":"https:\/\/www.leemanleddisplay.com\/#website"},"primaryImageOfPage":{"@id":"https:\/\/www.leemanleddisplay.com\/product\/colorlight-x7-professional-large-led-screen-controller\/#primaryimage"},"image":{"@id":"https:\/\/www.leemanleddisplay.com\/product\/colorlight-x7-professional-large-led-screen-controller\/#primaryimage"},"thumbnailUrl":"https:\/\/www.leemanleddisplay.com\/wp-content\/uploads\/1736\/10colorlight-x7-professional-large-led-screen-controller_0.jpg","datePublished":"2025-01-10T11:58:27+00:00","dateModified":"2025-01-13T12:54:59+00:00","description":"Colorlight X7 Professional Large LED Screen Controller. ColorLightLED X20 X16E X16 X12 X8 X7 X6 X5 X4 X3 X2 X1 CS20-8K Pro CS4K Video LED Controller Box","breadcrumb":{"@id":"https:\/\/www.leemanleddisplay.com\/product\/colorlight-x7-professional-large-led-screen-controller\/#breadcrumb"},"inLanguage":"fr-FR","potentialAction":[{"@type":"ReadAction","target":["https:\/\/www.leemanleddisplay.com\/product\/colorlight-x7-professional-large-led-screen-controller\/"]}]},{"@type":"ImageObject","inLanguage":"fr-FR","@id":"https:\/\/www.leemanleddisplay.com\/product\/colorlight-x7-professional-large-led-screen-controller\/#primaryimage","url":"https:\/\/www.leemanleddisplay.com\/wp-content\/uploads\/1736\/10colorlight-x7-professional-large-led-screen-controller_0.jpg","contentUrl":"https:\/\/www.leemanleddisplay.com\/wp-content\/uploads\/1736\/10colorlight-x7-professional-large-led-screen-controller_0.jpg","width":1000,"height":655},{"@type":"BreadcrumbList","@id":"https:\/\/www.leemanleddisplay.com\/product\/colorlight-x7-professional-large-led-screen-controller\/#breadcrumb","itemListElement":[{"@type":"ListItem","position":1,"name":"Home","item":"https:\/\/www.leemanleddisplay.com\/"},{"@type":"ListItem","position":2,"name":"Shop","item":"https:\/\/www.leemanleddisplay.com\/shop\/"},{"@type":"ListItem","position":3,"name":"Colorlight X7 Professional Large LED Screen Controller"}]},{"@type":"WebSite","@id":"https:\/\/www.leemanleddisplay.com\/#website","url":"https:\/\/www.leemanleddisplay.com\/","name":"Leemanled","description":"","publisher":{"@id":"https:\/\/www.leemanleddisplay.com\/#organization"},"potentialAction":[{"@type":"SearchAction","target":{"@type":"EntryPoint","urlTemplate":"https:\/\/www.leemanleddisplay.com\/?s={search_term_string}"},"query-input":{"@type":"PropertyValueSpecification","valueRequired":true,"valueName":"search_term_string"}}],"inLanguage":"fr-FR"},{"@type":"Organization","@id":"https:\/\/www.leemanleddisplay.com\/#organization","name":"Leemanled","url":"https:\/\/www.leemanleddisplay.com\/","logo":{"@type":"ImageObject","inLanguage":"fr-FR","@id":"https:\/\/www.leemanleddisplay.com\/#\/schema\/logo\/image\/","url":"https:\/\/www.leemanleddisplay.com\/wp-content\/uploads\/2024\/11\/cropped-0-removebg-preview-1.png","contentUrl":"https:\/\/www.leemanleddisplay.com\/wp-content\/uploads\/2024\/11\/cropped-0-removebg-preview-1.png","width":200,"height":50,"caption":"Leemanled"},"image":{"@id":"https:\/\/www.leemanleddisplay.com\/#\/schema\/logo\/image\/"}}]},"product_price_amount":"529.00","product_price_currency":"USD","og_availability":"instock","product_availability":"instock","product_retailer_item_id":"6808327028927","product_condition":"new"},"_links":{"self":[{"href":"https:\/\/www.leemanleddisplay.com\/fr_fr\/wp-json\/wp\/v2\/product\/43881","targetHints":{"allow":["GET"]}}],"collection":[{"href":"https:\/\/www.leemanleddisplay.com\/fr_fr\/wp-json\/wp\/v2\/product"}],"about":[{"href":"https:\/\/www.leemanleddisplay.com\/fr_fr\/wp-json\/wp\/v2\/types\/product"}],"replies":[{"embeddable":true,"href":"https:\/\/www.leemanleddisplay.com\/fr_fr\/wp-json\/wp\/v2\/comments?post=43881"}],"wp:featuredmedia":[{"embeddable":true,"href":"https:\/\/www.leemanleddisplay.com\/fr_fr\/wp-json\/wp\/v2\/media\/43879"}],"wp:attachment":[{"href":"https:\/\/www.leemanleddisplay.com\/fr_fr\/wp-json\/wp\/v2\/media?parent=43881"}],"wp:term":[{"taxonomy":"product_cat","embeddable":true,"href":"https:\/\/www.leemanleddisplay.com\/fr_fr\/wp-json\/wp\/v2\/product_cat?post=43881"},{"taxonomy":"product_tag","embeddable":true,"href":"https:\/\/www.leemanleddisplay.com\/fr_fr\/wp-json\/wp\/v2\/product_tag?post=43881"}],"curies":[{"name":"wp","href":"https:\/\/api.w.org\/{rel}","templated":true}]}}