{"id":44623,"date":"2025-01-10T12:32:28","date_gmt":"2025-01-10T12:32:28","guid":{"rendered":"https:\/\/www.leemanleddisplay.com\/product\/novastar-mctrl300-led-sending-box-controller\/"},"modified":"2025-01-13T08:43:59","modified_gmt":"2025-01-13T08:43:59","slug":"novastar-mctrl300-led-sending-box-controller","status":"publish","type":"product","link":"https:\/\/www.leemanleddisplay.com\/fr_fr\/product\/novastar-mctrl300-led-sending-box-controller\/","title":{"rendered":"NOVASTAR MCTRL300 LED Sending Box Controller"},"content":{"rendered":"<p data-mce-fragment=\"1\"><strong data-mce-fragment=\"1\">Features of NOVASTAR MCTRL300 LED Controller Box of LED Display:<\/strong><\/p>\n<p data-mce-fragment=\"1\">\u00a0<\/p>\n<p data-mce-fragment=\"1\"><strong data-mce-fragment=\"1\">\u00a0<\/strong>1)1 DVI interface for video input.<\/p>\n<p data-mce-fragment=\"1\">2)USB interface for instruction communication.<\/p>\n<p data-mce-fragment=\"1\">3)Audio input interface integrated.<\/p>\n<p data-mce-fragment=\"1\">4)Resolutions supported:1024\u00d71200,1280\u00d71024,1600\u00d7848,1920\u00d7712, 2048\u00d7640.<\/p>\n<p data-mce-fragment=\"1\">5) Light sensor interface integrated.<\/p>\n<p data-mce-fragment=\"1\">\n<div style=\"text-align: left;\"><\/div>\n<div style=\"text-align: left;\"><\/div>\n<div style=\"text-align: left;\"><\/div>\n<p><b>Download Specification<\/b><\/p>\n<p data-mce-fragment=\"1\"><span style=\"color: #2b00ff;\">NOVASTAR MCTRL300 LED Sending Box Controller<b>\u00a0Specification<\/b><\/span><\/p>","protected":false},"excerpt":{"rendered":"<p>Features of NOVASTAR MCTRL300 LED Controller Box of LED Display: \u00a0 \u00a01)1 DVI interface for video input. 2)USB interface for instruction communication. 3)Audio input interface integrated. 4)Resolutions supported:1024\u00d71200,1280\u00d71024,1600\u00d7848,1920\u00d7712,&#8230;<\/p>","protected":false},"featured_media":44613,"comment_status":"closed","ping_status":"closed","template":"","meta":{"_monsterinsights_skip_tracking":false,"_monsterinsights_sitenote_active":false,"_monsterinsights_sitenote_note":"","_monsterinsights_sitenote_category":0},"product_cat":[138],"product_tag":[148,37],"class_list":{"0":"post-44623","1":"product","2":"type-product","3":"status-publish","4":"has-post-thumbnail","6":"product_cat-novastar","7":"product_tag-100-00-300-00","8":"product_tag-novastar","10":"first","11":"instock","12":"sale","13":"shipping-taxable","14":"purchasable","15":"product-type-simple"},"yoast_head":"<!-- This site is optimized with the Yoast SEO Premium plugin v24.1 (Yoast SEO v24.1) - https:\/\/yoast.com\/wordpress\/plugins\/seo\/ -->\n<title>NOVASTAR MCTRL300 LED Sending Box Controller - LeemanLED<\/title>\n<meta name=\"description\" content=\"NOVASTAR MCTRL300 LED Sending Box Controller. NovaStar LED Sending Card MSD300 \/ MSD600 Nova Cloud Service T-series multimedia player MBOX600\" \/>\n<meta name=\"robots\" content=\"noindex, follow, max-snippet:-1, max-image-preview:large, max-video-preview:-1\" \/>\n<meta property=\"og:locale\" content=\"fr_FR\" \/>\n<meta property=\"og:type\" content=\"article\" \/>\n<meta property=\"og:title\" content=\"NOVASTAR MCTRL300 LED Sending Box Controller\" \/>\n<meta property=\"og:description\" content=\"NOVASTAR MCTRL300 LED Sending Box Controller. NovaStar LED Sending Card MSD300 \/ MSD600 Nova Cloud Service T-series multimedia player MBOX600\" \/>\n<meta property=\"og:url\" content=\"https:\/\/www.leemanleddisplay.com\/fr_fr\/product\/novastar-mctrl300-led-sending-box-controller\/\" \/>\n<meta property=\"og:site_name\" content=\"Leemanled\" \/>\n<meta property=\"article:modified_time\" content=\"2025-01-13T08:43:59+00:00\" \/>\n<meta property=\"og:image\" content=\"https:\/\/www.leemanleddisplay.com\/wp-content\/uploads\/1736\/12novastar-mctrl300-led-sending-box-controller_0.jpg\" \/>\n\t<meta property=\"og:image:width\" content=\"2000\" \/>\n\t<meta property=\"og:image:height\" content=\"1310\" \/>\n\t<meta property=\"og:image:type\" content=\"image\/jpeg\" \/>\n<meta name=\"twitter:card\" content=\"summary_large_image\" \/>\n<meta name=\"twitter:label1\" content=\"Prix\" \/>\n\t<meta name=\"twitter:data1\" content=\"&#036;102.00\" \/>\n\t<meta name=\"twitter:label2\" content=\"Disponibilit\u00e9\" \/>\n\t<meta name=\"twitter:data2\" content=\"En stock\" \/>\n<script type=\"application\/ld+json\" class=\"yoast-schema-graph\">{\"@context\":\"https:\/\/schema.org\",\"@graph\":[{\"@type\":\"WebPage\",\"@id\":\"https:\/\/www.leemanleddisplay.com\/product\/novastar-mctrl300-led-sending-box-controller\/\",\"url\":\"https:\/\/www.leemanleddisplay.com\/product\/novastar-mctrl300-led-sending-box-controller\/\",\"name\":\"NOVASTAR MCTRL300 LED Sending Box Controller - LeemanLED\",\"isPartOf\":{\"@id\":\"https:\/\/www.leemanleddisplay.com\/#website\"},\"primaryImageOfPage\":{\"@id\":\"https:\/\/www.leemanleddisplay.com\/product\/novastar-mctrl300-led-sending-box-controller\/#primaryimage\"},\"image\":{\"@id\":\"https:\/\/www.leemanleddisplay.com\/product\/novastar-mctrl300-led-sending-box-controller\/#primaryimage\"},\"thumbnailUrl\":\"https:\/\/www.leemanleddisplay.com\/wp-content\/uploads\/1736\/12novastar-mctrl300-led-sending-box-controller_0.jpg\",\"datePublished\":\"2025-01-10T12:32:28+00:00\",\"dateModified\":\"2025-01-13T08:43:59+00:00\",\"description\":\"NOVASTAR MCTRL300 LED Sending Box Controller. NovaStar LED Sending Card MSD300 \/ MSD600 Nova Cloud Service T-series multimedia player MBOX600\",\"breadcrumb\":{\"@id\":\"https:\/\/www.leemanleddisplay.com\/product\/novastar-mctrl300-led-sending-box-controller\/#breadcrumb\"},\"inLanguage\":\"fr-FR\",\"potentialAction\":[{\"@type\":\"ReadAction\",\"target\":[\"https:\/\/www.leemanleddisplay.com\/product\/novastar-mctrl300-led-sending-box-controller\/\"]}]},{\"@type\":\"ImageObject\",\"inLanguage\":\"fr-FR\",\"@id\":\"https:\/\/www.leemanleddisplay.com\/product\/novastar-mctrl300-led-sending-box-controller\/#primaryimage\",\"url\":\"https:\/\/www.leemanleddisplay.com\/wp-content\/uploads\/1736\/12novastar-mctrl300-led-sending-box-controller_0.jpg\",\"contentUrl\":\"https:\/\/www.leemanleddisplay.com\/wp-content\/uploads\/1736\/12novastar-mctrl300-led-sending-box-controller_0.jpg\",\"width\":2000,\"height\":1310},{\"@type\":\"BreadcrumbList\",\"@id\":\"https:\/\/www.leemanleddisplay.com\/product\/novastar-mctrl300-led-sending-box-controller\/#breadcrumb\",\"itemListElement\":[{\"@type\":\"ListItem\",\"position\":1,\"name\":\"Home\",\"item\":\"https:\/\/www.leemanleddisplay.com\/\"},{\"@type\":\"ListItem\",\"position\":2,\"name\":\"Shop\",\"item\":\"https:\/\/www.leemanleddisplay.com\/shop\/\"},{\"@type\":\"ListItem\",\"position\":3,\"name\":\"NOVASTAR MCTRL300 LED Sending Box Controller\"}]},{\"@type\":\"WebSite\",\"@id\":\"https:\/\/www.leemanleddisplay.com\/#website\",\"url\":\"https:\/\/www.leemanleddisplay.com\/\",\"name\":\"Leemanled\",\"description\":\"\",\"publisher\":{\"@id\":\"https:\/\/www.leemanleddisplay.com\/#organization\"},\"potentialAction\":[{\"@type\":\"SearchAction\",\"target\":{\"@type\":\"EntryPoint\",\"urlTemplate\":\"https:\/\/www.leemanleddisplay.com\/?s={search_term_string}\"},\"query-input\":{\"@type\":\"PropertyValueSpecification\",\"valueRequired\":true,\"valueName\":\"search_term_string\"}}],\"inLanguage\":\"fr-FR\"},{\"@type\":\"Organization\",\"@id\":\"https:\/\/www.leemanleddisplay.com\/#organization\",\"name\":\"Leemanled\",\"url\":\"https:\/\/www.leemanleddisplay.com\/\",\"logo\":{\"@type\":\"ImageObject\",\"inLanguage\":\"fr-FR\",\"@id\":\"https:\/\/www.leemanleddisplay.com\/#\/schema\/logo\/image\/\",\"url\":\"https:\/\/www.leemanleddisplay.com\/wp-content\/uploads\/2024\/11\/cropped-0-removebg-preview-1.png\",\"contentUrl\":\"https:\/\/www.leemanleddisplay.com\/wp-content\/uploads\/2024\/11\/cropped-0-removebg-preview-1.png\",\"width\":200,\"height\":50,\"caption\":\"Leemanled\"},\"image\":{\"@id\":\"https:\/\/www.leemanleddisplay.com\/#\/schema\/logo\/image\/\"}}]}<\/script>\n<meta property=\"product:price:amount\" content=\"102.00\" \/>\n<meta property=\"product:price:currency\" content=\"USD\" \/>\n<meta property=\"og:availability\" content=\"instock\" \/>\n<meta property=\"product:availability\" content=\"instock\" \/>\n<meta property=\"product:retailer_item_id\" content=\"6794109976767\" \/>\n<meta property=\"product:condition\" content=\"new\" \/>\n<!-- \/ Yoast SEO Premium plugin. -->","yoast_head_json":{"title":"NOVASTAR MCTRL300 LED Sending Box Controller - LeemanLED","description":"NOVASTAR MCTRL300 LED Sending Box Controller. NovaStar LED Sending Card MSD300 \/ MSD600 Nova Cloud Service T-series multimedia player MBOX600","robots":{"index":"noindex","follow":"follow","max-snippet":"max-snippet:-1","max-image-preview":"max-image-preview:large","max-video-preview":"max-video-preview:-1"},"og_locale":"fr_FR","og_type":"article","og_title":"NOVASTAR MCTRL300 LED Sending Box Controller","og_description":"NOVASTAR MCTRL300 LED Sending Box Controller. NovaStar LED Sending Card MSD300 \/ MSD600 Nova Cloud Service T-series multimedia player MBOX600","og_url":"https:\/\/www.leemanleddisplay.com\/fr_fr\/product\/novastar-mctrl300-led-sending-box-controller\/","og_site_name":"Leemanled","article_modified_time":"2025-01-13T08:43:59+00:00","og_image":[{"width":2000,"height":1310,"url":"https:\/\/www.leemanleddisplay.com\/wp-content\/uploads\/1736\/12novastar-mctrl300-led-sending-box-controller_0.jpg","type":"image\/jpeg"}],"twitter_card":"summary_large_image","twitter_misc":{"Prix":"&#36;102.00","Disponibilit\u00e9":"En stock"},"schema":{"@context":"https:\/\/schema.org","@graph":[{"@type":"WebPage","@id":"https:\/\/www.leemanleddisplay.com\/product\/novastar-mctrl300-led-sending-box-controller\/","url":"https:\/\/www.leemanleddisplay.com\/product\/novastar-mctrl300-led-sending-box-controller\/","name":"NOVASTAR MCTRL300 LED Sending Box Controller - LeemanLED","isPartOf":{"@id":"https:\/\/www.leemanleddisplay.com\/#website"},"primaryImageOfPage":{"@id":"https:\/\/www.leemanleddisplay.com\/product\/novastar-mctrl300-led-sending-box-controller\/#primaryimage"},"image":{"@id":"https:\/\/www.leemanleddisplay.com\/product\/novastar-mctrl300-led-sending-box-controller\/#primaryimage"},"thumbnailUrl":"https:\/\/www.leemanleddisplay.com\/wp-content\/uploads\/1736\/12novastar-mctrl300-led-sending-box-controller_0.jpg","datePublished":"2025-01-10T12:32:28+00:00","dateModified":"2025-01-13T08:43:59+00:00","description":"NOVASTAR MCTRL300 LED Sending Box Controller. NovaStar LED Sending Card MSD300 \/ MSD600 Nova Cloud Service T-series multimedia player MBOX600","breadcrumb":{"@id":"https:\/\/www.leemanleddisplay.com\/product\/novastar-mctrl300-led-sending-box-controller\/#breadcrumb"},"inLanguage":"fr-FR","potentialAction":[{"@type":"ReadAction","target":["https:\/\/www.leemanleddisplay.com\/product\/novastar-mctrl300-led-sending-box-controller\/"]}]},{"@type":"ImageObject","inLanguage":"fr-FR","@id":"https:\/\/www.leemanleddisplay.com\/product\/novastar-mctrl300-led-sending-box-controller\/#primaryimage","url":"https:\/\/www.leemanleddisplay.com\/wp-content\/uploads\/1736\/12novastar-mctrl300-led-sending-box-controller_0.jpg","contentUrl":"https:\/\/www.leemanleddisplay.com\/wp-content\/uploads\/1736\/12novastar-mctrl300-led-sending-box-controller_0.jpg","width":2000,"height":1310},{"@type":"BreadcrumbList","@id":"https:\/\/www.leemanleddisplay.com\/product\/novastar-mctrl300-led-sending-box-controller\/#breadcrumb","itemListElement":[{"@type":"ListItem","position":1,"name":"Home","item":"https:\/\/www.leemanleddisplay.com\/"},{"@type":"ListItem","position":2,"name":"Shop","item":"https:\/\/www.leemanleddisplay.com\/shop\/"},{"@type":"ListItem","position":3,"name":"NOVASTAR MCTRL300 LED Sending Box Controller"}]},{"@type":"WebSite","@id":"https:\/\/www.leemanleddisplay.com\/#website","url":"https:\/\/www.leemanleddisplay.com\/","name":"Leemanled","description":"","publisher":{"@id":"https:\/\/www.leemanleddisplay.com\/#organization"},"potentialAction":[{"@type":"SearchAction","target":{"@type":"EntryPoint","urlTemplate":"https:\/\/www.leemanleddisplay.com\/?s={search_term_string}"},"query-input":{"@type":"PropertyValueSpecification","valueRequired":true,"valueName":"search_term_string"}}],"inLanguage":"fr-FR"},{"@type":"Organization","@id":"https:\/\/www.leemanleddisplay.com\/#organization","name":"Leemanled","url":"https:\/\/www.leemanleddisplay.com\/","logo":{"@type":"ImageObject","inLanguage":"fr-FR","@id":"https:\/\/www.leemanleddisplay.com\/#\/schema\/logo\/image\/","url":"https:\/\/www.leemanleddisplay.com\/wp-content\/uploads\/2024\/11\/cropped-0-removebg-preview-1.png","contentUrl":"https:\/\/www.leemanleddisplay.com\/wp-content\/uploads\/2024\/11\/cropped-0-removebg-preview-1.png","width":200,"height":50,"caption":"Leemanled"},"image":{"@id":"https:\/\/www.leemanleddisplay.com\/#\/schema\/logo\/image\/"}}]},"product_price_amount":"102.00","product_price_currency":"USD","og_availability":"instock","product_availability":"instock","product_retailer_item_id":"6794109976767","product_condition":"new"},"_links":{"self":[{"href":"https:\/\/www.leemanleddisplay.com\/fr_fr\/wp-json\/wp\/v2\/product\/44623","targetHints":{"allow":["GET"]}}],"collection":[{"href":"https:\/\/www.leemanleddisplay.com\/fr_fr\/wp-json\/wp\/v2\/product"}],"about":[{"href":"https:\/\/www.leemanleddisplay.com\/fr_fr\/wp-json\/wp\/v2\/types\/product"}],"replies":[{"embeddable":true,"href":"https:\/\/www.leemanleddisplay.com\/fr_fr\/wp-json\/wp\/v2\/comments?post=44623"}],"wp:featuredmedia":[{"embeddable":true,"href":"https:\/\/www.leemanleddisplay.com\/fr_fr\/wp-json\/wp\/v2\/media\/44613"}],"wp:attachment":[{"href":"https:\/\/www.leemanleddisplay.com\/fr_fr\/wp-json\/wp\/v2\/media?parent=44623"}],"wp:term":[{"taxonomy":"product_cat","embeddable":true,"href":"https:\/\/www.leemanleddisplay.com\/fr_fr\/wp-json\/wp\/v2\/product_cat?post=44623"},{"taxonomy":"product_tag","embeddable":true,"href":"https:\/\/www.leemanleddisplay.com\/fr_fr\/wp-json\/wp\/v2\/product_tag?post=44623"}],"curies":[{"name":"wp","href":"https:\/\/api.w.org\/{rel}","templated":true}]}}