{"id":40172,"date":"2024-12-30T14:40:59","date_gmt":"2024-12-30T14:40:59","guid":{"rendered":"https:\/\/www.leemanleddisplay.com\/?post_type=product&#038;p=40172"},"modified":"2025-07-20T03:36:24","modified_gmt":"2025-07-20T03:36:24","slug":"face-shaped-led-screen-for-dj","status":"publish","type":"product","link":"https:\/\/www.leemanleddisplay.com\/hu\/product\/face-shaped-led-screen-for-dj\/","title":{"rendered":"Face Shaped LED Screen For DJ"},"content":{"rendered":"<p>DJ Booth LED Screen: Creating a New Nightlife Experience<br \/>With the growing demand for nightlife entertainment, the DJ Booth LED Screen has become a new attraction in the market with its rich features and excellent visual effects. Through sensors, DJ Booth LED Screen can realize the interaction between the audience and the screen. When the audience makes movements in front of the screen, such as waving, jumping, etc., the sensors can detect these movements and trigger changes in the special effects on the screen, such as fireworks, light and shadow flow effects, etc. This interactive approach can greatly enhance the performance of the audience. This interaction can greatly enhance the audience&#8217;s sense of participation and experience, so that the audience is no longer just a spectator.<br \/><img fetchpriority=\"high\" decoding=\"async\" src=\"https:\/\/www.leemanleddisplay.com\/wp-content\/uploads\/2024\/12\/\u672a\u6807\u9898-01.jpg\" alt=\"\" width=\"750\" height=\"750\" class=\"alignnone wp-image-40169 size-full\" srcset=\"https:\/\/www.leemanleddisplay.com\/wp-content\/uploads\/2024\/12\/\u672a\u6807\u9898-01.jpg 750w, https:\/\/www.leemanleddisplay.com\/wp-content\/uploads\/2024\/12\/\u672a\u6807\u9898-01-300x300.jpg 300w, https:\/\/www.leemanleddisplay.com\/wp-content\/uploads\/2024\/12\/\u672a\u6807\u9898-01-150x150.jpg 150w, https:\/\/www.leemanleddisplay.com\/wp-content\/uploads\/2024\/12\/\u672a\u6807\u9898-01-12x12.jpg 12w, https:\/\/www.leemanleddisplay.com\/wp-content\/uploads\/2024\/12\/\u672a\u6807\u9898-01-441x441.jpg 441w, https:\/\/www.leemanleddisplay.com\/wp-content\/uploads\/2024\/12\/\u672a\u6807\u9898-01-100x100.jpg 100w\" sizes=\"(max-width: 750px) 100vw, 750px\" \/><br \/>In addition, the <a href=\"https:\/\/www.leemanled.com\/\" target=\"_blank\" rel=\"noopener\">DJ Booth LED Screen<\/a> can be synchronized with the DJ&#8217;s audio equipment. The visuals on the screen will closely match the tempo, melody and volume of the music. When the tempo of the music speeds up, the visual elements on the screen will change faster accordingly; when the volume of the music increases, the brightness or color intensity on the screen may also increase accordingly. This synchronization function allows the audience to feel the dynamic changes of the music more intuitively, and enhances the expressive and infectious power of the music. Through the synergy of vision and hearing, the audience can be more deeply immersed in the world of music.<br \/><img decoding=\"async\" src=\"https:\/\/www.leemanleddisplay.com\/wp-content\/uploads\/2024\/12\/Face-shape-led-screen-001.jpg\" alt=\"\" width=\"450\" height=\"600\" class=\"alignnone wp-image-40166 size-full\" srcset=\"https:\/\/www.leemanleddisplay.com\/wp-content\/uploads\/2024\/12\/Face-shape-led-screen-001.jpg 450w, https:\/\/www.leemanleddisplay.com\/wp-content\/uploads\/2024\/12\/Face-shape-led-screen-001-225x300.jpg 225w, https:\/\/www.leemanleddisplay.com\/wp-content\/uploads\/2024\/12\/Face-shape-led-screen-001-9x12.jpg 9w, https:\/\/www.leemanleddisplay.com\/wp-content\/uploads\/2024\/12\/Face-shape-led-screen-001-441x588.jpg 441w, https:\/\/www.leemanleddisplay.com\/wp-content\/uploads\/2024\/12\/Face-shape-led-screen-001-300x400.jpg 300w, https:\/\/www.leemanleddisplay.com\/wp-content\/uploads\/2024\/12\/Face-shape-led-screen-001-150x200.jpg 150w\" sizes=\"(max-width: 450px) 100vw, 450px\" \/><br \/>DJ Booth LED screens can also be integrated with lighting systems for a more unified and coordinated visual effect. For example, when the color of the screen changes, the color of the lighting system will be adjusted accordingly to maintain the consistency of the overall atmosphere. Or, when a specific pattern or effect appears on the screen, the lighting system can cooperate to play the corresponding light and shadow to enhance the visual sense of hierarchy and three-dimensionality. In addition, when the rhythm of the music and the atmosphere changes, the screen and the lighting system can react together, such as speeding up the flashing frequency at the same time, changing the color combinations, etc., to create a more shocking and immersive environment for the audience.<br \/><img decoding=\"async\" src=\"https:\/\/www.leemanleddisplay.com\/wp-content\/uploads\/2024\/12\/\u672a\u6807\u9898-02.jpg\" alt=\"\" width=\"750\" height=\"750\" class=\"alignnone wp-image-40170 size-full\" srcset=\"https:\/\/www.leemanleddisplay.com\/wp-content\/uploads\/2024\/12\/\u672a\u6807\u9898-02.jpg 750w, https:\/\/www.leemanleddisplay.com\/wp-content\/uploads\/2024\/12\/\u672a\u6807\u9898-02-300x300.jpg 300w, https:\/\/www.leemanleddisplay.com\/wp-content\/uploads\/2024\/12\/\u672a\u6807\u9898-02-150x150.jpg 150w, https:\/\/www.leemanleddisplay.com\/wp-content\/uploads\/2024\/12\/\u672a\u6807\u9898-02-12x12.jpg 12w, https:\/\/www.leemanleddisplay.com\/wp-content\/uploads\/2024\/12\/\u672a\u6807\u9898-02-441x441.jpg 441w, https:\/\/www.leemanleddisplay.com\/wp-content\/uploads\/2024\/12\/\u672a\u6807\u9898-02-100x100.jpg 100w\" sizes=\"(max-width: 750px) 100vw, 750px\" \/><br \/>In summary, the DJ Booth LED Screen is versatile and brings new experiences and possibilities to nightlife entertainment through content display, interaction, and synchronization and integration.<br \/><img loading=\"lazy\" decoding=\"async\" src=\"https:\/\/www.leemanleddisplay.com\/wp-content\/uploads\/2024\/12\/\u672a\u6807\u9898-03.jpg\" alt=\"\" width=\"750\" height=\"750\" class=\"alignnone wp-image-40171 size-full\" srcset=\"https:\/\/www.leemanleddisplay.com\/wp-content\/uploads\/2024\/12\/\u672a\u6807\u9898-03.jpg 750w, https:\/\/www.leemanleddisplay.com\/wp-content\/uploads\/2024\/12\/\u672a\u6807\u9898-03-300x300.jpg 300w, https:\/\/www.leemanleddisplay.com\/wp-content\/uploads\/2024\/12\/\u672a\u6807\u9898-03-150x150.jpg 150w, https:\/\/www.leemanleddisplay.com\/wp-content\/uploads\/2024\/12\/\u672a\u6807\u9898-03-12x12.jpg 12w, https:\/\/www.leemanleddisplay.com\/wp-content\/uploads\/2024\/12\/\u672a\u6807\u9898-03-441x441.jpg 441w, https:\/\/www.leemanleddisplay.com\/wp-content\/uploads\/2024\/12\/\u672a\u6807\u9898-03-100x100.jpg 100w\" sizes=\"(max-width: 750px) 100vw, 750px\" \/><\/p>\n<table width=\"912\">\n<tbody>\n<tr>\n<td colspan=\"2\" width=\"912\">Creative Special Face Shape LED Display<\/td>\n<\/tr>\n<tr>\n<td width=\"456\">Specificaion<\/td>\n<td width=\"456\">Indoor p4 Triangle Module<\/td>\n<\/tr>\n<tr>\n<td width=\"456\">Pixel pitch(mm)<\/td>\n<td width=\"456\">4<\/td>\n<\/tr>\n<tr>\n<td width=\"456\">Pixel Density(dot\/m2)<\/td>\n<td width=\"456\">62500<\/td>\n<\/tr>\n<tr>\n<td width=\"456\">Bending time<\/td>\n<td width=\"456\">1000 without break<\/td>\n<\/tr>\n<tr>\n<td width=\"456\">LED configue<\/td>\n<td width=\"456\">RGB<\/td>\n<\/tr>\n<tr>\n<td width=\"456\">LED type<\/td>\n<td width=\"456\">SMD2121<\/td>\n<\/tr>\n<tr>\n<td width=\"456\">Brightness(cd\/n2)<\/td>\n<td width=\"456\">2100<\/td>\n<\/tr>\n<tr>\n<td width=\"456\">Drive mode<\/td>\n<td width=\"456\">24s<\/td>\n<\/tr>\n<tr>\n<td width=\"456\">Drive IC<\/td>\n<td width=\"456\">MBI5124<\/td>\n<\/tr>\n<tr>\n<td width=\"456\">Grayscale<\/td>\n<td width=\"456\">14 bit<\/td>\n<\/tr>\n<tr>\n<td width=\"456\">Refresh Rate(HZ)<\/td>\n<td width=\"456\">3840<\/td>\n<\/tr>\n<tr>\n<td width=\"456\">Frame Rate(HZ)<\/td>\n<td width=\"456\">60<\/td>\n<\/tr>\n<tr>\n<td width=\"456\">Brightness Ajustment<\/td>\n<td width=\"456\">manual\/automatic\/remote control<\/td>\n<\/tr>\n<tr>\n<td width=\"456\">Color Temperatur<\/td>\n<td width=\"456\">9000\u00b1500k<\/td>\n<\/tr>\n<tr>\n<td width=\"456\">Best Viewing Distanc<\/td>\n<td width=\"456\">\u22652.5m<\/td>\n<\/tr>\n<tr>\n<td width=\"456\">Module dimension(mm)<\/td>\n<td width=\"456\">240x120x7<\/td>\n<\/tr>\n<tr>\n<td width=\"456\">Module weight(kg\/pc)<\/td>\n<td width=\"456\">0.2<\/td>\n<\/tr>\n<tr>\n<td width=\"456\">Mdoule Resolution(dot)<\/td>\n<td width=\"456\">96&#215;48<\/td>\n<\/tr>\n<tr>\n<td width=\"456\">Cabinet Dimension<\/td>\n<td width=\"456\">Randomly splicing<\/td>\n<\/tr>\n<tr>\n<td width=\"456\">Working Voltage<\/td>\n<td width=\"456\">AC 220<\/td>\n<\/tr>\n<tr>\n<td width=\"456\">Avg. Power Consumption (w\/m2)<\/td>\n<td width=\"456\">260<\/td>\n<\/tr>\n<tr>\n<td width=\"456\">Max. power Consumption (w\/m2)<\/td>\n<td width=\"456\">600<\/td>\n<\/tr>\n<tr>\n<td width=\"456\">Serive access<\/td>\n<td width=\"456\">Front and rear<\/td>\n<\/tr>\n<tr>\n<td width=\"456\">Ip grade<\/td>\n<td width=\"456\">IP 30<\/td>\n<\/tr>\n<tr>\n<td width=\"456\">Working Environment(\u2103\/%RH)<\/td>\n<td width=\"456\">-20~60\u2103\/10~90%RH Without condensation<\/td>\n<\/tr>\n<tr>\n<td width=\"456\">Storage Environment (\u00a0\u2103\/%RH)<\/td>\n<td width=\"456\">-40~80\u2103\/ 10~90%RH<\/td>\n<\/tr>\n<tr>\n<td width=\"456\">Lifetime (H)<\/td>\n<td width=\"456\">100,000H<\/td>\n<\/tr>\n<tr>\n<td width=\"456\">Compliant Standard<\/td>\n<td width=\"456\">CE\/RoHS\/ISO\/CB\/SASO\/TUV\/FCC\/UL<\/td>\n<\/tr>\n<\/tbody>\n<\/table>","protected":false},"excerpt":{"rendered":"<p>Customized Creative LED Display factory and suppliers. Shaped LED Screen. Round shape led display. Magic LED Cube Display. Special Irregular LED Screen<\/p>","protected":false},"featured_media":40170,"comment_status":"open","ping_status":"closed","template":"","meta":{"_monsterinsights_skip_tracking":false,"_monsterinsights_sitenote_active":false,"_monsterinsights_sitenote_note":"","_monsterinsights_sitenote_category":0},"product_cat":[119,109,112],"product_tag":[],"class_list":{"0":"post-40172","1":"product","2":"type-product","3":"status-publish","4":"has-post-thumbnail","6":"product_cat-face-shaped-led-display","7":"product_cat-led-screen","8":"product_cat-leeman-led-screen","10":"first","11":"instock","12":"sale","13":"shipping-taxable","14":"purchasable","15":"product-type-simple"},"yoast_head":"<!-- This site is optimized with the Yoast SEO Premium plugin v24.1 (Yoast SEO v24.1) - https:\/\/yoast.com\/wordpress\/plugins\/seo\/ -->\n<title>Face Shaped LED Screen | Special Face Mask LED Display DJ Bar<\/title>\n<meta name=\"description\" content=\"Face Shaped LED Screen \u00b7 Letter Shaped LED Screen. DJ Booth LED Screen. Pop Can LED Screen. Taxi Top LED Sign Board. Rotating kinetic Mechanical LED Display\" \/>\n<meta name=\"robots\" content=\"noindex, follow, max-snippet:-1, max-image-preview:large, max-video-preview:-1\" \/>\n<meta property=\"og:locale\" content=\"hu_HU\" \/>\n<meta property=\"og:type\" content=\"article\" \/>\n<meta property=\"og:title\" content=\"Face Shaped LED Screen For DJ\" \/>\n<meta property=\"og:description\" content=\"Face Shaped LED Screen \u00b7 Letter Shaped LED Screen. DJ Booth LED Screen. Pop Can LED Screen. Taxi Top LED Sign Board. Rotating kinetic Mechanical LED Display\" \/>\n<meta property=\"og:url\" content=\"https:\/\/www.leemanleddisplay.com\/hu\/product\/face-shaped-led-screen-for-dj\/\" \/>\n<meta property=\"og:site_name\" content=\"Leemanled\" \/>\n<meta property=\"article:modified_time\" content=\"2025-07-20T03:36:24+00:00\" \/>\n<meta property=\"og:image\" content=\"https:\/\/www.leemanleddisplay.com\/wp-content\/uploads\/2024\/12\/\u672a\u6807\u9898-02.jpg\" \/>\n\t<meta property=\"og:image:width\" content=\"750\" \/>\n\t<meta property=\"og:image:height\" content=\"750\" \/>\n\t<meta property=\"og:image:type\" content=\"image\/jpeg\" \/>\n<meta name=\"twitter:card\" content=\"summary_large_image\" \/>\n<meta name=\"twitter:label1\" content=\"\u00c1r\" \/>\n\t<meta name=\"twitter:data1\" content=\"&#036;2,173.00\" \/>\n\t<meta name=\"twitter:label2\" content=\"El\u00e9rhet\u0151s\u00e9g\" \/>\n\t<meta name=\"twitter:data2\" content=\"K\u00e9szleten\" \/>\n<script type=\"application\/ld+json\" class=\"yoast-schema-graph\">{\"@context\":\"https:\/\/schema.org\",\"@graph\":[{\"@type\":\"WebPage\",\"@id\":\"https:\/\/www.leemanleddisplay.com\/product\/face-shaped-led-screen-for-dj\/\",\"url\":\"https:\/\/www.leemanleddisplay.com\/product\/face-shaped-led-screen-for-dj\/\",\"name\":\"Face Shaped LED Screen | Special Face Mask LED Display DJ Bar\",\"isPartOf\":{\"@id\":\"https:\/\/www.leemanleddisplay.com\/#website\"},\"primaryImageOfPage\":{\"@id\":\"https:\/\/www.leemanleddisplay.com\/product\/face-shaped-led-screen-for-dj\/#primaryimage\"},\"image\":{\"@id\":\"https:\/\/www.leemanleddisplay.com\/product\/face-shaped-led-screen-for-dj\/#primaryimage\"},\"thumbnailUrl\":\"https:\/\/www.leemanleddisplay.com\/wp-content\/uploads\/2024\/12\/\u672a\u6807\u9898-02.jpg\",\"datePublished\":\"2024-12-30T14:40:59+00:00\",\"dateModified\":\"2025-07-20T03:36:24+00:00\",\"description\":\"Face Shaped LED Screen \u00b7 Letter Shaped LED Screen. DJ Booth LED Screen. Pop Can LED Screen. Taxi Top LED Sign Board. Rotating kinetic Mechanical LED Display\",\"breadcrumb\":{\"@id\":\"https:\/\/www.leemanleddisplay.com\/product\/face-shaped-led-screen-for-dj\/#breadcrumb\"},\"inLanguage\":\"hu\",\"potentialAction\":[{\"@type\":\"ReadAction\",\"target\":[\"https:\/\/www.leemanleddisplay.com\/product\/face-shaped-led-screen-for-dj\/\"]}]},{\"@type\":\"ImageObject\",\"inLanguage\":\"hu\",\"@id\":\"https:\/\/www.leemanleddisplay.com\/product\/face-shaped-led-screen-for-dj\/#primaryimage\",\"url\":\"https:\/\/www.leemanleddisplay.com\/wp-content\/uploads\/2024\/12\/\u672a\u6807\u9898-02.jpg\",\"contentUrl\":\"https:\/\/www.leemanleddisplay.com\/wp-content\/uploads\/2024\/12\/\u672a\u6807\u9898-02.jpg\",\"width\":750,\"height\":750},{\"@type\":\"BreadcrumbList\",\"@id\":\"https:\/\/www.leemanleddisplay.com\/product\/face-shaped-led-screen-for-dj\/#breadcrumb\",\"itemListElement\":[{\"@type\":\"ListItem\",\"position\":1,\"name\":\"Home\",\"item\":\"https:\/\/www.leemanleddisplay.com\/\"},{\"@type\":\"ListItem\",\"position\":2,\"name\":\"Shop\",\"item\":\"https:\/\/www.leemanleddisplay.com\/shop\/\"},{\"@type\":\"ListItem\",\"position\":3,\"name\":\"Face Shaped LED Screen For DJ\"}]},{\"@type\":\"WebSite\",\"@id\":\"https:\/\/www.leemanleddisplay.com\/#website\",\"url\":\"https:\/\/www.leemanleddisplay.com\/\",\"name\":\"Leemanled\",\"description\":\"\",\"publisher\":{\"@id\":\"https:\/\/www.leemanleddisplay.com\/#organization\"},\"potentialAction\":[{\"@type\":\"SearchAction\",\"target\":{\"@type\":\"EntryPoint\",\"urlTemplate\":\"https:\/\/www.leemanleddisplay.com\/?s={search_term_string}\"},\"query-input\":{\"@type\":\"PropertyValueSpecification\",\"valueRequired\":true,\"valueName\":\"search_term_string\"}}],\"inLanguage\":\"hu\"},{\"@type\":\"Organization\",\"@id\":\"https:\/\/www.leemanleddisplay.com\/#organization\",\"name\":\"Leemanled\",\"url\":\"https:\/\/www.leemanleddisplay.com\/\",\"logo\":{\"@type\":\"ImageObject\",\"inLanguage\":\"hu\",\"@id\":\"https:\/\/www.leemanleddisplay.com\/#\/schema\/logo\/image\/\",\"url\":\"https:\/\/www.leemanleddisplay.com\/wp-content\/uploads\/2024\/11\/cropped-0-removebg-preview-1.png\",\"contentUrl\":\"https:\/\/www.leemanleddisplay.com\/wp-content\/uploads\/2024\/11\/cropped-0-removebg-preview-1.png\",\"width\":200,\"height\":50,\"caption\":\"Leemanled\"},\"image\":{\"@id\":\"https:\/\/www.leemanleddisplay.com\/#\/schema\/logo\/image\/\"}}]}<\/script>\n<meta property=\"product:price:amount\" content=\"2173.00\" \/>\n<meta property=\"product:price:currency\" content=\"USD\" \/>\n<meta property=\"og:availability\" content=\"instock\" \/>\n<meta property=\"product:availability\" content=\"instock\" \/>\n<meta property=\"product:retailer_item_id\" content=\"Face Shaped LED Screen\" \/>\n<meta property=\"product:condition\" content=\"new\" \/>\n<!-- \/ Yoast SEO Premium plugin. -->","yoast_head_json":{"title":"Face Shaped LED Screen | Special Face Mask LED Display DJ Bar","description":"Face Shaped LED Screen \u00b7 Letter Shaped LED Screen. DJ Booth LED Screen. Pop Can LED Screen. Taxi Top LED Sign Board. Rotating kinetic Mechanical LED Display","robots":{"index":"noindex","follow":"follow","max-snippet":"max-snippet:-1","max-image-preview":"max-image-preview:large","max-video-preview":"max-video-preview:-1"},"og_locale":"hu_HU","og_type":"article","og_title":"Face Shaped LED Screen For DJ","og_description":"Face Shaped LED Screen \u00b7 Letter Shaped LED Screen. DJ Booth LED Screen. Pop Can LED Screen. Taxi Top LED Sign Board. Rotating kinetic Mechanical LED Display","og_url":"https:\/\/www.leemanleddisplay.com\/hu\/product\/face-shaped-led-screen-for-dj\/","og_site_name":"Leemanled","article_modified_time":"2025-07-20T03:36:24+00:00","og_image":[{"width":750,"height":750,"url":"https:\/\/www.leemanleddisplay.com\/wp-content\/uploads\/2024\/12\/\u672a\u6807\u9898-02.jpg","type":"image\/jpeg"}],"twitter_card":"summary_large_image","twitter_misc":{"\u00c1r":"&#36;2,173.00","El\u00e9rhet\u0151s\u00e9g":"K\u00e9szleten"},"schema":{"@context":"https:\/\/schema.org","@graph":[{"@type":"WebPage","@id":"https:\/\/www.leemanleddisplay.com\/product\/face-shaped-led-screen-for-dj\/","url":"https:\/\/www.leemanleddisplay.com\/product\/face-shaped-led-screen-for-dj\/","name":"Face Shaped LED Screen | Special Face Mask LED Display DJ Bar","isPartOf":{"@id":"https:\/\/www.leemanleddisplay.com\/#website"},"primaryImageOfPage":{"@id":"https:\/\/www.leemanleddisplay.com\/product\/face-shaped-led-screen-for-dj\/#primaryimage"},"image":{"@id":"https:\/\/www.leemanleddisplay.com\/product\/face-shaped-led-screen-for-dj\/#primaryimage"},"thumbnailUrl":"https:\/\/www.leemanleddisplay.com\/wp-content\/uploads\/2024\/12\/\u672a\u6807\u9898-02.jpg","datePublished":"2024-12-30T14:40:59+00:00","dateModified":"2025-07-20T03:36:24+00:00","description":"Face Shaped LED Screen \u00b7 Letter Shaped LED Screen. DJ Booth LED Screen. Pop Can LED Screen. Taxi Top LED Sign Board. Rotating kinetic Mechanical LED Display","breadcrumb":{"@id":"https:\/\/www.leemanleddisplay.com\/product\/face-shaped-led-screen-for-dj\/#breadcrumb"},"inLanguage":"hu","potentialAction":[{"@type":"ReadAction","target":["https:\/\/www.leemanleddisplay.com\/product\/face-shaped-led-screen-for-dj\/"]}]},{"@type":"ImageObject","inLanguage":"hu","@id":"https:\/\/www.leemanleddisplay.com\/product\/face-shaped-led-screen-for-dj\/#primaryimage","url":"https:\/\/www.leemanleddisplay.com\/wp-content\/uploads\/2024\/12\/\u672a\u6807\u9898-02.jpg","contentUrl":"https:\/\/www.leemanleddisplay.com\/wp-content\/uploads\/2024\/12\/\u672a\u6807\u9898-02.jpg","width":750,"height":750},{"@type":"BreadcrumbList","@id":"https:\/\/www.leemanleddisplay.com\/product\/face-shaped-led-screen-for-dj\/#breadcrumb","itemListElement":[{"@type":"ListItem","position":1,"name":"Home","item":"https:\/\/www.leemanleddisplay.com\/"},{"@type":"ListItem","position":2,"name":"Shop","item":"https:\/\/www.leemanleddisplay.com\/shop\/"},{"@type":"ListItem","position":3,"name":"Face Shaped LED Screen For DJ"}]},{"@type":"WebSite","@id":"https:\/\/www.leemanleddisplay.com\/#website","url":"https:\/\/www.leemanleddisplay.com\/","name":"Leemanled","description":"","publisher":{"@id":"https:\/\/www.leemanleddisplay.com\/#organization"},"potentialAction":[{"@type":"SearchAction","target":{"@type":"EntryPoint","urlTemplate":"https:\/\/www.leemanleddisplay.com\/?s={search_term_string}"},"query-input":{"@type":"PropertyValueSpecification","valueRequired":true,"valueName":"search_term_string"}}],"inLanguage":"hu"},{"@type":"Organization","@id":"https:\/\/www.leemanleddisplay.com\/#organization","name":"Leemanled","url":"https:\/\/www.leemanleddisplay.com\/","logo":{"@type":"ImageObject","inLanguage":"hu","@id":"https:\/\/www.leemanleddisplay.com\/#\/schema\/logo\/image\/","url":"https:\/\/www.leemanleddisplay.com\/wp-content\/uploads\/2024\/11\/cropped-0-removebg-preview-1.png","contentUrl":"https:\/\/www.leemanleddisplay.com\/wp-content\/uploads\/2024\/11\/cropped-0-removebg-preview-1.png","width":200,"height":50,"caption":"Leemanled"},"image":{"@id":"https:\/\/www.leemanleddisplay.com\/#\/schema\/logo\/image\/"}}]},"product_price_amount":"2173.00","product_price_currency":"USD","og_availability":"instock","product_availability":"instock","product_retailer_item_id":"Face Shaped LED Screen","product_condition":"new"},"_links":{"self":[{"href":"https:\/\/www.leemanleddisplay.com\/hu\/wp-json\/wp\/v2\/product\/40172","targetHints":{"allow":["GET"]}}],"collection":[{"href":"https:\/\/www.leemanleddisplay.com\/hu\/wp-json\/wp\/v2\/product"}],"about":[{"href":"https:\/\/www.leemanleddisplay.com\/hu\/wp-json\/wp\/v2\/types\/product"}],"replies":[{"embeddable":true,"href":"https:\/\/www.leemanleddisplay.com\/hu\/wp-json\/wp\/v2\/comments?post=40172"}],"wp:featuredmedia":[{"embeddable":true,"href":"https:\/\/www.leemanleddisplay.com\/hu\/wp-json\/wp\/v2\/media\/40170"}],"wp:attachment":[{"href":"https:\/\/www.leemanleddisplay.com\/hu\/wp-json\/wp\/v2\/media?parent=40172"}],"wp:term":[{"taxonomy":"product_cat","embeddable":true,"href":"https:\/\/www.leemanleddisplay.com\/hu\/wp-json\/wp\/v2\/product_cat?post=40172"},{"taxonomy":"product_tag","embeddable":true,"href":"https:\/\/www.leemanleddisplay.com\/hu\/wp-json\/wp\/v2\/product_tag?post=40172"}],"curies":[{"name":"wp","href":"https:\/\/api.w.org\/{rel}","templated":true}]}}