{"id":40838,"date":"2025-01-10T08:38:42","date_gmt":"2025-01-10T08:38:42","guid":{"rendered":"https:\/\/www.leemanleddisplay.com\/product\/mrv432-novastar-receiving-card\/"},"modified":"2025-01-15T13:19:15","modified_gmt":"2025-01-15T13:19:15","slug":"mrv432-novastar-receiving-card","status":"publish","type":"product","link":"https:\/\/www.leemanleddisplay.com\/hu\/product\/mrv432-novastar-receiving-card\/","title":{"rendered":"MRV432 Novastar Receiving Card"},"content":{"rendered":"<p><strong>Novastar MRV432 LED Screen Receiving Card\u00a0Features\uff1a<\/strong><\/p>\n<p>\u00b7Pixel level brightness and chroma calibration<br \/>Working with NovaLCT and NovaCLB, the\u00a0receiving card supports brightness and chroma\u00a0calibration on each LED, which can effectively\u00a0remove color discrepancies and greatly improve\u00a0LED display brightness and chroma consistency,allowing for better image quality.<\/p>\n<p>\u00b7Quick adjustment of dark or bright lines<br \/>The dark or bright lines caused by splicing of\u00a0modules or cabinets can be adjusted to improve\u00a0the visual experience. The adjustment can be\u00a0easily made and takes effect immediately.<\/p>\n<p>\u00b73D function<br \/>Working with the sending card that supports 3D\u00a0function, the receiving card supports 3D output.<\/p>\n<p>\u00b7Individual Gamma adjustment for RGB<br \/>Working with NovaLCT (V5.2.0 or later) and the\u00a0sending card that supports this function, the\u00a0receiving card supports individual adjustment of\u00a0red Gamma, green Gamma and blue Gamma,which can effectively control image nonuniformity under low grayscale and white\u00a0balance offset, allowing for a more realistic\u00a0image.<\/p>\n<p>\u00b7Image rotation in 90\u00b0 increments<br \/>The display image can be set to rotate in\u00a0multiples of 90\u00b0 (0\u00b0\/90\u00b0\/180\u00b0\/270\u00b0).<\/p>\n<p>\u00b7Mapping function<br \/>The cabinets can display the receiving card\u00a0number and Ethernet port information, allowing\u00a0users to easily obtain the locations and\u00a0connection topology of receiving cards.<\/p>\n<p>\u00b7Setting of a pre-stored image in receiving card<br \/>The image displayed on the screen during\u00a0startup, or displayed when the Ethernet cable is\u00a0disconnected or there is no video signal can be\u00a0customized.<\/p>\n<p>\u00b7Temperature and voltage monitoring<br \/>The receiving card temperature and voltage can\u00a0be monitored without using peripherals.<\/p>\n<p>\u00b7Cabinet LCD<br \/>The LCD module of the cabinet can display the\u00a0temperature, voltage, single run time and total\u00a0run time of the receiving card.<\/p>\n<p>\u00b7Bite error detection<br \/>The Ethernet port communication quality of the\u00a0receiving card can be monitored and the number\u00a0of erroneous packets can be recorded to help\u00a0troubleshoot network communication problems.<br \/>NovaLCT V5.2.0 or later is required.<\/p>\n<p>\u00b7Firmware program readback<br \/>The receiving card firmware program can be\u00a0read back and saved to the local computer.<br \/>NovaLCT V5.2.0 or later is required.<\/p>\n<p>\u00b7Configuration parameter readback<br \/>The receiving card configuration parameters can\u00a0be read back and saved to the local computer.<\/p>\n<div style=\"opacity: 0;\" id=\"qb-sougou-search\">\n<div id=\"qb-sougou-search\" style=\"opacity: 0;\">\n<p class=\"last-btn\">\n<\/div>\n<\/div>","protected":false},"excerpt":{"rendered":"<p>Novastar MRV432 LED Screen Receiving Card\u00a0Features\uff1a \u00b7Pixel level brightness and chroma calibrationWorking with NovaLCT and NovaCLB, the\u00a0receiving card supports brightness and chroma\u00a0calibration on each LED, which can effectively\u00a0remove&#8230;<\/p>","protected":false},"featured_media":40827,"comment_status":"closed","ping_status":"closed","template":"","meta":{"_monsterinsights_skip_tracking":false,"_monsterinsights_sitenote_active":false,"_monsterinsights_sitenote_note":"","_monsterinsights_sitenote_category":0},"product_cat":[138],"product_tag":[136,37],"class_list":{"0":"post-40838","1":"product","2":"type-product","3":"status-publish","4":"has-post-thumbnail","6":"product_cat-novastar","7":"product_tag-less-than-100-00","8":"product_tag-novastar","10":"first","11":"instock","12":"shipping-taxable","13":"purchasable","14":"product-type-simple"},"yoast_head":"<!-- This site is optimized with the Yoast SEO Premium plugin v24.1 (Yoast SEO v24.1) - https:\/\/yoast.com\/wordpress\/plugins\/seo\/ -->\n<title>MRV432 Novastar Receiving Card MRV208-1 MRV412 MRV416<\/title>\n<meta name=\"description\" content=\"MRV432 Novastar Receiving Card MRV208-1 \/ MRV412 \/ MRV416 \/ MRV432 \/ MRV300 \/ MRV560 \/ MRV366 \/ MRV336 \/ MRV328 \/ MRV216 \/ MRV210 \/ MRV208 \/ MRV206\" \/>\n<meta name=\"robots\" content=\"noindex, follow, max-snippet:-1, max-image-preview:large, max-video-preview:-1\" \/>\n<meta property=\"og:locale\" content=\"hu_HU\" \/>\n<meta property=\"og:type\" content=\"article\" \/>\n<meta property=\"og:title\" content=\"MRV432 Novastar Receiving Card\" \/>\n<meta property=\"og:description\" content=\"MRV432 Novastar Receiving Card MRV208-1 \/ MRV412 \/ MRV416 \/ MRV432 \/ MRV300 \/ MRV560 \/ MRV366 \/ MRV336 \/ MRV328 \/ MRV216 \/ MRV210 \/ MRV208 \/ MRV206\" \/>\n<meta property=\"og:url\" content=\"https:\/\/www.leemanleddisplay.com\/hu\/product\/mrv432-novastar-receiving-card\/\" \/>\n<meta property=\"og:site_name\" content=\"Leemanled\" \/>\n<meta property=\"article:modified_time\" content=\"2025-01-15T13:19:15+00:00\" \/>\n<meta property=\"og:image\" content=\"https:\/\/www.leemanleddisplay.com\/wp-content\/uploads\/1736\/98mrv432-novastar-receiving-card_0.jpg\" \/>\n\t<meta property=\"og:image:width\" content=\"2000\" \/>\n\t<meta property=\"og:image:height\" content=\"1310\" \/>\n\t<meta property=\"og:image:type\" content=\"image\/jpeg\" \/>\n<meta name=\"twitter:card\" content=\"summary_large_image\" \/>\n<meta name=\"twitter:label1\" content=\"\u00c1r\" \/>\n\t<meta name=\"twitter:data1\" content=\"&#036;17.00\" \/>\n\t<meta name=\"twitter:label2\" content=\"El\u00e9rhet\u0151s\u00e9g\" \/>\n\t<meta name=\"twitter:data2\" content=\"K\u00e9szleten\" \/>\n<script type=\"application\/ld+json\" class=\"yoast-schema-graph\">{\"@context\":\"https:\/\/schema.org\",\"@graph\":[{\"@type\":\"WebPage\",\"@id\":\"https:\/\/www.leemanleddisplay.com\/product\/mrv432-novastar-receiving-card\/\",\"url\":\"https:\/\/www.leemanleddisplay.com\/product\/mrv432-novastar-receiving-card\/\",\"name\":\"MRV432 Novastar Receiving Card MRV208-1 MRV412 MRV416\",\"isPartOf\":{\"@id\":\"https:\/\/www.leemanleddisplay.com\/#website\"},\"primaryImageOfPage\":{\"@id\":\"https:\/\/www.leemanleddisplay.com\/product\/mrv432-novastar-receiving-card\/#primaryimage\"},\"image\":{\"@id\":\"https:\/\/www.leemanleddisplay.com\/product\/mrv432-novastar-receiving-card\/#primaryimage\"},\"thumbnailUrl\":\"https:\/\/www.leemanleddisplay.com\/wp-content\/uploads\/1736\/98mrv432-novastar-receiving-card_0.jpg\",\"datePublished\":\"2025-01-10T08:38:42+00:00\",\"dateModified\":\"2025-01-15T13:19:15+00:00\",\"description\":\"MRV432 Novastar Receiving Card MRV208-1 \/ MRV412 \/ MRV416 \/ MRV432 \/ MRV300 \/ MRV560 \/ MRV366 \/ MRV336 \/ MRV328 \/ MRV216 \/ MRV210 \/ MRV208 \/ MRV206\",\"breadcrumb\":{\"@id\":\"https:\/\/www.leemanleddisplay.com\/product\/mrv432-novastar-receiving-card\/#breadcrumb\"},\"inLanguage\":\"hu\",\"potentialAction\":[{\"@type\":\"ReadAction\",\"target\":[\"https:\/\/www.leemanleddisplay.com\/product\/mrv432-novastar-receiving-card\/\"]}]},{\"@type\":\"ImageObject\",\"inLanguage\":\"hu\",\"@id\":\"https:\/\/www.leemanleddisplay.com\/product\/mrv432-novastar-receiving-card\/#primaryimage\",\"url\":\"https:\/\/www.leemanleddisplay.com\/wp-content\/uploads\/1736\/98mrv432-novastar-receiving-card_0.jpg\",\"contentUrl\":\"https:\/\/www.leemanleddisplay.com\/wp-content\/uploads\/1736\/98mrv432-novastar-receiving-card_0.jpg\",\"width\":2000,\"height\":1310},{\"@type\":\"BreadcrumbList\",\"@id\":\"https:\/\/www.leemanleddisplay.com\/product\/mrv432-novastar-receiving-card\/#breadcrumb\",\"itemListElement\":[{\"@type\":\"ListItem\",\"position\":1,\"name\":\"Home\",\"item\":\"https:\/\/www.leemanleddisplay.com\/\"},{\"@type\":\"ListItem\",\"position\":2,\"name\":\"Shop\",\"item\":\"https:\/\/www.leemanleddisplay.com\/shop\/\"},{\"@type\":\"ListItem\",\"position\":3,\"name\":\"MRV432 Novastar Receiving Card\"}]},{\"@type\":\"WebSite\",\"@id\":\"https:\/\/www.leemanleddisplay.com\/#website\",\"url\":\"https:\/\/www.leemanleddisplay.com\/\",\"name\":\"Leemanled\",\"description\":\"\",\"publisher\":{\"@id\":\"https:\/\/www.leemanleddisplay.com\/#organization\"},\"potentialAction\":[{\"@type\":\"SearchAction\",\"target\":{\"@type\":\"EntryPoint\",\"urlTemplate\":\"https:\/\/www.leemanleddisplay.com\/?s={search_term_string}\"},\"query-input\":{\"@type\":\"PropertyValueSpecification\",\"valueRequired\":true,\"valueName\":\"search_term_string\"}}],\"inLanguage\":\"hu\"},{\"@type\":\"Organization\",\"@id\":\"https:\/\/www.leemanleddisplay.com\/#organization\",\"name\":\"Leemanled\",\"url\":\"https:\/\/www.leemanleddisplay.com\/\",\"logo\":{\"@type\":\"ImageObject\",\"inLanguage\":\"hu\",\"@id\":\"https:\/\/www.leemanleddisplay.com\/#\/schema\/logo\/image\/\",\"url\":\"https:\/\/www.leemanleddisplay.com\/wp-content\/uploads\/2024\/11\/cropped-0-removebg-preview-1.png\",\"contentUrl\":\"https:\/\/www.leemanleddisplay.com\/wp-content\/uploads\/2024\/11\/cropped-0-removebg-preview-1.png\",\"width\":200,\"height\":50,\"caption\":\"Leemanled\"},\"image\":{\"@id\":\"https:\/\/www.leemanleddisplay.com\/#\/schema\/logo\/image\/\"}}]}<\/script>\n<meta property=\"product:price:amount\" content=\"17.00\" \/>\n<meta property=\"product:price:currency\" content=\"USD\" \/>\n<meta property=\"og:availability\" content=\"instock\" \/>\n<meta property=\"product:availability\" content=\"instock\" \/>\n<meta property=\"product:retailer_item_id\" content=\"7616119734463\" \/>\n<meta property=\"product:condition\" content=\"new\" \/>\n<!-- \/ Yoast SEO Premium plugin. -->","yoast_head_json":{"title":"MRV432 Novastar Receiving Card MRV208-1 MRV412 MRV416","description":"MRV432 Novastar Receiving Card MRV208-1 \/ MRV412 \/ MRV416 \/ MRV432 \/ MRV300 \/ MRV560 \/ MRV366 \/ MRV336 \/ MRV328 \/ MRV216 \/ MRV210 \/ MRV208 \/ MRV206","robots":{"index":"noindex","follow":"follow","max-snippet":"max-snippet:-1","max-image-preview":"max-image-preview:large","max-video-preview":"max-video-preview:-1"},"og_locale":"hu_HU","og_type":"article","og_title":"MRV432 Novastar Receiving Card","og_description":"MRV432 Novastar Receiving Card MRV208-1 \/ MRV412 \/ MRV416 \/ MRV432 \/ MRV300 \/ MRV560 \/ MRV366 \/ MRV336 \/ MRV328 \/ MRV216 \/ MRV210 \/ MRV208 \/ MRV206","og_url":"https:\/\/www.leemanleddisplay.com\/hu\/product\/mrv432-novastar-receiving-card\/","og_site_name":"Leemanled","article_modified_time":"2025-01-15T13:19:15+00:00","og_image":[{"width":2000,"height":1310,"url":"https:\/\/www.leemanleddisplay.com\/wp-content\/uploads\/1736\/98mrv432-novastar-receiving-card_0.jpg","type":"image\/jpeg"}],"twitter_card":"summary_large_image","twitter_misc":{"\u00c1r":"&#36;17.00","El\u00e9rhet\u0151s\u00e9g":"K\u00e9szleten"},"schema":{"@context":"https:\/\/schema.org","@graph":[{"@type":"WebPage","@id":"https:\/\/www.leemanleddisplay.com\/product\/mrv432-novastar-receiving-card\/","url":"https:\/\/www.leemanleddisplay.com\/product\/mrv432-novastar-receiving-card\/","name":"MRV432 Novastar Receiving Card MRV208-1 MRV412 MRV416","isPartOf":{"@id":"https:\/\/www.leemanleddisplay.com\/#website"},"primaryImageOfPage":{"@id":"https:\/\/www.leemanleddisplay.com\/product\/mrv432-novastar-receiving-card\/#primaryimage"},"image":{"@id":"https:\/\/www.leemanleddisplay.com\/product\/mrv432-novastar-receiving-card\/#primaryimage"},"thumbnailUrl":"https:\/\/www.leemanleddisplay.com\/wp-content\/uploads\/1736\/98mrv432-novastar-receiving-card_0.jpg","datePublished":"2025-01-10T08:38:42+00:00","dateModified":"2025-01-15T13:19:15+00:00","description":"MRV432 Novastar Receiving Card MRV208-1 \/ MRV412 \/ MRV416 \/ MRV432 \/ MRV300 \/ MRV560 \/ MRV366 \/ MRV336 \/ MRV328 \/ MRV216 \/ MRV210 \/ MRV208 \/ MRV206","breadcrumb":{"@id":"https:\/\/www.leemanleddisplay.com\/product\/mrv432-novastar-receiving-card\/#breadcrumb"},"inLanguage":"hu","potentialAction":[{"@type":"ReadAction","target":["https:\/\/www.leemanleddisplay.com\/product\/mrv432-novastar-receiving-card\/"]}]},{"@type":"ImageObject","inLanguage":"hu","@id":"https:\/\/www.leemanleddisplay.com\/product\/mrv432-novastar-receiving-card\/#primaryimage","url":"https:\/\/www.leemanleddisplay.com\/wp-content\/uploads\/1736\/98mrv432-novastar-receiving-card_0.jpg","contentUrl":"https:\/\/www.leemanleddisplay.com\/wp-content\/uploads\/1736\/98mrv432-novastar-receiving-card_0.jpg","width":2000,"height":1310},{"@type":"BreadcrumbList","@id":"https:\/\/www.leemanleddisplay.com\/product\/mrv432-novastar-receiving-card\/#breadcrumb","itemListElement":[{"@type":"ListItem","position":1,"name":"Home","item":"https:\/\/www.leemanleddisplay.com\/"},{"@type":"ListItem","position":2,"name":"Shop","item":"https:\/\/www.leemanleddisplay.com\/shop\/"},{"@type":"ListItem","position":3,"name":"MRV432 Novastar Receiving Card"}]},{"@type":"WebSite","@id":"https:\/\/www.leemanleddisplay.com\/#website","url":"https:\/\/www.leemanleddisplay.com\/","name":"Leemanled","description":"","publisher":{"@id":"https:\/\/www.leemanleddisplay.com\/#organization"},"potentialAction":[{"@type":"SearchAction","target":{"@type":"EntryPoint","urlTemplate":"https:\/\/www.leemanleddisplay.com\/?s={search_term_string}"},"query-input":{"@type":"PropertyValueSpecification","valueRequired":true,"valueName":"search_term_string"}}],"inLanguage":"hu"},{"@type":"Organization","@id":"https:\/\/www.leemanleddisplay.com\/#organization","name":"Leemanled","url":"https:\/\/www.leemanleddisplay.com\/","logo":{"@type":"ImageObject","inLanguage":"hu","@id":"https:\/\/www.leemanleddisplay.com\/#\/schema\/logo\/image\/","url":"https:\/\/www.leemanleddisplay.com\/wp-content\/uploads\/2024\/11\/cropped-0-removebg-preview-1.png","contentUrl":"https:\/\/www.leemanleddisplay.com\/wp-content\/uploads\/2024\/11\/cropped-0-removebg-preview-1.png","width":200,"height":50,"caption":"Leemanled"},"image":{"@id":"https:\/\/www.leemanleddisplay.com\/#\/schema\/logo\/image\/"}}]},"product_price_amount":"17.00","product_price_currency":"USD","og_availability":"instock","product_availability":"instock","product_retailer_item_id":"7616119734463","product_condition":"new"},"_links":{"self":[{"href":"https:\/\/www.leemanleddisplay.com\/hu\/wp-json\/wp\/v2\/product\/40838","targetHints":{"allow":["GET"]}}],"collection":[{"href":"https:\/\/www.leemanleddisplay.com\/hu\/wp-json\/wp\/v2\/product"}],"about":[{"href":"https:\/\/www.leemanleddisplay.com\/hu\/wp-json\/wp\/v2\/types\/product"}],"replies":[{"embeddable":true,"href":"https:\/\/www.leemanleddisplay.com\/hu\/wp-json\/wp\/v2\/comments?post=40838"}],"wp:featuredmedia":[{"embeddable":true,"href":"https:\/\/www.leemanleddisplay.com\/hu\/wp-json\/wp\/v2\/media\/40827"}],"wp:attachment":[{"href":"https:\/\/www.leemanleddisplay.com\/hu\/wp-json\/wp\/v2\/media?parent=40838"}],"wp:term":[{"taxonomy":"product_cat","embeddable":true,"href":"https:\/\/www.leemanleddisplay.com\/hu\/wp-json\/wp\/v2\/product_cat?post=40838"},{"taxonomy":"product_tag","embeddable":true,"href":"https:\/\/www.leemanleddisplay.com\/hu\/wp-json\/wp\/v2\/product_tag?post=40838"}],"curies":[{"name":"wp","href":"https:\/\/api.w.org\/{rel}","templated":true}]}}