{"id":41029,"date":"2025-01-10T08:47:58","date_gmt":"2025-01-10T08:47:58","guid":{"rendered":"https:\/\/www.leemanleddisplay.com\/product\/lvp100u-vdwall-led-display-screen-video-processor\/"},"modified":"2025-01-15T12:43:13","modified_gmt":"2025-01-15T12:43:13","slug":"lvp100u-vdwall-led-display-screen-video-processor","status":"publish","type":"product","link":"https:\/\/www.leemanleddisplay.com\/hu\/product\/lvp100u-vdwall-led-display-screen-video-processor\/","title":{"rendered":"LVP100U VDWALL  led display screen Video Processor"},"content":{"rendered":"<p><strong>VDWALL LVP100U LED HD Definition Video Processor\u00a0Features:<\/strong><\/p>\n<p>\u25cfNTSC image and video processing, you can customize soft or standard two effects<br \/>5-way input, 3-way output, audio output, to meet the application requirements of most small LED displays<br \/>\u25cfA variety of output resolutions can be selected, which perfectly fits the size of the LED display<br \/>\u25cfA variety of input DVI EDID resolutions can be selected and set to perfectly realize point-to-point display<br \/>\u25cfSeamless switching, fade in and fade out switching,<br \/>\u25cf Customize color, clarity and brightness<br \/>\u25cfPreset scenes, providing 10 preset storage spaces, quickly applying various scenes<br \/>\u25cfManipulation method: panel buttons. The operation is flexible and convenient.<br \/>\u25cfBuilt-in 2 LED sending cards<br \/>\u25c624\/7 application, high reliability and stability<\/p>\n<p><strong>VDWALL LVP100 LED High Definition Video Processor Specifications:<\/strong><\/p>\n<p><strong><span>Specification of Outputs<\/span><\/strong><strong><span>Others<\/span><\/strong><\/p>\n<table border=\"1\" cellpadding=\"0\" cellspacing=\"0\" style=\"width: 98%;\">\n<colgroup>\n<col span=\"3\" width=\"72\" \/> <\/colgroup>\n<tbody>\n<tr>\n<td colspan=\"3\">\n<div align=\"center\"><span><strong><span>Specification of Inputs<\/span><\/strong><\/span><\/div>\n<\/td>\n<\/tr>\n<tr>\n<td class=\"xl63\" height=\"76\" width=\"205\">Quantity\/Type<\/td>\n<td class=\"xl65\" colspan=\"2\" width=\"410\">\n<div>1\u00d7CVBS<\/div>\n<div>1\u00d7VGA\uff08RGBHV\uff09<\/div>\n<div>1\u00d7DVI\uff08<\/div>\n<div>VESA \/ CEA-861\uff09<\/div>\n<div>1\u00d7HDMI\uff08<\/div>\n<div>VESA \/ CEA-861\uff09<\/div>\n<div>2\u00d7USB\uff08USB2.0\uff09<\/div>\n<\/td>\n<\/tr>\n<tr>\n<td class=\"xl63\" height=\"38\" width=\"205\">Composite Video<\/td>\n<td class=\"xl65\" colspan=\"2\" width=\"410\">PAL \/ NTSC<\/td>\n<\/tr>\n<tr>\n<td class=\"xl63\" height=\"57\" width=\"205\">\u00a0Video Amplitude\/<br \/>Impedance<\/td>\n<td class=\"xl65\" colspan=\"2\" width=\"410\">1V (p_p) \/ 75\u03a9<\/td>\n<\/tr>\n<tr>\n<td class=\"xl63\" height=\"19\" width=\"205\">\n<div>HDMI<\/div>\n<\/td>\n<td class=\"xl63\" width=\"205\">\n<div>PC\uff08VESA Standard\uff09\/<\/div>\n<div>HDMI1.3\uff08CEA-861\uff09<\/div>\n<\/td>\n<td class=\"xl63\" width=\"205\">\u22641920&#215;1280@60Hz<\/td>\n<\/tr>\n<tr>\n<td class=\"xl63\" height=\"19\" width=\"205\">\n<div>DVI<\/div>\n<\/td>\n<td class=\"xl63\" width=\"205\">\n<div>PC\uff08VESA Standard\uff09\/<\/div>\n<div>DVI1.4\uff08CEA-861\uff09<\/div>\n<\/td>\n<td class=\"xl63\" width=\"205\">\u22641920x 1280@60Hz<\/td>\n<\/tr>\n<tr>\n<td class=\"xl63\" height=\"19\" width=\"205\">\n<div>VGA<\/div>\n<\/td>\n<td class=\"xl63\" width=\"205\">\n<div>VGA\uff08RGBHV Standard\uff09<\/div>\n<\/td>\n<td class=\"xl63\" width=\"205\">\u22641920\u00d71080@60Hz<\/td>\n<\/tr>\n<tr>\n<td class=\"xl63\" height=\"19\" width=\"205\">\n<div>CVBS<\/div>\n<\/td>\n<td class=\"xl63\" width=\"205\">\n<div>Support PAL, PAL-M\/N,<\/div>\n<div>NTSC, SECAM format<\/div>\n<\/td>\n<td class=\"xl63\" width=\"205\"><\/td>\n<\/tr>\n<tr>\n<td class=\"xl63\" height=\"19\" width=\"205\">\n<div>USB<\/div>\n<div><\/div>\n<\/td>\n<td class=\"xl63\" width=\"205\">\n<div>USB2.0 standard<\/div>\n<\/td>\n<td class=\"xl63\" width=\"205\">\u22641920 x 1080@60Hz<\/td>\n<\/tr>\n<tr>\n<td class=\"xl63\" height=\"19\" width=\"205\">\n<div>Input Terminal<\/div>\n<\/td>\n<td class=\"xl63\" width=\"205\">\n<div>CVBS\uff1aBNC<\/div>\n<div>VGA\uff1a15pin D_Sub ( Female )<\/div>\n<div>DVI\uff1a24+1 DVI_D<\/div>\n<div>HDMI\uff1aHDMI Type A<\/div>\n<\/td>\n<td class=\"xl63\" width=\"205\"><\/td>\n<\/tr>\n<tr>\n<td class=\"xl63\" height=\"19\" width=\"205\">\n<div>Output Signal<\/div>\n<\/td>\n<td class=\"xl63\" width=\"205\"><\/td>\n<td class=\"xl63\" width=\"205\"><\/td>\n<\/tr>\n<tr>\n<td class=\"xl63\" height=\"19\" width=\"205\">\n<div>\n<div>Amount \/ Type<\/div>\n<\/div>\n<\/td>\n<td class=\"xl63\" width=\"205\">\n<div>2x DVI<\/div>\n<div>1x AUDIO<\/div>\n<\/td>\n<td class=\"xl63\" width=\"205\"><\/td>\n<\/tr>\n<tr>\n<td class=\"xl67\" height=\"247\">\n<div>DVI Format<\/div>\n<\/td>\n<td class=\"xl65\" colspan=\"2\" width=\"410\">\n<div>1024\u00d7768@60Hz<\/div>\n<div>1280\u00d7720@60Hz<\/div>\n<div>1280\u00d71024@60Hz<\/div>\n<div>1600\u00d71200@60Hz<\/div>\n<div>1920\u00d71080@60Hz<\/div>\n<div>1920\u00d71200@60Hz<\/div>\n<div>1920\u00d71280@60Hz\u00a0<\/div>\n<\/td>\n<\/tr>\n<tr>\n<td class=\"xl63\" height=\"19\" width=\"205\">\n<div>Customized Output<\/div>\n<div>Resolution<\/div>\n<\/td>\n<td class=\"xl65\" colspan=\"2\" width=\"410\">\n<div>@60Hz\uff1a<\/div>\n<div>(2.65 million pixels)<\/div>\n<div>4096*640@60Hz<\/div>\n<div>3840*720@60Hz<\/div>\n<div>2560*1080@60Hz<\/div>\n<div>1340*2018@60Hz<\/div>\n<div>@30Hz\uff1a<\/div>\n<div>530\uff08<\/div>\n<div>5.3 million pixels\uff09<\/div>\n<div>4096*640@30Hz<\/div>\n<div>3840*720@30Hz<\/div>\n<div>2560*1080@30Hz<\/div>\n<div>1340*2018@30Hz<\/div>\n<\/td>\n<\/tr>\n<tr>\n<td class=\"xl63\" height=\"19\" width=\"205\">\n<div>AUDIO Format<\/div>\n<p>\u00a0<\/td>\n<td class=\"xl65\" colspan=\"2\" width=\"410\">\n<div>Stereo Output<\/div>\n<\/td>\n<\/tr>\n<tr>\n<td class=\"xl63\" height=\"19\" width=\"205\">\n<div>Output Terminal<\/div>\n<\/td>\n<td class=\"xl65\" colspan=\"2\" width=\"410\">\n<div>DVI OUT\uff1a24+1 DVI_D<\/div>\n<div>AUDIO OUT\uff1aAUDIO<\/div>\n<\/td>\n<\/tr>\n<tr>\n<td class=\"xl63\" height=\"38\" width=\"205\">\n<div>Others<\/div>\n<\/td>\n<td class=\"xl65\" colspan=\"2\" width=\"410\"><\/td>\n<\/tr>\n<tr>\n<td class=\"xl63\" height=\"38\" width=\"205\">\n<div>Control Port<\/div>\n<\/td>\n<td class=\"xl65\" colspan=\"2\" width=\"410\">\n<div>RS232<\/div>\n<\/td>\n<\/tr>\n<tr>\n<td class=\"xl63\" height=\"38\" width=\"205\">\n<div>Control&amp; Update<\/div>\n<\/td>\n<td class=\"xl65\" colspan=\"2\" width=\"410\">\n<div>USB-CTL<\/div>\n<\/td>\n<\/tr>\n<tr>\n<td class=\"xl63\" height=\"38\" width=\"205\">\n<div>Input AC Power<\/div>\n<\/td>\n<td class=\"xl65\" colspan=\"2\" width=\"410\">\n<div>100-240VAC 50\/60Hz<\/div>\n<\/td>\n<\/tr>\n<tr>\n<td class=\"xl63\" height=\"38\" width=\"205\">Packing Size\u00a0<\/td>\n<td class=\"xl65\" colspan=\"2\" width=\"410\">535 (L) x 315 (W) x 145 (H)mm<\/td>\n<\/tr>\n<tr>\n<td class=\"xl63\" height=\"19\" width=\"205\">Weight\u00a0<\/td>\n<td class=\"xl65\" colspan=\"2\" width=\"410\">G.W.: 4Kg, N.W.: 2.5Kg<\/td>\n<\/tr>\n<tr>\n<td class=\"xl63\" height=\"19\" width=\"205\">\n<div>Power Consumption<\/div>\n<\/td>\n<td class=\"xl65\" colspan=\"2\" width=\"410\">\n<p>22W<\/p>\n<\/td>\n<\/tr>\n<tr>\n<td class=\"xl63\" height=\"19\" width=\"205\">\n<div>Ambient Temperature<\/div>\n<\/td>\n<td class=\"xl65\" colspan=\"2\" width=\"410\">\n<div>0-50\u2103<\/div>\n<\/td>\n<\/tr>\n<tr>\n<td class=\"xl63\" height=\"19\" width=\"205\">\n<div>Ambient Humidity<\/div>\n<\/td>\n<td class=\"xl65\" colspan=\"2\" width=\"410\">\n<div>15-90%<\/div>\n<\/td>\n<\/tr>\n<tr>\n<td class=\"xl63\" height=\"19\" width=\"205\">\n<div>\n<div>Standard Accessory<\/div>\n<\/div>\n<\/td>\n<td class=\"xl65\" colspan=\"2\" width=\"410\">\n<div>\n<div>1.2M Power Cable\u00d71<\/div>\n<div>0.5M DVI Cable\u00d71<\/div>\n<div>1.5M HDMI Cable\u00d71 User Manual \u00d7 1 USB Disk\u00d71<\/div>\n<\/div>\n<\/td>\n<\/tr>\n<\/tbody>\n<\/table>\n<p>&nbsp;<\/p>","protected":false},"excerpt":{"rendered":"<p>VDWALL LVP100U LED HD Definition Video Processor\u00a0Features: \u25cfNTSC image and video processing, you can customize soft or standard two effects5-way input, 3-way output, audio output, to meet the&#8230;<\/p>","protected":false},"featured_media":41019,"comment_status":"closed","ping_status":"closed","template":"","meta":{"_monsterinsights_skip_tracking":false,"_monsterinsights_sitenote_active":false,"_monsterinsights_sitenote_note":"","_monsterinsights_sitenote_category":0},"product_cat":[186],"product_tag":[148,191],"class_list":{"0":"post-41029","1":"product","2":"type-product","3":"status-publish","4":"has-post-thumbnail","6":"product_cat-vdwall","7":"product_tag-100-00-300-00","8":"product_tag-vdwall","10":"first","11":"instock","12":"shipping-taxable","13":"purchasable","14":"product-type-simple"},"yoast_head":"<!-- This site is optimized with the Yoast SEO Premium plugin v24.1 (Yoast SEO v24.1) - https:\/\/yoast.com\/wordpress\/plugins\/seo\/ -->\n<title>LVP100U VDWALL led display screen Video Processor Novastarled<\/title>\n<meta name=\"description\" content=\"LVP100U VDWALL led display screen Video Processor LianTronics \u00b7 Leyard \u00b7 Absen \u00b7 Unilumin \u00b7 ROE Visual \u00b7 INFiLED \u00b7 Samsung \u00b7 Barco \u00b7 Vanguard LED Displays.\" \/>\n<meta name=\"robots\" content=\"noindex, follow, max-snippet:-1, max-image-preview:large, max-video-preview:-1\" \/>\n<meta property=\"og:locale\" content=\"hu_HU\" \/>\n<meta property=\"og:type\" content=\"article\" \/>\n<meta property=\"og:title\" content=\"LVP100U VDWALL led display screen Video Processor\" \/>\n<meta property=\"og:description\" content=\"LVP100U VDWALL led display screen Video Processor LianTronics \u00b7 Leyard \u00b7 Absen \u00b7 Unilumin \u00b7 ROE Visual \u00b7 INFiLED \u00b7 Samsung \u00b7 Barco \u00b7 Vanguard LED Displays.\" \/>\n<meta property=\"og:url\" content=\"https:\/\/www.leemanleddisplay.com\/hu\/product\/lvp100u-vdwall-led-display-screen-video-processor\/\" \/>\n<meta property=\"og:site_name\" content=\"Leemanled\" \/>\n<meta property=\"article:modified_time\" content=\"2025-01-15T12:43:13+00:00\" \/>\n<meta property=\"og:image\" content=\"https:\/\/www.leemanleddisplay.com\/wp-content\/uploads\/1736\/98lvp100u-vdwall-led-display-screen-video-processor_0.jpg\" \/>\n\t<meta property=\"og:image:width\" content=\"2300\" \/>\n\t<meta property=\"og:image:height\" content=\"1310\" \/>\n\t<meta property=\"og:image:type\" content=\"image\/jpeg\" \/>\n<meta name=\"twitter:card\" content=\"summary_large_image\" \/>\n<meta name=\"twitter:label1\" content=\"\u00c1r\" \/>\n\t<meta name=\"twitter:data1\" content=\"&#036;110.00\" \/>\n\t<meta name=\"twitter:label2\" content=\"El\u00e9rhet\u0151s\u00e9g\" \/>\n\t<meta name=\"twitter:data2\" content=\"K\u00e9szleten\" \/>\n<script type=\"application\/ld+json\" class=\"yoast-schema-graph\">{\"@context\":\"https:\/\/schema.org\",\"@graph\":[{\"@type\":\"WebPage\",\"@id\":\"https:\/\/www.leemanleddisplay.com\/product\/lvp100u-vdwall-led-display-screen-video-processor\/\",\"url\":\"https:\/\/www.leemanleddisplay.com\/product\/lvp100u-vdwall-led-display-screen-video-processor\/\",\"name\":\"LVP100U VDWALL led display screen Video Processor Novastarled\",\"isPartOf\":{\"@id\":\"https:\/\/www.leemanleddisplay.com\/#website\"},\"primaryImageOfPage\":{\"@id\":\"https:\/\/www.leemanleddisplay.com\/product\/lvp100u-vdwall-led-display-screen-video-processor\/#primaryimage\"},\"image\":{\"@id\":\"https:\/\/www.leemanleddisplay.com\/product\/lvp100u-vdwall-led-display-screen-video-processor\/#primaryimage\"},\"thumbnailUrl\":\"https:\/\/www.leemanleddisplay.com\/wp-content\/uploads\/1736\/98lvp100u-vdwall-led-display-screen-video-processor_0.jpg\",\"datePublished\":\"2025-01-10T08:47:58+00:00\",\"dateModified\":\"2025-01-15T12:43:13+00:00\",\"description\":\"LVP100U VDWALL led display screen Video Processor LianTronics \u00b7 Leyard \u00b7 Absen \u00b7 Unilumin \u00b7 ROE Visual \u00b7 INFiLED \u00b7 Samsung \u00b7 Barco \u00b7 Vanguard LED Displays.\",\"breadcrumb\":{\"@id\":\"https:\/\/www.leemanleddisplay.com\/product\/lvp100u-vdwall-led-display-screen-video-processor\/#breadcrumb\"},\"inLanguage\":\"hu\",\"potentialAction\":[{\"@type\":\"ReadAction\",\"target\":[\"https:\/\/www.leemanleddisplay.com\/product\/lvp100u-vdwall-led-display-screen-video-processor\/\"]}]},{\"@type\":\"ImageObject\",\"inLanguage\":\"hu\",\"@id\":\"https:\/\/www.leemanleddisplay.com\/product\/lvp100u-vdwall-led-display-screen-video-processor\/#primaryimage\",\"url\":\"https:\/\/www.leemanleddisplay.com\/wp-content\/uploads\/1736\/98lvp100u-vdwall-led-display-screen-video-processor_0.jpg\",\"contentUrl\":\"https:\/\/www.leemanleddisplay.com\/wp-content\/uploads\/1736\/98lvp100u-vdwall-led-display-screen-video-processor_0.jpg\",\"width\":2300,\"height\":1310},{\"@type\":\"BreadcrumbList\",\"@id\":\"https:\/\/www.leemanleddisplay.com\/product\/lvp100u-vdwall-led-display-screen-video-processor\/#breadcrumb\",\"itemListElement\":[{\"@type\":\"ListItem\",\"position\":1,\"name\":\"Home\",\"item\":\"https:\/\/www.leemanleddisplay.com\/\"},{\"@type\":\"ListItem\",\"position\":2,\"name\":\"Shop\",\"item\":\"https:\/\/www.leemanleddisplay.com\/shop\/\"},{\"@type\":\"ListItem\",\"position\":3,\"name\":\"LVP100U VDWALL led display screen Video Processor\"}]},{\"@type\":\"WebSite\",\"@id\":\"https:\/\/www.leemanleddisplay.com\/#website\",\"url\":\"https:\/\/www.leemanleddisplay.com\/\",\"name\":\"Leemanled\",\"description\":\"\",\"publisher\":{\"@id\":\"https:\/\/www.leemanleddisplay.com\/#organization\"},\"potentialAction\":[{\"@type\":\"SearchAction\",\"target\":{\"@type\":\"EntryPoint\",\"urlTemplate\":\"https:\/\/www.leemanleddisplay.com\/?s={search_term_string}\"},\"query-input\":{\"@type\":\"PropertyValueSpecification\",\"valueRequired\":true,\"valueName\":\"search_term_string\"}}],\"inLanguage\":\"hu\"},{\"@type\":\"Organization\",\"@id\":\"https:\/\/www.leemanleddisplay.com\/#organization\",\"name\":\"Leemanled\",\"url\":\"https:\/\/www.leemanleddisplay.com\/\",\"logo\":{\"@type\":\"ImageObject\",\"inLanguage\":\"hu\",\"@id\":\"https:\/\/www.leemanleddisplay.com\/#\/schema\/logo\/image\/\",\"url\":\"https:\/\/www.leemanleddisplay.com\/wp-content\/uploads\/2024\/11\/cropped-0-removebg-preview-1.png\",\"contentUrl\":\"https:\/\/www.leemanleddisplay.com\/wp-content\/uploads\/2024\/11\/cropped-0-removebg-preview-1.png\",\"width\":200,\"height\":50,\"caption\":\"Leemanled\"},\"image\":{\"@id\":\"https:\/\/www.leemanleddisplay.com\/#\/schema\/logo\/image\/\"}}]}<\/script>\n<meta property=\"product:price:amount\" content=\"110.00\" \/>\n<meta property=\"product:price:currency\" content=\"USD\" \/>\n<meta property=\"og:availability\" content=\"instock\" \/>\n<meta property=\"product:availability\" content=\"instock\" \/>\n<meta property=\"product:retailer_item_id\" content=\"7483513733311\" \/>\n<meta property=\"product:condition\" content=\"new\" \/>\n<!-- \/ Yoast SEO Premium plugin. -->","yoast_head_json":{"title":"LVP100U VDWALL led display screen Video Processor Novastarled","description":"LVP100U VDWALL led display screen Video Processor LianTronics \u00b7 Leyard \u00b7 Absen \u00b7 Unilumin \u00b7 ROE Visual \u00b7 INFiLED \u00b7 Samsung \u00b7 Barco \u00b7 Vanguard LED Displays.","robots":{"index":"noindex","follow":"follow","max-snippet":"max-snippet:-1","max-image-preview":"max-image-preview:large","max-video-preview":"max-video-preview:-1"},"og_locale":"hu_HU","og_type":"article","og_title":"LVP100U VDWALL led display screen Video Processor","og_description":"LVP100U VDWALL led display screen Video Processor LianTronics \u00b7 Leyard \u00b7 Absen \u00b7 Unilumin \u00b7 ROE Visual \u00b7 INFiLED \u00b7 Samsung \u00b7 Barco \u00b7 Vanguard LED Displays.","og_url":"https:\/\/www.leemanleddisplay.com\/hu\/product\/lvp100u-vdwall-led-display-screen-video-processor\/","og_site_name":"Leemanled","article_modified_time":"2025-01-15T12:43:13+00:00","og_image":[{"width":2300,"height":1310,"url":"https:\/\/www.leemanleddisplay.com\/wp-content\/uploads\/1736\/98lvp100u-vdwall-led-display-screen-video-processor_0.jpg","type":"image\/jpeg"}],"twitter_card":"summary_large_image","twitter_misc":{"\u00c1r":"&#36;110.00","El\u00e9rhet\u0151s\u00e9g":"K\u00e9szleten"},"schema":{"@context":"https:\/\/schema.org","@graph":[{"@type":"WebPage","@id":"https:\/\/www.leemanleddisplay.com\/product\/lvp100u-vdwall-led-display-screen-video-processor\/","url":"https:\/\/www.leemanleddisplay.com\/product\/lvp100u-vdwall-led-display-screen-video-processor\/","name":"LVP100U VDWALL led display screen Video Processor Novastarled","isPartOf":{"@id":"https:\/\/www.leemanleddisplay.com\/#website"},"primaryImageOfPage":{"@id":"https:\/\/www.leemanleddisplay.com\/product\/lvp100u-vdwall-led-display-screen-video-processor\/#primaryimage"},"image":{"@id":"https:\/\/www.leemanleddisplay.com\/product\/lvp100u-vdwall-led-display-screen-video-processor\/#primaryimage"},"thumbnailUrl":"https:\/\/www.leemanleddisplay.com\/wp-content\/uploads\/1736\/98lvp100u-vdwall-led-display-screen-video-processor_0.jpg","datePublished":"2025-01-10T08:47:58+00:00","dateModified":"2025-01-15T12:43:13+00:00","description":"LVP100U VDWALL led display screen Video Processor LianTronics \u00b7 Leyard \u00b7 Absen \u00b7 Unilumin \u00b7 ROE Visual \u00b7 INFiLED \u00b7 Samsung \u00b7 Barco \u00b7 Vanguard LED Displays.","breadcrumb":{"@id":"https:\/\/www.leemanleddisplay.com\/product\/lvp100u-vdwall-led-display-screen-video-processor\/#breadcrumb"},"inLanguage":"hu","potentialAction":[{"@type":"ReadAction","target":["https:\/\/www.leemanleddisplay.com\/product\/lvp100u-vdwall-led-display-screen-video-processor\/"]}]},{"@type":"ImageObject","inLanguage":"hu","@id":"https:\/\/www.leemanleddisplay.com\/product\/lvp100u-vdwall-led-display-screen-video-processor\/#primaryimage","url":"https:\/\/www.leemanleddisplay.com\/wp-content\/uploads\/1736\/98lvp100u-vdwall-led-display-screen-video-processor_0.jpg","contentUrl":"https:\/\/www.leemanleddisplay.com\/wp-content\/uploads\/1736\/98lvp100u-vdwall-led-display-screen-video-processor_0.jpg","width":2300,"height":1310},{"@type":"BreadcrumbList","@id":"https:\/\/www.leemanleddisplay.com\/product\/lvp100u-vdwall-led-display-screen-video-processor\/#breadcrumb","itemListElement":[{"@type":"ListItem","position":1,"name":"Home","item":"https:\/\/www.leemanleddisplay.com\/"},{"@type":"ListItem","position":2,"name":"Shop","item":"https:\/\/www.leemanleddisplay.com\/shop\/"},{"@type":"ListItem","position":3,"name":"LVP100U VDWALL led display screen Video Processor"}]},{"@type":"WebSite","@id":"https:\/\/www.leemanleddisplay.com\/#website","url":"https:\/\/www.leemanleddisplay.com\/","name":"Leemanled","description":"","publisher":{"@id":"https:\/\/www.leemanleddisplay.com\/#organization"},"potentialAction":[{"@type":"SearchAction","target":{"@type":"EntryPoint","urlTemplate":"https:\/\/www.leemanleddisplay.com\/?s={search_term_string}"},"query-input":{"@type":"PropertyValueSpecification","valueRequired":true,"valueName":"search_term_string"}}],"inLanguage":"hu"},{"@type":"Organization","@id":"https:\/\/www.leemanleddisplay.com\/#organization","name":"Leemanled","url":"https:\/\/www.leemanleddisplay.com\/","logo":{"@type":"ImageObject","inLanguage":"hu","@id":"https:\/\/www.leemanleddisplay.com\/#\/schema\/logo\/image\/","url":"https:\/\/www.leemanleddisplay.com\/wp-content\/uploads\/2024\/11\/cropped-0-removebg-preview-1.png","contentUrl":"https:\/\/www.leemanleddisplay.com\/wp-content\/uploads\/2024\/11\/cropped-0-removebg-preview-1.png","width":200,"height":50,"caption":"Leemanled"},"image":{"@id":"https:\/\/www.leemanleddisplay.com\/#\/schema\/logo\/image\/"}}]},"product_price_amount":"110.00","product_price_currency":"USD","og_availability":"instock","product_availability":"instock","product_retailer_item_id":"7483513733311","product_condition":"new"},"_links":{"self":[{"href":"https:\/\/www.leemanleddisplay.com\/hu\/wp-json\/wp\/v2\/product\/41029","targetHints":{"allow":["GET"]}}],"collection":[{"href":"https:\/\/www.leemanleddisplay.com\/hu\/wp-json\/wp\/v2\/product"}],"about":[{"href":"https:\/\/www.leemanleddisplay.com\/hu\/wp-json\/wp\/v2\/types\/product"}],"replies":[{"embeddable":true,"href":"https:\/\/www.leemanleddisplay.com\/hu\/wp-json\/wp\/v2\/comments?post=41029"}],"wp:featuredmedia":[{"embeddable":true,"href":"https:\/\/www.leemanleddisplay.com\/hu\/wp-json\/wp\/v2\/media\/41019"}],"wp:attachment":[{"href":"https:\/\/www.leemanleddisplay.com\/hu\/wp-json\/wp\/v2\/media?parent=41029"}],"wp:term":[{"taxonomy":"product_cat","embeddable":true,"href":"https:\/\/www.leemanleddisplay.com\/hu\/wp-json\/wp\/v2\/product_cat?post=41029"},{"taxonomy":"product_tag","embeddable":true,"href":"https:\/\/www.leemanleddisplay.com\/hu\/wp-json\/wp\/v2\/product_tag?post=41029"}],"curies":[{"name":"wp","href":"https:\/\/api.w.org\/{rel}","templated":true}]}}