{"id":41672,"date":"2025-01-10T09:18:19","date_gmt":"2025-01-10T09:18:19","guid":{"rendered":"https:\/\/www.leemanleddisplay.com\/product\/magnimage-led-w2000-led-4k-x-2k-display-video-processor\/"},"modified":"2025-01-15T07:49:55","modified_gmt":"2025-01-15T07:49:55","slug":"magnimage-led-w2000-led-4k-x-2k-display-video-processor","status":"publish","type":"product","link":"https:\/\/www.leemanleddisplay.com\/hu\/product\/magnimage-led-w2000-led-4k-x-2k-display-video-processor\/","title":{"rendered":"Magnimage LED-W2000 LED 4K x 2K Display Video Processor"},"content":{"rendered":"<p><strong>Magnimage LED-W2000 LED 4K x 2K Display Video Processor Features:<\/strong><\/p>\n<p>1.4K*2K mosaic output:<br \/>8 channels Dvl output ( 4 host * 4 stanby)<br \/>2.All-purpose machine, multiple modes of operation:<br \/>Mosaic mode: 4K*2K\/60Hz inputloutput pixel to pixel display<br \/>Backup mode: input signal hot backup,seamless switchingof one single input or Tile inputs<br \/>3.4 layers<br \/>4.lmage freeze<br \/>5.Layer zOOM<br \/>6.Layer rotation<br \/>7.Multi-machine cascade switch<br \/>8.support touch screen control<br \/>9.uSB upgrade<br \/>10.Time task management<br \/>11.Various input ports:<br \/>DVI*4,HDMI*3,DP*4,SDI*1,and 2 extended 4K*2K\/60Hz inputs<br \/>12.EDID managment<br \/>13.Customized output resolution<br \/>14.support input Tile function<br \/>15.support HDCP<br \/>16.support save and load preset<br \/>17.Built-in test pattern<br \/>18.Software control<br \/>19.LoGo function<br \/>20.lmage crop<br \/>21.Brightness level adjustment, low brightnessand high gray level<\/p>","protected":false},"excerpt":{"rendered":"<p>Magnimage LED-W2000 LED 4K x 2K Display Video Processor Features: 1.4K*2K mosaic output:8 channels Dvl output ( 4 host * 4 stanby)2.All-purpose machine, multiple modes of operation:Mosaic mode:&#8230;<\/p>","protected":false},"featured_media":41663,"comment_status":"closed","ping_status":"closed","template":"","meta":{"_monsterinsights_skip_tracking":false,"_monsterinsights_sitenote_active":false,"_monsterinsights_sitenote_note":"","_monsterinsights_sitenote_category":0},"product_cat":[272],"product_tag":[140,275],"class_list":{"0":"post-41672","1":"product","2":"type-product","3":"status-publish","4":"has-post-thumbnail","6":"product_cat-magnimage","7":"product_tag-1000-00-3000-00","8":"product_tag-magnimage","10":"first","11":"instock","12":"shipping-taxable","13":"purchasable","14":"product-type-simple"},"yoast_head":"<!-- This site is optimized with the Yoast SEO Premium plugin v24.1 (Yoast SEO v24.1) - https:\/\/yoast.com\/wordpress\/plugins\/seo\/ -->\n<title>Magnimage LED-W2000 LED 4K x 2K Display Video Processor<\/title>\n<meta name=\"description\" content=\"Magnimage LED-W2000 LED 4K x 2K Display Video Processor. NovaStar Video Processor V1260 \/ V1160 \/ V1060 \/ V960 \/ V900 \/ V760 \/ V700 \/ K16 \/ K6S \/ K4S-N\" \/>\n<meta name=\"robots\" content=\"noindex, follow, max-snippet:-1, max-image-preview:large, max-video-preview:-1\" \/>\n<meta property=\"og:locale\" content=\"hu_HU\" \/>\n<meta property=\"og:type\" content=\"article\" \/>\n<meta property=\"og:title\" content=\"Magnimage LED-W2000 LED 4K x 2K Display Video Processor\" \/>\n<meta property=\"og:description\" content=\"Magnimage LED-W2000 LED 4K x 2K Display Video Processor. NovaStar Video Processor V1260 \/ V1160 \/ V1060 \/ V960 \/ V900 \/ V760 \/ V700 \/ K16 \/ K6S \/ K4S-N\" \/>\n<meta property=\"og:url\" content=\"https:\/\/www.leemanleddisplay.com\/hu\/product\/magnimage-led-w2000-led-4k-x-2k-display-video-processor\/\" \/>\n<meta property=\"og:site_name\" content=\"Leemanled\" \/>\n<meta property=\"article:modified_time\" content=\"2025-01-15T07:49:55+00:00\" \/>\n<meta property=\"og:image\" content=\"https:\/\/www.leemanleddisplay.com\/wp-content\/uploads\/1736\/00magnimage-led-w2000-led-4k-x-2k-display-video-processor_0.jpg\" \/>\n\t<meta property=\"og:image:width\" content=\"2000\" \/>\n\t<meta property=\"og:image:height\" content=\"1310\" \/>\n\t<meta property=\"og:image:type\" content=\"image\/jpeg\" \/>\n<meta name=\"twitter:card\" content=\"summary_large_image\" \/>\n<meta name=\"twitter:label1\" content=\"\u00c1r\" \/>\n\t<meta name=\"twitter:data1\" content=\"&#036;1,545.00\" \/>\n\t<meta name=\"twitter:label2\" content=\"El\u00e9rhet\u0151s\u00e9g\" \/>\n\t<meta name=\"twitter:data2\" content=\"K\u00e9szleten\" \/>\n<script type=\"application\/ld+json\" class=\"yoast-schema-graph\">{\"@context\":\"https:\/\/schema.org\",\"@graph\":[{\"@type\":\"WebPage\",\"@id\":\"https:\/\/www.leemanleddisplay.com\/product\/magnimage-led-w2000-led-4k-x-2k-display-video-processor\/\",\"url\":\"https:\/\/www.leemanleddisplay.com\/product\/magnimage-led-w2000-led-4k-x-2k-display-video-processor\/\",\"name\":\"Magnimage LED-W2000 LED 4K x 2K Display Video Processor\",\"isPartOf\":{\"@id\":\"https:\/\/www.leemanleddisplay.com\/#website\"},\"primaryImageOfPage\":{\"@id\":\"https:\/\/www.leemanleddisplay.com\/product\/magnimage-led-w2000-led-4k-x-2k-display-video-processor\/#primaryimage\"},\"image\":{\"@id\":\"https:\/\/www.leemanleddisplay.com\/product\/magnimage-led-w2000-led-4k-x-2k-display-video-processor\/#primaryimage\"},\"thumbnailUrl\":\"https:\/\/www.leemanleddisplay.com\/wp-content\/uploads\/1736\/00magnimage-led-w2000-led-4k-x-2k-display-video-processor_0.jpg\",\"datePublished\":\"2025-01-10T09:18:19+00:00\",\"dateModified\":\"2025-01-15T07:49:55+00:00\",\"description\":\"Magnimage LED-W2000 LED 4K x 2K Display Video Processor. NovaStar Video Processor V1260 \/ V1160 \/ V1060 \/ V960 \/ V900 \/ V760 \/ V700 \/ K16 \/ K6S \/ K4S-N\",\"breadcrumb\":{\"@id\":\"https:\/\/www.leemanleddisplay.com\/product\/magnimage-led-w2000-led-4k-x-2k-display-video-processor\/#breadcrumb\"},\"inLanguage\":\"hu\",\"potentialAction\":[{\"@type\":\"ReadAction\",\"target\":[\"https:\/\/www.leemanleddisplay.com\/product\/magnimage-led-w2000-led-4k-x-2k-display-video-processor\/\"]}]},{\"@type\":\"ImageObject\",\"inLanguage\":\"hu\",\"@id\":\"https:\/\/www.leemanleddisplay.com\/product\/magnimage-led-w2000-led-4k-x-2k-display-video-processor\/#primaryimage\",\"url\":\"https:\/\/www.leemanleddisplay.com\/wp-content\/uploads\/1736\/00magnimage-led-w2000-led-4k-x-2k-display-video-processor_0.jpg\",\"contentUrl\":\"https:\/\/www.leemanleddisplay.com\/wp-content\/uploads\/1736\/00magnimage-led-w2000-led-4k-x-2k-display-video-processor_0.jpg\",\"width\":2000,\"height\":1310},{\"@type\":\"BreadcrumbList\",\"@id\":\"https:\/\/www.leemanleddisplay.com\/product\/magnimage-led-w2000-led-4k-x-2k-display-video-processor\/#breadcrumb\",\"itemListElement\":[{\"@type\":\"ListItem\",\"position\":1,\"name\":\"Home\",\"item\":\"https:\/\/www.leemanleddisplay.com\/\"},{\"@type\":\"ListItem\",\"position\":2,\"name\":\"Shop\",\"item\":\"https:\/\/www.leemanleddisplay.com\/shop\/\"},{\"@type\":\"ListItem\",\"position\":3,\"name\":\"Magnimage LED-W2000 LED 4K x 2K Display Video Processor\"}]},{\"@type\":\"WebSite\",\"@id\":\"https:\/\/www.leemanleddisplay.com\/#website\",\"url\":\"https:\/\/www.leemanleddisplay.com\/\",\"name\":\"Leemanled\",\"description\":\"\",\"publisher\":{\"@id\":\"https:\/\/www.leemanleddisplay.com\/#organization\"},\"potentialAction\":[{\"@type\":\"SearchAction\",\"target\":{\"@type\":\"EntryPoint\",\"urlTemplate\":\"https:\/\/www.leemanleddisplay.com\/?s={search_term_string}\"},\"query-input\":{\"@type\":\"PropertyValueSpecification\",\"valueRequired\":true,\"valueName\":\"search_term_string\"}}],\"inLanguage\":\"hu\"},{\"@type\":\"Organization\",\"@id\":\"https:\/\/www.leemanleddisplay.com\/#organization\",\"name\":\"Leemanled\",\"url\":\"https:\/\/www.leemanleddisplay.com\/\",\"logo\":{\"@type\":\"ImageObject\",\"inLanguage\":\"hu\",\"@id\":\"https:\/\/www.leemanleddisplay.com\/#\/schema\/logo\/image\/\",\"url\":\"https:\/\/www.leemanleddisplay.com\/wp-content\/uploads\/2024\/11\/cropped-0-removebg-preview-1.png\",\"contentUrl\":\"https:\/\/www.leemanleddisplay.com\/wp-content\/uploads\/2024\/11\/cropped-0-removebg-preview-1.png\",\"width\":200,\"height\":50,\"caption\":\"Leemanled\"},\"image\":{\"@id\":\"https:\/\/www.leemanleddisplay.com\/#\/schema\/logo\/image\/\"}}]}<\/script>\n<meta property=\"product:price:amount\" content=\"1545.00\" \/>\n<meta property=\"product:price:currency\" content=\"USD\" \/>\n<meta property=\"og:availability\" content=\"instock\" \/>\n<meta property=\"product:availability\" content=\"instock\" \/>\n<meta property=\"product:retailer_item_id\" content=\"7314545672383\" \/>\n<meta property=\"product:condition\" content=\"new\" \/>\n<!-- \/ Yoast SEO Premium plugin. -->","yoast_head_json":{"title":"Magnimage LED-W2000 LED 4K x 2K Display Video Processor","description":"Magnimage LED-W2000 LED 4K x 2K Display Video Processor. NovaStar Video Processor V1260 \/ V1160 \/ V1060 \/ V960 \/ V900 \/ V760 \/ V700 \/ K16 \/ K6S \/ K4S-N","robots":{"index":"noindex","follow":"follow","max-snippet":"max-snippet:-1","max-image-preview":"max-image-preview:large","max-video-preview":"max-video-preview:-1"},"og_locale":"hu_HU","og_type":"article","og_title":"Magnimage LED-W2000 LED 4K x 2K Display Video Processor","og_description":"Magnimage LED-W2000 LED 4K x 2K Display Video Processor. NovaStar Video Processor V1260 \/ V1160 \/ V1060 \/ V960 \/ V900 \/ V760 \/ V700 \/ K16 \/ K6S \/ K4S-N","og_url":"https:\/\/www.leemanleddisplay.com\/hu\/product\/magnimage-led-w2000-led-4k-x-2k-display-video-processor\/","og_site_name":"Leemanled","article_modified_time":"2025-01-15T07:49:55+00:00","og_image":[{"width":2000,"height":1310,"url":"https:\/\/www.leemanleddisplay.com\/wp-content\/uploads\/1736\/00magnimage-led-w2000-led-4k-x-2k-display-video-processor_0.jpg","type":"image\/jpeg"}],"twitter_card":"summary_large_image","twitter_misc":{"\u00c1r":"&#36;1,545.00","El\u00e9rhet\u0151s\u00e9g":"K\u00e9szleten"},"schema":{"@context":"https:\/\/schema.org","@graph":[{"@type":"WebPage","@id":"https:\/\/www.leemanleddisplay.com\/product\/magnimage-led-w2000-led-4k-x-2k-display-video-processor\/","url":"https:\/\/www.leemanleddisplay.com\/product\/magnimage-led-w2000-led-4k-x-2k-display-video-processor\/","name":"Magnimage LED-W2000 LED 4K x 2K Display Video Processor","isPartOf":{"@id":"https:\/\/www.leemanleddisplay.com\/#website"},"primaryImageOfPage":{"@id":"https:\/\/www.leemanleddisplay.com\/product\/magnimage-led-w2000-led-4k-x-2k-display-video-processor\/#primaryimage"},"image":{"@id":"https:\/\/www.leemanleddisplay.com\/product\/magnimage-led-w2000-led-4k-x-2k-display-video-processor\/#primaryimage"},"thumbnailUrl":"https:\/\/www.leemanleddisplay.com\/wp-content\/uploads\/1736\/00magnimage-led-w2000-led-4k-x-2k-display-video-processor_0.jpg","datePublished":"2025-01-10T09:18:19+00:00","dateModified":"2025-01-15T07:49:55+00:00","description":"Magnimage LED-W2000 LED 4K x 2K Display Video Processor. NovaStar Video Processor V1260 \/ V1160 \/ V1060 \/ V960 \/ V900 \/ V760 \/ V700 \/ K16 \/ K6S \/ K4S-N","breadcrumb":{"@id":"https:\/\/www.leemanleddisplay.com\/product\/magnimage-led-w2000-led-4k-x-2k-display-video-processor\/#breadcrumb"},"inLanguage":"hu","potentialAction":[{"@type":"ReadAction","target":["https:\/\/www.leemanleddisplay.com\/product\/magnimage-led-w2000-led-4k-x-2k-display-video-processor\/"]}]},{"@type":"ImageObject","inLanguage":"hu","@id":"https:\/\/www.leemanleddisplay.com\/product\/magnimage-led-w2000-led-4k-x-2k-display-video-processor\/#primaryimage","url":"https:\/\/www.leemanleddisplay.com\/wp-content\/uploads\/1736\/00magnimage-led-w2000-led-4k-x-2k-display-video-processor_0.jpg","contentUrl":"https:\/\/www.leemanleddisplay.com\/wp-content\/uploads\/1736\/00magnimage-led-w2000-led-4k-x-2k-display-video-processor_0.jpg","width":2000,"height":1310},{"@type":"BreadcrumbList","@id":"https:\/\/www.leemanleddisplay.com\/product\/magnimage-led-w2000-led-4k-x-2k-display-video-processor\/#breadcrumb","itemListElement":[{"@type":"ListItem","position":1,"name":"Home","item":"https:\/\/www.leemanleddisplay.com\/"},{"@type":"ListItem","position":2,"name":"Shop","item":"https:\/\/www.leemanleddisplay.com\/shop\/"},{"@type":"ListItem","position":3,"name":"Magnimage LED-W2000 LED 4K x 2K Display Video Processor"}]},{"@type":"WebSite","@id":"https:\/\/www.leemanleddisplay.com\/#website","url":"https:\/\/www.leemanleddisplay.com\/","name":"Leemanled","description":"","publisher":{"@id":"https:\/\/www.leemanleddisplay.com\/#organization"},"potentialAction":[{"@type":"SearchAction","target":{"@type":"EntryPoint","urlTemplate":"https:\/\/www.leemanleddisplay.com\/?s={search_term_string}"},"query-input":{"@type":"PropertyValueSpecification","valueRequired":true,"valueName":"search_term_string"}}],"inLanguage":"hu"},{"@type":"Organization","@id":"https:\/\/www.leemanleddisplay.com\/#organization","name":"Leemanled","url":"https:\/\/www.leemanleddisplay.com\/","logo":{"@type":"ImageObject","inLanguage":"hu","@id":"https:\/\/www.leemanleddisplay.com\/#\/schema\/logo\/image\/","url":"https:\/\/www.leemanleddisplay.com\/wp-content\/uploads\/2024\/11\/cropped-0-removebg-preview-1.png","contentUrl":"https:\/\/www.leemanleddisplay.com\/wp-content\/uploads\/2024\/11\/cropped-0-removebg-preview-1.png","width":200,"height":50,"caption":"Leemanled"},"image":{"@id":"https:\/\/www.leemanleddisplay.com\/#\/schema\/logo\/image\/"}}]},"product_price_amount":"1545.00","product_price_currency":"USD","og_availability":"instock","product_availability":"instock","product_retailer_item_id":"7314545672383","product_condition":"new"},"_links":{"self":[{"href":"https:\/\/www.leemanleddisplay.com\/hu\/wp-json\/wp\/v2\/product\/41672","targetHints":{"allow":["GET"]}}],"collection":[{"href":"https:\/\/www.leemanleddisplay.com\/hu\/wp-json\/wp\/v2\/product"}],"about":[{"href":"https:\/\/www.leemanleddisplay.com\/hu\/wp-json\/wp\/v2\/types\/product"}],"replies":[{"embeddable":true,"href":"https:\/\/www.leemanleddisplay.com\/hu\/wp-json\/wp\/v2\/comments?post=41672"}],"wp:featuredmedia":[{"embeddable":true,"href":"https:\/\/www.leemanleddisplay.com\/hu\/wp-json\/wp\/v2\/media\/41663"}],"wp:attachment":[{"href":"https:\/\/www.leemanleddisplay.com\/hu\/wp-json\/wp\/v2\/media?parent=41672"}],"wp:term":[{"taxonomy":"product_cat","embeddable":true,"href":"https:\/\/www.leemanleddisplay.com\/hu\/wp-json\/wp\/v2\/product_cat?post=41672"},{"taxonomy":"product_tag","embeddable":true,"href":"https:\/\/www.leemanleddisplay.com\/hu\/wp-json\/wp\/v2\/product_tag?post=41672"}],"curies":[{"name":"wp","href":"https:\/\/api.w.org\/{rel}","templated":true}]}}