{"id":41683,"date":"2025-01-10T09:18:51","date_gmt":"2025-01-10T09:18:51","guid":{"rendered":"https:\/\/www.leemanleddisplay.com\/product\/novastar-dh7516-high-cost-performance-led-receiving-card\/"},"modified":"2025-01-15T07:48:19","modified_gmt":"2025-01-15T07:48:19","slug":"novastar-dh7516-high-cost-performance-led-receiving-card","status":"publish","type":"product","link":"https:\/\/www.leemanleddisplay.com\/hu\/product\/novastar-dh7516-high-cost-performance-led-receiving-card\/","title":{"rendered":"Novastar DH7516 High Cost Performance LED Receiving Card"},"content":{"rendered":"<p data-mce-fragment=\"1\"><strong data-mce-fragment=\"1\">DH7516<\/strong><\/p>\n<p data-mce-fragment=\"1\"><span data-mce-fragment=\"1\">Novastar DH7516 High Cost Performance LED Receiving Card<\/span><span data-mce-fragment=\"1\">\u00a0<\/span>is a general-purpose receiver card launched by Novastar, which can carry up to 512&#215;384 pixels on a single card (NovaLCT must be v5.3.0 or above) and supports brightness correction, fast bright and dark line adjustment, 3D, RGB independent Gamma adjustment, etc. to improve the screen display effect and enhance user experience. DH7516 adopts 16 standard HUB75E interfaces for communication, with high stability, and supports up to 32 groups of RGB parallel data, which is suitable for the construction of various field environments.<\/p>","protected":false},"excerpt":{"rendered":"<p>DH7516 Novastar DH7516 High Cost Performance LED Receiving Card\u00a0is a general-purpose receiver card launched by Novastar, which can carry up to 512&#215;384 pixels on a single card (NovaLCT&#8230;<\/p>","protected":false},"featured_media":41679,"comment_status":"closed","ping_status":"closed","template":"","meta":{"_monsterinsights_skip_tracking":false,"_monsterinsights_sitenote_active":false,"_monsterinsights_sitenote_note":"","_monsterinsights_sitenote_category":0},"product_cat":[138],"product_tag":[136,37],"class_list":{"0":"post-41683","1":"product","2":"type-product","3":"status-publish","4":"has-post-thumbnail","6":"product_cat-novastar","7":"product_tag-less-than-100-00","8":"product_tag-novastar","10":"first","11":"instock","12":"sale","13":"shipping-taxable","14":"purchasable","15":"product-type-simple"},"yoast_head":"<!-- This site is optimized with the Yoast SEO Premium plugin v24.1 (Yoast SEO v24.1) - https:\/\/yoast.com\/wordpress\/plugins\/seo\/ -->\n<title>Novastar DH7516 High Cost Performance LED Receiving Card<\/title>\n<meta name=\"description\" content=\"Novastar DH7516 High Cost Performance LED Receiving Card A10s-Pro A10s Plus-N \/ A9s \/ A8s-N \/ A8 \/ A7s Plus \/ A7 \/ A5s Plus \/ A5s \/ A4s LED Receiving Card\" \/>\n<meta name=\"robots\" content=\"noindex, follow, max-snippet:-1, max-image-preview:large, max-video-preview:-1\" \/>\n<meta property=\"og:locale\" content=\"hu_HU\" \/>\n<meta property=\"og:type\" content=\"article\" \/>\n<meta property=\"og:title\" content=\"Novastar DH7516 High Cost Performance LED Receiving Card\" \/>\n<meta property=\"og:description\" content=\"Novastar DH7516 High Cost Performance LED Receiving Card A10s-Pro A10s Plus-N \/ A9s \/ A8s-N \/ A8 \/ A7s Plus \/ A7 \/ A5s Plus \/ A5s \/ A4s LED Receiving Card\" \/>\n<meta property=\"og:url\" content=\"https:\/\/www.leemanleddisplay.com\/hu\/product\/novastar-dh7516-high-cost-performance-led-receiving-card\/\" \/>\n<meta property=\"og:site_name\" content=\"Leemanled\" \/>\n<meta property=\"article:modified_time\" content=\"2025-01-15T07:48:19+00:00\" \/>\n<meta property=\"og:image\" content=\"https:\/\/www.leemanleddisplay.com\/wp-content\/uploads\/1736\/00novastar-dh7516-high-cost-performance-led-receiving-card_0.jpg\" \/>\n\t<meta property=\"og:image:width\" content=\"2000\" \/>\n\t<meta property=\"og:image:height\" content=\"1310\" \/>\n\t<meta property=\"og:image:type\" content=\"image\/jpeg\" \/>\n<meta name=\"twitter:card\" content=\"summary_large_image\" \/>\n<meta name=\"twitter:label1\" content=\"\u00c1r\" \/>\n\t<meta name=\"twitter:data1\" content=\"&#036;12.00\" \/>\n\t<meta name=\"twitter:label2\" content=\"El\u00e9rhet\u0151s\u00e9g\" \/>\n\t<meta name=\"twitter:data2\" content=\"K\u00e9szleten\" \/>\n<script type=\"application\/ld+json\" class=\"yoast-schema-graph\">{\"@context\":\"https:\/\/schema.org\",\"@graph\":[{\"@type\":\"WebPage\",\"@id\":\"https:\/\/www.leemanleddisplay.com\/product\/novastar-dh7516-high-cost-performance-led-receiving-card\/\",\"url\":\"https:\/\/www.leemanleddisplay.com\/product\/novastar-dh7516-high-cost-performance-led-receiving-card\/\",\"name\":\"Novastar DH7516 High Cost Performance LED Receiving Card\",\"isPartOf\":{\"@id\":\"https:\/\/www.leemanleddisplay.com\/#website\"},\"primaryImageOfPage\":{\"@id\":\"https:\/\/www.leemanleddisplay.com\/product\/novastar-dh7516-high-cost-performance-led-receiving-card\/#primaryimage\"},\"image\":{\"@id\":\"https:\/\/www.leemanleddisplay.com\/product\/novastar-dh7516-high-cost-performance-led-receiving-card\/#primaryimage\"},\"thumbnailUrl\":\"https:\/\/www.leemanleddisplay.com\/wp-content\/uploads\/1736\/00novastar-dh7516-high-cost-performance-led-receiving-card_0.jpg\",\"datePublished\":\"2025-01-10T09:18:51+00:00\",\"dateModified\":\"2025-01-15T07:48:19+00:00\",\"description\":\"Novastar DH7516 High Cost Performance LED Receiving Card A10s-Pro A10s Plus-N \/ A9s \/ A8s-N \/ A8 \/ A7s Plus \/ A7 \/ A5s Plus \/ A5s \/ A4s LED Receiving Card\",\"breadcrumb\":{\"@id\":\"https:\/\/www.leemanleddisplay.com\/product\/novastar-dh7516-high-cost-performance-led-receiving-card\/#breadcrumb\"},\"inLanguage\":\"hu\",\"potentialAction\":[{\"@type\":\"ReadAction\",\"target\":[\"https:\/\/www.leemanleddisplay.com\/product\/novastar-dh7516-high-cost-performance-led-receiving-card\/\"]}]},{\"@type\":\"ImageObject\",\"inLanguage\":\"hu\",\"@id\":\"https:\/\/www.leemanleddisplay.com\/product\/novastar-dh7516-high-cost-performance-led-receiving-card\/#primaryimage\",\"url\":\"https:\/\/www.leemanleddisplay.com\/wp-content\/uploads\/1736\/00novastar-dh7516-high-cost-performance-led-receiving-card_0.jpg\",\"contentUrl\":\"https:\/\/www.leemanleddisplay.com\/wp-content\/uploads\/1736\/00novastar-dh7516-high-cost-performance-led-receiving-card_0.jpg\",\"width\":2000,\"height\":1310},{\"@type\":\"BreadcrumbList\",\"@id\":\"https:\/\/www.leemanleddisplay.com\/product\/novastar-dh7516-high-cost-performance-led-receiving-card\/#breadcrumb\",\"itemListElement\":[{\"@type\":\"ListItem\",\"position\":1,\"name\":\"Home\",\"item\":\"https:\/\/www.leemanleddisplay.com\/\"},{\"@type\":\"ListItem\",\"position\":2,\"name\":\"Shop\",\"item\":\"https:\/\/www.leemanleddisplay.com\/shop\/\"},{\"@type\":\"ListItem\",\"position\":3,\"name\":\"Novastar DH7516 High Cost Performance LED Receiving Card\"}]},{\"@type\":\"WebSite\",\"@id\":\"https:\/\/www.leemanleddisplay.com\/#website\",\"url\":\"https:\/\/www.leemanleddisplay.com\/\",\"name\":\"Leemanled\",\"description\":\"\",\"publisher\":{\"@id\":\"https:\/\/www.leemanleddisplay.com\/#organization\"},\"potentialAction\":[{\"@type\":\"SearchAction\",\"target\":{\"@type\":\"EntryPoint\",\"urlTemplate\":\"https:\/\/www.leemanleddisplay.com\/?s={search_term_string}\"},\"query-input\":{\"@type\":\"PropertyValueSpecification\",\"valueRequired\":true,\"valueName\":\"search_term_string\"}}],\"inLanguage\":\"hu\"},{\"@type\":\"Organization\",\"@id\":\"https:\/\/www.leemanleddisplay.com\/#organization\",\"name\":\"Leemanled\",\"url\":\"https:\/\/www.leemanleddisplay.com\/\",\"logo\":{\"@type\":\"ImageObject\",\"inLanguage\":\"hu\",\"@id\":\"https:\/\/www.leemanleddisplay.com\/#\/schema\/logo\/image\/\",\"url\":\"https:\/\/www.leemanleddisplay.com\/wp-content\/uploads\/2024\/11\/cropped-0-removebg-preview-1.png\",\"contentUrl\":\"https:\/\/www.leemanleddisplay.com\/wp-content\/uploads\/2024\/11\/cropped-0-removebg-preview-1.png\",\"width\":200,\"height\":50,\"caption\":\"Leemanled\"},\"image\":{\"@id\":\"https:\/\/www.leemanleddisplay.com\/#\/schema\/logo\/image\/\"}}]}<\/script>\n<meta property=\"product:price:amount\" content=\"12.00\" \/>\n<meta property=\"product:price:currency\" content=\"USD\" \/>\n<meta property=\"og:availability\" content=\"instock\" \/>\n<meta property=\"product:availability\" content=\"instock\" \/>\n<meta property=\"product:retailer_item_id\" content=\"7305294315711\" \/>\n<meta property=\"product:condition\" content=\"new\" \/>\n<!-- \/ Yoast SEO Premium plugin. -->","yoast_head_json":{"title":"Novastar DH7516 High Cost Performance LED Receiving Card","description":"Novastar DH7516 High Cost Performance LED Receiving Card A10s-Pro A10s Plus-N \/ A9s \/ A8s-N \/ A8 \/ A7s Plus \/ A7 \/ A5s Plus \/ A5s \/ A4s LED Receiving Card","robots":{"index":"noindex","follow":"follow","max-snippet":"max-snippet:-1","max-image-preview":"max-image-preview:large","max-video-preview":"max-video-preview:-1"},"og_locale":"hu_HU","og_type":"article","og_title":"Novastar DH7516 High Cost Performance LED Receiving Card","og_description":"Novastar DH7516 High Cost Performance LED Receiving Card A10s-Pro A10s Plus-N \/ A9s \/ A8s-N \/ A8 \/ A7s Plus \/ A7 \/ A5s Plus \/ A5s \/ A4s LED Receiving Card","og_url":"https:\/\/www.leemanleddisplay.com\/hu\/product\/novastar-dh7516-high-cost-performance-led-receiving-card\/","og_site_name":"Leemanled","article_modified_time":"2025-01-15T07:48:19+00:00","og_image":[{"width":2000,"height":1310,"url":"https:\/\/www.leemanleddisplay.com\/wp-content\/uploads\/1736\/00novastar-dh7516-high-cost-performance-led-receiving-card_0.jpg","type":"image\/jpeg"}],"twitter_card":"summary_large_image","twitter_misc":{"\u00c1r":"&#36;12.00","El\u00e9rhet\u0151s\u00e9g":"K\u00e9szleten"},"schema":{"@context":"https:\/\/schema.org","@graph":[{"@type":"WebPage","@id":"https:\/\/www.leemanleddisplay.com\/product\/novastar-dh7516-high-cost-performance-led-receiving-card\/","url":"https:\/\/www.leemanleddisplay.com\/product\/novastar-dh7516-high-cost-performance-led-receiving-card\/","name":"Novastar DH7516 High Cost Performance LED Receiving Card","isPartOf":{"@id":"https:\/\/www.leemanleddisplay.com\/#website"},"primaryImageOfPage":{"@id":"https:\/\/www.leemanleddisplay.com\/product\/novastar-dh7516-high-cost-performance-led-receiving-card\/#primaryimage"},"image":{"@id":"https:\/\/www.leemanleddisplay.com\/product\/novastar-dh7516-high-cost-performance-led-receiving-card\/#primaryimage"},"thumbnailUrl":"https:\/\/www.leemanleddisplay.com\/wp-content\/uploads\/1736\/00novastar-dh7516-high-cost-performance-led-receiving-card_0.jpg","datePublished":"2025-01-10T09:18:51+00:00","dateModified":"2025-01-15T07:48:19+00:00","description":"Novastar DH7516 High Cost Performance LED Receiving Card A10s-Pro A10s Plus-N \/ A9s \/ A8s-N \/ A8 \/ A7s Plus \/ A7 \/ A5s Plus \/ A5s \/ A4s LED Receiving Card","breadcrumb":{"@id":"https:\/\/www.leemanleddisplay.com\/product\/novastar-dh7516-high-cost-performance-led-receiving-card\/#breadcrumb"},"inLanguage":"hu","potentialAction":[{"@type":"ReadAction","target":["https:\/\/www.leemanleddisplay.com\/product\/novastar-dh7516-high-cost-performance-led-receiving-card\/"]}]},{"@type":"ImageObject","inLanguage":"hu","@id":"https:\/\/www.leemanleddisplay.com\/product\/novastar-dh7516-high-cost-performance-led-receiving-card\/#primaryimage","url":"https:\/\/www.leemanleddisplay.com\/wp-content\/uploads\/1736\/00novastar-dh7516-high-cost-performance-led-receiving-card_0.jpg","contentUrl":"https:\/\/www.leemanleddisplay.com\/wp-content\/uploads\/1736\/00novastar-dh7516-high-cost-performance-led-receiving-card_0.jpg","width":2000,"height":1310},{"@type":"BreadcrumbList","@id":"https:\/\/www.leemanleddisplay.com\/product\/novastar-dh7516-high-cost-performance-led-receiving-card\/#breadcrumb","itemListElement":[{"@type":"ListItem","position":1,"name":"Home","item":"https:\/\/www.leemanleddisplay.com\/"},{"@type":"ListItem","position":2,"name":"Shop","item":"https:\/\/www.leemanleddisplay.com\/shop\/"},{"@type":"ListItem","position":3,"name":"Novastar DH7516 High Cost Performance LED Receiving Card"}]},{"@type":"WebSite","@id":"https:\/\/www.leemanleddisplay.com\/#website","url":"https:\/\/www.leemanleddisplay.com\/","name":"Leemanled","description":"","publisher":{"@id":"https:\/\/www.leemanleddisplay.com\/#organization"},"potentialAction":[{"@type":"SearchAction","target":{"@type":"EntryPoint","urlTemplate":"https:\/\/www.leemanleddisplay.com\/?s={search_term_string}"},"query-input":{"@type":"PropertyValueSpecification","valueRequired":true,"valueName":"search_term_string"}}],"inLanguage":"hu"},{"@type":"Organization","@id":"https:\/\/www.leemanleddisplay.com\/#organization","name":"Leemanled","url":"https:\/\/www.leemanleddisplay.com\/","logo":{"@type":"ImageObject","inLanguage":"hu","@id":"https:\/\/www.leemanleddisplay.com\/#\/schema\/logo\/image\/","url":"https:\/\/www.leemanleddisplay.com\/wp-content\/uploads\/2024\/11\/cropped-0-removebg-preview-1.png","contentUrl":"https:\/\/www.leemanleddisplay.com\/wp-content\/uploads\/2024\/11\/cropped-0-removebg-preview-1.png","width":200,"height":50,"caption":"Leemanled"},"image":{"@id":"https:\/\/www.leemanleddisplay.com\/#\/schema\/logo\/image\/"}}]},"product_price_amount":"12.00","product_price_currency":"USD","og_availability":"instock","product_availability":"instock","product_retailer_item_id":"7305294315711","product_condition":"new"},"_links":{"self":[{"href":"https:\/\/www.leemanleddisplay.com\/hu\/wp-json\/wp\/v2\/product\/41683","targetHints":{"allow":["GET"]}}],"collection":[{"href":"https:\/\/www.leemanleddisplay.com\/hu\/wp-json\/wp\/v2\/product"}],"about":[{"href":"https:\/\/www.leemanleddisplay.com\/hu\/wp-json\/wp\/v2\/types\/product"}],"replies":[{"embeddable":true,"href":"https:\/\/www.leemanleddisplay.com\/hu\/wp-json\/wp\/v2\/comments?post=41683"}],"wp:featuredmedia":[{"embeddable":true,"href":"https:\/\/www.leemanleddisplay.com\/hu\/wp-json\/wp\/v2\/media\/41679"}],"wp:attachment":[{"href":"https:\/\/www.leemanleddisplay.com\/hu\/wp-json\/wp\/v2\/media?parent=41683"}],"wp:term":[{"taxonomy":"product_cat","embeddable":true,"href":"https:\/\/www.leemanleddisplay.com\/hu\/wp-json\/wp\/v2\/product_cat?post=41683"},{"taxonomy":"product_tag","embeddable":true,"href":"https:\/\/www.leemanleddisplay.com\/hu\/wp-json\/wp\/v2\/product_tag?post=41683"}],"curies":[{"name":"wp","href":"https:\/\/api.w.org\/{rel}","templated":true}]}}