{"id":41690,"date":"2025-01-10T09:19:12","date_gmt":"2025-01-10T09:19:12","guid":{"rendered":"https:\/\/www.leemanleddisplay.com\/product\/novastar-dh7512-s-high-cost-performance-led-receiving-card\/"},"modified":"2025-01-15T07:47:48","modified_gmt":"2025-01-15T07:47:48","slug":"novastar-dh7512-s-high-cost-performance-led-receiving-card","status":"publish","type":"product","link":"https:\/\/www.leemanleddisplay.com\/hu\/product\/novastar-dh7512-s-high-cost-performance-led-receiving-card\/","title":{"rendered":"Novastar DH7512-S High Cost Performance LED Receiving Card"},"content":{"rendered":"<p data-mce-fragment=\"1\"><strong data-mce-fragment=\"1\">DH7512-S<\/strong><\/p>\n<p data-mce-fragment=\"1\">Novastar DH7512-S High Cost Performance LED Receiving Card is a general-purpose receiver card from NovaLCT, which can carry up to 512&#215;512 pixels on a single card (NovaLCT must be v.5.3.1 and above) and supports color management, 18Bit+, point-by-point brightness chroma correction, RGB independent Gamma adjustment, 3D, etc. to improve the display effect and user experience. The DH7512-S adopts 12 standard HUB75E interfaces for communication and supports up to 24 groups of RGB parallel data. The hardware design and software design fully consider the scenarios of user deployment, operation and maintenance, making deployment easier, operation more stable and maintenance more efficient.<\/p>","protected":false},"excerpt":{"rendered":"<p>DH7512-S Novastar DH7512-S High Cost Performance LED Receiving Card is a general-purpose receiver card from NovaLCT, which can carry up to 512&#215;512 pixels on a single card (NovaLCT&#8230;<\/p>","protected":false},"featured_media":41685,"comment_status":"closed","ping_status":"closed","template":"","meta":{"_monsterinsights_skip_tracking":false,"_monsterinsights_sitenote_active":false,"_monsterinsights_sitenote_note":"","_monsterinsights_sitenote_category":0},"product_cat":[138],"product_tag":[136,37],"class_list":{"0":"post-41690","1":"product","2":"type-product","3":"status-publish","4":"has-post-thumbnail","6":"product_cat-novastar","7":"product_tag-less-than-100-00","8":"product_tag-novastar","10":"first","11":"instock","12":"sale","13":"shipping-taxable","14":"purchasable","15":"product-type-simple"},"yoast_head":"<!-- This site is optimized with the Yoast SEO Premium plugin v24.1 (Yoast SEO v24.1) - https:\/\/yoast.com\/wordpress\/plugins\/seo\/ -->\n<title>Novastar DH7512-S High Cost Performance LED Receiving Card<\/title>\n<meta name=\"description\" content=\"Novastar DH7512-S High Cost Performance LED Receiving Card. DH7508 \/ DH7506 \/ DH7512 \/ DH7516-N \/ DH3208 \/ DH418 \/ DH426 \/ DH436 \/ DH7516 \/ AT20 \/ AT30\" \/>\n<meta name=\"robots\" content=\"noindex, follow, max-snippet:-1, max-image-preview:large, max-video-preview:-1\" \/>\n<meta property=\"og:locale\" content=\"hu_HU\" \/>\n<meta property=\"og:type\" content=\"article\" \/>\n<meta property=\"og:title\" content=\"Novastar DH7512-S High Cost Performance LED Receiving Card\" \/>\n<meta property=\"og:description\" content=\"Novastar DH7512-S High Cost Performance LED Receiving Card. DH7508 \/ DH7506 \/ DH7512 \/ DH7516-N \/ DH3208 \/ DH418 \/ DH426 \/ DH436 \/ DH7516 \/ AT20 \/ AT30\" \/>\n<meta property=\"og:url\" content=\"https:\/\/www.leemanleddisplay.com\/hu\/product\/novastar-dh7512-s-high-cost-performance-led-receiving-card\/\" \/>\n<meta property=\"og:site_name\" content=\"Leemanled\" \/>\n<meta property=\"article:modified_time\" content=\"2025-01-15T07:47:48+00:00\" \/>\n<meta property=\"og:image\" content=\"https:\/\/www.leemanleddisplay.com\/wp-content\/uploads\/1736\/00novastar-dh7512-s-high-cost-performance-led-receiving-card_0.jpg\" \/>\n\t<meta property=\"og:image:width\" content=\"2000\" \/>\n\t<meta property=\"og:image:height\" content=\"1310\" \/>\n\t<meta property=\"og:image:type\" content=\"image\/jpeg\" \/>\n<meta name=\"twitter:card\" content=\"summary_large_image\" \/>\n<meta name=\"twitter:label1\" content=\"\u00c1r\" \/>\n\t<meta name=\"twitter:data1\" content=\"&#036;10.00\" \/>\n\t<meta name=\"twitter:label2\" content=\"El\u00e9rhet\u0151s\u00e9g\" \/>\n\t<meta name=\"twitter:data2\" content=\"K\u00e9szleten\" \/>\n<script type=\"application\/ld+json\" class=\"yoast-schema-graph\">{\"@context\":\"https:\/\/schema.org\",\"@graph\":[{\"@type\":\"WebPage\",\"@id\":\"https:\/\/www.leemanleddisplay.com\/product\/novastar-dh7512-s-high-cost-performance-led-receiving-card\/\",\"url\":\"https:\/\/www.leemanleddisplay.com\/product\/novastar-dh7512-s-high-cost-performance-led-receiving-card\/\",\"name\":\"Novastar DH7512-S High Cost Performance LED Receiving Card\",\"isPartOf\":{\"@id\":\"https:\/\/www.leemanleddisplay.com\/#website\"},\"primaryImageOfPage\":{\"@id\":\"https:\/\/www.leemanleddisplay.com\/product\/novastar-dh7512-s-high-cost-performance-led-receiving-card\/#primaryimage\"},\"image\":{\"@id\":\"https:\/\/www.leemanleddisplay.com\/product\/novastar-dh7512-s-high-cost-performance-led-receiving-card\/#primaryimage\"},\"thumbnailUrl\":\"https:\/\/www.leemanleddisplay.com\/wp-content\/uploads\/1736\/00novastar-dh7512-s-high-cost-performance-led-receiving-card_0.jpg\",\"datePublished\":\"2025-01-10T09:19:12+00:00\",\"dateModified\":\"2025-01-15T07:47:48+00:00\",\"description\":\"Novastar DH7512-S High Cost Performance LED Receiving Card. DH7508 \/ DH7506 \/ DH7512 \/ DH7516-N \/ DH3208 \/ DH418 \/ DH426 \/ DH436 \/ DH7516 \/ AT20 \/ AT30\",\"breadcrumb\":{\"@id\":\"https:\/\/www.leemanleddisplay.com\/product\/novastar-dh7512-s-high-cost-performance-led-receiving-card\/#breadcrumb\"},\"inLanguage\":\"hu\",\"potentialAction\":[{\"@type\":\"ReadAction\",\"target\":[\"https:\/\/www.leemanleddisplay.com\/product\/novastar-dh7512-s-high-cost-performance-led-receiving-card\/\"]}]},{\"@type\":\"ImageObject\",\"inLanguage\":\"hu\",\"@id\":\"https:\/\/www.leemanleddisplay.com\/product\/novastar-dh7512-s-high-cost-performance-led-receiving-card\/#primaryimage\",\"url\":\"https:\/\/www.leemanleddisplay.com\/wp-content\/uploads\/1736\/00novastar-dh7512-s-high-cost-performance-led-receiving-card_0.jpg\",\"contentUrl\":\"https:\/\/www.leemanleddisplay.com\/wp-content\/uploads\/1736\/00novastar-dh7512-s-high-cost-performance-led-receiving-card_0.jpg\",\"width\":2000,\"height\":1310},{\"@type\":\"BreadcrumbList\",\"@id\":\"https:\/\/www.leemanleddisplay.com\/product\/novastar-dh7512-s-high-cost-performance-led-receiving-card\/#breadcrumb\",\"itemListElement\":[{\"@type\":\"ListItem\",\"position\":1,\"name\":\"Home\",\"item\":\"https:\/\/www.leemanleddisplay.com\/\"},{\"@type\":\"ListItem\",\"position\":2,\"name\":\"Shop\",\"item\":\"https:\/\/www.leemanleddisplay.com\/shop\/\"},{\"@type\":\"ListItem\",\"position\":3,\"name\":\"Novastar DH7512-S High Cost Performance LED Receiving Card\"}]},{\"@type\":\"WebSite\",\"@id\":\"https:\/\/www.leemanleddisplay.com\/#website\",\"url\":\"https:\/\/www.leemanleddisplay.com\/\",\"name\":\"Leemanled\",\"description\":\"\",\"publisher\":{\"@id\":\"https:\/\/www.leemanleddisplay.com\/#organization\"},\"potentialAction\":[{\"@type\":\"SearchAction\",\"target\":{\"@type\":\"EntryPoint\",\"urlTemplate\":\"https:\/\/www.leemanleddisplay.com\/?s={search_term_string}\"},\"query-input\":{\"@type\":\"PropertyValueSpecification\",\"valueRequired\":true,\"valueName\":\"search_term_string\"}}],\"inLanguage\":\"hu\"},{\"@type\":\"Organization\",\"@id\":\"https:\/\/www.leemanleddisplay.com\/#organization\",\"name\":\"Leemanled\",\"url\":\"https:\/\/www.leemanleddisplay.com\/\",\"logo\":{\"@type\":\"ImageObject\",\"inLanguage\":\"hu\",\"@id\":\"https:\/\/www.leemanleddisplay.com\/#\/schema\/logo\/image\/\",\"url\":\"https:\/\/www.leemanleddisplay.com\/wp-content\/uploads\/2024\/11\/cropped-0-removebg-preview-1.png\",\"contentUrl\":\"https:\/\/www.leemanleddisplay.com\/wp-content\/uploads\/2024\/11\/cropped-0-removebg-preview-1.png\",\"width\":200,\"height\":50,\"caption\":\"Leemanled\"},\"image\":{\"@id\":\"https:\/\/www.leemanleddisplay.com\/#\/schema\/logo\/image\/\"}}]}<\/script>\n<meta property=\"product:price:amount\" content=\"10.00\" \/>\n<meta property=\"product:price:currency\" content=\"USD\" \/>\n<meta property=\"og:availability\" content=\"instock\" \/>\n<meta property=\"product:availability\" content=\"instock\" \/>\n<meta property=\"product:retailer_item_id\" content=\"7305292710079\" \/>\n<meta property=\"product:condition\" content=\"new\" \/>\n<!-- \/ Yoast SEO Premium plugin. -->","yoast_head_json":{"title":"Novastar DH7512-S High Cost Performance LED Receiving Card","description":"Novastar DH7512-S High Cost Performance LED Receiving Card. DH7508 \/ DH7506 \/ DH7512 \/ DH7516-N \/ DH3208 \/ DH418 \/ DH426 \/ DH436 \/ DH7516 \/ AT20 \/ AT30","robots":{"index":"noindex","follow":"follow","max-snippet":"max-snippet:-1","max-image-preview":"max-image-preview:large","max-video-preview":"max-video-preview:-1"},"og_locale":"hu_HU","og_type":"article","og_title":"Novastar DH7512-S High Cost Performance LED Receiving Card","og_description":"Novastar DH7512-S High Cost Performance LED Receiving Card. DH7508 \/ DH7506 \/ DH7512 \/ DH7516-N \/ DH3208 \/ DH418 \/ DH426 \/ DH436 \/ DH7516 \/ AT20 \/ AT30","og_url":"https:\/\/www.leemanleddisplay.com\/hu\/product\/novastar-dh7512-s-high-cost-performance-led-receiving-card\/","og_site_name":"Leemanled","article_modified_time":"2025-01-15T07:47:48+00:00","og_image":[{"width":2000,"height":1310,"url":"https:\/\/www.leemanleddisplay.com\/wp-content\/uploads\/1736\/00novastar-dh7512-s-high-cost-performance-led-receiving-card_0.jpg","type":"image\/jpeg"}],"twitter_card":"summary_large_image","twitter_misc":{"\u00c1r":"&#36;10.00","El\u00e9rhet\u0151s\u00e9g":"K\u00e9szleten"},"schema":{"@context":"https:\/\/schema.org","@graph":[{"@type":"WebPage","@id":"https:\/\/www.leemanleddisplay.com\/product\/novastar-dh7512-s-high-cost-performance-led-receiving-card\/","url":"https:\/\/www.leemanleddisplay.com\/product\/novastar-dh7512-s-high-cost-performance-led-receiving-card\/","name":"Novastar DH7512-S High Cost Performance LED Receiving Card","isPartOf":{"@id":"https:\/\/www.leemanleddisplay.com\/#website"},"primaryImageOfPage":{"@id":"https:\/\/www.leemanleddisplay.com\/product\/novastar-dh7512-s-high-cost-performance-led-receiving-card\/#primaryimage"},"image":{"@id":"https:\/\/www.leemanleddisplay.com\/product\/novastar-dh7512-s-high-cost-performance-led-receiving-card\/#primaryimage"},"thumbnailUrl":"https:\/\/www.leemanleddisplay.com\/wp-content\/uploads\/1736\/00novastar-dh7512-s-high-cost-performance-led-receiving-card_0.jpg","datePublished":"2025-01-10T09:19:12+00:00","dateModified":"2025-01-15T07:47:48+00:00","description":"Novastar DH7512-S High Cost Performance LED Receiving Card. DH7508 \/ DH7506 \/ DH7512 \/ DH7516-N \/ DH3208 \/ DH418 \/ DH426 \/ DH436 \/ DH7516 \/ AT20 \/ AT30","breadcrumb":{"@id":"https:\/\/www.leemanleddisplay.com\/product\/novastar-dh7512-s-high-cost-performance-led-receiving-card\/#breadcrumb"},"inLanguage":"hu","potentialAction":[{"@type":"ReadAction","target":["https:\/\/www.leemanleddisplay.com\/product\/novastar-dh7512-s-high-cost-performance-led-receiving-card\/"]}]},{"@type":"ImageObject","inLanguage":"hu","@id":"https:\/\/www.leemanleddisplay.com\/product\/novastar-dh7512-s-high-cost-performance-led-receiving-card\/#primaryimage","url":"https:\/\/www.leemanleddisplay.com\/wp-content\/uploads\/1736\/00novastar-dh7512-s-high-cost-performance-led-receiving-card_0.jpg","contentUrl":"https:\/\/www.leemanleddisplay.com\/wp-content\/uploads\/1736\/00novastar-dh7512-s-high-cost-performance-led-receiving-card_0.jpg","width":2000,"height":1310},{"@type":"BreadcrumbList","@id":"https:\/\/www.leemanleddisplay.com\/product\/novastar-dh7512-s-high-cost-performance-led-receiving-card\/#breadcrumb","itemListElement":[{"@type":"ListItem","position":1,"name":"Home","item":"https:\/\/www.leemanleddisplay.com\/"},{"@type":"ListItem","position":2,"name":"Shop","item":"https:\/\/www.leemanleddisplay.com\/shop\/"},{"@type":"ListItem","position":3,"name":"Novastar DH7512-S High Cost Performance LED Receiving Card"}]},{"@type":"WebSite","@id":"https:\/\/www.leemanleddisplay.com\/#website","url":"https:\/\/www.leemanleddisplay.com\/","name":"Leemanled","description":"","publisher":{"@id":"https:\/\/www.leemanleddisplay.com\/#organization"},"potentialAction":[{"@type":"SearchAction","target":{"@type":"EntryPoint","urlTemplate":"https:\/\/www.leemanleddisplay.com\/?s={search_term_string}"},"query-input":{"@type":"PropertyValueSpecification","valueRequired":true,"valueName":"search_term_string"}}],"inLanguage":"hu"},{"@type":"Organization","@id":"https:\/\/www.leemanleddisplay.com\/#organization","name":"Leemanled","url":"https:\/\/www.leemanleddisplay.com\/","logo":{"@type":"ImageObject","inLanguage":"hu","@id":"https:\/\/www.leemanleddisplay.com\/#\/schema\/logo\/image\/","url":"https:\/\/www.leemanleddisplay.com\/wp-content\/uploads\/2024\/11\/cropped-0-removebg-preview-1.png","contentUrl":"https:\/\/www.leemanleddisplay.com\/wp-content\/uploads\/2024\/11\/cropped-0-removebg-preview-1.png","width":200,"height":50,"caption":"Leemanled"},"image":{"@id":"https:\/\/www.leemanleddisplay.com\/#\/schema\/logo\/image\/"}}]},"product_price_amount":"10.00","product_price_currency":"USD","og_availability":"instock","product_availability":"instock","product_retailer_item_id":"7305292710079","product_condition":"new"},"_links":{"self":[{"href":"https:\/\/www.leemanleddisplay.com\/hu\/wp-json\/wp\/v2\/product\/41690","targetHints":{"allow":["GET"]}}],"collection":[{"href":"https:\/\/www.leemanleddisplay.com\/hu\/wp-json\/wp\/v2\/product"}],"about":[{"href":"https:\/\/www.leemanleddisplay.com\/hu\/wp-json\/wp\/v2\/types\/product"}],"replies":[{"embeddable":true,"href":"https:\/\/www.leemanleddisplay.com\/hu\/wp-json\/wp\/v2\/comments?post=41690"}],"wp:featuredmedia":[{"embeddable":true,"href":"https:\/\/www.leemanleddisplay.com\/hu\/wp-json\/wp\/v2\/media\/41685"}],"wp:attachment":[{"href":"https:\/\/www.leemanleddisplay.com\/hu\/wp-json\/wp\/v2\/media?parent=41690"}],"wp:term":[{"taxonomy":"product_cat","embeddable":true,"href":"https:\/\/www.leemanleddisplay.com\/hu\/wp-json\/wp\/v2\/product_cat?post=41690"},{"taxonomy":"product_tag","embeddable":true,"href":"https:\/\/www.leemanleddisplay.com\/hu\/wp-json\/wp\/v2\/product_tag?post=41690"}],"curies":[{"name":"wp","href":"https:\/\/api.w.org\/{rel}","templated":true}]}}