{"id":42329,"date":"2025-01-10T09:45:47","date_gmt":"2025-01-10T09:45:47","guid":{"rendered":"https:\/\/www.leemanleddisplay.com\/product\/novastar-b832-fine-pitch-led-displays-led-receiving-card\/"},"modified":"2025-01-14T09:36:20","modified_gmt":"2025-01-14T09:36:20","slug":"novastar-b832-fine-pitch-led-displays-led-receiving-card","status":"publish","type":"product","link":"https:\/\/www.leemanleddisplay.com\/hu\/product\/novastar-b832-fine-pitch-led-displays-led-receiving-card\/","title":{"rendered":"Novastar B832 Fine-pitch LED Displays LED Receiving Card"},"content":{"rendered":"<p>Novastar\u00a0B832 is a receiving card designed for fine-pitch LED displays and features a large loading capacity. <br data-mce-fragment=\"1\" \/><br data-mce-fragment=\"1\" \/>A single B832 loads up to 512&#215;512 pixels. Supporting various functions such as color management, l8bit+, pixel level brightness and chroma calibration, quick adjustment of dark or bright lines, 3D, individual Gamma adjustment for RGB, and image rotation in 9Q0 increments, the B832 can significantly improve the display effect and user experience.<br data-mce-fragment=\"1\" \/><br data-mce-fragment=\"1\" \/><br data-mce-fragment=\"1\" \/>The B832 uses eight HUB32O connectors for communication, resulting in high stability, It supports up to 32 groups of parallel RGB data or 64 groups of serial data. <br data-mce-fragment=\"1\" \/><br data-mce-fragment=\"1\" \/><br data-mce-fragment=\"1\" \/>Thanks to its EMC compliant hardware design, the B832 has improved electromagnetic compatibility and is suitable for various on-site setups.<\/p>\n<p>&nbsp;<\/p>","protected":false},"excerpt":{"rendered":"<p>Novastar\u00a0B832 is a receiving card designed for fine-pitch LED displays and features a large loading capacity. A single B832 loads up to 512&#215;512 pixels. Supporting various functions such&#8230;<\/p>","protected":false},"featured_media":42328,"comment_status":"closed","ping_status":"closed","template":"","meta":{"_monsterinsights_skip_tracking":false,"_monsterinsights_sitenote_active":false,"_monsterinsights_sitenote_note":"","_monsterinsights_sitenote_category":0},"product_cat":[138],"product_tag":[136,37],"class_list":{"0":"post-42329","1":"product","2":"type-product","3":"status-publish","4":"has-post-thumbnail","6":"product_cat-novastar","7":"product_tag-less-than-100-00","8":"product_tag-novastar","10":"first","11":"instock","12":"shipping-taxable","13":"purchasable","14":"product-type-simple"},"yoast_head":"<!-- This site is optimized with the Yoast SEO Premium plugin v24.1 (Yoast SEO v24.1) - https:\/\/yoast.com\/wordpress\/plugins\/seo\/ -->\n<title>Novastar B832 Fine-pitch LED Displays LED Receiving Card<\/title>\n<meta name=\"description\" content=\"Novastar B832 Fine-pitch LED Displays LED Receiving Card. NovaStar LED Receiver Card MRV208-1 \/ MRV412 \/ MRV416 \/ MRV432 \/ MRV300 \/ MRV560 \/ MRV366\" \/>\n<meta name=\"robots\" content=\"noindex, follow, max-snippet:-1, max-image-preview:large, max-video-preview:-1\" \/>\n<meta property=\"og:locale\" content=\"hu_HU\" \/>\n<meta property=\"og:type\" content=\"article\" \/>\n<meta property=\"og:title\" content=\"Novastar B832 Fine-pitch LED Displays LED Receiving Card\" \/>\n<meta property=\"og:description\" content=\"Novastar B832 Fine-pitch LED Displays LED Receiving Card. NovaStar LED Receiver Card MRV208-1 \/ MRV412 \/ MRV416 \/ MRV432 \/ MRV300 \/ MRV560 \/ MRV366\" \/>\n<meta property=\"og:url\" content=\"https:\/\/www.leemanleddisplay.com\/hu\/product\/novastar-b832-fine-pitch-led-displays-led-receiving-card\/\" \/>\n<meta property=\"og:site_name\" content=\"Leemanled\" \/>\n<meta property=\"article:modified_time\" content=\"2025-01-14T09:36:20+00:00\" \/>\n<meta property=\"og:image\" content=\"https:\/\/www.leemanleddisplay.com\/wp-content\/uploads\/1736\/02novastar-b832-fine-pitch-led-displays-led-receiving-card_0.jpg\" \/>\n\t<meta property=\"og:image:width\" content=\"2000\" \/>\n\t<meta property=\"og:image:height\" content=\"1310\" \/>\n\t<meta property=\"og:image:type\" content=\"image\/jpeg\" \/>\n<meta name=\"twitter:card\" content=\"summary_large_image\" \/>\n<meta name=\"twitter:label1\" content=\"\u00c1r\" \/>\n\t<meta name=\"twitter:data1\" content=\"&#036;24.00\" \/>\n\t<meta name=\"twitter:label2\" content=\"El\u00e9rhet\u0151s\u00e9g\" \/>\n\t<meta name=\"twitter:data2\" content=\"K\u00e9szleten\" \/>\n<script type=\"application\/ld+json\" class=\"yoast-schema-graph\">{\"@context\":\"https:\/\/schema.org\",\"@graph\":[{\"@type\":\"WebPage\",\"@id\":\"https:\/\/www.leemanleddisplay.com\/product\/novastar-b832-fine-pitch-led-displays-led-receiving-card\/\",\"url\":\"https:\/\/www.leemanleddisplay.com\/product\/novastar-b832-fine-pitch-led-displays-led-receiving-card\/\",\"name\":\"Novastar B832 Fine-pitch LED Displays LED Receiving Card\",\"isPartOf\":{\"@id\":\"https:\/\/www.leemanleddisplay.com\/#website\"},\"primaryImageOfPage\":{\"@id\":\"https:\/\/www.leemanleddisplay.com\/product\/novastar-b832-fine-pitch-led-displays-led-receiving-card\/#primaryimage\"},\"image\":{\"@id\":\"https:\/\/www.leemanleddisplay.com\/product\/novastar-b832-fine-pitch-led-displays-led-receiving-card\/#primaryimage\"},\"thumbnailUrl\":\"https:\/\/www.leemanleddisplay.com\/wp-content\/uploads\/1736\/02novastar-b832-fine-pitch-led-displays-led-receiving-card_0.jpg\",\"datePublished\":\"2025-01-10T09:45:47+00:00\",\"dateModified\":\"2025-01-14T09:36:20+00:00\",\"description\":\"Novastar B832 Fine-pitch LED Displays LED Receiving Card. NovaStar LED Receiver Card MRV208-1 \/ MRV412 \/ MRV416 \/ MRV432 \/ MRV300 \/ MRV560 \/ MRV366\",\"breadcrumb\":{\"@id\":\"https:\/\/www.leemanleddisplay.com\/product\/novastar-b832-fine-pitch-led-displays-led-receiving-card\/#breadcrumb\"},\"inLanguage\":\"hu\",\"potentialAction\":[{\"@type\":\"ReadAction\",\"target\":[\"https:\/\/www.leemanleddisplay.com\/product\/novastar-b832-fine-pitch-led-displays-led-receiving-card\/\"]}]},{\"@type\":\"ImageObject\",\"inLanguage\":\"hu\",\"@id\":\"https:\/\/www.leemanleddisplay.com\/product\/novastar-b832-fine-pitch-led-displays-led-receiving-card\/#primaryimage\",\"url\":\"https:\/\/www.leemanleddisplay.com\/wp-content\/uploads\/1736\/02novastar-b832-fine-pitch-led-displays-led-receiving-card_0.jpg\",\"contentUrl\":\"https:\/\/www.leemanleddisplay.com\/wp-content\/uploads\/1736\/02novastar-b832-fine-pitch-led-displays-led-receiving-card_0.jpg\",\"width\":2000,\"height\":1310},{\"@type\":\"BreadcrumbList\",\"@id\":\"https:\/\/www.leemanleddisplay.com\/product\/novastar-b832-fine-pitch-led-displays-led-receiving-card\/#breadcrumb\",\"itemListElement\":[{\"@type\":\"ListItem\",\"position\":1,\"name\":\"Home\",\"item\":\"https:\/\/www.leemanleddisplay.com\/\"},{\"@type\":\"ListItem\",\"position\":2,\"name\":\"Shop\",\"item\":\"https:\/\/www.leemanleddisplay.com\/shop\/\"},{\"@type\":\"ListItem\",\"position\":3,\"name\":\"Novastar B832 Fine-pitch LED Displays LED Receiving Card\"}]},{\"@type\":\"WebSite\",\"@id\":\"https:\/\/www.leemanleddisplay.com\/#website\",\"url\":\"https:\/\/www.leemanleddisplay.com\/\",\"name\":\"Leemanled\",\"description\":\"\",\"publisher\":{\"@id\":\"https:\/\/www.leemanleddisplay.com\/#organization\"},\"potentialAction\":[{\"@type\":\"SearchAction\",\"target\":{\"@type\":\"EntryPoint\",\"urlTemplate\":\"https:\/\/www.leemanleddisplay.com\/?s={search_term_string}\"},\"query-input\":{\"@type\":\"PropertyValueSpecification\",\"valueRequired\":true,\"valueName\":\"search_term_string\"}}],\"inLanguage\":\"hu\"},{\"@type\":\"Organization\",\"@id\":\"https:\/\/www.leemanleddisplay.com\/#organization\",\"name\":\"Leemanled\",\"url\":\"https:\/\/www.leemanleddisplay.com\/\",\"logo\":{\"@type\":\"ImageObject\",\"inLanguage\":\"hu\",\"@id\":\"https:\/\/www.leemanleddisplay.com\/#\/schema\/logo\/image\/\",\"url\":\"https:\/\/www.leemanleddisplay.com\/wp-content\/uploads\/2024\/11\/cropped-0-removebg-preview-1.png\",\"contentUrl\":\"https:\/\/www.leemanleddisplay.com\/wp-content\/uploads\/2024\/11\/cropped-0-removebg-preview-1.png\",\"width\":200,\"height\":50,\"caption\":\"Leemanled\"},\"image\":{\"@id\":\"https:\/\/www.leemanleddisplay.com\/#\/schema\/logo\/image\/\"}}]}<\/script>\n<meta property=\"product:price:amount\" content=\"24.00\" \/>\n<meta property=\"product:price:currency\" content=\"USD\" \/>\n<meta property=\"og:availability\" content=\"instock\" \/>\n<meta property=\"product:availability\" content=\"instock\" \/>\n<meta property=\"product:retailer_item_id\" content=\"6914510094527\" \/>\n<meta property=\"product:condition\" content=\"new\" \/>\n<!-- \/ Yoast SEO Premium plugin. -->","yoast_head_json":{"title":"Novastar B832 Fine-pitch LED Displays LED Receiving Card","description":"Novastar B832 Fine-pitch LED Displays LED Receiving Card. NovaStar LED Receiver Card MRV208-1 \/ MRV412 \/ MRV416 \/ MRV432 \/ MRV300 \/ MRV560 \/ MRV366","robots":{"index":"noindex","follow":"follow","max-snippet":"max-snippet:-1","max-image-preview":"max-image-preview:large","max-video-preview":"max-video-preview:-1"},"og_locale":"hu_HU","og_type":"article","og_title":"Novastar B832 Fine-pitch LED Displays LED Receiving Card","og_description":"Novastar B832 Fine-pitch LED Displays LED Receiving Card. NovaStar LED Receiver Card MRV208-1 \/ MRV412 \/ MRV416 \/ MRV432 \/ MRV300 \/ MRV560 \/ MRV366","og_url":"https:\/\/www.leemanleddisplay.com\/hu\/product\/novastar-b832-fine-pitch-led-displays-led-receiving-card\/","og_site_name":"Leemanled","article_modified_time":"2025-01-14T09:36:20+00:00","og_image":[{"width":2000,"height":1310,"url":"https:\/\/www.leemanleddisplay.com\/wp-content\/uploads\/1736\/02novastar-b832-fine-pitch-led-displays-led-receiving-card_0.jpg","type":"image\/jpeg"}],"twitter_card":"summary_large_image","twitter_misc":{"\u00c1r":"&#36;24.00","El\u00e9rhet\u0151s\u00e9g":"K\u00e9szleten"},"schema":{"@context":"https:\/\/schema.org","@graph":[{"@type":"WebPage","@id":"https:\/\/www.leemanleddisplay.com\/product\/novastar-b832-fine-pitch-led-displays-led-receiving-card\/","url":"https:\/\/www.leemanleddisplay.com\/product\/novastar-b832-fine-pitch-led-displays-led-receiving-card\/","name":"Novastar B832 Fine-pitch LED Displays LED Receiving Card","isPartOf":{"@id":"https:\/\/www.leemanleddisplay.com\/#website"},"primaryImageOfPage":{"@id":"https:\/\/www.leemanleddisplay.com\/product\/novastar-b832-fine-pitch-led-displays-led-receiving-card\/#primaryimage"},"image":{"@id":"https:\/\/www.leemanleddisplay.com\/product\/novastar-b832-fine-pitch-led-displays-led-receiving-card\/#primaryimage"},"thumbnailUrl":"https:\/\/www.leemanleddisplay.com\/wp-content\/uploads\/1736\/02novastar-b832-fine-pitch-led-displays-led-receiving-card_0.jpg","datePublished":"2025-01-10T09:45:47+00:00","dateModified":"2025-01-14T09:36:20+00:00","description":"Novastar B832 Fine-pitch LED Displays LED Receiving Card. NovaStar LED Receiver Card MRV208-1 \/ MRV412 \/ MRV416 \/ MRV432 \/ MRV300 \/ MRV560 \/ MRV366","breadcrumb":{"@id":"https:\/\/www.leemanleddisplay.com\/product\/novastar-b832-fine-pitch-led-displays-led-receiving-card\/#breadcrumb"},"inLanguage":"hu","potentialAction":[{"@type":"ReadAction","target":["https:\/\/www.leemanleddisplay.com\/product\/novastar-b832-fine-pitch-led-displays-led-receiving-card\/"]}]},{"@type":"ImageObject","inLanguage":"hu","@id":"https:\/\/www.leemanleddisplay.com\/product\/novastar-b832-fine-pitch-led-displays-led-receiving-card\/#primaryimage","url":"https:\/\/www.leemanleddisplay.com\/wp-content\/uploads\/1736\/02novastar-b832-fine-pitch-led-displays-led-receiving-card_0.jpg","contentUrl":"https:\/\/www.leemanleddisplay.com\/wp-content\/uploads\/1736\/02novastar-b832-fine-pitch-led-displays-led-receiving-card_0.jpg","width":2000,"height":1310},{"@type":"BreadcrumbList","@id":"https:\/\/www.leemanleddisplay.com\/product\/novastar-b832-fine-pitch-led-displays-led-receiving-card\/#breadcrumb","itemListElement":[{"@type":"ListItem","position":1,"name":"Home","item":"https:\/\/www.leemanleddisplay.com\/"},{"@type":"ListItem","position":2,"name":"Shop","item":"https:\/\/www.leemanleddisplay.com\/shop\/"},{"@type":"ListItem","position":3,"name":"Novastar B832 Fine-pitch LED Displays LED Receiving Card"}]},{"@type":"WebSite","@id":"https:\/\/www.leemanleddisplay.com\/#website","url":"https:\/\/www.leemanleddisplay.com\/","name":"Leemanled","description":"","publisher":{"@id":"https:\/\/www.leemanleddisplay.com\/#organization"},"potentialAction":[{"@type":"SearchAction","target":{"@type":"EntryPoint","urlTemplate":"https:\/\/www.leemanleddisplay.com\/?s={search_term_string}"},"query-input":{"@type":"PropertyValueSpecification","valueRequired":true,"valueName":"search_term_string"}}],"inLanguage":"hu"},{"@type":"Organization","@id":"https:\/\/www.leemanleddisplay.com\/#organization","name":"Leemanled","url":"https:\/\/www.leemanleddisplay.com\/","logo":{"@type":"ImageObject","inLanguage":"hu","@id":"https:\/\/www.leemanleddisplay.com\/#\/schema\/logo\/image\/","url":"https:\/\/www.leemanleddisplay.com\/wp-content\/uploads\/2024\/11\/cropped-0-removebg-preview-1.png","contentUrl":"https:\/\/www.leemanleddisplay.com\/wp-content\/uploads\/2024\/11\/cropped-0-removebg-preview-1.png","width":200,"height":50,"caption":"Leemanled"},"image":{"@id":"https:\/\/www.leemanleddisplay.com\/#\/schema\/logo\/image\/"}}]},"product_price_amount":"24.00","product_price_currency":"USD","og_availability":"instock","product_availability":"instock","product_retailer_item_id":"6914510094527","product_condition":"new"},"_links":{"self":[{"href":"https:\/\/www.leemanleddisplay.com\/hu\/wp-json\/wp\/v2\/product\/42329","targetHints":{"allow":["GET"]}}],"collection":[{"href":"https:\/\/www.leemanleddisplay.com\/hu\/wp-json\/wp\/v2\/product"}],"about":[{"href":"https:\/\/www.leemanleddisplay.com\/hu\/wp-json\/wp\/v2\/types\/product"}],"replies":[{"embeddable":true,"href":"https:\/\/www.leemanleddisplay.com\/hu\/wp-json\/wp\/v2\/comments?post=42329"}],"wp:featuredmedia":[{"embeddable":true,"href":"https:\/\/www.leemanleddisplay.com\/hu\/wp-json\/wp\/v2\/media\/42328"}],"wp:attachment":[{"href":"https:\/\/www.leemanleddisplay.com\/hu\/wp-json\/wp\/v2\/media?parent=42329"}],"wp:term":[{"taxonomy":"product_cat","embeddable":true,"href":"https:\/\/www.leemanleddisplay.com\/hu\/wp-json\/wp\/v2\/product_cat?post=42329"},{"taxonomy":"product_tag","embeddable":true,"href":"https:\/\/www.leemanleddisplay.com\/hu\/wp-json\/wp\/v2\/product_tag?post=42329"}],"curies":[{"name":"wp","href":"https:\/\/api.w.org\/{rel}","templated":true}]}}