{"id":42654,"date":"2025-01-10T10:58:22","date_gmt":"2025-01-10T10:58:22","guid":{"rendered":"https:\/\/www.leemanleddisplay.com\/product\/p16-front-access-led-module-outdoor-1r1g1b-dip-320x320mm\/"},"modified":"2025-01-14T07:58:27","modified_gmt":"2025-01-14T07:58:27","slug":"p16-front-access-led-module-outdoor-1r1g1b-dip-320x320mm","status":"publish","type":"product","link":"https:\/\/www.leemanleddisplay.com\/hu\/product\/p16-front-access-led-module-outdoor-1r1g1b-dip-320x320mm\/","title":{"rendered":"P16 Front Access LED Module Outdoor 1R1G1B DIP 320x320mm"},"content":{"rendered":"<p data-mce-fragment=\"1\"><span style=\"color: #ff8000;\"><strong data-mce-fragment=\"1\">\u00a0<\/strong><strong data-mce-fragment=\"1\">Notice before order<\/strong><\/span><\/p>\n<p data-mce-fragment=\"1\"><strong data-mce-fragment=\"1\">1)<span data-mce-fragment=\"1\" style=\"color: #ff8000;\">\u00a0<\/span><\/strong><span style=\"color: #ff8000;\"><strong data-mce-fragment=\"1\">Parts included<\/strong>:<\/span> LED module, signal cable between modules, power cable between module and power supply.<\/p>\n<p data-mce-fragment=\"1\"><strong data-mce-fragment=\"1\">2)<span data-mce-fragment=\"1\">\u00a0<\/span><span data-mce-fragment=\"1\" style=\"color: #ff8000;\">Buy modules of same batch<\/span><\/strong><span style=\"color: #ff8000;\">:<\/span> to avoid brightness&amp;color difference on one single screen, you must<span data-mce-fragment=\"1\">\u00a0buy modules of the same batch<\/span>. That is, you must buy the modules for one single screen by one order from us.<\/p>\n<p data-mce-fragment=\"1\"><strong data-mce-fragment=\"1\">3)<span style=\"color: #ff8000;\">\u00a0Tariff<\/span><\/strong><span style=\"color: #ff8000;\">:<\/span> our price does<span data-mce-fragment=\"1\">\u00a0<\/span><span data-mce-fragment=\"1\">not include any tariffs or duties at the destination<\/span>, you should do import customs clearance and pay all tariff or duties locally.<\/p>\n<p data-mce-fragment=\"1\">\u00a0<\/p>\n<div data-mce-fragment=\"1\"><strong data-mce-fragment=\"1\">Features of P16 Front Access LED Module Outdoor 1R1G1B DIP 320x320mm:<\/strong><\/div>\n<div data-mce-fragment=\"1\"><\/div>\n<div data-mce-fragment=\"1\">1) Dual-maintenance, from both the front side and the rear side. People usually use its front maintenance function.<\/div>\n<div data-mce-fragment=\"1\"><\/div>\n<div data-mce-fragment=\"1\">2) Easy maintenance, easy to take the modules with a 4mm hexagonal screwdriver.<\/div>\n<div data-mce-fragment=\"1\"><\/div>\n<div data-mce-fragment=\"1\">3) No screws, easier to take the modules and mount the modules on the cabinet.<\/div>\n<div data-mce-fragment=\"1\"><\/div>\n<div data-mce-fragment=\"1\">4) 16mm pixel pitch with DIP, perfect solution for semi-outdoor advertising LED screen and outdoor rental LED screen.<\/div>\n<div data-mce-fragment=\"1\"><\/div>\n<div data-mce-fragment=\"1\">5) New plastic cover with new mold, smaller module gaps and better screen flatness.<\/div>\n<div data-mce-fragment=\"1\"><\/div>\n<div data-mce-fragment=\"1\">6) Reasonable PCB design, reliable and long life time.<\/div>\n<div data-mce-fragment=\"1\"><\/div>\n<div data-mce-fragment=\"1\">\u00a0<\/div>\n<div data-mce-fragment=\"1\"><\/div>\n<div data-mce-fragment=\"1\"><strong data-mce-fragment=\"1\">Applicable situations of P16 Front Access LED Module Outdoor 1R1G1B DIP 320x320mm:<\/strong><\/div>\n<div data-mce-fragment=\"1\"><\/div>\n<div data-mce-fragment=\"1\">Outdoor LED signs requiring front maintenance<\/div>\n<div data-mce-fragment=\"1\"><\/div>\n<div data-mce-fragment=\"1\">Commercial video screens with small sizes<\/div>\n<div data-mce-fragment=\"1\"><\/div>\n<div data-mce-fragment=\"1\">Double face LED signs<\/div>\n<div data-mce-fragment=\"1\"><\/div>\n<div data-mce-fragment=\"1\">Small LED banner signs<\/div>\n<div data-mce-fragment=\"1\"><\/div>\n<div data-mce-fragment=\"1\">Outdoor rental LED screen requiring fast maintenance<\/div>\n<div data-mce-fragment=\"1\"><\/div>\n<div data-mce-fragment=\"1\">\u00a0<\/div>\n<div data-mce-fragment=\"1\"><\/div>\n<div data-mce-fragment=\"1\"><strong data-mce-fragment=\"1\">PCB Versions of P16 Front Access LED Module Outdoor 1R1G1B DIP 320x320mm:<\/strong><\/div>\n<div data-mce-fragment=\"1\"><\/div>\n<div data-mce-fragment=\"1\"><\/div>\n<table border=\"1\" data-mce-fragment=\"1\">\n<tbody data-mce-fragment=\"1\">\n<tr data-mce-fragment=\"1\">\n<td data-mce-fragment=\"1\">\n<p data-mce-fragment=\"1\">P16U1L-RGB20X20-Y1304-SWH<\/p>\n<\/td>\n<td data-mce-fragment=\"1\">\n<p data-mce-fragment=\"1\">P16U1L-RGB20X20-X1304-SWH<\/p>\n<\/td>\n<\/tr>\n<tr data-mce-fragment=\"1\">\n<td data-mce-fragment=\"1\">\n<p data-mce-fragment=\"1\">P16U1L-RGB20X20-Y1302-SWH<\/p>\n<\/td>\n<td data-mce-fragment=\"1\">\n<p data-mce-fragment=\"1\">P16U1L-RGB20X20-Y1301-SWH<\/p>\n<\/td>\n<\/tr>\n<tr data-mce-fragment=\"1\">\n<td data-mce-fragment=\"1\">\n<p data-mce-fragment=\"1\">P16U1L-RGB20X20-X1035-SWH<\/p>\n<\/td>\n<td data-mce-fragment=\"1\">\n<p data-mce-fragment=\"1\">P16U1L-RGB20X20-X1034-SWH<\/p>\n<\/td>\n<\/tr>\n<\/tbody>\n<\/table>\n<p data-mce-fragment=\"1\"><strong data-mce-fragment=\"1\">\u00a0<\/strong><\/p>\n<p data-mce-fragment=\"1\"><strong data-mce-fragment=\"1\">Parameters of P16 1R1G1B 320&#215;320 Outdoor Front Access LED Module:<\/strong><\/p>\n<table border=\"1\" cellpadding=\"0\" cellspacing=\"0\" data-mce-fragment=\"1\">\n<colgroup data-mce-fragment=\"1\">\n<col width=\"151\" data-mce-fragment=\"1\" \/>\n<col width=\"174\" data-mce-fragment=\"1\" \/> <\/colgroup>\n<tbody data-mce-fragment=\"1\">\n<tr data-mce-fragment=\"1\">\n<td data-mce-fragment=\"1\">Item<\/td>\n<td data-mce-fragment=\"1\">Specification<\/td>\n<\/tr>\n<tr data-mce-fragment=\"1\">\n<td data-mce-fragment=\"1\">LED type<\/td>\n<td data-mce-fragment=\"1\">DIP346<\/td>\n<\/tr>\n<tr data-mce-fragment=\"1\">\n<td data-mce-fragment=\"1\">Pixel pitch<\/td>\n<td data-mce-fragment=\"1\">16mm<\/td>\n<\/tr>\n<tr data-mce-fragment=\"1\">\n<td data-mce-fragment=\"1\">Pixel configuration<\/td>\n<td data-mce-fragment=\"1\">1R1G1B<\/td>\n<\/tr>\n<tr data-mce-fragment=\"1\">\n<td data-mce-fragment=\"1\">Module Size<\/td>\n<td data-mce-fragment=\"1\">320x320mm<\/td>\n<\/tr>\n<tr data-mce-fragment=\"1\">\n<td data-mce-fragment=\"1\">Module resolution<\/td>\n<td data-mce-fragment=\"1\">20x20pixels<\/td>\n<\/tr>\n<tr data-mce-fragment=\"1\">\n<td data-mce-fragment=\"1\">Density<\/td>\n<td data-mce-fragment=\"1\">3,906 pixels\/<span data-mce-fragment=\"1\">\u00a0<\/span><span class=\"font7\" data-mce-fragment=\"1\">\u33a1<\/span><\/td>\n<\/tr>\n<tr data-mce-fragment=\"1\">\n<td data-mce-fragment=\"1\">Driving Mode<\/td>\n<td data-mce-fragment=\"1\">Static<\/td>\n<\/tr>\n<tr data-mce-fragment=\"1\">\n<td data-mce-fragment=\"1\">Brightness<\/td>\n<td data-mce-fragment=\"1\">\u22659000CD\/ \u33a1<\/td>\n<\/tr>\n<tr data-mce-fragment=\"1\">\n<td data-mce-fragment=\"1\">Viewing angle<\/td>\n<td data-mce-fragment=\"1\">H:120\u00b0, V:120\u00b0<\/td>\n<\/tr>\n<tr data-mce-fragment=\"1\">\n<td data-mce-fragment=\"1\">Best viewing distance<\/td>\n<td data-mce-fragment=\"1\">16m&#8212;100m<\/td>\n<\/tr>\n<tr data-mce-fragment=\"1\">\n<td data-mce-fragment=\"1\">Working voltage<\/td>\n<td data-mce-fragment=\"1\">5V<\/td>\n<\/tr>\n<tr data-mce-fragment=\"1\">\n<td data-mce-fragment=\"1\">Power consumption<\/td>\n<td data-mce-fragment=\"1\">54W<\/td>\n<\/tr>\n<tr data-mce-fragment=\"1\">\n<td data-mce-fragment=\"1\">Module weight<\/td>\n<td data-mce-fragment=\"1\">2.5KG<\/td>\n<\/tr>\n<tr data-mce-fragment=\"1\">\n<td data-mce-fragment=\"1\">&gt;Protection grade<\/td>\n<td data-mce-fragment=\"1\">Front: IP43<\/td>\n<\/tr>\n<tr data-mce-fragment=\"1\">\n<td data-mce-fragment=\"1\">Working Temperature<\/td>\n<td data-mce-fragment=\"1\">-20 \uff5e<span class=\"font6\" data-mce-fragment=\"1\">60\u2103<\/span><\/td>\n<\/tr>\n<\/tbody>\n<\/table>\n<p data-mce-fragment=\"1\"><br data-mce-fragment=\"1\" \/><br data-mce-fragment=\"1\" \/><br data-mce-fragment=\"1\" \/><\/p>\n<p><b>Download Specification<\/b><\/p>\n<p data-mce-fragment=\"1\"><span style=\"color: #2b00ff;\">P16 Front Access LED Module Outdoor 1R1G1B DIP 320x320mm<b>\u00a0Specification<\/b><\/span><\/p>","protected":false},"excerpt":{"rendered":"<p>Notice before order 1)\u00a0Parts included: LED module, signal cable between modules, power cable between module and power supply. 2)\u00a0Buy modules of same batch: to avoid brightness&amp;color difference on&#8230;<\/p>","protected":false},"featured_media":42642,"comment_status":"closed","ping_status":"closed","template":"","meta":{"_monsterinsights_skip_tracking":false,"_monsterinsights_sitenote_active":false,"_monsterinsights_sitenote_note":"","_monsterinsights_sitenote_category":0},"product_cat":[163,350],"product_tag":[169,136],"class_list":{"0":"post-42654","1":"product","2":"type-product","3":"status-publish","4":"has-post-thumbnail","6":"product_cat-leeman-led-screen-display","7":"product_cat-outdoor-front-service-led-module","8":"product_tag-leeman-led","9":"product_tag-less-than-100-00","11":"first","12":"instock","13":"sale","14":"shipping-taxable","15":"purchasable","16":"product-type-simple"},"yoast_head":"<!-- This site is optimized with the Yoast SEO Premium plugin v24.1 (Yoast SEO v24.1) - https:\/\/yoast.com\/wordpress\/plugins\/seo\/ -->\n<title>P16 Front Access LED Module Outdoor 1R1G1B DIP546 320x320<\/title>\n<meta name=\"description\" content=\"P16 Front Access LED Module Outdoor 1R1G1B DIP 320x320mm, P16 Outdoor LED Display Module 320x320 mm. P16 DIP LED Module 320x320 High Brightness 12000NITS\" \/>\n<meta name=\"robots\" content=\"noindex, follow, max-snippet:-1, max-image-preview:large, max-video-preview:-1\" \/>\n<meta property=\"og:locale\" content=\"hu_HU\" \/>\n<meta property=\"og:type\" content=\"article\" \/>\n<meta property=\"og:title\" content=\"P16 Front Access LED Module Outdoor 1R1G1B DIP 320x320mm\" \/>\n<meta property=\"og:description\" content=\"P16 Front Access LED Module Outdoor 1R1G1B DIP 320x320mm, P16 Outdoor LED Display Module 320x320 mm. P16 DIP LED Module 320x320 High Brightness 12000NITS\" \/>\n<meta property=\"og:url\" content=\"https:\/\/www.leemanleddisplay.com\/hu\/product\/p16-front-access-led-module-outdoor-1r1g1b-dip-320x320mm\/\" \/>\n<meta property=\"og:site_name\" content=\"Leemanled\" \/>\n<meta property=\"article:modified_time\" content=\"2025-01-14T07:58:27+00:00\" \/>\n<meta property=\"og:image\" content=\"https:\/\/www.leemanleddisplay.com\/wp-content\/uploads\/1736\/06p16-front-access-led-module-outdoor-1r1g1b-dip-320x320mm_0.jpg\" \/>\n\t<meta property=\"og:image:width\" content=\"2300\" \/>\n\t<meta property=\"og:image:height\" content=\"1310\" \/>\n\t<meta property=\"og:image:type\" content=\"image\/jpeg\" \/>\n<meta name=\"twitter:card\" content=\"summary_large_image\" \/>\n<meta name=\"twitter:label1\" content=\"\u00c1r\" \/>\n\t<meta name=\"twitter:data1\" content=\"&#036;39.00\" \/>\n\t<meta name=\"twitter:label2\" content=\"El\u00e9rhet\u0151s\u00e9g\" \/>\n\t<meta name=\"twitter:data2\" content=\"K\u00e9szleten\" \/>\n<script type=\"application\/ld+json\" class=\"yoast-schema-graph\">{\"@context\":\"https:\/\/schema.org\",\"@graph\":[{\"@type\":\"WebPage\",\"@id\":\"https:\/\/www.leemanleddisplay.com\/product\/p16-front-access-led-module-outdoor-1r1g1b-dip-320x320mm\/\",\"url\":\"https:\/\/www.leemanleddisplay.com\/product\/p16-front-access-led-module-outdoor-1r1g1b-dip-320x320mm\/\",\"name\":\"P16 Front Access LED Module Outdoor 1R1G1B DIP546 320x320\",\"isPartOf\":{\"@id\":\"https:\/\/www.leemanleddisplay.com\/#website\"},\"primaryImageOfPage\":{\"@id\":\"https:\/\/www.leemanleddisplay.com\/product\/p16-front-access-led-module-outdoor-1r1g1b-dip-320x320mm\/#primaryimage\"},\"image\":{\"@id\":\"https:\/\/www.leemanleddisplay.com\/product\/p16-front-access-led-module-outdoor-1r1g1b-dip-320x320mm\/#primaryimage\"},\"thumbnailUrl\":\"https:\/\/www.leemanleddisplay.com\/wp-content\/uploads\/1736\/06p16-front-access-led-module-outdoor-1r1g1b-dip-320x320mm_0.jpg\",\"datePublished\":\"2025-01-10T10:58:22+00:00\",\"dateModified\":\"2025-01-14T07:58:27+00:00\",\"description\":\"P16 Front Access LED Module Outdoor 1R1G1B DIP 320x320mm, P16 Outdoor LED Display Module 320x320 mm. P16 DIP LED Module 320x320 High Brightness 12000NITS\",\"breadcrumb\":{\"@id\":\"https:\/\/www.leemanleddisplay.com\/product\/p16-front-access-led-module-outdoor-1r1g1b-dip-320x320mm\/#breadcrumb\"},\"inLanguage\":\"hu\",\"potentialAction\":[{\"@type\":\"ReadAction\",\"target\":[\"https:\/\/www.leemanleddisplay.com\/product\/p16-front-access-led-module-outdoor-1r1g1b-dip-320x320mm\/\"]}]},{\"@type\":\"ImageObject\",\"inLanguage\":\"hu\",\"@id\":\"https:\/\/www.leemanleddisplay.com\/product\/p16-front-access-led-module-outdoor-1r1g1b-dip-320x320mm\/#primaryimage\",\"url\":\"https:\/\/www.leemanleddisplay.com\/wp-content\/uploads\/1736\/06p16-front-access-led-module-outdoor-1r1g1b-dip-320x320mm_0.jpg\",\"contentUrl\":\"https:\/\/www.leemanleddisplay.com\/wp-content\/uploads\/1736\/06p16-front-access-led-module-outdoor-1r1g1b-dip-320x320mm_0.jpg\",\"width\":2300,\"height\":1310},{\"@type\":\"BreadcrumbList\",\"@id\":\"https:\/\/www.leemanleddisplay.com\/product\/p16-front-access-led-module-outdoor-1r1g1b-dip-320x320mm\/#breadcrumb\",\"itemListElement\":[{\"@type\":\"ListItem\",\"position\":1,\"name\":\"Home\",\"item\":\"https:\/\/www.leemanleddisplay.com\/\"},{\"@type\":\"ListItem\",\"position\":2,\"name\":\"Shop\",\"item\":\"https:\/\/www.leemanleddisplay.com\/shop\/\"},{\"@type\":\"ListItem\",\"position\":3,\"name\":\"P16 Front Access LED Module Outdoor 1R1G1B DIP 320x320mm\"}]},{\"@type\":\"WebSite\",\"@id\":\"https:\/\/www.leemanleddisplay.com\/#website\",\"url\":\"https:\/\/www.leemanleddisplay.com\/\",\"name\":\"Leemanled\",\"description\":\"\",\"publisher\":{\"@id\":\"https:\/\/www.leemanleddisplay.com\/#organization\"},\"potentialAction\":[{\"@type\":\"SearchAction\",\"target\":{\"@type\":\"EntryPoint\",\"urlTemplate\":\"https:\/\/www.leemanleddisplay.com\/?s={search_term_string}\"},\"query-input\":{\"@type\":\"PropertyValueSpecification\",\"valueRequired\":true,\"valueName\":\"search_term_string\"}}],\"inLanguage\":\"hu\"},{\"@type\":\"Organization\",\"@id\":\"https:\/\/www.leemanleddisplay.com\/#organization\",\"name\":\"Leemanled\",\"url\":\"https:\/\/www.leemanleddisplay.com\/\",\"logo\":{\"@type\":\"ImageObject\",\"inLanguage\":\"hu\",\"@id\":\"https:\/\/www.leemanleddisplay.com\/#\/schema\/logo\/image\/\",\"url\":\"https:\/\/www.leemanleddisplay.com\/wp-content\/uploads\/2024\/11\/cropped-0-removebg-preview-1.png\",\"contentUrl\":\"https:\/\/www.leemanleddisplay.com\/wp-content\/uploads\/2024\/11\/cropped-0-removebg-preview-1.png\",\"width\":200,\"height\":50,\"caption\":\"Leemanled\"},\"image\":{\"@id\":\"https:\/\/www.leemanleddisplay.com\/#\/schema\/logo\/image\/\"}}]}<\/script>\n<meta property=\"product:price:amount\" content=\"39.00\" \/>\n<meta property=\"product:price:currency\" content=\"USD\" \/>\n<meta property=\"og:availability\" content=\"instock\" \/>\n<meta property=\"product:availability\" content=\"instock\" \/>\n<meta property=\"product:retailer_item_id\" content=\"6839708385471\" \/>\n<meta property=\"product:condition\" content=\"new\" \/>\n<!-- \/ Yoast SEO Premium plugin. -->","yoast_head_json":{"title":"P16 Front Access LED Module Outdoor 1R1G1B DIP546 320x320","description":"P16 Front Access LED Module Outdoor 1R1G1B DIP 320x320mm, P16 Outdoor LED Display Module 320x320 mm. P16 DIP LED Module 320x320 High Brightness 12000NITS","robots":{"index":"noindex","follow":"follow","max-snippet":"max-snippet:-1","max-image-preview":"max-image-preview:large","max-video-preview":"max-video-preview:-1"},"og_locale":"hu_HU","og_type":"article","og_title":"P16 Front Access LED Module Outdoor 1R1G1B DIP 320x320mm","og_description":"P16 Front Access LED Module Outdoor 1R1G1B DIP 320x320mm, P16 Outdoor LED Display Module 320x320 mm. P16 DIP LED Module 320x320 High Brightness 12000NITS","og_url":"https:\/\/www.leemanleddisplay.com\/hu\/product\/p16-front-access-led-module-outdoor-1r1g1b-dip-320x320mm\/","og_site_name":"Leemanled","article_modified_time":"2025-01-14T07:58:27+00:00","og_image":[{"width":2300,"height":1310,"url":"https:\/\/www.leemanleddisplay.com\/wp-content\/uploads\/1736\/06p16-front-access-led-module-outdoor-1r1g1b-dip-320x320mm_0.jpg","type":"image\/jpeg"}],"twitter_card":"summary_large_image","twitter_misc":{"\u00c1r":"&#36;39.00","El\u00e9rhet\u0151s\u00e9g":"K\u00e9szleten"},"schema":{"@context":"https:\/\/schema.org","@graph":[{"@type":"WebPage","@id":"https:\/\/www.leemanleddisplay.com\/product\/p16-front-access-led-module-outdoor-1r1g1b-dip-320x320mm\/","url":"https:\/\/www.leemanleddisplay.com\/product\/p16-front-access-led-module-outdoor-1r1g1b-dip-320x320mm\/","name":"P16 Front Access LED Module Outdoor 1R1G1B DIP546 320x320","isPartOf":{"@id":"https:\/\/www.leemanleddisplay.com\/#website"},"primaryImageOfPage":{"@id":"https:\/\/www.leemanleddisplay.com\/product\/p16-front-access-led-module-outdoor-1r1g1b-dip-320x320mm\/#primaryimage"},"image":{"@id":"https:\/\/www.leemanleddisplay.com\/product\/p16-front-access-led-module-outdoor-1r1g1b-dip-320x320mm\/#primaryimage"},"thumbnailUrl":"https:\/\/www.leemanleddisplay.com\/wp-content\/uploads\/1736\/06p16-front-access-led-module-outdoor-1r1g1b-dip-320x320mm_0.jpg","datePublished":"2025-01-10T10:58:22+00:00","dateModified":"2025-01-14T07:58:27+00:00","description":"P16 Front Access LED Module Outdoor 1R1G1B DIP 320x320mm, P16 Outdoor LED Display Module 320x320 mm. P16 DIP LED Module 320x320 High Brightness 12000NITS","breadcrumb":{"@id":"https:\/\/www.leemanleddisplay.com\/product\/p16-front-access-led-module-outdoor-1r1g1b-dip-320x320mm\/#breadcrumb"},"inLanguage":"hu","potentialAction":[{"@type":"ReadAction","target":["https:\/\/www.leemanleddisplay.com\/product\/p16-front-access-led-module-outdoor-1r1g1b-dip-320x320mm\/"]}]},{"@type":"ImageObject","inLanguage":"hu","@id":"https:\/\/www.leemanleddisplay.com\/product\/p16-front-access-led-module-outdoor-1r1g1b-dip-320x320mm\/#primaryimage","url":"https:\/\/www.leemanleddisplay.com\/wp-content\/uploads\/1736\/06p16-front-access-led-module-outdoor-1r1g1b-dip-320x320mm_0.jpg","contentUrl":"https:\/\/www.leemanleddisplay.com\/wp-content\/uploads\/1736\/06p16-front-access-led-module-outdoor-1r1g1b-dip-320x320mm_0.jpg","width":2300,"height":1310},{"@type":"BreadcrumbList","@id":"https:\/\/www.leemanleddisplay.com\/product\/p16-front-access-led-module-outdoor-1r1g1b-dip-320x320mm\/#breadcrumb","itemListElement":[{"@type":"ListItem","position":1,"name":"Home","item":"https:\/\/www.leemanleddisplay.com\/"},{"@type":"ListItem","position":2,"name":"Shop","item":"https:\/\/www.leemanleddisplay.com\/shop\/"},{"@type":"ListItem","position":3,"name":"P16 Front Access LED Module Outdoor 1R1G1B DIP 320x320mm"}]},{"@type":"WebSite","@id":"https:\/\/www.leemanleddisplay.com\/#website","url":"https:\/\/www.leemanleddisplay.com\/","name":"Leemanled","description":"","publisher":{"@id":"https:\/\/www.leemanleddisplay.com\/#organization"},"potentialAction":[{"@type":"SearchAction","target":{"@type":"EntryPoint","urlTemplate":"https:\/\/www.leemanleddisplay.com\/?s={search_term_string}"},"query-input":{"@type":"PropertyValueSpecification","valueRequired":true,"valueName":"search_term_string"}}],"inLanguage":"hu"},{"@type":"Organization","@id":"https:\/\/www.leemanleddisplay.com\/#organization","name":"Leemanled","url":"https:\/\/www.leemanleddisplay.com\/","logo":{"@type":"ImageObject","inLanguage":"hu","@id":"https:\/\/www.leemanleddisplay.com\/#\/schema\/logo\/image\/","url":"https:\/\/www.leemanleddisplay.com\/wp-content\/uploads\/2024\/11\/cropped-0-removebg-preview-1.png","contentUrl":"https:\/\/www.leemanleddisplay.com\/wp-content\/uploads\/2024\/11\/cropped-0-removebg-preview-1.png","width":200,"height":50,"caption":"Leemanled"},"image":{"@id":"https:\/\/www.leemanleddisplay.com\/#\/schema\/logo\/image\/"}}]},"product_price_amount":"39.00","product_price_currency":"USD","og_availability":"instock","product_availability":"instock","product_retailer_item_id":"6839708385471","product_condition":"new"},"_links":{"self":[{"href":"https:\/\/www.leemanleddisplay.com\/hu\/wp-json\/wp\/v2\/product\/42654","targetHints":{"allow":["GET"]}}],"collection":[{"href":"https:\/\/www.leemanleddisplay.com\/hu\/wp-json\/wp\/v2\/product"}],"about":[{"href":"https:\/\/www.leemanleddisplay.com\/hu\/wp-json\/wp\/v2\/types\/product"}],"replies":[{"embeddable":true,"href":"https:\/\/www.leemanleddisplay.com\/hu\/wp-json\/wp\/v2\/comments?post=42654"}],"wp:featuredmedia":[{"embeddable":true,"href":"https:\/\/www.leemanleddisplay.com\/hu\/wp-json\/wp\/v2\/media\/42642"}],"wp:attachment":[{"href":"https:\/\/www.leemanleddisplay.com\/hu\/wp-json\/wp\/v2\/media?parent=42654"}],"wp:term":[{"taxonomy":"product_cat","embeddable":true,"href":"https:\/\/www.leemanleddisplay.com\/hu\/wp-json\/wp\/v2\/product_cat?post=42654"},{"taxonomy":"product_tag","embeddable":true,"href":"https:\/\/www.leemanleddisplay.com\/hu\/wp-json\/wp\/v2\/product_tag?post=42654"}],"curies":[{"name":"wp","href":"https:\/\/api.w.org\/{rel}","templated":true}]}}