{"id":43449,"date":"2025-01-10T11:38:27","date_gmt":"2025-01-10T11:38:27","guid":{"rendered":"https:\/\/www.leemanleddisplay.com\/product\/magnimage-led-750h-led-wall-video-processor\/"},"modified":"2025-01-13T14:56:59","modified_gmt":"2025-01-13T14:56:59","slug":"magnimage-led-750h-led-wall-video-processor","status":"publish","type":"product","link":"https:\/\/www.leemanleddisplay.com\/hu\/product\/magnimage-led-750h-led-wall-video-processor\/","title":{"rendered":"Magnimage LED-750H LED Wall Video Processor"},"content":{"rendered":"<p data-mce-fragment=\"1\"><strong data-mce-fragment=\"1\">Magnimage LED-750H LED Wall Video Processor Features:<\/strong><\/p>\n<p data-mce-fragment=\"1\"><span>1)2 screens mosaic in 1 processor. 4 DVI output ports are divided into 2groups for horizontal mosaic, vertical mosaic, same size mosaic and different size mosaic. One single processor up-loads 4,600,000 pixels.<\/span><br \/><span>2)4 windows output. On non-mosaic mode, each output is capable of<\/span><br \/><span>displaying 4 layers within any size or position.<\/span><br \/><span>3)Preview switching\uff1apreview switching between 1 image and 3 images.<\/span><br \/><span>4)Multiple cascade\uff1amachines can be cascaded to realize ultra wide display.<\/span><br \/><span>5)Built-in input matrix for seamless switching between 7 inputs<\/span><br \/><span>6)EDID management &amp; user-defined output resolution<\/span><br \/><span>7)Rotary output<\/span><br \/><span>8)LOGO saving&amp; image crop<\/span><br \/><span>9)Time and task &amp; graphic card for testing<\/span><br \/><span>10)Computer host control<\/span><br \/><span>11)Save and load preset &amp; image freezing<\/span>\u00a0<\/p>\n<p data-mce-fragment=\"1\">\n<p data-mce-fragment=\"1\"><strong data-mce-fragment=\"1\">Parameter of Magnimage LED-750H LED Wall Video Processor:<\/strong><\/p>\n<table cellspacing=\"0\" cellpadding=\"0\" border=\"1\" style=\"width: 100.062%; height: 1531.14px;\" data-mce-fragment=\"1\">\n<colgroup data-mce-fragment=\"1\">\n<col width=\"72\" span=\"3\" style=\"width: 57.2727%;\" data-mce-fragment=\"1\" \/><\/colgroup>\n<tbody data-mce-fragment=\"1\">\n<tr style=\"height: 19.6023px;\" data-mce-fragment=\"1\">\n<td colspan=\"3\" style=\"height: 19.6023px;\" data-mce-fragment=\"1\"><strong data-mce-fragment=\"1\">Input Indicators<\/strong><\/td>\n<\/tr>\n<tr style=\"height: 19.6023px;\" data-mce-fragment=\"1\">\n<td style=\"height: 19.6023px;\" data-mce-fragment=\"1\">Port<\/td>\n<td style=\"height: 19.6023px;\" data-mce-fragment=\"1\">Quantity<\/td>\n<td style=\"height: 19.6023px;\" data-mce-fragment=\"1\">Resolution<\/td>\n<\/tr>\n<tr style=\"height: 19.6023px;\" data-mce-fragment=\"1\">\n<td style=\"height: 19.6023px;\" data-mce-fragment=\"1\">DVI<\/td>\n<td style=\"height: 19.6023px;\" data-mce-fragment=\"1\">2<\/td>\n<td style=\"height: 19.6023px;\" data-mce-fragment=\"1\">1920\u00d71080\/60Hz and EDID<\/td>\n<\/tr>\n<tr style=\"height: 90.7955px;\" data-mce-fragment=\"1\">\n<td style=\"height: 90.7955px;\" data-mce-fragment=\"1\">DP<\/td>\n<td style=\"height: 90.7955px;\" data-mce-fragment=\"1\">1<\/td>\n<td style=\"height: 90.7955px;\" data-mce-fragment=\"1\">\n<p data-mce-fragment=\"1\">Displayport 1.1,3840\u00d71080\/60Hz\u3001<\/p>\n<p data-mce-fragment=\"1\">3840\u00d72160\/30Hz and EDID<\/p>\n<\/td>\n<\/tr>\n<tr style=\"height: 19.6023px;\" data-mce-fragment=\"1\">\n<td style=\"height: 19.6023px;\" data-mce-fragment=\"1\">HDMI<\/td>\n<td style=\"height: 19.6023px;\" data-mce-fragment=\"1\">2<\/td>\n<td style=\"height: 19.6023px;\" data-mce-fragment=\"1\">1920\u00d71080\/60Hz and EDID<\/td>\n<\/tr>\n<tr style=\"height: 19.6023px;\" data-mce-fragment=\"1\">\n<td colspan=\"3\" style=\"height: 19.6023px;\" data-mce-fragment=\"1\"><strong data-mce-fragment=\"1\">Extend Input Indication<\/strong><\/td>\n<\/tr>\n<tr style=\"height: 19.6023px;\" data-mce-fragment=\"1\">\n<td style=\"height: 19.6023px;\" data-mce-fragment=\"1\">Port<\/td>\n<td style=\"height: 19.6023px;\" data-mce-fragment=\"1\">Quantity<\/td>\n<td style=\"height: 19.6023px;\" data-mce-fragment=\"1\">Resolution<\/td>\n<\/tr>\n<tr style=\"height: 19.6023px;\" data-mce-fragment=\"1\">\n<td style=\"height: 19.6023px;\" data-mce-fragment=\"1\">DVI<\/td>\n<td style=\"height: 19.6023px;\" data-mce-fragment=\"1\">DVI\u00d71<\/td>\n<td style=\"height: 19.6023px;\" data-mce-fragment=\"1\">1920\u00d71080\/60Hz and EDID<\/td>\n<\/tr>\n<tr style=\"height: 19.6023px;\" data-mce-fragment=\"1\">\n<td style=\"height: 19.6023px;\" data-mce-fragment=\"1\">VGA<\/td>\n<td style=\"height: 19.6023px;\" data-mce-fragment=\"1\">VGA\u00d71<\/td>\n<td style=\"height: 19.6023px;\" data-mce-fragment=\"1\">VESA standard<\/td>\n<\/tr>\n<tr style=\"height: 71.1932px;\" data-mce-fragment=\"1\">\n<td rowspan=\"2\" style=\"height: 90.7955px;\" data-mce-fragment=\"1\">SDI<\/td>\n<td rowspan=\"2\" style=\"height: 90.7955px;\" data-mce-fragment=\"1\">SDI\u00d71<\/td>\n<td style=\"height: 71.1932px;\" data-mce-fragment=\"1\">\n<p data-mce-fragment=\"1\">480i\/60Hz\u00a0\u00a0\u00a0 576i\/50Hz\u00a0\u00a0\u00a0<\/p>\n<p data-mce-fragment=\"1\">720p\/60Hz\u00a0\u00a0\u00a0 1080i\/60Hz\/50Hz\u00a0\u00a0 \u00a0<\/p>\n<\/td>\n<\/tr>\n<tr style=\"height: 19.6023px;\" data-mce-fragment=\"1\">\n<td style=\"height: 19.6023px;\" data-mce-fragment=\"1\">1080p\/60Hz\/50Hz(3G SDI)\u00a0\u00a0<\/td>\n<\/tr>\n<tr style=\"height: 71.1932px;\" data-mce-fragment=\"1\">\n<td style=\"height: 71.1932px;\" data-mce-fragment=\"1\">DP 1.1<\/td>\n<td style=\"height: 71.1932px;\" data-mce-fragment=\"1\">DP\u00d71\u3001DVI\u00d71<\/td>\n<td style=\"height: 71.1932px;\" data-mce-fragment=\"1\">\n<p data-mce-fragment=\"1\">3840\u00d71080\/60Hz\u3001<\/p>\n<p data-mce-fragment=\"1\">3840\u00d72160\/30Hz and EDID<\/p>\n<\/td>\n<\/tr>\n<tr style=\"height: 71.1932px;\" data-mce-fragment=\"1\">\n<td style=\"height: 71.1932px;\" data-mce-fragment=\"1\">HDMI 1.4<\/td>\n<td style=\"height: 71.1932px;\" data-mce-fragment=\"1\">HDMI\u00d71\u3001DVI\u00d71<\/td>\n<td style=\"height: 71.1932px;\" data-mce-fragment=\"1\">\n<p data-mce-fragment=\"1\">3840\u00d71080\/60Hz\u30013<\/p>\n<p data-mce-fragment=\"1\">840\u00d72160\/30Hz and EDID<\/p>\n<\/td>\n<\/tr>\n<tr style=\"height: 106.79px;\" data-mce-fragment=\"1\">\n<td colspan=\"3\" style=\"height: 106.79px;\" data-mce-fragment=\"1\">\n<p data-mce-fragment=\"1\">You can extend 2 x 2K inputs<\/p>\n<p data-mce-fragment=\"1\">(VGA, DVI, SDI) or<\/p>\n<p data-mce-fragment=\"1\">1 x 4K input (DP1.1, HDMI1.4)<\/p>\n<\/td>\n<\/tr>\n<tr style=\"height: 0px;\" data-mce-fragment=\"1\">\n<td style=\"height: 0px;\" data-mce-fragment=\"1\"><\/td>\n<td style=\"height: 0px;\" data-mce-fragment=\"1\"><\/td>\n<td style=\"height: 0px;\" data-mce-fragment=\"1\"><\/td>\n<\/tr>\n<tr style=\"height: 19.6023px;\" data-mce-fragment=\"1\">\n<td colspan=\"3\" style=\"height: 19.6023px;\" data-mce-fragment=\"1\"><strong data-mce-fragment=\"1\">Output Indication<\/strong><\/td>\n<\/tr>\n<tr style=\"height: 19.6023px;\" data-mce-fragment=\"1\">\n<td style=\"height: 19.6023px;\" data-mce-fragment=\"1\">Port<\/td>\n<td style=\"height: 19.6023px;\" data-mce-fragment=\"1\">Quantity<\/td>\n<td style=\"height: 19.6023px;\" data-mce-fragment=\"1\">Resolution\uff08single DVI output\uff09<\/td>\n<\/tr>\n<tr style=\"height: 106.79px;\" data-mce-fragment=\"1\">\n<td rowspan=\"9\" style=\"height: 786.734px;\" data-mce-fragment=\"1\">DVI<\/td>\n<td rowspan=\"9\" style=\"height: 786.734px;\" data-mce-fragment=\"1\">2\u00d72<\/td>\n<td style=\"height: 106.79px;\" data-mce-fragment=\"1\">\n<p data-mce-fragment=\"1\">1024\u00d7768\/60Hz\u00a0\u00a0\u00a0\u00a0\u00a0\u00a0\u00a0\u00a0\u00a0\u00a0\u00a0\u00a0\u00a0\u00a0<\/p>\n<p data-mce-fragment=\"1\">1280\u00d71024\/60Hz\u00a0\u00a0\u00a0\u00a0\u00a0\u00a0\u00a0\u00a0\u00a0\u00a0\u00a0<\/p>\n<p data-mce-fragment=\"1\">1024\u00d7768\/120Hz \u00a0<\/p>\n<\/td>\n<\/tr>\n<tr style=\"height: 106.79px;\" data-mce-fragment=\"1\">\n<td style=\"height: 106.79px;\" data-mce-fragment=\"1\">\n<p data-mce-fragment=\"1\">1280\u00d7720\/60Hz\u00a0\u00a0\u00a0\u00a0\u00a0\u00a0\u00a0\u00a0\u00a0\u00a0\u00a0\u00a0\u00a0\u00a0<\/p>\n<p data-mce-fragment=\"1\">1440\u00d7900\/60Hz\u00a0\u00a0\u00a0\u00a0\u00a0\u00a0\u00a0\u00a0\u00a0\u00a0\u00a0\u00a0\u00a0\u00a0<\/p>\n<p data-mce-fragment=\"1\">1600\u00d71200\/60Hz\u00a0\u00a0\u00a0 \u00a0<\/p>\n<\/td>\n<\/tr>\n<tr style=\"height: 90.7955px;\" data-mce-fragment=\"1\">\n<td style=\"height: 90.7955px;\" data-mce-fragment=\"1\">\n<p data-mce-fragment=\"1\">1600\u00d71200\/60Hz- Reduced\u00a0\u00a0\u00a0\u00a0\u00a0\u00a0\u00a0\u00a0\u00a0\u00a0\u00a0\u00a0\u00a0\u00a0\u00a0\u00a0\u00a0\u00a0\u00a0\u00a0\u00a0\u00a0\u00a0\u00a0\u00a0\u00a0\u00a0\u00a0\u00a0\u00a0\u00a0\u00a0\u00a0\u00a0\u00a0\u00a0\u00a0\u00a0\u00a0\u00a0\u00a0<\/p>\n<p data-mce-fragment=\"1\">1680\u00d71050\/60Hz\u00a0\u00a0\u00a0 \u00a0<\/p>\n<\/td>\n<\/tr>\n<tr style=\"height: 106.79px;\" data-mce-fragment=\"1\">\n<td style=\"height: 106.79px;\" data-mce-fragment=\"1\">\n<p data-mce-fragment=\"1\">1920\u00d71080\/60Hz\u00a0\u00a0\u00a0\u00a0\u00a0\u00a0\u00a0\u00a0\u00a0\u00a0\u00a0\u00a0<\/p>\n<p data-mce-fragment=\"1\">1920\u00d71080\/50Hz\u00a0\u00a0\u00a0\u00a0\u00a0\u00a0\u00a0\u00a0\u00a0\u00a0\u00a0<\/p>\n<p data-mce-fragment=\"1\">2176\u00d71168\/60Hz\u00a0\u00a0\u00a0 \u00a0<\/p>\n<\/td>\n<\/tr>\n<tr style=\"height: 71.1932px;\" data-mce-fragment=\"1\">\n<td style=\"height: 71.1932px;\" data-mce-fragment=\"1\">\n<p data-mce-fragment=\"1\">1920\u00d71200\/60Hz\u00a0\u00a0\u00a0\u00a0\u00a0\u00a0\u00a0\u00a0\u00a0\u00a0\u00a0\u00a0<\/p>\n<p data-mce-fragment=\"1\">1936\u00d71280\/60Hz\u00a0\u00a0 \u00a0<\/p>\n<\/td>\n<\/tr>\n<tr style=\"height: 106.79px;\" data-mce-fragment=\"1\">\n<td style=\"height: 106.79px;\" data-mce-fragment=\"1\">\n<p data-mce-fragment=\"1\">2048\u00d71152\/60Hz\u00a0\u00a0\u00a0\u00a0\u00a0\u00a0\u00a0\u00a0\u00a0\u00a0\u00a0\u00a0<\/p>\n<p data-mce-fragment=\"1\">1024\u00d71280\/60Hz\u00a0\u00a0\u00a0\u00a0\u00a0\u00a0\u00a0\u00a0\u00a0\u00a0\u00a0<\/p>\n<p data-mce-fragment=\"1\">1536\u00d71536\/60Hz<\/p>\n<\/td>\n<\/tr>\n<tr style=\"height: 71.1932px;\" data-mce-fragment=\"1\">\n<td style=\"height: 71.1932px;\" data-mce-fragment=\"1\">\n<p data-mce-fragment=\"1\">1280\u00d7720\/59.94Hz\u00a0\u00a0\u00a0\u00a0\u00a0\u00a0\u00a0\u00a0<\/p>\n<p data-mce-fragment=\"1\">1920\u00d71080\/59.94Hz\u00a0\u00a0 \u00a0<\/p>\n<\/td>\n<\/tr>\n<tr style=\"height: 106.79px;\" data-mce-fragment=\"1\">\n<td style=\"height: 106.79px;\" data-mce-fragment=\"1\">\n<p data-mce-fragment=\"1\">The customize output<\/p>\n<p data-mce-fragment=\"1\">resolutionis 3966 for<\/p>\n<p data-mce-fragment=\"1\">maximum width or 3541<\/p>\n<\/td>\n<\/tr>\n<tr style=\"height: 19.6023px;\" data-mce-fragment=\"1\">\n<td style=\"height: 19.6023px;\" data-mce-fragment=\"1\">for maximum height.<\/td>\n<\/tr>\n<tr style=\"height: 0px;\" data-mce-fragment=\"1\">\n<td style=\"height: 0px;\" data-mce-fragment=\"1\"><\/td>\n<td style=\"height: 0px;\" data-mce-fragment=\"1\"><\/td>\n<td style=\"height: 0px;\" data-mce-fragment=\"1\"><\/td>\n<\/tr>\n<tr style=\"height: 19.6023px;\" data-mce-fragment=\"1\">\n<td colspan=\"3\" style=\"height: 19.6023px;\" data-mce-fragment=\"1\"><strong data-mce-fragment=\"1\">Console Specification<\/strong><\/td>\n<\/tr>\n<tr style=\"height: 19.6023px;\" data-mce-fragment=\"1\">\n<td style=\"height: 19.6023px;\" data-mce-fragment=\"1\">Power Supply<\/td>\n<td colspan=\"2\" style=\"height: 19.6023px;\" data-mce-fragment=\"1\">100\uff5e240VAC\uff0c50\/60Hz<\/td>\n<\/tr>\n<tr style=\"height: 19.6023px;\" data-mce-fragment=\"1\">\n<td style=\"height: 19.6023px;\" data-mce-fragment=\"1\">Consumption<\/td>\n<td colspan=\"2\" style=\"height: 19.6023px;\" data-mce-fragment=\"1\">55W<\/td>\n<\/tr>\n<tr style=\"height: 19.6023px;\" data-mce-fragment=\"1\">\n<td style=\"height: 19.6023px;\" data-mce-fragment=\"1\">Operating Temperature<\/td>\n<td colspan=\"2\" style=\"height: 19.6023px;\" data-mce-fragment=\"1\">0~45\u2103<\/td>\n<\/tr>\n<tr style=\"height: 19.6023px;\" data-mce-fragment=\"1\">\n<td style=\"height: 19.6023px;\" data-mce-fragment=\"1\">Product Dimension<\/td>\n<td colspan=\"2\" style=\"height: 19.6023px;\" data-mce-fragment=\"1\">482.6\u00d7452\u00d766.75mm<\/td>\n<\/tr>\n<tr style=\"height: 19.6023px;\" data-mce-fragment=\"1\">\n<td style=\"height: 19.6023px;\" data-mce-fragment=\"1\">Net Weight<\/td>\n<td colspan=\"2\" style=\"height: 19.6023px;\" data-mce-fragment=\"1\">2.6Kg<\/td>\n<\/tr>\n<\/tbody>\n<\/table>\n<p>&nbsp;<\/p>\n<p><span><strong>More pictures of Magnimage LED-750H LED Wall Video Processor\uff1a<\/strong><\/span><\/p>\n<div style=\"text-align: start;\"><\/div>\n<div style=\"text-align: start;\"><\/div>\n<div style=\"text-align: start;\"><\/div>\n<p>&nbsp;<\/p>\n<p data-mce-fragment=\"1\"><b data-mce-fragment=\"1\">\u00a0<\/b><\/p>\n<p><strong>Download of Magnimage LED-750H LED Wall Video Processor:<\/strong><br \/><span><strong>Magnimage-LED-750H-LED-Wall-Video-Processor-User-Manual<\/strong><\/span><br \/><span><strong>Magnimage-LED-750H-LED-Wall-Video-Processor-Brief-Software<\/strong><\/span><\/p>","protected":false},"excerpt":{"rendered":"<p>Magnimage LED-750H LED Wall Video Processor Features: 1)2 screens mosaic in 1 processor. 4 DVI output ports are divided into 2groups for horizontal mosaic, vertical mosaic, same size&#8230;<\/p>","protected":false},"featured_media":43441,"comment_status":"closed","ping_status":"closed","template":"","meta":{"_monsterinsights_skip_tracking":false,"_monsterinsights_sitenote_active":false,"_monsterinsights_sitenote_note":"","_monsterinsights_sitenote_category":0},"product_cat":[272],"product_tag":[147,275],"class_list":{"0":"post-43449","1":"product","2":"type-product","3":"status-publish","4":"has-post-thumbnail","6":"product_cat-magnimage","7":"product_tag-500-00-1000-00","8":"product_tag-magnimage","10":"first","11":"instock","12":"shipping-taxable","13":"purchasable","14":"product-type-simple"},"yoast_head":"<!-- This site is optimized with the Yoast SEO Premium plugin v24.1 (Yoast SEO v24.1) - https:\/\/yoast.com\/wordpress\/plugins\/seo\/ -->\n<title>Magnimage LED-750H LED Wall Video Processor - LeemanLED<\/title>\n<meta name=\"description\" content=\"Magnimage LED-750H LED Wall Video Processor Nova Cloud Service T-series multimedia player MBOX600 NovaStar LED Sending Card MSD300 \/ MSD600\" \/>\n<meta name=\"robots\" content=\"noindex, follow, max-snippet:-1, max-image-preview:large, max-video-preview:-1\" \/>\n<meta property=\"og:locale\" content=\"hu_HU\" \/>\n<meta property=\"og:type\" content=\"article\" \/>\n<meta property=\"og:title\" content=\"Magnimage LED-750H LED Wall Video Processor\" \/>\n<meta property=\"og:description\" content=\"Magnimage LED-750H LED Wall Video Processor Nova Cloud Service T-series multimedia player MBOX600 NovaStar LED Sending Card MSD300 \/ MSD600\" \/>\n<meta property=\"og:url\" content=\"https:\/\/www.leemanleddisplay.com\/hu\/product\/magnimage-led-750h-led-wall-video-processor\/\" \/>\n<meta property=\"og:site_name\" content=\"Leemanled\" \/>\n<meta property=\"article:modified_time\" content=\"2025-01-13T14:56:59+00:00\" \/>\n<meta property=\"og:image\" content=\"https:\/\/www.leemanleddisplay.com\/wp-content\/uploads\/1736\/09magnimage-led-750h-led-wall-video-processor_0.jpg\" \/>\n\t<meta property=\"og:image:width\" content=\"2000\" \/>\n\t<meta property=\"og:image:height\" content=\"1310\" \/>\n\t<meta property=\"og:image:type\" content=\"image\/jpeg\" \/>\n<meta name=\"twitter:card\" content=\"summary_large_image\" \/>\n<meta name=\"twitter:label1\" content=\"\u00c1r\" \/>\n\t<meta name=\"twitter:data1\" content=\"&#036;686.00\" \/>\n\t<meta name=\"twitter:label2\" content=\"El\u00e9rhet\u0151s\u00e9g\" \/>\n\t<meta name=\"twitter:data2\" content=\"K\u00e9szleten\" \/>\n<script type=\"application\/ld+json\" class=\"yoast-schema-graph\">{\"@context\":\"https:\/\/schema.org\",\"@graph\":[{\"@type\":\"WebPage\",\"@id\":\"https:\/\/www.leemanleddisplay.com\/product\/magnimage-led-750h-led-wall-video-processor\/\",\"url\":\"https:\/\/www.leemanleddisplay.com\/product\/magnimage-led-750h-led-wall-video-processor\/\",\"name\":\"Magnimage LED-750H LED Wall Video Processor - LeemanLED\",\"isPartOf\":{\"@id\":\"https:\/\/www.leemanleddisplay.com\/#website\"},\"primaryImageOfPage\":{\"@id\":\"https:\/\/www.leemanleddisplay.com\/product\/magnimage-led-750h-led-wall-video-processor\/#primaryimage\"},\"image\":{\"@id\":\"https:\/\/www.leemanleddisplay.com\/product\/magnimage-led-750h-led-wall-video-processor\/#primaryimage\"},\"thumbnailUrl\":\"https:\/\/www.leemanleddisplay.com\/wp-content\/uploads\/1736\/09magnimage-led-750h-led-wall-video-processor_0.jpg\",\"datePublished\":\"2025-01-10T11:38:27+00:00\",\"dateModified\":\"2025-01-13T14:56:59+00:00\",\"description\":\"Magnimage LED-750H LED Wall Video Processor Nova Cloud Service T-series multimedia player MBOX600 NovaStar LED Sending Card MSD300 \/ MSD600\",\"breadcrumb\":{\"@id\":\"https:\/\/www.leemanleddisplay.com\/product\/magnimage-led-750h-led-wall-video-processor\/#breadcrumb\"},\"inLanguage\":\"hu\",\"potentialAction\":[{\"@type\":\"ReadAction\",\"target\":[\"https:\/\/www.leemanleddisplay.com\/product\/magnimage-led-750h-led-wall-video-processor\/\"]}]},{\"@type\":\"ImageObject\",\"inLanguage\":\"hu\",\"@id\":\"https:\/\/www.leemanleddisplay.com\/product\/magnimage-led-750h-led-wall-video-processor\/#primaryimage\",\"url\":\"https:\/\/www.leemanleddisplay.com\/wp-content\/uploads\/1736\/09magnimage-led-750h-led-wall-video-processor_0.jpg\",\"contentUrl\":\"https:\/\/www.leemanleddisplay.com\/wp-content\/uploads\/1736\/09magnimage-led-750h-led-wall-video-processor_0.jpg\",\"width\":2000,\"height\":1310},{\"@type\":\"BreadcrumbList\",\"@id\":\"https:\/\/www.leemanleddisplay.com\/product\/magnimage-led-750h-led-wall-video-processor\/#breadcrumb\",\"itemListElement\":[{\"@type\":\"ListItem\",\"position\":1,\"name\":\"Home\",\"item\":\"https:\/\/www.leemanleddisplay.com\/\"},{\"@type\":\"ListItem\",\"position\":2,\"name\":\"Shop\",\"item\":\"https:\/\/www.leemanleddisplay.com\/shop\/\"},{\"@type\":\"ListItem\",\"position\":3,\"name\":\"Magnimage LED-750H LED Wall Video Processor\"}]},{\"@type\":\"WebSite\",\"@id\":\"https:\/\/www.leemanleddisplay.com\/#website\",\"url\":\"https:\/\/www.leemanleddisplay.com\/\",\"name\":\"Leemanled\",\"description\":\"\",\"publisher\":{\"@id\":\"https:\/\/www.leemanleddisplay.com\/#organization\"},\"potentialAction\":[{\"@type\":\"SearchAction\",\"target\":{\"@type\":\"EntryPoint\",\"urlTemplate\":\"https:\/\/www.leemanleddisplay.com\/?s={search_term_string}\"},\"query-input\":{\"@type\":\"PropertyValueSpecification\",\"valueRequired\":true,\"valueName\":\"search_term_string\"}}],\"inLanguage\":\"hu\"},{\"@type\":\"Organization\",\"@id\":\"https:\/\/www.leemanleddisplay.com\/#organization\",\"name\":\"Leemanled\",\"url\":\"https:\/\/www.leemanleddisplay.com\/\",\"logo\":{\"@type\":\"ImageObject\",\"inLanguage\":\"hu\",\"@id\":\"https:\/\/www.leemanleddisplay.com\/#\/schema\/logo\/image\/\",\"url\":\"https:\/\/www.leemanleddisplay.com\/wp-content\/uploads\/2024\/11\/cropped-0-removebg-preview-1.png\",\"contentUrl\":\"https:\/\/www.leemanleddisplay.com\/wp-content\/uploads\/2024\/11\/cropped-0-removebg-preview-1.png\",\"width\":200,\"height\":50,\"caption\":\"Leemanled\"},\"image\":{\"@id\":\"https:\/\/www.leemanleddisplay.com\/#\/schema\/logo\/image\/\"}}]}<\/script>\n<meta property=\"product:price:amount\" content=\"686.00\" \/>\n<meta property=\"product:price:currency\" content=\"USD\" \/>\n<meta property=\"og:availability\" content=\"instock\" \/>\n<meta property=\"product:availability\" content=\"instock\" \/>\n<meta property=\"product:retailer_item_id\" content=\"6820997005503\" \/>\n<meta property=\"product:condition\" content=\"new\" \/>\n<!-- \/ Yoast SEO Premium plugin. -->","yoast_head_json":{"title":"Magnimage LED-750H LED Wall Video Processor - LeemanLED","description":"Magnimage LED-750H LED Wall Video Processor Nova Cloud Service T-series multimedia player MBOX600 NovaStar LED Sending Card MSD300 \/ MSD600","robots":{"index":"noindex","follow":"follow","max-snippet":"max-snippet:-1","max-image-preview":"max-image-preview:large","max-video-preview":"max-video-preview:-1"},"og_locale":"hu_HU","og_type":"article","og_title":"Magnimage LED-750H LED Wall Video Processor","og_description":"Magnimage LED-750H LED Wall Video Processor Nova Cloud Service T-series multimedia player MBOX600 NovaStar LED Sending Card MSD300 \/ MSD600","og_url":"https:\/\/www.leemanleddisplay.com\/hu\/product\/magnimage-led-750h-led-wall-video-processor\/","og_site_name":"Leemanled","article_modified_time":"2025-01-13T14:56:59+00:00","og_image":[{"width":2000,"height":1310,"url":"https:\/\/www.leemanleddisplay.com\/wp-content\/uploads\/1736\/09magnimage-led-750h-led-wall-video-processor_0.jpg","type":"image\/jpeg"}],"twitter_card":"summary_large_image","twitter_misc":{"\u00c1r":"&#36;686.00","El\u00e9rhet\u0151s\u00e9g":"K\u00e9szleten"},"schema":{"@context":"https:\/\/schema.org","@graph":[{"@type":"WebPage","@id":"https:\/\/www.leemanleddisplay.com\/product\/magnimage-led-750h-led-wall-video-processor\/","url":"https:\/\/www.leemanleddisplay.com\/product\/magnimage-led-750h-led-wall-video-processor\/","name":"Magnimage LED-750H LED Wall Video Processor - LeemanLED","isPartOf":{"@id":"https:\/\/www.leemanleddisplay.com\/#website"},"primaryImageOfPage":{"@id":"https:\/\/www.leemanleddisplay.com\/product\/magnimage-led-750h-led-wall-video-processor\/#primaryimage"},"image":{"@id":"https:\/\/www.leemanleddisplay.com\/product\/magnimage-led-750h-led-wall-video-processor\/#primaryimage"},"thumbnailUrl":"https:\/\/www.leemanleddisplay.com\/wp-content\/uploads\/1736\/09magnimage-led-750h-led-wall-video-processor_0.jpg","datePublished":"2025-01-10T11:38:27+00:00","dateModified":"2025-01-13T14:56:59+00:00","description":"Magnimage LED-750H LED Wall Video Processor Nova Cloud Service T-series multimedia player MBOX600 NovaStar LED Sending Card MSD300 \/ MSD600","breadcrumb":{"@id":"https:\/\/www.leemanleddisplay.com\/product\/magnimage-led-750h-led-wall-video-processor\/#breadcrumb"},"inLanguage":"hu","potentialAction":[{"@type":"ReadAction","target":["https:\/\/www.leemanleddisplay.com\/product\/magnimage-led-750h-led-wall-video-processor\/"]}]},{"@type":"ImageObject","inLanguage":"hu","@id":"https:\/\/www.leemanleddisplay.com\/product\/magnimage-led-750h-led-wall-video-processor\/#primaryimage","url":"https:\/\/www.leemanleddisplay.com\/wp-content\/uploads\/1736\/09magnimage-led-750h-led-wall-video-processor_0.jpg","contentUrl":"https:\/\/www.leemanleddisplay.com\/wp-content\/uploads\/1736\/09magnimage-led-750h-led-wall-video-processor_0.jpg","width":2000,"height":1310},{"@type":"BreadcrumbList","@id":"https:\/\/www.leemanleddisplay.com\/product\/magnimage-led-750h-led-wall-video-processor\/#breadcrumb","itemListElement":[{"@type":"ListItem","position":1,"name":"Home","item":"https:\/\/www.leemanleddisplay.com\/"},{"@type":"ListItem","position":2,"name":"Shop","item":"https:\/\/www.leemanleddisplay.com\/shop\/"},{"@type":"ListItem","position":3,"name":"Magnimage LED-750H LED Wall Video Processor"}]},{"@type":"WebSite","@id":"https:\/\/www.leemanleddisplay.com\/#website","url":"https:\/\/www.leemanleddisplay.com\/","name":"Leemanled","description":"","publisher":{"@id":"https:\/\/www.leemanleddisplay.com\/#organization"},"potentialAction":[{"@type":"SearchAction","target":{"@type":"EntryPoint","urlTemplate":"https:\/\/www.leemanleddisplay.com\/?s={search_term_string}"},"query-input":{"@type":"PropertyValueSpecification","valueRequired":true,"valueName":"search_term_string"}}],"inLanguage":"hu"},{"@type":"Organization","@id":"https:\/\/www.leemanleddisplay.com\/#organization","name":"Leemanled","url":"https:\/\/www.leemanleddisplay.com\/","logo":{"@type":"ImageObject","inLanguage":"hu","@id":"https:\/\/www.leemanleddisplay.com\/#\/schema\/logo\/image\/","url":"https:\/\/www.leemanleddisplay.com\/wp-content\/uploads\/2024\/11\/cropped-0-removebg-preview-1.png","contentUrl":"https:\/\/www.leemanleddisplay.com\/wp-content\/uploads\/2024\/11\/cropped-0-removebg-preview-1.png","width":200,"height":50,"caption":"Leemanled"},"image":{"@id":"https:\/\/www.leemanleddisplay.com\/#\/schema\/logo\/image\/"}}]},"product_price_amount":"686.00","product_price_currency":"USD","og_availability":"instock","product_availability":"instock","product_retailer_item_id":"6820997005503","product_condition":"new"},"_links":{"self":[{"href":"https:\/\/www.leemanleddisplay.com\/hu\/wp-json\/wp\/v2\/product\/43449","targetHints":{"allow":["GET"]}}],"collection":[{"href":"https:\/\/www.leemanleddisplay.com\/hu\/wp-json\/wp\/v2\/product"}],"about":[{"href":"https:\/\/www.leemanleddisplay.com\/hu\/wp-json\/wp\/v2\/types\/product"}],"replies":[{"embeddable":true,"href":"https:\/\/www.leemanleddisplay.com\/hu\/wp-json\/wp\/v2\/comments?post=43449"}],"wp:featuredmedia":[{"embeddable":true,"href":"https:\/\/www.leemanleddisplay.com\/hu\/wp-json\/wp\/v2\/media\/43441"}],"wp:attachment":[{"href":"https:\/\/www.leemanleddisplay.com\/hu\/wp-json\/wp\/v2\/media?parent=43449"}],"wp:term":[{"taxonomy":"product_cat","embeddable":true,"href":"https:\/\/www.leemanleddisplay.com\/hu\/wp-json\/wp\/v2\/product_cat?post=43449"},{"taxonomy":"product_tag","embeddable":true,"href":"https:\/\/www.leemanleddisplay.com\/hu\/wp-json\/wp\/v2\/product_tag?post=43449"}],"curies":[{"name":"wp","href":"https:\/\/api.w.org\/{rel}","templated":true}]}}