{"id":43598,"date":"2025-01-10T11:45:25","date_gmt":"2025-01-10T11:45:25","guid":{"rendered":"https:\/\/www.leemanleddisplay.com\/product\/sysolution-e30-cloud-platform-for-taxi-top-screen\/"},"modified":"2025-01-13T14:33:49","modified_gmt":"2025-01-13T14:33:49","slug":"sysolution-e30-cloud-platform-for-taxi-top-screen","status":"publish","type":"product","link":"https:\/\/www.leemanleddisplay.com\/hu\/product\/sysolution-e30-cloud-platform-for-taxi-top-screen\/","title":{"rendered":"Sysolution E30 Cloud Platform For Taxi Top Screen"},"content":{"rendered":"<p data-mce-fragment=\"1\"><strong data-mce-fragment=\"1\">Sysolution E30 Cloud Platform For Taxi Top Screen Features:<\/strong><\/p>\n<ul data-mce-fragment=\"1\">\n<li data-mce-fragment=\"1\">Have Wi-Fi 4G and GPS on board, and support AP function;<\/li>\n<li data-mce-fragment=\"1\">Have off-line software to send programs by cell phone or tablet;<\/li>\n<li data-mce-fragment=\"1\">Support AIPS cloud platform;<\/li>\n<li data-mce-fragment=\"1\">Have SDK for development;<\/li>\n<li data-mce-fragment=\"1\">Support upload program by Udisk;<\/li>\n<li data-mce-fragment=\"1\">Reach to 100MKbps by 4G communication;<\/li>\n<li data-mce-fragment=\"1\">High sensitivity GPS with fast speed;<\/li>\n<li data-mce-fragment=\"1\">High level of vibration-proof;<\/li>\n<li data-mce-fragment=\"1\">keep running for 10 seconds after cutting off the power;<\/li>\n<li data-mce-fragment=\"1\">Support new generation D90-XX receiving card.<\/li>\n<\/ul>\n<p><br data-mce-fragment=\"1\" \/><br data-mce-fragment=\"1\" \/><\/p>\n<p data-mce-fragment=\"1\"><strong data-mce-fragment=\"1\">Sysolution E30 Cloud Platform For Taxi Top Screen Parameter:<\/strong><\/p>\n<table border=\"1\" cellpadding=\"0\" cellspacing=\"0\" data-mce-fragment=\"1\">\n<tbody data-mce-fragment=\"1\">\n<tr data-mce-fragment=\"1\">\n<td data-mce-fragment=\"1\">Type<\/td>\n<td data-mce-fragment=\"1\">Intelligent control card<\/td>\n<\/tr>\n<tr data-mce-fragment=\"1\">\n<td data-mce-fragment=\"1\">Model<\/td>\n<td data-mce-fragment=\"1\">E30<\/td>\n<\/tr>\n<tr data-mce-fragment=\"1\">\n<td data-mce-fragment=\"1\">Pixel<\/td>\n<td data-mce-fragment=\"1\">After cascade: 1280*1080 Total resolution :60,0000 Can not bring screen itself<\/td>\n<\/tr>\n<tr data-mce-fragment=\"1\">\n<td data-mce-fragment=\"1\">4G\/3G<\/td>\n<td data-mce-fragment=\"1\">Support<\/td>\n<\/tr>\n<tr data-mce-fragment=\"1\">\n<td data-mce-fragment=\"1\">WiFi<\/td>\n<td data-mce-fragment=\"1\">Support<\/td>\n<\/tr>\n<tr data-mce-fragment=\"1\">\n<td data-mce-fragment=\"1\">Hub<\/td>\n<td data-mce-fragment=\"1\">Two standard port<\/td>\n<\/tr>\n<tr data-mce-fragment=\"1\">\n<td data-mce-fragment=\"1\">Screen Type<\/td>\n<td data-mce-fragment=\"1\">Full color<\/td>\n<\/tr>\n<tr data-mce-fragment=\"1\">\n<td data-mce-fragment=\"1\">Flash Onboard<\/td>\n<td data-mce-fragment=\"1\">8GB<\/td>\n<\/tr>\n<tr data-mce-fragment=\"1\">\n<td data-mce-fragment=\"1\">Gravel level<\/td>\n<td data-mce-fragment=\"1\">65536<\/td>\n<\/tr>\n<tr data-mce-fragment=\"1\">\n<td data-mce-fragment=\"1\">LED Module<\/td>\n<td data-mce-fragment=\"1\">Support random scan types within 32 scan<\/td>\n<\/tr>\n<tr data-mce-fragment=\"1\">\n<td data-mce-fragment=\"1\">Communication port<\/td>\n<td data-mce-fragment=\"1\">Port\/U Disk<\/td>\n<\/tr>\n<tr data-mce-fragment=\"1\">\n<td data-mce-fragment=\"1\">Video<\/td>\n<td data-mce-fragment=\"1\">Support<\/td>\n<\/tr>\n<tr data-mce-fragment=\"1\">\n<td data-mce-fragment=\"1\">GPS<\/td>\n<td data-mce-fragment=\"1\">Fixed-point delivery<\/td>\n<\/tr>\n<tr data-mce-fragment=\"1\">\n<td data-mce-fragment=\"1\">Camera<\/td>\n<td data-mce-fragment=\"1\">Support<\/td>\n<\/tr>\n<tr data-mce-fragment=\"1\">\n<td data-mce-fragment=\"1\">Weather Report<\/td>\n<td data-mce-fragment=\"1\">Support<\/td>\n<\/tr>\n<tr data-mce-fragment=\"1\">\n<td data-mce-fragment=\"1\">Read back display content<\/td>\n<td data-mce-fragment=\"1\">Support<\/td>\n<\/tr>\n<tr data-mce-fragment=\"1\">\n<td data-mce-fragment=\"1\">Display in schedule<\/td>\n<td data-mce-fragment=\"1\">Support<\/td>\n<\/tr>\n<tr data-mce-fragment=\"1\">\n<td data-mce-fragment=\"1\">Video format<\/td>\n<td data-mce-fragment=\"1\">AVI,WMV,MPG,MOV,DAT,VOB,MP4,FLV<\/td>\n<\/tr>\n<tr data-mce-fragment=\"1\">\n<td data-mce-fragment=\"1\">Animation format<\/td>\n<td data-mce-fragment=\"1\">Support gif,swf<\/td>\n<\/tr>\n<tr data-mce-fragment=\"1\">\n<td data-mce-fragment=\"1\">Image format<\/td>\n<td data-mce-fragment=\"1\">Support bmp,jpg,gif,wmf,ico<\/td>\n<\/tr>\n<tr data-mce-fragment=\"1\">\n<td data-mce-fragment=\"1\">Text format<\/td>\n<td data-mce-fragment=\"1\">Support txt,rtf<\/td>\n<\/tr>\n<tr data-mce-fragment=\"1\">\n<td data-mce-fragment=\"1\">Text display<\/td>\n<td data-mce-fragment=\"1\">Single line, static and multi-line etc.<\/td>\n<\/tr>\n<tr data-mce-fragment=\"1\">\n<td data-mce-fragment=\"1\">Clock<\/td>\n<td data-mce-fragment=\"1\">Types of analog clocks and digital clock<\/td>\n<\/tr>\n<tr data-mce-fragment=\"1\">\n<td data-mce-fragment=\"1\">Timing<\/td>\n<td data-mce-fragment=\"1\">Timing and countdown<\/td>\n<\/tr>\n<tr data-mce-fragment=\"1\">\n<td data-mce-fragment=\"1\">Software<\/td>\n<td data-mce-fragment=\"1\">Send programs by AIPS(www.m2mled.net)<\/td>\n<\/tr>\n<\/tbody>\n<\/table>\n<p><br data-mce-fragment=\"1\" \/><br data-mce-fragment=\"1\" \/><\/p>\n<p data-mce-fragment=\"1\"><strong data-mce-fragment=\"1\">Download Specificaion<\/strong><\/p>\n<p data-mce-fragment=\"1\"><span style=\"color: #2b00ff;\">Sysolution E30 Cloud Platform For Taxi Top Screen<strong data-mce-fragment=\"1\">\u00a0Specification<\/strong><\/span><\/p>","protected":false},"excerpt":{"rendered":"<p>Sysolution E30 Cloud Platform For Taxi Top Screen Features: Have Wi-Fi 4G and GPS on board, and support AP function; Have off-line software to send programs by cell&#8230;<\/p>","protected":false},"featured_media":43597,"comment_status":"closed","ping_status":"closed","template":"","meta":{"_monsterinsights_skip_tracking":false,"_monsterinsights_sitenote_active":false,"_monsterinsights_sitenote_note":"","_monsterinsights_sitenote_category":0},"product_cat":[170],"product_tag":[148,174],"class_list":{"0":"post-43598","1":"product","2":"type-product","3":"status-publish","4":"has-post-thumbnail","6":"product_cat-sysolution","7":"product_tag-100-00-300-00","8":"product_tag-sysolution","10":"first","11":"instock","12":"shipping-taxable","13":"purchasable","14":"product-type-simple"},"yoast_head":"<!-- This site is optimized with the Yoast SEO Premium plugin v24.1 (Yoast SEO v24.1) - https:\/\/yoast.com\/wordpress\/plugins\/seo\/ -->\n<title>Sysolution E30 Cloud Platform For LED Taxi Top Screen Display<\/title>\n<meta name=\"description\" content=\"Sysolution E30 Cloud Platform For Taxi Top Screen. Leyard \u00b7 Absen \u00b7 Unilumin \u00b7 ROE Visual \u00b7 Daktronics \u00b7 INFiLED \u00b7 Samsung \u00b7 Barco \u00b7 Vanguard LED Displays\" \/>\n<meta name=\"robots\" content=\"noindex, follow, max-snippet:-1, max-image-preview:large, max-video-preview:-1\" \/>\n<meta property=\"og:locale\" content=\"hu_HU\" \/>\n<meta property=\"og:type\" content=\"article\" \/>\n<meta property=\"og:title\" content=\"Sysolution E30 Cloud Platform For Taxi Top Screen\" \/>\n<meta property=\"og:description\" content=\"Sysolution E30 Cloud Platform For Taxi Top Screen. Leyard \u00b7 Absen \u00b7 Unilumin \u00b7 ROE Visual \u00b7 Daktronics \u00b7 INFiLED \u00b7 Samsung \u00b7 Barco \u00b7 Vanguard LED Displays\" \/>\n<meta property=\"og:url\" content=\"https:\/\/www.leemanleddisplay.com\/hu\/product\/sysolution-e30-cloud-platform-for-taxi-top-screen\/\" \/>\n<meta property=\"og:site_name\" content=\"Leemanled\" \/>\n<meta property=\"article:modified_time\" content=\"2025-01-13T14:33:49+00:00\" \/>\n<meta property=\"og:image\" content=\"https:\/\/www.leemanleddisplay.com\/wp-content\/uploads\/1736\/09sysolution-e30-cloud-platform-for-taxi-top-screen_0.jpg\" \/>\n\t<meta property=\"og:image:width\" content=\"788\" \/>\n\t<meta property=\"og:image:height\" content=\"545\" \/>\n\t<meta property=\"og:image:type\" content=\"image\/jpeg\" \/>\n<meta name=\"twitter:card\" content=\"summary_large_image\" \/>\n<meta name=\"twitter:label1\" content=\"\u00c1r\" \/>\n\t<meta name=\"twitter:data1\" content=\"&#036;252.00\" \/>\n\t<meta name=\"twitter:label2\" content=\"El\u00e9rhet\u0151s\u00e9g\" \/>\n\t<meta name=\"twitter:data2\" content=\"K\u00e9szleten\" \/>\n<script type=\"application\/ld+json\" class=\"yoast-schema-graph\">{\"@context\":\"https:\/\/schema.org\",\"@graph\":[{\"@type\":\"WebPage\",\"@id\":\"https:\/\/www.leemanleddisplay.com\/product\/sysolution-e30-cloud-platform-for-taxi-top-screen\/\",\"url\":\"https:\/\/www.leemanleddisplay.com\/product\/sysolution-e30-cloud-platform-for-taxi-top-screen\/\",\"name\":\"Sysolution E30 Cloud Platform For LED Taxi Top Screen Display\",\"isPartOf\":{\"@id\":\"https:\/\/www.leemanleddisplay.com\/#website\"},\"primaryImageOfPage\":{\"@id\":\"https:\/\/www.leemanleddisplay.com\/product\/sysolution-e30-cloud-platform-for-taxi-top-screen\/#primaryimage\"},\"image\":{\"@id\":\"https:\/\/www.leemanleddisplay.com\/product\/sysolution-e30-cloud-platform-for-taxi-top-screen\/#primaryimage\"},\"thumbnailUrl\":\"https:\/\/www.leemanleddisplay.com\/wp-content\/uploads\/1736\/09sysolution-e30-cloud-platform-for-taxi-top-screen_0.jpg\",\"datePublished\":\"2025-01-10T11:45:25+00:00\",\"dateModified\":\"2025-01-13T14:33:49+00:00\",\"description\":\"Sysolution E30 Cloud Platform For Taxi Top Screen. Leyard \u00b7 Absen \u00b7 Unilumin \u00b7 ROE Visual \u00b7 Daktronics \u00b7 INFiLED \u00b7 Samsung \u00b7 Barco \u00b7 Vanguard LED Displays\",\"breadcrumb\":{\"@id\":\"https:\/\/www.leemanleddisplay.com\/product\/sysolution-e30-cloud-platform-for-taxi-top-screen\/#breadcrumb\"},\"inLanguage\":\"hu\",\"potentialAction\":[{\"@type\":\"ReadAction\",\"target\":[\"https:\/\/www.leemanleddisplay.com\/product\/sysolution-e30-cloud-platform-for-taxi-top-screen\/\"]}]},{\"@type\":\"ImageObject\",\"inLanguage\":\"hu\",\"@id\":\"https:\/\/www.leemanleddisplay.com\/product\/sysolution-e30-cloud-platform-for-taxi-top-screen\/#primaryimage\",\"url\":\"https:\/\/www.leemanleddisplay.com\/wp-content\/uploads\/1736\/09sysolution-e30-cloud-platform-for-taxi-top-screen_0.jpg\",\"contentUrl\":\"https:\/\/www.leemanleddisplay.com\/wp-content\/uploads\/1736\/09sysolution-e30-cloud-platform-for-taxi-top-screen_0.jpg\",\"width\":788,\"height\":545},{\"@type\":\"BreadcrumbList\",\"@id\":\"https:\/\/www.leemanleddisplay.com\/product\/sysolution-e30-cloud-platform-for-taxi-top-screen\/#breadcrumb\",\"itemListElement\":[{\"@type\":\"ListItem\",\"position\":1,\"name\":\"Home\",\"item\":\"https:\/\/www.leemanleddisplay.com\/\"},{\"@type\":\"ListItem\",\"position\":2,\"name\":\"Shop\",\"item\":\"https:\/\/www.leemanleddisplay.com\/shop\/\"},{\"@type\":\"ListItem\",\"position\":3,\"name\":\"Sysolution E30 Cloud Platform For Taxi Top Screen\"}]},{\"@type\":\"WebSite\",\"@id\":\"https:\/\/www.leemanleddisplay.com\/#website\",\"url\":\"https:\/\/www.leemanleddisplay.com\/\",\"name\":\"Leemanled\",\"description\":\"\",\"publisher\":{\"@id\":\"https:\/\/www.leemanleddisplay.com\/#organization\"},\"potentialAction\":[{\"@type\":\"SearchAction\",\"target\":{\"@type\":\"EntryPoint\",\"urlTemplate\":\"https:\/\/www.leemanleddisplay.com\/?s={search_term_string}\"},\"query-input\":{\"@type\":\"PropertyValueSpecification\",\"valueRequired\":true,\"valueName\":\"search_term_string\"}}],\"inLanguage\":\"hu\"},{\"@type\":\"Organization\",\"@id\":\"https:\/\/www.leemanleddisplay.com\/#organization\",\"name\":\"Leemanled\",\"url\":\"https:\/\/www.leemanleddisplay.com\/\",\"logo\":{\"@type\":\"ImageObject\",\"inLanguage\":\"hu\",\"@id\":\"https:\/\/www.leemanleddisplay.com\/#\/schema\/logo\/image\/\",\"url\":\"https:\/\/www.leemanleddisplay.com\/wp-content\/uploads\/2024\/11\/cropped-0-removebg-preview-1.png\",\"contentUrl\":\"https:\/\/www.leemanleddisplay.com\/wp-content\/uploads\/2024\/11\/cropped-0-removebg-preview-1.png\",\"width\":200,\"height\":50,\"caption\":\"Leemanled\"},\"image\":{\"@id\":\"https:\/\/www.leemanleddisplay.com\/#\/schema\/logo\/image\/\"}}]}<\/script>\n<meta property=\"product:price:amount\" content=\"252.00\" \/>\n<meta property=\"product:price:currency\" content=\"USD\" \/>\n<meta property=\"og:availability\" content=\"instock\" \/>\n<meta property=\"product:availability\" content=\"instock\" \/>\n<meta property=\"product:retailer_item_id\" content=\"6813762126015\" \/>\n<meta property=\"product:condition\" content=\"new\" \/>\n<!-- \/ Yoast SEO Premium plugin. -->","yoast_head_json":{"title":"Sysolution E30 Cloud Platform For LED Taxi Top Screen Display","description":"Sysolution E30 Cloud Platform For Taxi Top Screen. Leyard \u00b7 Absen \u00b7 Unilumin \u00b7 ROE Visual \u00b7 Daktronics \u00b7 INFiLED \u00b7 Samsung \u00b7 Barco \u00b7 Vanguard LED Displays","robots":{"index":"noindex","follow":"follow","max-snippet":"max-snippet:-1","max-image-preview":"max-image-preview:large","max-video-preview":"max-video-preview:-1"},"og_locale":"hu_HU","og_type":"article","og_title":"Sysolution E30 Cloud Platform For Taxi Top Screen","og_description":"Sysolution E30 Cloud Platform For Taxi Top Screen. Leyard \u00b7 Absen \u00b7 Unilumin \u00b7 ROE Visual \u00b7 Daktronics \u00b7 INFiLED \u00b7 Samsung \u00b7 Barco \u00b7 Vanguard LED Displays","og_url":"https:\/\/www.leemanleddisplay.com\/hu\/product\/sysolution-e30-cloud-platform-for-taxi-top-screen\/","og_site_name":"Leemanled","article_modified_time":"2025-01-13T14:33:49+00:00","og_image":[{"width":788,"height":545,"url":"https:\/\/www.leemanleddisplay.com\/wp-content\/uploads\/1736\/09sysolution-e30-cloud-platform-for-taxi-top-screen_0.jpg","type":"image\/jpeg"}],"twitter_card":"summary_large_image","twitter_misc":{"\u00c1r":"&#36;252.00","El\u00e9rhet\u0151s\u00e9g":"K\u00e9szleten"},"schema":{"@context":"https:\/\/schema.org","@graph":[{"@type":"WebPage","@id":"https:\/\/www.leemanleddisplay.com\/product\/sysolution-e30-cloud-platform-for-taxi-top-screen\/","url":"https:\/\/www.leemanleddisplay.com\/product\/sysolution-e30-cloud-platform-for-taxi-top-screen\/","name":"Sysolution E30 Cloud Platform For LED Taxi Top Screen Display","isPartOf":{"@id":"https:\/\/www.leemanleddisplay.com\/#website"},"primaryImageOfPage":{"@id":"https:\/\/www.leemanleddisplay.com\/product\/sysolution-e30-cloud-platform-for-taxi-top-screen\/#primaryimage"},"image":{"@id":"https:\/\/www.leemanleddisplay.com\/product\/sysolution-e30-cloud-platform-for-taxi-top-screen\/#primaryimage"},"thumbnailUrl":"https:\/\/www.leemanleddisplay.com\/wp-content\/uploads\/1736\/09sysolution-e30-cloud-platform-for-taxi-top-screen_0.jpg","datePublished":"2025-01-10T11:45:25+00:00","dateModified":"2025-01-13T14:33:49+00:00","description":"Sysolution E30 Cloud Platform For Taxi Top Screen. Leyard \u00b7 Absen \u00b7 Unilumin \u00b7 ROE Visual \u00b7 Daktronics \u00b7 INFiLED \u00b7 Samsung \u00b7 Barco \u00b7 Vanguard LED Displays","breadcrumb":{"@id":"https:\/\/www.leemanleddisplay.com\/product\/sysolution-e30-cloud-platform-for-taxi-top-screen\/#breadcrumb"},"inLanguage":"hu","potentialAction":[{"@type":"ReadAction","target":["https:\/\/www.leemanleddisplay.com\/product\/sysolution-e30-cloud-platform-for-taxi-top-screen\/"]}]},{"@type":"ImageObject","inLanguage":"hu","@id":"https:\/\/www.leemanleddisplay.com\/product\/sysolution-e30-cloud-platform-for-taxi-top-screen\/#primaryimage","url":"https:\/\/www.leemanleddisplay.com\/wp-content\/uploads\/1736\/09sysolution-e30-cloud-platform-for-taxi-top-screen_0.jpg","contentUrl":"https:\/\/www.leemanleddisplay.com\/wp-content\/uploads\/1736\/09sysolution-e30-cloud-platform-for-taxi-top-screen_0.jpg","width":788,"height":545},{"@type":"BreadcrumbList","@id":"https:\/\/www.leemanleddisplay.com\/product\/sysolution-e30-cloud-platform-for-taxi-top-screen\/#breadcrumb","itemListElement":[{"@type":"ListItem","position":1,"name":"Home","item":"https:\/\/www.leemanleddisplay.com\/"},{"@type":"ListItem","position":2,"name":"Shop","item":"https:\/\/www.leemanleddisplay.com\/shop\/"},{"@type":"ListItem","position":3,"name":"Sysolution E30 Cloud Platform For Taxi Top Screen"}]},{"@type":"WebSite","@id":"https:\/\/www.leemanleddisplay.com\/#website","url":"https:\/\/www.leemanleddisplay.com\/","name":"Leemanled","description":"","publisher":{"@id":"https:\/\/www.leemanleddisplay.com\/#organization"},"potentialAction":[{"@type":"SearchAction","target":{"@type":"EntryPoint","urlTemplate":"https:\/\/www.leemanleddisplay.com\/?s={search_term_string}"},"query-input":{"@type":"PropertyValueSpecification","valueRequired":true,"valueName":"search_term_string"}}],"inLanguage":"hu"},{"@type":"Organization","@id":"https:\/\/www.leemanleddisplay.com\/#organization","name":"Leemanled","url":"https:\/\/www.leemanleddisplay.com\/","logo":{"@type":"ImageObject","inLanguage":"hu","@id":"https:\/\/www.leemanleddisplay.com\/#\/schema\/logo\/image\/","url":"https:\/\/www.leemanleddisplay.com\/wp-content\/uploads\/2024\/11\/cropped-0-removebg-preview-1.png","contentUrl":"https:\/\/www.leemanleddisplay.com\/wp-content\/uploads\/2024\/11\/cropped-0-removebg-preview-1.png","width":200,"height":50,"caption":"Leemanled"},"image":{"@id":"https:\/\/www.leemanleddisplay.com\/#\/schema\/logo\/image\/"}}]},"product_price_amount":"252.00","product_price_currency":"USD","og_availability":"instock","product_availability":"instock","product_retailer_item_id":"6813762126015","product_condition":"new"},"_links":{"self":[{"href":"https:\/\/www.leemanleddisplay.com\/hu\/wp-json\/wp\/v2\/product\/43598","targetHints":{"allow":["GET"]}}],"collection":[{"href":"https:\/\/www.leemanleddisplay.com\/hu\/wp-json\/wp\/v2\/product"}],"about":[{"href":"https:\/\/www.leemanleddisplay.com\/hu\/wp-json\/wp\/v2\/types\/product"}],"replies":[{"embeddable":true,"href":"https:\/\/www.leemanleddisplay.com\/hu\/wp-json\/wp\/v2\/comments?post=43598"}],"wp:featuredmedia":[{"embeddable":true,"href":"https:\/\/www.leemanleddisplay.com\/hu\/wp-json\/wp\/v2\/media\/43597"}],"wp:attachment":[{"href":"https:\/\/www.leemanleddisplay.com\/hu\/wp-json\/wp\/v2\/media?parent=43598"}],"wp:term":[{"taxonomy":"product_cat","embeddable":true,"href":"https:\/\/www.leemanleddisplay.com\/hu\/wp-json\/wp\/v2\/product_cat?post=43598"},{"taxonomy":"product_tag","embeddable":true,"href":"https:\/\/www.leemanleddisplay.com\/hu\/wp-json\/wp\/v2\/product_tag?post=43598"}],"curies":[{"name":"wp","href":"https:\/\/api.w.org\/{rel}","templated":true}]}}