{"id":43640,"date":"2025-01-10T11:47:29","date_gmt":"2025-01-10T11:47:29","guid":{"rendered":"https:\/\/www.leemanleddisplay.com\/product\/sysolution-k13-asynchronous-cascading-led-controller-card\/"},"modified":"2025-01-13T13:40:15","modified_gmt":"2025-01-13T13:40:15","slug":"sysolution-k13-asynchronous-cascading-led-controller-card","status":"publish","type":"product","link":"https:\/\/www.leemanleddisplay.com\/hu\/product\/sysolution-k13-asynchronous-cascading-led-controller-card\/","title":{"rendered":"Sysolution K13 Asynchronous Cascading LED Controller Card"},"content":{"rendered":"<p data-mce-fragment=\"1\"><strong data-mce-fragment=\"1\">Characteristics of <span data-mce-fragment=\"1\">Sysolution<\/span> K13 Asynchronous Cascading LED Controller Card:<\/strong><br data-mce-fragment=\"1\" \/><br data-mce-fragment=\"1\" \/>1) Video hardware decoding to make sure smoothly displaying, while M-series and A-series controller supports software decoding<br data-mce-fragment=\"1\" \/>2) Support 4096 gray level for red, green and blue<br data-mce-fragment=\"1\" \/>3)One card support maximum pixels 640&#215;128 pixels, fixed pixels<br data-mce-fragment=\"1\" \/>4) One sending card supports more than one screen but each screen has the same size, to realize display same content in the same time<br data-mce-fragment=\"1\" \/>5) Supporting read back HCP4 file from led controller<br data-mce-fragment=\"1\" \/>6) Intelligent connection, that is exchange receiving cards in one screen without setup again, the receiving cards will display the content after exchanging<br data-mce-fragment=\"1\" \/>7)M-series and A-series controller only support 1, 2, 4, 8, 16 scan types, while K-series support random scan types within 1\/16 scan, like 1, 2, 3, 4, 5, 6, 7, 8, 9, 10, 11, 12, 13, 14, 15, 16 scan types<br data-mce-fragment=\"1\" \/>8) Support driver IC with PWM, such as MBI5041<br data-mce-fragment=\"1\" \/>9) One sending card can connect one HUB, will save one piece of receiving card<br data-mce-fragment=\"1\" \/>10) It has same installation holes with synchronous controller, so it is easy to change controller<br data-mce-fragment=\"1\" \/>11) Totally new design, setup controller through software in PC<\/p>\n<p data-mce-fragment=\"1\"><br data-mce-fragment=\"1\" \/><br data-mce-fragment=\"1\" \/><\/p>\n<p data-mce-fragment=\"1\"><strong data-mce-fragment=\"1\">Parameters of <span data-mce-fragment=\"1\">Sysolution<\/span> K13 Asynchronous Cascading LED Controller Card:<\/strong><\/p>\n<table border=\"1\" data-mce-fragment=\"1\">\n<tbody data-mce-fragment=\"1\">\n<tr data-mce-fragment=\"1\">\n<td width=\"124\" data-mce-fragment=\"1\">\n<p class=\"p0\" data-mce-fragment=\"1\">Type<\/p>\n<\/td>\n<td width=\"453\" data-mce-fragment=\"1\">\n<p class=\"p0\" data-mce-fragment=\"1\">cascading\u00a0card<\/p>\n<\/td>\n<\/tr>\n<tr data-mce-fragment=\"1\">\n<td width=\"124\" data-mce-fragment=\"1\">\n<p class=\"p0\" data-mce-fragment=\"1\">mode<\/p>\n<\/td>\n<td width=\"453\" data-mce-fragment=\"1\">\n<p class=\"p0\" data-mce-fragment=\"1\">k13<span data-mce-fragment=\"1\">\uff08<\/span><span data-mce-fragment=\"1\">sending\u00a0card<\/span><span data-mce-fragment=\"1\">\uff09<\/span><\/p>\n<\/td>\n<\/tr>\n<tr data-mce-fragment=\"1\">\n<td width=\"124\" data-mce-fragment=\"1\">\n<p class=\"p0\" data-mce-fragment=\"1\">Maximum\u00a0pixels<\/p>\n<\/td>\n<td width=\"453\" data-mce-fragment=\"1\">\n<p class=\"p0\" data-mce-fragment=\"1\">2400\u00d7128<\/p>\n<\/td>\n<\/tr>\n<tr data-mce-fragment=\"1\">\n<td width=\"124\" data-mce-fragment=\"1\">\n<p class=\"p0\" data-mce-fragment=\"1\">Hub<\/p>\n<\/td>\n<td width=\"453\" data-mce-fragment=\"1\">\n<p class=\"p0\" data-mce-fragment=\"1\">Standard\u00a0hub,\u00a0one\u00a0sending\u00a0card\u00a0<\/p>\n<p class=\"p0\" data-mce-fragment=\"1\">connects\u00a0one\u00a0hub,\u00a0receiving\u00a0card\u00a0<\/p>\n<p class=\"p0\" data-mce-fragment=\"1\">connects\u00a0one\u00a0hub<\/p>\n<\/td>\n<\/tr>\n<tr data-mce-fragment=\"1\">\n<td width=\"124\" data-mce-fragment=\"1\">\n<p class=\"p0\" data-mce-fragment=\"1\">Display\u00a0type<\/p>\n<\/td>\n<td width=\"453\" data-mce-fragment=\"1\">\n<p class=\"p0\" data-mce-fragment=\"1\">Full\u00a0color<\/p>\n<\/td>\n<\/tr>\n<tr data-mce-fragment=\"1\">\n<td width=\"124\" data-mce-fragment=\"1\">\n<p class=\"p0\" data-mce-fragment=\"1\">Onboard\u00a0Flash<\/p>\n<\/td>\n<td width=\"453\" data-mce-fragment=\"1\">\n<p class=\"p0\" data-mce-fragment=\"1\">500MB<\/p>\n<\/td>\n<\/tr>\n<tr data-mce-fragment=\"1\">\n<td width=\"124\" data-mce-fragment=\"1\">\n<p class=\"p0\" data-mce-fragment=\"1\">Gray\u00a0level<\/p>\n<\/td>\n<td width=\"453\" data-mce-fragment=\"1\">\n<p class=\"p0\" data-mce-fragment=\"1\">4096<\/p>\n<\/td>\n<\/tr>\n<tr data-mce-fragment=\"1\">\n<td width=\"124\" data-mce-fragment=\"1\">\n<p class=\"p0\" data-mce-fragment=\"1\">LED\u00a0module\u00a0type<\/p>\n<\/td>\n<td width=\"453\" data-mce-fragment=\"1\">\n<p class=\"p0\" data-mce-fragment=\"1\">Support\u00a0random\u00a0scan\u00a0type\u00a0<\/p>\n<p class=\"p0\" data-mce-fragment=\"1\">within\u00a01\/16\u00a0scan<\/p>\n<\/td>\n<\/tr>\n<tr data-mce-fragment=\"1\">\n<td width=\"124\" data-mce-fragment=\"1\">\n<p class=\"p0\" data-mce-fragment=\"1\">Communication\u00a0ports<\/p>\n<\/td>\n<td width=\"453\" data-mce-fragment=\"1\">\n<p class=\"p0\" data-mce-fragment=\"1\">Ethernet\/serial\u00a0port\/USB\u00a0ports<\/p>\n<\/td>\n<\/tr>\n<tr data-mce-fragment=\"1\">\n<td width=\"124\" data-mce-fragment=\"1\">\n<p class=\"p0\" data-mce-fragment=\"1\">Audio<\/p>\n<\/td>\n<td width=\"453\" data-mce-fragment=\"1\">\n<p class=\"p0\" data-mce-fragment=\"1\">USB\u00a0sound\u00a0card\u00a0optional<\/p>\n<\/td>\n<\/tr>\n<tr data-mce-fragment=\"1\">\n<td width=\"124\" data-mce-fragment=\"1\">\n<p class=\"p0\" data-mce-fragment=\"1\">Special\u00a0Driver\u00a0IC<\/p>\n<\/td>\n<td width=\"453\" data-mce-fragment=\"1\">\n<p class=\"p0\" data-mce-fragment=\"1\">Support\u00a0MBI5041<\/p>\n<\/td>\n<\/tr>\n<tr data-mce-fragment=\"1\">\n<td width=\"124\" data-mce-fragment=\"1\">\n<p class=\"p0\" data-mce-fragment=\"1\">Schedule\u00a0on\u00a0time<\/p>\n<\/td>\n<td width=\"453\" data-mce-fragment=\"1\">\n<p class=\"p0\" data-mce-fragment=\"1\">Support<\/p>\n<\/td>\n<\/tr>\n<tr data-mce-fragment=\"1\">\n<td width=\"124\" data-mce-fragment=\"1\">\n<p class=\"p0\" data-mce-fragment=\"1\">Video\u00a0formats<\/p>\n<\/td>\n<td width=\"453\" data-mce-fragment=\"1\">\n<p class=\"p0\" data-mce-fragment=\"1\">AVI,WMV,MPG,MOV,DAT,<\/p>\n<p class=\"p0\" data-mce-fragment=\"1\">VOB,MP4,FLV\u00a0and\u00a0so\u00a0on<\/p>\n<\/td>\n<\/tr>\n<tr data-mce-fragment=\"1\">\n<td width=\"124\" data-mce-fragment=\"1\">\n<p class=\"p0\" data-mce-fragment=\"1\">Animation\u00a0formats<\/p>\n<\/td>\n<td width=\"453\" data-mce-fragment=\"1\">\n<p class=\"p0\" data-mce-fragment=\"1\">Support\u00a0GIF,SWF\u00a0and\u00a0so\u00a0on<\/p>\n<\/td>\n<\/tr>\n<tr data-mce-fragment=\"1\">\n<td width=\"124\" data-mce-fragment=\"1\">\n<p class=\"p0\" data-mce-fragment=\"1\">Image\u00a0formats<\/p>\n<\/td>\n<td width=\"453\" data-mce-fragment=\"1\">\n<p class=\"p0\" data-mce-fragment=\"1\">Support\u00a0bmp,jpg,gif,wmf,ico\u00a0<\/p>\n<p class=\"p0\" data-mce-fragment=\"1\">and\u00a0so\u00a0on<\/p>\n<\/td>\n<\/tr>\n<tr data-mce-fragment=\"1\">\n<td width=\"124\" data-mce-fragment=\"1\">\n<p class=\"p0\" data-mce-fragment=\"1\">Text\u00a0formats<\/p>\n<\/td>\n<td width=\"453\" data-mce-fragment=\"1\">\n<p class=\"p0\" data-mce-fragment=\"1\">Support\u00a0txt<span data-mce-fragment=\"1\">\uff0c<\/span><span data-mce-fragment=\"1\">rtf<\/span><\/p>\n<\/td>\n<\/tr>\n<tr data-mce-fragment=\"1\">\n<td width=\"124\" data-mce-fragment=\"1\">\n<p class=\"p0\" data-mce-fragment=\"1\">Text\u00a0type<\/p>\n<\/td>\n<td width=\"453\" data-mce-fragment=\"1\">\n<p class=\"p0\" data-mce-fragment=\"1\">Single\u00a0line,\u00a0static\u00a0text\u00a0and\u00a0<\/p>\n<p class=\"p0\" data-mce-fragment=\"1\">multi-line\u00a0text<\/p>\n<\/td>\n<\/tr>\n<tr data-mce-fragment=\"1\">\n<td width=\"124\" data-mce-fragment=\"1\">\n<p class=\"p0\" data-mce-fragment=\"1\">Table<\/p>\n<\/td>\n<td width=\"453\" data-mce-fragment=\"1\">\n<p class=\"p0\" data-mce-fragment=\"1\">Support\u00a0to\u00a0editing\u00a0table<\/p>\n<\/td>\n<\/tr>\n<tr data-mce-fragment=\"1\">\n<td width=\"124\" data-mce-fragment=\"1\">\n<p class=\"p0\" data-mce-fragment=\"1\">Date\u00a0and\u00a0Time<\/p>\n<\/td>\n<td width=\"453\" data-mce-fragment=\"1\">\n<p class=\"p0\" data-mce-fragment=\"1\">Support\u00a0Analog\u00a0clock\u00a0and\u00a0<\/p>\n<p class=\"p0\" data-mce-fragment=\"1\">Digital\u00a0clock<\/p>\n<\/td>\n<\/tr>\n<tr data-mce-fragment=\"1\">\n<td width=\"124\" data-mce-fragment=\"1\">\n<p class=\"p0\" data-mce-fragment=\"1\">Timing<\/p>\n<\/td>\n<td width=\"453\" data-mce-fragment=\"1\">\n<p class=\"p0\" data-mce-fragment=\"1\">Support\u00a0countdown\u00a0and\u00a0Timing<\/p>\n<\/td>\n<\/tr>\n<tr data-mce-fragment=\"1\">\n<td width=\"124\" data-mce-fragment=\"1\">\n<p class=\"p0\" data-mce-fragment=\"1\">Sensor<\/p>\n<\/td>\n<td width=\"453\" data-mce-fragment=\"1\">\n<p class=\"p0\" data-mce-fragment=\"1\">Support\u00a0temperature,\u00a0humidity,\u00a0<\/p>\n<p class=\"p0\" data-mce-fragment=\"1\">auto-adjust\u00a0brightness,\u00a0Infrared\u00a0<\/p>\n<p class=\"p0\" data-mce-fragment=\"1\">remote\u00a0to\u00a0change\u00a0programs<\/p>\n<\/td>\n<\/tr>\n<tr data-mce-fragment=\"1\">\n<td width=\"124\" data-mce-fragment=\"1\">\n<p class=\"p0\" data-mce-fragment=\"1\">Storage\u00a0port<\/p>\n<\/td>\n<td width=\"453\" data-mce-fragment=\"1\">\n<p class=\"p0\" data-mce-fragment=\"1\">Support\u00a0to\u00a0expanding\u00a0storage\u00a0<\/p>\n<p class=\"p0\" data-mce-fragment=\"1\">via\u00a0USB<\/p>\n<\/td>\n<\/tr>\n<tr data-mce-fragment=\"1\">\n<td width=\"124\" data-mce-fragment=\"1\">\n<p class=\"p0\" data-mce-fragment=\"1\">Software<\/p>\n<\/td>\n<td width=\"453\" data-mce-fragment=\"1\">\n<p class=\"p0\" data-mce-fragment=\"1\">LEDEditor_V10\/LEDSet2.0<\/p>\n<\/td>\n<\/tr>\n<tr data-mce-fragment=\"1\">\n<td width=\"124\" data-mce-fragment=\"1\">\n<p class=\"p0\" data-mce-fragment=\"1\">Stock<\/p>\n<\/td>\n<td width=\"453\" data-mce-fragment=\"1\">\n<p class=\"p0\" data-mce-fragment=\"1\">In\u00a0stock<\/p>\n<\/td>\n<\/tr>\n<\/tbody>\n<\/table>\n<p data-mce-fragment=\"1\"><b data-mce-fragment=\"1\">\u00a0<\/b><\/p>","protected":false},"excerpt":{"rendered":"<p>Characteristics of Sysolution K13 Asynchronous Cascading LED Controller Card:1) Video hardware decoding to make sure smoothly displaying, while M-series and A-series controller supports software decoding2) Support 4096 gray&#8230;<\/p>","protected":false},"featured_media":43635,"comment_status":"closed","ping_status":"closed","template":"","meta":{"_monsterinsights_skip_tracking":false,"_monsterinsights_sitenote_active":false,"_monsterinsights_sitenote_note":"","_monsterinsights_sitenote_category":0},"product_cat":[170],"product_tag":[148,174],"class_list":{"0":"post-43640","1":"product","2":"type-product","3":"status-publish","4":"has-post-thumbnail","6":"product_cat-sysolution","7":"product_tag-100-00-300-00","8":"product_tag-sysolution","10":"first","11":"instock","12":"shipping-taxable","13":"purchasable","14":"product-type-simple"},"yoast_head":"<!-- This site is optimized with the Yoast SEO Premium plugin v24.1 (Yoast SEO v24.1) - https:\/\/yoast.com\/wordpress\/plugins\/seo\/ -->\n<title>Sysolution K13 Asynchronous Cascading LED Controller Card<\/title>\n<meta name=\"description\" content=\"Sysolution K13 Asynchronous Cascading LED Controller Card LEDbow .PixelLight .LEDVANCE GmbH .LEDCast .NEC Display Solutions Europe GmbH .Cocktail Vision\" \/>\n<meta name=\"robots\" content=\"noindex, follow, max-snippet:-1, max-image-preview:large, max-video-preview:-1\" \/>\n<meta property=\"og:locale\" content=\"hu_HU\" \/>\n<meta property=\"og:type\" content=\"article\" \/>\n<meta property=\"og:title\" content=\"Sysolution K13 Asynchronous Cascading LED Controller Card\" \/>\n<meta property=\"og:description\" content=\"Sysolution K13 Asynchronous Cascading LED Controller Card LEDbow .PixelLight .LEDVANCE GmbH .LEDCast .NEC Display Solutions Europe GmbH .Cocktail Vision\" \/>\n<meta property=\"og:url\" content=\"https:\/\/www.leemanleddisplay.com\/hu\/product\/sysolution-k13-asynchronous-cascading-led-controller-card\/\" \/>\n<meta property=\"og:site_name\" content=\"Leemanled\" \/>\n<meta property=\"article:modified_time\" content=\"2025-01-13T13:40:15+00:00\" \/>\n<meta property=\"og:image\" content=\"https:\/\/www.leemanleddisplay.com\/wp-content\/uploads\/1736\/09sysolution-k13-asynchronous-cascading-led-controller-card_0.jpg\" \/>\n\t<meta property=\"og:image:width\" content=\"2000\" \/>\n\t<meta property=\"og:image:height\" content=\"1310\" \/>\n\t<meta property=\"og:image:type\" content=\"image\/jpeg\" \/>\n<meta name=\"twitter:card\" content=\"summary_large_image\" \/>\n<meta name=\"twitter:label1\" content=\"\u00c1r\" \/>\n\t<meta name=\"twitter:data1\" content=\"&#036;123.82\" \/>\n\t<meta name=\"twitter:label2\" content=\"El\u00e9rhet\u0151s\u00e9g\" \/>\n\t<meta name=\"twitter:data2\" content=\"K\u00e9szleten\" \/>\n<script type=\"application\/ld+json\" class=\"yoast-schema-graph\">{\"@context\":\"https:\/\/schema.org\",\"@graph\":[{\"@type\":\"WebPage\",\"@id\":\"https:\/\/www.leemanleddisplay.com\/product\/sysolution-k13-asynchronous-cascading-led-controller-card\/\",\"url\":\"https:\/\/www.leemanleddisplay.com\/product\/sysolution-k13-asynchronous-cascading-led-controller-card\/\",\"name\":\"Sysolution K13 Asynchronous Cascading LED Controller Card\",\"isPartOf\":{\"@id\":\"https:\/\/www.leemanleddisplay.com\/#website\"},\"primaryImageOfPage\":{\"@id\":\"https:\/\/www.leemanleddisplay.com\/product\/sysolution-k13-asynchronous-cascading-led-controller-card\/#primaryimage\"},\"image\":{\"@id\":\"https:\/\/www.leemanleddisplay.com\/product\/sysolution-k13-asynchronous-cascading-led-controller-card\/#primaryimage\"},\"thumbnailUrl\":\"https:\/\/www.leemanleddisplay.com\/wp-content\/uploads\/1736\/09sysolution-k13-asynchronous-cascading-led-controller-card_0.jpg\",\"datePublished\":\"2025-01-10T11:47:29+00:00\",\"dateModified\":\"2025-01-13T13:40:15+00:00\",\"description\":\"Sysolution K13 Asynchronous Cascading LED Controller Card LEDbow .PixelLight .LEDVANCE GmbH .LEDCast .NEC Display Solutions Europe GmbH .Cocktail Vision\",\"breadcrumb\":{\"@id\":\"https:\/\/www.leemanleddisplay.com\/product\/sysolution-k13-asynchronous-cascading-led-controller-card\/#breadcrumb\"},\"inLanguage\":\"hu\",\"potentialAction\":[{\"@type\":\"ReadAction\",\"target\":[\"https:\/\/www.leemanleddisplay.com\/product\/sysolution-k13-asynchronous-cascading-led-controller-card\/\"]}]},{\"@type\":\"ImageObject\",\"inLanguage\":\"hu\",\"@id\":\"https:\/\/www.leemanleddisplay.com\/product\/sysolution-k13-asynchronous-cascading-led-controller-card\/#primaryimage\",\"url\":\"https:\/\/www.leemanleddisplay.com\/wp-content\/uploads\/1736\/09sysolution-k13-asynchronous-cascading-led-controller-card_0.jpg\",\"contentUrl\":\"https:\/\/www.leemanleddisplay.com\/wp-content\/uploads\/1736\/09sysolution-k13-asynchronous-cascading-led-controller-card_0.jpg\",\"width\":2000,\"height\":1310},{\"@type\":\"BreadcrumbList\",\"@id\":\"https:\/\/www.leemanleddisplay.com\/product\/sysolution-k13-asynchronous-cascading-led-controller-card\/#breadcrumb\",\"itemListElement\":[{\"@type\":\"ListItem\",\"position\":1,\"name\":\"Home\",\"item\":\"https:\/\/www.leemanleddisplay.com\/\"},{\"@type\":\"ListItem\",\"position\":2,\"name\":\"Shop\",\"item\":\"https:\/\/www.leemanleddisplay.com\/shop\/\"},{\"@type\":\"ListItem\",\"position\":3,\"name\":\"Sysolution K13 Asynchronous Cascading LED Controller Card\"}]},{\"@type\":\"WebSite\",\"@id\":\"https:\/\/www.leemanleddisplay.com\/#website\",\"url\":\"https:\/\/www.leemanleddisplay.com\/\",\"name\":\"Leemanled\",\"description\":\"\",\"publisher\":{\"@id\":\"https:\/\/www.leemanleddisplay.com\/#organization\"},\"potentialAction\":[{\"@type\":\"SearchAction\",\"target\":{\"@type\":\"EntryPoint\",\"urlTemplate\":\"https:\/\/www.leemanleddisplay.com\/?s={search_term_string}\"},\"query-input\":{\"@type\":\"PropertyValueSpecification\",\"valueRequired\":true,\"valueName\":\"search_term_string\"}}],\"inLanguage\":\"hu\"},{\"@type\":\"Organization\",\"@id\":\"https:\/\/www.leemanleddisplay.com\/#organization\",\"name\":\"Leemanled\",\"url\":\"https:\/\/www.leemanleddisplay.com\/\",\"logo\":{\"@type\":\"ImageObject\",\"inLanguage\":\"hu\",\"@id\":\"https:\/\/www.leemanleddisplay.com\/#\/schema\/logo\/image\/\",\"url\":\"https:\/\/www.leemanleddisplay.com\/wp-content\/uploads\/2024\/11\/cropped-0-removebg-preview-1.png\",\"contentUrl\":\"https:\/\/www.leemanleddisplay.com\/wp-content\/uploads\/2024\/11\/cropped-0-removebg-preview-1.png\",\"width\":200,\"height\":50,\"caption\":\"Leemanled\"},\"image\":{\"@id\":\"https:\/\/www.leemanleddisplay.com\/#\/schema\/logo\/image\/\"}}]}<\/script>\n<meta property=\"product:price:amount\" content=\"123.82\" \/>\n<meta property=\"product:price:currency\" content=\"USD\" \/>\n<meta property=\"og:availability\" content=\"instock\" \/>\n<meta property=\"product:availability\" content=\"instock\" \/>\n<meta property=\"product:retailer_item_id\" content=\"6813606314175\" \/>\n<meta property=\"product:condition\" content=\"new\" \/>\n<!-- \/ Yoast SEO Premium plugin. -->","yoast_head_json":{"title":"Sysolution K13 Asynchronous Cascading LED Controller Card","description":"Sysolution K13 Asynchronous Cascading LED Controller Card LEDbow .PixelLight .LEDVANCE GmbH .LEDCast .NEC Display Solutions Europe GmbH .Cocktail Vision","robots":{"index":"noindex","follow":"follow","max-snippet":"max-snippet:-1","max-image-preview":"max-image-preview:large","max-video-preview":"max-video-preview:-1"},"og_locale":"hu_HU","og_type":"article","og_title":"Sysolution K13 Asynchronous Cascading LED Controller Card","og_description":"Sysolution K13 Asynchronous Cascading LED Controller Card LEDbow .PixelLight .LEDVANCE GmbH .LEDCast .NEC Display Solutions Europe GmbH .Cocktail Vision","og_url":"https:\/\/www.leemanleddisplay.com\/hu\/product\/sysolution-k13-asynchronous-cascading-led-controller-card\/","og_site_name":"Leemanled","article_modified_time":"2025-01-13T13:40:15+00:00","og_image":[{"width":2000,"height":1310,"url":"https:\/\/www.leemanleddisplay.com\/wp-content\/uploads\/1736\/09sysolution-k13-asynchronous-cascading-led-controller-card_0.jpg","type":"image\/jpeg"}],"twitter_card":"summary_large_image","twitter_misc":{"\u00c1r":"&#36;123.82","El\u00e9rhet\u0151s\u00e9g":"K\u00e9szleten"},"schema":{"@context":"https:\/\/schema.org","@graph":[{"@type":"WebPage","@id":"https:\/\/www.leemanleddisplay.com\/product\/sysolution-k13-asynchronous-cascading-led-controller-card\/","url":"https:\/\/www.leemanleddisplay.com\/product\/sysolution-k13-asynchronous-cascading-led-controller-card\/","name":"Sysolution K13 Asynchronous Cascading LED Controller Card","isPartOf":{"@id":"https:\/\/www.leemanleddisplay.com\/#website"},"primaryImageOfPage":{"@id":"https:\/\/www.leemanleddisplay.com\/product\/sysolution-k13-asynchronous-cascading-led-controller-card\/#primaryimage"},"image":{"@id":"https:\/\/www.leemanleddisplay.com\/product\/sysolution-k13-asynchronous-cascading-led-controller-card\/#primaryimage"},"thumbnailUrl":"https:\/\/www.leemanleddisplay.com\/wp-content\/uploads\/1736\/09sysolution-k13-asynchronous-cascading-led-controller-card_0.jpg","datePublished":"2025-01-10T11:47:29+00:00","dateModified":"2025-01-13T13:40:15+00:00","description":"Sysolution K13 Asynchronous Cascading LED Controller Card LEDbow .PixelLight .LEDVANCE GmbH .LEDCast .NEC Display Solutions Europe GmbH .Cocktail Vision","breadcrumb":{"@id":"https:\/\/www.leemanleddisplay.com\/product\/sysolution-k13-asynchronous-cascading-led-controller-card\/#breadcrumb"},"inLanguage":"hu","potentialAction":[{"@type":"ReadAction","target":["https:\/\/www.leemanleddisplay.com\/product\/sysolution-k13-asynchronous-cascading-led-controller-card\/"]}]},{"@type":"ImageObject","inLanguage":"hu","@id":"https:\/\/www.leemanleddisplay.com\/product\/sysolution-k13-asynchronous-cascading-led-controller-card\/#primaryimage","url":"https:\/\/www.leemanleddisplay.com\/wp-content\/uploads\/1736\/09sysolution-k13-asynchronous-cascading-led-controller-card_0.jpg","contentUrl":"https:\/\/www.leemanleddisplay.com\/wp-content\/uploads\/1736\/09sysolution-k13-asynchronous-cascading-led-controller-card_0.jpg","width":2000,"height":1310},{"@type":"BreadcrumbList","@id":"https:\/\/www.leemanleddisplay.com\/product\/sysolution-k13-asynchronous-cascading-led-controller-card\/#breadcrumb","itemListElement":[{"@type":"ListItem","position":1,"name":"Home","item":"https:\/\/www.leemanleddisplay.com\/"},{"@type":"ListItem","position":2,"name":"Shop","item":"https:\/\/www.leemanleddisplay.com\/shop\/"},{"@type":"ListItem","position":3,"name":"Sysolution K13 Asynchronous Cascading LED Controller Card"}]},{"@type":"WebSite","@id":"https:\/\/www.leemanleddisplay.com\/#website","url":"https:\/\/www.leemanleddisplay.com\/","name":"Leemanled","description":"","publisher":{"@id":"https:\/\/www.leemanleddisplay.com\/#organization"},"potentialAction":[{"@type":"SearchAction","target":{"@type":"EntryPoint","urlTemplate":"https:\/\/www.leemanleddisplay.com\/?s={search_term_string}"},"query-input":{"@type":"PropertyValueSpecification","valueRequired":true,"valueName":"search_term_string"}}],"inLanguage":"hu"},{"@type":"Organization","@id":"https:\/\/www.leemanleddisplay.com\/#organization","name":"Leemanled","url":"https:\/\/www.leemanleddisplay.com\/","logo":{"@type":"ImageObject","inLanguage":"hu","@id":"https:\/\/www.leemanleddisplay.com\/#\/schema\/logo\/image\/","url":"https:\/\/www.leemanleddisplay.com\/wp-content\/uploads\/2024\/11\/cropped-0-removebg-preview-1.png","contentUrl":"https:\/\/www.leemanleddisplay.com\/wp-content\/uploads\/2024\/11\/cropped-0-removebg-preview-1.png","width":200,"height":50,"caption":"Leemanled"},"image":{"@id":"https:\/\/www.leemanleddisplay.com\/#\/schema\/logo\/image\/"}}]},"product_price_amount":"123.82","product_price_currency":"USD","og_availability":"instock","product_availability":"instock","product_retailer_item_id":"6813606314175","product_condition":"new"},"_links":{"self":[{"href":"https:\/\/www.leemanleddisplay.com\/hu\/wp-json\/wp\/v2\/product\/43640","targetHints":{"allow":["GET"]}}],"collection":[{"href":"https:\/\/www.leemanleddisplay.com\/hu\/wp-json\/wp\/v2\/product"}],"about":[{"href":"https:\/\/www.leemanleddisplay.com\/hu\/wp-json\/wp\/v2\/types\/product"}],"replies":[{"embeddable":true,"href":"https:\/\/www.leemanleddisplay.com\/hu\/wp-json\/wp\/v2\/comments?post=43640"}],"wp:featuredmedia":[{"embeddable":true,"href":"https:\/\/www.leemanleddisplay.com\/hu\/wp-json\/wp\/v2\/media\/43635"}],"wp:attachment":[{"href":"https:\/\/www.leemanleddisplay.com\/hu\/wp-json\/wp\/v2\/media?parent=43640"}],"wp:term":[{"taxonomy":"product_cat","embeddable":true,"href":"https:\/\/www.leemanleddisplay.com\/hu\/wp-json\/wp\/v2\/product_cat?post=43640"},{"taxonomy":"product_tag","embeddable":true,"href":"https:\/\/www.leemanleddisplay.com\/hu\/wp-json\/wp\/v2\/product_tag?post=43640"}],"curies":[{"name":"wp","href":"https:\/\/api.w.org\/{rel}","templated":true}]}}