{"id":43668,"date":"2025-01-10T11:48:36","date_gmt":"2025-01-10T11:48:36","guid":{"rendered":"https:\/\/www.leemanleddisplay.com\/product\/sysolution-d90-270-led-display-receiving-card\/"},"modified":"2025-01-13T13:37:34","modified_gmt":"2025-01-13T13:37:34","slug":"sysolution-d90-270-led-display-receiving-card","status":"publish","type":"product","link":"https:\/\/www.leemanleddisplay.com\/hu\/product\/sysolution-d90-270-led-display-receiving-card\/","title":{"rendered":"Sysolution D90-270 LED Display Receiving Card"},"content":{"rendered":"<p data-mce-fragment=\"1\"><strong data-mce-fragment=\"1\">Sysolution D90-270 LED Display Receiving Card Features:<\/strong><\/p>\n<ul class=\"sxul\" data-mce-fragment=\"1\">\n<li data-mce-fragment=\"1\">With tiny size<\/li>\n<li data-mce-fragment=\"1\">Single block receiving card with pixel area\uff1a128\u00d7128<\/li>\n<li data-mce-fragment=\"1\">Working current:0.6A~1.0A<\/li>\n<li data-mce-fragment=\"1\">Working temperature\uff1a-10\u2103 &#8211; 65\u2103<\/li>\n<li data-mce-fragment=\"1\">Extreme operating temperature:-20\u2103 &#8211; 75\u2103<\/li>\n<li data-mce-fragment=\"1\">Working humidity(%):0\u2103-95\u2103<\/li>\n<\/ul>\n<p data-mce-fragment=\"1\"><br data-mce-fragment=\"1\" \/><br data-mce-fragment=\"1\" \/><\/p>\n<p data-mce-fragment=\"1\"><strong data-mce-fragment=\"1\">Sysolution D90-270 LED Display Receiving Card Parameter:<\/strong><\/p>\n<table border=\"1\" cellpadding=\"0\" cellspacing=\"0\" data-mce-fragment=\"1\">\n<colgroup data-mce-fragment=\"1\">\n<col span=\"2\" width=\"320\" data-mce-fragment=\"1\" \/><\/colgroup>\n<tbody data-mce-fragment=\"1\">\n<tr data-mce-fragment=\"1\">\n<td data-mce-fragment=\"1\"><strong data-mce-fragment=\"1\">Type<\/strong><\/td>\n<td data-mce-fragment=\"1\"><strong data-mce-fragment=\"1\">Universal Receiving Card<\/strong><\/td>\n<\/tr>\n<tr data-mce-fragment=\"1\">\n<td data-mce-fragment=\"1\">Mode<\/td>\n<td data-mce-fragment=\"1\">D90_270<\/td>\n<\/tr>\n<tr data-mce-fragment=\"1\">\n<td data-mce-fragment=\"1\">LED module<\/td>\n<td data-mce-fragment=\"1\">Full color<\/td>\n<\/tr>\n<tr data-mce-fragment=\"1\">\n<td data-mce-fragment=\"1\">28 set of RGB output<\/td>\n<td data-mce-fragment=\"1\">Support<\/td>\n<\/tr>\n<tr data-mce-fragment=\"1\">\n<td data-mce-fragment=\"1\">24 set of RGB output<\/td>\n<td data-mce-fragment=\"1\">Support<\/td>\n<\/tr>\n<tr data-mce-fragment=\"1\">\n<td data-mce-fragment=\"1\">Output gray scale level<\/td>\n<td data-mce-fragment=\"1\">Up to 20 bit<\/td>\n<\/tr>\n<tr data-mce-fragment=\"1\">\n<td data-mce-fragment=\"1\">Input voltage<\/td>\n<td data-mce-fragment=\"1\">+3.8V~+6V<\/td>\n<\/tr>\n<tr data-mce-fragment=\"1\">\n<td data-mce-fragment=\"1\">Pixels<\/td>\n<td data-mce-fragment=\"1\">Maximum 96K pixels,each set data can load 8K pixels<\/td>\n<\/tr>\n<tr data-mce-fragment=\"1\">\n<td data-mce-fragment=\"1\">High refresh frequency, high brightness,high garyscale for general IC<\/td>\n<td data-mce-fragment=\"1\">Support<\/td>\n<\/tr>\n<tr data-mce-fragment=\"1\">\n<td data-mce-fragment=\"1\">Dual backup for the network calbe<\/td>\n<td data-mce-fragment=\"1\">Support<\/td>\n<\/tr>\n<tr data-mce-fragment=\"1\">\n<td data-mce-fragment=\"1\">Intelligent module, store debugged data and module parameters<\/td>\n<td data-mce-fragment=\"1\">Support<\/td>\n<\/tr>\n<tr data-mce-fragment=\"1\">\n<td data-mce-fragment=\"1\">Monitoring for the temperature, humidity, power supply voltage, fans of the screen box<\/td>\n<td data-mce-fragment=\"1\">Support<\/td>\n<\/tr>\n<tr data-mce-fragment=\"1\">\n<td data-mce-fragment=\"1\">Extract at any position, and shift the display position of date, make any of irregular screen display easy to realize<\/td>\n<td data-mce-fragment=\"1\">Support<\/td>\n<\/tr>\n<tr data-mce-fragment=\"1\">\n<td data-mce-fragment=\"1\">Variety of Driver ICs are supported, such as: PWM IC, Point by point Detecting IC and Conventional IC<\/td>\n<td data-mce-fragment=\"1\">Support<\/td>\n<\/tr>\n<tr data-mce-fragment=\"1\">\n<td data-mce-fragment=\"1\">Any scan type of 1-1\/32, and 595 or other serial decode scan<\/td>\n<td data-mce-fragment=\"1\">Support<\/td>\n<\/tr>\n<tr data-mce-fragment=\"1\">\n<td data-mce-fragment=\"1\">Confirms<\/td>\n<td data-mce-fragment=\"1\">RoHs and CE-EMC standards<\/td>\n<\/tr>\n<\/tbody>\n<\/table>\n<p data-mce-fragment=\"1\">\u00a0<\/p>\n<p data-mce-fragment=\"1\">\u00a0<\/p>\n<p data-mce-fragment=\"1\"><strong data-mce-fragment=\"1\">Download Specification of Sysolution D90-270 LED Display Receiving Card:<\/strong><\/p>\n<p data-mce-fragment=\"1\"><span style=\"color: #2b00ff;\"><strong data-mce-fragment=\"1\">Sysolution D90-270 Specification<\/strong><\/span><\/p>","protected":false},"excerpt":{"rendered":"<p>Sysolution D90-270 LED Display Receiving Card Features: With tiny size Single block receiving card with pixel area\uff1a128\u00d7128 Working current:0.6A~1.0A Working temperature\uff1a-10\u2103 &#8211; 65\u2103 Extreme operating temperature:-20\u2103 &#8211; 75\u2103&#8230;<\/p>","protected":false},"featured_media":43664,"comment_status":"closed","ping_status":"closed","template":"","meta":{"_monsterinsights_skip_tracking":false,"_monsterinsights_sitenote_active":false,"_monsterinsights_sitenote_note":"","_monsterinsights_sitenote_category":0},"product_cat":[170],"product_tag":[136,174],"class_list":{"0":"post-43668","1":"product","2":"type-product","3":"status-publish","4":"has-post-thumbnail","6":"product_cat-sysolution","7":"product_tag-less-than-100-00","8":"product_tag-sysolution","10":"first","11":"instock","12":"shipping-taxable","13":"purchasable","14":"product-type-simple"},"yoast_head":"<!-- This site is optimized with the Yoast SEO Premium plugin v24.1 (Yoast SEO v24.1) - https:\/\/yoast.com\/wordpress\/plugins\/seo\/ -->\n<title>Sysolution D90-270 LED Display Receiving Card - LEEMAN LED<\/title>\n<meta name=\"description\" content=\"Sysolution D90-270 LED Display Receiving Card PixelLight .LEDVANCE GmbH .LEDCast .NEC Display Solutions Europe GmbH .Cocktail VisionGroupe Novelty.\" \/>\n<meta name=\"robots\" content=\"noindex, follow, max-snippet:-1, max-image-preview:large, max-video-preview:-1\" \/>\n<meta property=\"og:locale\" content=\"hu_HU\" \/>\n<meta property=\"og:type\" content=\"article\" \/>\n<meta property=\"og:title\" content=\"Sysolution D90-270 LED Display Receiving Card\" \/>\n<meta property=\"og:description\" content=\"Sysolution D90-270 LED Display Receiving Card PixelLight .LEDVANCE GmbH .LEDCast .NEC Display Solutions Europe GmbH .Cocktail VisionGroupe Novelty.\" \/>\n<meta property=\"og:url\" content=\"https:\/\/www.leemanleddisplay.com\/hu\/product\/sysolution-d90-270-led-display-receiving-card\/\" \/>\n<meta property=\"og:site_name\" content=\"Leemanled\" \/>\n<meta property=\"article:modified_time\" content=\"2025-01-13T13:37:34+00:00\" \/>\n<meta property=\"og:image\" content=\"https:\/\/www.leemanleddisplay.com\/wp-content\/uploads\/1736\/09sysolution-d90-270-led-display-receiving-card_0.jpg\" \/>\n\t<meta property=\"og:image:width\" content=\"1000\" \/>\n\t<meta property=\"og:image:height\" content=\"655\" \/>\n\t<meta property=\"og:image:type\" content=\"image\/jpeg\" \/>\n<meta name=\"twitter:card\" content=\"summary_large_image\" \/>\n<meta name=\"twitter:label1\" content=\"\u00c1r\" \/>\n\t<meta name=\"twitter:data1\" content=\"&#036;17.98\" \/>\n\t<meta name=\"twitter:label2\" content=\"El\u00e9rhet\u0151s\u00e9g\" \/>\n\t<meta name=\"twitter:data2\" content=\"K\u00e9szleten\" \/>\n<script type=\"application\/ld+json\" class=\"yoast-schema-graph\">{\"@context\":\"https:\/\/schema.org\",\"@graph\":[{\"@type\":\"WebPage\",\"@id\":\"https:\/\/www.leemanleddisplay.com\/product\/sysolution-d90-270-led-display-receiving-card\/\",\"url\":\"https:\/\/www.leemanleddisplay.com\/product\/sysolution-d90-270-led-display-receiving-card\/\",\"name\":\"Sysolution D90-270 LED Display Receiving Card - LEEMAN LED\",\"isPartOf\":{\"@id\":\"https:\/\/www.leemanleddisplay.com\/#website\"},\"primaryImageOfPage\":{\"@id\":\"https:\/\/www.leemanleddisplay.com\/product\/sysolution-d90-270-led-display-receiving-card\/#primaryimage\"},\"image\":{\"@id\":\"https:\/\/www.leemanleddisplay.com\/product\/sysolution-d90-270-led-display-receiving-card\/#primaryimage\"},\"thumbnailUrl\":\"https:\/\/www.leemanleddisplay.com\/wp-content\/uploads\/1736\/09sysolution-d90-270-led-display-receiving-card_0.jpg\",\"datePublished\":\"2025-01-10T11:48:36+00:00\",\"dateModified\":\"2025-01-13T13:37:34+00:00\",\"description\":\"Sysolution D90-270 LED Display Receiving Card PixelLight .LEDVANCE GmbH .LEDCast .NEC Display Solutions Europe GmbH .Cocktail VisionGroupe Novelty.\",\"breadcrumb\":{\"@id\":\"https:\/\/www.leemanleddisplay.com\/product\/sysolution-d90-270-led-display-receiving-card\/#breadcrumb\"},\"inLanguage\":\"hu\",\"potentialAction\":[{\"@type\":\"ReadAction\",\"target\":[\"https:\/\/www.leemanleddisplay.com\/product\/sysolution-d90-270-led-display-receiving-card\/\"]}]},{\"@type\":\"ImageObject\",\"inLanguage\":\"hu\",\"@id\":\"https:\/\/www.leemanleddisplay.com\/product\/sysolution-d90-270-led-display-receiving-card\/#primaryimage\",\"url\":\"https:\/\/www.leemanleddisplay.com\/wp-content\/uploads\/1736\/09sysolution-d90-270-led-display-receiving-card_0.jpg\",\"contentUrl\":\"https:\/\/www.leemanleddisplay.com\/wp-content\/uploads\/1736\/09sysolution-d90-270-led-display-receiving-card_0.jpg\",\"width\":1000,\"height\":655},{\"@type\":\"BreadcrumbList\",\"@id\":\"https:\/\/www.leemanleddisplay.com\/product\/sysolution-d90-270-led-display-receiving-card\/#breadcrumb\",\"itemListElement\":[{\"@type\":\"ListItem\",\"position\":1,\"name\":\"Home\",\"item\":\"https:\/\/www.leemanleddisplay.com\/\"},{\"@type\":\"ListItem\",\"position\":2,\"name\":\"Shop\",\"item\":\"https:\/\/www.leemanleddisplay.com\/shop\/\"},{\"@type\":\"ListItem\",\"position\":3,\"name\":\"Sysolution D90-270 LED Display Receiving Card\"}]},{\"@type\":\"WebSite\",\"@id\":\"https:\/\/www.leemanleddisplay.com\/#website\",\"url\":\"https:\/\/www.leemanleddisplay.com\/\",\"name\":\"Leemanled\",\"description\":\"\",\"publisher\":{\"@id\":\"https:\/\/www.leemanleddisplay.com\/#organization\"},\"potentialAction\":[{\"@type\":\"SearchAction\",\"target\":{\"@type\":\"EntryPoint\",\"urlTemplate\":\"https:\/\/www.leemanleddisplay.com\/?s={search_term_string}\"},\"query-input\":{\"@type\":\"PropertyValueSpecification\",\"valueRequired\":true,\"valueName\":\"search_term_string\"}}],\"inLanguage\":\"hu\"},{\"@type\":\"Organization\",\"@id\":\"https:\/\/www.leemanleddisplay.com\/#organization\",\"name\":\"Leemanled\",\"url\":\"https:\/\/www.leemanleddisplay.com\/\",\"logo\":{\"@type\":\"ImageObject\",\"inLanguage\":\"hu\",\"@id\":\"https:\/\/www.leemanleddisplay.com\/#\/schema\/logo\/image\/\",\"url\":\"https:\/\/www.leemanleddisplay.com\/wp-content\/uploads\/2024\/11\/cropped-0-removebg-preview-1.png\",\"contentUrl\":\"https:\/\/www.leemanleddisplay.com\/wp-content\/uploads\/2024\/11\/cropped-0-removebg-preview-1.png\",\"width\":200,\"height\":50,\"caption\":\"Leemanled\"},\"image\":{\"@id\":\"https:\/\/www.leemanleddisplay.com\/#\/schema\/logo\/image\/\"}}]}<\/script>\n<meta property=\"product:price:amount\" content=\"17.98\" \/>\n<meta property=\"product:price:currency\" content=\"USD\" \/>\n<meta property=\"og:availability\" content=\"instock\" \/>\n<meta property=\"product:availability\" content=\"instock\" \/>\n<meta property=\"product:retailer_item_id\" content=\"6813032775871\" \/>\n<meta property=\"product:condition\" content=\"new\" \/>\n<!-- \/ Yoast SEO Premium plugin. -->","yoast_head_json":{"title":"Sysolution D90-270 LED Display Receiving Card - LEEMAN LED","description":"Sysolution D90-270 LED Display Receiving Card PixelLight .LEDVANCE GmbH .LEDCast .NEC Display Solutions Europe GmbH .Cocktail VisionGroupe Novelty.","robots":{"index":"noindex","follow":"follow","max-snippet":"max-snippet:-1","max-image-preview":"max-image-preview:large","max-video-preview":"max-video-preview:-1"},"og_locale":"hu_HU","og_type":"article","og_title":"Sysolution D90-270 LED Display Receiving Card","og_description":"Sysolution D90-270 LED Display Receiving Card PixelLight .LEDVANCE GmbH .LEDCast .NEC Display Solutions Europe GmbH .Cocktail VisionGroupe Novelty.","og_url":"https:\/\/www.leemanleddisplay.com\/hu\/product\/sysolution-d90-270-led-display-receiving-card\/","og_site_name":"Leemanled","article_modified_time":"2025-01-13T13:37:34+00:00","og_image":[{"width":1000,"height":655,"url":"https:\/\/www.leemanleddisplay.com\/wp-content\/uploads\/1736\/09sysolution-d90-270-led-display-receiving-card_0.jpg","type":"image\/jpeg"}],"twitter_card":"summary_large_image","twitter_misc":{"\u00c1r":"&#36;17.98","El\u00e9rhet\u0151s\u00e9g":"K\u00e9szleten"},"schema":{"@context":"https:\/\/schema.org","@graph":[{"@type":"WebPage","@id":"https:\/\/www.leemanleddisplay.com\/product\/sysolution-d90-270-led-display-receiving-card\/","url":"https:\/\/www.leemanleddisplay.com\/product\/sysolution-d90-270-led-display-receiving-card\/","name":"Sysolution D90-270 LED Display Receiving Card - LEEMAN LED","isPartOf":{"@id":"https:\/\/www.leemanleddisplay.com\/#website"},"primaryImageOfPage":{"@id":"https:\/\/www.leemanleddisplay.com\/product\/sysolution-d90-270-led-display-receiving-card\/#primaryimage"},"image":{"@id":"https:\/\/www.leemanleddisplay.com\/product\/sysolution-d90-270-led-display-receiving-card\/#primaryimage"},"thumbnailUrl":"https:\/\/www.leemanleddisplay.com\/wp-content\/uploads\/1736\/09sysolution-d90-270-led-display-receiving-card_0.jpg","datePublished":"2025-01-10T11:48:36+00:00","dateModified":"2025-01-13T13:37:34+00:00","description":"Sysolution D90-270 LED Display Receiving Card PixelLight .LEDVANCE GmbH .LEDCast .NEC Display Solutions Europe GmbH .Cocktail VisionGroupe Novelty.","breadcrumb":{"@id":"https:\/\/www.leemanleddisplay.com\/product\/sysolution-d90-270-led-display-receiving-card\/#breadcrumb"},"inLanguage":"hu","potentialAction":[{"@type":"ReadAction","target":["https:\/\/www.leemanleddisplay.com\/product\/sysolution-d90-270-led-display-receiving-card\/"]}]},{"@type":"ImageObject","inLanguage":"hu","@id":"https:\/\/www.leemanleddisplay.com\/product\/sysolution-d90-270-led-display-receiving-card\/#primaryimage","url":"https:\/\/www.leemanleddisplay.com\/wp-content\/uploads\/1736\/09sysolution-d90-270-led-display-receiving-card_0.jpg","contentUrl":"https:\/\/www.leemanleddisplay.com\/wp-content\/uploads\/1736\/09sysolution-d90-270-led-display-receiving-card_0.jpg","width":1000,"height":655},{"@type":"BreadcrumbList","@id":"https:\/\/www.leemanleddisplay.com\/product\/sysolution-d90-270-led-display-receiving-card\/#breadcrumb","itemListElement":[{"@type":"ListItem","position":1,"name":"Home","item":"https:\/\/www.leemanleddisplay.com\/"},{"@type":"ListItem","position":2,"name":"Shop","item":"https:\/\/www.leemanleddisplay.com\/shop\/"},{"@type":"ListItem","position":3,"name":"Sysolution D90-270 LED Display Receiving Card"}]},{"@type":"WebSite","@id":"https:\/\/www.leemanleddisplay.com\/#website","url":"https:\/\/www.leemanleddisplay.com\/","name":"Leemanled","description":"","publisher":{"@id":"https:\/\/www.leemanleddisplay.com\/#organization"},"potentialAction":[{"@type":"SearchAction","target":{"@type":"EntryPoint","urlTemplate":"https:\/\/www.leemanleddisplay.com\/?s={search_term_string}"},"query-input":{"@type":"PropertyValueSpecification","valueRequired":true,"valueName":"search_term_string"}}],"inLanguage":"hu"},{"@type":"Organization","@id":"https:\/\/www.leemanleddisplay.com\/#organization","name":"Leemanled","url":"https:\/\/www.leemanleddisplay.com\/","logo":{"@type":"ImageObject","inLanguage":"hu","@id":"https:\/\/www.leemanleddisplay.com\/#\/schema\/logo\/image\/","url":"https:\/\/www.leemanleddisplay.com\/wp-content\/uploads\/2024\/11\/cropped-0-removebg-preview-1.png","contentUrl":"https:\/\/www.leemanleddisplay.com\/wp-content\/uploads\/2024\/11\/cropped-0-removebg-preview-1.png","width":200,"height":50,"caption":"Leemanled"},"image":{"@id":"https:\/\/www.leemanleddisplay.com\/#\/schema\/logo\/image\/"}}]},"product_price_amount":"17.98","product_price_currency":"USD","og_availability":"instock","product_availability":"instock","product_retailer_item_id":"6813032775871","product_condition":"new"},"_links":{"self":[{"href":"https:\/\/www.leemanleddisplay.com\/hu\/wp-json\/wp\/v2\/product\/43668","targetHints":{"allow":["GET"]}}],"collection":[{"href":"https:\/\/www.leemanleddisplay.com\/hu\/wp-json\/wp\/v2\/product"}],"about":[{"href":"https:\/\/www.leemanleddisplay.com\/hu\/wp-json\/wp\/v2\/types\/product"}],"replies":[{"embeddable":true,"href":"https:\/\/www.leemanleddisplay.com\/hu\/wp-json\/wp\/v2\/comments?post=43668"}],"wp:featuredmedia":[{"embeddable":true,"href":"https:\/\/www.leemanleddisplay.com\/hu\/wp-json\/wp\/v2\/media\/43664"}],"wp:attachment":[{"href":"https:\/\/www.leemanleddisplay.com\/hu\/wp-json\/wp\/v2\/media?parent=43668"}],"wp:term":[{"taxonomy":"product_cat","embeddable":true,"href":"https:\/\/www.leemanleddisplay.com\/hu\/wp-json\/wp\/v2\/product_cat?post=43668"},{"taxonomy":"product_tag","embeddable":true,"href":"https:\/\/www.leemanleddisplay.com\/hu\/wp-json\/wp\/v2\/product_tag?post=43668"}],"curies":[{"name":"wp","href":"https:\/\/api.w.org\/{rel}","templated":true}]}}