{"id":44126,"date":"2025-01-10T12:09:43","date_gmt":"2025-01-10T12:09:43","guid":{"rendered":"https:\/\/www.leemanleddisplay.com\/product\/linsn-ds852-double-color-led-display-sender-box\/"},"modified":"2025-01-13T12:19:39","modified_gmt":"2025-01-13T12:19:39","slug":"linsn-ds852-double-color-led-display-sender-box","status":"publish","type":"product","link":"https:\/\/www.leemanleddisplay.com\/hu\/product\/linsn-ds852-double-color-led-display-sender-box\/","title":{"rendered":"LINSN DS852 Double Color LED Display Sender Box"},"content":{"rendered":"<p data-mce-fragment=\"1\"><strong data-mce-fragment=\"1\">Function of LINSN DS852 Double Color LED Display Sender Box :<\/strong><\/p>\n<p data-mce-fragment=\"1\">\u00a0<\/p>\n<ol data-mce-fragment=\"1\">\n<li data-mce-fragment=\"1\">5V, 2A The outer box contains one DS802 sending card and a power supply.<\/li>\n<li data-mce-fragment=\"1\">There is space for an industrial PC, including special mother board and hard disc. With extra mouse 16 grades brightness control.<\/li>\n<li data-mce-fragment=\"1\">Dimension: 40.5cm by 20.7cm by 5.9cm<\/li>\n<li data-mce-fragment=\"1\">Features of LINSN DS852 Double Color LED Display Sender Box:<\/li>\n<li data-mce-fragment=\"1\">Point by point correction by card (box) correction (DS 802 inside)<\/li>\n<li data-mce-fragment=\"1\">Point by point correction to support a single point, 2 * 2 point, 4 * 4 and 8 * 8-point four correction mode, the maximum correction of 6144<\/li>\n<li data-mce-fragment=\"1\">points \/ module, red, green and blue 256. By card (box) correction is used to display the various inter-tile color correction, red, green and<br data-mce-fragment=\"1\" \/>blue 256.<\/li>\n<li data-mce-fragment=\"1\">Smart identification card function<\/li>\n<li data-mce-fragment=\"1\">The intelligent identification program can identify the two-color, full-color, virtual lighting and other various driver board a variety of scanning and a variety of signals toward the recognition rate of 99%, a card in hand, to do the screen worry.<\/li>\n<li data-mce-fragment=\"1\">65536 (64K) grayscale any setting:<br data-mce-fragment=\"1\" \/>The customer may never display grayscale to 65536 (64K) adjust the gray, so your display to achieve the best effect.<br data-mce-fragment=\"1\" \/>Arbitrarily set the refresh rate, phase locking, synchronization function<\/li>\n<li data-mce-fragment=\"1\">The refresh rate from 10Hz-3000Hz arbitrarily set the refresh rate lock-in feature allows the display refresh locked to an integer multiple of<br data-mce-fragment=\"1\" \/>the computer monitor refresh rate to eliminate image tearing to ensure that the image perfect reproduction. Phase-locked range of 47Hz-76Hz.<\/li>\n<li data-mce-fragment=\"1\">Double large load area<br data-mce-fragment=\"1\" \/>4096 (4K), full-color grayscale 180Hz refresh rate, the maximum with a 512 * 128, is the sixth generation of the product 256 * 128 twice,<br data-mce-fragment=\"1\" \/>full-color static 16384 (16k) grayscale 300Hz, with a 160 * 64 the sixth generation of 80 * 64 twice. (Note: the driver board on the high clock<br data-mce-fragment=\"1\" \/>30MHz)<\/li>\n<li data-mce-fragment=\"1\">Dual-cable hot backup function<br data-mce-fragment=\"1\" \/>Receiver card A, B, two-port can be used as input or output ports, two computers can be used to simultaneously control a screen when a<br data-mce-fragment=\"1\" \/>computer problem, another computer to automatically take over a computer network can also be used control line, when a cable problem,<br data-mce-fragment=\"1\" \/>and the other a cable automatically take over, so that the display of the normal work to be given maximum protection.<\/li>\n<li data-mce-fragment=\"1\">Multi-screen synchronization and composition of functions<br data-mce-fragment=\"1\" \/>To support a control send a card with multiple screens can be any combination of the working status of the multi-block-screen synchronized<br data-mce-fragment=\"1\" \/>display, independent play, etc. through shortcut keys to quickly switch.<\/li>\n<li data-mce-fragment=\"1\">256 automatically adjust the brightness<br data-mce-fragment=\"1\" \/>256 automatic brightness adjustment feature lets you display brightness adjustment is more effective.<\/li>\n<li data-mce-fragment=\"1\">Program online upgrade feature<br data-mce-fragment=\"1\" \/>If the display card receiving procedures need to upgrade, simply open the power of large screen LED Studio can upgrade process, do not<br data-mce-fragment=\"1\" \/>need to receive the card demolition away from the big screen can be upgraded.<br data-mce-fragment=\"1\" \/>To break through the traditional concept of the DIP switch<br data-mce-fragment=\"1\" \/>DIP switch design, all settings are set via the computer.<\/li>\n<li data-mce-fragment=\"1\">Test function<br data-mce-fragment=\"1\" \/>Receiver card integration test, then do not send cards to test the display, slash, gray, red, green, blue, full brightness, etc. a variety of<br data-mce-fragment=\"1\" \/>test mode.<\/li>\n<li data-mce-fragment=\"1\">Long transmission distance<br data-mce-fragment=\"1\" \/>Transmission up to 170 meters (measured) to ensure the transmission of 140 meters.<\/li>\n<\/ol>\n<p><strong>Most\u00a0pictures\u00a0of\u00a0LINSN DS852 Double Color LED Display Sender Box\uff1a<\/strong><\/p>\n<p><strong><\/strong><\/p>\n<p><strong><\/strong><\/p>\n<p>&nbsp;<\/p>","protected":false},"excerpt":{"rendered":"<p>Function of LINSN DS852 Double Color LED Display Sender Box : \u00a0 5V, 2A The outer box contains one DS802 sending card and a power supply. There is&#8230;<\/p>","protected":false},"featured_media":44115,"comment_status":"closed","ping_status":"closed","template":"","meta":{"_monsterinsights_skip_tracking":false,"_monsterinsights_sitenote_active":false,"_monsterinsights_sitenote_note":"","_monsterinsights_sitenote_category":0},"product_cat":[218],"product_tag":[148,220],"class_list":{"0":"post-44126","1":"product","2":"type-product","3":"status-publish","4":"has-post-thumbnail","6":"product_cat-linsn","7":"product_tag-100-00-300-00","8":"product_tag-linsn","10":"first","11":"instock","12":"sale","13":"shipping-taxable","14":"purchasable","15":"product-type-simple"},"yoast_head":"<!-- This site is optimized with the Yoast SEO Premium plugin v24.1 (Yoast SEO v24.1) - https:\/\/yoast.com\/wordpress\/plugins\/seo\/ -->\n<title>LINSN DS852 Double Color LED Display Sender Box - LEEMAN<\/title>\n<meta name=\"description\" content=\"LINSN DS852 Double Color LED Display Sender Box. LianTronics \u00b7 Leyard \u00b7 Absen \u00b7 Unilumin \u00b7 ROE Visual \u00b7 LedMan \u00b7 Daktronics \u00b7 INFiLED \u00b7 Samsung \u00b7 Barco\" \/>\n<meta name=\"robots\" content=\"noindex, follow, max-snippet:-1, max-image-preview:large, max-video-preview:-1\" \/>\n<meta property=\"og:locale\" content=\"hu_HU\" \/>\n<meta property=\"og:type\" content=\"article\" \/>\n<meta property=\"og:title\" content=\"LINSN DS852 Double Color LED Display Sender Box\" \/>\n<meta property=\"og:description\" content=\"LINSN DS852 Double Color LED Display Sender Box. LianTronics \u00b7 Leyard \u00b7 Absen \u00b7 Unilumin \u00b7 ROE Visual \u00b7 LedMan \u00b7 Daktronics \u00b7 INFiLED \u00b7 Samsung \u00b7 Barco\" \/>\n<meta property=\"og:url\" content=\"https:\/\/www.leemanleddisplay.com\/hu\/product\/linsn-ds852-double-color-led-display-sender-box\/\" \/>\n<meta property=\"og:site_name\" content=\"Leemanled\" \/>\n<meta property=\"article:modified_time\" content=\"2025-01-13T12:19:39+00:00\" \/>\n<meta property=\"og:image\" content=\"https:\/\/www.leemanleddisplay.com\/wp-content\/uploads\/1736\/10linsn-ds852-double-color-led-display-sender-box_0.jpg\" \/>\n\t<meta property=\"og:image:width\" content=\"2000\" \/>\n\t<meta property=\"og:image:height\" content=\"1310\" \/>\n\t<meta property=\"og:image:type\" content=\"image\/jpeg\" \/>\n<meta name=\"twitter:card\" content=\"summary_large_image\" \/>\n<meta name=\"twitter:label1\" content=\"\u00c1r\" \/>\n\t<meta name=\"twitter:data1\" content=\"&#036;140.00\" \/>\n\t<meta name=\"twitter:label2\" content=\"El\u00e9rhet\u0151s\u00e9g\" \/>\n\t<meta name=\"twitter:data2\" content=\"K\u00e9szleten\" \/>\n<script type=\"application\/ld+json\" class=\"yoast-schema-graph\">{\"@context\":\"https:\/\/schema.org\",\"@graph\":[{\"@type\":\"WebPage\",\"@id\":\"https:\/\/www.leemanleddisplay.com\/product\/linsn-ds852-double-color-led-display-sender-box\/\",\"url\":\"https:\/\/www.leemanleddisplay.com\/product\/linsn-ds852-double-color-led-display-sender-box\/\",\"name\":\"LINSN DS852 Double Color LED Display Sender Box - LEEMAN\",\"isPartOf\":{\"@id\":\"https:\/\/www.leemanleddisplay.com\/#website\"},\"primaryImageOfPage\":{\"@id\":\"https:\/\/www.leemanleddisplay.com\/product\/linsn-ds852-double-color-led-display-sender-box\/#primaryimage\"},\"image\":{\"@id\":\"https:\/\/www.leemanleddisplay.com\/product\/linsn-ds852-double-color-led-display-sender-box\/#primaryimage\"},\"thumbnailUrl\":\"https:\/\/www.leemanleddisplay.com\/wp-content\/uploads\/1736\/10linsn-ds852-double-color-led-display-sender-box_0.jpg\",\"datePublished\":\"2025-01-10T12:09:43+00:00\",\"dateModified\":\"2025-01-13T12:19:39+00:00\",\"description\":\"LINSN DS852 Double Color LED Display Sender Box. LianTronics \u00b7 Leyard \u00b7 Absen \u00b7 Unilumin \u00b7 ROE Visual \u00b7 LedMan \u00b7 Daktronics \u00b7 INFiLED \u00b7 Samsung \u00b7 Barco\",\"breadcrumb\":{\"@id\":\"https:\/\/www.leemanleddisplay.com\/product\/linsn-ds852-double-color-led-display-sender-box\/#breadcrumb\"},\"inLanguage\":\"hu\",\"potentialAction\":[{\"@type\":\"ReadAction\",\"target\":[\"https:\/\/www.leemanleddisplay.com\/product\/linsn-ds852-double-color-led-display-sender-box\/\"]}]},{\"@type\":\"ImageObject\",\"inLanguage\":\"hu\",\"@id\":\"https:\/\/www.leemanleddisplay.com\/product\/linsn-ds852-double-color-led-display-sender-box\/#primaryimage\",\"url\":\"https:\/\/www.leemanleddisplay.com\/wp-content\/uploads\/1736\/10linsn-ds852-double-color-led-display-sender-box_0.jpg\",\"contentUrl\":\"https:\/\/www.leemanleddisplay.com\/wp-content\/uploads\/1736\/10linsn-ds852-double-color-led-display-sender-box_0.jpg\",\"width\":2000,\"height\":1310},{\"@type\":\"BreadcrumbList\",\"@id\":\"https:\/\/www.leemanleddisplay.com\/product\/linsn-ds852-double-color-led-display-sender-box\/#breadcrumb\",\"itemListElement\":[{\"@type\":\"ListItem\",\"position\":1,\"name\":\"Home\",\"item\":\"https:\/\/www.leemanleddisplay.com\/\"},{\"@type\":\"ListItem\",\"position\":2,\"name\":\"Shop\",\"item\":\"https:\/\/www.leemanleddisplay.com\/shop\/\"},{\"@type\":\"ListItem\",\"position\":3,\"name\":\"LINSN DS852 Double Color LED Display Sender Box\"}]},{\"@type\":\"WebSite\",\"@id\":\"https:\/\/www.leemanleddisplay.com\/#website\",\"url\":\"https:\/\/www.leemanleddisplay.com\/\",\"name\":\"Leemanled\",\"description\":\"\",\"publisher\":{\"@id\":\"https:\/\/www.leemanleddisplay.com\/#organization\"},\"potentialAction\":[{\"@type\":\"SearchAction\",\"target\":{\"@type\":\"EntryPoint\",\"urlTemplate\":\"https:\/\/www.leemanleddisplay.com\/?s={search_term_string}\"},\"query-input\":{\"@type\":\"PropertyValueSpecification\",\"valueRequired\":true,\"valueName\":\"search_term_string\"}}],\"inLanguage\":\"hu\"},{\"@type\":\"Organization\",\"@id\":\"https:\/\/www.leemanleddisplay.com\/#organization\",\"name\":\"Leemanled\",\"url\":\"https:\/\/www.leemanleddisplay.com\/\",\"logo\":{\"@type\":\"ImageObject\",\"inLanguage\":\"hu\",\"@id\":\"https:\/\/www.leemanleddisplay.com\/#\/schema\/logo\/image\/\",\"url\":\"https:\/\/www.leemanleddisplay.com\/wp-content\/uploads\/2024\/11\/cropped-0-removebg-preview-1.png\",\"contentUrl\":\"https:\/\/www.leemanleddisplay.com\/wp-content\/uploads\/2024\/11\/cropped-0-removebg-preview-1.png\",\"width\":200,\"height\":50,\"caption\":\"Leemanled\"},\"image\":{\"@id\":\"https:\/\/www.leemanleddisplay.com\/#\/schema\/logo\/image\/\"}}]}<\/script>\n<meta property=\"product:price:amount\" content=\"140.00\" \/>\n<meta property=\"product:price:currency\" content=\"USD\" \/>\n<meta property=\"og:availability\" content=\"instock\" \/>\n<meta property=\"product:availability\" content=\"instock\" \/>\n<meta property=\"product:retailer_item_id\" content=\"6804804960447\" \/>\n<meta property=\"product:condition\" content=\"new\" \/>\n<!-- \/ Yoast SEO Premium plugin. -->","yoast_head_json":{"title":"LINSN DS852 Double Color LED Display Sender Box - LEEMAN","description":"LINSN DS852 Double Color LED Display Sender Box. LianTronics \u00b7 Leyard \u00b7 Absen \u00b7 Unilumin \u00b7 ROE Visual \u00b7 LedMan \u00b7 Daktronics \u00b7 INFiLED \u00b7 Samsung \u00b7 Barco","robots":{"index":"noindex","follow":"follow","max-snippet":"max-snippet:-1","max-image-preview":"max-image-preview:large","max-video-preview":"max-video-preview:-1"},"og_locale":"hu_HU","og_type":"article","og_title":"LINSN DS852 Double Color LED Display Sender Box","og_description":"LINSN DS852 Double Color LED Display Sender Box. LianTronics \u00b7 Leyard \u00b7 Absen \u00b7 Unilumin \u00b7 ROE Visual \u00b7 LedMan \u00b7 Daktronics \u00b7 INFiLED \u00b7 Samsung \u00b7 Barco","og_url":"https:\/\/www.leemanleddisplay.com\/hu\/product\/linsn-ds852-double-color-led-display-sender-box\/","og_site_name":"Leemanled","article_modified_time":"2025-01-13T12:19:39+00:00","og_image":[{"width":2000,"height":1310,"url":"https:\/\/www.leemanleddisplay.com\/wp-content\/uploads\/1736\/10linsn-ds852-double-color-led-display-sender-box_0.jpg","type":"image\/jpeg"}],"twitter_card":"summary_large_image","twitter_misc":{"\u00c1r":"&#36;140.00","El\u00e9rhet\u0151s\u00e9g":"K\u00e9szleten"},"schema":{"@context":"https:\/\/schema.org","@graph":[{"@type":"WebPage","@id":"https:\/\/www.leemanleddisplay.com\/product\/linsn-ds852-double-color-led-display-sender-box\/","url":"https:\/\/www.leemanleddisplay.com\/product\/linsn-ds852-double-color-led-display-sender-box\/","name":"LINSN DS852 Double Color LED Display Sender Box - LEEMAN","isPartOf":{"@id":"https:\/\/www.leemanleddisplay.com\/#website"},"primaryImageOfPage":{"@id":"https:\/\/www.leemanleddisplay.com\/product\/linsn-ds852-double-color-led-display-sender-box\/#primaryimage"},"image":{"@id":"https:\/\/www.leemanleddisplay.com\/product\/linsn-ds852-double-color-led-display-sender-box\/#primaryimage"},"thumbnailUrl":"https:\/\/www.leemanleddisplay.com\/wp-content\/uploads\/1736\/10linsn-ds852-double-color-led-display-sender-box_0.jpg","datePublished":"2025-01-10T12:09:43+00:00","dateModified":"2025-01-13T12:19:39+00:00","description":"LINSN DS852 Double Color LED Display Sender Box. LianTronics \u00b7 Leyard \u00b7 Absen \u00b7 Unilumin \u00b7 ROE Visual \u00b7 LedMan \u00b7 Daktronics \u00b7 INFiLED \u00b7 Samsung \u00b7 Barco","breadcrumb":{"@id":"https:\/\/www.leemanleddisplay.com\/product\/linsn-ds852-double-color-led-display-sender-box\/#breadcrumb"},"inLanguage":"hu","potentialAction":[{"@type":"ReadAction","target":["https:\/\/www.leemanleddisplay.com\/product\/linsn-ds852-double-color-led-display-sender-box\/"]}]},{"@type":"ImageObject","inLanguage":"hu","@id":"https:\/\/www.leemanleddisplay.com\/product\/linsn-ds852-double-color-led-display-sender-box\/#primaryimage","url":"https:\/\/www.leemanleddisplay.com\/wp-content\/uploads\/1736\/10linsn-ds852-double-color-led-display-sender-box_0.jpg","contentUrl":"https:\/\/www.leemanleddisplay.com\/wp-content\/uploads\/1736\/10linsn-ds852-double-color-led-display-sender-box_0.jpg","width":2000,"height":1310},{"@type":"BreadcrumbList","@id":"https:\/\/www.leemanleddisplay.com\/product\/linsn-ds852-double-color-led-display-sender-box\/#breadcrumb","itemListElement":[{"@type":"ListItem","position":1,"name":"Home","item":"https:\/\/www.leemanleddisplay.com\/"},{"@type":"ListItem","position":2,"name":"Shop","item":"https:\/\/www.leemanleddisplay.com\/shop\/"},{"@type":"ListItem","position":3,"name":"LINSN DS852 Double Color LED Display Sender Box"}]},{"@type":"WebSite","@id":"https:\/\/www.leemanleddisplay.com\/#website","url":"https:\/\/www.leemanleddisplay.com\/","name":"Leemanled","description":"","publisher":{"@id":"https:\/\/www.leemanleddisplay.com\/#organization"},"potentialAction":[{"@type":"SearchAction","target":{"@type":"EntryPoint","urlTemplate":"https:\/\/www.leemanleddisplay.com\/?s={search_term_string}"},"query-input":{"@type":"PropertyValueSpecification","valueRequired":true,"valueName":"search_term_string"}}],"inLanguage":"hu"},{"@type":"Organization","@id":"https:\/\/www.leemanleddisplay.com\/#organization","name":"Leemanled","url":"https:\/\/www.leemanleddisplay.com\/","logo":{"@type":"ImageObject","inLanguage":"hu","@id":"https:\/\/www.leemanleddisplay.com\/#\/schema\/logo\/image\/","url":"https:\/\/www.leemanleddisplay.com\/wp-content\/uploads\/2024\/11\/cropped-0-removebg-preview-1.png","contentUrl":"https:\/\/www.leemanleddisplay.com\/wp-content\/uploads\/2024\/11\/cropped-0-removebg-preview-1.png","width":200,"height":50,"caption":"Leemanled"},"image":{"@id":"https:\/\/www.leemanleddisplay.com\/#\/schema\/logo\/image\/"}}]},"product_price_amount":"140.00","product_price_currency":"USD","og_availability":"instock","product_availability":"instock","product_retailer_item_id":"6804804960447","product_condition":"new"},"_links":{"self":[{"href":"https:\/\/www.leemanleddisplay.com\/hu\/wp-json\/wp\/v2\/product\/44126","targetHints":{"allow":["GET"]}}],"collection":[{"href":"https:\/\/www.leemanleddisplay.com\/hu\/wp-json\/wp\/v2\/product"}],"about":[{"href":"https:\/\/www.leemanleddisplay.com\/hu\/wp-json\/wp\/v2\/types\/product"}],"replies":[{"embeddable":true,"href":"https:\/\/www.leemanleddisplay.com\/hu\/wp-json\/wp\/v2\/comments?post=44126"}],"wp:featuredmedia":[{"embeddable":true,"href":"https:\/\/www.leemanleddisplay.com\/hu\/wp-json\/wp\/v2\/media\/44115"}],"wp:attachment":[{"href":"https:\/\/www.leemanleddisplay.com\/hu\/wp-json\/wp\/v2\/media?parent=44126"}],"wp:term":[{"taxonomy":"product_cat","embeddable":true,"href":"https:\/\/www.leemanleddisplay.com\/hu\/wp-json\/wp\/v2\/product_cat?post=44126"},{"taxonomy":"product_tag","embeddable":true,"href":"https:\/\/www.leemanleddisplay.com\/hu\/wp-json\/wp\/v2\/product_tag?post=44126"}],"curies":[{"name":"wp","href":"https:\/\/api.w.org\/{rel}","templated":true}]}}