{"id":44178,"date":"2025-01-10T12:11:56","date_gmt":"2025-01-10T12:11:56","guid":{"rendered":"https:\/\/www.leemanleddisplay.com\/product\/linsn-rv801d-led-ranel-receiving-card\/"},"modified":"2025-01-13T12:13:52","modified_gmt":"2025-01-13T12:13:52","slug":"linsn-rv801d-led-ranel-receiving-card","status":"publish","type":"product","link":"https:\/\/www.leemanleddisplay.com\/hu\/product\/linsn-rv801d-led-ranel-receiving-card\/","title":{"rendered":"LINSN RV801D LED Ranel Receiving Card"},"content":{"rendered":"<p data-mce-fragment=\"1\"><strong data-mce-fragment=\"1\">Function:<\/strong><\/p>\n<p data-mce-fragment=\"1\">Receiving signals from led sending card, then fed to the LED Display,It is the most popular led receiver work with SD801D LED card for Indoor and Outdoor LED Display Screen.<\/p>\n<p data-mce-fragment=\"1\">\n<p data-mce-fragment=\"1\"><strong data-mce-fragment=\"1\">Specification:<\/strong><\/p>\n<p data-mce-fragment=\"1\">5-16V, 2A<\/p>\n<p data-mce-fragment=\"1\">RV801 works with all sending cards(TS801, DS801, TS802, DS802).<\/p>\n<p data-mce-fragment=\"1\">One RV801 can max support 256 pixels height.<\/p>\n<p data-mce-fragment=\"1\">The max width one RV801 can support is depended on the setting of refresh rate, gray scale, and the scan clock of LED Panel Driver.<\/p>\n<p data-mce-fragment=\"1\">RV801 has 16 groups of RGB signal.<\/p>\n<p data-mce-fragment=\"1\">By using a Hub, RV801 feds the right signals to LED Display Moudle.<\/p>\n<p data-mce-fragment=\"1\">\n<p data-mce-fragment=\"1\">Support a piece of sending card controlling pieces screens, the working state of screens can be arbitrary combination, synchronous<\/p>\n<p data-mce-fragment=\"1\">display, independent broadcasting, can be through the shortcut key, fast switching.<\/p>\n<p data-mce-fragment=\"1\">256 level automatically brightness adjustment:<\/p>\n<p data-mce-fragment=\"1\">A level 256 automatic adjustment function make display brightness adjustment more effective.<\/p>\n<p data-mce-fragment=\"1\">Program online upgrade function:<\/p>\n<p data-mce-fragment=\"1\">If the screen receiving card program needs to be upgraded, need to open display power and update through the LEDstudio, no need to detach receiving card from the display.<\/p>\n<p data-mce-fragment=\"1\">Break the traditional ideas without dial code switch:<\/p>\n<p data-mce-fragment=\"1\">No dial code switch design, all Settings through the computer.<\/p>\n<p data-mce-fragment=\"1\">\n<p data-mce-fragment=\"1\">\n<p data-mce-fragment=\"1\">","protected":false},"excerpt":{"rendered":"<p>Function: Receiving signals from led sending card, then fed to the LED Display,It is the most popular led receiver work with SD801D LED card for Indoor and Outdoor&#8230;<\/p>","protected":false},"featured_media":44174,"comment_status":"closed","ping_status":"closed","template":"","meta":{"_monsterinsights_skip_tracking":false,"_monsterinsights_sitenote_active":false,"_monsterinsights_sitenote_note":"","_monsterinsights_sitenote_category":0},"product_cat":[218],"product_tag":[136,220],"class_list":{"0":"post-44178","1":"product","2":"type-product","3":"status-publish","4":"has-post-thumbnail","6":"product_cat-linsn","7":"product_tag-less-than-100-00","8":"product_tag-linsn","10":"first","11":"instock","12":"sale","13":"shipping-taxable","14":"purchasable","15":"product-type-simple"},"yoast_head":"<!-- This site is optimized with the Yoast SEO Premium plugin v24.1 (Yoast SEO v24.1) - https:\/\/yoast.com\/wordpress\/plugins\/seo\/ -->\n<title>LINSN RV801D LED Ranel Receiving Card - Leeman LED Screen<\/title>\n<meta name=\"description\" content=\"LINSN RV801D LED Ranel Receiving Card RCG CON file. LinsnLED Controller Card System Synchronous and asynchronous Linsn LED Receiving Card RV908H32 RV908M32\" \/>\n<meta name=\"robots\" content=\"noindex, follow, max-snippet:-1, max-image-preview:large, max-video-preview:-1\" \/>\n<meta property=\"og:locale\" content=\"hu_HU\" \/>\n<meta property=\"og:type\" content=\"article\" \/>\n<meta property=\"og:title\" content=\"LINSN RV801D LED Ranel Receiving Card\" \/>\n<meta property=\"og:description\" content=\"LINSN RV801D LED Ranel Receiving Card RCG CON file. LinsnLED Controller Card System Synchronous and asynchronous Linsn LED Receiving Card RV908H32 RV908M32\" \/>\n<meta property=\"og:url\" content=\"https:\/\/www.leemanleddisplay.com\/hu\/product\/linsn-rv801d-led-ranel-receiving-card\/\" \/>\n<meta property=\"og:site_name\" content=\"Leemanled\" \/>\n<meta property=\"article:modified_time\" content=\"2025-01-13T12:13:52+00:00\" \/>\n<meta property=\"og:image\" content=\"https:\/\/www.leemanleddisplay.com\/wp-content\/uploads\/1736\/11linsn-rv801d-led-ranel-receiving-card_0.jpg\" \/>\n\t<meta property=\"og:image:width\" content=\"2000\" \/>\n\t<meta property=\"og:image:height\" content=\"1310\" \/>\n\t<meta property=\"og:image:type\" content=\"image\/jpeg\" \/>\n<meta name=\"twitter:card\" content=\"summary_large_image\" \/>\n<meta name=\"twitter:label1\" content=\"\u00c1r\" \/>\n\t<meta name=\"twitter:data1\" content=\"&#036;33.20\" \/>\n\t<meta name=\"twitter:label2\" content=\"El\u00e9rhet\u0151s\u00e9g\" \/>\n\t<meta name=\"twitter:data2\" content=\"K\u00e9szleten\" \/>\n<script type=\"application\/ld+json\" class=\"yoast-schema-graph\">{\"@context\":\"https:\/\/schema.org\",\"@graph\":[{\"@type\":\"WebPage\",\"@id\":\"https:\/\/www.leemanleddisplay.com\/product\/linsn-rv801d-led-ranel-receiving-card\/\",\"url\":\"https:\/\/www.leemanleddisplay.com\/product\/linsn-rv801d-led-ranel-receiving-card\/\",\"name\":\"LINSN RV801D LED Ranel Receiving Card - Leeman LED Screen\",\"isPartOf\":{\"@id\":\"https:\/\/www.leemanleddisplay.com\/#website\"},\"primaryImageOfPage\":{\"@id\":\"https:\/\/www.leemanleddisplay.com\/product\/linsn-rv801d-led-ranel-receiving-card\/#primaryimage\"},\"image\":{\"@id\":\"https:\/\/www.leemanleddisplay.com\/product\/linsn-rv801d-led-ranel-receiving-card\/#primaryimage\"},\"thumbnailUrl\":\"https:\/\/www.leemanleddisplay.com\/wp-content\/uploads\/1736\/11linsn-rv801d-led-ranel-receiving-card_0.jpg\",\"datePublished\":\"2025-01-10T12:11:56+00:00\",\"dateModified\":\"2025-01-13T12:13:52+00:00\",\"description\":\"LINSN RV801D LED Ranel Receiving Card RCG CON file. LinsnLED Controller Card System Synchronous and asynchronous Linsn LED Receiving Card RV908H32 RV908M32\",\"breadcrumb\":{\"@id\":\"https:\/\/www.leemanleddisplay.com\/product\/linsn-rv801d-led-ranel-receiving-card\/#breadcrumb\"},\"inLanguage\":\"hu\",\"potentialAction\":[{\"@type\":\"ReadAction\",\"target\":[\"https:\/\/www.leemanleddisplay.com\/product\/linsn-rv801d-led-ranel-receiving-card\/\"]}]},{\"@type\":\"ImageObject\",\"inLanguage\":\"hu\",\"@id\":\"https:\/\/www.leemanleddisplay.com\/product\/linsn-rv801d-led-ranel-receiving-card\/#primaryimage\",\"url\":\"https:\/\/www.leemanleddisplay.com\/wp-content\/uploads\/1736\/11linsn-rv801d-led-ranel-receiving-card_0.jpg\",\"contentUrl\":\"https:\/\/www.leemanleddisplay.com\/wp-content\/uploads\/1736\/11linsn-rv801d-led-ranel-receiving-card_0.jpg\",\"width\":2000,\"height\":1310},{\"@type\":\"BreadcrumbList\",\"@id\":\"https:\/\/www.leemanleddisplay.com\/product\/linsn-rv801d-led-ranel-receiving-card\/#breadcrumb\",\"itemListElement\":[{\"@type\":\"ListItem\",\"position\":1,\"name\":\"Home\",\"item\":\"https:\/\/www.leemanleddisplay.com\/\"},{\"@type\":\"ListItem\",\"position\":2,\"name\":\"Shop\",\"item\":\"https:\/\/www.leemanleddisplay.com\/shop\/\"},{\"@type\":\"ListItem\",\"position\":3,\"name\":\"LINSN RV801D LED Ranel Receiving Card\"}]},{\"@type\":\"WebSite\",\"@id\":\"https:\/\/www.leemanleddisplay.com\/#website\",\"url\":\"https:\/\/www.leemanleddisplay.com\/\",\"name\":\"Leemanled\",\"description\":\"\",\"publisher\":{\"@id\":\"https:\/\/www.leemanleddisplay.com\/#organization\"},\"potentialAction\":[{\"@type\":\"SearchAction\",\"target\":{\"@type\":\"EntryPoint\",\"urlTemplate\":\"https:\/\/www.leemanleddisplay.com\/?s={search_term_string}\"},\"query-input\":{\"@type\":\"PropertyValueSpecification\",\"valueRequired\":true,\"valueName\":\"search_term_string\"}}],\"inLanguage\":\"hu\"},{\"@type\":\"Organization\",\"@id\":\"https:\/\/www.leemanleddisplay.com\/#organization\",\"name\":\"Leemanled\",\"url\":\"https:\/\/www.leemanleddisplay.com\/\",\"logo\":{\"@type\":\"ImageObject\",\"inLanguage\":\"hu\",\"@id\":\"https:\/\/www.leemanleddisplay.com\/#\/schema\/logo\/image\/\",\"url\":\"https:\/\/www.leemanleddisplay.com\/wp-content\/uploads\/2024\/11\/cropped-0-removebg-preview-1.png\",\"contentUrl\":\"https:\/\/www.leemanleddisplay.com\/wp-content\/uploads\/2024\/11\/cropped-0-removebg-preview-1.png\",\"width\":200,\"height\":50,\"caption\":\"Leemanled\"},\"image\":{\"@id\":\"https:\/\/www.leemanleddisplay.com\/#\/schema\/logo\/image\/\"}}]}<\/script>\n<meta property=\"product:price:amount\" content=\"33.20\" \/>\n<meta property=\"product:price:currency\" content=\"USD\" \/>\n<meta property=\"og:availability\" content=\"instock\" \/>\n<meta property=\"product:availability\" content=\"instock\" \/>\n<meta property=\"product:retailer_item_id\" content=\"6803559907519\" \/>\n<meta property=\"product:condition\" content=\"new\" \/>\n<!-- \/ Yoast SEO Premium plugin. -->","yoast_head_json":{"title":"LINSN RV801D LED Ranel Receiving Card - Leeman LED Screen","description":"LINSN RV801D LED Ranel Receiving Card RCG CON file. LinsnLED Controller Card System Synchronous and asynchronous Linsn LED Receiving Card RV908H32 RV908M32","robots":{"index":"noindex","follow":"follow","max-snippet":"max-snippet:-1","max-image-preview":"max-image-preview:large","max-video-preview":"max-video-preview:-1"},"og_locale":"hu_HU","og_type":"article","og_title":"LINSN RV801D LED Ranel Receiving Card","og_description":"LINSN RV801D LED Ranel Receiving Card RCG CON file. LinsnLED Controller Card System Synchronous and asynchronous Linsn LED Receiving Card RV908H32 RV908M32","og_url":"https:\/\/www.leemanleddisplay.com\/hu\/product\/linsn-rv801d-led-ranel-receiving-card\/","og_site_name":"Leemanled","article_modified_time":"2025-01-13T12:13:52+00:00","og_image":[{"width":2000,"height":1310,"url":"https:\/\/www.leemanleddisplay.com\/wp-content\/uploads\/1736\/11linsn-rv801d-led-ranel-receiving-card_0.jpg","type":"image\/jpeg"}],"twitter_card":"summary_large_image","twitter_misc":{"\u00c1r":"&#36;33.20","El\u00e9rhet\u0151s\u00e9g":"K\u00e9szleten"},"schema":{"@context":"https:\/\/schema.org","@graph":[{"@type":"WebPage","@id":"https:\/\/www.leemanleddisplay.com\/product\/linsn-rv801d-led-ranel-receiving-card\/","url":"https:\/\/www.leemanleddisplay.com\/product\/linsn-rv801d-led-ranel-receiving-card\/","name":"LINSN RV801D LED Ranel Receiving Card - Leeman LED Screen","isPartOf":{"@id":"https:\/\/www.leemanleddisplay.com\/#website"},"primaryImageOfPage":{"@id":"https:\/\/www.leemanleddisplay.com\/product\/linsn-rv801d-led-ranel-receiving-card\/#primaryimage"},"image":{"@id":"https:\/\/www.leemanleddisplay.com\/product\/linsn-rv801d-led-ranel-receiving-card\/#primaryimage"},"thumbnailUrl":"https:\/\/www.leemanleddisplay.com\/wp-content\/uploads\/1736\/11linsn-rv801d-led-ranel-receiving-card_0.jpg","datePublished":"2025-01-10T12:11:56+00:00","dateModified":"2025-01-13T12:13:52+00:00","description":"LINSN RV801D LED Ranel Receiving Card RCG CON file. LinsnLED Controller Card System Synchronous and asynchronous Linsn LED Receiving Card RV908H32 RV908M32","breadcrumb":{"@id":"https:\/\/www.leemanleddisplay.com\/product\/linsn-rv801d-led-ranel-receiving-card\/#breadcrumb"},"inLanguage":"hu","potentialAction":[{"@type":"ReadAction","target":["https:\/\/www.leemanleddisplay.com\/product\/linsn-rv801d-led-ranel-receiving-card\/"]}]},{"@type":"ImageObject","inLanguage":"hu","@id":"https:\/\/www.leemanleddisplay.com\/product\/linsn-rv801d-led-ranel-receiving-card\/#primaryimage","url":"https:\/\/www.leemanleddisplay.com\/wp-content\/uploads\/1736\/11linsn-rv801d-led-ranel-receiving-card_0.jpg","contentUrl":"https:\/\/www.leemanleddisplay.com\/wp-content\/uploads\/1736\/11linsn-rv801d-led-ranel-receiving-card_0.jpg","width":2000,"height":1310},{"@type":"BreadcrumbList","@id":"https:\/\/www.leemanleddisplay.com\/product\/linsn-rv801d-led-ranel-receiving-card\/#breadcrumb","itemListElement":[{"@type":"ListItem","position":1,"name":"Home","item":"https:\/\/www.leemanleddisplay.com\/"},{"@type":"ListItem","position":2,"name":"Shop","item":"https:\/\/www.leemanleddisplay.com\/shop\/"},{"@type":"ListItem","position":3,"name":"LINSN RV801D LED Ranel Receiving Card"}]},{"@type":"WebSite","@id":"https:\/\/www.leemanleddisplay.com\/#website","url":"https:\/\/www.leemanleddisplay.com\/","name":"Leemanled","description":"","publisher":{"@id":"https:\/\/www.leemanleddisplay.com\/#organization"},"potentialAction":[{"@type":"SearchAction","target":{"@type":"EntryPoint","urlTemplate":"https:\/\/www.leemanleddisplay.com\/?s={search_term_string}"},"query-input":{"@type":"PropertyValueSpecification","valueRequired":true,"valueName":"search_term_string"}}],"inLanguage":"hu"},{"@type":"Organization","@id":"https:\/\/www.leemanleddisplay.com\/#organization","name":"Leemanled","url":"https:\/\/www.leemanleddisplay.com\/","logo":{"@type":"ImageObject","inLanguage":"hu","@id":"https:\/\/www.leemanleddisplay.com\/#\/schema\/logo\/image\/","url":"https:\/\/www.leemanleddisplay.com\/wp-content\/uploads\/2024\/11\/cropped-0-removebg-preview-1.png","contentUrl":"https:\/\/www.leemanleddisplay.com\/wp-content\/uploads\/2024\/11\/cropped-0-removebg-preview-1.png","width":200,"height":50,"caption":"Leemanled"},"image":{"@id":"https:\/\/www.leemanleddisplay.com\/#\/schema\/logo\/image\/"}}]},"product_price_amount":"33.20","product_price_currency":"USD","og_availability":"instock","product_availability":"instock","product_retailer_item_id":"6803559907519","product_condition":"new"},"_links":{"self":[{"href":"https:\/\/www.leemanleddisplay.com\/hu\/wp-json\/wp\/v2\/product\/44178","targetHints":{"allow":["GET"]}}],"collection":[{"href":"https:\/\/www.leemanleddisplay.com\/hu\/wp-json\/wp\/v2\/product"}],"about":[{"href":"https:\/\/www.leemanleddisplay.com\/hu\/wp-json\/wp\/v2\/types\/product"}],"replies":[{"embeddable":true,"href":"https:\/\/www.leemanleddisplay.com\/hu\/wp-json\/wp\/v2\/comments?post=44178"}],"wp:featuredmedia":[{"embeddable":true,"href":"https:\/\/www.leemanleddisplay.com\/hu\/wp-json\/wp\/v2\/media\/44174"}],"wp:attachment":[{"href":"https:\/\/www.leemanleddisplay.com\/hu\/wp-json\/wp\/v2\/media?parent=44178"}],"wp:term":[{"taxonomy":"product_cat","embeddable":true,"href":"https:\/\/www.leemanleddisplay.com\/hu\/wp-json\/wp\/v2\/product_cat?post=44178"},{"taxonomy":"product_tag","embeddable":true,"href":"https:\/\/www.leemanleddisplay.com\/hu\/wp-json\/wp\/v2\/product_tag?post=44178"}],"curies":[{"name":"wp","href":"https:\/\/api.w.org\/{rel}","templated":true}]}}