{"id":44531,"date":"2025-01-10T12:28:28","date_gmt":"2025-01-10T12:28:28","guid":{"rendered":"https:\/\/www.leemanleddisplay.com\/product\/vdwall-lvp609-4k-2k-60hz-led-hd-video-processor\/"},"modified":"2025-01-13T08:52:17","modified_gmt":"2025-01-13T08:52:17","slug":"vdwall-lvp609-4k-2k-60hz-led-hd-video-processor","status":"publish","type":"product","link":"https:\/\/www.leemanleddisplay.com\/hu\/product\/vdwall-lvp609-4k-2k-60hz-led-hd-video-processor\/","title":{"rendered":"VDWall LVP609 4K\/2K 60HZ LED HD Video Processor"},"content":{"rendered":"<p>This product has been <b>no longer in production<\/b> and our recommended alternatives are as follows: <b>VDWall A6000<\/b><\/p>\n<p data-mce-fragment=\"1\"><strong data-mce-fragment=\"1\">VDWall LVP609 4K\/2K 60HZ LED HD Video Processor\u00a0Features:<\/strong><\/p>\n<p data-mce-fragment=\"1\">1.4K2K_60Hz real 4K pole-clear LED video processor, advanced interlaced motion image adaptive processing technology, moving images without tailing and saw-tooth;<\/p>\n<p data-mce-fragment=\"1\">2. Within 4K2K range, the LED screen shows point-to-point synchronization display; supporting Promise zoom;the maximum load of one single machine is 16 million pixels, without cumbersome software settings;<\/p>\n<p data-mce-fragment=\"1\">3. Input: Ultra HD + HD + SD, analog + digital; HDMI2.0 (4K2K_60Hz) x 1, CVBS x 2, VGA x 1, DVI x 1, SDI \/ HD-SDI x 1;the seamless switch , fade in and out switch among them<\/p>\n<p data-mce-fragment=\"1\">4. Output: DVI digital full HD, up to 8 route, single-port resolution of 1920 x 1080_60Hz<\/p>\n<p data-mce-fragment=\"1\">5. Synchronous monitoring, you can use the monitor to monitor the 1080P 4K2K_60Hz input screen;<\/p>\n<p data-mce-fragment=\"1\">6. A variety of pre-stored mode and a key call, mode calling use seamless or fade in and fade out switch<\/p>\n<p data-mce-fragment=\"1\">7.\u00a0Convenient panel key operation or RS232 \/ USB \/ LAN control settings.<\/p>\n<p><br data-mce-fragment=\"1\" \/><br data-mce-fragment=\"1\" \/><\/p>\n<p data-mce-fragment=\"1\"><strong data-mce-fragment=\"1\">More pictures of VDWall LVP609 4K\/2K 60HZ LED HD Video Processor:<\/strong><\/p>\n<p data-mce-fragment=\"1\"><span data-mce-fragment=\"1\"><\/span><\/p>\n<p data-mce-fragment=\"1\"><strong data-mce-fragment=\"1\">LVP609 connection diagram<\/strong><strong data-mce-fragment=\"1\">\uff1a<\/strong><\/p>\n<p data-mce-fragment=\"1\">\u00a0<br \/><span data-mce-fragment=\"1\"><\/span><\/p>\n<p data-mce-fragment=\"1\"><strong data-mce-fragment=\"1\">VDWall LVP609 4K\/2K 60HZ LED HD Video Processor Parameter:<\/strong><\/p>\n<table border=\"1\" cellpadding=\"0\" cellspacing=\"0\" data-mce-fragment=\"1\">\n<colgroup data-mce-fragment=\"1\">\n<col span=\"3\" width=\"72\" data-mce-fragment=\"1\" \/><\/colgroup>\n<tbody data-mce-fragment=\"1\">\n<tr data-mce-fragment=\"1\">\n<td colspan=\"3\" valign=\"top\" width=\"584\" data-mce-fragment=\"1\">\n<p data-mce-fragment=\"1\"><strong data-mce-fragment=\"1\">Inputs<\/strong><\/p>\n<\/td>\n<\/tr>\n<tr data-mce-fragment=\"1\">\n<td width=\"181\" data-mce-fragment=\"1\">\n<p data-mce-fragment=\"1\">Quantity \/Type<\/p>\n<\/td>\n<td colspan=\"2\" width=\"403\" data-mce-fragment=\"1\">\n<p data-mce-fragment=\"1\">2\u00d7Video<\/p>\n<p data-mce-fragment=\"1\">1\u00d7VGA\uff08VESA\uff09<\/p>\n<p data-mce-fragment=\"1\">1\u00d7DVI\uff08VESA\uff09<\/p>\n<p data-mce-fragment=\"1\">1\u00d7HDMI 2.0\uff08\uff08VESA\/CEA-861\uff09<\/p>\n<p data-mce-fragment=\"1\">1\u00d7SDI\uff08SDI\/HD-SDI\/3G-SDI\uff09<\/p>\n<\/td>\n<\/tr>\n<tr data-mce-fragment=\"1\">\n<td width=\"181\" data-mce-fragment=\"1\">\n<p data-mce-fragment=\"1\">Video system<\/p>\n<\/td>\n<td colspan=\"2\" width=\"403\" data-mce-fragment=\"1\">\n<p data-mce-fragment=\"1\">PAL\/NTSC<\/p>\n<\/td>\n<\/tr>\n<tr data-mce-fragment=\"1\">\n<td width=\"181\" data-mce-fragment=\"1\">\n<p data-mce-fragment=\"1\">Composite video amplitude Impedance<\/p>\n<\/td>\n<td colspan=\"2\" width=\"403\" data-mce-fragment=\"1\">\n<p data-mce-fragment=\"1\">1V\uff08p_p\uff09\/ 75\u03a9<\/p>\n<\/td>\n<\/tr>\n<tr data-mce-fragment=\"1\">\n<td width=\"181\" data-mce-fragment=\"1\">\n<p data-mce-fragment=\"1\">VGA Format<\/p>\n<\/td>\n<td width=\"221\" data-mce-fragment=\"1\">\n<p data-mce-fragment=\"1\">PC\uff08VESA\uff09<\/p>\n<\/td>\n<td width=\"181\" data-mce-fragment=\"1\">\n<p data-mce-fragment=\"1\">\u22641920\u00d71200_60Hz<\/p>\n<\/td>\n<\/tr>\n<tr data-mce-fragment=\"1\">\n<td width=\"181\" data-mce-fragment=\"1\">\n<p data-mce-fragment=\"1\">VGA amplitude Impedance<\/p>\n<\/td>\n<td colspan=\"2\" width=\"403\" data-mce-fragment=\"1\">\n<p data-mce-fragment=\"1\">R\u3001G\u3001B = 0.7 V\uff08p_p\uff09\/ 75\u03a9<\/p>\n<\/td>\n<\/tr>\n<tr data-mce-fragment=\"1\">\n<td width=\"181\" data-mce-fragment=\"1\">\n<p data-mce-fragment=\"1\">DVI Format<\/p>\n<\/td>\n<td width=\"221\" data-mce-fragment=\"1\">\n<p data-mce-fragment=\"1\">PC\uff08VESA\uff09<\/p>\n<\/td>\n<td width=\"181\" data-mce-fragment=\"1\">\n<p data-mce-fragment=\"1\">\u22641920\u00d71200_60Hz<\/p>\n<\/td>\n<\/tr>\n<tr data-mce-fragment=\"1\">\n<td rowspan=\"2\" width=\"181\" data-mce-fragment=\"1\">\n<p data-mce-fragment=\"1\">HDMI Format\uff08HDCP2.0\uff09<\/p>\n<\/td>\n<td width=\"221\" data-mce-fragment=\"1\">\n<p data-mce-fragment=\"1\">PC\uff08VESA\uff09<\/p>\n<\/td>\n<td rowspan=\"2\" width=\"181\" data-mce-fragment=\"1\">\n<p data-mce-fragment=\"1\">\u22643840\u00d72160_60Hz<\/p>\n<\/td>\n<\/tr>\n<tr data-mce-fragment=\"1\">\n<td width=\"221\" data-mce-fragment=\"1\">\n<p data-mce-fragment=\"1\">HDMI2.0\uff08CEA-861\uff09<\/p>\n<\/td>\n<\/tr>\n<tr data-mce-fragment=\"1\">\n<td width=\"181\" data-mce-fragment=\"1\">\n<p data-mce-fragment=\"1\">SDI Format<\/p>\n<\/td>\n<td width=\"221\" data-mce-fragment=\"1\">\n<p data-mce-fragment=\"1\">SMPTE259M-C<\/p>\n<p data-mce-fragment=\"1\">SMPTE 292M<\/p>\n<p data-mce-fragment=\"1\">SMPTE 274M\/296M<\/p>\n<p data-mce-fragment=\"1\">SMPTE 424M\/425M<\/p>\n<\/td>\n<td width=\"181\" data-mce-fragment=\"1\">\n<p data-mce-fragment=\"1\">480i_60Hz<\/p>\n<p data-mce-fragment=\"1\">576i_50Hz<\/p>\n<p data-mce-fragment=\"1\">720p\u30011080i\u30011080p<\/p>\n<\/td>\n<\/tr>\n<tr data-mce-fragment=\"1\">\n<td width=\"181\" data-mce-fragment=\"1\">\n<p data-mce-fragment=\"1\">Input connectors<\/p>\n<\/td>\n<td colspan=\"2\" width=\"403\" data-mce-fragment=\"1\">\n<p data-mce-fragment=\"1\">Video\uff1a\u00a0BNC\/ 75\u03a9<br data-mce-fragment=\"1\" \/>VGA\uff1a15pin D_Sub(Female)<br data-mce-fragment=\"1\" \/>DVI\uff1a24+1 DVI_D<\/p>\n<p data-mce-fragment=\"1\">HDMI\uff1aHDMI ATYPE<\/p>\n<p data-mce-fragment=\"1\">SDI\uff1aBNC\/ 75\u03a9<\/p>\n<\/td>\n<\/tr>\n<tr data-mce-fragment=\"1\">\n<td colspan=\"3\" width=\"584\" data-mce-fragment=\"1\">\n<p data-mce-fragment=\"1\"><strong data-mce-fragment=\"1\">Output<\/strong><\/p>\n<\/td>\n<\/tr>\n<tr data-mce-fragment=\"1\">\n<td width=\"181\" data-mce-fragment=\"1\">\n<p data-mce-fragment=\"1\">Quantity \/Type<\/p>\n<\/td>\n<td colspan=\"2\" width=\"403\" data-mce-fragment=\"1\">\n<p data-mce-fragment=\"1\">8\u00d7DVI<\/p>\n<\/td>\n<\/tr>\n<tr data-mce-fragment=\"1\">\n<td width=\"181\" data-mce-fragment=\"1\">\n<p data-mce-fragment=\"1\">DVI Format<\/p>\n<\/td>\n<td colspan=\"2\" width=\"403\" data-mce-fragment=\"1\">\n<p data-mce-fragment=\"1\">1920\u00d71080_60Hz<\/p>\n<\/td>\n<\/tr>\n<tr data-mce-fragment=\"1\">\n<td width=\"181\" data-mce-fragment=\"1\">\n<p data-mce-fragment=\"1\">Output connectors<\/p>\n<\/td>\n<td colspan=\"2\" width=\"403\" data-mce-fragment=\"1\">\n<p data-mce-fragment=\"1\">DVI\uff1a24+1 DVI_D<\/p>\n<\/td>\n<\/tr>\n<tr data-mce-fragment=\"1\">\n<td colspan=\"3\" width=\"584\" data-mce-fragment=\"1\">\n<p data-mce-fragment=\"1\"><strong data-mce-fragment=\"1\">Others<\/strong><\/p>\n<\/td>\n<\/tr>\n<tr data-mce-fragment=\"1\">\n<td width=\"181\" data-mce-fragment=\"1\">\n<p data-mce-fragment=\"1\">Control<\/p>\n<\/td>\n<td colspan=\"2\" width=\"403\" data-mce-fragment=\"1\">\n<p data-mce-fragment=\"1\">RS232\/USB\/LAN<\/p>\n<\/td>\n<\/tr>\n<tr data-mce-fragment=\"1\">\n<td width=\"181\" data-mce-fragment=\"1\">\n<p data-mce-fragment=\"1\">Input voltage<\/p>\n<\/td>\n<td colspan=\"2\" width=\"403\" data-mce-fragment=\"1\">\n<p data-mce-fragment=\"1\">100-240VAC \u00a0\u00a050\/60Hz<\/p>\n<\/td>\n<\/tr>\n<tr data-mce-fragment=\"1\">\n<td width=\"181\" data-mce-fragment=\"1\">\n<p data-mce-fragment=\"1\">Overall power consumption<\/p>\n<\/td>\n<td colspan=\"2\" width=\"403\" data-mce-fragment=\"1\">\n<p data-mce-fragment=\"1\">\u226470W<\/p>\n<\/td>\n<\/tr>\n<tr data-mce-fragment=\"1\">\n<td width=\"181\" data-mce-fragment=\"1\">\n<p data-mce-fragment=\"1\">Environment temperature<\/p>\n<\/td>\n<td colspan=\"2\" width=\"403\" data-mce-fragment=\"1\">\n<p data-mce-fragment=\"1\">0-45\u2103<\/p>\n<\/td>\n<\/tr>\n<tr data-mce-fragment=\"1\">\n<td width=\"181\" data-mce-fragment=\"1\">\n<p data-mce-fragment=\"1\">Environment humidity<\/p>\n<\/td>\n<td colspan=\"2\" width=\"403\" data-mce-fragment=\"1\">\n<p data-mce-fragment=\"1\">15-85%<\/p>\n<\/td>\n<\/tr>\n<tr data-mce-fragment=\"1\">\n<td width=\"181\" data-mce-fragment=\"1\">\n<p data-mce-fragment=\"1\">Product size<\/p>\n<\/td>\n<td colspan=\"2\" width=\"403\" data-mce-fragment=\"1\">\n<p data-mce-fragment=\"1\">483(L) x 338(W) x94(H)mm<\/p>\n<\/td>\n<\/tr>\n<tr data-mce-fragment=\"1\">\n<td width=\"181\" data-mce-fragment=\"1\">\n<p data-mce-fragment=\"1\">Carton size<\/p>\n<\/td>\n<td colspan=\"2\" width=\"403\" data-mce-fragment=\"1\">\n<p data-mce-fragment=\"1\">540(L) x 400(W) x 180(H)mm<\/p>\n<\/td>\n<\/tr>\n<tr data-mce-fragment=\"1\">\n<td width=\"181\" data-mce-fragment=\"1\">\n<p data-mce-fragment=\"1\">Net weight<\/p>\n<\/td>\n<td colspan=\"2\" width=\"403\" data-mce-fragment=\"1\">\n<p data-mce-fragment=\"1\">5.95Kg<\/p>\n<\/td>\n<\/tr>\n<tr data-mce-fragment=\"1\">\n<td width=\"181\" data-mce-fragment=\"1\">\n<p data-mce-fragment=\"1\">Gross weight<\/p>\n<\/td>\n<td colspan=\"2\" width=\"403\" data-mce-fragment=\"1\">\n<p data-mce-fragment=\"1\">8.8Kg<\/p>\n<\/td>\n<\/tr>\n<\/tbody>\n<\/table>\n<p data-mce-fragment=\"1\">\u00a0<\/p>\n<p data-mce-fragment=\"1\">\u00a0<\/p>\n<p data-mce-fragment=\"1\"><strong data-mce-fragment=\"1\">Download for LVP609\uff1a Overview of VDWall LVP609 4K2K 60HZ LED HD Video Processor:<\/strong><\/p>\n<p data-mce-fragment=\"1\">","protected":false},"excerpt":{"rendered":"<p>This product has been no longer in production and our recommended alternatives are as follows: VDWall A6000 VDWall LVP609 4K\/2K 60HZ LED HD Video Processor\u00a0Features: 1.4K2K_60Hz real 4K&#8230;<\/p>","protected":false},"featured_media":44524,"comment_status":"closed","ping_status":"closed","template":"","meta":{"_monsterinsights_skip_tracking":false,"_monsterinsights_sitenote_active":false,"_monsterinsights_sitenote_note":"","_monsterinsights_sitenote_category":0},"product_cat":[186],"product_tag":[140,191],"class_list":{"0":"post-44531","1":"product","2":"type-product","3":"status-publish","4":"has-post-thumbnail","6":"product_cat-vdwall","7":"product_tag-1000-00-3000-00","8":"product_tag-vdwall","10":"first","11":"instock","12":"sale","13":"shipping-taxable","14":"purchasable","15":"product-type-simple"},"yoast_head":"<!-- This site is optimized with the Yoast SEO Premium plugin v24.1 (Yoast SEO v24.1) - https:\/\/yoast.com\/wordpress\/plugins\/seo\/ -->\n<title>VDWall LVP609 4K\/2K 60HZ LED HD Video Processor<\/title>\n<meta name=\"description\" content=\"VDWall LVP609 4K\/2K 60HZ LED HD Video Processor. VDWall LVP615 Series LVP615\/615S\/615D\/615U VDWall LVP615S LED Video Processor\" \/>\n<meta name=\"robots\" content=\"noindex, follow, max-snippet:-1, max-image-preview:large, max-video-preview:-1\" \/>\n<meta property=\"og:locale\" content=\"hu_HU\" \/>\n<meta property=\"og:type\" content=\"article\" \/>\n<meta property=\"og:title\" content=\"VDWall LVP609 4K\/2K 60HZ LED HD Video Processor\" \/>\n<meta property=\"og:description\" content=\"VDWall LVP609 4K\/2K 60HZ LED HD Video Processor. VDWall LVP615 Series LVP615\/615S\/615D\/615U VDWall LVP615S LED Video Processor\" \/>\n<meta property=\"og:url\" content=\"https:\/\/www.leemanleddisplay.com\/hu\/product\/vdwall-lvp609-4k-2k-60hz-led-hd-video-processor\/\" \/>\n<meta property=\"og:site_name\" content=\"Leemanled\" \/>\n<meta property=\"article:modified_time\" content=\"2025-01-13T08:52:17+00:00\" \/>\n<meta property=\"og:image\" content=\"https:\/\/www.leemanleddisplay.com\/wp-content\/uploads\/1736\/12vdwall-lvp609-4k-2k-60hz-led-hd-video-processor_0.jpg\" \/>\n\t<meta property=\"og:image:width\" content=\"2000\" \/>\n\t<meta property=\"og:image:height\" content=\"1310\" \/>\n\t<meta property=\"og:image:type\" content=\"image\/jpeg\" \/>\n<meta name=\"twitter:card\" content=\"summary_large_image\" \/>\n<meta name=\"twitter:label1\" content=\"\u00c1r\" \/>\n\t<meta name=\"twitter:data1\" content=\"&#036;1,999.00\" \/>\n\t<meta name=\"twitter:label2\" content=\"El\u00e9rhet\u0151s\u00e9g\" \/>\n\t<meta name=\"twitter:data2\" content=\"K\u00e9szleten\" \/>\n<script type=\"application\/ld+json\" class=\"yoast-schema-graph\">{\"@context\":\"https:\/\/schema.org\",\"@graph\":[{\"@type\":\"WebPage\",\"@id\":\"https:\/\/www.leemanleddisplay.com\/product\/vdwall-lvp609-4k-2k-60hz-led-hd-video-processor\/\",\"url\":\"https:\/\/www.leemanleddisplay.com\/product\/vdwall-lvp609-4k-2k-60hz-led-hd-video-processor\/\",\"name\":\"VDWall LVP609 4K\/2K 60HZ LED HD Video Processor\",\"isPartOf\":{\"@id\":\"https:\/\/www.leemanleddisplay.com\/#website\"},\"primaryImageOfPage\":{\"@id\":\"https:\/\/www.leemanleddisplay.com\/product\/vdwall-lvp609-4k-2k-60hz-led-hd-video-processor\/#primaryimage\"},\"image\":{\"@id\":\"https:\/\/www.leemanleddisplay.com\/product\/vdwall-lvp609-4k-2k-60hz-led-hd-video-processor\/#primaryimage\"},\"thumbnailUrl\":\"https:\/\/www.leemanleddisplay.com\/wp-content\/uploads\/1736\/12vdwall-lvp609-4k-2k-60hz-led-hd-video-processor_0.jpg\",\"datePublished\":\"2025-01-10T12:28:28+00:00\",\"dateModified\":\"2025-01-13T08:52:17+00:00\",\"description\":\"VDWall LVP609 4K\/2K 60HZ LED HD Video Processor. VDWall LVP615 Series LVP615\/615S\/615D\/615U VDWall LVP615S LED Video Processor\",\"breadcrumb\":{\"@id\":\"https:\/\/www.leemanleddisplay.com\/product\/vdwall-lvp609-4k-2k-60hz-led-hd-video-processor\/#breadcrumb\"},\"inLanguage\":\"hu\",\"potentialAction\":[{\"@type\":\"ReadAction\",\"target\":[\"https:\/\/www.leemanleddisplay.com\/product\/vdwall-lvp609-4k-2k-60hz-led-hd-video-processor\/\"]}]},{\"@type\":\"ImageObject\",\"inLanguage\":\"hu\",\"@id\":\"https:\/\/www.leemanleddisplay.com\/product\/vdwall-lvp609-4k-2k-60hz-led-hd-video-processor\/#primaryimage\",\"url\":\"https:\/\/www.leemanleddisplay.com\/wp-content\/uploads\/1736\/12vdwall-lvp609-4k-2k-60hz-led-hd-video-processor_0.jpg\",\"contentUrl\":\"https:\/\/www.leemanleddisplay.com\/wp-content\/uploads\/1736\/12vdwall-lvp609-4k-2k-60hz-led-hd-video-processor_0.jpg\",\"width\":2000,\"height\":1310},{\"@type\":\"BreadcrumbList\",\"@id\":\"https:\/\/www.leemanleddisplay.com\/product\/vdwall-lvp609-4k-2k-60hz-led-hd-video-processor\/#breadcrumb\",\"itemListElement\":[{\"@type\":\"ListItem\",\"position\":1,\"name\":\"Home\",\"item\":\"https:\/\/www.leemanleddisplay.com\/\"},{\"@type\":\"ListItem\",\"position\":2,\"name\":\"Shop\",\"item\":\"https:\/\/www.leemanleddisplay.com\/shop\/\"},{\"@type\":\"ListItem\",\"position\":3,\"name\":\"VDWall LVP609 4K\/2K 60HZ LED HD Video Processor\"}]},{\"@type\":\"WebSite\",\"@id\":\"https:\/\/www.leemanleddisplay.com\/#website\",\"url\":\"https:\/\/www.leemanleddisplay.com\/\",\"name\":\"Leemanled\",\"description\":\"\",\"publisher\":{\"@id\":\"https:\/\/www.leemanleddisplay.com\/#organization\"},\"potentialAction\":[{\"@type\":\"SearchAction\",\"target\":{\"@type\":\"EntryPoint\",\"urlTemplate\":\"https:\/\/www.leemanleddisplay.com\/?s={search_term_string}\"},\"query-input\":{\"@type\":\"PropertyValueSpecification\",\"valueRequired\":true,\"valueName\":\"search_term_string\"}}],\"inLanguage\":\"hu\"},{\"@type\":\"Organization\",\"@id\":\"https:\/\/www.leemanleddisplay.com\/#organization\",\"name\":\"Leemanled\",\"url\":\"https:\/\/www.leemanleddisplay.com\/\",\"logo\":{\"@type\":\"ImageObject\",\"inLanguage\":\"hu\",\"@id\":\"https:\/\/www.leemanleddisplay.com\/#\/schema\/logo\/image\/\",\"url\":\"https:\/\/www.leemanleddisplay.com\/wp-content\/uploads\/2024\/11\/cropped-0-removebg-preview-1.png\",\"contentUrl\":\"https:\/\/www.leemanleddisplay.com\/wp-content\/uploads\/2024\/11\/cropped-0-removebg-preview-1.png\",\"width\":200,\"height\":50,\"caption\":\"Leemanled\"},\"image\":{\"@id\":\"https:\/\/www.leemanleddisplay.com\/#\/schema\/logo\/image\/\"}}]}<\/script>\n<meta property=\"product:price:amount\" content=\"1999.00\" \/>\n<meta property=\"product:price:currency\" content=\"USD\" \/>\n<meta property=\"og:availability\" content=\"instock\" \/>\n<meta property=\"product:availability\" content=\"instock\" \/>\n<meta property=\"product:retailer_item_id\" content=\"6794381623487\" \/>\n<meta property=\"product:condition\" content=\"new\" \/>\n<!-- \/ Yoast SEO Premium plugin. -->","yoast_head_json":{"title":"VDWall LVP609 4K\/2K 60HZ LED HD Video Processor","description":"VDWall LVP609 4K\/2K 60HZ LED HD Video Processor. VDWall LVP615 Series LVP615\/615S\/615D\/615U VDWall LVP615S LED Video Processor","robots":{"index":"noindex","follow":"follow","max-snippet":"max-snippet:-1","max-image-preview":"max-image-preview:large","max-video-preview":"max-video-preview:-1"},"og_locale":"hu_HU","og_type":"article","og_title":"VDWall LVP609 4K\/2K 60HZ LED HD Video Processor","og_description":"VDWall LVP609 4K\/2K 60HZ LED HD Video Processor. VDWall LVP615 Series LVP615\/615S\/615D\/615U VDWall LVP615S LED Video Processor","og_url":"https:\/\/www.leemanleddisplay.com\/hu\/product\/vdwall-lvp609-4k-2k-60hz-led-hd-video-processor\/","og_site_name":"Leemanled","article_modified_time":"2025-01-13T08:52:17+00:00","og_image":[{"width":2000,"height":1310,"url":"https:\/\/www.leemanleddisplay.com\/wp-content\/uploads\/1736\/12vdwall-lvp609-4k-2k-60hz-led-hd-video-processor_0.jpg","type":"image\/jpeg"}],"twitter_card":"summary_large_image","twitter_misc":{"\u00c1r":"&#36;1,999.00","El\u00e9rhet\u0151s\u00e9g":"K\u00e9szleten"},"schema":{"@context":"https:\/\/schema.org","@graph":[{"@type":"WebPage","@id":"https:\/\/www.leemanleddisplay.com\/product\/vdwall-lvp609-4k-2k-60hz-led-hd-video-processor\/","url":"https:\/\/www.leemanleddisplay.com\/product\/vdwall-lvp609-4k-2k-60hz-led-hd-video-processor\/","name":"VDWall LVP609 4K\/2K 60HZ LED HD Video Processor","isPartOf":{"@id":"https:\/\/www.leemanleddisplay.com\/#website"},"primaryImageOfPage":{"@id":"https:\/\/www.leemanleddisplay.com\/product\/vdwall-lvp609-4k-2k-60hz-led-hd-video-processor\/#primaryimage"},"image":{"@id":"https:\/\/www.leemanleddisplay.com\/product\/vdwall-lvp609-4k-2k-60hz-led-hd-video-processor\/#primaryimage"},"thumbnailUrl":"https:\/\/www.leemanleddisplay.com\/wp-content\/uploads\/1736\/12vdwall-lvp609-4k-2k-60hz-led-hd-video-processor_0.jpg","datePublished":"2025-01-10T12:28:28+00:00","dateModified":"2025-01-13T08:52:17+00:00","description":"VDWall LVP609 4K\/2K 60HZ LED HD Video Processor. VDWall LVP615 Series LVP615\/615S\/615D\/615U VDWall LVP615S LED Video Processor","breadcrumb":{"@id":"https:\/\/www.leemanleddisplay.com\/product\/vdwall-lvp609-4k-2k-60hz-led-hd-video-processor\/#breadcrumb"},"inLanguage":"hu","potentialAction":[{"@type":"ReadAction","target":["https:\/\/www.leemanleddisplay.com\/product\/vdwall-lvp609-4k-2k-60hz-led-hd-video-processor\/"]}]},{"@type":"ImageObject","inLanguage":"hu","@id":"https:\/\/www.leemanleddisplay.com\/product\/vdwall-lvp609-4k-2k-60hz-led-hd-video-processor\/#primaryimage","url":"https:\/\/www.leemanleddisplay.com\/wp-content\/uploads\/1736\/12vdwall-lvp609-4k-2k-60hz-led-hd-video-processor_0.jpg","contentUrl":"https:\/\/www.leemanleddisplay.com\/wp-content\/uploads\/1736\/12vdwall-lvp609-4k-2k-60hz-led-hd-video-processor_0.jpg","width":2000,"height":1310},{"@type":"BreadcrumbList","@id":"https:\/\/www.leemanleddisplay.com\/product\/vdwall-lvp609-4k-2k-60hz-led-hd-video-processor\/#breadcrumb","itemListElement":[{"@type":"ListItem","position":1,"name":"Home","item":"https:\/\/www.leemanleddisplay.com\/"},{"@type":"ListItem","position":2,"name":"Shop","item":"https:\/\/www.leemanleddisplay.com\/shop\/"},{"@type":"ListItem","position":3,"name":"VDWall LVP609 4K\/2K 60HZ LED HD Video Processor"}]},{"@type":"WebSite","@id":"https:\/\/www.leemanleddisplay.com\/#website","url":"https:\/\/www.leemanleddisplay.com\/","name":"Leemanled","description":"","publisher":{"@id":"https:\/\/www.leemanleddisplay.com\/#organization"},"potentialAction":[{"@type":"SearchAction","target":{"@type":"EntryPoint","urlTemplate":"https:\/\/www.leemanleddisplay.com\/?s={search_term_string}"},"query-input":{"@type":"PropertyValueSpecification","valueRequired":true,"valueName":"search_term_string"}}],"inLanguage":"hu"},{"@type":"Organization","@id":"https:\/\/www.leemanleddisplay.com\/#organization","name":"Leemanled","url":"https:\/\/www.leemanleddisplay.com\/","logo":{"@type":"ImageObject","inLanguage":"hu","@id":"https:\/\/www.leemanleddisplay.com\/#\/schema\/logo\/image\/","url":"https:\/\/www.leemanleddisplay.com\/wp-content\/uploads\/2024\/11\/cropped-0-removebg-preview-1.png","contentUrl":"https:\/\/www.leemanleddisplay.com\/wp-content\/uploads\/2024\/11\/cropped-0-removebg-preview-1.png","width":200,"height":50,"caption":"Leemanled"},"image":{"@id":"https:\/\/www.leemanleddisplay.com\/#\/schema\/logo\/image\/"}}]},"product_price_amount":"1999.00","product_price_currency":"USD","og_availability":"instock","product_availability":"instock","product_retailer_item_id":"6794381623487","product_condition":"new"},"_links":{"self":[{"href":"https:\/\/www.leemanleddisplay.com\/hu\/wp-json\/wp\/v2\/product\/44531","targetHints":{"allow":["GET"]}}],"collection":[{"href":"https:\/\/www.leemanleddisplay.com\/hu\/wp-json\/wp\/v2\/product"}],"about":[{"href":"https:\/\/www.leemanleddisplay.com\/hu\/wp-json\/wp\/v2\/types\/product"}],"replies":[{"embeddable":true,"href":"https:\/\/www.leemanleddisplay.com\/hu\/wp-json\/wp\/v2\/comments?post=44531"}],"wp:featuredmedia":[{"embeddable":true,"href":"https:\/\/www.leemanleddisplay.com\/hu\/wp-json\/wp\/v2\/media\/44524"}],"wp:attachment":[{"href":"https:\/\/www.leemanleddisplay.com\/hu\/wp-json\/wp\/v2\/media?parent=44531"}],"wp:term":[{"taxonomy":"product_cat","embeddable":true,"href":"https:\/\/www.leemanleddisplay.com\/hu\/wp-json\/wp\/v2\/product_cat?post=44531"},{"taxonomy":"product_tag","embeddable":true,"href":"https:\/\/www.leemanleddisplay.com\/hu\/wp-json\/wp\/v2\/product_tag?post=44531"}],"curies":[{"name":"wp","href":"https:\/\/api.w.org\/{rel}","templated":true}]}}