{"id":44706,"date":"2025-01-10T12:36:18","date_gmt":"2025-01-10T12:36:18","guid":{"rendered":"https:\/\/www.leemanleddisplay.com\/product\/novastar-novapro-hd-video-processor-controller\/"},"modified":"2025-07-20T01:56:56","modified_gmt":"2025-07-20T01:56:56","slug":"novastar-novapro-hd-video-processor-controller","status":"publish","type":"product","link":"https:\/\/www.leemanleddisplay.com\/hu\/product\/novastar-novapro-hd-video-processor-controller\/","title":{"rendered":"NOVASTAR NovaPro HD Video Processor Controller"},"content":{"rendered":"<p data-mce-fragment=\"1\"><strong data-mce-fragment=\"1\">Novapro HD All-in-One high definition LED Display Controller Interface Introduction Video<\/strong><\/p>\n<p data-mce-fragment=\"1\"><strong data-mce-fragment=\"1\">NOVASTAR NovaPro HD Video Processor Controller Specification:<\/strong><br data-mce-fragment=\"1\" \/><br data-mce-fragment=\"1\" \/>1) Product type: Video Processor<br data-mce-fragment=\"1\" \/>2) Zooming: Support<br data-mce-fragment=\"1\" \/>3) Connecting: Support<br data-mce-fragment=\"1\" \/>4) Picture in picture: Two video source<br data-mce-fragment=\"1\" \/>5) Special effects when switching video source\uff1asupport<br data-mce-fragment=\"1\" \/>6) GenLock\uff1aSupport<br data-mce-fragment=\"1\" \/>7) User defined EDID: Support<br data-mce-fragment=\"1\" \/>8) Output resolution: 1920\u00d71200,2048\u00d71152,2560\u00d7960(width and height can be specially defined by customers)<br data-mce-fragment=\"1\" \/>9) Video input interface: HDMI,DVI,SDI,DP,VGA,CVBS<br data-mce-fragment=\"1\" \/>10) Output interface: Four internet accesses, four fiber Interfaces, one DVI, one HDMI monitoring interface<\/p>\n<p data-mce-fragment=\"1\">\u00a0<\/p>\n<table data-mce-fragment=\"1\" cellspacing=\"0\" cellpadding=\"0\" border=\"1\">\n<colgroup data-mce-fragment=\"1\">\n<col data-mce-fragment=\"1\" width=\"72\" span=\"3\" \/><\/colgroup>\n<tbody data-mce-fragment=\"1\">\n<tr data-mce-fragment=\"1\">\n<td data-mce-fragment=\"1\" colspan=\"3\">\n<p data-mce-fragment=\"1\"><strong data-mce-fragment=\"1\">Output index<\/strong><\/p>\n<\/td>\n<\/tr>\n<tr data-mce-fragment=\"1\">\n<td data-mce-fragment=\"1\">\n<p data-mce-fragment=\"1\"><strong data-mce-fragment=\"1\">Port<\/strong><\/p>\n<\/td>\n<td data-mce-fragment=\"1\">\n<p data-mce-fragment=\"1\"><strong data-mce-fragment=\"1\">Amount<\/strong><\/p>\n<\/td>\n<td data-mce-fragment=\"1\">\n<p data-mce-fragment=\"1\"><strong data-mce-fragment=\"1\">Resolution specification<\/strong><\/p>\n<\/td>\n<\/tr>\n<tr data-mce-fragment=\"1\">\n<td data-mce-fragment=\"1\">\n<p data-mce-fragment=\"1\">DVI input looping out\uff08DVILOOP\uff09<\/p>\n<\/td>\n<td data-mce-fragment=\"1\">\n<p data-mce-fragment=\"1\">1<\/p>\n<\/td>\n<td data-mce-fragment=\"1\">\n<p data-mce-fragment=\"1\">Consistent with DVI input<\/p>\n<p data-mce-fragment=\"1\">Support HDCP looping out<\/p>\n<\/td>\n<\/tr>\n<tr data-mce-fragment=\"1\">\n<td data-mce-fragment=\"1\">\n<p data-mce-fragment=\"1\">DVI<\/p>\n<\/td>\n<td data-mce-fragment=\"1\">\n<p data-mce-fragment=\"1\">2<\/p>\n<\/td>\n<td data-mce-fragment=\"1\">\n<p data-mce-fragment=\"1\">1280\u00d71024\/60Hz \u00a0 1440\u00d7900\/60Hz<br data-mce-fragment=\"1\" \/>1680\u00d71050\/60Hz \u00a0 1600\u00d71200\/60Hz<br data-mce-fragment=\"1\" \/>1600\u00d71200\/60Hz \u2013 Reduced<br data-mce-fragment=\"1\" \/>1920\u00d71080\/60Hz\/50Hz \u00a0 2560\u00d7816\/60Hz<br data-mce-fragment=\"1\" \/>2048\u00d7640\/60Hz \u00a0 1920\u00d71200\/60Hz<br data-mce-fragment=\"1\" \/>2304\u00d71152\/60Hz \u00a0 2048\u00d71152\/60Hz<br data-mce-fragment=\"1\" \/>1024\u00d71280\/60Hz \u00a0 1536\u00d71536\/60Hz<br data-mce-fragment=\"1\" \/>User-defined output resolution (bandwidth optimization)<br data-mce-fragment=\"1\" \/>Horizontal resolution: maximum 3840 pixels<br data-mce-fragment=\"1\" \/>Vertical resolution: maximum 1920 pixels<\/p>\n<\/td>\n<\/tr>\n<tr data-mce-fragment=\"1\">\n<td data-mce-fragment=\"1\">\n<p data-mce-fragment=\"1\">HDMI<\/p>\n<\/td>\n<td data-mce-fragment=\"1\">\n<p data-mce-fragment=\"1\">1<\/p>\n<\/td>\n<\/tr>\n<tr data-mce-fragment=\"1\">\n<td data-mce-fragment=\"1\">\n<p data-mce-fragment=\"1\">SDI input looping out\u00a0\uff08SDILOOP\uff09<\/p>\n<\/td>\n<td data-mce-fragment=\"1\">\n<p data-mce-fragment=\"1\">1<\/p>\n<\/td>\n<td data-mce-fragment=\"1\">\n<p data-mce-fragment=\"1\">480i, 576i, 720p, 1080i\/p\uff083G SDI\uff09<\/p>\n<\/td>\n<\/tr>\n<\/tbody>\n<\/table>\n<p data-mce-fragment=\"1\">\u00a0<\/p>\n<table data-mce-fragment=\"1\" cellspacing=\"0\" cellpadding=\"0\" border=\"1\">\n<colgroup data-mce-fragment=\"1\">\n<col data-mce-fragment=\"1\" width=\"72\" span=\"2\" \/><\/colgroup>\n<tbody data-mce-fragment=\"1\">\n<tr data-mce-fragment=\"1\">\n<td data-mce-fragment=\"1\" colspan=\"2\">\n<p data-mce-fragment=\"1\"><strong data-mce-fragment=\"1\">Specification of complete machine<\/strong><\/p>\n<\/td>\n<\/tr>\n<tr data-mce-fragment=\"1\">\n<td data-mce-fragment=\"1\">\n<p data-mce-fragment=\"1\">Input power<\/p>\n<\/td>\n<td data-mce-fragment=\"1\">\n<p data-mce-fragment=\"1\">100\uff5e250VAC\uff0c50\/60Hz\uff0c0.65A<\/p>\n<\/td>\n<\/tr>\n<tr data-mce-fragment=\"1\">\n<td data-mce-fragment=\"1\">\n<p data-mce-fragment=\"1\">Overall power consumption<\/p>\n<\/td>\n<td data-mce-fragment=\"1\">\n<p data-mce-fragment=\"1\">30W<\/p>\n<\/td>\n<\/tr>\n<tr data-mce-fragment=\"1\">\n<td data-mce-fragment=\"1\">\n<p data-mce-fragment=\"1\">Operating temperature<\/p>\n<\/td>\n<td data-mce-fragment=\"1\">\n<p data-mce-fragment=\"1\">-20~60\u2103<\/p>\n<\/td>\n<\/tr>\n<tr data-mce-fragment=\"1\">\n<td data-mce-fragment=\"1\">\n<p data-mce-fragment=\"1\">Weight<\/p>\n<\/td>\n<td data-mce-fragment=\"1\">\n<p data-mce-fragment=\"1\">6Kg<\/p>\n<div data-mce-fragment=\"1\"><\/div>\n<\/td>\n<\/tr>\n<\/tbody>\n<\/table>\n<p data-mce-fragment=\"1\"><br data-mce-fragment=\"1\" \/><br data-mce-fragment=\"1\" \/><\/p>\n<p data-mce-fragment=\"1\"><strong data-mce-fragment=\"1\">NOVASTAR NovaPro HD Video Processor Controller Features:<\/strong><\/p>\n<p data-mce-fragment=\"1\">1) NOVASTAR NovaPro HD is a professional LED display processor. Besides the function of display control, it also features in powerful front<br data-mce-fragment=\"1\" \/>end processing, so an external scalar is no longer needed. With professional interfaces integrated, NovaPro HD meets the requirements of<br data-mce-fragment=\"1\" \/>broadcast industry, in image quality and in control.<\/p>\n<p data-mce-fragment=\"1\">2)The inputs of NOVASTAR NovaPro HD include CVBS, VGA, SDI, DVI, HDMI and DP. They support input resolution up to<span data-mce-fragment=\"1\">\u00a0<\/span>1080p@60Hz.<br data-mce-fragment=\"1\" \/>Highest pixel clock is 165MHz. Output bandwidth is up to 4GBit. Advanced de-<br data-mce-fragment=\"1\" \/>interlacing motion adaptive processing technology is adopted so that images are clear and fine. And with HDMI, the gray scale depth<br data-mce-fragment=\"1\" \/>can be up to 12bits.<\/p>\n<p data-mce-fragment=\"1\">3) Each input can be fully configured with contrast, brightness, hue, saturation, and RGB gain. Inputs can be scaled up or down to fit<br data-mce-fragment=\"1\" \/>the LED display resolution.<\/p>\n<p data-mce-fragment=\"1\">4) Computer software for system configuration is not necessary. The system can be configured using one wheel and one button. ]All can be done just by fingers.<\/p>\n<p data-mce-fragment=\"1\">5)That&#8217;s what we called Touch Track! You can also configure the system with browsers. This gives you the option of using a remote PC<br data-mce-fragment=\"1\" \/>(Windows or Mac or Linux), a pad or even a smart phone to do the configuration. Real-time previews assist with system set-up and confirm source status.<\/p>\n<p data-mce-fragment=\"1\">6) NOVASTAR NovaPro HD video processor has DMX512 and GenLock interface. Professional control and synchronization are ready to go.<br data-mce-fragment=\"1\" \/>Optical fiber outputs enable the confidentlong-distance data transmission.<\/p>\n<p data-mce-fragment=\"1\">7) NOVASTAR NovaPro HD video processor is the flagship product of our new generation controllers, powerful in processing,<br data-mce-fragment=\"1\" \/>professional in control, and friendly in userinterface. Having a display to work has never been as easier and more enjoyable as with NovaPro HD.<\/p>\n<p data-mce-fragment=\"1\"><span data-mce-fragment=\"1\"><\/span><\/p>\n<p data-mce-fragment=\"1\"><span data-mce-fragment=\"1\">Download Specification<\/span><\/p>\n<p data-mce-fragment=\"1\"><span style=\"color: #2b00ff;\">NOVASTAR NovaPro HD Video Processor Controller Specification<\/span><\/p>","protected":false},"excerpt":{"rendered":"<p>Novapro HD All-in-One high definition LED Display Controller Interface Introduction Video \u00a0 NOVASTAR NovaPro HD Video Processor Controller Specification:1) Product type: Video Processor2) Zooming: Support3) Connecting: Support4) Picture&#8230;<\/p>","protected":false},"featured_media":44696,"comment_status":"closed","ping_status":"closed","template":"","meta":{"_monsterinsights_skip_tracking":false,"_monsterinsights_sitenote_active":false,"_monsterinsights_sitenote_note":"","_monsterinsights_sitenote_category":0},"product_cat":[138],"product_tag":[140,37],"class_list":{"0":"post-44706","1":"product","2":"type-product","3":"status-publish","4":"has-post-thumbnail","6":"product_cat-novastar","7":"product_tag-1000-00-3000-00","8":"product_tag-novastar","10":"first","11":"instock","12":"sale","13":"shipping-taxable","14":"purchasable","15":"product-type-simple"},"yoast_head":"<!-- This site is optimized with the Yoast SEO Premium plugin v24.1 (Yoast SEO v24.1) - https:\/\/yoast.com\/wordpress\/plugins\/seo\/ -->\n<title>NOVASTAR NovaPro HD Video Processor Controller - LeemanLED<\/title>\n<meta name=\"description\" content=\"NOVASTAR NovaPro HD Video Processor Controller. NovaStar MCRTL4K \/ MCTRLR5 \/ MCTRL1600 \/ MCTRL660 PRO \/ MCTRL660 \/ MCTRL600 \/ MCTRL300 LED BOX\" \/>\n<meta name=\"robots\" content=\"noindex, follow, max-snippet:-1, max-image-preview:large, max-video-preview:-1\" \/>\n<meta property=\"og:locale\" content=\"hu_HU\" \/>\n<meta property=\"og:type\" content=\"article\" \/>\n<meta property=\"og:title\" content=\"NOVASTAR NovaPro HD Video Processor Controller\" \/>\n<meta property=\"og:description\" content=\"NOVASTAR NovaPro HD Video Processor Controller. NovaStar MCRTL4K \/ MCTRLR5 \/ MCTRL1600 \/ MCTRL660 PRO \/ MCTRL660 \/ MCTRL600 \/ MCTRL300 LED BOX\" \/>\n<meta property=\"og:url\" content=\"https:\/\/www.leemanleddisplay.com\/hu\/product\/novastar-novapro-hd-video-processor-controller\/\" \/>\n<meta property=\"og:site_name\" content=\"Leemanled\" \/>\n<meta property=\"article:modified_time\" content=\"2025-07-20T01:56:56+00:00\" \/>\n<meta property=\"og:image\" content=\"https:\/\/www.leemanleddisplay.com\/wp-content\/uploads\/1736\/12novastar-novapro-hd-video-processor-controller_0.jpg\" \/>\n\t<meta property=\"og:image:width\" content=\"1000\" \/>\n\t<meta property=\"og:image:height\" content=\"655\" \/>\n\t<meta property=\"og:image:type\" content=\"image\/jpeg\" \/>\n<meta name=\"twitter:card\" content=\"summary_large_image\" \/>\n<meta name=\"twitter:label1\" content=\"\u00c1r\" \/>\n\t<meta name=\"twitter:data1\" content=\"&#036;1,450.00\" \/>\n\t<meta name=\"twitter:label2\" content=\"El\u00e9rhet\u0151s\u00e9g\" \/>\n\t<meta name=\"twitter:data2\" content=\"K\u00e9szleten\" \/>\n<script type=\"application\/ld+json\" class=\"yoast-schema-graph\">{\"@context\":\"https:\/\/schema.org\",\"@graph\":[{\"@type\":\"WebPage\",\"@id\":\"https:\/\/www.leemanleddisplay.com\/product\/novastar-novapro-hd-video-processor-controller\/\",\"url\":\"https:\/\/www.leemanleddisplay.com\/product\/novastar-novapro-hd-video-processor-controller\/\",\"name\":\"NOVASTAR NovaPro HD Video Processor Controller - LeemanLED\",\"isPartOf\":{\"@id\":\"https:\/\/www.leemanleddisplay.com\/#website\"},\"primaryImageOfPage\":{\"@id\":\"https:\/\/www.leemanleddisplay.com\/product\/novastar-novapro-hd-video-processor-controller\/#primaryimage\"},\"image\":{\"@id\":\"https:\/\/www.leemanleddisplay.com\/product\/novastar-novapro-hd-video-processor-controller\/#primaryimage\"},\"thumbnailUrl\":\"https:\/\/www.leemanleddisplay.com\/wp-content\/uploads\/1736\/12novastar-novapro-hd-video-processor-controller_0.jpg\",\"datePublished\":\"2025-01-10T12:36:18+00:00\",\"dateModified\":\"2025-07-20T01:56:56+00:00\",\"description\":\"NOVASTAR NovaPro HD Video Processor Controller. NovaStar MCRTL4K \/ MCTRLR5 \/ MCTRL1600 \/ MCTRL660 PRO \/ MCTRL660 \/ MCTRL600 \/ MCTRL300 LED BOX\",\"breadcrumb\":{\"@id\":\"https:\/\/www.leemanleddisplay.com\/product\/novastar-novapro-hd-video-processor-controller\/#breadcrumb\"},\"inLanguage\":\"hu\",\"potentialAction\":[{\"@type\":\"ReadAction\",\"target\":[\"https:\/\/www.leemanleddisplay.com\/product\/novastar-novapro-hd-video-processor-controller\/\"]}]},{\"@type\":\"ImageObject\",\"inLanguage\":\"hu\",\"@id\":\"https:\/\/www.leemanleddisplay.com\/product\/novastar-novapro-hd-video-processor-controller\/#primaryimage\",\"url\":\"https:\/\/www.leemanleddisplay.com\/wp-content\/uploads\/1736\/12novastar-novapro-hd-video-processor-controller_0.jpg\",\"contentUrl\":\"https:\/\/www.leemanleddisplay.com\/wp-content\/uploads\/1736\/12novastar-novapro-hd-video-processor-controller_0.jpg\",\"width\":1000,\"height\":655},{\"@type\":\"BreadcrumbList\",\"@id\":\"https:\/\/www.leemanleddisplay.com\/product\/novastar-novapro-hd-video-processor-controller\/#breadcrumb\",\"itemListElement\":[{\"@type\":\"ListItem\",\"position\":1,\"name\":\"Home\",\"item\":\"https:\/\/www.leemanleddisplay.com\/\"},{\"@type\":\"ListItem\",\"position\":2,\"name\":\"Shop\",\"item\":\"https:\/\/www.leemanleddisplay.com\/shop\/\"},{\"@type\":\"ListItem\",\"position\":3,\"name\":\"NOVASTAR NovaPro HD Video Processor Controller\"}]},{\"@type\":\"WebSite\",\"@id\":\"https:\/\/www.leemanleddisplay.com\/#website\",\"url\":\"https:\/\/www.leemanleddisplay.com\/\",\"name\":\"Leemanled\",\"description\":\"\",\"publisher\":{\"@id\":\"https:\/\/www.leemanleddisplay.com\/#organization\"},\"potentialAction\":[{\"@type\":\"SearchAction\",\"target\":{\"@type\":\"EntryPoint\",\"urlTemplate\":\"https:\/\/www.leemanleddisplay.com\/?s={search_term_string}\"},\"query-input\":{\"@type\":\"PropertyValueSpecification\",\"valueRequired\":true,\"valueName\":\"search_term_string\"}}],\"inLanguage\":\"hu\"},{\"@type\":\"Organization\",\"@id\":\"https:\/\/www.leemanleddisplay.com\/#organization\",\"name\":\"Leemanled\",\"url\":\"https:\/\/www.leemanleddisplay.com\/\",\"logo\":{\"@type\":\"ImageObject\",\"inLanguage\":\"hu\",\"@id\":\"https:\/\/www.leemanleddisplay.com\/#\/schema\/logo\/image\/\",\"url\":\"https:\/\/www.leemanleddisplay.com\/wp-content\/uploads\/2024\/11\/cropped-0-removebg-preview-1.png\",\"contentUrl\":\"https:\/\/www.leemanleddisplay.com\/wp-content\/uploads\/2024\/11\/cropped-0-removebg-preview-1.png\",\"width\":200,\"height\":50,\"caption\":\"Leemanled\"},\"image\":{\"@id\":\"https:\/\/www.leemanleddisplay.com\/#\/schema\/logo\/image\/\"}}]}<\/script>\n<meta property=\"product:price:amount\" content=\"1450.00\" \/>\n<meta property=\"product:price:currency\" content=\"USD\" \/>\n<meta property=\"og:availability\" content=\"instock\" \/>\n<meta property=\"product:availability\" content=\"instock\" \/>\n<meta property=\"product:retailer_item_id\" content=\"6790802997439\" \/>\n<meta property=\"product:condition\" content=\"new\" \/>\n<!-- \/ Yoast SEO Premium plugin. -->","yoast_head_json":{"title":"NOVASTAR NovaPro HD Video Processor Controller - LeemanLED","description":"NOVASTAR NovaPro HD Video Processor Controller. NovaStar MCRTL4K \/ MCTRLR5 \/ MCTRL1600 \/ MCTRL660 PRO \/ MCTRL660 \/ MCTRL600 \/ MCTRL300 LED BOX","robots":{"index":"noindex","follow":"follow","max-snippet":"max-snippet:-1","max-image-preview":"max-image-preview:large","max-video-preview":"max-video-preview:-1"},"og_locale":"hu_HU","og_type":"article","og_title":"NOVASTAR NovaPro HD Video Processor Controller","og_description":"NOVASTAR NovaPro HD Video Processor Controller. NovaStar MCRTL4K \/ MCTRLR5 \/ MCTRL1600 \/ MCTRL660 PRO \/ MCTRL660 \/ MCTRL600 \/ MCTRL300 LED BOX","og_url":"https:\/\/www.leemanleddisplay.com\/hu\/product\/novastar-novapro-hd-video-processor-controller\/","og_site_name":"Leemanled","article_modified_time":"2025-07-20T01:56:56+00:00","og_image":[{"width":1000,"height":655,"url":"https:\/\/www.leemanleddisplay.com\/wp-content\/uploads\/1736\/12novastar-novapro-hd-video-processor-controller_0.jpg","type":"image\/jpeg"}],"twitter_card":"summary_large_image","twitter_misc":{"\u00c1r":"&#36;1,450.00","El\u00e9rhet\u0151s\u00e9g":"K\u00e9szleten"},"schema":{"@context":"https:\/\/schema.org","@graph":[{"@type":"WebPage","@id":"https:\/\/www.leemanleddisplay.com\/product\/novastar-novapro-hd-video-processor-controller\/","url":"https:\/\/www.leemanleddisplay.com\/product\/novastar-novapro-hd-video-processor-controller\/","name":"NOVASTAR NovaPro HD Video Processor Controller - LeemanLED","isPartOf":{"@id":"https:\/\/www.leemanleddisplay.com\/#website"},"primaryImageOfPage":{"@id":"https:\/\/www.leemanleddisplay.com\/product\/novastar-novapro-hd-video-processor-controller\/#primaryimage"},"image":{"@id":"https:\/\/www.leemanleddisplay.com\/product\/novastar-novapro-hd-video-processor-controller\/#primaryimage"},"thumbnailUrl":"https:\/\/www.leemanleddisplay.com\/wp-content\/uploads\/1736\/12novastar-novapro-hd-video-processor-controller_0.jpg","datePublished":"2025-01-10T12:36:18+00:00","dateModified":"2025-07-20T01:56:56+00:00","description":"NOVASTAR NovaPro HD Video Processor Controller. NovaStar MCRTL4K \/ MCTRLR5 \/ MCTRL1600 \/ MCTRL660 PRO \/ MCTRL660 \/ MCTRL600 \/ MCTRL300 LED BOX","breadcrumb":{"@id":"https:\/\/www.leemanleddisplay.com\/product\/novastar-novapro-hd-video-processor-controller\/#breadcrumb"},"inLanguage":"hu","potentialAction":[{"@type":"ReadAction","target":["https:\/\/www.leemanleddisplay.com\/product\/novastar-novapro-hd-video-processor-controller\/"]}]},{"@type":"ImageObject","inLanguage":"hu","@id":"https:\/\/www.leemanleddisplay.com\/product\/novastar-novapro-hd-video-processor-controller\/#primaryimage","url":"https:\/\/www.leemanleddisplay.com\/wp-content\/uploads\/1736\/12novastar-novapro-hd-video-processor-controller_0.jpg","contentUrl":"https:\/\/www.leemanleddisplay.com\/wp-content\/uploads\/1736\/12novastar-novapro-hd-video-processor-controller_0.jpg","width":1000,"height":655},{"@type":"BreadcrumbList","@id":"https:\/\/www.leemanleddisplay.com\/product\/novastar-novapro-hd-video-processor-controller\/#breadcrumb","itemListElement":[{"@type":"ListItem","position":1,"name":"Home","item":"https:\/\/www.leemanleddisplay.com\/"},{"@type":"ListItem","position":2,"name":"Shop","item":"https:\/\/www.leemanleddisplay.com\/shop\/"},{"@type":"ListItem","position":3,"name":"NOVASTAR NovaPro HD Video Processor Controller"}]},{"@type":"WebSite","@id":"https:\/\/www.leemanleddisplay.com\/#website","url":"https:\/\/www.leemanleddisplay.com\/","name":"Leemanled","description":"","publisher":{"@id":"https:\/\/www.leemanleddisplay.com\/#organization"},"potentialAction":[{"@type":"SearchAction","target":{"@type":"EntryPoint","urlTemplate":"https:\/\/www.leemanleddisplay.com\/?s={search_term_string}"},"query-input":{"@type":"PropertyValueSpecification","valueRequired":true,"valueName":"search_term_string"}}],"inLanguage":"hu"},{"@type":"Organization","@id":"https:\/\/www.leemanleddisplay.com\/#organization","name":"Leemanled","url":"https:\/\/www.leemanleddisplay.com\/","logo":{"@type":"ImageObject","inLanguage":"hu","@id":"https:\/\/www.leemanleddisplay.com\/#\/schema\/logo\/image\/","url":"https:\/\/www.leemanleddisplay.com\/wp-content\/uploads\/2024\/11\/cropped-0-removebg-preview-1.png","contentUrl":"https:\/\/www.leemanleddisplay.com\/wp-content\/uploads\/2024\/11\/cropped-0-removebg-preview-1.png","width":200,"height":50,"caption":"Leemanled"},"image":{"@id":"https:\/\/www.leemanleddisplay.com\/#\/schema\/logo\/image\/"}}]},"product_price_amount":"1450.00","product_price_currency":"USD","og_availability":"instock","product_availability":"instock","product_retailer_item_id":"6790802997439","product_condition":"new"},"_links":{"self":[{"href":"https:\/\/www.leemanleddisplay.com\/hu\/wp-json\/wp\/v2\/product\/44706","targetHints":{"allow":["GET"]}}],"collection":[{"href":"https:\/\/www.leemanleddisplay.com\/hu\/wp-json\/wp\/v2\/product"}],"about":[{"href":"https:\/\/www.leemanleddisplay.com\/hu\/wp-json\/wp\/v2\/types\/product"}],"replies":[{"embeddable":true,"href":"https:\/\/www.leemanleddisplay.com\/hu\/wp-json\/wp\/v2\/comments?post=44706"}],"wp:featuredmedia":[{"embeddable":true,"href":"https:\/\/www.leemanleddisplay.com\/hu\/wp-json\/wp\/v2\/media\/44696"}],"wp:attachment":[{"href":"https:\/\/www.leemanleddisplay.com\/hu\/wp-json\/wp\/v2\/media?parent=44706"}],"wp:term":[{"taxonomy":"product_cat","embeddable":true,"href":"https:\/\/www.leemanleddisplay.com\/hu\/wp-json\/wp\/v2\/product_cat?post=44706"},{"taxonomy":"product_tag","embeddable":true,"href":"https:\/\/www.leemanleddisplay.com\/hu\/wp-json\/wp\/v2\/product_tag?post=44706"}],"curies":[{"name":"wp","href":"https:\/\/api.w.org\/{rel}","templated":true}]}}