{"id":44871,"date":"2025-01-10T12:42:44","date_gmt":"2025-01-10T12:42:44","guid":{"rendered":"https:\/\/www.leemanleddisplay.com\/product\/novastar-outdoor-ns060-30a-waterproof-light-sensor\/"},"modified":"2025-01-13T07:52:22","modified_gmt":"2025-01-13T07:52:22","slug":"novastar-outdoor-ns060-30a-waterproof-light-sensor","status":"publish","type":"product","link":"https:\/\/www.leemanleddisplay.com\/hu\/product\/novastar-outdoor-ns060-30a-waterproof-light-sensor\/","title":{"rendered":"Novastar Outdoor NS060-30A Waterproof Light Sensor"},"content":{"rendered":"<h1 data-mce-fragment=\"1\">Novastar Outdoor NS060-30A Waterproof Light Sensor<\/h1>\n<p data-mce-fragment=\"1\">Novastar new\u00a0<strong data-mce-fragment=\"1\">upgrade outdoor waterproof light sensor.<\/strong>\u00a0Work with Novastar\u00a0<strong data-mce-fragment=\"1\">MFN300<\/strong>\u00a0and\u00a0<strong data-mce-fragment=\"1\">MFN300-B<\/strong>\u00a0Multi-function Card, enable\u00a0<strong data-mce-fragment=\"1\">LED Display screen<\/strong>\u00a0or\u00a0<strong data-mce-fragment=\"1\">LED Sign\u00a0auto brightness adjustment<\/strong>\u00a0accord to ambient luminance. It also\u00a0<strong data-mce-fragment=\"1\">reduce energy consumption<\/strong>\u00a0and\u00a0<strong data-mce-fragment=\"1\">light pollution<\/strong>.<\/p>","protected":false},"excerpt":{"rendered":"<p>Novastar Outdoor NS060-30A Waterproof Light Sensor Novastar new\u00a0upgrade outdoor waterproof light sensor.\u00a0Work with Novastar\u00a0MFN300\u00a0and\u00a0MFN300-B\u00a0Multi-function Card, enable\u00a0LED Display screen\u00a0or\u00a0LED Sign\u00a0auto brightness adjustment\u00a0accord to ambient luminance. It also\u00a0reduce energy consumption\u00a0and\u00a0light&#8230;<\/p>","protected":false},"featured_media":44867,"comment_status":"closed","ping_status":"closed","template":"","meta":{"_monsterinsights_skip_tracking":false,"_monsterinsights_sitenote_active":false,"_monsterinsights_sitenote_note":"","_monsterinsights_sitenote_category":0},"product_cat":[138],"product_tag":[148,37],"class_list":{"0":"post-44871","1":"product","2":"type-product","3":"status-publish","4":"has-post-thumbnail","6":"product_cat-novastar","7":"product_tag-100-00-300-00","8":"product_tag-novastar","10":"first","11":"instock","12":"sale","13":"shipping-taxable","14":"purchasable","15":"product-type-simple"},"yoast_head":"<!-- This site is optimized with the Yoast SEO Premium plugin v24.1 (Yoast SEO v24.1) - https:\/\/yoast.com\/wordpress\/plugins\/seo\/ -->\n<title>Novastar Outdoor NS060-30A Waterproof Light Sensor<\/title>\n<meta name=\"description\" content=\"Novastar Outdoor NS060-30A Waterproof Light Sensor. Multifunction Card MFN300 \/ MFB300-B \/ Monitoring Card MON300 \/ Fiber Converter CVT310 \/ CVT320\" \/>\n<meta name=\"robots\" content=\"noindex, follow, max-snippet:-1, max-image-preview:large, max-video-preview:-1\" \/>\n<meta property=\"og:locale\" content=\"hu_HU\" \/>\n<meta property=\"og:type\" content=\"article\" \/>\n<meta property=\"og:title\" content=\"Novastar Outdoor NS060-30A Waterproof Light Sensor\" \/>\n<meta property=\"og:description\" content=\"Novastar Outdoor NS060-30A Waterproof Light Sensor. Multifunction Card MFN300 \/ MFB300-B \/ Monitoring Card MON300 \/ Fiber Converter CVT310 \/ CVT320\" \/>\n<meta property=\"og:url\" content=\"https:\/\/www.leemanleddisplay.com\/hu\/product\/novastar-outdoor-ns060-30a-waterproof-light-sensor\/\" \/>\n<meta property=\"og:site_name\" content=\"Leemanled\" \/>\n<meta property=\"article:modified_time\" content=\"2025-01-13T07:52:22+00:00\" \/>\n<meta property=\"og:image\" content=\"https:\/\/www.leemanleddisplay.com\/wp-content\/uploads\/1736\/12novastar-outdoor-ns060-30a-waterproof-light-sensor_0.jpg\" \/>\n\t<meta property=\"og:image:width\" content=\"2000\" \/>\n\t<meta property=\"og:image:height\" content=\"1310\" \/>\n\t<meta property=\"og:image:type\" content=\"image\/jpeg\" \/>\n<meta name=\"twitter:card\" content=\"summary_large_image\" \/>\n<meta name=\"twitter:label1\" content=\"\u00c1r\" \/>\n\t<meta name=\"twitter:data1\" content=\"&#036;80.00\" \/>\n\t<meta name=\"twitter:label2\" content=\"El\u00e9rhet\u0151s\u00e9g\" \/>\n\t<meta name=\"twitter:data2\" content=\"K\u00e9szleten\" \/>\n<script type=\"application\/ld+json\" class=\"yoast-schema-graph\">{\"@context\":\"https:\/\/schema.org\",\"@graph\":[{\"@type\":\"WebPage\",\"@id\":\"https:\/\/www.leemanleddisplay.com\/product\/novastar-outdoor-ns060-30a-waterproof-light-sensor\/\",\"url\":\"https:\/\/www.leemanleddisplay.com\/product\/novastar-outdoor-ns060-30a-waterproof-light-sensor\/\",\"name\":\"Novastar Outdoor NS060-30A Waterproof Light Sensor\",\"isPartOf\":{\"@id\":\"https:\/\/www.leemanleddisplay.com\/#website\"},\"primaryImageOfPage\":{\"@id\":\"https:\/\/www.leemanleddisplay.com\/product\/novastar-outdoor-ns060-30a-waterproof-light-sensor\/#primaryimage\"},\"image\":{\"@id\":\"https:\/\/www.leemanleddisplay.com\/product\/novastar-outdoor-ns060-30a-waterproof-light-sensor\/#primaryimage\"},\"thumbnailUrl\":\"https:\/\/www.leemanleddisplay.com\/wp-content\/uploads\/1736\/12novastar-outdoor-ns060-30a-waterproof-light-sensor_0.jpg\",\"datePublished\":\"2025-01-10T12:42:44+00:00\",\"dateModified\":\"2025-01-13T07:52:22+00:00\",\"description\":\"Novastar Outdoor NS060-30A Waterproof Light Sensor. Multifunction Card MFN300 \/ MFB300-B \/ Monitoring Card MON300 \/ Fiber Converter CVT310 \/ CVT320\",\"breadcrumb\":{\"@id\":\"https:\/\/www.leemanleddisplay.com\/product\/novastar-outdoor-ns060-30a-waterproof-light-sensor\/#breadcrumb\"},\"inLanguage\":\"hu\",\"potentialAction\":[{\"@type\":\"ReadAction\",\"target\":[\"https:\/\/www.leemanleddisplay.com\/product\/novastar-outdoor-ns060-30a-waterproof-light-sensor\/\"]}]},{\"@type\":\"ImageObject\",\"inLanguage\":\"hu\",\"@id\":\"https:\/\/www.leemanleddisplay.com\/product\/novastar-outdoor-ns060-30a-waterproof-light-sensor\/#primaryimage\",\"url\":\"https:\/\/www.leemanleddisplay.com\/wp-content\/uploads\/1736\/12novastar-outdoor-ns060-30a-waterproof-light-sensor_0.jpg\",\"contentUrl\":\"https:\/\/www.leemanleddisplay.com\/wp-content\/uploads\/1736\/12novastar-outdoor-ns060-30a-waterproof-light-sensor_0.jpg\",\"width\":2000,\"height\":1310},{\"@type\":\"BreadcrumbList\",\"@id\":\"https:\/\/www.leemanleddisplay.com\/product\/novastar-outdoor-ns060-30a-waterproof-light-sensor\/#breadcrumb\",\"itemListElement\":[{\"@type\":\"ListItem\",\"position\":1,\"name\":\"Home\",\"item\":\"https:\/\/www.leemanleddisplay.com\/\"},{\"@type\":\"ListItem\",\"position\":2,\"name\":\"Shop\",\"item\":\"https:\/\/www.leemanleddisplay.com\/shop\/\"},{\"@type\":\"ListItem\",\"position\":3,\"name\":\"Novastar Outdoor NS060-30A Waterproof Light Sensor\"}]},{\"@type\":\"WebSite\",\"@id\":\"https:\/\/www.leemanleddisplay.com\/#website\",\"url\":\"https:\/\/www.leemanleddisplay.com\/\",\"name\":\"Leemanled\",\"description\":\"\",\"publisher\":{\"@id\":\"https:\/\/www.leemanleddisplay.com\/#organization\"},\"potentialAction\":[{\"@type\":\"SearchAction\",\"target\":{\"@type\":\"EntryPoint\",\"urlTemplate\":\"https:\/\/www.leemanleddisplay.com\/?s={search_term_string}\"},\"query-input\":{\"@type\":\"PropertyValueSpecification\",\"valueRequired\":true,\"valueName\":\"search_term_string\"}}],\"inLanguage\":\"hu\"},{\"@type\":\"Organization\",\"@id\":\"https:\/\/www.leemanleddisplay.com\/#organization\",\"name\":\"Leemanled\",\"url\":\"https:\/\/www.leemanleddisplay.com\/\",\"logo\":{\"@type\":\"ImageObject\",\"inLanguage\":\"hu\",\"@id\":\"https:\/\/www.leemanleddisplay.com\/#\/schema\/logo\/image\/\",\"url\":\"https:\/\/www.leemanleddisplay.com\/wp-content\/uploads\/2024\/11\/cropped-0-removebg-preview-1.png\",\"contentUrl\":\"https:\/\/www.leemanleddisplay.com\/wp-content\/uploads\/2024\/11\/cropped-0-removebg-preview-1.png\",\"width\":200,\"height\":50,\"caption\":\"Leemanled\"},\"image\":{\"@id\":\"https:\/\/www.leemanleddisplay.com\/#\/schema\/logo\/image\/\"}}]}<\/script>\n<meta property=\"product:price:amount\" content=\"80.00\" \/>\n<meta property=\"product:price:currency\" content=\"USD\" \/>\n<meta property=\"og:availability\" content=\"instock\" \/>\n<meta property=\"product:availability\" content=\"instock\" \/>\n<meta property=\"product:retailer_item_id\" content=\"6784694747327\" \/>\n<meta property=\"product:condition\" content=\"new\" \/>\n<!-- \/ Yoast SEO Premium plugin. -->","yoast_head_json":{"title":"Novastar Outdoor NS060-30A Waterproof Light Sensor","description":"Novastar Outdoor NS060-30A Waterproof Light Sensor. Multifunction Card MFN300 \/ MFB300-B \/ Monitoring Card MON300 \/ Fiber Converter CVT310 \/ CVT320","robots":{"index":"noindex","follow":"follow","max-snippet":"max-snippet:-1","max-image-preview":"max-image-preview:large","max-video-preview":"max-video-preview:-1"},"og_locale":"hu_HU","og_type":"article","og_title":"Novastar Outdoor NS060-30A Waterproof Light Sensor","og_description":"Novastar Outdoor NS060-30A Waterproof Light Sensor. Multifunction Card MFN300 \/ MFB300-B \/ Monitoring Card MON300 \/ Fiber Converter CVT310 \/ CVT320","og_url":"https:\/\/www.leemanleddisplay.com\/hu\/product\/novastar-outdoor-ns060-30a-waterproof-light-sensor\/","og_site_name":"Leemanled","article_modified_time":"2025-01-13T07:52:22+00:00","og_image":[{"width":2000,"height":1310,"url":"https:\/\/www.leemanleddisplay.com\/wp-content\/uploads\/1736\/12novastar-outdoor-ns060-30a-waterproof-light-sensor_0.jpg","type":"image\/jpeg"}],"twitter_card":"summary_large_image","twitter_misc":{"\u00c1r":"&#36;80.00","El\u00e9rhet\u0151s\u00e9g":"K\u00e9szleten"},"schema":{"@context":"https:\/\/schema.org","@graph":[{"@type":"WebPage","@id":"https:\/\/www.leemanleddisplay.com\/product\/novastar-outdoor-ns060-30a-waterproof-light-sensor\/","url":"https:\/\/www.leemanleddisplay.com\/product\/novastar-outdoor-ns060-30a-waterproof-light-sensor\/","name":"Novastar Outdoor NS060-30A Waterproof Light Sensor","isPartOf":{"@id":"https:\/\/www.leemanleddisplay.com\/#website"},"primaryImageOfPage":{"@id":"https:\/\/www.leemanleddisplay.com\/product\/novastar-outdoor-ns060-30a-waterproof-light-sensor\/#primaryimage"},"image":{"@id":"https:\/\/www.leemanleddisplay.com\/product\/novastar-outdoor-ns060-30a-waterproof-light-sensor\/#primaryimage"},"thumbnailUrl":"https:\/\/www.leemanleddisplay.com\/wp-content\/uploads\/1736\/12novastar-outdoor-ns060-30a-waterproof-light-sensor_0.jpg","datePublished":"2025-01-10T12:42:44+00:00","dateModified":"2025-01-13T07:52:22+00:00","description":"Novastar Outdoor NS060-30A Waterproof Light Sensor. Multifunction Card MFN300 \/ MFB300-B \/ Monitoring Card MON300 \/ Fiber Converter CVT310 \/ CVT320","breadcrumb":{"@id":"https:\/\/www.leemanleddisplay.com\/product\/novastar-outdoor-ns060-30a-waterproof-light-sensor\/#breadcrumb"},"inLanguage":"hu","potentialAction":[{"@type":"ReadAction","target":["https:\/\/www.leemanleddisplay.com\/product\/novastar-outdoor-ns060-30a-waterproof-light-sensor\/"]}]},{"@type":"ImageObject","inLanguage":"hu","@id":"https:\/\/www.leemanleddisplay.com\/product\/novastar-outdoor-ns060-30a-waterproof-light-sensor\/#primaryimage","url":"https:\/\/www.leemanleddisplay.com\/wp-content\/uploads\/1736\/12novastar-outdoor-ns060-30a-waterproof-light-sensor_0.jpg","contentUrl":"https:\/\/www.leemanleddisplay.com\/wp-content\/uploads\/1736\/12novastar-outdoor-ns060-30a-waterproof-light-sensor_0.jpg","width":2000,"height":1310},{"@type":"BreadcrumbList","@id":"https:\/\/www.leemanleddisplay.com\/product\/novastar-outdoor-ns060-30a-waterproof-light-sensor\/#breadcrumb","itemListElement":[{"@type":"ListItem","position":1,"name":"Home","item":"https:\/\/www.leemanleddisplay.com\/"},{"@type":"ListItem","position":2,"name":"Shop","item":"https:\/\/www.leemanleddisplay.com\/shop\/"},{"@type":"ListItem","position":3,"name":"Novastar Outdoor NS060-30A Waterproof Light Sensor"}]},{"@type":"WebSite","@id":"https:\/\/www.leemanleddisplay.com\/#website","url":"https:\/\/www.leemanleddisplay.com\/","name":"Leemanled","description":"","publisher":{"@id":"https:\/\/www.leemanleddisplay.com\/#organization"},"potentialAction":[{"@type":"SearchAction","target":{"@type":"EntryPoint","urlTemplate":"https:\/\/www.leemanleddisplay.com\/?s={search_term_string}"},"query-input":{"@type":"PropertyValueSpecification","valueRequired":true,"valueName":"search_term_string"}}],"inLanguage":"hu"},{"@type":"Organization","@id":"https:\/\/www.leemanleddisplay.com\/#organization","name":"Leemanled","url":"https:\/\/www.leemanleddisplay.com\/","logo":{"@type":"ImageObject","inLanguage":"hu","@id":"https:\/\/www.leemanleddisplay.com\/#\/schema\/logo\/image\/","url":"https:\/\/www.leemanleddisplay.com\/wp-content\/uploads\/2024\/11\/cropped-0-removebg-preview-1.png","contentUrl":"https:\/\/www.leemanleddisplay.com\/wp-content\/uploads\/2024\/11\/cropped-0-removebg-preview-1.png","width":200,"height":50,"caption":"Leemanled"},"image":{"@id":"https:\/\/www.leemanleddisplay.com\/#\/schema\/logo\/image\/"}}]},"product_price_amount":"80.00","product_price_currency":"USD","og_availability":"instock","product_availability":"instock","product_retailer_item_id":"6784694747327","product_condition":"new"},"_links":{"self":[{"href":"https:\/\/www.leemanleddisplay.com\/hu\/wp-json\/wp\/v2\/product\/44871","targetHints":{"allow":["GET"]}}],"collection":[{"href":"https:\/\/www.leemanleddisplay.com\/hu\/wp-json\/wp\/v2\/product"}],"about":[{"href":"https:\/\/www.leemanleddisplay.com\/hu\/wp-json\/wp\/v2\/types\/product"}],"replies":[{"embeddable":true,"href":"https:\/\/www.leemanleddisplay.com\/hu\/wp-json\/wp\/v2\/comments?post=44871"}],"wp:featuredmedia":[{"embeddable":true,"href":"https:\/\/www.leemanleddisplay.com\/hu\/wp-json\/wp\/v2\/media\/44867"}],"wp:attachment":[{"href":"https:\/\/www.leemanleddisplay.com\/hu\/wp-json\/wp\/v2\/media?parent=44871"}],"wp:term":[{"taxonomy":"product_cat","embeddable":true,"href":"https:\/\/www.leemanleddisplay.com\/hu\/wp-json\/wp\/v2\/product_cat?post=44871"},{"taxonomy":"product_tag","embeddable":true,"href":"https:\/\/www.leemanleddisplay.com\/hu\/wp-json\/wp\/v2\/product_tag?post=44871"}],"curies":[{"name":"wp","href":"https:\/\/api.w.org\/{rel}","templated":true}]}}