{"id":43898,"date":"2025-01-10T11:59:13","date_gmt":"2025-01-10T11:59:13","guid":{"rendered":"https:\/\/www.leemanleddisplay.com\/product\/colorlight-x4e-professional-led-video-display-controller-box\/"},"modified":"2025-01-13T12:51:10","modified_gmt":"2025-01-13T12:51:10","slug":"colorlight-x4e-professional-led-video-display-controller-box","status":"publish","type":"product","link":"https:\/\/www.leemanleddisplay.com\/it\/product\/colorlight-x4e-professional-led-video-display-controller-box\/","title":{"rendered":"Colorlight X4e Professional LED Video Display Controller Box"},"content":{"rendered":"<p data-mce-fragment=\"1\">X4e controller is a professional control system and video processing equipment specially designed for LED engineering applications. It equips various video signal interfaces, supports high-definition digital ports (SDI, HDMI, DVI, DP), and seamless switching between signals can be achieved; it supports broadcast quality scaling and multi-pictures display.<\/p>\n<p><br data-mce-fragment=\"1\" \/><br data-mce-fragment=\"1\" \/><\/p>\n<p data-mce-fragment=\"1\"><span data-mce-fragment=\"1\"><\/span><\/p>\n<table border=\"1\" cellpadding=\"0\" cellspacing=\"0\" data-mce-fragment=\"1\">\n<colgroup data-mce-fragment=\"1\">\n<col span=\"2\" width=\"320\" data-mce-fragment=\"1\" \/><\/colgroup>\n<tbody data-mce-fragment=\"1\">\n<tr data-mce-fragment=\"1\">\n<td colspan=\"2\" data-mce-fragment=\"1\"><strong data-mce-fragment=\"1\">Interfaces<\/strong><\/td>\n<\/tr>\n<tr data-mce-fragment=\"1\">\n<td data-mce-fragment=\"1\">SDI\u00a0<\/td>\n<td data-mce-fragment=\"1\">2 SDI inputs, 1080P<\/td>\n<\/tr>\n<tr data-mce-fragment=\"1\">\n<td data-mce-fragment=\"1\">DP<\/td>\n<td data-mce-fragment=\"1\">DP input, VESA Standard, support input resolution up to 1920*1200@60Hz<\/td>\n<\/tr>\n<tr data-mce-fragment=\"1\">\n<td data-mce-fragment=\"1\">HDMI<\/td>\n<td data-mce-fragment=\"1\">HDMI input (with loop), EIA\/CEA-861 Standard, support 1920*1200@60Hz, support HDCP<\/td>\n<\/tr>\n<tr data-mce-fragment=\"1\">\n<td data-mce-fragment=\"1\">DVI<\/td>\n<td data-mce-fragment=\"1\">DVI input (with loop), VESA Standard (support 1920*1200@60Hz), support HDCP<\/td>\n<\/tr>\n<tr data-mce-fragment=\"1\">\n<td colspan=\"2\" data-mce-fragment=\"1\"><strong data-mce-fragment=\"1\">Output Interface<\/strong><\/td>\n<\/tr>\n<tr data-mce-fragment=\"1\">\n<td data-mce-fragment=\"1\">Port1-4<\/td>\n<td data-mce-fragment=\"1\">RJ45\uff0c4 Gigabit Ethernet outputs<\/td>\n<\/tr>\n<tr data-mce-fragment=\"1\">\n<td colspan=\"2\" data-mce-fragment=\"1\"><strong data-mce-fragment=\"1\">Controlling Interface<\/strong><\/td>\n<\/tr>\n<tr data-mce-fragment=\"1\">\n<td data-mce-fragment=\"1\">USB OUT<\/td>\n<td data-mce-fragment=\"1\">USB output, cascading with next controller<\/td>\n<\/tr>\n<tr data-mce-fragment=\"1\">\n<td data-mce-fragment=\"1\">USB_IN<\/td>\n<td data-mce-fragment=\"1\">USB input, which connects with PC to configure parameters<\/td>\n<\/tr>\n<tr data-mce-fragment=\"1\">\n<td data-mce-fragment=\"1\">Genlock<\/td>\n<td data-mce-fragment=\"1\">Genlock signal input ensures synchronism of display image<\/td>\n<\/tr>\n<tr data-mce-fragment=\"1\">\n<td data-mce-fragment=\"1\">Genlock Loop<\/td>\n<td data-mce-fragment=\"1\">Genlock synchronous signal loop output<\/td>\n<\/tr>\n<tr data-mce-fragment=\"1\">\n<td colspan=\"2\" data-mce-fragment=\"1\"><strong data-mce-fragment=\"1\">Specifications<\/strong><\/td>\n<\/tr>\n<tr data-mce-fragment=\"1\">\n<td data-mce-fragment=\"1\">Size<\/td>\n<td data-mce-fragment=\"1\">1U standard box<\/td>\n<\/tr>\n<tr data-mce-fragment=\"1\">\n<td data-mce-fragment=\"1\">Input Voltage<\/td>\n<td data-mce-fragment=\"1\">AC 100~240V<\/td>\n<\/tr>\n<tr data-mce-fragment=\"1\">\n<td data-mce-fragment=\"1\">Rated Power Consumption<\/td>\n<td data-mce-fragment=\"1\">20W<\/td>\n<\/tr>\n<tr data-mce-fragment=\"1\">\n<td data-mce-fragment=\"1\">Working Temperature<\/td>\n<td data-mce-fragment=\"1\">-25~80\u2103<\/td>\n<\/tr>\n<\/tbody>\n<\/table>\n<p><br data-mce-fragment=\"1\" \/><br data-mce-fragment=\"1\" \/><\/p>\n<p data-mce-fragment=\"1\">\u2022Support various digital signal ports, including 2\u00d7SDI, 1\u00d7DP, 1\u00d7HDMI (with loop), 1\u00d7DVI (with loop)<\/p>\n<p data-mce-fragment=\"1\">\u2022Support input resolution up to 1920*1200@60Hz<\/p>\n<p data-mce-fragment=\"1\">\u2022Loading capacity: 2.6 million pixels, Maximum Width\/Height: 4096 pixels<\/p>\n<p data-mce-fragment=\"1\">\u2022Support arbitrary switching and scaling of video source<\/p>\n<p data-mce-fragment=\"1\">\u2022Support three-picture display, the location and size can be adjusted freely<\/p>\n<p data-mce-fragment=\"1\">\u2022Support HDCP1.4<\/p>\n<p data-mce-fragment=\"1\">\u2022Dual USB2.0 for high speed configuration and easy cascading among controllers<\/p>\n<p data-mce-fragment=\"1\">\u2022Support brightness and chromaticity adjustment<\/p>\n<p data-mce-fragment=\"1\">\u2022Support improved gray-scale at low brightness<\/p>\n<p data-mce-fragment=\"1\">\u2022Compatible with all receiving cards, multifunction card, optical fiber transceivers of Colorlight<\/p>","protected":false},"excerpt":{"rendered":"<p>X4e controller is a professional control system and video processing equipment specially designed for LED engineering applications. It equips various video signal interfaces, supports high-definition digital ports (SDI,&#8230;<\/p>","protected":false},"featured_media":43890,"comment_status":"closed","ping_status":"closed","template":"","meta":{"_monsterinsights_skip_tracking":false,"_monsterinsights_sitenote_active":false,"_monsterinsights_sitenote_note":"","_monsterinsights_sitenote_category":0},"product_cat":[202],"product_tag":[147,21],"class_list":{"0":"post-43898","1":"product","2":"type-product","3":"status-publish","4":"has-post-thumbnail","6":"product_cat-colorlight","7":"product_tag-500-00-1000-00","8":"product_tag-colorlight","10":"first","11":"instock","12":"sale","13":"shipping-taxable","14":"purchasable","15":"product-type-simple"},"yoast_head":"<!-- This site is optimized with the Yoast SEO Premium plugin v24.1 (Yoast SEO v24.1) - https:\/\/yoast.com\/wordpress\/plugins\/seo\/ -->\n<title>Colorlight X4e Professional LED Video Display Controller Box<\/title>\n<meta name=\"description\" content=\"Colorlight X4e Professional LED Video Display Controller Box X20 X16E X16 X12 X8 X7 X6 X5 X4 X3 X2 X1 CS20-8K Pro CS4K Video LED Controller Box\" \/>\n<meta name=\"robots\" content=\"noindex, follow, max-snippet:-1, max-image-preview:large, max-video-preview:-1\" \/>\n<meta property=\"og:locale\" content=\"it_IT\" \/>\n<meta property=\"og:type\" content=\"article\" \/>\n<meta property=\"og:title\" content=\"Colorlight X4e Professional LED Video Display Controller Box\" \/>\n<meta property=\"og:description\" content=\"Colorlight X4e Professional LED Video Display Controller Box X20 X16E X16 X12 X8 X7 X6 X5 X4 X3 X2 X1 CS20-8K Pro CS4K Video LED Controller Box\" \/>\n<meta property=\"og:url\" content=\"https:\/\/www.leemanleddisplay.com\/it\/product\/colorlight-x4e-professional-led-video-display-controller-box\/\" \/>\n<meta property=\"og:site_name\" content=\"Leemanled\" \/>\n<meta property=\"article:modified_time\" content=\"2025-01-13T12:51:10+00:00\" \/>\n<meta property=\"og:image\" content=\"https:\/\/www.leemanleddisplay.com\/wp-content\/uploads\/1736\/10colorlight-x4e-professional-led-video-display-controller-box_0.jpg\" \/>\n\t<meta property=\"og:image:width\" content=\"2000\" \/>\n\t<meta property=\"og:image:height\" content=\"1310\" \/>\n\t<meta property=\"og:image:type\" content=\"image\/jpeg\" \/>\n<meta name=\"twitter:card\" content=\"summary_large_image\" \/>\n<meta name=\"twitter:label1\" content=\"Prezzo\" \/>\n\t<meta name=\"twitter:data1\" content=\"&#036;359.00\" \/>\n\t<meta name=\"twitter:label2\" content=\"Disponibilit\u00e0\" \/>\n\t<meta name=\"twitter:data2\" content=\"In stock\" \/>\n<script type=\"application\/ld+json\" class=\"yoast-schema-graph\">{\"@context\":\"https:\/\/schema.org\",\"@graph\":[{\"@type\":\"WebPage\",\"@id\":\"https:\/\/www.leemanleddisplay.com\/product\/colorlight-x4e-professional-led-video-display-controller-box\/\",\"url\":\"https:\/\/www.leemanleddisplay.com\/product\/colorlight-x4e-professional-led-video-display-controller-box\/\",\"name\":\"Colorlight X4e Professional LED Video Display Controller Box\",\"isPartOf\":{\"@id\":\"https:\/\/www.leemanleddisplay.com\/#website\"},\"primaryImageOfPage\":{\"@id\":\"https:\/\/www.leemanleddisplay.com\/product\/colorlight-x4e-professional-led-video-display-controller-box\/#primaryimage\"},\"image\":{\"@id\":\"https:\/\/www.leemanleddisplay.com\/product\/colorlight-x4e-professional-led-video-display-controller-box\/#primaryimage\"},\"thumbnailUrl\":\"https:\/\/www.leemanleddisplay.com\/wp-content\/uploads\/1736\/10colorlight-x4e-professional-led-video-display-controller-box_0.jpg\",\"datePublished\":\"2025-01-10T11:59:13+00:00\",\"dateModified\":\"2025-01-13T12:51:10+00:00\",\"description\":\"Colorlight X4e Professional LED Video Display Controller Box X20 X16E X16 X12 X8 X7 X6 X5 X4 X3 X2 X1 CS20-8K Pro CS4K Video LED Controller Box\",\"breadcrumb\":{\"@id\":\"https:\/\/www.leemanleddisplay.com\/product\/colorlight-x4e-professional-led-video-display-controller-box\/#breadcrumb\"},\"inLanguage\":\"it-IT\",\"potentialAction\":[{\"@type\":\"ReadAction\",\"target\":[\"https:\/\/www.leemanleddisplay.com\/product\/colorlight-x4e-professional-led-video-display-controller-box\/\"]}]},{\"@type\":\"ImageObject\",\"inLanguage\":\"it-IT\",\"@id\":\"https:\/\/www.leemanleddisplay.com\/product\/colorlight-x4e-professional-led-video-display-controller-box\/#primaryimage\",\"url\":\"https:\/\/www.leemanleddisplay.com\/wp-content\/uploads\/1736\/10colorlight-x4e-professional-led-video-display-controller-box_0.jpg\",\"contentUrl\":\"https:\/\/www.leemanleddisplay.com\/wp-content\/uploads\/1736\/10colorlight-x4e-professional-led-video-display-controller-box_0.jpg\",\"width\":2000,\"height\":1310},{\"@type\":\"BreadcrumbList\",\"@id\":\"https:\/\/www.leemanleddisplay.com\/product\/colorlight-x4e-professional-led-video-display-controller-box\/#breadcrumb\",\"itemListElement\":[{\"@type\":\"ListItem\",\"position\":1,\"name\":\"Home\",\"item\":\"https:\/\/www.leemanleddisplay.com\/\"},{\"@type\":\"ListItem\",\"position\":2,\"name\":\"Shop\",\"item\":\"https:\/\/www.leemanleddisplay.com\/shop\/\"},{\"@type\":\"ListItem\",\"position\":3,\"name\":\"Colorlight X4e Professional LED Video Display Controller Box\"}]},{\"@type\":\"WebSite\",\"@id\":\"https:\/\/www.leemanleddisplay.com\/#website\",\"url\":\"https:\/\/www.leemanleddisplay.com\/\",\"name\":\"Leemanled\",\"description\":\"\",\"publisher\":{\"@id\":\"https:\/\/www.leemanleddisplay.com\/#organization\"},\"potentialAction\":[{\"@type\":\"SearchAction\",\"target\":{\"@type\":\"EntryPoint\",\"urlTemplate\":\"https:\/\/www.leemanleddisplay.com\/?s={search_term_string}\"},\"query-input\":{\"@type\":\"PropertyValueSpecification\",\"valueRequired\":true,\"valueName\":\"search_term_string\"}}],\"inLanguage\":\"it-IT\"},{\"@type\":\"Organization\",\"@id\":\"https:\/\/www.leemanleddisplay.com\/#organization\",\"name\":\"Leemanled\",\"url\":\"https:\/\/www.leemanleddisplay.com\/\",\"logo\":{\"@type\":\"ImageObject\",\"inLanguage\":\"it-IT\",\"@id\":\"https:\/\/www.leemanleddisplay.com\/#\/schema\/logo\/image\/\",\"url\":\"https:\/\/www.leemanleddisplay.com\/wp-content\/uploads\/2024\/11\/cropped-0-removebg-preview-1.png\",\"contentUrl\":\"https:\/\/www.leemanleddisplay.com\/wp-content\/uploads\/2024\/11\/cropped-0-removebg-preview-1.png\",\"width\":200,\"height\":50,\"caption\":\"Leemanled\"},\"image\":{\"@id\":\"https:\/\/www.leemanleddisplay.com\/#\/schema\/logo\/image\/\"}}]}<\/script>\n<meta property=\"product:price:amount\" content=\"359.00\" \/>\n<meta property=\"product:price:currency\" content=\"USD\" \/>\n<meta property=\"og:availability\" content=\"instock\" \/>\n<meta property=\"product:availability\" content=\"instock\" \/>\n<meta property=\"product:retailer_item_id\" content=\"6807383670975\" \/>\n<meta property=\"product:condition\" content=\"new\" \/>\n<!-- \/ Yoast SEO Premium plugin. -->","yoast_head_json":{"title":"Colorlight X4e Professional LED Video Display Controller Box","description":"Colorlight X4e Professional LED Video Display Controller Box X20 X16E X16 X12 X8 X7 X6 X5 X4 X3 X2 X1 CS20-8K Pro CS4K Video LED Controller Box","robots":{"index":"noindex","follow":"follow","max-snippet":"max-snippet:-1","max-image-preview":"max-image-preview:large","max-video-preview":"max-video-preview:-1"},"og_locale":"it_IT","og_type":"article","og_title":"Colorlight X4e Professional LED Video Display Controller Box","og_description":"Colorlight X4e Professional LED Video Display Controller Box X20 X16E X16 X12 X8 X7 X6 X5 X4 X3 X2 X1 CS20-8K Pro CS4K Video LED Controller Box","og_url":"https:\/\/www.leemanleddisplay.com\/it\/product\/colorlight-x4e-professional-led-video-display-controller-box\/","og_site_name":"Leemanled","article_modified_time":"2025-01-13T12:51:10+00:00","og_image":[{"width":2000,"height":1310,"url":"https:\/\/www.leemanleddisplay.com\/wp-content\/uploads\/1736\/10colorlight-x4e-professional-led-video-display-controller-box_0.jpg","type":"image\/jpeg"}],"twitter_card":"summary_large_image","twitter_misc":{"Prezzo":"&#36;359.00","Disponibilit\u00e0":"In stock"},"schema":{"@context":"https:\/\/schema.org","@graph":[{"@type":"WebPage","@id":"https:\/\/www.leemanleddisplay.com\/product\/colorlight-x4e-professional-led-video-display-controller-box\/","url":"https:\/\/www.leemanleddisplay.com\/product\/colorlight-x4e-professional-led-video-display-controller-box\/","name":"Colorlight X4e Professional LED Video Display Controller Box","isPartOf":{"@id":"https:\/\/www.leemanleddisplay.com\/#website"},"primaryImageOfPage":{"@id":"https:\/\/www.leemanleddisplay.com\/product\/colorlight-x4e-professional-led-video-display-controller-box\/#primaryimage"},"image":{"@id":"https:\/\/www.leemanleddisplay.com\/product\/colorlight-x4e-professional-led-video-display-controller-box\/#primaryimage"},"thumbnailUrl":"https:\/\/www.leemanleddisplay.com\/wp-content\/uploads\/1736\/10colorlight-x4e-professional-led-video-display-controller-box_0.jpg","datePublished":"2025-01-10T11:59:13+00:00","dateModified":"2025-01-13T12:51:10+00:00","description":"Colorlight X4e Professional LED Video Display Controller Box X20 X16E X16 X12 X8 X7 X6 X5 X4 X3 X2 X1 CS20-8K Pro CS4K Video LED Controller Box","breadcrumb":{"@id":"https:\/\/www.leemanleddisplay.com\/product\/colorlight-x4e-professional-led-video-display-controller-box\/#breadcrumb"},"inLanguage":"it-IT","potentialAction":[{"@type":"ReadAction","target":["https:\/\/www.leemanleddisplay.com\/product\/colorlight-x4e-professional-led-video-display-controller-box\/"]}]},{"@type":"ImageObject","inLanguage":"it-IT","@id":"https:\/\/www.leemanleddisplay.com\/product\/colorlight-x4e-professional-led-video-display-controller-box\/#primaryimage","url":"https:\/\/www.leemanleddisplay.com\/wp-content\/uploads\/1736\/10colorlight-x4e-professional-led-video-display-controller-box_0.jpg","contentUrl":"https:\/\/www.leemanleddisplay.com\/wp-content\/uploads\/1736\/10colorlight-x4e-professional-led-video-display-controller-box_0.jpg","width":2000,"height":1310},{"@type":"BreadcrumbList","@id":"https:\/\/www.leemanleddisplay.com\/product\/colorlight-x4e-professional-led-video-display-controller-box\/#breadcrumb","itemListElement":[{"@type":"ListItem","position":1,"name":"Home","item":"https:\/\/www.leemanleddisplay.com\/"},{"@type":"ListItem","position":2,"name":"Shop","item":"https:\/\/www.leemanleddisplay.com\/shop\/"},{"@type":"ListItem","position":3,"name":"Colorlight X4e Professional LED Video Display Controller Box"}]},{"@type":"WebSite","@id":"https:\/\/www.leemanleddisplay.com\/#website","url":"https:\/\/www.leemanleddisplay.com\/","name":"Leemanled","description":"","publisher":{"@id":"https:\/\/www.leemanleddisplay.com\/#organization"},"potentialAction":[{"@type":"SearchAction","target":{"@type":"EntryPoint","urlTemplate":"https:\/\/www.leemanleddisplay.com\/?s={search_term_string}"},"query-input":{"@type":"PropertyValueSpecification","valueRequired":true,"valueName":"search_term_string"}}],"inLanguage":"it-IT"},{"@type":"Organization","@id":"https:\/\/www.leemanleddisplay.com\/#organization","name":"Leemanled","url":"https:\/\/www.leemanleddisplay.com\/","logo":{"@type":"ImageObject","inLanguage":"it-IT","@id":"https:\/\/www.leemanleddisplay.com\/#\/schema\/logo\/image\/","url":"https:\/\/www.leemanleddisplay.com\/wp-content\/uploads\/2024\/11\/cropped-0-removebg-preview-1.png","contentUrl":"https:\/\/www.leemanleddisplay.com\/wp-content\/uploads\/2024\/11\/cropped-0-removebg-preview-1.png","width":200,"height":50,"caption":"Leemanled"},"image":{"@id":"https:\/\/www.leemanleddisplay.com\/#\/schema\/logo\/image\/"}}]},"product_price_amount":"359.00","product_price_currency":"USD","og_availability":"instock","product_availability":"instock","product_retailer_item_id":"6807383670975","product_condition":"new"},"_links":{"self":[{"href":"https:\/\/www.leemanleddisplay.com\/it\/wp-json\/wp\/v2\/product\/43898","targetHints":{"allow":["GET"]}}],"collection":[{"href":"https:\/\/www.leemanleddisplay.com\/it\/wp-json\/wp\/v2\/product"}],"about":[{"href":"https:\/\/www.leemanleddisplay.com\/it\/wp-json\/wp\/v2\/types\/product"}],"replies":[{"embeddable":true,"href":"https:\/\/www.leemanleddisplay.com\/it\/wp-json\/wp\/v2\/comments?post=43898"}],"wp:featuredmedia":[{"embeddable":true,"href":"https:\/\/www.leemanleddisplay.com\/it\/wp-json\/wp\/v2\/media\/43890"}],"wp:attachment":[{"href":"https:\/\/www.leemanleddisplay.com\/it\/wp-json\/wp\/v2\/media?parent=43898"}],"wp:term":[{"taxonomy":"product_cat","embeddable":true,"href":"https:\/\/www.leemanleddisplay.com\/it\/wp-json\/wp\/v2\/product_cat?post=43898"},{"taxonomy":"product_tag","embeddable":true,"href":"https:\/\/www.leemanleddisplay.com\/it\/wp-json\/wp\/v2\/product_tag?post=43898"}],"curies":[{"name":"wp","href":"https:\/\/api.w.org\/{rel}","templated":true}]}}