{"id":40647,"date":"2025-01-10T08:29:45","date_gmt":"2025-01-10T08:29:45","guid":{"rendered":"https:\/\/www.leemanleddisplay.com\/product\/novastar-mbox600-pro-led-display-industrial-controller\/"},"modified":"2025-01-15T14:46:02","modified_gmt":"2025-01-15T14:46:02","slug":"novastar-mbox600-pro-led-display-industrial-controller","status":"publish","type":"product","link":"https:\/\/www.leemanleddisplay.com\/ja\/product\/novastar-mbox600-pro-led-display-industrial-controller\/","title":{"rendered":"Novastar MBOX600 Pro LED Display Industrial Controller"},"content":{"rendered":"<p>The MBOX600 Pro is an LED display controller created by NovaStar. It integrates an industrial PC and the sending capability. This controller is capable of monitoring and managing the SNMP system, offering professional system monitoring and operation management services for specialized advertising media display users.<br \/>The MBOX600 Pro is managed via a web application that provides users with versatile control and ease of use in every scenario. This solution boasts comprehensive scalability, delivering a robust server to unlock the full potential of the system. It is designed to meet users\u2019 diverse secondary development and innovation needs.<br \/>The MBOX600 Pro can be widely applied in unattended scenarios, such as outdoor fixed screens.<\/p>\n<h4><em>Features<\/em><\/h4>\n<p><strong>Input and Output<\/strong><br \/>\uf06c 4x Gigabit Ethernet outputs and pixel capacity up to 2,600,000<br \/>\uf06c 1x HDMI 1.3 output<br \/>\uf06c 1x HDMI 1.3 input<br \/>\uf06c Output scaling<br \/>\u2212 The pixel width ranges from 64 to 4096.<br \/>\u2212 The pixel height ranges from 64 to 1920.<br \/>\u2212 Total pixel capacity cannot exceed 2,600,000.<br \/>\uf06c Common resolutions supported: 1366\u00d7768, 1440\u00d7900, 1600\u00d7900, 1920\u00d71080, 2048\u00d71152<br \/>\uf06c 1x Stereo audio output<br \/>\uf06c 2x Sensor connectors allowing light sensors to be connected<br \/><strong>System Features<\/strong><br \/>Powerful processing capacity<br \/>\uf06c Intel\u00ae Processor N97, 4 cores and 4 threads, maximum turbo frequency: 3.6 GHz<br \/>\uf06c RAM: 4 GB\/8 GB<br \/>\uf06c SSD: 128 GB\/256 GB<br \/><strong>Control<\/strong><br \/>\uf06c 2x USB 2.0 ports and 2x USB 3.0 ports connecting to peripherals such as a mouse, keyboard and USB drive<br \/>\uf06c 2x Gigabit Ethernet ports<br \/>\u2212 TCP\/IP supported<br \/>\u2212 One for communication and the other for remote management of device networking<br \/>\uf06c Support for 4G\/5G modules<br \/>The MBOX600 Pro ships without a 4G\/5G module. Users have to purchase 4G\/5G modules separately if needed.<br \/>\uf06c Support for Wi-Fi networks<br \/>The MBOX600 Pro can access the Internet by connecting to a Wi-Fi network.<\/p>\n<p>&nbsp;<\/p>\n<p><span>Novastar MBOX600 Pro Industrial Controller User Manual<\/span><\/p>\n<p>&nbsp;<\/p>","protected":false},"excerpt":{"rendered":"<p>The MBOX600 Pro is an LED display controller created by NovaStar. It integrates an industrial PC and the sending capability. This controller is capable of monitoring and managing&#8230;<\/p>","protected":false},"featured_media":40639,"comment_status":"closed","ping_status":"closed","template":"","meta":{"_monsterinsights_skip_tracking":false,"_monsterinsights_sitenote_active":false,"_monsterinsights_sitenote_note":"","_monsterinsights_sitenote_category":0},"product_cat":[138],"product_tag":[147,37],"class_list":{"0":"post-40647","1":"product","2":"type-product","3":"status-publish","4":"has-post-thumbnail","6":"product_cat-novastar","7":"product_tag-500-00-1000-00","8":"product_tag-novastar","10":"first","11":"instock","12":"shipping-taxable","13":"purchasable","14":"product-type-variable"},"yoast_head":"<!-- This site is optimized with the Yoast SEO Premium plugin v24.1 (Yoast SEO v24.1) - https:\/\/yoast.com\/wordpress\/plugins\/seo\/ -->\n<title>Novastar MBOX600 Pro LED Display Industrial Controller<\/title>\n<meta name=\"description\" content=\"Novastar MBOX600 Pro LED Display Industrial Controller Multifunction Card MFN300 \/ MFB300-B \/ Monitoring Card MON300 \/ Ambient Brightness Sensor NS060\" \/>\n<meta name=\"robots\" content=\"noindex, follow, max-snippet:-1, max-image-preview:large, max-video-preview:-1\" \/>\n<meta property=\"og:locale\" content=\"ja_JP\" \/>\n<meta property=\"og:type\" content=\"article\" \/>\n<meta property=\"og:title\" content=\"Novastar MBOX600 Pro LED Display Industrial Controller\" \/>\n<meta property=\"og:description\" content=\"Novastar MBOX600 Pro LED Display Industrial Controller Multifunction Card MFN300 \/ MFB300-B \/ Monitoring Card MON300 \/ Ambient Brightness Sensor NS060\" \/>\n<meta property=\"og:url\" content=\"https:\/\/www.leemanleddisplay.com\/ja\/product\/novastar-mbox600-pro-led-display-industrial-controller\/\" \/>\n<meta property=\"og:site_name\" content=\"Leemanled\" \/>\n<meta property=\"article:modified_time\" content=\"2025-01-15T14:46:02+00:00\" \/>\n<meta property=\"og:image\" content=\"https:\/\/www.leemanleddisplay.com\/wp-content\/uploads\/1736\/97novastar-mbox600-pro-led-display-industrial-controller_0.jpg\" \/>\n\t<meta property=\"og:image:width\" content=\"2300\" \/>\n\t<meta property=\"og:image:height\" content=\"1310\" \/>\n\t<meta property=\"og:image:type\" content=\"image\/jpeg\" \/>\n<meta name=\"twitter:card\" content=\"summary_large_image\" \/>\n<meta name=\"twitter:label1\" content=\"\u5728\u5eab\" \/>\n\t<meta name=\"twitter:data1\" content=\"\u5728\u5eab\u3042\u308a\" \/>\n<script type=\"application\/ld+json\" class=\"yoast-schema-graph\">{\"@context\":\"https:\/\/schema.org\",\"@graph\":[{\"@type\":\"WebPage\",\"@id\":\"https:\/\/www.leemanleddisplay.com\/product\/novastar-mbox600-pro-led-display-industrial-controller\/\",\"url\":\"https:\/\/www.leemanleddisplay.com\/product\/novastar-mbox600-pro-led-display-industrial-controller\/\",\"name\":\"Novastar MBOX600 Pro LED Display Industrial Controller\",\"isPartOf\":{\"@id\":\"https:\/\/www.leemanleddisplay.com\/#website\"},\"primaryImageOfPage\":{\"@id\":\"https:\/\/www.leemanleddisplay.com\/product\/novastar-mbox600-pro-led-display-industrial-controller\/#primaryimage\"},\"image\":{\"@id\":\"https:\/\/www.leemanleddisplay.com\/product\/novastar-mbox600-pro-led-display-industrial-controller\/#primaryimage\"},\"thumbnailUrl\":\"https:\/\/www.leemanleddisplay.com\/wp-content\/uploads\/1736\/97novastar-mbox600-pro-led-display-industrial-controller_0.jpg\",\"datePublished\":\"2025-01-10T08:29:45+00:00\",\"dateModified\":\"2025-01-15T14:46:02+00:00\",\"description\":\"Novastar MBOX600 Pro LED Display Industrial Controller Multifunction Card MFN300 \/ MFB300-B \/ Monitoring Card MON300 \/ Ambient Brightness Sensor NS060\",\"breadcrumb\":{\"@id\":\"https:\/\/www.leemanleddisplay.com\/product\/novastar-mbox600-pro-led-display-industrial-controller\/#breadcrumb\"},\"inLanguage\":\"ja\",\"potentialAction\":[{\"@type\":\"ReadAction\",\"target\":[\"https:\/\/www.leemanleddisplay.com\/product\/novastar-mbox600-pro-led-display-industrial-controller\/\"]}]},{\"@type\":\"ImageObject\",\"inLanguage\":\"ja\",\"@id\":\"https:\/\/www.leemanleddisplay.com\/product\/novastar-mbox600-pro-led-display-industrial-controller\/#primaryimage\",\"url\":\"https:\/\/www.leemanleddisplay.com\/wp-content\/uploads\/1736\/97novastar-mbox600-pro-led-display-industrial-controller_0.jpg\",\"contentUrl\":\"https:\/\/www.leemanleddisplay.com\/wp-content\/uploads\/1736\/97novastar-mbox600-pro-led-display-industrial-controller_0.jpg\",\"width\":2300,\"height\":1310},{\"@type\":\"BreadcrumbList\",\"@id\":\"https:\/\/www.leemanleddisplay.com\/product\/novastar-mbox600-pro-led-display-industrial-controller\/#breadcrumb\",\"itemListElement\":[{\"@type\":\"ListItem\",\"position\":1,\"name\":\"Home\",\"item\":\"https:\/\/www.leemanleddisplay.com\/\"},{\"@type\":\"ListItem\",\"position\":2,\"name\":\"Shop\",\"item\":\"https:\/\/www.leemanleddisplay.com\/shop\/\"},{\"@type\":\"ListItem\",\"position\":3,\"name\":\"Novastar MBOX600 Pro LED Display Industrial Controller\"}]},{\"@type\":\"WebSite\",\"@id\":\"https:\/\/www.leemanleddisplay.com\/#website\",\"url\":\"https:\/\/www.leemanleddisplay.com\/\",\"name\":\"Leemanled\",\"description\":\"\",\"publisher\":{\"@id\":\"https:\/\/www.leemanleddisplay.com\/#organization\"},\"potentialAction\":[{\"@type\":\"SearchAction\",\"target\":{\"@type\":\"EntryPoint\",\"urlTemplate\":\"https:\/\/www.leemanleddisplay.com\/?s={search_term_string}\"},\"query-input\":{\"@type\":\"PropertyValueSpecification\",\"valueRequired\":true,\"valueName\":\"search_term_string\"}}],\"inLanguage\":\"ja\"},{\"@type\":\"Organization\",\"@id\":\"https:\/\/www.leemanleddisplay.com\/#organization\",\"name\":\"Leemanled\",\"url\":\"https:\/\/www.leemanleddisplay.com\/\",\"logo\":{\"@type\":\"ImageObject\",\"inLanguage\":\"ja\",\"@id\":\"https:\/\/www.leemanleddisplay.com\/#\/schema\/logo\/image\/\",\"url\":\"https:\/\/www.leemanleddisplay.com\/wp-content\/uploads\/2024\/11\/cropped-0-removebg-preview-1.png\",\"contentUrl\":\"https:\/\/www.leemanleddisplay.com\/wp-content\/uploads\/2024\/11\/cropped-0-removebg-preview-1.png\",\"width\":200,\"height\":50,\"caption\":\"Leemanled\"},\"image\":{\"@id\":\"https:\/\/www.leemanleddisplay.com\/#\/schema\/logo\/image\/\"}}]}<\/script>\n<meta property=\"og:availability\" content=\"instock\" \/>\n<meta property=\"product:availability\" content=\"instock\" \/>\n<meta property=\"product:retailer_item_id\" content=\"8013239091391\" \/>\n<meta property=\"product:condition\" content=\"new\" \/>\n<!-- \/ Yoast SEO Premium plugin. -->","yoast_head_json":{"title":"Novastar MBOX600 Pro LED Display Industrial Controller","description":"Novastar MBOX600 Pro LED Display Industrial Controller Multifunction Card MFN300 \/ MFB300-B \/ Monitoring Card MON300 \/ Ambient Brightness Sensor NS060","robots":{"index":"noindex","follow":"follow","max-snippet":"max-snippet:-1","max-image-preview":"max-image-preview:large","max-video-preview":"max-video-preview:-1"},"og_locale":"ja_JP","og_type":"article","og_title":"Novastar MBOX600 Pro LED Display Industrial Controller","og_description":"Novastar MBOX600 Pro LED Display Industrial Controller Multifunction Card MFN300 \/ MFB300-B \/ Monitoring Card MON300 \/ Ambient Brightness Sensor NS060","og_url":"https:\/\/www.leemanleddisplay.com\/ja\/product\/novastar-mbox600-pro-led-display-industrial-controller\/","og_site_name":"Leemanled","article_modified_time":"2025-01-15T14:46:02+00:00","og_image":[{"width":2300,"height":1310,"url":"https:\/\/www.leemanleddisplay.com\/wp-content\/uploads\/1736\/97novastar-mbox600-pro-led-display-industrial-controller_0.jpg","type":"image\/jpeg"}],"twitter_card":"summary_large_image","twitter_misc":{"\u5728\u5eab":"\u5728\u5eab\u3042\u308a"},"schema":{"@context":"https:\/\/schema.org","@graph":[{"@type":"WebPage","@id":"https:\/\/www.leemanleddisplay.com\/product\/novastar-mbox600-pro-led-display-industrial-controller\/","url":"https:\/\/www.leemanleddisplay.com\/product\/novastar-mbox600-pro-led-display-industrial-controller\/","name":"Novastar MBOX600 Pro LED Display Industrial Controller","isPartOf":{"@id":"https:\/\/www.leemanleddisplay.com\/#website"},"primaryImageOfPage":{"@id":"https:\/\/www.leemanleddisplay.com\/product\/novastar-mbox600-pro-led-display-industrial-controller\/#primaryimage"},"image":{"@id":"https:\/\/www.leemanleddisplay.com\/product\/novastar-mbox600-pro-led-display-industrial-controller\/#primaryimage"},"thumbnailUrl":"https:\/\/www.leemanleddisplay.com\/wp-content\/uploads\/1736\/97novastar-mbox600-pro-led-display-industrial-controller_0.jpg","datePublished":"2025-01-10T08:29:45+00:00","dateModified":"2025-01-15T14:46:02+00:00","description":"Novastar MBOX600 Pro LED Display Industrial Controller Multifunction Card MFN300 \/ MFB300-B \/ Monitoring Card MON300 \/ Ambient Brightness Sensor NS060","breadcrumb":{"@id":"https:\/\/www.leemanleddisplay.com\/product\/novastar-mbox600-pro-led-display-industrial-controller\/#breadcrumb"},"inLanguage":"ja","potentialAction":[{"@type":"ReadAction","target":["https:\/\/www.leemanleddisplay.com\/product\/novastar-mbox600-pro-led-display-industrial-controller\/"]}]},{"@type":"ImageObject","inLanguage":"ja","@id":"https:\/\/www.leemanleddisplay.com\/product\/novastar-mbox600-pro-led-display-industrial-controller\/#primaryimage","url":"https:\/\/www.leemanleddisplay.com\/wp-content\/uploads\/1736\/97novastar-mbox600-pro-led-display-industrial-controller_0.jpg","contentUrl":"https:\/\/www.leemanleddisplay.com\/wp-content\/uploads\/1736\/97novastar-mbox600-pro-led-display-industrial-controller_0.jpg","width":2300,"height":1310},{"@type":"BreadcrumbList","@id":"https:\/\/www.leemanleddisplay.com\/product\/novastar-mbox600-pro-led-display-industrial-controller\/#breadcrumb","itemListElement":[{"@type":"ListItem","position":1,"name":"Home","item":"https:\/\/www.leemanleddisplay.com\/"},{"@type":"ListItem","position":2,"name":"Shop","item":"https:\/\/www.leemanleddisplay.com\/shop\/"},{"@type":"ListItem","position":3,"name":"Novastar MBOX600 Pro LED Display Industrial Controller"}]},{"@type":"WebSite","@id":"https:\/\/www.leemanleddisplay.com\/#website","url":"https:\/\/www.leemanleddisplay.com\/","name":"Leemanled","description":"","publisher":{"@id":"https:\/\/www.leemanleddisplay.com\/#organization"},"potentialAction":[{"@type":"SearchAction","target":{"@type":"EntryPoint","urlTemplate":"https:\/\/www.leemanleddisplay.com\/?s={search_term_string}"},"query-input":{"@type":"PropertyValueSpecification","valueRequired":true,"valueName":"search_term_string"}}],"inLanguage":"ja"},{"@type":"Organization","@id":"https:\/\/www.leemanleddisplay.com\/#organization","name":"Leemanled","url":"https:\/\/www.leemanleddisplay.com\/","logo":{"@type":"ImageObject","inLanguage":"ja","@id":"https:\/\/www.leemanleddisplay.com\/#\/schema\/logo\/image\/","url":"https:\/\/www.leemanleddisplay.com\/wp-content\/uploads\/2024\/11\/cropped-0-removebg-preview-1.png","contentUrl":"https:\/\/www.leemanleddisplay.com\/wp-content\/uploads\/2024\/11\/cropped-0-removebg-preview-1.png","width":200,"height":50,"caption":"Leemanled"},"image":{"@id":"https:\/\/www.leemanleddisplay.com\/#\/schema\/logo\/image\/"}}]},"og_availability":"instock","product_availability":"instock","product_retailer_item_id":"8013239091391","product_condition":"new"},"_links":{"self":[{"href":"https:\/\/www.leemanleddisplay.com\/ja\/wp-json\/wp\/v2\/product\/40647","targetHints":{"allow":["GET"]}}],"collection":[{"href":"https:\/\/www.leemanleddisplay.com\/ja\/wp-json\/wp\/v2\/product"}],"about":[{"href":"https:\/\/www.leemanleddisplay.com\/ja\/wp-json\/wp\/v2\/types\/product"}],"replies":[{"embeddable":true,"href":"https:\/\/www.leemanleddisplay.com\/ja\/wp-json\/wp\/v2\/comments?post=40647"}],"wp:featuredmedia":[{"embeddable":true,"href":"https:\/\/www.leemanleddisplay.com\/ja\/wp-json\/wp\/v2\/media\/40639"}],"wp:attachment":[{"href":"https:\/\/www.leemanleddisplay.com\/ja\/wp-json\/wp\/v2\/media?parent=40647"}],"wp:term":[{"taxonomy":"product_cat","embeddable":true,"href":"https:\/\/www.leemanleddisplay.com\/ja\/wp-json\/wp\/v2\/product_cat?post=40647"},{"taxonomy":"product_tag","embeddable":true,"href":"https:\/\/www.leemanleddisplay.com\/ja\/wp-json\/wp\/v2\/product_tag?post=40647"}],"curies":[{"name":"wp","href":"https:\/\/api.w.org\/{rel}","templated":true}]}}