{"id":44727,"date":"2025-01-10T12:36:56","date_gmt":"2025-01-10T12:36:56","guid":{"rendered":"https:\/\/www.leemanleddisplay.com\/product\/novastar-j6-led-screen-video-processor-for-video-wall\/"},"modified":"2025-07-20T01:54:49","modified_gmt":"2025-07-20T01:54:49","slug":"novastar-j6-led-screen-video-processor-for-video-wall","status":"publish","type":"product","link":"https:\/\/www.leemanleddisplay.com\/ja\/product\/novastar-j6-led-screen-video-processor-for-video-wall\/","title":{"rendered":"Novastar J6 LED Screen Video Processor For Video Wall"},"content":{"rendered":"<p><strong data-mce-fragment=\"1\">Novastar J6 LED Screen Video Processor is the latest high-performance multi-screen splicing processor featuring enhanced image processing.\u00a0<\/strong><br \/><strong><\/strong><\/p>\n<p data-mce-fragment=\"1\">Based on a powerful FPGA processing platform, J6 supports quick seamless switch of any input source and supports transition effects such as \u00a0fade, etc., allowing you to experience more flexible screen layouts.<\/p>\n<p data-mce-fragment=\"1\">In addition, J6 can work with the new smart management software V-Can to enable more screen splicing effects and better satisfy your needs.<\/p>\n<p data-mce-fragment=\"1\"><br data-mce-fragment=\"1\" \/><br data-mce-fragment=\"1\" \/><\/p>\n<p data-mce-fragment=\"1\"><strong data-mce-fragment=\"1\">Novastar J6 LED Screen Video Processor For Video Wall Features:<\/strong><\/p>\n<p data-mce-fragment=\"1\">1. Supports a wide range of video inputs divided into 4 groups with 8 connectors, including 1\u00d7 HDMI (or VGA, or DVI), 4 \u00d7 DVI, 2 \u00d7 SDI, and 1 \u00d7 DualLink DVI (or HDMI 1.4, or DP1.1).<br data-mce-fragment=\"1\" \/>2. The input resolution of Input A supports 4K\u00d72K@30Hz.<span data-mce-fragment=\"1\">\u00a0<\/span>Other inputs support 1920\u00d71080@60Hz<span data-mce-fragment=\"1\">\u00a0<\/span>which are downward compatible.<br data-mce-fragment=\"1\" \/>3. Supports 5 \u00d7 outputs, including 4 groups with 8 DVI connectors for splicing output, and 1 \u00d7 HDMI preview output.<br data-mce-fragment=\"1\" \/>4. The preview connector supports preview of PVW, PGM and 8 \u00d7 input signals.<br data-mce-fragment=\"1\" \/>5. Output resolution is settable. The splicing width of 4 channels can be up to 15360\u00d7600.<br data-mce-fragment=\"1\" \/>6. Up to 6 windows can be displayed simultaneously and the resolution of each window is up<br data-mce-fragment=\"1\" \/>to 7680\u00d71080@60Hz.<span data-mce-fragment=\"1\">\u00a0<\/span>J6 also supports one OSD of up to 4K\u00d72K, which can be images or texts.<br data-mce-fragment=\"1\" \/>7. The window position, size, etc. are adjustable, and each window can be added with borders of custom color and widths.<br data-mce-fragment=\"1\" \/>8. Besides the 6 built-in preset templates, up to 16 user presets can be created and saved as templates. All the presets can be used directly and easily.<br data-mce-fragment=\"1\" \/>9. Provides 21 transition effects to enhance and present images with professional quality.\u00a0<br data-mce-fragment=\"1\" \/>10. An intuitive color LCD on the front panel and clear button indicator lights simplify the<br data-mce-fragment=\"1\" \/>system control operations.<br data-mce-fragment=\"1\" \/>11. Supports Genlock synchronization, allowing you to choose any input source or external<br data-mce-fragment=\"1\" \/>synchronization signal to achieve vertical synchronization.\u00a0<\/p>\n<p data-mce-fragment=\"1\">\n<p data-mce-fragment=\"1\">\n<p data-mce-fragment=\"1\">\n<p data-mce-fragment=\"1\">\n<p data-mce-fragment=\"1\">\n<p data-mce-fragment=\"1\"><strong>Download Specification<\/strong><\/p>\n<p data-mce-fragment=\"1\"><span style=\"color: #2b00ff;\">Novastar J6 LED Screen Video Processor Specification<\/span><\/p>\n<p data-mce-fragment=\"1\"><span style=\"color: #2b00ff;\">Novastar J6 LED Screen Video Processor User Manua<\/span>l<\/p>\n<p data-mce-fragment=\"1\">\n<p data-mce-fragment=\"1\">\n<p data-mce-fragment=\"1\">","protected":false},"excerpt":{"rendered":"<p>Novastar J6 LED Screen Video Processor is the latest high-performance multi-screen splicing processor featuring enhanced image processing.\u00a0 Based on a powerful FPGA processing platform, J6 supports quick seamless&#8230;<\/p>","protected":false},"featured_media":44691,"comment_status":"closed","ping_status":"closed","template":"","meta":{"_monsterinsights_skip_tracking":false,"_monsterinsights_sitenote_active":false,"_monsterinsights_sitenote_note":"","_monsterinsights_sitenote_category":0},"product_cat":[138],"product_tag":[206,37],"class_list":{"0":"post-44727","1":"product","2":"type-product","3":"status-publish","4":"has-post-thumbnail","6":"product_cat-novastar","7":"product_tag-3000-00-5000-00","8":"product_tag-novastar","10":"first","11":"instock","12":"sale","13":"shipping-taxable","14":"purchasable","15":"product-type-simple"},"yoast_head":"<!-- This site is optimized with the Yoast SEO Premium plugin v24.1 (Yoast SEO v24.1) - https:\/\/yoast.com\/wordpress\/plugins\/seo\/ -->\n<title>Novastar J6 LED Screen Video Processor For Video Wall<\/title>\n<meta name=\"description\" content=\"Novastar J6 LED Screen Video Processor For Video Wall. NovaStar Multi-picture Splicer H15 \/ H9 \/ H5 \/ H2 Video Splicing Processor 4K Video Processor\" \/>\n<meta name=\"robots\" content=\"noindex, follow, max-snippet:-1, max-image-preview:large, max-video-preview:-1\" \/>\n<meta property=\"og:locale\" content=\"ja_JP\" \/>\n<meta property=\"og:type\" content=\"article\" \/>\n<meta property=\"og:title\" content=\"Novastar J6 LED Screen Video Processor For Video Wall\" \/>\n<meta property=\"og:description\" content=\"Novastar J6 LED Screen Video Processor For Video Wall. NovaStar Multi-picture Splicer H15 \/ H9 \/ H5 \/ H2 Video Splicing Processor 4K Video Processor\" \/>\n<meta property=\"og:url\" content=\"https:\/\/www.leemanleddisplay.com\/ja\/product\/novastar-j6-led-screen-video-processor-for-video-wall\/\" \/>\n<meta property=\"og:site_name\" content=\"Leemanled\" \/>\n<meta property=\"article:modified_time\" content=\"2025-07-20T01:54:49+00:00\" \/>\n<meta property=\"og:image\" content=\"https:\/\/www.leemanleddisplay.com\/wp-content\/uploads\/1736\/12novastar-j6-led-screen-video-processor-for-video-wall_0.jpg\" \/>\n\t<meta property=\"og:image:width\" content=\"2000\" \/>\n\t<meta property=\"og:image:height\" content=\"1310\" \/>\n\t<meta property=\"og:image:type\" content=\"image\/jpeg\" \/>\n<meta name=\"twitter:card\" content=\"summary_large_image\" \/>\n<meta name=\"twitter:label1\" content=\"\u4fa1\u683c\" \/>\n\t<meta name=\"twitter:data1\" content=\"&#036;1,350.00\" \/>\n\t<meta name=\"twitter:label2\" content=\"\u5728\u5eab\" \/>\n\t<meta name=\"twitter:data2\" content=\"\u5728\u5eab\u3042\u308a\" \/>\n<script type=\"application\/ld+json\" class=\"yoast-schema-graph\">{\"@context\":\"https:\/\/schema.org\",\"@graph\":[{\"@type\":\"WebPage\",\"@id\":\"https:\/\/www.leemanleddisplay.com\/product\/novastar-j6-led-screen-video-processor-for-video-wall\/\",\"url\":\"https:\/\/www.leemanleddisplay.com\/product\/novastar-j6-led-screen-video-processor-for-video-wall\/\",\"name\":\"Novastar J6 LED Screen Video Processor For Video Wall\",\"isPartOf\":{\"@id\":\"https:\/\/www.leemanleddisplay.com\/#website\"},\"primaryImageOfPage\":{\"@id\":\"https:\/\/www.leemanleddisplay.com\/product\/novastar-j6-led-screen-video-processor-for-video-wall\/#primaryimage\"},\"image\":{\"@id\":\"https:\/\/www.leemanleddisplay.com\/product\/novastar-j6-led-screen-video-processor-for-video-wall\/#primaryimage\"},\"thumbnailUrl\":\"https:\/\/www.leemanleddisplay.com\/wp-content\/uploads\/1736\/12novastar-j6-led-screen-video-processor-for-video-wall_0.jpg\",\"datePublished\":\"2025-01-10T12:36:56+00:00\",\"dateModified\":\"2025-07-20T01:54:49+00:00\",\"description\":\"Novastar J6 LED Screen Video Processor For Video Wall. NovaStar Multi-picture Splicer H15 \/ H9 \/ H5 \/ H2 Video Splicing Processor 4K Video Processor\",\"breadcrumb\":{\"@id\":\"https:\/\/www.leemanleddisplay.com\/product\/novastar-j6-led-screen-video-processor-for-video-wall\/#breadcrumb\"},\"inLanguage\":\"ja\",\"potentialAction\":[{\"@type\":\"ReadAction\",\"target\":[\"https:\/\/www.leemanleddisplay.com\/product\/novastar-j6-led-screen-video-processor-for-video-wall\/\"]}]},{\"@type\":\"ImageObject\",\"inLanguage\":\"ja\",\"@id\":\"https:\/\/www.leemanleddisplay.com\/product\/novastar-j6-led-screen-video-processor-for-video-wall\/#primaryimage\",\"url\":\"https:\/\/www.leemanleddisplay.com\/wp-content\/uploads\/1736\/12novastar-j6-led-screen-video-processor-for-video-wall_0.jpg\",\"contentUrl\":\"https:\/\/www.leemanleddisplay.com\/wp-content\/uploads\/1736\/12novastar-j6-led-screen-video-processor-for-video-wall_0.jpg\",\"width\":2000,\"height\":1310},{\"@type\":\"BreadcrumbList\",\"@id\":\"https:\/\/www.leemanleddisplay.com\/product\/novastar-j6-led-screen-video-processor-for-video-wall\/#breadcrumb\",\"itemListElement\":[{\"@type\":\"ListItem\",\"position\":1,\"name\":\"Home\",\"item\":\"https:\/\/www.leemanleddisplay.com\/\"},{\"@type\":\"ListItem\",\"position\":2,\"name\":\"Shop\",\"item\":\"https:\/\/www.leemanleddisplay.com\/shop\/\"},{\"@type\":\"ListItem\",\"position\":3,\"name\":\"Novastar J6 LED Screen Video Processor For Video Wall\"}]},{\"@type\":\"WebSite\",\"@id\":\"https:\/\/www.leemanleddisplay.com\/#website\",\"url\":\"https:\/\/www.leemanleddisplay.com\/\",\"name\":\"Leemanled\",\"description\":\"\",\"publisher\":{\"@id\":\"https:\/\/www.leemanleddisplay.com\/#organization\"},\"potentialAction\":[{\"@type\":\"SearchAction\",\"target\":{\"@type\":\"EntryPoint\",\"urlTemplate\":\"https:\/\/www.leemanleddisplay.com\/?s={search_term_string}\"},\"query-input\":{\"@type\":\"PropertyValueSpecification\",\"valueRequired\":true,\"valueName\":\"search_term_string\"}}],\"inLanguage\":\"ja\"},{\"@type\":\"Organization\",\"@id\":\"https:\/\/www.leemanleddisplay.com\/#organization\",\"name\":\"Leemanled\",\"url\":\"https:\/\/www.leemanleddisplay.com\/\",\"logo\":{\"@type\":\"ImageObject\",\"inLanguage\":\"ja\",\"@id\":\"https:\/\/www.leemanleddisplay.com\/#\/schema\/logo\/image\/\",\"url\":\"https:\/\/www.leemanleddisplay.com\/wp-content\/uploads\/2024\/11\/cropped-0-removebg-preview-1.png\",\"contentUrl\":\"https:\/\/www.leemanleddisplay.com\/wp-content\/uploads\/2024\/11\/cropped-0-removebg-preview-1.png\",\"width\":200,\"height\":50,\"caption\":\"Leemanled\"},\"image\":{\"@id\":\"https:\/\/www.leemanleddisplay.com\/#\/schema\/logo\/image\/\"}}]}<\/script>\n<meta property=\"product:price:amount\" content=\"1350.00\" \/>\n<meta property=\"product:price:currency\" content=\"USD\" \/>\n<meta property=\"og:availability\" content=\"instock\" \/>\n<meta property=\"product:availability\" content=\"instock\" \/>\n<meta property=\"product:retailer_item_id\" content=\"6790830784703\" \/>\n<meta property=\"product:condition\" content=\"new\" \/>\n<!-- \/ Yoast SEO Premium plugin. -->","yoast_head_json":{"title":"Novastar J6 LED Screen Video Processor For Video Wall","description":"Novastar J6 LED Screen Video Processor For Video Wall. NovaStar Multi-picture Splicer H15 \/ H9 \/ H5 \/ H2 Video Splicing Processor 4K Video Processor","robots":{"index":"noindex","follow":"follow","max-snippet":"max-snippet:-1","max-image-preview":"max-image-preview:large","max-video-preview":"max-video-preview:-1"},"og_locale":"ja_JP","og_type":"article","og_title":"Novastar J6 LED Screen Video Processor For Video Wall","og_description":"Novastar J6 LED Screen Video Processor For Video Wall. NovaStar Multi-picture Splicer H15 \/ H9 \/ H5 \/ H2 Video Splicing Processor 4K Video Processor","og_url":"https:\/\/www.leemanleddisplay.com\/ja\/product\/novastar-j6-led-screen-video-processor-for-video-wall\/","og_site_name":"Leemanled","article_modified_time":"2025-07-20T01:54:49+00:00","og_image":[{"width":2000,"height":1310,"url":"https:\/\/www.leemanleddisplay.com\/wp-content\/uploads\/1736\/12novastar-j6-led-screen-video-processor-for-video-wall_0.jpg","type":"image\/jpeg"}],"twitter_card":"summary_large_image","twitter_misc":{"\u4fa1\u683c":"&#36;1,350.00","\u5728\u5eab":"\u5728\u5eab\u3042\u308a"},"schema":{"@context":"https:\/\/schema.org","@graph":[{"@type":"WebPage","@id":"https:\/\/www.leemanleddisplay.com\/product\/novastar-j6-led-screen-video-processor-for-video-wall\/","url":"https:\/\/www.leemanleddisplay.com\/product\/novastar-j6-led-screen-video-processor-for-video-wall\/","name":"Novastar J6 LED Screen Video Processor For Video Wall","isPartOf":{"@id":"https:\/\/www.leemanleddisplay.com\/#website"},"primaryImageOfPage":{"@id":"https:\/\/www.leemanleddisplay.com\/product\/novastar-j6-led-screen-video-processor-for-video-wall\/#primaryimage"},"image":{"@id":"https:\/\/www.leemanleddisplay.com\/product\/novastar-j6-led-screen-video-processor-for-video-wall\/#primaryimage"},"thumbnailUrl":"https:\/\/www.leemanleddisplay.com\/wp-content\/uploads\/1736\/12novastar-j6-led-screen-video-processor-for-video-wall_0.jpg","datePublished":"2025-01-10T12:36:56+00:00","dateModified":"2025-07-20T01:54:49+00:00","description":"Novastar J6 LED Screen Video Processor For Video Wall. NovaStar Multi-picture Splicer H15 \/ H9 \/ H5 \/ H2 Video Splicing Processor 4K Video Processor","breadcrumb":{"@id":"https:\/\/www.leemanleddisplay.com\/product\/novastar-j6-led-screen-video-processor-for-video-wall\/#breadcrumb"},"inLanguage":"ja","potentialAction":[{"@type":"ReadAction","target":["https:\/\/www.leemanleddisplay.com\/product\/novastar-j6-led-screen-video-processor-for-video-wall\/"]}]},{"@type":"ImageObject","inLanguage":"ja","@id":"https:\/\/www.leemanleddisplay.com\/product\/novastar-j6-led-screen-video-processor-for-video-wall\/#primaryimage","url":"https:\/\/www.leemanleddisplay.com\/wp-content\/uploads\/1736\/12novastar-j6-led-screen-video-processor-for-video-wall_0.jpg","contentUrl":"https:\/\/www.leemanleddisplay.com\/wp-content\/uploads\/1736\/12novastar-j6-led-screen-video-processor-for-video-wall_0.jpg","width":2000,"height":1310},{"@type":"BreadcrumbList","@id":"https:\/\/www.leemanleddisplay.com\/product\/novastar-j6-led-screen-video-processor-for-video-wall\/#breadcrumb","itemListElement":[{"@type":"ListItem","position":1,"name":"Home","item":"https:\/\/www.leemanleddisplay.com\/"},{"@type":"ListItem","position":2,"name":"Shop","item":"https:\/\/www.leemanleddisplay.com\/shop\/"},{"@type":"ListItem","position":3,"name":"Novastar J6 LED Screen Video Processor For Video Wall"}]},{"@type":"WebSite","@id":"https:\/\/www.leemanleddisplay.com\/#website","url":"https:\/\/www.leemanleddisplay.com\/","name":"Leemanled","description":"","publisher":{"@id":"https:\/\/www.leemanleddisplay.com\/#organization"},"potentialAction":[{"@type":"SearchAction","target":{"@type":"EntryPoint","urlTemplate":"https:\/\/www.leemanleddisplay.com\/?s={search_term_string}"},"query-input":{"@type":"PropertyValueSpecification","valueRequired":true,"valueName":"search_term_string"}}],"inLanguage":"ja"},{"@type":"Organization","@id":"https:\/\/www.leemanleddisplay.com\/#organization","name":"Leemanled","url":"https:\/\/www.leemanleddisplay.com\/","logo":{"@type":"ImageObject","inLanguage":"ja","@id":"https:\/\/www.leemanleddisplay.com\/#\/schema\/logo\/image\/","url":"https:\/\/www.leemanleddisplay.com\/wp-content\/uploads\/2024\/11\/cropped-0-removebg-preview-1.png","contentUrl":"https:\/\/www.leemanleddisplay.com\/wp-content\/uploads\/2024\/11\/cropped-0-removebg-preview-1.png","width":200,"height":50,"caption":"Leemanled"},"image":{"@id":"https:\/\/www.leemanleddisplay.com\/#\/schema\/logo\/image\/"}}]},"product_price_amount":"1350.00","product_price_currency":"USD","og_availability":"instock","product_availability":"instock","product_retailer_item_id":"6790830784703","product_condition":"new"},"_links":{"self":[{"href":"https:\/\/www.leemanleddisplay.com\/ja\/wp-json\/wp\/v2\/product\/44727","targetHints":{"allow":["GET"]}}],"collection":[{"href":"https:\/\/www.leemanleddisplay.com\/ja\/wp-json\/wp\/v2\/product"}],"about":[{"href":"https:\/\/www.leemanleddisplay.com\/ja\/wp-json\/wp\/v2\/types\/product"}],"replies":[{"embeddable":true,"href":"https:\/\/www.leemanleddisplay.com\/ja\/wp-json\/wp\/v2\/comments?post=44727"}],"wp:featuredmedia":[{"embeddable":true,"href":"https:\/\/www.leemanleddisplay.com\/ja\/wp-json\/wp\/v2\/media\/44691"}],"wp:attachment":[{"href":"https:\/\/www.leemanleddisplay.com\/ja\/wp-json\/wp\/v2\/media?parent=44727"}],"wp:term":[{"taxonomy":"product_cat","embeddable":true,"href":"https:\/\/www.leemanleddisplay.com\/ja\/wp-json\/wp\/v2\/product_cat?post=44727"},{"taxonomy":"product_tag","embeddable":true,"href":"https:\/\/www.leemanleddisplay.com\/ja\/wp-json\/wp\/v2\/product_tag?post=44727"}],"curies":[{"name":"wp","href":"https:\/\/api.w.org\/{rel}","templated":true}]}}