{"id":45030,"date":"2025-01-10T12:49:58","date_gmt":"2025-01-10T12:49:58","guid":{"rendered":"https:\/\/www.leemanleddisplay.com\/product\/msd300-novastar-led-sender-card-for-full-color-led-screen\/"},"modified":"2025-07-20T01:31:59","modified_gmt":"2025-07-20T01:31:59","slug":"msd300-novastar-led-sender-card-for-full-color-led-screen","status":"publish","type":"product","link":"https:\/\/www.leemanleddisplay.com\/ja\/product\/msd300-novastar-led-sender-card-for-full-color-led-screen\/","title":{"rendered":"NOVASTAR MSD300 LED Sender Card for Full Color LED Screen"},"content":{"rendered":"<p><strong data-mce-fragment=\"1\">Characteristics of MSD300 NOVASTAR LED Sender Card for Full Color LED Screen:<\/strong><br data-mce-fragment=\"1\" \/><br data-mce-fragment=\"1\" \/><span data-mce-fragment=\"1\">1 DVI video input;<\/span><br data-mce-fragment=\"1\" \/><span data-mce-fragment=\"1\">1 audio input;<\/span><br data-mce-fragment=\"1\" \/><span data-mce-fragment=\"1\">2 Ethernet port outputs;<\/span><br data-mce-fragment=\"1\" \/><span data-mce-fragment=\"1\">USB control interface. Can be cascaded for uniform control;<\/span><br data-mce-fragment=\"1\" \/><span data-mce-fragment=\"1\">Single sending card supports resolution of 1280\u00d71024, 1024\u00d71200, 1600\u00d7848, 1920\u00d7712 or 2048\u00d7668;<\/span><br data-mce-fragment=\"1\" \/><span data-mce-fragment=\"1\">1 light sensor interface;<\/span><\/p>\n<p>&nbsp;<\/p>\n<div style=\"text-align: left;\"><\/div>\n<div style=\"text-align: left;\"><\/div>\n<p>&nbsp;<\/p>\n<p>&nbsp;<\/p>","protected":false},"excerpt":{"rendered":"<p>Characteristics of MSD300 NOVASTAR LED Sender Card for Full Color LED Screen:1 DVI video input;1 audio input;2 Ethernet port outputs;USB control interface. Can be cascaded for uniform control;Single&#8230;<\/p>","protected":false},"featured_media":45026,"comment_status":"closed","ping_status":"closed","template":"","meta":{"_monsterinsights_skip_tracking":false,"_monsterinsights_sitenote_active":false,"_monsterinsights_sitenote_note":"","_monsterinsights_sitenote_category":0},"product_cat":[138],"product_tag":[148,37],"class_list":{"0":"post-45030","1":"product","2":"type-product","3":"status-publish","4":"has-post-thumbnail","6":"product_cat-novastar","7":"product_tag-100-00-300-00","8":"product_tag-novastar","10":"first","11":"instock","12":"sale","13":"shipping-taxable","14":"purchasable","15":"product-type-simple"},"yoast_head":"<!-- This site is optimized with the Yoast SEO Premium plugin v24.1 (Yoast SEO v24.1) - https:\/\/yoast.com\/wordpress\/plugins\/seo\/ -->\n<title>MSD300 NOVASTAR LED Card | NovaStar MSD300 Sending Card<\/title>\n<meta name=\"description\" content=\"MSD300 NOVASTAR Sending Card Novastar MSD600 Novastar MSD300 Novastar receiving card ViPlex Express MCTRL300 NovaStar TB30 NovaStar TB60 NovaStar VX1000\" \/>\n<meta name=\"robots\" content=\"noindex, follow, max-snippet:-1, max-image-preview:large, max-video-preview:-1\" \/>\n<meta property=\"og:locale\" content=\"ja_JP\" \/>\n<meta property=\"og:type\" content=\"article\" \/>\n<meta property=\"og:title\" content=\"NOVASTAR MSD300 LED Sender Card for Full Color LED Screen\" \/>\n<meta property=\"og:description\" content=\"MSD300 NOVASTAR Sending Card Novastar MSD600 Novastar MSD300 Novastar receiving card ViPlex Express MCTRL300 NovaStar TB30 NovaStar TB60 NovaStar VX1000\" \/>\n<meta property=\"og:url\" content=\"https:\/\/www.leemanleddisplay.com\/ja\/product\/msd300-novastar-led-sender-card-for-full-color-led-screen\/\" \/>\n<meta property=\"og:site_name\" content=\"Leemanled\" \/>\n<meta property=\"article:modified_time\" content=\"2025-07-20T01:31:59+00:00\" \/>\n<meta property=\"og:image\" content=\"https:\/\/www.leemanleddisplay.com\/wp-content\/uploads\/1736\/13msd300-novastar-led-sender-card-for-full-color-led-screen_0.jpg\" \/>\n\t<meta property=\"og:image:width\" content=\"2000\" \/>\n\t<meta property=\"og:image:height\" content=\"1310\" \/>\n\t<meta property=\"og:image:type\" content=\"image\/jpeg\" \/>\n<meta name=\"twitter:card\" content=\"summary_large_image\" \/>\n<meta name=\"twitter:label1\" content=\"\u4fa1\u683c\" \/>\n\t<meta name=\"twitter:data1\" content=\"&#036;70.00\" \/>\n\t<meta name=\"twitter:label2\" content=\"\u5728\u5eab\" \/>\n\t<meta name=\"twitter:data2\" content=\"\u5728\u5eab\u3042\u308a\" \/>\n<script type=\"application\/ld+json\" class=\"yoast-schema-graph\">{\"@context\":\"https:\/\/schema.org\",\"@graph\":[{\"@type\":\"WebPage\",\"@id\":\"https:\/\/www.leemanleddisplay.com\/product\/msd300-novastar-led-sender-card-for-full-color-led-screen\/\",\"url\":\"https:\/\/www.leemanleddisplay.com\/product\/msd300-novastar-led-sender-card-for-full-color-led-screen\/\",\"name\":\"MSD300 NOVASTAR LED Card | NovaStar MSD300 Sending Card\",\"isPartOf\":{\"@id\":\"https:\/\/www.leemanleddisplay.com\/#website\"},\"primaryImageOfPage\":{\"@id\":\"https:\/\/www.leemanleddisplay.com\/product\/msd300-novastar-led-sender-card-for-full-color-led-screen\/#primaryimage\"},\"image\":{\"@id\":\"https:\/\/www.leemanleddisplay.com\/product\/msd300-novastar-led-sender-card-for-full-color-led-screen\/#primaryimage\"},\"thumbnailUrl\":\"https:\/\/www.leemanleddisplay.com\/wp-content\/uploads\/1736\/13msd300-novastar-led-sender-card-for-full-color-led-screen_0.jpg\",\"datePublished\":\"2025-01-10T12:49:58+00:00\",\"dateModified\":\"2025-07-20T01:31:59+00:00\",\"description\":\"MSD300 NOVASTAR Sending Card Novastar MSD600 Novastar MSD300 Novastar receiving card ViPlex Express MCTRL300 NovaStar TB30 NovaStar TB60 NovaStar VX1000\",\"breadcrumb\":{\"@id\":\"https:\/\/www.leemanleddisplay.com\/product\/msd300-novastar-led-sender-card-for-full-color-led-screen\/#breadcrumb\"},\"inLanguage\":\"ja\",\"potentialAction\":[{\"@type\":\"ReadAction\",\"target\":[\"https:\/\/www.leemanleddisplay.com\/product\/msd300-novastar-led-sender-card-for-full-color-led-screen\/\"]}]},{\"@type\":\"ImageObject\",\"inLanguage\":\"ja\",\"@id\":\"https:\/\/www.leemanleddisplay.com\/product\/msd300-novastar-led-sender-card-for-full-color-led-screen\/#primaryimage\",\"url\":\"https:\/\/www.leemanleddisplay.com\/wp-content\/uploads\/1736\/13msd300-novastar-led-sender-card-for-full-color-led-screen_0.jpg\",\"contentUrl\":\"https:\/\/www.leemanleddisplay.com\/wp-content\/uploads\/1736\/13msd300-novastar-led-sender-card-for-full-color-led-screen_0.jpg\",\"width\":2000,\"height\":1310},{\"@type\":\"BreadcrumbList\",\"@id\":\"https:\/\/www.leemanleddisplay.com\/product\/msd300-novastar-led-sender-card-for-full-color-led-screen\/#breadcrumb\",\"itemListElement\":[{\"@type\":\"ListItem\",\"position\":1,\"name\":\"Home\",\"item\":\"https:\/\/www.leemanleddisplay.com\/\"},{\"@type\":\"ListItem\",\"position\":2,\"name\":\"Shop\",\"item\":\"https:\/\/www.leemanleddisplay.com\/shop\/\"},{\"@type\":\"ListItem\",\"position\":3,\"name\":\"NOVASTAR MSD300 LED Sender Card for Full Color LED Screen\"}]},{\"@type\":\"WebSite\",\"@id\":\"https:\/\/www.leemanleddisplay.com\/#website\",\"url\":\"https:\/\/www.leemanleddisplay.com\/\",\"name\":\"Leemanled\",\"description\":\"\",\"publisher\":{\"@id\":\"https:\/\/www.leemanleddisplay.com\/#organization\"},\"potentialAction\":[{\"@type\":\"SearchAction\",\"target\":{\"@type\":\"EntryPoint\",\"urlTemplate\":\"https:\/\/www.leemanleddisplay.com\/?s={search_term_string}\"},\"query-input\":{\"@type\":\"PropertyValueSpecification\",\"valueRequired\":true,\"valueName\":\"search_term_string\"}}],\"inLanguage\":\"ja\"},{\"@type\":\"Organization\",\"@id\":\"https:\/\/www.leemanleddisplay.com\/#organization\",\"name\":\"Leemanled\",\"url\":\"https:\/\/www.leemanleddisplay.com\/\",\"logo\":{\"@type\":\"ImageObject\",\"inLanguage\":\"ja\",\"@id\":\"https:\/\/www.leemanleddisplay.com\/#\/schema\/logo\/image\/\",\"url\":\"https:\/\/www.leemanleddisplay.com\/wp-content\/uploads\/2024\/11\/cropped-0-removebg-preview-1.png\",\"contentUrl\":\"https:\/\/www.leemanleddisplay.com\/wp-content\/uploads\/2024\/11\/cropped-0-removebg-preview-1.png\",\"width\":200,\"height\":50,\"caption\":\"Leemanled\"},\"image\":{\"@id\":\"https:\/\/www.leemanleddisplay.com\/#\/schema\/logo\/image\/\"}}]}<\/script>\n<meta property=\"product:price:amount\" content=\"70.00\" \/>\n<meta property=\"product:price:currency\" content=\"USD\" \/>\n<meta property=\"og:availability\" content=\"instock\" \/>\n<meta property=\"product:availability\" content=\"instock\" \/>\n<meta property=\"product:retailer_item_id\" content=\"6744856232127\" \/>\n<meta property=\"product:condition\" content=\"new\" \/>\n<!-- \/ Yoast SEO Premium plugin. -->","yoast_head_json":{"title":"MSD300 NOVASTAR LED Card | NovaStar MSD300 Sending Card","description":"MSD300 NOVASTAR Sending Card Novastar MSD600 Novastar MSD300 Novastar receiving card ViPlex Express MCTRL300 NovaStar TB30 NovaStar TB60 NovaStar VX1000","robots":{"index":"noindex","follow":"follow","max-snippet":"max-snippet:-1","max-image-preview":"max-image-preview:large","max-video-preview":"max-video-preview:-1"},"og_locale":"ja_JP","og_type":"article","og_title":"NOVASTAR MSD300 LED Sender Card for Full Color LED Screen","og_description":"MSD300 NOVASTAR Sending Card Novastar MSD600 Novastar MSD300 Novastar receiving card ViPlex Express MCTRL300 NovaStar TB30 NovaStar TB60 NovaStar VX1000","og_url":"https:\/\/www.leemanleddisplay.com\/ja\/product\/msd300-novastar-led-sender-card-for-full-color-led-screen\/","og_site_name":"Leemanled","article_modified_time":"2025-07-20T01:31:59+00:00","og_image":[{"width":2000,"height":1310,"url":"https:\/\/www.leemanleddisplay.com\/wp-content\/uploads\/1736\/13msd300-novastar-led-sender-card-for-full-color-led-screen_0.jpg","type":"image\/jpeg"}],"twitter_card":"summary_large_image","twitter_misc":{"\u4fa1\u683c":"&#36;70.00","\u5728\u5eab":"\u5728\u5eab\u3042\u308a"},"schema":{"@context":"https:\/\/schema.org","@graph":[{"@type":"WebPage","@id":"https:\/\/www.leemanleddisplay.com\/product\/msd300-novastar-led-sender-card-for-full-color-led-screen\/","url":"https:\/\/www.leemanleddisplay.com\/product\/msd300-novastar-led-sender-card-for-full-color-led-screen\/","name":"MSD300 NOVASTAR LED Card | NovaStar MSD300 Sending Card","isPartOf":{"@id":"https:\/\/www.leemanleddisplay.com\/#website"},"primaryImageOfPage":{"@id":"https:\/\/www.leemanleddisplay.com\/product\/msd300-novastar-led-sender-card-for-full-color-led-screen\/#primaryimage"},"image":{"@id":"https:\/\/www.leemanleddisplay.com\/product\/msd300-novastar-led-sender-card-for-full-color-led-screen\/#primaryimage"},"thumbnailUrl":"https:\/\/www.leemanleddisplay.com\/wp-content\/uploads\/1736\/13msd300-novastar-led-sender-card-for-full-color-led-screen_0.jpg","datePublished":"2025-01-10T12:49:58+00:00","dateModified":"2025-07-20T01:31:59+00:00","description":"MSD300 NOVASTAR Sending Card Novastar MSD600 Novastar MSD300 Novastar receiving card ViPlex Express MCTRL300 NovaStar TB30 NovaStar TB60 NovaStar VX1000","breadcrumb":{"@id":"https:\/\/www.leemanleddisplay.com\/product\/msd300-novastar-led-sender-card-for-full-color-led-screen\/#breadcrumb"},"inLanguage":"ja","potentialAction":[{"@type":"ReadAction","target":["https:\/\/www.leemanleddisplay.com\/product\/msd300-novastar-led-sender-card-for-full-color-led-screen\/"]}]},{"@type":"ImageObject","inLanguage":"ja","@id":"https:\/\/www.leemanleddisplay.com\/product\/msd300-novastar-led-sender-card-for-full-color-led-screen\/#primaryimage","url":"https:\/\/www.leemanleddisplay.com\/wp-content\/uploads\/1736\/13msd300-novastar-led-sender-card-for-full-color-led-screen_0.jpg","contentUrl":"https:\/\/www.leemanleddisplay.com\/wp-content\/uploads\/1736\/13msd300-novastar-led-sender-card-for-full-color-led-screen_0.jpg","width":2000,"height":1310},{"@type":"BreadcrumbList","@id":"https:\/\/www.leemanleddisplay.com\/product\/msd300-novastar-led-sender-card-for-full-color-led-screen\/#breadcrumb","itemListElement":[{"@type":"ListItem","position":1,"name":"Home","item":"https:\/\/www.leemanleddisplay.com\/"},{"@type":"ListItem","position":2,"name":"Shop","item":"https:\/\/www.leemanleddisplay.com\/shop\/"},{"@type":"ListItem","position":3,"name":"NOVASTAR MSD300 LED Sender Card for Full Color LED Screen"}]},{"@type":"WebSite","@id":"https:\/\/www.leemanleddisplay.com\/#website","url":"https:\/\/www.leemanleddisplay.com\/","name":"Leemanled","description":"","publisher":{"@id":"https:\/\/www.leemanleddisplay.com\/#organization"},"potentialAction":[{"@type":"SearchAction","target":{"@type":"EntryPoint","urlTemplate":"https:\/\/www.leemanleddisplay.com\/?s={search_term_string}"},"query-input":{"@type":"PropertyValueSpecification","valueRequired":true,"valueName":"search_term_string"}}],"inLanguage":"ja"},{"@type":"Organization","@id":"https:\/\/www.leemanleddisplay.com\/#organization","name":"Leemanled","url":"https:\/\/www.leemanleddisplay.com\/","logo":{"@type":"ImageObject","inLanguage":"ja","@id":"https:\/\/www.leemanleddisplay.com\/#\/schema\/logo\/image\/","url":"https:\/\/www.leemanleddisplay.com\/wp-content\/uploads\/2024\/11\/cropped-0-removebg-preview-1.png","contentUrl":"https:\/\/www.leemanleddisplay.com\/wp-content\/uploads\/2024\/11\/cropped-0-removebg-preview-1.png","width":200,"height":50,"caption":"Leemanled"},"image":{"@id":"https:\/\/www.leemanleddisplay.com\/#\/schema\/logo\/image\/"}}]},"product_price_amount":"70.00","product_price_currency":"USD","og_availability":"instock","product_availability":"instock","product_retailer_item_id":"6744856232127","product_condition":"new"},"_links":{"self":[{"href":"https:\/\/www.leemanleddisplay.com\/ja\/wp-json\/wp\/v2\/product\/45030","targetHints":{"allow":["GET"]}}],"collection":[{"href":"https:\/\/www.leemanleddisplay.com\/ja\/wp-json\/wp\/v2\/product"}],"about":[{"href":"https:\/\/www.leemanleddisplay.com\/ja\/wp-json\/wp\/v2\/types\/product"}],"replies":[{"embeddable":true,"href":"https:\/\/www.leemanleddisplay.com\/ja\/wp-json\/wp\/v2\/comments?post=45030"}],"wp:featuredmedia":[{"embeddable":true,"href":"https:\/\/www.leemanleddisplay.com\/ja\/wp-json\/wp\/v2\/media\/45026"}],"wp:attachment":[{"href":"https:\/\/www.leemanleddisplay.com\/ja\/wp-json\/wp\/v2\/media?parent=45030"}],"wp:term":[{"taxonomy":"product_cat","embeddable":true,"href":"https:\/\/www.leemanleddisplay.com\/ja\/wp-json\/wp\/v2\/product_cat?post=45030"},{"taxonomy":"product_tag","embeddable":true,"href":"https:\/\/www.leemanleddisplay.com\/ja\/wp-json\/wp\/v2\/product_tag?post=45030"}],"curies":[{"name":"wp","href":"https:\/\/api.w.org\/{rel}","templated":true}]}}