{"id":44618,"date":"2025-01-10T12:32:17","date_gmt":"2025-01-10T12:32:17","guid":{"rendered":"https:\/\/www.leemanleddisplay.com\/product\/vdwall-a6000-4k-hd-multi-window-video-processor\/"},"modified":"2025-01-13T08:43:13","modified_gmt":"2025-01-13T08:43:13","slug":"vdwall-a6000-4k-hd-multi-window-video-processor","status":"publish","type":"product","link":"https:\/\/www.leemanleddisplay.com\/ko\/product\/vdwall-a6000-4k-hd-multi-window-video-processor\/","title":{"rendered":"VDWall A6000 4K HD Multi-window Video Processor"},"content":{"rendered":"<p data-mce-fragment=\"1\"><strong data-mce-fragment=\"1\">VDWall A6000 4K HD Multi-window Video Processor Features:<\/strong><\/p>\n<p data-mce-fragment=\"1\"><br data-mce-fragment=\"1\" \/><br data-mce-fragment=\"1\" \/><\/p>\n<p data-mce-fragment=\"1\"><strong data-mce-fragment=\"1\">VDWall A6000 4K HD Multi-window Video Processor Inputs<\/strong><\/p>\n<p data-mce-fragment=\"1\">&#8211; 12 input ports, support mixed SD(Standard Definition)\u3001HD(High Definition)\u3001UHD(Ultra High-Definition) input<\/p>\n<p data-mce-fragment=\"1\">&#8211; 6 UHD<span data-mce-fragment=\"1\">\u00a0<\/span>Inputs@<span data-mce-fragment=\"1\">\u00a0<\/span>4K2K_60Hz, maximum resolution up to 4096\u00d72160@60Hz, including HDMI2.0 \u00d7 4 DP1.2 \u00d7 2<\/p>\n<p data-mce-fragment=\"1\">&#8211; Seamless switching between different inputs, no black, splash, jitters<\/p>\n<p data-mce-fragment=\"1\"><br data-mce-fragment=\"1\" \/><br data-mce-fragment=\"1\" \/><\/p>\n<p data-mce-fragment=\"1\"><strong data-mce-fragment=\"1\">VDWall A6000 4K HD Multi-window Video Processor\u00a0Multi-window Processing<\/strong><\/p>\n<p data-mce-fragment=\"1\">&#8211; 4k -4 windows 6 images display, random zoom in\/out and overlay display<\/p>\n<p data-mce-fragment=\"1\">&#8211; 4K seamless switching and Fade-in \/ Fade-out switching<\/p>\n<p data-mce-fragment=\"1\">&#8211; Any in any out(AIAO) 4K image crop<\/p>\n<p data-mce-fragment=\"1\">&#8211;\u00a0Accurate image quality adjustment<\/p>\n<p data-mce-fragment=\"1\">&#8211; Image frame function, clearly identify different layer<\/p>\n<p data-mce-fragment=\"1\">&#8211; 16 preset display modes, seamless mode switching without black screen or blurred screen<\/p>\n<p data-mce-fragment=\"1\"><br data-mce-fragment=\"1\" \/><br data-mce-fragment=\"1\" \/><\/p>\n<p data-mce-fragment=\"1\"><strong data-mce-fragment=\"1\">VDWall A6000 4K HD Multi-window Video Processor\u00a0Outputs<\/strong><\/p>\n<p data-mce-fragment=\"1\">&#8211; Maximum 8 DVI outputs, synchronized joint split, driving capability up to 8K*2K<\/p>\n<p data-mce-fragment=\"1\">&#8211;\u00a0 Any size and position of cropped image<\/p>\n<p data-mce-fragment=\"1\">&#8211; Accurate image quality adjustment realize uniform color of different screen batches<\/p>\n<p data-mce-fragment=\"1\">&#8211;\u00a016 preset display modes, conveniently save\/load<\/p>\n<p data-mce-fragment=\"1\">&#8211; Adaptive calculation aided splicing, auto calculate mosaic parameters according to the size and position of screen units<\/p>\n<p data-mce-fragment=\"1\">&#8211; User-defined output resolution, 8 Outputs reach to 17280 pixels in width or 12800 pixels in height. High efficient outputs utilization<\/p>\n<p data-mce-fragment=\"1\"><br data-mce-fragment=\"1\" \/><br data-mce-fragment=\"1\" \/><\/p>\n<p data-mce-fragment=\"1\"><strong data-mce-fragment=\"1\">VDWall A6000 4K HD Multi-window Video Processor\u00a0Key Applications<\/strong><\/p>\n<p data-mce-fragment=\"1\">&#8211; Real 4k display specialized for small pitches LED screen, LCD wall and projector splicing<\/p>\n<p data-mce-fragment=\"1\">&#8211; Designed for high-end occasions, such as stage performance, exhibition, convention hall, school auditorium, church, advertising, monitor and control center etc<\/p>\n<p data-mce-fragment=\"1\"><br data-mce-fragment=\"1\" \/><br data-mce-fragment=\"1\" \/><\/p>\n<p data-mce-fragment=\"1\"><strong data-mce-fragment=\"1\">Others<\/strong><\/p>\n<p data-mce-fragment=\"1\">&#8211; Power on self test, convenient configuration data export and import<\/p>\n<p data-mce-fragment=\"1\">&#8211; Plug-in card design, customized input card and output card built in, convenient maintenance<\/p>\n<p data-mce-fragment=\"1\">&#8211; High stability and reliability, 7\/24 operation<\/p>\n<p data-mce-fragment=\"1\"><br data-mce-fragment=\"1\" \/><br data-mce-fragment=\"1\" \/><\/p>\n<p data-mce-fragment=\"1\"><strong data-mce-fragment=\"1\">VDWall A6000 4K HD Multi-window Video Processor Parameter:<\/strong><\/p>\n<table border=\"1\" cellpadding=\"0\" cellspacing=\"0\" data-mce-fragment=\"1\">\n<colgroup data-mce-fragment=\"1\">\n<col span=\"2\" width=\"72\" data-mce-fragment=\"1\" \/><\/colgroup>\n<tbody data-mce-fragment=\"1\">\n<tr data-mce-fragment=\"1\">\n<td colspan=\"3\" data-mce-fragment=\"1\"><strong data-mce-fragment=\"1\">Features of Input Signals<\/strong><\/td>\n<\/tr>\n<tr data-mce-fragment=\"1\">\n<td rowspan=\"5\" data-mce-fragment=\"1\">Quantity\/Type<\/td>\n<td colspan=\"2\" data-mce-fragment=\"1\">4\u00d7HDMI 2.0\uff08VESA\/CEA-861\uff09<\/td>\n<\/tr>\n<tr data-mce-fragment=\"1\">\n<td colspan=\"2\" data-mce-fragment=\"1\">2\u00d7DP1.2\uff08VESA\uff09<\/td>\n<\/tr>\n<tr data-mce-fragment=\"1\">\n<td colspan=\"2\" data-mce-fragment=\"1\">2\u00d7CVBS<\/td>\n<\/tr>\n<tr data-mce-fragment=\"1\">\n<td colspan=\"2\" data-mce-fragment=\"1\">\n<p data-mce-fragment=\"1\">2\u00d7DVI\uff08VESA\/CEA-861\uff09compatible<\/p>\n<p data-mce-fragment=\"1\">with HDMI1.3a\/VGA<\/p>\n<\/td>\n<\/tr>\n<tr data-mce-fragment=\"1\">\n<td colspan=\"2\" data-mce-fragment=\"1\">2\u00d7SDI\uff08SDI\/HD-SDI\/3G-SDI\uff09<\/td>\n<\/tr>\n<tr data-mce-fragment=\"1\">\n<td data-mce-fragment=\"1\">Composite Video Input SYS<\/td>\n<td colspan=\"2\" data-mce-fragment=\"1\">PAL\/NTSC<\/td>\n<\/tr>\n<tr data-mce-fragment=\"1\">\n<td data-mce-fragment=\"1\">Composite Video Amplitude Impedance<\/td>\n<td colspan=\"2\" data-mce-fragment=\"1\">1V\uff08p_p\uff09\/ 75\u03a9<\/td>\n<\/tr>\n<tr data-mce-fragment=\"1\">\n<td data-mce-fragment=\"1\">VGA Format<\/td>\n<td data-mce-fragment=\"1\">PC\uff08VESA\uff09<\/td>\n<td data-mce-fragment=\"1\">\n<p data-mce-fragment=\"1\">\u22641920\u00d7<\/p>\n<p data-mce-fragment=\"1\">1200_60Hz<\/p>\n<\/td>\n<\/tr>\n<tr data-mce-fragment=\"1\">\n<td data-mce-fragment=\"1\">VGA Amplitude the impedance<\/td>\n<td colspan=\"2\" data-mce-fragment=\"1\">R\u3001G\u3001B = 0.7 V\uff08p_p\uff09\/ 75\u03a9<\/td>\n<\/tr>\n<tr data-mce-fragment=\"1\">\n<td data-mce-fragment=\"1\">DVI Format<\/td>\n<td data-mce-fragment=\"1\">PC\uff08VESA\uff09<\/td>\n<td data-mce-fragment=\"1\">\n<p data-mce-fragment=\"1\">\u22641920\u00d7<\/p>\n<p data-mce-fragment=\"1\">1200_60Hz<\/p>\n<\/td>\n<\/tr>\n<tr data-mce-fragment=\"1\">\n<td rowspan=\"2\" data-mce-fragment=\"1\">DMI Format\uff08HDCP2.2\uff09<\/td>\n<td data-mce-fragment=\"1\">PC\uff08VESA\uff09<\/td>\n<td rowspan=\"2\" data-mce-fragment=\"1\">\n<p data-mce-fragment=\"1\">\u22644096\u00d7<\/p>\n<p data-mce-fragment=\"1\">2160_60Hz<\/p>\n<\/td>\n<\/tr>\n<tr data-mce-fragment=\"1\">\n<td data-mce-fragment=\"1\">\n<p data-mce-fragment=\"1\">HDMI2.0<\/p>\n<p data-mce-fragment=\"1\">\uff08CEA-861\uff09<\/p>\n<\/td>\n<\/tr>\n<tr data-mce-fragment=\"1\">\n<td data-mce-fragment=\"1\">DP Format\uff08HDCP2.2\uff09<\/td>\n<td data-mce-fragment=\"1\">\n<p data-mce-fragment=\"1\">DisplayPort1.2<\/p>\n<p data-mce-fragment=\"1\">\uff08VESA\uff09<\/p>\n<\/td>\n<td data-mce-fragment=\"1\">\n<p data-mce-fragment=\"1\">\u22644096\u00d7<\/p>\n<p data-mce-fragment=\"1\">2160_60Hz<\/p>\n<\/td>\n<\/tr>\n<tr data-mce-fragment=\"1\">\n<td rowspan=\"4\" data-mce-fragment=\"1\">SDI Format<\/td>\n<td data-mce-fragment=\"1\">SMPTE259M-C<\/td>\n<td data-mce-fragment=\"1\">480i_60Hz<\/td>\n<\/tr>\n<tr data-mce-fragment=\"1\">\n<td data-mce-fragment=\"1\">SMPTE 292M<\/td>\n<td data-mce-fragment=\"1\">576i_50Hz<\/td>\n<\/tr>\n<tr data-mce-fragment=\"1\">\n<td data-mce-fragment=\"1\">SMPTE 274M\/296M<\/td>\n<td data-mce-fragment=\"1\">\n<p data-mce-fragment=\"1\">720p\u3001<\/p>\n<p data-mce-fragment=\"1\">1080i\u3001<\/p>\n<p data-mce-fragment=\"1\">1080p.<\/p>\n<\/td>\n<\/tr>\n<tr data-mce-fragment=\"1\">\n<td data-mce-fragment=\"1\">SMPTE 424M\/425M<\/td>\n<td data-mce-fragment=\"1\"><\/td>\n<\/tr>\n<tr data-mce-fragment=\"1\">\n<td rowspan=\"5\" data-mce-fragment=\"1\">Input Interface<\/td>\n<td colspan=\"2\" data-mce-fragment=\"1\">CVBS: BNC\/ 75\u03a9<\/td>\n<\/tr>\n<tr data-mce-fragment=\"1\">\n<td colspan=\"2\" data-mce-fragment=\"1\">DVI: \u00a024+1 DVI_D<\/td>\n<\/tr>\n<tr data-mce-fragment=\"1\">\n<td colspan=\"2\" data-mce-fragment=\"1\">\n<p data-mce-fragment=\"1\">HDMI\uff1a<\/p>\n<p data-mce-fragment=\"1\">Type A-HDMI format<\/p>\n<\/td>\n<\/tr>\n<tr data-mce-fragment=\"1\">\n<td colspan=\"2\" data-mce-fragment=\"1\">DP: \u00a0 DisplayPort1.2<\/td>\n<\/tr>\n<tr data-mce-fragment=\"1\">\n<td colspan=\"2\" data-mce-fragment=\"1\">SDI: \u00a0BNC\/ 75\u03a9<\/td>\n<\/tr>\n<tr data-mce-fragment=\"1\">\n<td colspan=\"3\" data-mce-fragment=\"1\"><strong data-mce-fragment=\"1\">Specification of Outputs<\/strong><\/td>\n<\/tr>\n<tr data-mce-fragment=\"1\">\n<td data-mce-fragment=\"1\">Quantity \/ Type<\/td>\n<td colspan=\"2\" data-mce-fragment=\"1\">8\u00d7DVI<\/td>\n<\/tr>\n<tr data-mce-fragment=\"1\">\n<td rowspan=\"2\" data-mce-fragment=\"1\">DVI Format<\/td>\n<td colspan=\"2\" data-mce-fragment=\"1\">\n<p data-mce-fragment=\"1\">1200x1600_60Hz\u3001<\/p>\n<p data-mce-fragment=\"1\">1440x1440_60Hz\u3001<\/p>\n<\/td>\n<\/tr>\n<tr data-mce-fragment=\"1\">\n<td colspan=\"2\" data-mce-fragment=\"1\">\n<p data-mce-fragment=\"1\">1600x1344_60Hz\u3001<\/p>\n<p data-mce-fragment=\"1\">1920\u00d71080_60Hz\u3001<\/p>\n<p data-mce-fragment=\"1\">2160x960_60Hz<\/p>\n<\/td>\n<\/tr>\n<tr data-mce-fragment=\"1\">\n<td data-mce-fragment=\"1\">Output Interface<\/td>\n<td colspan=\"2\" data-mce-fragment=\"1\">DVI\uff1a24+1 DVI_D<\/td>\n<\/tr>\n<tr data-mce-fragment=\"1\">\n<td colspan=\"3\" data-mce-fragment=\"1\"><strong data-mce-fragment=\"1\">Others<\/strong><\/td>\n<\/tr>\n<tr data-mce-fragment=\"1\">\n<td data-mce-fragment=\"1\">Control Ports<\/td>\n<td colspan=\"2\" data-mce-fragment=\"1\">RS232\/USB\/LAN<\/td>\n<\/tr>\n<tr data-mce-fragment=\"1\">\n<td data-mce-fragment=\"1\">Voltage of Input<\/td>\n<td colspan=\"2\" data-mce-fragment=\"1\">\n<p data-mce-fragment=\"1\">100-240VAC \u00a0<\/p>\n<p data-mce-fragment=\"1\">50\/60Hz<\/p>\n<\/td>\n<\/tr>\n<tr data-mce-fragment=\"1\">\n<td data-mce-fragment=\"1\">Max Power Consumption<\/td>\n<td colspan=\"2\" data-mce-fragment=\"1\">75W<\/td>\n<\/tr>\n<tr data-mce-fragment=\"1\">\n<td data-mce-fragment=\"1\">Ambient Temperature<\/td>\n<td colspan=\"2\" data-mce-fragment=\"1\">0-45\u2103<\/td>\n<\/tr>\n<tr data-mce-fragment=\"1\">\n<td data-mce-fragment=\"1\">\n<p data-mce-fragment=\"1\">Ambient<\/p>\n<p data-mce-fragment=\"1\">Humidity<\/p>\n<\/td>\n<td colspan=\"2\" data-mce-fragment=\"1\">15-85%<\/td>\n<\/tr>\n<tr data-mce-fragment=\"1\">\n<td data-mce-fragment=\"1\">Product Size<\/td>\n<td colspan=\"2\" data-mce-fragment=\"1\">482&#215;465.5x89mm<\/td>\n<\/tr>\n<tr data-mce-fragment=\"1\">\n<td data-mce-fragment=\"1\">Package Size<\/td>\n<td colspan=\"2\" data-mce-fragment=\"1\">500x510x160mm<\/td>\n<\/tr>\n<tr data-mce-fragment=\"1\">\n<td data-mce-fragment=\"1\">Net Weight<\/td>\n<td colspan=\"2\" data-mce-fragment=\"1\">7.6KG<\/td>\n<\/tr>\n<\/tbody>\n<\/table>\n<p>&nbsp;<\/p>\n<p><strong>VDWall A6000 4K HD Multi-window Video Processor Introduction\uff1a<\/strong><\/p>\n<div style=\"text-align: start;\"><\/div>\n<div style=\"text-align: start;\"><\/div>\n<div style=\"text-align: start;\"><\/div>\n<div style=\"text-align: start;\"><\/div>\n<p>&nbsp;<\/p>\n<div style=\"text-align: start;\"><\/div>\n<p>&nbsp;<\/p>\n<p data-mce-fragment=\"1\"><strong data-mce-fragment=\"1\">More Pictures of VDWall A6000 4K HD Multi-window Video Processor\uff1a<\/strong><\/p>\n<div style=\"text-align: start;\"><\/div>\n<div style=\"text-align: start;\"><\/div>\n<div style=\"text-align: start;\"><\/div>\n<p data-mce-fragment=\"1\"><strong data-mce-fragment=\"1\">Download Specification<\/strong><\/p>\n<p data-mce-fragment=\"1\"><span style=\"color: #2b00ff;\">VDWall A6000 4K HD Multi-window Video Processor<strong data-mce-fragment=\"1\">\u00a0Specification<\/strong><\/span><\/p>","protected":false},"excerpt":{"rendered":"<p>VDWall A6000 4K HD Multi-window Video Processor Features: VDWall A6000 4K HD Multi-window Video Processor Inputs &#8211; 12 input ports, support mixed SD(Standard Definition)\u3001HD(High Definition)\u3001UHD(Ultra High-Definition) input -&#8230;<\/p>","protected":false},"featured_media":44607,"comment_status":"closed","ping_status":"closed","template":"","meta":{"_monsterinsights_skip_tracking":false,"_monsterinsights_sitenote_active":false,"_monsterinsights_sitenote_note":"","_monsterinsights_sitenote_category":0},"product_cat":[186],"product_tag":[140,191],"class_list":{"0":"post-44618","1":"product","2":"type-product","3":"status-publish","4":"has-post-thumbnail","6":"product_cat-vdwall","7":"product_tag-1000-00-3000-00","8":"product_tag-vdwall","10":"first","11":"instock","12":"sale","13":"shipping-taxable","14":"purchasable","15":"product-type-simple"},"yoast_head":"<!-- This site is optimized with the Yoast SEO Premium plugin v24.1 (Yoast SEO v24.1) - https:\/\/yoast.com\/wordpress\/plugins\/seo\/ -->\n<title>VDWall A6000 4K HD Multi-window Video Processor - LeemanLED<\/title>\n<meta name=\"description\" content=\"VDWall A6000 4K HD Multi-window Video Processor. VDWALL LVP300 LED Display Video Processor. Aurora LED Systems Inc. Adscope Media LLC.\" \/>\n<meta name=\"robots\" content=\"noindex, follow, max-snippet:-1, max-image-preview:large, max-video-preview:-1\" \/>\n<meta property=\"og:locale\" content=\"ko_KR\" \/>\n<meta property=\"og:type\" content=\"article\" \/>\n<meta property=\"og:title\" content=\"VDWall A6000 4K HD Multi-window Video Processor\" \/>\n<meta property=\"og:description\" content=\"VDWall A6000 4K HD Multi-window Video Processor. VDWALL LVP300 LED Display Video Processor. Aurora LED Systems Inc. Adscope Media LLC.\" \/>\n<meta property=\"og:url\" content=\"https:\/\/www.leemanleddisplay.com\/ko\/product\/vdwall-a6000-4k-hd-multi-window-video-processor\/\" \/>\n<meta property=\"og:site_name\" content=\"Leemanled\" \/>\n<meta property=\"article:modified_time\" content=\"2025-01-13T08:43:13+00:00\" \/>\n<meta property=\"og:image\" content=\"https:\/\/www.leemanleddisplay.com\/wp-content\/uploads\/1736\/12vdwall-a6000-4k-hd-multi-window-video-processor_0.jpg\" \/>\n\t<meta property=\"og:image:width\" content=\"2000\" \/>\n\t<meta property=\"og:image:height\" content=\"1310\" \/>\n\t<meta property=\"og:image:type\" content=\"image\/jpeg\" \/>\n<meta name=\"twitter:card\" content=\"summary_large_image\" \/>\n<meta name=\"twitter:label1\" content=\"Price\" \/>\n\t<meta name=\"twitter:data1\" content=\"&#036;1,000.00\" \/>\n\t<meta name=\"twitter:label2\" content=\"Availability\" \/>\n\t<meta name=\"twitter:data2\" content=\"In stock\" \/>\n<script type=\"application\/ld+json\" class=\"yoast-schema-graph\">{\"@context\":\"https:\/\/schema.org\",\"@graph\":[{\"@type\":\"WebPage\",\"@id\":\"https:\/\/www.leemanleddisplay.com\/product\/vdwall-a6000-4k-hd-multi-window-video-processor\/\",\"url\":\"https:\/\/www.leemanleddisplay.com\/product\/vdwall-a6000-4k-hd-multi-window-video-processor\/\",\"name\":\"VDWall A6000 4K HD Multi-window Video Processor - LeemanLED\",\"isPartOf\":{\"@id\":\"https:\/\/www.leemanleddisplay.com\/#website\"},\"primaryImageOfPage\":{\"@id\":\"https:\/\/www.leemanleddisplay.com\/product\/vdwall-a6000-4k-hd-multi-window-video-processor\/#primaryimage\"},\"image\":{\"@id\":\"https:\/\/www.leemanleddisplay.com\/product\/vdwall-a6000-4k-hd-multi-window-video-processor\/#primaryimage\"},\"thumbnailUrl\":\"https:\/\/www.leemanleddisplay.com\/wp-content\/uploads\/1736\/12vdwall-a6000-4k-hd-multi-window-video-processor_0.jpg\",\"datePublished\":\"2025-01-10T12:32:17+00:00\",\"dateModified\":\"2025-01-13T08:43:13+00:00\",\"description\":\"VDWall A6000 4K HD Multi-window Video Processor. VDWALL LVP300 LED Display Video Processor. Aurora LED Systems Inc. Adscope Media LLC.\",\"breadcrumb\":{\"@id\":\"https:\/\/www.leemanleddisplay.com\/product\/vdwall-a6000-4k-hd-multi-window-video-processor\/#breadcrumb\"},\"inLanguage\":\"ko-KR\",\"potentialAction\":[{\"@type\":\"ReadAction\",\"target\":[\"https:\/\/www.leemanleddisplay.com\/product\/vdwall-a6000-4k-hd-multi-window-video-processor\/\"]}]},{\"@type\":\"ImageObject\",\"inLanguage\":\"ko-KR\",\"@id\":\"https:\/\/www.leemanleddisplay.com\/product\/vdwall-a6000-4k-hd-multi-window-video-processor\/#primaryimage\",\"url\":\"https:\/\/www.leemanleddisplay.com\/wp-content\/uploads\/1736\/12vdwall-a6000-4k-hd-multi-window-video-processor_0.jpg\",\"contentUrl\":\"https:\/\/www.leemanleddisplay.com\/wp-content\/uploads\/1736\/12vdwall-a6000-4k-hd-multi-window-video-processor_0.jpg\",\"width\":2000,\"height\":1310},{\"@type\":\"BreadcrumbList\",\"@id\":\"https:\/\/www.leemanleddisplay.com\/product\/vdwall-a6000-4k-hd-multi-window-video-processor\/#breadcrumb\",\"itemListElement\":[{\"@type\":\"ListItem\",\"position\":1,\"name\":\"Home\",\"item\":\"https:\/\/www.leemanleddisplay.com\/\"},{\"@type\":\"ListItem\",\"position\":2,\"name\":\"Shop\",\"item\":\"https:\/\/www.leemanleddisplay.com\/shop\/\"},{\"@type\":\"ListItem\",\"position\":3,\"name\":\"VDWall A6000 4K HD Multi-window Video Processor\"}]},{\"@type\":\"WebSite\",\"@id\":\"https:\/\/www.leemanleddisplay.com\/#website\",\"url\":\"https:\/\/www.leemanleddisplay.com\/\",\"name\":\"Leemanled\",\"description\":\"\",\"publisher\":{\"@id\":\"https:\/\/www.leemanleddisplay.com\/#organization\"},\"potentialAction\":[{\"@type\":\"SearchAction\",\"target\":{\"@type\":\"EntryPoint\",\"urlTemplate\":\"https:\/\/www.leemanleddisplay.com\/?s={search_term_string}\"},\"query-input\":{\"@type\":\"PropertyValueSpecification\",\"valueRequired\":true,\"valueName\":\"search_term_string\"}}],\"inLanguage\":\"ko-KR\"},{\"@type\":\"Organization\",\"@id\":\"https:\/\/www.leemanleddisplay.com\/#organization\",\"name\":\"Leemanled\",\"url\":\"https:\/\/www.leemanleddisplay.com\/\",\"logo\":{\"@type\":\"ImageObject\",\"inLanguage\":\"ko-KR\",\"@id\":\"https:\/\/www.leemanleddisplay.com\/#\/schema\/logo\/image\/\",\"url\":\"https:\/\/www.leemanleddisplay.com\/wp-content\/uploads\/2024\/11\/cropped-0-removebg-preview-1.png\",\"contentUrl\":\"https:\/\/www.leemanleddisplay.com\/wp-content\/uploads\/2024\/11\/cropped-0-removebg-preview-1.png\",\"width\":200,\"height\":50,\"caption\":\"Leemanled\"},\"image\":{\"@id\":\"https:\/\/www.leemanleddisplay.com\/#\/schema\/logo\/image\/\"}}]}<\/script>\n<meta property=\"product:price:amount\" content=\"1000.00\" \/>\n<meta property=\"product:price:currency\" content=\"USD\" \/>\n<meta property=\"og:availability\" content=\"instock\" \/>\n<meta property=\"product:availability\" content=\"instock\" \/>\n<meta property=\"product:retailer_item_id\" content=\"6794112925887\" \/>\n<meta property=\"product:condition\" content=\"new\" \/>\n<!-- \/ Yoast SEO Premium plugin. -->","yoast_head_json":{"title":"VDWall A6000 4K HD Multi-window Video Processor - LeemanLED","description":"VDWall A6000 4K HD Multi-window Video Processor. VDWALL LVP300 LED Display Video Processor. Aurora LED Systems Inc. Adscope Media LLC.","robots":{"index":"noindex","follow":"follow","max-snippet":"max-snippet:-1","max-image-preview":"max-image-preview:large","max-video-preview":"max-video-preview:-1"},"og_locale":"ko_KR","og_type":"article","og_title":"VDWall A6000 4K HD Multi-window Video Processor","og_description":"VDWall A6000 4K HD Multi-window Video Processor. VDWALL LVP300 LED Display Video Processor. Aurora LED Systems Inc. Adscope Media LLC.","og_url":"https:\/\/www.leemanleddisplay.com\/ko\/product\/vdwall-a6000-4k-hd-multi-window-video-processor\/","og_site_name":"Leemanled","article_modified_time":"2025-01-13T08:43:13+00:00","og_image":[{"width":2000,"height":1310,"url":"https:\/\/www.leemanleddisplay.com\/wp-content\/uploads\/1736\/12vdwall-a6000-4k-hd-multi-window-video-processor_0.jpg","type":"image\/jpeg"}],"twitter_card":"summary_large_image","twitter_misc":{"Price":"&#36;1,000.00","Availability":"In stock"},"schema":{"@context":"https:\/\/schema.org","@graph":[{"@type":"WebPage","@id":"https:\/\/www.leemanleddisplay.com\/product\/vdwall-a6000-4k-hd-multi-window-video-processor\/","url":"https:\/\/www.leemanleddisplay.com\/product\/vdwall-a6000-4k-hd-multi-window-video-processor\/","name":"VDWall A6000 4K HD Multi-window Video Processor - LeemanLED","isPartOf":{"@id":"https:\/\/www.leemanleddisplay.com\/#website"},"primaryImageOfPage":{"@id":"https:\/\/www.leemanleddisplay.com\/product\/vdwall-a6000-4k-hd-multi-window-video-processor\/#primaryimage"},"image":{"@id":"https:\/\/www.leemanleddisplay.com\/product\/vdwall-a6000-4k-hd-multi-window-video-processor\/#primaryimage"},"thumbnailUrl":"https:\/\/www.leemanleddisplay.com\/wp-content\/uploads\/1736\/12vdwall-a6000-4k-hd-multi-window-video-processor_0.jpg","datePublished":"2025-01-10T12:32:17+00:00","dateModified":"2025-01-13T08:43:13+00:00","description":"VDWall A6000 4K HD Multi-window Video Processor. VDWALL LVP300 LED Display Video Processor. Aurora LED Systems Inc. Adscope Media LLC.","breadcrumb":{"@id":"https:\/\/www.leemanleddisplay.com\/product\/vdwall-a6000-4k-hd-multi-window-video-processor\/#breadcrumb"},"inLanguage":"ko-KR","potentialAction":[{"@type":"ReadAction","target":["https:\/\/www.leemanleddisplay.com\/product\/vdwall-a6000-4k-hd-multi-window-video-processor\/"]}]},{"@type":"ImageObject","inLanguage":"ko-KR","@id":"https:\/\/www.leemanleddisplay.com\/product\/vdwall-a6000-4k-hd-multi-window-video-processor\/#primaryimage","url":"https:\/\/www.leemanleddisplay.com\/wp-content\/uploads\/1736\/12vdwall-a6000-4k-hd-multi-window-video-processor_0.jpg","contentUrl":"https:\/\/www.leemanleddisplay.com\/wp-content\/uploads\/1736\/12vdwall-a6000-4k-hd-multi-window-video-processor_0.jpg","width":2000,"height":1310},{"@type":"BreadcrumbList","@id":"https:\/\/www.leemanleddisplay.com\/product\/vdwall-a6000-4k-hd-multi-window-video-processor\/#breadcrumb","itemListElement":[{"@type":"ListItem","position":1,"name":"Home","item":"https:\/\/www.leemanleddisplay.com\/"},{"@type":"ListItem","position":2,"name":"Shop","item":"https:\/\/www.leemanleddisplay.com\/shop\/"},{"@type":"ListItem","position":3,"name":"VDWall A6000 4K HD Multi-window Video Processor"}]},{"@type":"WebSite","@id":"https:\/\/www.leemanleddisplay.com\/#website","url":"https:\/\/www.leemanleddisplay.com\/","name":"Leemanled","description":"","publisher":{"@id":"https:\/\/www.leemanleddisplay.com\/#organization"},"potentialAction":[{"@type":"SearchAction","target":{"@type":"EntryPoint","urlTemplate":"https:\/\/www.leemanleddisplay.com\/?s={search_term_string}"},"query-input":{"@type":"PropertyValueSpecification","valueRequired":true,"valueName":"search_term_string"}}],"inLanguage":"ko-KR"},{"@type":"Organization","@id":"https:\/\/www.leemanleddisplay.com\/#organization","name":"Leemanled","url":"https:\/\/www.leemanleddisplay.com\/","logo":{"@type":"ImageObject","inLanguage":"ko-KR","@id":"https:\/\/www.leemanleddisplay.com\/#\/schema\/logo\/image\/","url":"https:\/\/www.leemanleddisplay.com\/wp-content\/uploads\/2024\/11\/cropped-0-removebg-preview-1.png","contentUrl":"https:\/\/www.leemanleddisplay.com\/wp-content\/uploads\/2024\/11\/cropped-0-removebg-preview-1.png","width":200,"height":50,"caption":"Leemanled"},"image":{"@id":"https:\/\/www.leemanleddisplay.com\/#\/schema\/logo\/image\/"}}]},"product_price_amount":"1000.00","product_price_currency":"USD","og_availability":"instock","product_availability":"instock","product_retailer_item_id":"6794112925887","product_condition":"new"},"_links":{"self":[{"href":"https:\/\/www.leemanleddisplay.com\/ko\/wp-json\/wp\/v2\/product\/44618","targetHints":{"allow":["GET"]}}],"collection":[{"href":"https:\/\/www.leemanleddisplay.com\/ko\/wp-json\/wp\/v2\/product"}],"about":[{"href":"https:\/\/www.leemanleddisplay.com\/ko\/wp-json\/wp\/v2\/types\/product"}],"replies":[{"embeddable":true,"href":"https:\/\/www.leemanleddisplay.com\/ko\/wp-json\/wp\/v2\/comments?post=44618"}],"wp:featuredmedia":[{"embeddable":true,"href":"https:\/\/www.leemanleddisplay.com\/ko\/wp-json\/wp\/v2\/media\/44607"}],"wp:attachment":[{"href":"https:\/\/www.leemanleddisplay.com\/ko\/wp-json\/wp\/v2\/media?parent=44618"}],"wp:term":[{"taxonomy":"product_cat","embeddable":true,"href":"https:\/\/www.leemanleddisplay.com\/ko\/wp-json\/wp\/v2\/product_cat?post=44618"},{"taxonomy":"product_tag","embeddable":true,"href":"https:\/\/www.leemanleddisplay.com\/ko\/wp-json\/wp\/v2\/product_tag?post=44618"}],"curies":[{"name":"wp","href":"https:\/\/api.w.org\/{rel}","templated":true}]}}