{"id":42109,"date":"2025-01-10T09:36:47","date_gmt":"2025-01-10T09:36:47","guid":{"rendered":"https:\/\/www.leemanleddisplay.com\/product\/novastar-novapro-uhd-all-in-one-led-wall-video-processor\/"},"modified":"2025-07-20T02:27:31","modified_gmt":"2025-07-20T02:27:31","slug":"novastar-novapro-uhd-all-in-one-led-wall-video-processor","status":"publish","type":"product","link":"https:\/\/www.leemanleddisplay.com\/pt\/product\/novastar-novapro-uhd-all-in-one-led-wall-video-processor\/","title":{"rendered":"Novastar NovaPro UHD All-in-one LED Wall Video Processor"},"content":{"rendered":"<p data-mce-fragment=\"1\">NovaPro UHD All-in-one LED Wall Video Processor is a new all-in-one controller developed by NovaStar. By integrating video processing, video control and LED screen configuration functions into one controller, this product is capable of receiving a variety of video signals, processing and sending images of resolutions up to ultra HD 4K\u00d72K@60Hz<span data-mce-fragment=\"1\">\u00a0<\/span>and 8K\u00d71K@60Hz, and provides a maximum loading capacity of 8.8 million pixels.<\/p>\n<div data-mce-fragment=\"1\"><\/div>\n<div data-mce-fragment=\"1\">\n<p data-mce-fragment=\"1\">With the built-in Master VI smart platform, the NovaPro UHD supports layer creation, property settings, and screen configuration using the mouse, keyboard and monitor.<\/p>\n<p data-mce-fragment=\"1\">The NovaPro UHD can send the processed video to LED display through Neutrik Ethernet ports and OPT ports. Thanks to the powerful video processing and sending capabilities, this product is well suited for high-end rental applications, stage control systems and fine-pitch LED displays.<\/p>\n<p><br data-mce-fragment=\"1\" \/><br data-mce-fragment=\"1\" \/><\/p>\n<p data-mce-fragment=\"1\"><strong data-mce-fragment=\"1\">NovaPro UHD All-in-one LED Wall Video Processor Features:<\/strong><\/p>\n<ul data-mce-fragment=\"1\">\n<li data-mce-fragment=\"1\">A variety of input connectors\n<ul data-mce-fragment=\"1\">\n<li data-mce-fragment=\"1\">4 \u00d7 12G-SDI connectors with loop-through<\/li>\n<li data-mce-fragment=\"1\">1 \u00d7 HDMI 2.0 connector with loop-through<\/li>\n<li data-mce-fragment=\"1\">1 \u00d7 DP 1.2 connector<\/li>\n<\/ul>\n<\/li>\n<li data-mce-fragment=\"1\">1 \u00d7 replaceable input card<br data-mce-fragment=\"1\" \/>Input card can be DVI or HDMI (default) card.<\/li>\n<li data-mce-fragment=\"1\">16 \u00d7 Neutrik Ethernet ports and 4 \u00d7 OPT ports\n<ul data-mce-fragment=\"1\">\n<li data-mce-fragment=\"1\">The loading capacity can be up to 8.8 million pixels<\/li>\n<li data-mce-fragment=\"1\">4 \u00d7 10G OPT outputs with copy and hot backup modes<\/li>\n<\/ul>\n<\/li>\n<li data-mce-fragment=\"1\">6 \u00d7 layers, 1 \u00d7 OSD, 1 \u00d7 LOGO, and 1 \u00d7 BKG<\/li>\n<li data-mce-fragment=\"1\">2 \u00d7 layers up to 4K\u00d72K, 4 \u00d7 layers up to 2K\u00d71K<br data-mce-fragment=\"1\" \/>Layer scaling supported<\/li>\n<li data-mce-fragment=\"1\">OSD supports 4K\u00d72K resolution, cropping, opacity, dynamic or static images and position<br data-mce-fragment=\"1\" \/>settings.<\/li>\n<li data-mce-fragment=\"1\">Layer opacity adjustment, irregular layers, layer mask, and layer copying, mirroring and flipping supported\u00a0<\/li>\n<li data-mce-fragment=\"1\">Layer priority adjustment by z-order<\/li>\n<li data-mce-fragment=\"1\">Up to 8K output width or height of a single device<\/li>\n<li data-mce-fragment=\"1\">Multiviewer settings<br data-mce-fragment=\"1\" \/>Monitor the input sources, PVW, PGM, or perform mixed monitoring.<\/li>\n<li data-mce-fragment=\"1\">Quick and advanced screen configurations<\/li>\n<li data-mce-fragment=\"1\">With the built-in smart platform Master VI, LEDscreen configuration and layer configuration canbe easily performed using the connected mouse, keyboard and monitor.<\/li>\n<li data-mce-fragment=\"1\">10-bit processing of the input source<\/li>\n<li data-mce-fragment=\"1\">HDR function to make images finer and smoother (NovaStar A8s or A10s Plus receiving card required)<\/li>\n<li data-mce-fragment=\"1\">Low latency output<br data-mce-fragment=\"1\" \/>The delay from the input source to receiving card can be as low as 1 frame when the lowlatency and synchronization functions are turned on and the data runs vertically on the screen.<\/li>\n<\/ul>\n<\/div>\n<p data-mce-fragment=\"1\"><br data-mce-fragment=\"1\" \/><br data-mce-fragment=\"1\" \/><\/p>\n<p data-mce-fragment=\"1\"><strong data-mce-fragment=\"1\">NovaPro UHD All-in-one LED Wall Video Processor Parameter:<\/strong><\/p>\n<table border=\"1\" cellpadding=\"0\" cellspacing=\"0\" data-mce-fragment=\"1\">\n<colgroup data-mce-fragment=\"1\">\n<col width=\"145\" data-mce-fragment=\"1\" \/>\n<col width=\"69\" data-mce-fragment=\"1\" \/>\n<col width=\"434\" data-mce-fragment=\"1\" \/> <\/colgroup>\n<tbody data-mce-fragment=\"1\">\n<tr data-mce-fragment=\"1\">\n<td colspan=\"3\" data-mce-fragment=\"1\">Input<\/td>\n<\/tr>\n<tr data-mce-fragment=\"1\">\n<td data-mce-fragment=\"1\">Connector<\/td>\n<td data-mce-fragment=\"1\">Quantity<\/td>\n<td data-mce-fragment=\"1\">Description<\/td>\n<\/tr>\n<tr data-mce-fragment=\"1\">\n<td rowspan=\"11\" data-mce-fragment=\"1\">12G-SDI<\/td>\n<td rowspan=\"11\" data-mce-fragment=\"1\">4<\/td>\n<td data-mce-fragment=\"1\">Supports ST-2082-1 (12G), ST-2081-1 (6G), ST-424 (3G) and<\/td>\n<\/tr>\n<tr data-mce-fragment=\"1\">\n<td data-mce-fragment=\"1\"><\/td>\n<\/tr>\n<tr data-mce-fragment=\"1\">\n<td data-mce-fragment=\"1\">ST-292 (HD) standard video inputs.<\/td>\n<\/tr>\n<tr data-mce-fragment=\"1\">\n<td data-mce-fragment=\"1\"><\/td>\n<\/tr>\n<tr data-mce-fragment=\"1\">\n<td data-mce-fragment=\"1\">Input resolutions up to 4K\u00d72K@60Hz<span data-mce-fragment=\"1\">\u00a0<\/span>and downward compatible Supports 12G-SDI output with loop-through.<\/td>\n<\/tr>\n<tr data-mce-fragment=\"1\">\n<td data-mce-fragment=\"1\"><\/td>\n<\/tr>\n<tr data-mce-fragment=\"1\">\n<td data-mce-fragment=\"1\">Note:<\/td>\n<\/tr>\n<tr data-mce-fragment=\"1\">\n<td data-mce-fragment=\"1\"><\/td>\n<\/tr>\n<tr data-mce-fragment=\"1\">\n<td data-mce-fragment=\"1\">When the input source is a 12G-SDI signal, you must use CANARE \/ L-4.5CHD+ \/ UHDTV-SDI SDI cables and the cable length should be less than 50 m.<\/td>\n<\/tr>\n<tr data-mce-fragment=\"1\">\n<td data-mce-fragment=\"1\"><\/td>\n<\/tr>\n<tr data-mce-fragment=\"1\">\n<td data-mce-fragment=\"1\">12G-SDI connectors 1, 2 and 3 DO NOT support the deinterlaced function, but connector 4 supports the function.<\/td>\n<\/tr>\n<tr data-mce-fragment=\"1\">\n<td rowspan=\"5\" data-mce-fragment=\"1\">DP 1.2<\/td>\n<td rowspan=\"5\" data-mce-fragment=\"1\">1<\/td>\n<td data-mce-fragment=\"1\">Input resolutions up to 4K\u00d72K@60Hz<span data-mce-fragment=\"1\">\u00a0<\/span>(8K\u00d71K@60Hz) and downward compatible<\/td>\n<\/tr>\n<tr data-mce-fragment=\"1\">\n<td data-mce-fragment=\"1\"><\/td>\n<\/tr>\n<tr data-mce-fragment=\"1\">\n<td data-mce-fragment=\"1\">Supports HDCP 1.3.<\/td>\n<\/tr>\n<tr data-mce-fragment=\"1\">\n<td data-mce-fragment=\"1\"><\/td>\n<\/tr>\n<tr data-mce-fragment=\"1\">\n<td data-mce-fragment=\"1\">DOES NOT support interlaced signal inputs.<\/td>\n<\/tr>\n<tr data-mce-fragment=\"1\">\n<td rowspan=\"5\" data-mce-fragment=\"1\">HDMI 2.0<\/td>\n<td rowspan=\"5\" data-mce-fragment=\"1\">1<\/td>\n<td data-mce-fragment=\"1\">Input resolutions up to 4K\u00d72K@60Hz<span data-mce-fragment=\"1\">\u00a0<\/span>(8K\u00d71K@60Hz) and downward compatible<\/td>\n<\/tr>\n<tr data-mce-fragment=\"1\">\n<td data-mce-fragment=\"1\"><\/td>\n<\/tr>\n<tr data-mce-fragment=\"1\">\n<td data-mce-fragment=\"1\">Supports HDCP 1.4 and HDCP 2.2.<\/td>\n<\/tr>\n<tr data-mce-fragment=\"1\">\n<td data-mce-fragment=\"1\"><\/td>\n<\/tr>\n<tr data-mce-fragment=\"1\">\n<td data-mce-fragment=\"1\">DOES NOT support interlaced signal inputs. Supports HDMI 2.0 output with loop-through.<\/td>\n<\/tr>\n<tr data-mce-fragment=\"1\">\n<td rowspan=\"7\" data-mce-fragment=\"1\">HDMI 1.3<\/td>\n<td rowspan=\"7\" data-mce-fragment=\"1\">4<\/td>\n<td data-mce-fragment=\"1\">D_4\u00d7HDMI 1.3 input card by default<\/td>\n<\/tr>\n<tr data-mce-fragment=\"1\">\n<td data-mce-fragment=\"1\"><\/td>\n<\/tr>\n<tr data-mce-fragment=\"1\">\n<td data-mce-fragment=\"1\">Input resolutions up to 1920\u00d71080@60Hz<span data-mce-fragment=\"1\">\u00a0<\/span>Supports HDCP 1.3.<\/td>\n<\/tr>\n<tr data-mce-fragment=\"1\">\n<td data-mce-fragment=\"1\"><\/td>\n<\/tr>\n<tr data-mce-fragment=\"1\">\n<td data-mce-fragment=\"1\">Supports interlaced signal inputs.<\/td>\n<\/tr>\n<tr data-mce-fragment=\"1\">\n<td data-mce-fragment=\"1\"><\/td>\n<\/tr>\n<tr data-mce-fragment=\"1\">\n<td data-mce-fragment=\"1\">The HDMI input card can be replaced by a D_4\u00d7DVI input card.<\/td>\n<\/tr>\n<tr data-mce-fragment=\"1\">\n<td colspan=\"3\" data-mce-fragment=\"1\">Output<\/td>\n<\/tr>\n<tr data-mce-fragment=\"1\">\n<td data-mce-fragment=\"1\">Connector<\/td>\n<td data-mce-fragment=\"1\">Quantity<\/td>\n<td data-mce-fragment=\"1\">Description<\/td>\n<\/tr>\n<tr data-mce-fragment=\"1\">\n<td rowspan=\"5\" data-mce-fragment=\"1\">Ethernet port<\/td>\n<td rowspan=\"5\" data-mce-fragment=\"1\">16<\/td>\n<td data-mce-fragment=\"1\">Gigabit Ethernet output ports<\/td>\n<\/tr>\n<tr data-mce-fragment=\"1\">\n<td data-mce-fragment=\"1\"><\/td>\n<\/tr>\n<tr data-mce-fragment=\"1\">\n<td data-mce-fragment=\"1\">Maximum loading capacity: 8.8 million pixels<\/td>\n<\/tr>\n<tr data-mce-fragment=\"1\">\n<td data-mce-fragment=\"1\">Maximum width: 8192 pixels<\/td>\n<\/tr>\n<tr data-mce-fragment=\"1\">\n<td data-mce-fragment=\"1\">Maximum height: 8192 pixels<\/td>\n<\/tr>\n<tr data-mce-fragment=\"1\">\n<td rowspan=\"6\" data-mce-fragment=\"1\">OPT 1\u20134<\/td>\n<td rowspan=\"6\" data-mce-fragment=\"1\">4<\/td>\n<td data-mce-fragment=\"1\">10G fiber optical output ports (copy and hot backup)<\/td>\n<\/tr>\n<tr data-mce-fragment=\"1\">\n<td data-mce-fragment=\"1\"><\/td>\n<\/tr>\n<tr data-mce-fragment=\"1\">\n<td data-mce-fragment=\"1\">OPT 1 transmits data on Ethernet ports 1\u20138.<\/td>\n<\/tr>\n<tr data-mce-fragment=\"1\">\n<td data-mce-fragment=\"1\">OPT 2 transmits data on Ethernet ports 9\u201316.<\/td>\n<\/tr>\n<tr data-mce-fragment=\"1\">\n<td data-mce-fragment=\"1\">OPT 3 is the copy\/hot backup channel for OPT 1.<\/td>\n<\/tr>\n<tr data-mce-fragment=\"1\">\n<td data-mce-fragment=\"1\">OPT 4 is the copy\/hot backup channel for OPT 2.<\/td>\n<\/tr>\n<tr data-mce-fragment=\"1\">\n<td rowspan=\"3\" data-mce-fragment=\"1\">MVR<\/td>\n<td rowspan=\"3\" data-mce-fragment=\"1\">1<\/td>\n<td data-mce-fragment=\"1\">HDMI 1.3 connector<\/td>\n<\/tr>\n<tr data-mce-fragment=\"1\">\n<td data-mce-fragment=\"1\"><\/td>\n<\/tr>\n<tr data-mce-fragment=\"1\">\n<td data-mce-fragment=\"1\">A Multiviewer connector to monitor the input source, PVM, PGM or perform mixed monitoring<\/td>\n<\/tr>\n<tr data-mce-fragment=\"1\">\n<td rowspan=\"3\" data-mce-fragment=\"1\">AUX<\/td>\n<td rowspan=\"3\" data-mce-fragment=\"1\">1<\/td>\n<td data-mce-fragment=\"1\">HDMI 1.3 connector<\/td>\n<\/tr>\n<tr data-mce-fragment=\"1\">\n<td data-mce-fragment=\"1\"><\/td>\n<\/tr>\n<tr data-mce-fragment=\"1\">\n<td data-mce-fragment=\"1\">An auxiliary output connector for connecting an auxiliary device, such as a teleprompter<\/td>\n<\/tr>\n<tr data-mce-fragment=\"1\">\n<td colspan=\"3\" data-mce-fragment=\"1\">Control<\/td>\n<\/tr>\n<tr data-mce-fragment=\"1\">\n<td data-mce-fragment=\"1\">Connector<\/td>\n<td data-mce-fragment=\"1\">Quantity<\/td>\n<td data-mce-fragment=\"1\">Description<\/td>\n<\/tr>\n<tr data-mce-fragment=\"1\">\n<td data-mce-fragment=\"1\">ETHERNET<\/td>\n<td data-mce-fragment=\"1\">1<\/td>\n<td data-mce-fragment=\"1\">For PC communication or network connection<\/td>\n<\/tr>\n<tr data-mce-fragment=\"1\">\n<td rowspan=\"5\" data-mce-fragment=\"1\">USB<\/td>\n<td rowspan=\"5\" data-mce-fragment=\"1\">3<\/td>\n<td data-mce-fragment=\"1\">1 \u00d7 USB (Type-B): Connect to the PC for device debugging.<\/td>\n<\/tr>\n<tr data-mce-fragment=\"1\">\n<td data-mce-fragment=\"1\">2 \u00d7 USB (Type-A):<\/td>\n<\/tr>\n<tr data-mce-fragment=\"1\">\n<td data-mce-fragment=\"1\">Insert a USB drive to perform system update.<\/td>\n<\/tr>\n<tr data-mce-fragment=\"1\">\n<td data-mce-fragment=\"1\">Connect a mouse or keyboard.<\/td>\n<\/tr>\n<tr data-mce-fragment=\"1\">\n<td data-mce-fragment=\"1\">Output connector for device cascading<\/td>\n<\/tr>\n<tr data-mce-fragment=\"1\">\n<td data-mce-fragment=\"1\">GENLOCK IN-LOOP<\/td>\n<td data-mce-fragment=\"1\">1<\/td>\n<td data-mce-fragment=\"1\">Connect a synchronization signal source to synchronize the cascaded devices.<\/td>\n<\/tr>\n<tr data-mce-fragment=\"1\">\n<td data-mce-fragment=\"1\">CONTROL UI<\/td>\n<td data-mce-fragment=\"1\">1<\/td>\n<td data-mce-fragment=\"1\">Connect to a monitor for displaying the user interface of the embedded Master VI software.<\/td>\n<\/tr>\n<\/tbody>\n<\/table>\n<p data-mce-fragment=\"1\"><br data-mce-fragment=\"1\" \/><br data-mce-fragment=\"1\" \/><\/p>\n<p data-mce-fragment=\"1\">\n<p data-mce-fragment=\"1\"><strong data-mce-fragment=\"1\">Download Specification<\/strong><\/p>\n<p><span style=\"color: #2b00ff;\">NovaPro UHD All-in-one LED Wall Video Processor<b style=\"color: #2b00ff;\" data-mce-fragment=\"1\">\u00a0Specification<\/b><\/span><\/p>","protected":false},"excerpt":{"rendered":"<p>NovaPro UHD All-in-one LED Wall Video Processor is a new all-in-one controller developed by NovaStar. By integrating video processing, video control and LED screen configuration functions into one&#8230;<\/p>","protected":false},"featured_media":42104,"comment_status":"closed","ping_status":"closed","template":"","meta":{"_monsterinsights_skip_tracking":false,"_monsterinsights_sitenote_active":false,"_monsterinsights_sitenote_note":"","_monsterinsights_sitenote_category":0},"product_cat":[138],"product_tag":[146,37],"class_list":{"0":"post-42109","1":"product","2":"type-product","3":"status-publish","4":"has-post-thumbnail","6":"product_cat-novastar","7":"product_tag-above-5000-00","8":"product_tag-novastar","10":"first","11":"instock","12":"sale","13":"shipping-taxable","14":"purchasable","15":"product-type-simple"},"yoast_head":"<!-- This site is optimized with the Yoast SEO Premium plugin v24.1 (Yoast SEO v24.1) - https:\/\/yoast.com\/wordpress\/plugins\/seo\/ -->\n<title>Novastar NovaPro UHD All-in-one LED Wall Video Processor<\/title>\n<meta name=\"description\" content=\"Novastar NovaPro UHD All-in-one LED Wall Video Processor. NovaPro UHD Jr 4K All-in-one Controller. NOVASTAR UHD Jr Manual. NovaPro UHD Jr Price. NovaPro HD\" \/>\n<meta name=\"robots\" content=\"noindex, follow, max-snippet:-1, max-image-preview:large, max-video-preview:-1\" \/>\n<meta property=\"og:locale\" content=\"pt_PT\" \/>\n<meta property=\"og:type\" content=\"article\" \/>\n<meta property=\"og:title\" content=\"Novastar NovaPro UHD All-in-one LED Wall Video Processor\" \/>\n<meta property=\"og:description\" content=\"Novastar NovaPro UHD All-in-one LED Wall Video Processor. NovaPro UHD Jr 4K All-in-one Controller. NOVASTAR UHD Jr Manual. NovaPro UHD Jr Price. NovaPro HD\" \/>\n<meta property=\"og:url\" content=\"https:\/\/www.leemanleddisplay.com\/pt\/product\/novastar-novapro-uhd-all-in-one-led-wall-video-processor\/\" \/>\n<meta property=\"og:site_name\" content=\"Leemanled\" \/>\n<meta property=\"article:modified_time\" content=\"2025-07-20T02:27:31+00:00\" \/>\n<meta property=\"og:image\" content=\"https:\/\/www.leemanleddisplay.com\/wp-content\/uploads\/1736\/01novastar-novapro-uhd-all-in-one-led-wall-video-processor_0.jpg\" \/>\n\t<meta property=\"og:image:width\" content=\"2000\" \/>\n\t<meta property=\"og:image:height\" content=\"1310\" \/>\n\t<meta property=\"og:image:type\" content=\"image\/jpeg\" \/>\n<meta name=\"twitter:card\" content=\"summary_large_image\" \/>\n<meta name=\"twitter:label1\" content=\"pre\u00e7o\" \/>\n\t<meta name=\"twitter:data1\" content=\"&#036;2,000.00\" \/>\n\t<meta name=\"twitter:label2\" content=\"Disponibilidade\" \/>\n\t<meta name=\"twitter:data2\" content=\"Em stock\" \/>\n<script type=\"application\/ld+json\" class=\"yoast-schema-graph\">{\"@context\":\"https:\/\/schema.org\",\"@graph\":[{\"@type\":\"WebPage\",\"@id\":\"https:\/\/www.leemanleddisplay.com\/product\/novastar-novapro-uhd-all-in-one-led-wall-video-processor\/\",\"url\":\"https:\/\/www.leemanleddisplay.com\/product\/novastar-novapro-uhd-all-in-one-led-wall-video-processor\/\",\"name\":\"Novastar NovaPro UHD All-in-one LED Wall Video Processor\",\"isPartOf\":{\"@id\":\"https:\/\/www.leemanleddisplay.com\/#website\"},\"primaryImageOfPage\":{\"@id\":\"https:\/\/www.leemanleddisplay.com\/product\/novastar-novapro-uhd-all-in-one-led-wall-video-processor\/#primaryimage\"},\"image\":{\"@id\":\"https:\/\/www.leemanleddisplay.com\/product\/novastar-novapro-uhd-all-in-one-led-wall-video-processor\/#primaryimage\"},\"thumbnailUrl\":\"https:\/\/www.leemanleddisplay.com\/wp-content\/uploads\/1736\/01novastar-novapro-uhd-all-in-one-led-wall-video-processor_0.jpg\",\"datePublished\":\"2025-01-10T09:36:47+00:00\",\"dateModified\":\"2025-07-20T02:27:31+00:00\",\"description\":\"Novastar NovaPro UHD All-in-one LED Wall Video Processor. NovaPro UHD Jr 4K All-in-one Controller. NOVASTAR UHD Jr Manual. NovaPro UHD Jr Price. NovaPro HD\",\"breadcrumb\":{\"@id\":\"https:\/\/www.leemanleddisplay.com\/product\/novastar-novapro-uhd-all-in-one-led-wall-video-processor\/#breadcrumb\"},\"inLanguage\":\"pt-PT\",\"potentialAction\":[{\"@type\":\"ReadAction\",\"target\":[\"https:\/\/www.leemanleddisplay.com\/product\/novastar-novapro-uhd-all-in-one-led-wall-video-processor\/\"]}]},{\"@type\":\"ImageObject\",\"inLanguage\":\"pt-PT\",\"@id\":\"https:\/\/www.leemanleddisplay.com\/product\/novastar-novapro-uhd-all-in-one-led-wall-video-processor\/#primaryimage\",\"url\":\"https:\/\/www.leemanleddisplay.com\/wp-content\/uploads\/1736\/01novastar-novapro-uhd-all-in-one-led-wall-video-processor_0.jpg\",\"contentUrl\":\"https:\/\/www.leemanleddisplay.com\/wp-content\/uploads\/1736\/01novastar-novapro-uhd-all-in-one-led-wall-video-processor_0.jpg\",\"width\":2000,\"height\":1310},{\"@type\":\"BreadcrumbList\",\"@id\":\"https:\/\/www.leemanleddisplay.com\/product\/novastar-novapro-uhd-all-in-one-led-wall-video-processor\/#breadcrumb\",\"itemListElement\":[{\"@type\":\"ListItem\",\"position\":1,\"name\":\"Home\",\"item\":\"https:\/\/www.leemanleddisplay.com\/\"},{\"@type\":\"ListItem\",\"position\":2,\"name\":\"Shop\",\"item\":\"https:\/\/www.leemanleddisplay.com\/shop\/\"},{\"@type\":\"ListItem\",\"position\":3,\"name\":\"Novastar NovaPro UHD All-in-one LED Wall Video Processor\"}]},{\"@type\":\"WebSite\",\"@id\":\"https:\/\/www.leemanleddisplay.com\/#website\",\"url\":\"https:\/\/www.leemanleddisplay.com\/\",\"name\":\"Leemanled\",\"description\":\"\",\"publisher\":{\"@id\":\"https:\/\/www.leemanleddisplay.com\/#organization\"},\"potentialAction\":[{\"@type\":\"SearchAction\",\"target\":{\"@type\":\"EntryPoint\",\"urlTemplate\":\"https:\/\/www.leemanleddisplay.com\/?s={search_term_string}\"},\"query-input\":{\"@type\":\"PropertyValueSpecification\",\"valueRequired\":true,\"valueName\":\"search_term_string\"}}],\"inLanguage\":\"pt-PT\"},{\"@type\":\"Organization\",\"@id\":\"https:\/\/www.leemanleddisplay.com\/#organization\",\"name\":\"Leemanled\",\"url\":\"https:\/\/www.leemanleddisplay.com\/\",\"logo\":{\"@type\":\"ImageObject\",\"inLanguage\":\"pt-PT\",\"@id\":\"https:\/\/www.leemanleddisplay.com\/#\/schema\/logo\/image\/\",\"url\":\"https:\/\/www.leemanleddisplay.com\/wp-content\/uploads\/2024\/11\/cropped-0-removebg-preview-1.png\",\"contentUrl\":\"https:\/\/www.leemanleddisplay.com\/wp-content\/uploads\/2024\/11\/cropped-0-removebg-preview-1.png\",\"width\":200,\"height\":50,\"caption\":\"Leemanled\"},\"image\":{\"@id\":\"https:\/\/www.leemanleddisplay.com\/#\/schema\/logo\/image\/\"}}]}<\/script>\n<meta property=\"product:price:amount\" content=\"2000.00\" \/>\n<meta property=\"product:price:currency\" content=\"USD\" \/>\n<meta property=\"og:availability\" content=\"instock\" \/>\n<meta property=\"product:availability\" content=\"instock\" \/>\n<meta property=\"product:retailer_item_id\" content=\"7068927459519\" \/>\n<meta property=\"product:condition\" content=\"new\" \/>\n<!-- \/ Yoast SEO Premium plugin. -->","yoast_head_json":{"title":"Novastar NovaPro UHD All-in-one LED Wall Video Processor","description":"Novastar NovaPro UHD All-in-one LED Wall Video Processor. NovaPro UHD Jr 4K All-in-one Controller. NOVASTAR UHD Jr Manual. NovaPro UHD Jr Price. NovaPro HD","robots":{"index":"noindex","follow":"follow","max-snippet":"max-snippet:-1","max-image-preview":"max-image-preview:large","max-video-preview":"max-video-preview:-1"},"og_locale":"pt_PT","og_type":"article","og_title":"Novastar NovaPro UHD All-in-one LED Wall Video Processor","og_description":"Novastar NovaPro UHD All-in-one LED Wall Video Processor. NovaPro UHD Jr 4K All-in-one Controller. NOVASTAR UHD Jr Manual. NovaPro UHD Jr Price. NovaPro HD","og_url":"https:\/\/www.leemanleddisplay.com\/pt\/product\/novastar-novapro-uhd-all-in-one-led-wall-video-processor\/","og_site_name":"Leemanled","article_modified_time":"2025-07-20T02:27:31+00:00","og_image":[{"width":2000,"height":1310,"url":"https:\/\/www.leemanleddisplay.com\/wp-content\/uploads\/1736\/01novastar-novapro-uhd-all-in-one-led-wall-video-processor_0.jpg","type":"image\/jpeg"}],"twitter_card":"summary_large_image","twitter_misc":{"pre\u00e7o":"&#36;2,000.00","Disponibilidade":"Em stock"},"schema":{"@context":"https:\/\/schema.org","@graph":[{"@type":"WebPage","@id":"https:\/\/www.leemanleddisplay.com\/product\/novastar-novapro-uhd-all-in-one-led-wall-video-processor\/","url":"https:\/\/www.leemanleddisplay.com\/product\/novastar-novapro-uhd-all-in-one-led-wall-video-processor\/","name":"Novastar NovaPro UHD All-in-one LED Wall Video Processor","isPartOf":{"@id":"https:\/\/www.leemanleddisplay.com\/#website"},"primaryImageOfPage":{"@id":"https:\/\/www.leemanleddisplay.com\/product\/novastar-novapro-uhd-all-in-one-led-wall-video-processor\/#primaryimage"},"image":{"@id":"https:\/\/www.leemanleddisplay.com\/product\/novastar-novapro-uhd-all-in-one-led-wall-video-processor\/#primaryimage"},"thumbnailUrl":"https:\/\/www.leemanleddisplay.com\/wp-content\/uploads\/1736\/01novastar-novapro-uhd-all-in-one-led-wall-video-processor_0.jpg","datePublished":"2025-01-10T09:36:47+00:00","dateModified":"2025-07-20T02:27:31+00:00","description":"Novastar NovaPro UHD All-in-one LED Wall Video Processor. NovaPro UHD Jr 4K All-in-one Controller. NOVASTAR UHD Jr Manual. NovaPro UHD Jr Price. NovaPro HD","breadcrumb":{"@id":"https:\/\/www.leemanleddisplay.com\/product\/novastar-novapro-uhd-all-in-one-led-wall-video-processor\/#breadcrumb"},"inLanguage":"pt-PT","potentialAction":[{"@type":"ReadAction","target":["https:\/\/www.leemanleddisplay.com\/product\/novastar-novapro-uhd-all-in-one-led-wall-video-processor\/"]}]},{"@type":"ImageObject","inLanguage":"pt-PT","@id":"https:\/\/www.leemanleddisplay.com\/product\/novastar-novapro-uhd-all-in-one-led-wall-video-processor\/#primaryimage","url":"https:\/\/www.leemanleddisplay.com\/wp-content\/uploads\/1736\/01novastar-novapro-uhd-all-in-one-led-wall-video-processor_0.jpg","contentUrl":"https:\/\/www.leemanleddisplay.com\/wp-content\/uploads\/1736\/01novastar-novapro-uhd-all-in-one-led-wall-video-processor_0.jpg","width":2000,"height":1310},{"@type":"BreadcrumbList","@id":"https:\/\/www.leemanleddisplay.com\/product\/novastar-novapro-uhd-all-in-one-led-wall-video-processor\/#breadcrumb","itemListElement":[{"@type":"ListItem","position":1,"name":"Home","item":"https:\/\/www.leemanleddisplay.com\/"},{"@type":"ListItem","position":2,"name":"Shop","item":"https:\/\/www.leemanleddisplay.com\/shop\/"},{"@type":"ListItem","position":3,"name":"Novastar NovaPro UHD All-in-one LED Wall Video Processor"}]},{"@type":"WebSite","@id":"https:\/\/www.leemanleddisplay.com\/#website","url":"https:\/\/www.leemanleddisplay.com\/","name":"Leemanled","description":"","publisher":{"@id":"https:\/\/www.leemanleddisplay.com\/#organization"},"potentialAction":[{"@type":"SearchAction","target":{"@type":"EntryPoint","urlTemplate":"https:\/\/www.leemanleddisplay.com\/?s={search_term_string}"},"query-input":{"@type":"PropertyValueSpecification","valueRequired":true,"valueName":"search_term_string"}}],"inLanguage":"pt-PT"},{"@type":"Organization","@id":"https:\/\/www.leemanleddisplay.com\/#organization","name":"Leemanled","url":"https:\/\/www.leemanleddisplay.com\/","logo":{"@type":"ImageObject","inLanguage":"pt-PT","@id":"https:\/\/www.leemanleddisplay.com\/#\/schema\/logo\/image\/","url":"https:\/\/www.leemanleddisplay.com\/wp-content\/uploads\/2024\/11\/cropped-0-removebg-preview-1.png","contentUrl":"https:\/\/www.leemanleddisplay.com\/wp-content\/uploads\/2024\/11\/cropped-0-removebg-preview-1.png","width":200,"height":50,"caption":"Leemanled"},"image":{"@id":"https:\/\/www.leemanleddisplay.com\/#\/schema\/logo\/image\/"}}]},"product_price_amount":"2000.00","product_price_currency":"USD","og_availability":"instock","product_availability":"instock","product_retailer_item_id":"7068927459519","product_condition":"new"},"_links":{"self":[{"href":"https:\/\/www.leemanleddisplay.com\/pt\/wp-json\/wp\/v2\/product\/42109","targetHints":{"allow":["GET"]}}],"collection":[{"href":"https:\/\/www.leemanleddisplay.com\/pt\/wp-json\/wp\/v2\/product"}],"about":[{"href":"https:\/\/www.leemanleddisplay.com\/pt\/wp-json\/wp\/v2\/types\/product"}],"replies":[{"embeddable":true,"href":"https:\/\/www.leemanleddisplay.com\/pt\/wp-json\/wp\/v2\/comments?post=42109"}],"wp:featuredmedia":[{"embeddable":true,"href":"https:\/\/www.leemanleddisplay.com\/pt\/wp-json\/wp\/v2\/media\/42104"}],"wp:attachment":[{"href":"https:\/\/www.leemanleddisplay.com\/pt\/wp-json\/wp\/v2\/media?parent=42109"}],"wp:term":[{"taxonomy":"product_cat","embeddable":true,"href":"https:\/\/www.leemanleddisplay.com\/pt\/wp-json\/wp\/v2\/product_cat?post=42109"},{"taxonomy":"product_tag","embeddable":true,"href":"https:\/\/www.leemanleddisplay.com\/pt\/wp-json\/wp\/v2\/product_tag?post=42109"}],"curies":[{"name":"wp","href":"https:\/\/api.w.org\/{rel}","templated":true}]}}