{"id":43874,"date":"2025-01-10T11:58:14","date_gmt":"2025-01-10T11:58:14","guid":{"rendered":"https:\/\/www.leemanleddisplay.com\/product\/colorlight-x16-professional-led-wall-panel-controller-box\/"},"modified":"2025-01-13T12:56:42","modified_gmt":"2025-01-13T12:56:42","slug":"colorlight-x16-professional-led-wall-panel-controller-box","status":"publish","type":"product","link":"https:\/\/www.leemanleddisplay.com\/pt\/product\/colorlight-x16-professional-led-wall-panel-controller-box\/","title":{"rendered":"Colorlight X16 Professional LED Wall Panel Controller Box"},"content":{"rendered":"<p data-mce-fragment=\"1\">X16 is a professional LED display controller. It possesses powerful video signal receiving, splicing and processing capacities, and supports multiple signal inputs, in which the maximum input resolution is<span data-mce-fragment=\"1\">\u00a0<\/span>4K@4096\u00d72160 pixels. It supports digital ports (HDMI, DVI, SDI), and seamless switching between signals. It supports splicing, broadcast quality scaling, and seven-pictures displays.<\/p>\n<p data-mce-fragment=\"1\">\u00a0<\/p>\n<p data-mce-fragment=\"1\"><strong data-mce-fragment=\"1\">Colorlight X16 Professional LED Wall Panel Controller Box Parameter:<\/strong><\/p>\n<table border=\"1\" cellpadding=\"0\" cellspacing=\"0\" data-mce-fragment=\"1\">\n<colgroup data-mce-fragment=\"1\">\n<col span=\"2\" width=\"320\" data-mce-fragment=\"1\" \/><\/colgroup>\n<tbody data-mce-fragment=\"1\">\n<tr data-mce-fragment=\"1\">\n<td colspan=\"2\" data-mce-fragment=\"1\"><strong data-mce-fragment=\"1\">Input Interface<\/strong><\/td>\n<\/tr>\n<tr data-mce-fragment=\"1\">\n<td rowspan=\"2\" data-mce-fragment=\"1\">HDMI 2.0<\/td>\n<td data-mce-fragment=\"1\">HDMI 2.0 Input<\/td>\n<\/tr>\n<tr data-mce-fragment=\"1\">\n<td data-mce-fragment=\"1\">EIA\/CEA-861 Standard, in accordance with HDMI 2.0 standard, supports 4096\u00d72160@60Hz, supports HDCP<\/td>\n<\/tr>\n<tr data-mce-fragment=\"1\">\n<td rowspan=\"2\" data-mce-fragment=\"1\">DVI<\/td>\n<td data-mce-fragment=\"1\">4 DVI inputs<\/td>\n<\/tr>\n<tr data-mce-fragment=\"1\">\n<td data-mce-fragment=\"1\">VESA Standard (support 1920\u00d71200@60Hz), supports HDCP<\/td>\n<\/tr>\n<tr data-mce-fragment=\"1\">\n<td data-mce-fragment=\"1\">SDI<\/td>\n<td data-mce-fragment=\"1\">2 SDI-3G inputs, 1920\u00d71080P<\/td>\n<\/tr>\n<tr data-mce-fragment=\"1\">\n<td colspan=\"2\" data-mce-fragment=\"1\"><strong data-mce-fragment=\"1\">Output Interface<\/strong><\/td>\n<\/tr>\n<tr data-mce-fragment=\"1\">\n<td data-mce-fragment=\"1\">Port1-16<\/td>\n<td data-mce-fragment=\"1\">RJ45, 16 Gigabit Ethernet outputs<\/td>\n<\/tr>\n<tr data-mce-fragment=\"1\">\n<td colspan=\"2\" data-mce-fragment=\"1\"><strong data-mce-fragment=\"1\">Controlling Interface<\/strong><\/td>\n<\/tr>\n<tr data-mce-fragment=\"1\">\n<td data-mce-fragment=\"1\">LAN<\/td>\n<td data-mce-fragment=\"1\">Network control (communication with PC, or access network)<\/td>\n<\/tr>\n<tr data-mce-fragment=\"1\">\n<td data-mce-fragment=\"1\">USB_OUT<\/td>\n<td data-mce-fragment=\"1\">USB output, cascading with the next controller<\/td>\n<\/tr>\n<tr data-mce-fragment=\"1\">\n<td data-mce-fragment=\"1\">USB_IN<\/td>\n<td data-mce-fragment=\"1\">USB input, which connects with PC to configure parameters<\/td>\n<\/tr>\n<tr data-mce-fragment=\"1\">\n<td data-mce-fragment=\"1\">Genlock<\/td>\n<td data-mce-fragment=\"1\">Genlock signal input ensures synchronism of display image<\/td>\n<\/tr>\n<tr data-mce-fragment=\"1\">\n<td data-mce-fragment=\"1\">Genlock Loop<\/td>\n<td data-mce-fragment=\"1\">Genlock synchronous signal loop output<\/td>\n<\/tr>\n<tr data-mce-fragment=\"1\">\n<td colspan=\"2\" data-mce-fragment=\"1\"><strong data-mce-fragment=\"1\">4K Input Boards (Optional)<\/strong><\/td>\n<\/tr>\n<tr data-mce-fragment=\"1\">\n<td data-mce-fragment=\"1\">X16 (Standard)<\/td>\n<td data-mce-fragment=\"1\">1\u00d7HDMI 2.0 + 4\u00d7DVI<\/td>\n<\/tr>\n<tr data-mce-fragment=\"1\">\n<td data-mce-fragment=\"1\">X16B (Customized)<\/td>\n<td data-mce-fragment=\"1\">8\u00d7DVI<\/td>\n<\/tr>\n<tr data-mce-fragment=\"1\">\n<td data-mce-fragment=\"1\">X16C (Customized)<\/td>\n<td data-mce-fragment=\"1\">2\u00d7HDMI 2.0<\/td>\n<\/tr>\n<tr data-mce-fragment=\"1\">\n<td colspan=\"2\" data-mce-fragment=\"1\"><strong data-mce-fragment=\"1\">Specifications<\/strong><\/td>\n<\/tr>\n<tr data-mce-fragment=\"1\">\n<td data-mce-fragment=\"1\">Size<\/td>\n<td data-mce-fragment=\"1\">2U standard box<\/td>\n<\/tr>\n<tr data-mce-fragment=\"1\">\n<td data-mce-fragment=\"1\">Input voltage<\/td>\n<td data-mce-fragment=\"1\">AC 100~240V<\/td>\n<\/tr>\n<tr data-mce-fragment=\"1\">\n<td data-mce-fragment=\"1\">Rated Power Consumption<\/td>\n<td data-mce-fragment=\"1\">80W<\/td>\n<\/tr>\n<tr data-mce-fragment=\"1\">\n<td data-mce-fragment=\"1\">Working Temperature<\/td>\n<td data-mce-fragment=\"1\">-20~60\u2103<\/td>\n<\/tr>\n<\/tbody>\n<\/table>\n<p data-mce-fragment=\"1\">\u00a0<\/p>\n<p data-mce-fragment=\"1\">\u2022Supports various digital signal ports, including 1\u00d7HDMI 2.0, 4\u00d7DVI, 2\u00d7SDI<\/p>\n<p data-mce-fragment=\"1\">\u2022Supports input resolutions up to 4096\u00d72160@60Hz<\/p>\n<p data-mce-fragment=\"1\">\u2022Loading capacity: 8.88 million, maximum width\/height: 8192 pixels<\/p>\n<p data-mce-fragment=\"1\">\u2022Supports arbitrary switching of video sources; the input images can be spliced and scaled according to the screen resolution<\/p>\n<p data-mce-fragment=\"1\">\u2022Supports seven-pictures displays, the location and size can be adjusted freely<\/p>\n<p data-mce-fragment=\"1\">\u2022Supports HDCP 2.2<\/p>\n<p data-mce-fragment=\"1\">\u2022Dual USB2.0 for high speed configuration and easy cascading among controllers<\/p>\n<p data-mce-fragment=\"1\">\u2022Supports brightness and chromaticity adjustments<\/p>\n<p data-mce-fragment=\"1\">\u2022Supports improved gray-scale performance at low brightness<\/p>\n<p data-mce-fragment=\"1\">\u2022Compatible with all receiving cards, multifunction cards, and optical fiber transceivers of Colorlight<\/p>\n<p data-mce-fragment=\"1\"><br data-mce-fragment=\"1\" \/><br data-mce-fragment=\"1\" \/><\/p>\n<p data-mce-fragment=\"1\">","protected":false},"excerpt":{"rendered":"<p>X16 is a professional LED display controller. It possesses powerful video signal receiving, splicing and processing capacities, and supports multiple signal inputs, in which the maximum input resolution&#8230;<\/p>","protected":false},"featured_media":43866,"comment_status":"closed","ping_status":"closed","template":"","meta":{"_monsterinsights_skip_tracking":false,"_monsterinsights_sitenote_active":false,"_monsterinsights_sitenote_note":"","_monsterinsights_sitenote_category":0},"product_cat":[202],"product_tag":[140,21],"class_list":{"0":"post-43874","1":"product","2":"type-product","3":"status-publish","4":"has-post-thumbnail","6":"product_cat-colorlight","7":"product_tag-1000-00-3000-00","8":"product_tag-colorlight","10":"first","11":"instock","12":"sale","13":"shipping-taxable","14":"purchasable","15":"product-type-simple"},"yoast_head":"<!-- This site is optimized with the Yoast SEO Premium plugin v24.1 (Yoast SEO v24.1) - https:\/\/yoast.com\/wordpress\/plugins\/seo\/ -->\n<title>Colorlight X16 Professional LED Wall Panel Controller Box<\/title>\n<meta name=\"description\" content=\"Colorlight X16 Professional LED Wall Panel Controller Box. ColorLight Video Processor X20 X16E X16 X12 X8 X7 X6 X5 X4 X3 X2 X1 CS20-8K Pro CS4K Controller\" \/>\n<meta name=\"robots\" content=\"noindex, follow, max-snippet:-1, max-image-preview:large, max-video-preview:-1\" \/>\n<meta property=\"og:locale\" content=\"pt_PT\" \/>\n<meta property=\"og:type\" content=\"article\" \/>\n<meta property=\"og:title\" content=\"Colorlight X16 Professional LED Wall Panel Controller Box\" \/>\n<meta property=\"og:description\" content=\"Colorlight X16 Professional LED Wall Panel Controller Box. ColorLight Video Processor X20 X16E X16 X12 X8 X7 X6 X5 X4 X3 X2 X1 CS20-8K Pro CS4K Controller\" \/>\n<meta property=\"og:url\" content=\"https:\/\/www.leemanleddisplay.com\/pt\/product\/colorlight-x16-professional-led-wall-panel-controller-box\/\" \/>\n<meta property=\"og:site_name\" content=\"Leemanled\" \/>\n<meta property=\"article:modified_time\" content=\"2025-01-13T12:56:42+00:00\" \/>\n<meta property=\"og:image\" content=\"https:\/\/www.leemanleddisplay.com\/wp-content\/uploads\/1736\/10colorlight-x16-professional-led-wall-panel-controller-box_0.jpg\" \/>\n\t<meta property=\"og:image:width\" content=\"2000\" \/>\n\t<meta property=\"og:image:height\" content=\"1310\" \/>\n\t<meta property=\"og:image:type\" content=\"image\/jpeg\" \/>\n<meta name=\"twitter:card\" content=\"summary_large_image\" \/>\n<meta name=\"twitter:label1\" content=\"pre\u00e7o\" \/>\n\t<meta name=\"twitter:data1\" content=\"&#036;1,213.00\" \/>\n\t<meta name=\"twitter:label2\" content=\"Disponibilidade\" \/>\n\t<meta name=\"twitter:data2\" content=\"Em stock\" \/>\n<script type=\"application\/ld+json\" class=\"yoast-schema-graph\">{\"@context\":\"https:\/\/schema.org\",\"@graph\":[{\"@type\":\"WebPage\",\"@id\":\"https:\/\/www.leemanleddisplay.com\/product\/colorlight-x16-professional-led-wall-panel-controller-box\/\",\"url\":\"https:\/\/www.leemanleddisplay.com\/product\/colorlight-x16-professional-led-wall-panel-controller-box\/\",\"name\":\"Colorlight X16 Professional LED Wall Panel Controller Box\",\"isPartOf\":{\"@id\":\"https:\/\/www.leemanleddisplay.com\/#website\"},\"primaryImageOfPage\":{\"@id\":\"https:\/\/www.leemanleddisplay.com\/product\/colorlight-x16-professional-led-wall-panel-controller-box\/#primaryimage\"},\"image\":{\"@id\":\"https:\/\/www.leemanleddisplay.com\/product\/colorlight-x16-professional-led-wall-panel-controller-box\/#primaryimage\"},\"thumbnailUrl\":\"https:\/\/www.leemanleddisplay.com\/wp-content\/uploads\/1736\/10colorlight-x16-professional-led-wall-panel-controller-box_0.jpg\",\"datePublished\":\"2025-01-10T11:58:14+00:00\",\"dateModified\":\"2025-01-13T12:56:42+00:00\",\"description\":\"Colorlight X16 Professional LED Wall Panel Controller Box. ColorLight Video Processor X20 X16E X16 X12 X8 X7 X6 X5 X4 X3 X2 X1 CS20-8K Pro CS4K Controller\",\"breadcrumb\":{\"@id\":\"https:\/\/www.leemanleddisplay.com\/product\/colorlight-x16-professional-led-wall-panel-controller-box\/#breadcrumb\"},\"inLanguage\":\"pt-PT\",\"potentialAction\":[{\"@type\":\"ReadAction\",\"target\":[\"https:\/\/www.leemanleddisplay.com\/product\/colorlight-x16-professional-led-wall-panel-controller-box\/\"]}]},{\"@type\":\"ImageObject\",\"inLanguage\":\"pt-PT\",\"@id\":\"https:\/\/www.leemanleddisplay.com\/product\/colorlight-x16-professional-led-wall-panel-controller-box\/#primaryimage\",\"url\":\"https:\/\/www.leemanleddisplay.com\/wp-content\/uploads\/1736\/10colorlight-x16-professional-led-wall-panel-controller-box_0.jpg\",\"contentUrl\":\"https:\/\/www.leemanleddisplay.com\/wp-content\/uploads\/1736\/10colorlight-x16-professional-led-wall-panel-controller-box_0.jpg\",\"width\":2000,\"height\":1310},{\"@type\":\"BreadcrumbList\",\"@id\":\"https:\/\/www.leemanleddisplay.com\/product\/colorlight-x16-professional-led-wall-panel-controller-box\/#breadcrumb\",\"itemListElement\":[{\"@type\":\"ListItem\",\"position\":1,\"name\":\"Home\",\"item\":\"https:\/\/www.leemanleddisplay.com\/\"},{\"@type\":\"ListItem\",\"position\":2,\"name\":\"Shop\",\"item\":\"https:\/\/www.leemanleddisplay.com\/shop\/\"},{\"@type\":\"ListItem\",\"position\":3,\"name\":\"Colorlight X16 Professional LED Wall Panel Controller Box\"}]},{\"@type\":\"WebSite\",\"@id\":\"https:\/\/www.leemanleddisplay.com\/#website\",\"url\":\"https:\/\/www.leemanleddisplay.com\/\",\"name\":\"Leemanled\",\"description\":\"\",\"publisher\":{\"@id\":\"https:\/\/www.leemanleddisplay.com\/#organization\"},\"potentialAction\":[{\"@type\":\"SearchAction\",\"target\":{\"@type\":\"EntryPoint\",\"urlTemplate\":\"https:\/\/www.leemanleddisplay.com\/?s={search_term_string}\"},\"query-input\":{\"@type\":\"PropertyValueSpecification\",\"valueRequired\":true,\"valueName\":\"search_term_string\"}}],\"inLanguage\":\"pt-PT\"},{\"@type\":\"Organization\",\"@id\":\"https:\/\/www.leemanleddisplay.com\/#organization\",\"name\":\"Leemanled\",\"url\":\"https:\/\/www.leemanleddisplay.com\/\",\"logo\":{\"@type\":\"ImageObject\",\"inLanguage\":\"pt-PT\",\"@id\":\"https:\/\/www.leemanleddisplay.com\/#\/schema\/logo\/image\/\",\"url\":\"https:\/\/www.leemanleddisplay.com\/wp-content\/uploads\/2024\/11\/cropped-0-removebg-preview-1.png\",\"contentUrl\":\"https:\/\/www.leemanleddisplay.com\/wp-content\/uploads\/2024\/11\/cropped-0-removebg-preview-1.png\",\"width\":200,\"height\":50,\"caption\":\"Leemanled\"},\"image\":{\"@id\":\"https:\/\/www.leemanleddisplay.com\/#\/schema\/logo\/image\/\"}}]}<\/script>\n<meta property=\"product:price:amount\" content=\"1213.00\" \/>\n<meta property=\"product:price:currency\" content=\"USD\" \/>\n<meta property=\"og:availability\" content=\"instock\" \/>\n<meta property=\"product:availability\" content=\"instock\" \/>\n<meta property=\"product:retailer_item_id\" content=\"6809787367615\" \/>\n<meta property=\"product:condition\" content=\"new\" \/>\n<!-- \/ Yoast SEO Premium plugin. -->","yoast_head_json":{"title":"Colorlight X16 Professional LED Wall Panel Controller Box","description":"Colorlight X16 Professional LED Wall Panel Controller Box. ColorLight Video Processor X20 X16E X16 X12 X8 X7 X6 X5 X4 X3 X2 X1 CS20-8K Pro CS4K Controller","robots":{"index":"noindex","follow":"follow","max-snippet":"max-snippet:-1","max-image-preview":"max-image-preview:large","max-video-preview":"max-video-preview:-1"},"og_locale":"pt_PT","og_type":"article","og_title":"Colorlight X16 Professional LED Wall Panel Controller Box","og_description":"Colorlight X16 Professional LED Wall Panel Controller Box. ColorLight Video Processor X20 X16E X16 X12 X8 X7 X6 X5 X4 X3 X2 X1 CS20-8K Pro CS4K Controller","og_url":"https:\/\/www.leemanleddisplay.com\/pt\/product\/colorlight-x16-professional-led-wall-panel-controller-box\/","og_site_name":"Leemanled","article_modified_time":"2025-01-13T12:56:42+00:00","og_image":[{"width":2000,"height":1310,"url":"https:\/\/www.leemanleddisplay.com\/wp-content\/uploads\/1736\/10colorlight-x16-professional-led-wall-panel-controller-box_0.jpg","type":"image\/jpeg"}],"twitter_card":"summary_large_image","twitter_misc":{"pre\u00e7o":"&#36;1,213.00","Disponibilidade":"Em stock"},"schema":{"@context":"https:\/\/schema.org","@graph":[{"@type":"WebPage","@id":"https:\/\/www.leemanleddisplay.com\/product\/colorlight-x16-professional-led-wall-panel-controller-box\/","url":"https:\/\/www.leemanleddisplay.com\/product\/colorlight-x16-professional-led-wall-panel-controller-box\/","name":"Colorlight X16 Professional LED Wall Panel Controller Box","isPartOf":{"@id":"https:\/\/www.leemanleddisplay.com\/#website"},"primaryImageOfPage":{"@id":"https:\/\/www.leemanleddisplay.com\/product\/colorlight-x16-professional-led-wall-panel-controller-box\/#primaryimage"},"image":{"@id":"https:\/\/www.leemanleddisplay.com\/product\/colorlight-x16-professional-led-wall-panel-controller-box\/#primaryimage"},"thumbnailUrl":"https:\/\/www.leemanleddisplay.com\/wp-content\/uploads\/1736\/10colorlight-x16-professional-led-wall-panel-controller-box_0.jpg","datePublished":"2025-01-10T11:58:14+00:00","dateModified":"2025-01-13T12:56:42+00:00","description":"Colorlight X16 Professional LED Wall Panel Controller Box. ColorLight Video Processor X20 X16E X16 X12 X8 X7 X6 X5 X4 X3 X2 X1 CS20-8K Pro CS4K Controller","breadcrumb":{"@id":"https:\/\/www.leemanleddisplay.com\/product\/colorlight-x16-professional-led-wall-panel-controller-box\/#breadcrumb"},"inLanguage":"pt-PT","potentialAction":[{"@type":"ReadAction","target":["https:\/\/www.leemanleddisplay.com\/product\/colorlight-x16-professional-led-wall-panel-controller-box\/"]}]},{"@type":"ImageObject","inLanguage":"pt-PT","@id":"https:\/\/www.leemanleddisplay.com\/product\/colorlight-x16-professional-led-wall-panel-controller-box\/#primaryimage","url":"https:\/\/www.leemanleddisplay.com\/wp-content\/uploads\/1736\/10colorlight-x16-professional-led-wall-panel-controller-box_0.jpg","contentUrl":"https:\/\/www.leemanleddisplay.com\/wp-content\/uploads\/1736\/10colorlight-x16-professional-led-wall-panel-controller-box_0.jpg","width":2000,"height":1310},{"@type":"BreadcrumbList","@id":"https:\/\/www.leemanleddisplay.com\/product\/colorlight-x16-professional-led-wall-panel-controller-box\/#breadcrumb","itemListElement":[{"@type":"ListItem","position":1,"name":"Home","item":"https:\/\/www.leemanleddisplay.com\/"},{"@type":"ListItem","position":2,"name":"Shop","item":"https:\/\/www.leemanleddisplay.com\/shop\/"},{"@type":"ListItem","position":3,"name":"Colorlight X16 Professional LED Wall Panel Controller Box"}]},{"@type":"WebSite","@id":"https:\/\/www.leemanleddisplay.com\/#website","url":"https:\/\/www.leemanleddisplay.com\/","name":"Leemanled","description":"","publisher":{"@id":"https:\/\/www.leemanleddisplay.com\/#organization"},"potentialAction":[{"@type":"SearchAction","target":{"@type":"EntryPoint","urlTemplate":"https:\/\/www.leemanleddisplay.com\/?s={search_term_string}"},"query-input":{"@type":"PropertyValueSpecification","valueRequired":true,"valueName":"search_term_string"}}],"inLanguage":"pt-PT"},{"@type":"Organization","@id":"https:\/\/www.leemanleddisplay.com\/#organization","name":"Leemanled","url":"https:\/\/www.leemanleddisplay.com\/","logo":{"@type":"ImageObject","inLanguage":"pt-PT","@id":"https:\/\/www.leemanleddisplay.com\/#\/schema\/logo\/image\/","url":"https:\/\/www.leemanleddisplay.com\/wp-content\/uploads\/2024\/11\/cropped-0-removebg-preview-1.png","contentUrl":"https:\/\/www.leemanleddisplay.com\/wp-content\/uploads\/2024\/11\/cropped-0-removebg-preview-1.png","width":200,"height":50,"caption":"Leemanled"},"image":{"@id":"https:\/\/www.leemanleddisplay.com\/#\/schema\/logo\/image\/"}}]},"product_price_amount":"1213.00","product_price_currency":"USD","og_availability":"instock","product_availability":"instock","product_retailer_item_id":"6809787367615","product_condition":"new"},"_links":{"self":[{"href":"https:\/\/www.leemanleddisplay.com\/pt\/wp-json\/wp\/v2\/product\/43874","targetHints":{"allow":["GET"]}}],"collection":[{"href":"https:\/\/www.leemanleddisplay.com\/pt\/wp-json\/wp\/v2\/product"}],"about":[{"href":"https:\/\/www.leemanleddisplay.com\/pt\/wp-json\/wp\/v2\/types\/product"}],"replies":[{"embeddable":true,"href":"https:\/\/www.leemanleddisplay.com\/pt\/wp-json\/wp\/v2\/comments?post=43874"}],"wp:featuredmedia":[{"embeddable":true,"href":"https:\/\/www.leemanleddisplay.com\/pt\/wp-json\/wp\/v2\/media\/43866"}],"wp:attachment":[{"href":"https:\/\/www.leemanleddisplay.com\/pt\/wp-json\/wp\/v2\/media?parent=43874"}],"wp:term":[{"taxonomy":"product_cat","embeddable":true,"href":"https:\/\/www.leemanleddisplay.com\/pt\/wp-json\/wp\/v2\/product_cat?post=43874"},{"taxonomy":"product_tag","embeddable":true,"href":"https:\/\/www.leemanleddisplay.com\/pt\/wp-json\/wp\/v2\/product_tag?post=43874"}],"curies":[{"name":"wp","href":"https:\/\/api.w.org\/{rel}","templated":true}]}}