{"id":44525,"date":"2025-01-10T12:28:11","date_gmt":"2025-01-10T12:28:11","guid":{"rendered":"https:\/\/www.leemanleddisplay.com\/product\/vdwall-lvp100-led-high-definition-video-processor\/"},"modified":"2025-01-13T08:51:30","modified_gmt":"2025-01-13T08:51:30","slug":"vdwall-lvp100-led-high-definition-video-processor","status":"publish","type":"product","link":"https:\/\/www.leemanleddisplay.com\/pt\/product\/vdwall-lvp100-led-high-definition-video-processor\/","title":{"rendered":"VDWALL LVP100 LED High Definition Video Processor"},"content":{"rendered":"<p>This product has been <b>no longer in production<\/b> and our recommended alternatives are as follows: <b>VDWALL LVP100U<\/b><\/p>\n<p data-mce-fragment=\"1\"><strong data-mce-fragment=\"1\">VDWALL LVP100 LED High Definition Video Processor Features:<\/strong><\/p>\n<p data-mce-fragment=\"1\">1. Faroudja\u00ae Real Color\u00ae Real Color Image Processing, 10+ Bit Faroudja\u00ae DCDI De-interlacing Processing, Faroudja\u00ae TureLife\u2122Augmented Video and Image<\/p>\n<p data-mce-fragment=\"1\">2. 4 inputs, 2 outputs, dual images, it\u2019s enough for the application requirements to small LED in most cases<\/p>\n<p data-mce-fragment=\"1\">3. It allows an access to set the output resolution to fulfill the size of LED screen<\/p>\n<p data-mce-fragment=\"1\">4. DVI EDID make it possible to set the input resolution freely to make dot-to-dot display successful.<\/p>\n<p data-mce-fragment=\"1\">5. PIP \/ PBP display among any 2 images, 3 custom preset dual-images mode<\/p>\n<p data-mce-fragment=\"1\">6. Seamless switching, fade in and fade out switching<\/p>\n<p data-mce-fragment=\"1\">7. Control method: operations on front panel buttons, it\u2019s convenient and flexible for front panel users<\/p>\n<p data-mce-fragment=\"1\">8. It is enabled to put 2 sending cards inside<\/p>\n<p data-mce-fragment=\"1\">9. It is enabled to work for seven days a week and twenty four hours a day. High-reliable and stable.<\/p>\n<p data-mce-fragment=\"1\">\u00a0<\/p>\n<p data-mce-fragment=\"1\"><strong data-mce-fragment=\"1\">VDWALL LVP100 LED High Definition Video Processor Specifications:<\/strong><\/p>\n<p><span data-mce-fragment=\"1\"><strong data-mce-fragment=\"1\">Specification of Outputs<\/strong><\/span><span data-mce-fragment=\"1\"><strong data-mce-fragment=\"1\">Others<\/strong><\/span><\/p>\n<table data-mce-fragment=\"1\" cellspacing=\"0\" cellpadding=\"0\" border=\"1\">\n<colgroup data-mce-fragment=\"1\">\n<col data-mce-fragment=\"1\" width=\"72\" span=\"3\" \/><\/colgroup>\n<tbody data-mce-fragment=\"1\">\n<tr data-mce-fragment=\"1\">\n<td data-mce-fragment=\"1\" colspan=\"3\">\n<div data-mce-fragment=\"1\" align=\"center\"><span data-mce-fragment=\"1\"><strong data-mce-fragment=\"1\">Specification of Inputs<\/strong><\/span><\/div>\n<\/td>\n<\/tr>\n<tr data-mce-fragment=\"1\">\n<td data-mce-fragment=\"1\" width=\"205\" height=\"76\" class=\"xl63\">Quantity\/Type<\/td>\n<td data-mce-fragment=\"1\" width=\"410\" colspan=\"2\" class=\"xl65\">1\u00d7CVBS<br data-mce-fragment=\"1\" \/>1\u00d7VGA<span data-mce-fragment=\"1\" class=\"font6\">\uff08<\/span><span data-mce-fragment=\"1\" class=\"font5\">RGBHV<\/span><span data-mce-fragment=\"1\" class=\"font6\">\uff09<br data-mce-fragment=\"1\" \/><\/span><span data-mce-fragment=\"1\" class=\"font5\">1\u00d7DVI<\/span><span data-mce-fragment=\"1\" class=\"font6\">\uff08<\/span><span data-mce-fragment=\"1\" class=\"font5\">VESA<\/span><span data-mce-fragment=\"1\" class=\"font6\">\uff09<br data-mce-fragment=\"1\" \/><\/span><span data-mce-fragment=\"1\" class=\"font5\">1\u00d7HDMI<\/span><span data-mce-fragment=\"1\" class=\"font6\">\uff08<\/span><span data-mce-fragment=\"1\" class=\"font5\">VESA\/CEA-861<\/span><span data-mce-fragment=\"1\" class=\"font6\">\uff09<\/span><\/td>\n<\/tr>\n<tr data-mce-fragment=\"1\">\n<td data-mce-fragment=\"1\" width=\"205\" height=\"38\" class=\"xl63\">Composite Video<br data-mce-fragment=\"1\" \/>Input SYS<\/td>\n<td data-mce-fragment=\"1\" width=\"410\" colspan=\"2\" class=\"xl65\">PAL \/ NTSC<\/td>\n<\/tr>\n<tr data-mce-fragment=\"1\">\n<td data-mce-fragment=\"1\" width=\"205\" height=\"57\" class=\"xl63\">Composite Video<br data-mce-fragment=\"1\" \/>Amplitude<br data-mce-fragment=\"1\" \/>Impedance<\/td>\n<td data-mce-fragment=\"1\" width=\"410\" colspan=\"2\" class=\"xl65\">1V (p_p) \/ 75\u03a9<\/td>\n<\/tr>\n<tr data-mce-fragment=\"1\">\n<td data-mce-fragment=\"1\" width=\"205\" height=\"19\" class=\"xl63\">VGA Format\u00a0<\/td>\n<td data-mce-fragment=\"1\" width=\"205\" class=\"xl63\">PC (VESA Standard)\u00a0<\/td>\n<td data-mce-fragment=\"1\" width=\"205\" class=\"xl63\">\u22642048\u00d71152_60Hz<\/td>\n<\/tr>\n<tr data-mce-fragment=\"1\">\n<td data-mce-fragment=\"1\" width=\"205\" height=\"38\" class=\"xl63\">VGA Amplitude<br data-mce-fragment=\"1\" \/>the impedance\u00a0<\/td>\n<td data-mce-fragment=\"1\" width=\"410\" colspan=\"2\" class=\"xl65\">R<span data-mce-fragment=\"1\" class=\"font6\">\u3001<\/span><span data-mce-fragment=\"1\" class=\"font5\">G<\/span><span data-mce-fragment=\"1\" class=\"font6\">\u3001<\/span><span data-mce-fragment=\"1\" class=\"font5\">B = 0.7 V(p_p) \/ 75\u03a9<\/span><\/td>\n<\/tr>\n<tr data-mce-fragment=\"1\">\n<td data-mce-fragment=\"1\" width=\"205\" height=\"19\" class=\"xl63\">DVI Format\u00a0<\/td>\n<td data-mce-fragment=\"1\" width=\"205\" class=\"xl63\">PC (VESA Standard)\u00a0<\/td>\n<td data-mce-fragment=\"1\" width=\"205\" class=\"xl63\">\u22642304\u00d71152_60Hz<\/td>\n<\/tr>\n<tr data-mce-fragment=\"1\">\n<td data-mce-fragment=\"1\" width=\"205\" height=\"19\" class=\"xl63\">HDMI Format<\/td>\n<td data-mce-fragment=\"1\" width=\"205\" class=\"xl63\">PC (VESA Standard)\u00a0<\/td>\n<td data-mce-fragment=\"1\" width=\"205\" class=\"xl63\">\u22641920\u00d71080_60Hz<\/td>\n<\/tr>\n<tr data-mce-fragment=\"1\">\n<td data-mce-fragment=\"1\" width=\"205\" height=\"19\" class=\"xl63\">HDMI1.3 (CEA-861)\u00a0<\/td>\n<td data-mce-fragment=\"1\" width=\"410\" colspan=\"2\" class=\"xl65\">\u22641080p_60Hz<\/td>\n<\/tr>\n<tr data-mce-fragment=\"1\">\n<td data-mce-fragment=\"1\" width=\"205\" height=\"76\" class=\"xl63\">Input Interface<\/td>\n<td data-mce-fragment=\"1\" width=\"410\" colspan=\"2\" class=\"xl65\">CVBS: BNC<br data-mce-fragment=\"1\" \/>VGA: 15pin D_Sub (Female)<br data-mce-fragment=\"1\" \/>DVI: 24+1 DVI_D(Female)<br data-mce-fragment=\"1\" \/>HDMI: Type-A HDMI port<\/td>\n<\/tr>\n<tr data-mce-fragment=\"1\">\n<td data-mce-fragment=\"1\" width=\"205\" height=\"19\" class=\"xl63\">Quantity \/ Type\u00a0<\/td>\n<td data-mce-fragment=\"1\" width=\"410\" colspan=\"2\" class=\"xl65\">2\u00d7DVI<\/td>\n<\/tr>\n<tr data-mce-fragment=\"1\">\n<td data-mce-fragment=\"1\" height=\"247\" class=\"xl67\">DVI Format<\/td>\n<td data-mce-fragment=\"1\" width=\"410\" colspan=\"2\" class=\"xl65\">1024\u00d7768_60Hz\/75Hz<br data-mce-fragment=\"1\" \/>1080\u00d71920_60Hz<br data-mce-fragment=\"1\" \/>1200\u00d71600_60Hz<br data-mce-fragment=\"1\" \/>1280\u00d71024_60Hz\/75Hz<br data-mce-fragment=\"1\" \/>1600\u00d71200_60Hz-<br data-mce-fragment=\"1\" \/>1920\u00d71080_50Hz\/60Hz-<br data-mce-fragment=\"1\" \/>1366\u00d7768_60Hz-<br data-mce-fragment=\"1\" \/>1440\u00d7900_60Hz-<br data-mce-fragment=\"1\" \/>1536\u00d71536_60Hz-<br data-mce-fragment=\"1\" \/>1920\u00d71200_60Hz2048\u00d71152_60Hz<br data-mce-fragment=\"1\" \/>2304\u00d71152_60Hz<br data-mce-fragment=\"1\" \/>2560\u00d7816_60Hz2048\u00d71152_60Hz<br data-mce-fragment=\"1\" \/>2304\u00d71152_60Hz<br data-mce-fragment=\"1\" \/>2560\u00d7816_60Hz<\/td>\n<\/tr>\n<tr data-mce-fragment=\"1\">\n<td data-mce-fragment=\"1\" width=\"205\" height=\"19\" class=\"xl63\">Output Interface\u00a0<\/td>\n<td data-mce-fragment=\"1\" width=\"410\" colspan=\"2\" class=\"xl65\">DVI OUT<span data-mce-fragment=\"1\" class=\"font6\">\uff1a<\/span><span data-mce-fragment=\"1\" class=\"font5\">24+1 DVI_D<\/span><\/td>\n<\/tr>\n<tr data-mce-fragment=\"1\">\n<td data-mce-fragment=\"1\" width=\"205\" height=\"19\" class=\"xl63\">Control Ports\u00a0<\/td>\n<td data-mce-fragment=\"1\" width=\"410\" colspan=\"2\" class=\"xl65\">RS232 (Optional)<\/td>\n<\/tr>\n<tr data-mce-fragment=\"1\">\n<td data-mce-fragment=\"1\" width=\"205\" height=\"19\" class=\"xl63\">Voltage of Input\u00a0<\/td>\n<td data-mce-fragment=\"1\" width=\"410\" colspan=\"2\" class=\"xl65\">100-240VAC 50\/60Hz<\/td>\n<\/tr>\n<tr data-mce-fragment=\"1\">\n<td data-mce-fragment=\"1\" width=\"205\" height=\"38\" class=\"xl63\">Power<br data-mce-fragment=\"1\" \/>Consumption<\/td>\n<td data-mce-fragment=\"1\" width=\"410\" colspan=\"2\" class=\"xl65\">\u226425W<\/td>\n<\/tr>\n<tr data-mce-fragment=\"1\">\n<td data-mce-fragment=\"1\" width=\"205\" height=\"38\" class=\"xl63\">Temperature of<br data-mce-fragment=\"1\" \/>Environment<\/td>\n<td data-mce-fragment=\"1\" width=\"410\" colspan=\"2\" class=\"xl65\">0-45<span data-mce-fragment=\"1\" class=\"font6\">\u2103<\/span><\/td>\n<\/tr>\n<tr data-mce-fragment=\"1\">\n<td data-mce-fragment=\"1\" width=\"205\" height=\"38\" class=\"xl63\">Humidity of<br data-mce-fragment=\"1\" \/>Environment<\/td>\n<td data-mce-fragment=\"1\" width=\"410\" colspan=\"2\" class=\"xl65\">15-85%<\/td>\n<\/tr>\n<tr data-mce-fragment=\"1\">\n<td data-mce-fragment=\"1\" width=\"205\" height=\"38\" class=\"xl63\">Size of Product\u00a0<\/td>\n<td data-mce-fragment=\"1\" width=\"410\" colspan=\"2\" class=\"xl65\">482.6 (L) x 200 (W) x 44 (H)mm<\/td>\n<\/tr>\n<tr data-mce-fragment=\"1\">\n<td data-mce-fragment=\"1\" width=\"205\" height=\"38\" class=\"xl63\">Packing Size\u00a0<\/td>\n<td data-mce-fragment=\"1\" width=\"410\" colspan=\"2\" class=\"xl65\">535 (L) x 315 (W) x 145 (H)mm<\/td>\n<\/tr>\n<tr data-mce-fragment=\"1\">\n<td data-mce-fragment=\"1\" width=\"205\" height=\"19\" class=\"xl63\">Weight\u00a0<\/td>\n<td data-mce-fragment=\"1\" width=\"410\" colspan=\"2\" class=\"xl65\">G.W.: 4Kg, N.W.: 2.5Kg<\/td>\n<\/tr>\n<tr data-mce-fragment=\"1\">\n<td data-mce-fragment=\"1\" width=\"205\" height=\"76\" class=\"xl63\">Standard<br data-mce-fragment=\"1\" \/>accessories<\/td>\n<td data-mce-fragment=\"1\" width=\"410\" colspan=\"2\" class=\"xl65\">1.5m power cord \u00d71 1.5m DVI cable \u00d71<br data-mce-fragment=\"1\" \/>User manual \u00d71 operations CD \u00d71 BNC-RCA adapter \u00d71<\/td>\n<\/tr>\n<tr data-mce-fragment=\"1\">\n<td data-mce-fragment=\"1\" width=\"205\" height=\"38\" class=\"xl63\">Optional<br data-mce-fragment=\"1\" \/>accessories<\/td>\n<td data-mce-fragment=\"1\" width=\"410\" colspan=\"2\" class=\"xl65\">LED sending cards\u00d72<\/td>\n<\/tr>\n<\/tbody>\n<\/table>\n<p data-mce-fragment=\"1\">","protected":false},"excerpt":{"rendered":"<p>This product has been no longer in production and our recommended alternatives are as follows: VDWALL LVP100U VDWALL LVP100 LED High Definition Video Processor Features: 1. Faroudja\u00ae Real&#8230;<\/p>","protected":false},"featured_media":44518,"comment_status":"closed","ping_status":"closed","template":"","meta":{"_monsterinsights_skip_tracking":false,"_monsterinsights_sitenote_active":false,"_monsterinsights_sitenote_note":"","_monsterinsights_sitenote_category":0},"product_cat":[186],"product_tag":[148,191],"class_list":{"0":"post-44525","1":"product","2":"type-product","3":"status-publish","4":"has-post-thumbnail","6":"product_cat-vdwall","7":"product_tag-100-00-300-00","8":"product_tag-vdwall","10":"first","11":"instock","12":"sale","13":"shipping-taxable","14":"purchasable","15":"product-type-simple"},"yoast_head":"<!-- This site is optimized with the Yoast SEO Premium plugin v24.1 (Yoast SEO v24.1) - https:\/\/yoast.com\/wordpress\/plugins\/seo\/ -->\n<title>VDWALL LVP100 LED High Definition Video Processor - Leeman<\/title>\n<meta name=\"description\" content=\"VDWALL LVP100 LED High Definition Video Processor. VDWall LED Display Controller LVP100U LED Video Processor. VDWALL LVP615\/615S\/615D\/615U Blend\" \/>\n<meta name=\"robots\" content=\"noindex, follow, max-snippet:-1, max-image-preview:large, max-video-preview:-1\" \/>\n<meta property=\"og:locale\" content=\"pt_PT\" \/>\n<meta property=\"og:type\" content=\"article\" \/>\n<meta property=\"og:title\" content=\"VDWALL LVP100 LED High Definition Video Processor\" \/>\n<meta property=\"og:description\" content=\"VDWALL LVP100 LED High Definition Video Processor. VDWall LED Display Controller LVP100U LED Video Processor. VDWALL LVP615\/615S\/615D\/615U Blend\" \/>\n<meta property=\"og:url\" content=\"https:\/\/www.leemanleddisplay.com\/pt\/product\/vdwall-lvp100-led-high-definition-video-processor\/\" \/>\n<meta property=\"og:site_name\" content=\"Leemanled\" \/>\n<meta property=\"article:modified_time\" content=\"2025-01-13T08:51:30+00:00\" \/>\n<meta property=\"og:image\" content=\"https:\/\/www.leemanleddisplay.com\/wp-content\/uploads\/1736\/12vdwall-lvp100-led-high-definition-video-processor_0.jpg\" \/>\n\t<meta property=\"og:image:width\" content=\"2000\" \/>\n\t<meta property=\"og:image:height\" content=\"1310\" \/>\n\t<meta property=\"og:image:type\" content=\"image\/jpeg\" \/>\n<meta name=\"twitter:card\" content=\"summary_large_image\" \/>\n<meta name=\"twitter:label1\" content=\"pre\u00e7o\" \/>\n\t<meta name=\"twitter:data1\" content=\"&#036;100.00\" \/>\n\t<meta name=\"twitter:label2\" content=\"Disponibilidade\" \/>\n\t<meta name=\"twitter:data2\" content=\"Em stock\" \/>\n<script type=\"application\/ld+json\" class=\"yoast-schema-graph\">{\"@context\":\"https:\/\/schema.org\",\"@graph\":[{\"@type\":\"WebPage\",\"@id\":\"https:\/\/www.leemanleddisplay.com\/product\/vdwall-lvp100-led-high-definition-video-processor\/\",\"url\":\"https:\/\/www.leemanleddisplay.com\/product\/vdwall-lvp100-led-high-definition-video-processor\/\",\"name\":\"VDWALL LVP100 LED High Definition Video Processor - Leeman\",\"isPartOf\":{\"@id\":\"https:\/\/www.leemanleddisplay.com\/#website\"},\"primaryImageOfPage\":{\"@id\":\"https:\/\/www.leemanleddisplay.com\/product\/vdwall-lvp100-led-high-definition-video-processor\/#primaryimage\"},\"image\":{\"@id\":\"https:\/\/www.leemanleddisplay.com\/product\/vdwall-lvp100-led-high-definition-video-processor\/#primaryimage\"},\"thumbnailUrl\":\"https:\/\/www.leemanleddisplay.com\/wp-content\/uploads\/1736\/12vdwall-lvp100-led-high-definition-video-processor_0.jpg\",\"datePublished\":\"2025-01-10T12:28:11+00:00\",\"dateModified\":\"2025-01-13T08:51:30+00:00\",\"description\":\"VDWALL LVP100 LED High Definition Video Processor. VDWall LED Display Controller LVP100U LED Video Processor. VDWALL LVP615\/615S\/615D\/615U Blend\",\"breadcrumb\":{\"@id\":\"https:\/\/www.leemanleddisplay.com\/product\/vdwall-lvp100-led-high-definition-video-processor\/#breadcrumb\"},\"inLanguage\":\"pt-PT\",\"potentialAction\":[{\"@type\":\"ReadAction\",\"target\":[\"https:\/\/www.leemanleddisplay.com\/product\/vdwall-lvp100-led-high-definition-video-processor\/\"]}]},{\"@type\":\"ImageObject\",\"inLanguage\":\"pt-PT\",\"@id\":\"https:\/\/www.leemanleddisplay.com\/product\/vdwall-lvp100-led-high-definition-video-processor\/#primaryimage\",\"url\":\"https:\/\/www.leemanleddisplay.com\/wp-content\/uploads\/1736\/12vdwall-lvp100-led-high-definition-video-processor_0.jpg\",\"contentUrl\":\"https:\/\/www.leemanleddisplay.com\/wp-content\/uploads\/1736\/12vdwall-lvp100-led-high-definition-video-processor_0.jpg\",\"width\":2000,\"height\":1310},{\"@type\":\"BreadcrumbList\",\"@id\":\"https:\/\/www.leemanleddisplay.com\/product\/vdwall-lvp100-led-high-definition-video-processor\/#breadcrumb\",\"itemListElement\":[{\"@type\":\"ListItem\",\"position\":1,\"name\":\"Home\",\"item\":\"https:\/\/www.leemanleddisplay.com\/\"},{\"@type\":\"ListItem\",\"position\":2,\"name\":\"Shop\",\"item\":\"https:\/\/www.leemanleddisplay.com\/shop\/\"},{\"@type\":\"ListItem\",\"position\":3,\"name\":\"VDWALL LVP100 LED High Definition Video Processor\"}]},{\"@type\":\"WebSite\",\"@id\":\"https:\/\/www.leemanleddisplay.com\/#website\",\"url\":\"https:\/\/www.leemanleddisplay.com\/\",\"name\":\"Leemanled\",\"description\":\"\",\"publisher\":{\"@id\":\"https:\/\/www.leemanleddisplay.com\/#organization\"},\"potentialAction\":[{\"@type\":\"SearchAction\",\"target\":{\"@type\":\"EntryPoint\",\"urlTemplate\":\"https:\/\/www.leemanleddisplay.com\/?s={search_term_string}\"},\"query-input\":{\"@type\":\"PropertyValueSpecification\",\"valueRequired\":true,\"valueName\":\"search_term_string\"}}],\"inLanguage\":\"pt-PT\"},{\"@type\":\"Organization\",\"@id\":\"https:\/\/www.leemanleddisplay.com\/#organization\",\"name\":\"Leemanled\",\"url\":\"https:\/\/www.leemanleddisplay.com\/\",\"logo\":{\"@type\":\"ImageObject\",\"inLanguage\":\"pt-PT\",\"@id\":\"https:\/\/www.leemanleddisplay.com\/#\/schema\/logo\/image\/\",\"url\":\"https:\/\/www.leemanleddisplay.com\/wp-content\/uploads\/2024\/11\/cropped-0-removebg-preview-1.png\",\"contentUrl\":\"https:\/\/www.leemanleddisplay.com\/wp-content\/uploads\/2024\/11\/cropped-0-removebg-preview-1.png\",\"width\":200,\"height\":50,\"caption\":\"Leemanled\"},\"image\":{\"@id\":\"https:\/\/www.leemanleddisplay.com\/#\/schema\/logo\/image\/\"}}]}<\/script>\n<meta property=\"product:price:amount\" content=\"100.00\" \/>\n<meta property=\"product:price:currency\" content=\"USD\" \/>\n<meta property=\"og:availability\" content=\"instock\" \/>\n<meta property=\"product:availability\" content=\"instock\" \/>\n<meta property=\"product:retailer_item_id\" content=\"6794405937343\" \/>\n<meta property=\"product:condition\" content=\"new\" \/>\n<!-- \/ Yoast SEO Premium plugin. -->","yoast_head_json":{"title":"VDWALL LVP100 LED High Definition Video Processor - Leeman","description":"VDWALL LVP100 LED High Definition Video Processor. VDWall LED Display Controller LVP100U LED Video Processor. VDWALL LVP615\/615S\/615D\/615U Blend","robots":{"index":"noindex","follow":"follow","max-snippet":"max-snippet:-1","max-image-preview":"max-image-preview:large","max-video-preview":"max-video-preview:-1"},"og_locale":"pt_PT","og_type":"article","og_title":"VDWALL LVP100 LED High Definition Video Processor","og_description":"VDWALL LVP100 LED High Definition Video Processor. VDWall LED Display Controller LVP100U LED Video Processor. VDWALL LVP615\/615S\/615D\/615U Blend","og_url":"https:\/\/www.leemanleddisplay.com\/pt\/product\/vdwall-lvp100-led-high-definition-video-processor\/","og_site_name":"Leemanled","article_modified_time":"2025-01-13T08:51:30+00:00","og_image":[{"width":2000,"height":1310,"url":"https:\/\/www.leemanleddisplay.com\/wp-content\/uploads\/1736\/12vdwall-lvp100-led-high-definition-video-processor_0.jpg","type":"image\/jpeg"}],"twitter_card":"summary_large_image","twitter_misc":{"pre\u00e7o":"&#36;100.00","Disponibilidade":"Em stock"},"schema":{"@context":"https:\/\/schema.org","@graph":[{"@type":"WebPage","@id":"https:\/\/www.leemanleddisplay.com\/product\/vdwall-lvp100-led-high-definition-video-processor\/","url":"https:\/\/www.leemanleddisplay.com\/product\/vdwall-lvp100-led-high-definition-video-processor\/","name":"VDWALL LVP100 LED High Definition Video Processor - Leeman","isPartOf":{"@id":"https:\/\/www.leemanleddisplay.com\/#website"},"primaryImageOfPage":{"@id":"https:\/\/www.leemanleddisplay.com\/product\/vdwall-lvp100-led-high-definition-video-processor\/#primaryimage"},"image":{"@id":"https:\/\/www.leemanleddisplay.com\/product\/vdwall-lvp100-led-high-definition-video-processor\/#primaryimage"},"thumbnailUrl":"https:\/\/www.leemanleddisplay.com\/wp-content\/uploads\/1736\/12vdwall-lvp100-led-high-definition-video-processor_0.jpg","datePublished":"2025-01-10T12:28:11+00:00","dateModified":"2025-01-13T08:51:30+00:00","description":"VDWALL LVP100 LED High Definition Video Processor. VDWall LED Display Controller LVP100U LED Video Processor. VDWALL LVP615\/615S\/615D\/615U Blend","breadcrumb":{"@id":"https:\/\/www.leemanleddisplay.com\/product\/vdwall-lvp100-led-high-definition-video-processor\/#breadcrumb"},"inLanguage":"pt-PT","potentialAction":[{"@type":"ReadAction","target":["https:\/\/www.leemanleddisplay.com\/product\/vdwall-lvp100-led-high-definition-video-processor\/"]}]},{"@type":"ImageObject","inLanguage":"pt-PT","@id":"https:\/\/www.leemanleddisplay.com\/product\/vdwall-lvp100-led-high-definition-video-processor\/#primaryimage","url":"https:\/\/www.leemanleddisplay.com\/wp-content\/uploads\/1736\/12vdwall-lvp100-led-high-definition-video-processor_0.jpg","contentUrl":"https:\/\/www.leemanleddisplay.com\/wp-content\/uploads\/1736\/12vdwall-lvp100-led-high-definition-video-processor_0.jpg","width":2000,"height":1310},{"@type":"BreadcrumbList","@id":"https:\/\/www.leemanleddisplay.com\/product\/vdwall-lvp100-led-high-definition-video-processor\/#breadcrumb","itemListElement":[{"@type":"ListItem","position":1,"name":"Home","item":"https:\/\/www.leemanleddisplay.com\/"},{"@type":"ListItem","position":2,"name":"Shop","item":"https:\/\/www.leemanleddisplay.com\/shop\/"},{"@type":"ListItem","position":3,"name":"VDWALL LVP100 LED High Definition Video Processor"}]},{"@type":"WebSite","@id":"https:\/\/www.leemanleddisplay.com\/#website","url":"https:\/\/www.leemanleddisplay.com\/","name":"Leemanled","description":"","publisher":{"@id":"https:\/\/www.leemanleddisplay.com\/#organization"},"potentialAction":[{"@type":"SearchAction","target":{"@type":"EntryPoint","urlTemplate":"https:\/\/www.leemanleddisplay.com\/?s={search_term_string}"},"query-input":{"@type":"PropertyValueSpecification","valueRequired":true,"valueName":"search_term_string"}}],"inLanguage":"pt-PT"},{"@type":"Organization","@id":"https:\/\/www.leemanleddisplay.com\/#organization","name":"Leemanled","url":"https:\/\/www.leemanleddisplay.com\/","logo":{"@type":"ImageObject","inLanguage":"pt-PT","@id":"https:\/\/www.leemanleddisplay.com\/#\/schema\/logo\/image\/","url":"https:\/\/www.leemanleddisplay.com\/wp-content\/uploads\/2024\/11\/cropped-0-removebg-preview-1.png","contentUrl":"https:\/\/www.leemanleddisplay.com\/wp-content\/uploads\/2024\/11\/cropped-0-removebg-preview-1.png","width":200,"height":50,"caption":"Leemanled"},"image":{"@id":"https:\/\/www.leemanleddisplay.com\/#\/schema\/logo\/image\/"}}]},"product_price_amount":"100.00","product_price_currency":"USD","og_availability":"instock","product_availability":"instock","product_retailer_item_id":"6794405937343","product_condition":"new"},"_links":{"self":[{"href":"https:\/\/www.leemanleddisplay.com\/pt\/wp-json\/wp\/v2\/product\/44525","targetHints":{"allow":["GET"]}}],"collection":[{"href":"https:\/\/www.leemanleddisplay.com\/pt\/wp-json\/wp\/v2\/product"}],"about":[{"href":"https:\/\/www.leemanleddisplay.com\/pt\/wp-json\/wp\/v2\/types\/product"}],"replies":[{"embeddable":true,"href":"https:\/\/www.leemanleddisplay.com\/pt\/wp-json\/wp\/v2\/comments?post=44525"}],"wp:featuredmedia":[{"embeddable":true,"href":"https:\/\/www.leemanleddisplay.com\/pt\/wp-json\/wp\/v2\/media\/44518"}],"wp:attachment":[{"href":"https:\/\/www.leemanleddisplay.com\/pt\/wp-json\/wp\/v2\/media?parent=44525"}],"wp:term":[{"taxonomy":"product_cat","embeddable":true,"href":"https:\/\/www.leemanleddisplay.com\/pt\/wp-json\/wp\/v2\/product_cat?post=44525"},{"taxonomy":"product_tag","embeddable":true,"href":"https:\/\/www.leemanleddisplay.com\/pt\/wp-json\/wp\/v2\/product_tag?post=44525"}],"curies":[{"name":"wp","href":"https:\/\/api.w.org\/{rel}","templated":true}]}}