{"id":44547,"date":"2025-01-10T12:29:13","date_gmt":"2025-01-10T12:29:13","guid":{"rendered":"https:\/\/www.leemanleddisplay.com\/product\/vdwall-lvp605-hd-led-video-controller\/"},"modified":"2025-01-13T08:54:20","modified_gmt":"2025-01-13T08:54:20","slug":"vdwall-lvp605-hd-led-video-controller","status":"publish","type":"product","link":"https:\/\/www.leemanleddisplay.com\/pt\/product\/vdwall-lvp605-hd-led-video-controller\/","title":{"rendered":"VDWALL LVP605 HD LED Video Controller"},"content":{"rendered":"<p data-mce-fragment=\"1\"><strong data-mce-fragment=\"1\">Features of VDWALL LVP605 HD LED Video Controller:<\/strong><\/p>\n<p data-mce-fragment=\"1\"><br data-mce-fragment=\"1\" \/>1. 10+ Bit Faroudja\u00ae DCDI Cinema Processing<br data-mce-fragment=\"1\" \/>2. New Faroudja\u00ae Real Color\u00ae<br data-mce-fragment=\"1\" \/>3. Faroudja\u00ae TureLife\u2122 Video Enhancer<br data-mce-fragment=\"1\" \/>4. Advanced 4&#215;4 Pixels Interpolation Scaling Algorithm<br data-mce-fragment=\"1\" \/>5. HDMI 1.3a with HDCP, HD 1080p input<br data-mce-fragment=\"1\" \/>6. SDI. HDSDI(1080p) Input<br data-mce-fragment=\"1\" \/>7. 10-bit Processing<br data-mce-fragment=\"1\" \/>8. Seamless Switching, Fade-in \/ Fade-out<br data-mce-fragment=\"1\" \/>9. HD Text, Flash, Graphics &amp; Logo Overlay<br data-mce-fragment=\"1\" \/>10. 4 custom PIP\/POP display modes, which can be switched by pressing one button<br data-mce-fragment=\"1\" \/>11. Hot Spare function, display will be stable and reliable<br data-mce-fragment=\"1\" \/>12. Picture Freeze function<br data-mce-fragment=\"1\" \/>13. AIAO(Any In Any Out) function allows for displaying any capturing picture in specific area on the screen<br data-mce-fragment=\"1\" \/>14. 2048&#215;1152 output for single machine<br data-mce-fragment=\"1\" \/>15. Multi-machine in parallel, multi-unit installed in parallel drive indefinite LED lattice<br data-mce-fragment=\"1\" \/>16. Easy setup and adjustment through knob and keys on the panel. Full design RS232 command for operating and setting.<br data-mce-fragment=\"1\" \/>17. Press keys or knob on frontal panel to directly select 10-channel input signal source,including:<br data-mce-fragment=\"1\" \/>3\u00d7CVBS 1\u00d7DVI 1\u00d7HDMI 2\u00d7VGA<br data-mce-fragment=\"1\" \/>1\u00d7YPbPr\/ YCbCr 1\u00d7S-VIDEO<br data-mce-fragment=\"1\" \/>1\u00d7EXT.(extended module , can be VIDEO or SDI\/HD-SDI or VGA\/DVI\/HDMI)<br data-mce-fragment=\"1\" \/>18. 2 channels can be configured to connect external stereo audio, plus DVI, HDMI and SDI audio,<br data-mce-fragment=\"1\" \/>there are 5-channel audio for synchronous switch<br data-mce-fragment=\"1\" \/>19. 2 LED Transmission Cards Built-in ability (sending cards are optional)<br data-mce-fragment=\"1\" \/>20. 24\/7 Application<\/p>\n<p data-mce-fragment=\"1\"><strong data-mce-fragment=\"1\">More Pictures of VDWALL LVP605 HD LED Video Controller<\/strong><\/p>\n<div style=\"text-align: left;\"><\/div>\n<div style=\"text-align: left;\"><\/div>\n<div style=\"text-align: left;\"><\/div>\n<p data-mce-fragment=\"1\"><strong>Download Specification:<\/strong><br \/><span>VDWALL LVP605 Video Controller Specification<\/span><\/p>","protected":false},"excerpt":{"rendered":"<p>Features of VDWALL LVP605 HD LED Video Controller: 1. 10+ Bit Faroudja\u00ae DCDI Cinema Processing2. New Faroudja\u00ae Real Color\u00ae3. Faroudja\u00ae TureLife\u2122 Video Enhancer4. Advanced 4&#215;4 Pixels Interpolation Scaling&#8230;<\/p>","protected":false},"featured_media":44540,"comment_status":"closed","ping_status":"closed","template":"","meta":{"_monsterinsights_skip_tracking":false,"_monsterinsights_sitenote_active":false,"_monsterinsights_sitenote_note":"","_monsterinsights_sitenote_category":0},"product_cat":[186],"product_tag":[144,191],"class_list":{"0":"post-44547","1":"product","2":"type-product","3":"status-publish","4":"has-post-thumbnail","6":"product_cat-vdwall","7":"product_tag-300-00-500-00","8":"product_tag-vdwall","10":"first","11":"instock","12":"sale","13":"shipping-taxable","14":"purchasable","15":"product-type-simple"},"yoast_head":"<!-- This site is optimized with the Yoast SEO Premium plugin v24.1 (Yoast SEO v24.1) - https:\/\/yoast.com\/wordpress\/plugins\/seo\/ -->\n<title>VDWALL LVP605 HD LED Video Controller - Leeman LED Screen<\/title>\n<meta name=\"description\" content=\"VDWALL LVP605 HD LED Video Controller. VDWALL LVP615S HD Video Processor For Super Large Pixel LED Display Frame Synchronous software remote control\/ Wifi.\" \/>\n<meta name=\"robots\" content=\"noindex, follow, max-snippet:-1, max-image-preview:large, max-video-preview:-1\" \/>\n<meta property=\"og:locale\" content=\"pt_PT\" \/>\n<meta property=\"og:type\" content=\"article\" \/>\n<meta property=\"og:title\" content=\"VDWALL LVP605 HD LED Video Controller\" \/>\n<meta property=\"og:description\" content=\"VDWALL LVP605 HD LED Video Controller. VDWALL LVP615S HD Video Processor For Super Large Pixel LED Display Frame Synchronous software remote control\/ Wifi.\" \/>\n<meta property=\"og:url\" content=\"https:\/\/www.leemanleddisplay.com\/pt\/product\/vdwall-lvp605-hd-led-video-controller\/\" \/>\n<meta property=\"og:site_name\" content=\"Leemanled\" \/>\n<meta property=\"article:modified_time\" content=\"2025-01-13T08:54:20+00:00\" \/>\n<meta property=\"og:image\" content=\"https:\/\/www.leemanleddisplay.com\/wp-content\/uploads\/1736\/12vdwall-lvp605-hd-led-video-controller_0.jpg\" \/>\n\t<meta property=\"og:image:width\" content=\"2000\" \/>\n\t<meta property=\"og:image:height\" content=\"1310\" \/>\n\t<meta property=\"og:image:type\" content=\"image\/jpeg\" \/>\n<meta name=\"twitter:card\" content=\"summary_large_image\" \/>\n<meta name=\"twitter:label1\" content=\"pre\u00e7o\" \/>\n\t<meta name=\"twitter:data1\" content=\"&#036;359.00\" \/>\n\t<meta name=\"twitter:label2\" content=\"Disponibilidade\" \/>\n\t<meta name=\"twitter:data2\" content=\"Em stock\" \/>\n<script type=\"application\/ld+json\" class=\"yoast-schema-graph\">{\"@context\":\"https:\/\/schema.org\",\"@graph\":[{\"@type\":\"WebPage\",\"@id\":\"https:\/\/www.leemanleddisplay.com\/product\/vdwall-lvp605-hd-led-video-controller\/\",\"url\":\"https:\/\/www.leemanleddisplay.com\/product\/vdwall-lvp605-hd-led-video-controller\/\",\"name\":\"VDWALL LVP605 HD LED Video Controller - Leeman LED Screen\",\"isPartOf\":{\"@id\":\"https:\/\/www.leemanleddisplay.com\/#website\"},\"primaryImageOfPage\":{\"@id\":\"https:\/\/www.leemanleddisplay.com\/product\/vdwall-lvp605-hd-led-video-controller\/#primaryimage\"},\"image\":{\"@id\":\"https:\/\/www.leemanleddisplay.com\/product\/vdwall-lvp605-hd-led-video-controller\/#primaryimage\"},\"thumbnailUrl\":\"https:\/\/www.leemanleddisplay.com\/wp-content\/uploads\/1736\/12vdwall-lvp605-hd-led-video-controller_0.jpg\",\"datePublished\":\"2025-01-10T12:29:13+00:00\",\"dateModified\":\"2025-01-13T08:54:20+00:00\",\"description\":\"VDWALL LVP605 HD LED Video Controller. VDWALL LVP615S HD Video Processor For Super Large Pixel LED Display Frame Synchronous software remote control\/ Wifi.\",\"breadcrumb\":{\"@id\":\"https:\/\/www.leemanleddisplay.com\/product\/vdwall-lvp605-hd-led-video-controller\/#breadcrumb\"},\"inLanguage\":\"pt-PT\",\"potentialAction\":[{\"@type\":\"ReadAction\",\"target\":[\"https:\/\/www.leemanleddisplay.com\/product\/vdwall-lvp605-hd-led-video-controller\/\"]}]},{\"@type\":\"ImageObject\",\"inLanguage\":\"pt-PT\",\"@id\":\"https:\/\/www.leemanleddisplay.com\/product\/vdwall-lvp605-hd-led-video-controller\/#primaryimage\",\"url\":\"https:\/\/www.leemanleddisplay.com\/wp-content\/uploads\/1736\/12vdwall-lvp605-hd-led-video-controller_0.jpg\",\"contentUrl\":\"https:\/\/www.leemanleddisplay.com\/wp-content\/uploads\/1736\/12vdwall-lvp605-hd-led-video-controller_0.jpg\",\"width\":2000,\"height\":1310},{\"@type\":\"BreadcrumbList\",\"@id\":\"https:\/\/www.leemanleddisplay.com\/product\/vdwall-lvp605-hd-led-video-controller\/#breadcrumb\",\"itemListElement\":[{\"@type\":\"ListItem\",\"position\":1,\"name\":\"Home\",\"item\":\"https:\/\/www.leemanleddisplay.com\/\"},{\"@type\":\"ListItem\",\"position\":2,\"name\":\"Shop\",\"item\":\"https:\/\/www.leemanleddisplay.com\/shop\/\"},{\"@type\":\"ListItem\",\"position\":3,\"name\":\"VDWALL LVP605 HD LED Video Controller\"}]},{\"@type\":\"WebSite\",\"@id\":\"https:\/\/www.leemanleddisplay.com\/#website\",\"url\":\"https:\/\/www.leemanleddisplay.com\/\",\"name\":\"Leemanled\",\"description\":\"\",\"publisher\":{\"@id\":\"https:\/\/www.leemanleddisplay.com\/#organization\"},\"potentialAction\":[{\"@type\":\"SearchAction\",\"target\":{\"@type\":\"EntryPoint\",\"urlTemplate\":\"https:\/\/www.leemanleddisplay.com\/?s={search_term_string}\"},\"query-input\":{\"@type\":\"PropertyValueSpecification\",\"valueRequired\":true,\"valueName\":\"search_term_string\"}}],\"inLanguage\":\"pt-PT\"},{\"@type\":\"Organization\",\"@id\":\"https:\/\/www.leemanleddisplay.com\/#organization\",\"name\":\"Leemanled\",\"url\":\"https:\/\/www.leemanleddisplay.com\/\",\"logo\":{\"@type\":\"ImageObject\",\"inLanguage\":\"pt-PT\",\"@id\":\"https:\/\/www.leemanleddisplay.com\/#\/schema\/logo\/image\/\",\"url\":\"https:\/\/www.leemanleddisplay.com\/wp-content\/uploads\/2024\/11\/cropped-0-removebg-preview-1.png\",\"contentUrl\":\"https:\/\/www.leemanleddisplay.com\/wp-content\/uploads\/2024\/11\/cropped-0-removebg-preview-1.png\",\"width\":200,\"height\":50,\"caption\":\"Leemanled\"},\"image\":{\"@id\":\"https:\/\/www.leemanleddisplay.com\/#\/schema\/logo\/image\/\"}}]}<\/script>\n<meta property=\"product:price:amount\" content=\"359.00\" \/>\n<meta property=\"product:price:currency\" content=\"USD\" \/>\n<meta property=\"og:availability\" content=\"instock\" \/>\n<meta property=\"product:availability\" content=\"instock\" \/>\n<meta property=\"product:retailer_item_id\" content=\"6794286989503\" \/>\n<meta property=\"product:condition\" content=\"new\" \/>\n<!-- \/ Yoast SEO Premium plugin. -->","yoast_head_json":{"title":"VDWALL LVP605 HD LED Video Controller - Leeman LED Screen","description":"VDWALL LVP605 HD LED Video Controller. VDWALL LVP615S HD Video Processor For Super Large Pixel LED Display Frame Synchronous software remote control\/ Wifi.","robots":{"index":"noindex","follow":"follow","max-snippet":"max-snippet:-1","max-image-preview":"max-image-preview:large","max-video-preview":"max-video-preview:-1"},"og_locale":"pt_PT","og_type":"article","og_title":"VDWALL LVP605 HD LED Video Controller","og_description":"VDWALL LVP605 HD LED Video Controller. VDWALL LVP615S HD Video Processor For Super Large Pixel LED Display Frame Synchronous software remote control\/ Wifi.","og_url":"https:\/\/www.leemanleddisplay.com\/pt\/product\/vdwall-lvp605-hd-led-video-controller\/","og_site_name":"Leemanled","article_modified_time":"2025-01-13T08:54:20+00:00","og_image":[{"width":2000,"height":1310,"url":"https:\/\/www.leemanleddisplay.com\/wp-content\/uploads\/1736\/12vdwall-lvp605-hd-led-video-controller_0.jpg","type":"image\/jpeg"}],"twitter_card":"summary_large_image","twitter_misc":{"pre\u00e7o":"&#36;359.00","Disponibilidade":"Em stock"},"schema":{"@context":"https:\/\/schema.org","@graph":[{"@type":"WebPage","@id":"https:\/\/www.leemanleddisplay.com\/product\/vdwall-lvp605-hd-led-video-controller\/","url":"https:\/\/www.leemanleddisplay.com\/product\/vdwall-lvp605-hd-led-video-controller\/","name":"VDWALL LVP605 HD LED Video Controller - Leeman LED Screen","isPartOf":{"@id":"https:\/\/www.leemanleddisplay.com\/#website"},"primaryImageOfPage":{"@id":"https:\/\/www.leemanleddisplay.com\/product\/vdwall-lvp605-hd-led-video-controller\/#primaryimage"},"image":{"@id":"https:\/\/www.leemanleddisplay.com\/product\/vdwall-lvp605-hd-led-video-controller\/#primaryimage"},"thumbnailUrl":"https:\/\/www.leemanleddisplay.com\/wp-content\/uploads\/1736\/12vdwall-lvp605-hd-led-video-controller_0.jpg","datePublished":"2025-01-10T12:29:13+00:00","dateModified":"2025-01-13T08:54:20+00:00","description":"VDWALL LVP605 HD LED Video Controller. VDWALL LVP615S HD Video Processor For Super Large Pixel LED Display Frame Synchronous software remote control\/ Wifi.","breadcrumb":{"@id":"https:\/\/www.leemanleddisplay.com\/product\/vdwall-lvp605-hd-led-video-controller\/#breadcrumb"},"inLanguage":"pt-PT","potentialAction":[{"@type":"ReadAction","target":["https:\/\/www.leemanleddisplay.com\/product\/vdwall-lvp605-hd-led-video-controller\/"]}]},{"@type":"ImageObject","inLanguage":"pt-PT","@id":"https:\/\/www.leemanleddisplay.com\/product\/vdwall-lvp605-hd-led-video-controller\/#primaryimage","url":"https:\/\/www.leemanleddisplay.com\/wp-content\/uploads\/1736\/12vdwall-lvp605-hd-led-video-controller_0.jpg","contentUrl":"https:\/\/www.leemanleddisplay.com\/wp-content\/uploads\/1736\/12vdwall-lvp605-hd-led-video-controller_0.jpg","width":2000,"height":1310},{"@type":"BreadcrumbList","@id":"https:\/\/www.leemanleddisplay.com\/product\/vdwall-lvp605-hd-led-video-controller\/#breadcrumb","itemListElement":[{"@type":"ListItem","position":1,"name":"Home","item":"https:\/\/www.leemanleddisplay.com\/"},{"@type":"ListItem","position":2,"name":"Shop","item":"https:\/\/www.leemanleddisplay.com\/shop\/"},{"@type":"ListItem","position":3,"name":"VDWALL LVP605 HD LED Video Controller"}]},{"@type":"WebSite","@id":"https:\/\/www.leemanleddisplay.com\/#website","url":"https:\/\/www.leemanleddisplay.com\/","name":"Leemanled","description":"","publisher":{"@id":"https:\/\/www.leemanleddisplay.com\/#organization"},"potentialAction":[{"@type":"SearchAction","target":{"@type":"EntryPoint","urlTemplate":"https:\/\/www.leemanleddisplay.com\/?s={search_term_string}"},"query-input":{"@type":"PropertyValueSpecification","valueRequired":true,"valueName":"search_term_string"}}],"inLanguage":"pt-PT"},{"@type":"Organization","@id":"https:\/\/www.leemanleddisplay.com\/#organization","name":"Leemanled","url":"https:\/\/www.leemanleddisplay.com\/","logo":{"@type":"ImageObject","inLanguage":"pt-PT","@id":"https:\/\/www.leemanleddisplay.com\/#\/schema\/logo\/image\/","url":"https:\/\/www.leemanleddisplay.com\/wp-content\/uploads\/2024\/11\/cropped-0-removebg-preview-1.png","contentUrl":"https:\/\/www.leemanleddisplay.com\/wp-content\/uploads\/2024\/11\/cropped-0-removebg-preview-1.png","width":200,"height":50,"caption":"Leemanled"},"image":{"@id":"https:\/\/www.leemanleddisplay.com\/#\/schema\/logo\/image\/"}}]},"product_price_amount":"359.00","product_price_currency":"USD","og_availability":"instock","product_availability":"instock","product_retailer_item_id":"6794286989503","product_condition":"new"},"_links":{"self":[{"href":"https:\/\/www.leemanleddisplay.com\/pt\/wp-json\/wp\/v2\/product\/44547","targetHints":{"allow":["GET"]}}],"collection":[{"href":"https:\/\/www.leemanleddisplay.com\/pt\/wp-json\/wp\/v2\/product"}],"about":[{"href":"https:\/\/www.leemanleddisplay.com\/pt\/wp-json\/wp\/v2\/types\/product"}],"replies":[{"embeddable":true,"href":"https:\/\/www.leemanleddisplay.com\/pt\/wp-json\/wp\/v2\/comments?post=44547"}],"wp:featuredmedia":[{"embeddable":true,"href":"https:\/\/www.leemanleddisplay.com\/pt\/wp-json\/wp\/v2\/media\/44540"}],"wp:attachment":[{"href":"https:\/\/www.leemanleddisplay.com\/pt\/wp-json\/wp\/v2\/media?parent=44547"}],"wp:term":[{"taxonomy":"product_cat","embeddable":true,"href":"https:\/\/www.leemanleddisplay.com\/pt\/wp-json\/wp\/v2\/product_cat?post=44547"},{"taxonomy":"product_tag","embeddable":true,"href":"https:\/\/www.leemanleddisplay.com\/pt\/wp-json\/wp\/v2\/product_tag?post=44547"}],"curies":[{"name":"wp","href":"https:\/\/api.w.org\/{rel}","templated":true}]}}