{"id":41297,"date":"2025-01-10T09:01:25","date_gmt":"2025-01-10T09:01:25","guid":{"rendered":"https:\/\/www.leemanleddisplay.com\/product\/mooncell-mvb4s-pro-2in1-led-screen-video-processor\/"},"modified":"2025-01-15T09:43:33","modified_gmt":"2025-01-15T09:43:33","slug":"mooncell-mvb4s-pro-2in1-led-screen-video-processor","status":"publish","type":"product","link":"https:\/\/www.leemanleddisplay.com\/pt_br\/product\/mooncell-mvb4s-pro-2in1-led-screen-video-processor\/","title":{"rendered":"Mooncell MVB4S Pro 2In1 LED Screen Video Processor"},"content":{"rendered":"<p><strong>Mooncell MVB4S Pro 2In1 LED Screen Video Processor\u00a0Features\uff1a<\/strong><\/p>\n<p>1. The four network ports output the whole machine with 2.6 million pixels, and the single network port can carry 650,000 pixels; the widest 3840 and the highest 1920 output, and the image position can be set arbitrarily.<br \/>2. With multiple video input interfaces, 1\u00d7VGA, 1\u00d7DVI, 1\u00d7DVI LOOP, 1\u00d7HDMI, 1\u00d7CV,<br \/>3. With independent audio input and audio separation output<br \/>4. Support instantaneous switching or fade-in and fade-out between multiple signal input channels<br \/>5. It does not need to be debugged by computer software, just a simple operation of a knob and a button<br \/>You can complete the fast screen connection of the display.<br \/>6. Support wizard debugging mode, making debugging easier and more convenient.<br \/>7. Support dual-screen display function (HDMI, DVI can display dual-screen at the same time), which can realize picture-in-picture or<br \/>Picture outside picture, size etc. can be adjusted,<br \/>8. Graphic and text overlay, cutout synthesis function, convenient to achieve subtitle overlay, image synthesis effect<br \/>9. Support point-by-point scaling of the input image according to the display resolution.<br \/>10. Support timing signal switching<br \/>11. Support timing brightness adjustment<br \/>12. Support multi-machine cascade splicing.<br \/>13. Support EDID customization and management<br \/>14. Support device voltage and temperature self-testing<br \/>15. Support engineering time lock<\/p>\n<p><strong>Mooncell MVB4S Pro 2In1 LED Screen Video Processor\u00a0picture:<\/strong><\/p>\n<p>&nbsp;<\/p>\n<p><strong> Download Specification:<\/strong><br \/><span>Mooncell MVB4S Pro Video Processor Specification\u00a0<\/span><\/p>","protected":false},"excerpt":{"rendered":"<p>Mooncell MVB4S Pro 2In1 LED Screen Video Processor\u00a0Features\uff1a 1. The four network ports output the whole machine with 2.6 million pixels, and the single network port can carry&#8230;<\/p>","protected":false},"featured_media":41296,"comment_status":"closed","ping_status":"closed","template":"","meta":{"_monsterinsights_skip_tracking":false,"_monsterinsights_sitenote_active":false,"_monsterinsights_sitenote_note":"","_monsterinsights_sitenote_category":0},"product_cat":[134],"product_tag":[148,137],"class_list":{"0":"post-41297","1":"product","2":"type-product","3":"status-publish","4":"has-post-thumbnail","6":"product_cat-mooncell","7":"product_tag-100-00-300-00","8":"product_tag-mooncell","10":"first","11":"instock","12":"shipping-taxable","13":"purchasable","14":"product-type-simple"},"yoast_head":"<!-- This site is optimized with the Yoast SEO Premium plugin v24.1 (Yoast SEO v24.1) - https:\/\/yoast.com\/wordpress\/plugins\/seo\/ -->\n<title>Mooncell MVB4S Pro 2In1 LED Screen Video Processor linsnled<\/title>\n<meta name=\"description\" content=\"Mooncell MVB4S Pro 2In1 LED Screen Video Processor Converter CVT4K-S \/ CVT4K-M \/ Fiber converter CVT-Rack NovaStar Software SmartLCT Mac Configuration RCFGX\" \/>\n<meta name=\"robots\" content=\"noindex, follow, max-snippet:-1, max-image-preview:large, max-video-preview:-1\" \/>\n<meta property=\"og:locale\" content=\"pt_BR\" \/>\n<meta property=\"og:type\" content=\"article\" \/>\n<meta property=\"og:title\" content=\"Mooncell MVB4S Pro 2In1 LED Screen Video Processor\" \/>\n<meta property=\"og:description\" content=\"Mooncell MVB4S Pro 2In1 LED Screen Video Processor Converter CVT4K-S \/ CVT4K-M \/ Fiber converter CVT-Rack NovaStar Software SmartLCT Mac Configuration RCFGX\" \/>\n<meta property=\"og:url\" content=\"https:\/\/www.leemanleddisplay.com\/pt_br\/product\/mooncell-mvb4s-pro-2in1-led-screen-video-processor\/\" \/>\n<meta property=\"og:site_name\" content=\"Leemanled\" \/>\n<meta property=\"article:modified_time\" content=\"2025-01-15T09:43:33+00:00\" \/>\n<meta property=\"og:image\" content=\"https:\/\/www.leemanleddisplay.com\/wp-content\/uploads\/1736\/99mooncell-mvb4s-pro-2in1-led-screen-video-processor_0.jpg\" \/>\n\t<meta property=\"og:image:width\" content=\"612\" \/>\n\t<meta property=\"og:image:height\" content=\"456\" \/>\n\t<meta property=\"og:image:type\" content=\"image\/jpeg\" \/>\n<meta name=\"twitter:card\" content=\"summary_large_image\" \/>\n<meta name=\"twitter:label1\" content=\"Pre\u00e7o\" \/>\n\t<meta name=\"twitter:data1\" content=\"&#036;198.00\" \/>\n\t<meta name=\"twitter:label2\" content=\"Disponibilidade\" \/>\n\t<meta name=\"twitter:data2\" content=\"Em Estoque\" \/>\n<script type=\"application\/ld+json\" class=\"yoast-schema-graph\">{\"@context\":\"https:\/\/schema.org\",\"@graph\":[{\"@type\":\"WebPage\",\"@id\":\"https:\/\/www.leemanleddisplay.com\/product\/mooncell-mvb4s-pro-2in1-led-screen-video-processor\/\",\"url\":\"https:\/\/www.leemanleddisplay.com\/product\/mooncell-mvb4s-pro-2in1-led-screen-video-processor\/\",\"name\":\"Mooncell MVB4S Pro 2In1 LED Screen Video Processor linsnled\",\"isPartOf\":{\"@id\":\"https:\/\/www.leemanleddisplay.com\/#website\"},\"primaryImageOfPage\":{\"@id\":\"https:\/\/www.leemanleddisplay.com\/product\/mooncell-mvb4s-pro-2in1-led-screen-video-processor\/#primaryimage\"},\"image\":{\"@id\":\"https:\/\/www.leemanleddisplay.com\/product\/mooncell-mvb4s-pro-2in1-led-screen-video-processor\/#primaryimage\"},\"thumbnailUrl\":\"https:\/\/www.leemanleddisplay.com\/wp-content\/uploads\/1736\/99mooncell-mvb4s-pro-2in1-led-screen-video-processor_0.jpg\",\"datePublished\":\"2025-01-10T09:01:25+00:00\",\"dateModified\":\"2025-01-15T09:43:33+00:00\",\"description\":\"Mooncell MVB4S Pro 2In1 LED Screen Video Processor Converter CVT4K-S \/ CVT4K-M \/ Fiber converter CVT-Rack NovaStar Software SmartLCT Mac Configuration RCFGX\",\"breadcrumb\":{\"@id\":\"https:\/\/www.leemanleddisplay.com\/product\/mooncell-mvb4s-pro-2in1-led-screen-video-processor\/#breadcrumb\"},\"inLanguage\":\"pt-BR\",\"potentialAction\":[{\"@type\":\"ReadAction\",\"target\":[\"https:\/\/www.leemanleddisplay.com\/product\/mooncell-mvb4s-pro-2in1-led-screen-video-processor\/\"]}]},{\"@type\":\"ImageObject\",\"inLanguage\":\"pt-BR\",\"@id\":\"https:\/\/www.leemanleddisplay.com\/product\/mooncell-mvb4s-pro-2in1-led-screen-video-processor\/#primaryimage\",\"url\":\"https:\/\/www.leemanleddisplay.com\/wp-content\/uploads\/1736\/99mooncell-mvb4s-pro-2in1-led-screen-video-processor_0.jpg\",\"contentUrl\":\"https:\/\/www.leemanleddisplay.com\/wp-content\/uploads\/1736\/99mooncell-mvb4s-pro-2in1-led-screen-video-processor_0.jpg\",\"width\":612,\"height\":456},{\"@type\":\"BreadcrumbList\",\"@id\":\"https:\/\/www.leemanleddisplay.com\/product\/mooncell-mvb4s-pro-2in1-led-screen-video-processor\/#breadcrumb\",\"itemListElement\":[{\"@type\":\"ListItem\",\"position\":1,\"name\":\"Home\",\"item\":\"https:\/\/www.leemanleddisplay.com\/\"},{\"@type\":\"ListItem\",\"position\":2,\"name\":\"Shop\",\"item\":\"https:\/\/www.leemanleddisplay.com\/shop\/\"},{\"@type\":\"ListItem\",\"position\":3,\"name\":\"Mooncell MVB4S Pro 2In1 LED Screen Video Processor\"}]},{\"@type\":\"WebSite\",\"@id\":\"https:\/\/www.leemanleddisplay.com\/#website\",\"url\":\"https:\/\/www.leemanleddisplay.com\/\",\"name\":\"Leemanled\",\"description\":\"\",\"publisher\":{\"@id\":\"https:\/\/www.leemanleddisplay.com\/#organization\"},\"potentialAction\":[{\"@type\":\"SearchAction\",\"target\":{\"@type\":\"EntryPoint\",\"urlTemplate\":\"https:\/\/www.leemanleddisplay.com\/?s={search_term_string}\"},\"query-input\":{\"@type\":\"PropertyValueSpecification\",\"valueRequired\":true,\"valueName\":\"search_term_string\"}}],\"inLanguage\":\"pt-BR\"},{\"@type\":\"Organization\",\"@id\":\"https:\/\/www.leemanleddisplay.com\/#organization\",\"name\":\"Leemanled\",\"url\":\"https:\/\/www.leemanleddisplay.com\/\",\"logo\":{\"@type\":\"ImageObject\",\"inLanguage\":\"pt-BR\",\"@id\":\"https:\/\/www.leemanleddisplay.com\/#\/schema\/logo\/image\/\",\"url\":\"https:\/\/www.leemanleddisplay.com\/wp-content\/uploads\/2024\/11\/cropped-0-removebg-preview-1.png\",\"contentUrl\":\"https:\/\/www.leemanleddisplay.com\/wp-content\/uploads\/2024\/11\/cropped-0-removebg-preview-1.png\",\"width\":200,\"height\":50,\"caption\":\"Leemanled\"},\"image\":{\"@id\":\"https:\/\/www.leemanleddisplay.com\/#\/schema\/logo\/image\/\"}}]}<\/script>\n<meta property=\"product:price:amount\" content=\"198.00\" \/>\n<meta property=\"product:price:currency\" content=\"USD\" \/>\n<meta property=\"og:availability\" content=\"instock\" \/>\n<meta property=\"product:availability\" content=\"instock\" \/>\n<meta property=\"product:retailer_item_id\" content=\"7413304557759\" \/>\n<meta property=\"product:condition\" content=\"new\" \/>\n<!-- \/ Yoast SEO Premium plugin. -->","yoast_head_json":{"title":"Mooncell MVB4S Pro 2In1 LED Screen Video Processor linsnled","description":"Mooncell MVB4S Pro 2In1 LED Screen Video Processor Converter CVT4K-S \/ CVT4K-M \/ Fiber converter CVT-Rack NovaStar Software SmartLCT Mac Configuration RCFGX","robots":{"index":"noindex","follow":"follow","max-snippet":"max-snippet:-1","max-image-preview":"max-image-preview:large","max-video-preview":"max-video-preview:-1"},"og_locale":"pt_BR","og_type":"article","og_title":"Mooncell MVB4S Pro 2In1 LED Screen Video Processor","og_description":"Mooncell MVB4S Pro 2In1 LED Screen Video Processor Converter CVT4K-S \/ CVT4K-M \/ Fiber converter CVT-Rack NovaStar Software SmartLCT Mac Configuration RCFGX","og_url":"https:\/\/www.leemanleddisplay.com\/pt_br\/product\/mooncell-mvb4s-pro-2in1-led-screen-video-processor\/","og_site_name":"Leemanled","article_modified_time":"2025-01-15T09:43:33+00:00","og_image":[{"width":612,"height":456,"url":"https:\/\/www.leemanleddisplay.com\/wp-content\/uploads\/1736\/99mooncell-mvb4s-pro-2in1-led-screen-video-processor_0.jpg","type":"image\/jpeg"}],"twitter_card":"summary_large_image","twitter_misc":{"Pre\u00e7o":"&#36;198.00","Disponibilidade":"Em Estoque"},"schema":{"@context":"https:\/\/schema.org","@graph":[{"@type":"WebPage","@id":"https:\/\/www.leemanleddisplay.com\/product\/mooncell-mvb4s-pro-2in1-led-screen-video-processor\/","url":"https:\/\/www.leemanleddisplay.com\/product\/mooncell-mvb4s-pro-2in1-led-screen-video-processor\/","name":"Mooncell MVB4S Pro 2In1 LED Screen Video Processor linsnled","isPartOf":{"@id":"https:\/\/www.leemanleddisplay.com\/#website"},"primaryImageOfPage":{"@id":"https:\/\/www.leemanleddisplay.com\/product\/mooncell-mvb4s-pro-2in1-led-screen-video-processor\/#primaryimage"},"image":{"@id":"https:\/\/www.leemanleddisplay.com\/product\/mooncell-mvb4s-pro-2in1-led-screen-video-processor\/#primaryimage"},"thumbnailUrl":"https:\/\/www.leemanleddisplay.com\/wp-content\/uploads\/1736\/99mooncell-mvb4s-pro-2in1-led-screen-video-processor_0.jpg","datePublished":"2025-01-10T09:01:25+00:00","dateModified":"2025-01-15T09:43:33+00:00","description":"Mooncell MVB4S Pro 2In1 LED Screen Video Processor Converter CVT4K-S \/ CVT4K-M \/ Fiber converter CVT-Rack NovaStar Software SmartLCT Mac Configuration RCFGX","breadcrumb":{"@id":"https:\/\/www.leemanleddisplay.com\/product\/mooncell-mvb4s-pro-2in1-led-screen-video-processor\/#breadcrumb"},"inLanguage":"pt-BR","potentialAction":[{"@type":"ReadAction","target":["https:\/\/www.leemanleddisplay.com\/product\/mooncell-mvb4s-pro-2in1-led-screen-video-processor\/"]}]},{"@type":"ImageObject","inLanguage":"pt-BR","@id":"https:\/\/www.leemanleddisplay.com\/product\/mooncell-mvb4s-pro-2in1-led-screen-video-processor\/#primaryimage","url":"https:\/\/www.leemanleddisplay.com\/wp-content\/uploads\/1736\/99mooncell-mvb4s-pro-2in1-led-screen-video-processor_0.jpg","contentUrl":"https:\/\/www.leemanleddisplay.com\/wp-content\/uploads\/1736\/99mooncell-mvb4s-pro-2in1-led-screen-video-processor_0.jpg","width":612,"height":456},{"@type":"BreadcrumbList","@id":"https:\/\/www.leemanleddisplay.com\/product\/mooncell-mvb4s-pro-2in1-led-screen-video-processor\/#breadcrumb","itemListElement":[{"@type":"ListItem","position":1,"name":"Home","item":"https:\/\/www.leemanleddisplay.com\/"},{"@type":"ListItem","position":2,"name":"Shop","item":"https:\/\/www.leemanleddisplay.com\/shop\/"},{"@type":"ListItem","position":3,"name":"Mooncell MVB4S Pro 2In1 LED Screen Video Processor"}]},{"@type":"WebSite","@id":"https:\/\/www.leemanleddisplay.com\/#website","url":"https:\/\/www.leemanleddisplay.com\/","name":"Leemanled","description":"","publisher":{"@id":"https:\/\/www.leemanleddisplay.com\/#organization"},"potentialAction":[{"@type":"SearchAction","target":{"@type":"EntryPoint","urlTemplate":"https:\/\/www.leemanleddisplay.com\/?s={search_term_string}"},"query-input":{"@type":"PropertyValueSpecification","valueRequired":true,"valueName":"search_term_string"}}],"inLanguage":"pt-BR"},{"@type":"Organization","@id":"https:\/\/www.leemanleddisplay.com\/#organization","name":"Leemanled","url":"https:\/\/www.leemanleddisplay.com\/","logo":{"@type":"ImageObject","inLanguage":"pt-BR","@id":"https:\/\/www.leemanleddisplay.com\/#\/schema\/logo\/image\/","url":"https:\/\/www.leemanleddisplay.com\/wp-content\/uploads\/2024\/11\/cropped-0-removebg-preview-1.png","contentUrl":"https:\/\/www.leemanleddisplay.com\/wp-content\/uploads\/2024\/11\/cropped-0-removebg-preview-1.png","width":200,"height":50,"caption":"Leemanled"},"image":{"@id":"https:\/\/www.leemanleddisplay.com\/#\/schema\/logo\/image\/"}}]},"product_price_amount":"198.00","product_price_currency":"USD","og_availability":"instock","product_availability":"instock","product_retailer_item_id":"7413304557759","product_condition":"new"},"_links":{"self":[{"href":"https:\/\/www.leemanleddisplay.com\/pt_br\/wp-json\/wp\/v2\/product\/41297","targetHints":{"allow":["GET"]}}],"collection":[{"href":"https:\/\/www.leemanleddisplay.com\/pt_br\/wp-json\/wp\/v2\/product"}],"about":[{"href":"https:\/\/www.leemanleddisplay.com\/pt_br\/wp-json\/wp\/v2\/types\/product"}],"replies":[{"embeddable":true,"href":"https:\/\/www.leemanleddisplay.com\/pt_br\/wp-json\/wp\/v2\/comments?post=41297"}],"wp:featuredmedia":[{"embeddable":true,"href":"https:\/\/www.leemanleddisplay.com\/pt_br\/wp-json\/wp\/v2\/media\/41296"}],"wp:attachment":[{"href":"https:\/\/www.leemanleddisplay.com\/pt_br\/wp-json\/wp\/v2\/media?parent=41297"}],"wp:term":[{"taxonomy":"product_cat","embeddable":true,"href":"https:\/\/www.leemanleddisplay.com\/pt_br\/wp-json\/wp\/v2\/product_cat?post=41297"},{"taxonomy":"product_tag","embeddable":true,"href":"https:\/\/www.leemanleddisplay.com\/pt_br\/wp-json\/wp\/v2\/product_tag?post=41297"}],"curies":[{"name":"wp","href":"https:\/\/api.w.org\/{rel}","templated":true}]}}