{"id":43183,"date":"2025-01-10T11:24:27","date_gmt":"2025-01-10T11:24:27","guid":{"rendered":"https:\/\/www.leemanleddisplay.com\/product\/g-energy-g300v5-full-color-led-video-sign-power-supply\/"},"modified":"2025-01-14T04:15:36","modified_gmt":"2025-01-14T04:15:36","slug":"g-energy-g300v5-full-color-led-video-sign-power-supply","status":"publish","type":"product","link":"https:\/\/www.leemanleddisplay.com\/ru\/product\/g-energy-g300v5-full-color-led-video-sign-power-supply\/","title":{"rendered":"G-Energy G300V5 Full Color LED Video Sign Power Supply"},"content":{"rendered":"<p data-mce-fragment=\"1\"><strong data-mce-fragment=\"1\">G-Energy G300V5 Full Color LED Video Sign Power Supply Features:<\/strong><\/p>\n<div data-mce-fragment=\"1\">Output power: 300W Max<\/div>\n<div data-mce-fragment=\"1\">Leakage current: &lt;1mA (Vin: 230)<\/div>\n<div data-mce-fragment=\"1\">Working temperature: -30 \u00b0 C ~ 60 \u00b0 C<\/div>\n<div data-mce-fragment=\"1\">Cooling method: air cooling<\/div>\n<div data-mce-fragment=\"1\">Storage temperature: -40~80\u00b0C<\/div>\n<div data-mce-fragment=\"1\">Input voltage: 200-240Vac, 47-63Hz<\/div>\n<div data-mce-fragment=\"1\">Insulation voltage: I\/P-O\/P: 3.0KVac; I\/P-FG: 1.5KVac; O\/P-FG: 0.5KVac<\/div>\n<div data-mce-fragment=\"1\">Safety standards: GB4943, EN60950<\/div>\n<div data-mce-fragment=\"1\">Protection function: input undervoltage, overload protection, short circuit protection<\/div>\n<div data-mce-fragment=\"1\">Power factor:<span data-mce-fragment=\"1\">\u00a0<\/span>0.50@230Vac<\/div>\n<div data-mce-fragment=\"1\">Size: length \u00d7 width \u00d7 height = 217 \u00d7 117 \u00d7 30<\/div>\n<p data-mce-fragment=\"1\">\n<p data-mce-fragment=\"1\"><strong data-mce-fragment=\"1\">G-Energy V5 Full Color LED Video Sign Power Supply Parameter:<\/strong><\/p>\n<div data-mce-fragment=\"1\">\n<table data-mce-fragment=\"1\" cellspacing=\"0\" cellpadding=\"0\" border=\"1\">\n<colgroup data-mce-fragment=\"1\">\n<col data-mce-fragment=\"1\" width=\"107\" span=\"6\" \/><\/colgroup>\n<tbody data-mce-fragment=\"1\">\n<tr data-mce-fragment=\"1\">\n<td data-mce-fragment=\"1\">Model<\/td>\n<td data-mce-fragment=\"1\">Classification<\/td>\n<td data-mce-fragment=\"1\">Output voltage<\/td>\n<td data-mce-fragment=\"1\">Output current<\/td>\n<td data-mce-fragment=\"1\">Ripple &amp; Noise<\/td>\n<td data-mce-fragment=\"1\">Efficiency<\/td>\n<\/tr>\n<tr data-mce-fragment=\"1\">\n<td data-mce-fragment=\"1\">G300V5<\/td>\n<td data-mce-fragment=\"1\">Constant pressure<\/td>\n<td data-mce-fragment=\"1\">5V<\/td>\n<td data-mce-fragment=\"1\">0-60A<\/td>\n<td data-mce-fragment=\"1\">\u2264200mV<\/td>\n<td data-mce-fragment=\"1\">\u226586%<\/td>\n<\/tr>\n<\/tbody>\n<\/table>\n<\/div>","protected":false},"excerpt":{"rendered":"<p>G-Energy G300V5 Full Color LED Video Sign Power Supply Features: Output power: 300W Max Leakage current: &lt;1mA (Vin: 230) Working temperature: -30 \u00b0 C ~ 60 \u00b0 C&#8230;<\/p>","protected":false},"featured_media":43169,"comment_status":"closed","ping_status":"closed","template":"","meta":{"_monsterinsights_skip_tracking":false,"_monsterinsights_sitenote_active":false,"_monsterinsights_sitenote_note":"","_monsterinsights_sitenote_category":0},"product_cat":[183,163],"product_tag":[169,136],"class_list":{"0":"post-43183","1":"product","2":"type-product","3":"status-publish","4":"has-post-thumbnail","6":"product_cat-led-power-supply","7":"product_cat-leeman-led-screen-display","8":"product_tag-leeman-led","9":"product_tag-less-than-100-00","11":"first","12":"instock","13":"shipping-taxable","14":"purchasable","15":"product-type-simple"},"yoast_head":"<!-- This site is optimized with the Yoast SEO Premium plugin v24.1 (Yoast SEO v24.1) - https:\/\/yoast.com\/wordpress\/plugins\/seo\/ -->\n<title>G-Energy G300V5 Full Color LED Video Sign Power Supply ROHS<\/title>\n<meta name=\"description\" content=\"G-Energy G300V5 Full Color LED Video Sign Power Supply. Meanwell G-energy N200V5-C LED Switching Power Supply. G-energy LED Power Supply Online Store\" \/>\n<meta name=\"robots\" content=\"noindex, follow, max-snippet:-1, max-image-preview:large, max-video-preview:-1\" \/>\n<meta property=\"og:locale\" content=\"ru_RU\" \/>\n<meta property=\"og:type\" content=\"article\" \/>\n<meta property=\"og:title\" content=\"G-Energy G300V5 Full Color LED Video Sign Power Supply\" \/>\n<meta property=\"og:description\" content=\"G-Energy G300V5 Full Color LED Video Sign Power Supply. Meanwell G-energy N200V5-C LED Switching Power Supply. G-energy LED Power Supply Online Store\" \/>\n<meta property=\"og:url\" content=\"https:\/\/www.leemanleddisplay.com\/ru\/product\/g-energy-g300v5-full-color-led-video-sign-power-supply\/\" \/>\n<meta property=\"og:site_name\" content=\"Leemanled\" \/>\n<meta property=\"article:modified_time\" content=\"2025-01-14T04:15:36+00:00\" \/>\n<meta property=\"og:image\" content=\"https:\/\/www.leemanleddisplay.com\/wp-content\/uploads\/1736\/08g-energy-g300v5-full-color-led-video-sign-power-supply_0.jpg\" \/>\n\t<meta property=\"og:image:width\" content=\"2000\" \/>\n\t<meta property=\"og:image:height\" content=\"1310\" \/>\n\t<meta property=\"og:image:type\" content=\"image\/jpeg\" \/>\n<meta name=\"twitter:card\" content=\"summary_large_image\" \/>\n<meta name=\"twitter:label1\" content=\"\u0426\u0435\u043d\u0430\" \/>\n\t<meta name=\"twitter:data1\" content=\"&#036;19.00\" \/>\n\t<meta name=\"twitter:label2\" content=\"\u0414\u043e\u0441\u0442\u0443\u043f\u043d\u043e\u0441\u0442\u044c\" \/>\n\t<meta name=\"twitter:data2\" content=\"\u0412 \u043d\u0430\u043b\u0438\u0447\u0438\u0438\" \/>\n<script type=\"application\/ld+json\" class=\"yoast-schema-graph\">{\"@context\":\"https:\/\/schema.org\",\"@graph\":[{\"@type\":\"WebPage\",\"@id\":\"https:\/\/www.leemanleddisplay.com\/product\/g-energy-g300v5-full-color-led-video-sign-power-supply\/\",\"url\":\"https:\/\/www.leemanleddisplay.com\/product\/g-energy-g300v5-full-color-led-video-sign-power-supply\/\",\"name\":\"G-Energy G300V5 Full Color LED Video Sign Power Supply ROHS\",\"isPartOf\":{\"@id\":\"https:\/\/www.leemanleddisplay.com\/#website\"},\"primaryImageOfPage\":{\"@id\":\"https:\/\/www.leemanleddisplay.com\/product\/g-energy-g300v5-full-color-led-video-sign-power-supply\/#primaryimage\"},\"image\":{\"@id\":\"https:\/\/www.leemanleddisplay.com\/product\/g-energy-g300v5-full-color-led-video-sign-power-supply\/#primaryimage\"},\"thumbnailUrl\":\"https:\/\/www.leemanleddisplay.com\/wp-content\/uploads\/1736\/08g-energy-g300v5-full-color-led-video-sign-power-supply_0.jpg\",\"datePublished\":\"2025-01-10T11:24:27+00:00\",\"dateModified\":\"2025-01-14T04:15:36+00:00\",\"description\":\"G-Energy G300V5 Full Color LED Video Sign Power Supply. Meanwell G-energy N200V5-C LED Switching Power Supply. G-energy LED Power Supply Online Store\",\"breadcrumb\":{\"@id\":\"https:\/\/www.leemanleddisplay.com\/product\/g-energy-g300v5-full-color-led-video-sign-power-supply\/#breadcrumb\"},\"inLanguage\":\"ru-RU\",\"potentialAction\":[{\"@type\":\"ReadAction\",\"target\":[\"https:\/\/www.leemanleddisplay.com\/product\/g-energy-g300v5-full-color-led-video-sign-power-supply\/\"]}]},{\"@type\":\"ImageObject\",\"inLanguage\":\"ru-RU\",\"@id\":\"https:\/\/www.leemanleddisplay.com\/product\/g-energy-g300v5-full-color-led-video-sign-power-supply\/#primaryimage\",\"url\":\"https:\/\/www.leemanleddisplay.com\/wp-content\/uploads\/1736\/08g-energy-g300v5-full-color-led-video-sign-power-supply_0.jpg\",\"contentUrl\":\"https:\/\/www.leemanleddisplay.com\/wp-content\/uploads\/1736\/08g-energy-g300v5-full-color-led-video-sign-power-supply_0.jpg\",\"width\":2000,\"height\":1310},{\"@type\":\"BreadcrumbList\",\"@id\":\"https:\/\/www.leemanleddisplay.com\/product\/g-energy-g300v5-full-color-led-video-sign-power-supply\/#breadcrumb\",\"itemListElement\":[{\"@type\":\"ListItem\",\"position\":1,\"name\":\"Home\",\"item\":\"https:\/\/www.leemanleddisplay.com\/\"},{\"@type\":\"ListItem\",\"position\":2,\"name\":\"Shop\",\"item\":\"https:\/\/www.leemanleddisplay.com\/shop\/\"},{\"@type\":\"ListItem\",\"position\":3,\"name\":\"G-Energy G300V5 Full Color LED Video Sign Power Supply\"}]},{\"@type\":\"WebSite\",\"@id\":\"https:\/\/www.leemanleddisplay.com\/#website\",\"url\":\"https:\/\/www.leemanleddisplay.com\/\",\"name\":\"Leemanled\",\"description\":\"\",\"publisher\":{\"@id\":\"https:\/\/www.leemanleddisplay.com\/#organization\"},\"potentialAction\":[{\"@type\":\"SearchAction\",\"target\":{\"@type\":\"EntryPoint\",\"urlTemplate\":\"https:\/\/www.leemanleddisplay.com\/?s={search_term_string}\"},\"query-input\":{\"@type\":\"PropertyValueSpecification\",\"valueRequired\":true,\"valueName\":\"search_term_string\"}}],\"inLanguage\":\"ru-RU\"},{\"@type\":\"Organization\",\"@id\":\"https:\/\/www.leemanleddisplay.com\/#organization\",\"name\":\"Leemanled\",\"url\":\"https:\/\/www.leemanleddisplay.com\/\",\"logo\":{\"@type\":\"ImageObject\",\"inLanguage\":\"ru-RU\",\"@id\":\"https:\/\/www.leemanleddisplay.com\/#\/schema\/logo\/image\/\",\"url\":\"https:\/\/www.leemanleddisplay.com\/wp-content\/uploads\/2024\/11\/cropped-0-removebg-preview-1.png\",\"contentUrl\":\"https:\/\/www.leemanleddisplay.com\/wp-content\/uploads\/2024\/11\/cropped-0-removebg-preview-1.png\",\"width\":200,\"height\":50,\"caption\":\"Leemanled\"},\"image\":{\"@id\":\"https:\/\/www.leemanleddisplay.com\/#\/schema\/logo\/image\/\"}}]}<\/script>\n<meta property=\"product:price:amount\" content=\"19.00\" \/>\n<meta property=\"product:price:currency\" content=\"USD\" \/>\n<meta property=\"og:availability\" content=\"instock\" \/>\n<meta property=\"product:availability\" content=\"instock\" \/>\n<meta property=\"product:retailer_item_id\" content=\"6825640984767\" \/>\n<meta property=\"product:condition\" content=\"new\" \/>\n<!-- \/ Yoast SEO Premium plugin. -->","yoast_head_json":{"title":"G-Energy G300V5 Full Color LED Video Sign Power Supply ROHS","description":"G-Energy G300V5 Full Color LED Video Sign Power Supply. Meanwell G-energy N200V5-C LED Switching Power Supply. G-energy LED Power Supply Online Store","robots":{"index":"noindex","follow":"follow","max-snippet":"max-snippet:-1","max-image-preview":"max-image-preview:large","max-video-preview":"max-video-preview:-1"},"og_locale":"ru_RU","og_type":"article","og_title":"G-Energy G300V5 Full Color LED Video Sign Power Supply","og_description":"G-Energy G300V5 Full Color LED Video Sign Power Supply. Meanwell G-energy N200V5-C LED Switching Power Supply. G-energy LED Power Supply Online Store","og_url":"https:\/\/www.leemanleddisplay.com\/ru\/product\/g-energy-g300v5-full-color-led-video-sign-power-supply\/","og_site_name":"Leemanled","article_modified_time":"2025-01-14T04:15:36+00:00","og_image":[{"width":2000,"height":1310,"url":"https:\/\/www.leemanleddisplay.com\/wp-content\/uploads\/1736\/08g-energy-g300v5-full-color-led-video-sign-power-supply_0.jpg","type":"image\/jpeg"}],"twitter_card":"summary_large_image","twitter_misc":{"\u0426\u0435\u043d\u0430":"&#36;19.00","\u0414\u043e\u0441\u0442\u0443\u043f\u043d\u043e\u0441\u0442\u044c":"\u0412 \u043d\u0430\u043b\u0438\u0447\u0438\u0438"},"schema":{"@context":"https:\/\/schema.org","@graph":[{"@type":"WebPage","@id":"https:\/\/www.leemanleddisplay.com\/product\/g-energy-g300v5-full-color-led-video-sign-power-supply\/","url":"https:\/\/www.leemanleddisplay.com\/product\/g-energy-g300v5-full-color-led-video-sign-power-supply\/","name":"G-Energy G300V5 Full Color LED Video Sign Power Supply ROHS","isPartOf":{"@id":"https:\/\/www.leemanleddisplay.com\/#website"},"primaryImageOfPage":{"@id":"https:\/\/www.leemanleddisplay.com\/product\/g-energy-g300v5-full-color-led-video-sign-power-supply\/#primaryimage"},"image":{"@id":"https:\/\/www.leemanleddisplay.com\/product\/g-energy-g300v5-full-color-led-video-sign-power-supply\/#primaryimage"},"thumbnailUrl":"https:\/\/www.leemanleddisplay.com\/wp-content\/uploads\/1736\/08g-energy-g300v5-full-color-led-video-sign-power-supply_0.jpg","datePublished":"2025-01-10T11:24:27+00:00","dateModified":"2025-01-14T04:15:36+00:00","description":"G-Energy G300V5 Full Color LED Video Sign Power Supply. Meanwell G-energy N200V5-C LED Switching Power Supply. G-energy LED Power Supply Online Store","breadcrumb":{"@id":"https:\/\/www.leemanleddisplay.com\/product\/g-energy-g300v5-full-color-led-video-sign-power-supply\/#breadcrumb"},"inLanguage":"ru-RU","potentialAction":[{"@type":"ReadAction","target":["https:\/\/www.leemanleddisplay.com\/product\/g-energy-g300v5-full-color-led-video-sign-power-supply\/"]}]},{"@type":"ImageObject","inLanguage":"ru-RU","@id":"https:\/\/www.leemanleddisplay.com\/product\/g-energy-g300v5-full-color-led-video-sign-power-supply\/#primaryimage","url":"https:\/\/www.leemanleddisplay.com\/wp-content\/uploads\/1736\/08g-energy-g300v5-full-color-led-video-sign-power-supply_0.jpg","contentUrl":"https:\/\/www.leemanleddisplay.com\/wp-content\/uploads\/1736\/08g-energy-g300v5-full-color-led-video-sign-power-supply_0.jpg","width":2000,"height":1310},{"@type":"BreadcrumbList","@id":"https:\/\/www.leemanleddisplay.com\/product\/g-energy-g300v5-full-color-led-video-sign-power-supply\/#breadcrumb","itemListElement":[{"@type":"ListItem","position":1,"name":"Home","item":"https:\/\/www.leemanleddisplay.com\/"},{"@type":"ListItem","position":2,"name":"Shop","item":"https:\/\/www.leemanleddisplay.com\/shop\/"},{"@type":"ListItem","position":3,"name":"G-Energy G300V5 Full Color LED Video Sign Power Supply"}]},{"@type":"WebSite","@id":"https:\/\/www.leemanleddisplay.com\/#website","url":"https:\/\/www.leemanleddisplay.com\/","name":"Leemanled","description":"","publisher":{"@id":"https:\/\/www.leemanleddisplay.com\/#organization"},"potentialAction":[{"@type":"SearchAction","target":{"@type":"EntryPoint","urlTemplate":"https:\/\/www.leemanleddisplay.com\/?s={search_term_string}"},"query-input":{"@type":"PropertyValueSpecification","valueRequired":true,"valueName":"search_term_string"}}],"inLanguage":"ru-RU"},{"@type":"Organization","@id":"https:\/\/www.leemanleddisplay.com\/#organization","name":"Leemanled","url":"https:\/\/www.leemanleddisplay.com\/","logo":{"@type":"ImageObject","inLanguage":"ru-RU","@id":"https:\/\/www.leemanleddisplay.com\/#\/schema\/logo\/image\/","url":"https:\/\/www.leemanleddisplay.com\/wp-content\/uploads\/2024\/11\/cropped-0-removebg-preview-1.png","contentUrl":"https:\/\/www.leemanleddisplay.com\/wp-content\/uploads\/2024\/11\/cropped-0-removebg-preview-1.png","width":200,"height":50,"caption":"Leemanled"},"image":{"@id":"https:\/\/www.leemanleddisplay.com\/#\/schema\/logo\/image\/"}}]},"product_price_amount":"19.00","product_price_currency":"USD","og_availability":"instock","product_availability":"instock","product_retailer_item_id":"6825640984767","product_condition":"new"},"_links":{"self":[{"href":"https:\/\/www.leemanleddisplay.com\/ru\/wp-json\/wp\/v2\/product\/43183","targetHints":{"allow":["GET"]}}],"collection":[{"href":"https:\/\/www.leemanleddisplay.com\/ru\/wp-json\/wp\/v2\/product"}],"about":[{"href":"https:\/\/www.leemanleddisplay.com\/ru\/wp-json\/wp\/v2\/types\/product"}],"replies":[{"embeddable":true,"href":"https:\/\/www.leemanleddisplay.com\/ru\/wp-json\/wp\/v2\/comments?post=43183"}],"wp:featuredmedia":[{"embeddable":true,"href":"https:\/\/www.leemanleddisplay.com\/ru\/wp-json\/wp\/v2\/media\/43169"}],"wp:attachment":[{"href":"https:\/\/www.leemanleddisplay.com\/ru\/wp-json\/wp\/v2\/media?parent=43183"}],"wp:term":[{"taxonomy":"product_cat","embeddable":true,"href":"https:\/\/www.leemanleddisplay.com\/ru\/wp-json\/wp\/v2\/product_cat?post=43183"},{"taxonomy":"product_tag","embeddable":true,"href":"https:\/\/www.leemanleddisplay.com\/ru\/wp-json\/wp\/v2\/product_tag?post=43183"}],"curies":[{"name":"wp","href":"https:\/\/api.w.org\/{rel}","templated":true}]}}