{"id":43469,"date":"2025-01-10T11:39:39","date_gmt":"2025-01-10T11:39:39","guid":{"rendered":"https:\/\/www.leemanleddisplay.com\/product\/kystar-u3-u3-pro-uhd-led-display-video-processor\/"},"modified":"2025-01-13T14:54:59","modified_gmt":"2025-01-13T14:54:59","slug":"kystar-u3-u3-pro-uhd-led-display-video-processor","status":"publish","type":"product","link":"https:\/\/www.leemanleddisplay.com\/ru\/product\/kystar-u3-u3-pro-uhd-led-display-video-processor\/","title":{"rendered":"Kystar U3\/U3 Pro UHD LED Display Video Processor"},"content":{"rendered":"<div data-mce-fragment=\"1\"><strong data-mce-fragment=\"1\">Kystar U3\/U3 Pro UHD LED Display Video Processor Features:<\/strong><\/div>\n<div data-mce-fragment=\"1\">\u25c7U3 Support user-defined 2.6 mega-pixel output, U3Pro Support user-defined 5.2 mega-pixel output<\/div>\n<div data-mce-fragment=\"1\">\u00a0\u25c7 U3 Max. load of 2560\u00d71536@60Hz<span data-mce-fragment=\"1\">\u00a0<\/span>in mosaic mode, U3Pro Output pixels up to 15360 horizontally or 6144 vertically\u00a0<\/div>\n<div data-mce-fragment=\"1\">\u00a0\u25c7 Free 3-image layout, enabling easy central control of the main and side stage screens.\u00a0\u00a0<\/div>\n<div data-mce-fragment=\"1\">\u00a0\u25c7 Support signal echoing and view real-time input and output signals by software<\/div>\n<div data-mce-fragment=\"1\">\u00a0\u25c7 Support multi-image preview and output monitoring.<\/div>\n<div data-mce-fragment=\"1\">\u00a0\u25c7 Support 4K UHD signal processing<\/div>\n<div data-mce-fragment=\"1\">\u00a0\u25c7Overlay of multi-group editable and global image-texts and captions.<\/div>\n<div data-mce-fragment=\"1\">\u00a0\u25c7 Seamless switching of signal and mode, with over 10 transition special effects.<\/div>\n<div data-mce-fragment=\"1\">\u00a0\u25c7 Support luma key, image transparency adjustment and edge feathering<\/div>\n<div data-mce-fragment=\"1\">\u00a0\u25c7 Support warm backup of multi-level input signals and multi-machine synchronous cascade outputs<\/div>\n<div data-mce-fragment=\"1\"><\/div>\n<div data-mce-fragment=\"1\" style=\"text-align: start;\">\n<p data-mce-fragment=\"1\"><strong>Free Display of Multiple Output Modes<\/strong><\/p>\n<p data-mce-fragment=\"1\">Kystar U3 UHD LED Display Video Processor enjoys two splicing outputs and 1 pre-monitoring output. With 2.6 mega-pixel user-defined output for a single port in the copy mode, it allows the user to change the aspect ratio and refresh rate of the resolution freely.\u00a0<\/p>\n<p data-mce-fragment=\"1\">Meanwhile, the U3 splicing mode can be loaded up to 2560\u00d71536@60H, allowing free splicing of 2X1 and 1X2 by the user based on the site condition<\/p>\n<p data-mce-fragment=\"1\">U3Pro is a 4 outputs device that supports horizontal, vertical and cross splicing. Supports user-defined 5. meg-pixel output. It also supports user-define outut resolution, allowing users to freely change aspect radio of resolution and refresh rate.<\/p>\n<p data-mce-fragment=\"1\"><strong>Multi-format signal \u00a0processing<\/strong><\/p>\n<p data-mce-fragment=\"1\">Multi-format Signals Processing\u00a0<br data-mce-fragment=\"1\" \/>U3\/U3PRO is compatible with a variety of input signals : DVI\u00d71, HDMI\u00d71, VGA\u00d72, CVBS\u00d72, SDI\u00d71 and expansion slot\u00d71.<br data-mce-fragment=\"1\" \/>U3\/U3PRO enables the simultaneous display of three windows on a single screen.The size location and hierarchical relationship of each window can be adjusted independently.<\/p>\n<p data-mce-fragment=\"1\"><strong>4k Processing<\/strong><br data-mce-fragment=\"1\" \/>Accommodating 4k signal input terminals including HDMI 1.4 and Dual Link DVI, U3\/U3PRO enables an input resolution up to 4096\u00d72160, conveniently realizing UHD display of large LED screens!\u00a0<\/p>\n<p data-mce-fragment=\"1\"><strong>Free Display of Three Windows<\/strong>U3\/U3PRO is able to generate independent images and texts overlay layer. The user is allowed to overlay pictures or characters on the signal image conveniently with the KYSTAR control software . The overlaid contents can be stored in the equipment.<\/p>\n<p data-mce-fragment=\"1\">Multi-screen Combination and Special-shaped Splicing\u00a0<br data-mce-fragment=\"1\" \/>U3\/U3PRO can not only display 3 windows on a screen, but control 3 LED screens simultaneously as well, each of which can display independently or be combined into a complete image. Besides, pixel pitch of such screens can be different.<\/p>\n<p data-mce-fragment=\"1\"><strong>Seamless Transition With Effects<\/strong><\/p>\n<p data-mce-fragment=\"1\">Seamless Transition With Effects<br data-mce-fragment=\"1\" \/>Whether in case of a signal or a preset, U3\/U3PRO is capable of seamless transition, without any blackout, glimmer or delay in the process; Besides, U3\/U3PRO owns over ten transition effects for choice by the user, adaptable for different applications.<\/p>\n<p data-mce-fragment=\"1\"><strong>Ethernet monitoring &amp; control in real time<\/strong><\/p>\n<p data-mce-fragment=\"1\">U3\/U3PRO can be compatible with KYSTAR \u00a0management software via Ethernet or serial communication. Users can configure parameters on U3\/U3PRO through management software, adjust window layout, complete special effects switching, set up scheduled tasks etc.<\/p>\n<p data-mce-fragment=\"1\"><strong>Ethernet monitoring and preview<\/strong><\/p>\n<p data-mce-fragment=\"1\">Via Ethernet, users can not only configure the parameters of U3\/U3PRO, but achieve monitoring and preview through the KYSTAR management software in real time.<\/p>\n<p data-mce-fragment=\"1\"><strong>Local Monitoring And Preview<\/strong><\/p>\n<p data-mce-fragment=\"1\">Local monitoring and preview<br data-mce-fragment=\"1\" \/>There\u2019re three modes when using the local monitor &amp; preview output of U3\/U3PRO:<br data-mce-fragment=\"1\" \/>1.Monitor the outputs, showing the same image with the Display.<br data-mce-fragment=\"1\" \/>2.Preview the inputs, showing 6 inputs images in the same time.<\/p>\n<p data-mce-fragment=\"1\"><strong>Hot Backup of InputSignals<\/strong><\/p>\n<p data-mce-fragment=\"1\">Users can specify the backup signal for signal source . If current signal goes wrong, the system will automatically detect and call the backup signal immediately. And if the signal returns to normal, the system will transfer back to the original signal intelligently. Building parallel system with this function, the reliability of scene can be guaranteed efficiently.<\/p>\n<p data-mce-fragment=\"1\"><strong>Image Configuration<\/strong><\/p>\n<p data-mce-fragment=\"1\">Transarency adjusting and edge feathering<br data-mce-fragment=\"1\" \/>In order to integrate the different layers of image well, U3\/U3PRO can change the transparency of \u00a0each windows or achieve edge feathering effect.<\/p>\n<p data-mce-fragment=\"1\"><br data-mce-fragment=\"1\" \/><strong>Independent brightness control\u00a0<\/strong><br data-mce-fragment=\"1\" \/>U3\/U3PRO can adjust the brightness of each inputs independently so that the user can improve the quality of the specific image without influence to the others.<\/p>\n<p data-mce-fragment=\"1\"><strong>More pictures Kystar U3\/U3 Pro UHD LED Display Video Processor:<\/strong><\/p>\n<p data-mce-fragment=\"1\">\n<\/div>\n<div style=\"text-align: start;\"><\/div>\n<p>&nbsp;<\/p>\n<p><strong>Download Specification:<\/strong><br \/><span><strong>Kystar U3 U3Pro Specification<\/strong><\/span><br \/><strong>Download Software:<\/strong><br \/><span><strong>Kystar U3 U3Pro Control Software (All Kystar Processor)<\/strong><\/span><br \/><span><strong>Kystar U3 U3Pro Control Software (Three-in-One)<\/strong><\/span><\/p>","protected":false},"excerpt":{"rendered":"<p>Kystar U3\/U3 Pro UHD LED Display Video Processor Features: \u25c7U3 Support user-defined 2.6 mega-pixel output, U3Pro Support user-defined 5.2 mega-pixel output \u00a0\u25c7 U3 Max. load of 2560\u00d71536@60Hz\u00a0in mosaic&#8230;<\/p>","protected":false},"featured_media":43461,"comment_status":"closed","ping_status":"closed","template":"","meta":{"_monsterinsights_skip_tracking":false,"_monsterinsights_sitenote_active":false,"_monsterinsights_sitenote_note":"","_monsterinsights_sitenote_category":0},"product_cat":[215],"product_tag":[147,217],"class_list":{"0":"post-43469","1":"product","2":"type-product","3":"status-publish","4":"has-post-thumbnail","6":"product_cat-kystar","7":"product_tag-500-00-1000-00","8":"product_tag-kystar","10":"first","11":"instock","12":"sale","13":"shipping-taxable","14":"purchasable","15":"product-type-variable"},"yoast_head":"<!-- This site is optimized with the Yoast SEO Premium plugin v24.1 (Yoast SEO v24.1) - https:\/\/yoast.com\/wordpress\/plugins\/seo\/ -->\n<title>Kystar U3\/U3 Pro UHD LED Display Video Processor - LEEMAN<\/title>\n<meta name=\"description\" content=\"Kystar U3\/U3 Pro UHD LED Display Video Processor. NovaStar LED Controller Card System Synchronous and Asynchronous TB1-4G \/ TB2-4G \/ TB30 \/ TB40 \/ TB60\" \/>\n<meta name=\"robots\" content=\"noindex, follow, max-snippet:-1, max-image-preview:large, max-video-preview:-1\" \/>\n<meta property=\"og:locale\" content=\"ru_RU\" \/>\n<meta property=\"og:type\" content=\"article\" \/>\n<meta property=\"og:title\" content=\"Kystar U3\/U3 Pro UHD LED Display Video Processor\" \/>\n<meta property=\"og:description\" content=\"Kystar U3\/U3 Pro UHD LED Display Video Processor. NovaStar LED Controller Card System Synchronous and Asynchronous TB1-4G \/ TB2-4G \/ TB30 \/ TB40 \/ TB60\" \/>\n<meta property=\"og:url\" content=\"https:\/\/www.leemanleddisplay.com\/ru\/product\/kystar-u3-u3-pro-uhd-led-display-video-processor\/\" \/>\n<meta property=\"og:site_name\" content=\"Leemanled\" \/>\n<meta property=\"article:modified_time\" content=\"2025-01-13T14:54:59+00:00\" \/>\n<meta property=\"og:image\" content=\"https:\/\/www.leemanleddisplay.com\/wp-content\/uploads\/1736\/09kystar-u3-u3-pro-uhd-led-display-video-processor_0.jpg\" \/>\n\t<meta property=\"og:image:width\" content=\"2000\" \/>\n\t<meta property=\"og:image:height\" content=\"1310\" \/>\n\t<meta property=\"og:image:type\" content=\"image\/jpeg\" \/>\n<meta name=\"twitter:card\" content=\"summary_large_image\" \/>\n<meta name=\"twitter:label1\" content=\"\u0414\u043e\u0441\u0442\u0443\u043f\u043d\u043e\u0441\u0442\u044c\" \/>\n\t<meta name=\"twitter:data1\" content=\"\u0412 \u043d\u0430\u043b\u0438\u0447\u0438\u0438\" \/>\n<script type=\"application\/ld+json\" class=\"yoast-schema-graph\">{\"@context\":\"https:\/\/schema.org\",\"@graph\":[{\"@type\":\"WebPage\",\"@id\":\"https:\/\/www.leemanleddisplay.com\/product\/kystar-u3-u3-pro-uhd-led-display-video-processor\/\",\"url\":\"https:\/\/www.leemanleddisplay.com\/product\/kystar-u3-u3-pro-uhd-led-display-video-processor\/\",\"name\":\"Kystar U3\/U3 Pro UHD LED Display Video Processor - LEEMAN\",\"isPartOf\":{\"@id\":\"https:\/\/www.leemanleddisplay.com\/#website\"},\"primaryImageOfPage\":{\"@id\":\"https:\/\/www.leemanleddisplay.com\/product\/kystar-u3-u3-pro-uhd-led-display-video-processor\/#primaryimage\"},\"image\":{\"@id\":\"https:\/\/www.leemanleddisplay.com\/product\/kystar-u3-u3-pro-uhd-led-display-video-processor\/#primaryimage\"},\"thumbnailUrl\":\"https:\/\/www.leemanleddisplay.com\/wp-content\/uploads\/1736\/09kystar-u3-u3-pro-uhd-led-display-video-processor_0.jpg\",\"datePublished\":\"2025-01-10T11:39:39+00:00\",\"dateModified\":\"2025-01-13T14:54:59+00:00\",\"description\":\"Kystar U3\/U3 Pro UHD LED Display Video Processor. NovaStar LED Controller Card System Synchronous and Asynchronous TB1-4G \/ TB2-4G \/ TB30 \/ TB40 \/ TB60\",\"breadcrumb\":{\"@id\":\"https:\/\/www.leemanleddisplay.com\/product\/kystar-u3-u3-pro-uhd-led-display-video-processor\/#breadcrumb\"},\"inLanguage\":\"ru-RU\",\"potentialAction\":[{\"@type\":\"ReadAction\",\"target\":[\"https:\/\/www.leemanleddisplay.com\/product\/kystar-u3-u3-pro-uhd-led-display-video-processor\/\"]}]},{\"@type\":\"ImageObject\",\"inLanguage\":\"ru-RU\",\"@id\":\"https:\/\/www.leemanleddisplay.com\/product\/kystar-u3-u3-pro-uhd-led-display-video-processor\/#primaryimage\",\"url\":\"https:\/\/www.leemanleddisplay.com\/wp-content\/uploads\/1736\/09kystar-u3-u3-pro-uhd-led-display-video-processor_0.jpg\",\"contentUrl\":\"https:\/\/www.leemanleddisplay.com\/wp-content\/uploads\/1736\/09kystar-u3-u3-pro-uhd-led-display-video-processor_0.jpg\",\"width\":2000,\"height\":1310},{\"@type\":\"BreadcrumbList\",\"@id\":\"https:\/\/www.leemanleddisplay.com\/product\/kystar-u3-u3-pro-uhd-led-display-video-processor\/#breadcrumb\",\"itemListElement\":[{\"@type\":\"ListItem\",\"position\":1,\"name\":\"Home\",\"item\":\"https:\/\/www.leemanleddisplay.com\/\"},{\"@type\":\"ListItem\",\"position\":2,\"name\":\"Shop\",\"item\":\"https:\/\/www.leemanleddisplay.com\/shop\/\"},{\"@type\":\"ListItem\",\"position\":3,\"name\":\"Kystar U3\/U3 Pro UHD LED Display Video Processor\"}]},{\"@type\":\"WebSite\",\"@id\":\"https:\/\/www.leemanleddisplay.com\/#website\",\"url\":\"https:\/\/www.leemanleddisplay.com\/\",\"name\":\"Leemanled\",\"description\":\"\",\"publisher\":{\"@id\":\"https:\/\/www.leemanleddisplay.com\/#organization\"},\"potentialAction\":[{\"@type\":\"SearchAction\",\"target\":{\"@type\":\"EntryPoint\",\"urlTemplate\":\"https:\/\/www.leemanleddisplay.com\/?s={search_term_string}\"},\"query-input\":{\"@type\":\"PropertyValueSpecification\",\"valueRequired\":true,\"valueName\":\"search_term_string\"}}],\"inLanguage\":\"ru-RU\"},{\"@type\":\"Organization\",\"@id\":\"https:\/\/www.leemanleddisplay.com\/#organization\",\"name\":\"Leemanled\",\"url\":\"https:\/\/www.leemanleddisplay.com\/\",\"logo\":{\"@type\":\"ImageObject\",\"inLanguage\":\"ru-RU\",\"@id\":\"https:\/\/www.leemanleddisplay.com\/#\/schema\/logo\/image\/\",\"url\":\"https:\/\/www.leemanleddisplay.com\/wp-content\/uploads\/2024\/11\/cropped-0-removebg-preview-1.png\",\"contentUrl\":\"https:\/\/www.leemanleddisplay.com\/wp-content\/uploads\/2024\/11\/cropped-0-removebg-preview-1.png\",\"width\":200,\"height\":50,\"caption\":\"Leemanled\"},\"image\":{\"@id\":\"https:\/\/www.leemanleddisplay.com\/#\/schema\/logo\/image\/\"}}]}<\/script>\n<meta property=\"og:availability\" content=\"instock\" \/>\n<meta property=\"product:availability\" content=\"instock\" \/>\n<meta property=\"product:retailer_item_id\" content=\"6820629479615\" \/>\n<meta property=\"product:condition\" content=\"new\" \/>\n<!-- \/ Yoast SEO Premium plugin. -->","yoast_head_json":{"title":"Kystar U3\/U3 Pro UHD LED Display Video Processor - LEEMAN","description":"Kystar U3\/U3 Pro UHD LED Display Video Processor. NovaStar LED Controller Card System Synchronous and Asynchronous TB1-4G \/ TB2-4G \/ TB30 \/ TB40 \/ TB60","robots":{"index":"noindex","follow":"follow","max-snippet":"max-snippet:-1","max-image-preview":"max-image-preview:large","max-video-preview":"max-video-preview:-1"},"og_locale":"ru_RU","og_type":"article","og_title":"Kystar U3\/U3 Pro UHD LED Display Video Processor","og_description":"Kystar U3\/U3 Pro UHD LED Display Video Processor. NovaStar LED Controller Card System Synchronous and Asynchronous TB1-4G \/ TB2-4G \/ TB30 \/ TB40 \/ TB60","og_url":"https:\/\/www.leemanleddisplay.com\/ru\/product\/kystar-u3-u3-pro-uhd-led-display-video-processor\/","og_site_name":"Leemanled","article_modified_time":"2025-01-13T14:54:59+00:00","og_image":[{"width":2000,"height":1310,"url":"https:\/\/www.leemanleddisplay.com\/wp-content\/uploads\/1736\/09kystar-u3-u3-pro-uhd-led-display-video-processor_0.jpg","type":"image\/jpeg"}],"twitter_card":"summary_large_image","twitter_misc":{"\u0414\u043e\u0441\u0442\u0443\u043f\u043d\u043e\u0441\u0442\u044c":"\u0412 \u043d\u0430\u043b\u0438\u0447\u0438\u0438"},"schema":{"@context":"https:\/\/schema.org","@graph":[{"@type":"WebPage","@id":"https:\/\/www.leemanleddisplay.com\/product\/kystar-u3-u3-pro-uhd-led-display-video-processor\/","url":"https:\/\/www.leemanleddisplay.com\/product\/kystar-u3-u3-pro-uhd-led-display-video-processor\/","name":"Kystar U3\/U3 Pro UHD LED Display Video Processor - LEEMAN","isPartOf":{"@id":"https:\/\/www.leemanleddisplay.com\/#website"},"primaryImageOfPage":{"@id":"https:\/\/www.leemanleddisplay.com\/product\/kystar-u3-u3-pro-uhd-led-display-video-processor\/#primaryimage"},"image":{"@id":"https:\/\/www.leemanleddisplay.com\/product\/kystar-u3-u3-pro-uhd-led-display-video-processor\/#primaryimage"},"thumbnailUrl":"https:\/\/www.leemanleddisplay.com\/wp-content\/uploads\/1736\/09kystar-u3-u3-pro-uhd-led-display-video-processor_0.jpg","datePublished":"2025-01-10T11:39:39+00:00","dateModified":"2025-01-13T14:54:59+00:00","description":"Kystar U3\/U3 Pro UHD LED Display Video Processor. NovaStar LED Controller Card System Synchronous and Asynchronous TB1-4G \/ TB2-4G \/ TB30 \/ TB40 \/ TB60","breadcrumb":{"@id":"https:\/\/www.leemanleddisplay.com\/product\/kystar-u3-u3-pro-uhd-led-display-video-processor\/#breadcrumb"},"inLanguage":"ru-RU","potentialAction":[{"@type":"ReadAction","target":["https:\/\/www.leemanleddisplay.com\/product\/kystar-u3-u3-pro-uhd-led-display-video-processor\/"]}]},{"@type":"ImageObject","inLanguage":"ru-RU","@id":"https:\/\/www.leemanleddisplay.com\/product\/kystar-u3-u3-pro-uhd-led-display-video-processor\/#primaryimage","url":"https:\/\/www.leemanleddisplay.com\/wp-content\/uploads\/1736\/09kystar-u3-u3-pro-uhd-led-display-video-processor_0.jpg","contentUrl":"https:\/\/www.leemanleddisplay.com\/wp-content\/uploads\/1736\/09kystar-u3-u3-pro-uhd-led-display-video-processor_0.jpg","width":2000,"height":1310},{"@type":"BreadcrumbList","@id":"https:\/\/www.leemanleddisplay.com\/product\/kystar-u3-u3-pro-uhd-led-display-video-processor\/#breadcrumb","itemListElement":[{"@type":"ListItem","position":1,"name":"Home","item":"https:\/\/www.leemanleddisplay.com\/"},{"@type":"ListItem","position":2,"name":"Shop","item":"https:\/\/www.leemanleddisplay.com\/shop\/"},{"@type":"ListItem","position":3,"name":"Kystar U3\/U3 Pro UHD LED Display Video Processor"}]},{"@type":"WebSite","@id":"https:\/\/www.leemanleddisplay.com\/#website","url":"https:\/\/www.leemanleddisplay.com\/","name":"Leemanled","description":"","publisher":{"@id":"https:\/\/www.leemanleddisplay.com\/#organization"},"potentialAction":[{"@type":"SearchAction","target":{"@type":"EntryPoint","urlTemplate":"https:\/\/www.leemanleddisplay.com\/?s={search_term_string}"},"query-input":{"@type":"PropertyValueSpecification","valueRequired":true,"valueName":"search_term_string"}}],"inLanguage":"ru-RU"},{"@type":"Organization","@id":"https:\/\/www.leemanleddisplay.com\/#organization","name":"Leemanled","url":"https:\/\/www.leemanleddisplay.com\/","logo":{"@type":"ImageObject","inLanguage":"ru-RU","@id":"https:\/\/www.leemanleddisplay.com\/#\/schema\/logo\/image\/","url":"https:\/\/www.leemanleddisplay.com\/wp-content\/uploads\/2024\/11\/cropped-0-removebg-preview-1.png","contentUrl":"https:\/\/www.leemanleddisplay.com\/wp-content\/uploads\/2024\/11\/cropped-0-removebg-preview-1.png","width":200,"height":50,"caption":"Leemanled"},"image":{"@id":"https:\/\/www.leemanleddisplay.com\/#\/schema\/logo\/image\/"}}]},"og_availability":"instock","product_availability":"instock","product_retailer_item_id":"6820629479615","product_condition":"new"},"_links":{"self":[{"href":"https:\/\/www.leemanleddisplay.com\/ru\/wp-json\/wp\/v2\/product\/43469","targetHints":{"allow":["GET"]}}],"collection":[{"href":"https:\/\/www.leemanleddisplay.com\/ru\/wp-json\/wp\/v2\/product"}],"about":[{"href":"https:\/\/www.leemanleddisplay.com\/ru\/wp-json\/wp\/v2\/types\/product"}],"replies":[{"embeddable":true,"href":"https:\/\/www.leemanleddisplay.com\/ru\/wp-json\/wp\/v2\/comments?post=43469"}],"wp:featuredmedia":[{"embeddable":true,"href":"https:\/\/www.leemanleddisplay.com\/ru\/wp-json\/wp\/v2\/media\/43461"}],"wp:attachment":[{"href":"https:\/\/www.leemanleddisplay.com\/ru\/wp-json\/wp\/v2\/media?parent=43469"}],"wp:term":[{"taxonomy":"product_cat","embeddable":true,"href":"https:\/\/www.leemanleddisplay.com\/ru\/wp-json\/wp\/v2\/product_cat?post=43469"},{"taxonomy":"product_tag","embeddable":true,"href":"https:\/\/www.leemanleddisplay.com\/ru\/wp-json\/wp\/v2\/product_tag?post=43469"}],"curies":[{"name":"wp","href":"https:\/\/api.w.org\/{rel}","templated":true}]}}