{"id":43459,"date":"2025-01-10T11:39:07","date_gmt":"2025-01-10T11:39:07","guid":{"rendered":"https:\/\/www.leemanleddisplay.com\/product\/kystar-u4-multi-image-splicing-led-screen-video-processor\/"},"modified":"2025-01-13T14:52:46","modified_gmt":"2025-01-13T14:52:46","slug":"kystar-u4-multi-image-splicing-led-screen-video-processor","status":"publish","type":"product","link":"https:\/\/www.leemanleddisplay.com\/sk\/product\/kystar-u4-multi-image-splicing-led-screen-video-processor\/","title":{"rendered":"KYStar U4 Multi-Image Splicing LED Screen Video Processor"},"content":{"rendered":"<p data-mce-fragment=\"1\"><strong data-mce-fragment=\"1\">KYStar U4 Multi-Image Splicing LED Screen Video Processor Features:<\/strong><\/p>\n<p data-mce-fragment=\"1\">\u2605\u00a0Output pixels up to 15360 horizontally or 6144 vertically<br data-mce-fragment=\"1\" \/>\u2605\u00a0Display six windows of images on a single screen simultaneously or control six different LED screens\u00a0<br data-mce-fragment=\"1\" \/>\u2605\u00a0Support HDMI , DVI , VGA , SDI , CVBS , IP inputs<br data-mce-fragment=\"1\" \/>\u2605 Four\u00a0windows preview and output monitoring<br data-mce-fragment=\"1\" \/>\u2605\u00a0Ethernet monitoring and control in real time\u00a0<br data-mce-fragment=\"1\" \/>\u2605\u00a0Editable text and image overlay<br data-mce-fragment=\"1\" \/>\u2605\u00a0Window or mode transition effects including dissolves, wipes, and cuts<br data-mce-fragment=\"1\" \/>\u2605\u00a0Brightness control of each input<br data-mce-fragment=\"1\" \/>\u2605\u00a0Transparency adjusting and edge feathering<br data-mce-fragment=\"1\" \/>\u2605\u00a0Hot backup of input signals<\/p>\n<p data-mce-fragment=\"1\"><strong data-mce-fragment=\"1\">Multi-format signal processing &amp; 4k Processing:<\/strong><\/p>\n<p data-mce-fragment=\"1\">Multi-format Signals Processing\u00a0<br data-mce-fragment=\"1\" \/>Processor is compatible with a variety of input signals : DVI\u00d71, HDMI\u00d71, VGA\u00d72, CVBS\u00d72, SDI\u00d71 and expansion slot\u00d71.<br data-mce-fragment=\"1\" \/>The expansion slot can be configured as HDMI 1.4a,IP, DVI, HDMI1.3, and CVBS.<\/p>\n<p data-mce-fragment=\"1\"><strong data-mce-fragment=\"1\">4k Processing:<\/strong><\/p>\n<p data-mce-fragment=\"1\">Accommodating 4k signal input terminals including HDMI 1.4 and Dual Link DVI, U4 enables an input resolution up to 4096\u00d72160, conveniently realizing UHD display of large LED screens!\u00a0<\/p>\n<p data-mce-fragment=\"1\"><strong data-mce-fragment=\"1\">Splicing Output For Large Screen:<\/strong><\/p>\n<p data-mce-fragment=\"1\">User-define Splicing Display<br data-mce-fragment=\"1\" \/>Processor is a 4 outputs device that supports horizontal, vertical and cross splicing to reach high resolution as 15360\u00d7400 or 960\u00d76144. U4 also supports user-define output resolution , allowing users to freely change aspect ratio of resolution and refresh rate.<\/p>\n<p data-mce-fragment=\"1\"><strong data-mce-fragment=\"1\">Free Display of four Windows:<\/strong><\/p>\n<p data-mce-fragment=\"1\">Free Display of four Windows\u00a0on a single screen<br data-mce-fragment=\"1\" \/>U4 enables the simultaneous display of four windows on a single screen.The size, location and hierarchical relationship of each window can be adjusted independently.<\/p>\n<p data-mce-fragment=\"1\"><strong data-mce-fragment=\"1\">Multi-screen Combination and Special-shaped Splicing :<\/strong><\/p>\n<p data-mce-fragment=\"1\">U4 can not only display 4 windows on a screen, but control 4 LED screens simultaneously as well, each of which can display independently or be combined into a complete image. Besides, pixel pitch of such screens can be different.<\/p>\n<p data-mce-fragment=\"1\"><strong data-mce-fragment=\"1\">Image Configuration:<\/strong><\/p>\n<p data-mce-fragment=\"1\">Transparency adjusting and edge feathering<br data-mce-fragment=\"1\" \/>In order to integrate the different layers of image well, U4 can change the transparency of \u00a0each windows or achieve edge feathering effect.<\/p>\n<p data-mce-fragment=\"1\"><strong data-mce-fragment=\"1\">Local Monitoring And Preview:<\/strong><\/p>\n<p data-mce-fragment=\"1\">There\u2019re three modes when using the local monitor &amp; preview output of U4:<br data-mce-fragment=\"1\" \/>1.Monitor the outputs, showing the same image with the Display.<br data-mce-fragment=\"1\" \/>2.Preview the inputs, showing 6 inputs images in the same time.<br data-mce-fragment=\"1\" \/>3.Monitor and preview in the same time.<\/p>\n<p data-mce-fragment=\"1\"><strong data-mce-fragment=\"1\">Excellent Image Processing Effect:<\/strong><\/p>\n<p data-mce-fragment=\"1\">CrossInt Splicing Technology<br data-mce-fragment=\"1\" \/>The splicing unit of LED screen is often non-standard, non-uniform or different size ones, which may result in dislocation or out-sync etc. U4 adopts the CPT+FST splicing processing technology specially designed for small pixel LED displays, perfectly solving the said problem.<\/p>\n<p data-mce-fragment=\"1\"><strong data-mce-fragment=\"1\">Super Resolution Technology:<\/strong><br data-mce-fragment=\"1\" \/>Super Resolution Zoom-in Technology can effectively eliminate edge aliasing induced from image zoom-in, thus reducing out-of-focus blur accordingly.<\/p>\n<p data-mce-fragment=\"1\"><strong data-mce-fragment=\"1\">Images And Texts Overlay:<\/strong><\/p>\n<p data-mce-fragment=\"1\">U4 is able to generate independent images and texts overlay layer. The user is allowed to overlay pictures or characters on the signal image conveniently with the KYSTAR control software . The overlaid contents can be stored in the equipment.<\/p>\n<p data-mce-fragment=\"1\"><strong data-mce-fragment=\"1\">Ethernet monitoring &amp; control in real time:<\/strong><\/p>\n<p data-mce-fragment=\"1\">U6 can be compatible with KYSTAR \u00a0management software via Ethernet or serial communication. Users can configure parameters on U6 through management software, adjust window layout, complete special effects switching, set up scheduled tasks etc.<\/p>\n<p data-mce-fragment=\"1\">Ethernet monitoring and preview<br data-mce-fragment=\"1\" \/>Via Ethernet, users can not only configure the parameters of U6, but achieve monitoring and preview through the KYSTAR management software in real time.<\/p>\n<p data-mce-fragment=\"1\"><strong data-mce-fragment=\"1\">Seamless Transition With Effects:<\/strong><\/p>\n<p data-mce-fragment=\"1\">Whether in case of a signal or a preset, U4 is capable of seamless transition, without any blackout, glimmer or delay in the process; Besides, U4 owns over ten transition effects for choice by the user, adaptable for different applications.<\/p>\n<p data-mce-fragment=\"1\"><strong data-mce-fragment=\"1\">Hot Backup of Input Signals:<\/strong><\/p>\n<p data-mce-fragment=\"1\">Users can specify the backup signal for signal source . If current signal goes wrong, the system will automatically detect and call the backup signal immediately. And if the signal returns to normal, the system will transfer back to the original signal intelligently. Building parallel system with this function, the reliability of scene can be guaranteed efficiently.<\/p>\n<p data-mce-fragment=\"1\"><strong>More pictures of KYStar U4 \u00a0LED Screen Video Processor:<\/strong><\/p>\n<div style=\"text-align: start;\"><\/div>\n<p data-mce-fragment=\"1\">\n<p data-mce-fragment=\"1\"><strong data-mce-fragment=\"1\">Download Specification:<\/strong><\/p>\n<p data-mce-fragment=\"1\"><span><strong>Kystar-U4-Specification\u00a0<\/strong><\/span><br data-mce-fragment=\"1\" \/><strong data-mce-fragment=\"1\"><\/strong><\/p>\n<p><strong>Download Software:<\/strong><br \/><span><strong>Kystar U4 Control Software (All Kystar Processor)<\/strong><\/span><br \/><span><strong>Kystar U4 Control Software (Three-in-One)<\/strong><\/span><\/p>","protected":false},"excerpt":{"rendered":"<p>KYStar U4 Multi-Image Splicing LED Screen Video Processor Features: \u2605\u00a0Output pixels up to 15360 horizontally or 6144 vertically\u2605\u00a0Display six windows of images on a single screen simultaneously or&#8230;<\/p>","protected":false},"featured_media":43457,"comment_status":"closed","ping_status":"closed","template":"","meta":{"_monsterinsights_skip_tracking":false,"_monsterinsights_sitenote_active":false,"_monsterinsights_sitenote_note":"","_monsterinsights_sitenote_category":0},"product_cat":[215],"product_tag":[140,217],"class_list":{"0":"post-43459","1":"product","2":"type-product","3":"status-publish","4":"has-post-thumbnail","6":"product_cat-kystar","7":"product_tag-1000-00-3000-00","8":"product_tag-kystar","10":"first","11":"instock","12":"shipping-taxable","13":"purchasable","14":"product-type-simple"},"yoast_head":"<!-- This site is optimized with the Yoast SEO Premium plugin v24.1 (Yoast SEO v24.1) - https:\/\/yoast.com\/wordpress\/plugins\/seo\/ -->\n<title>KYStar U4 Multi-Image Splicing LED Screen led Video Processor<\/title>\n<meta name=\"description\" content=\"KYStar U4 Multi-Image Splicing LED Screen Video Processor. NovaStar Taurus Series LED Display Controller TB1-4G \/ TB2-4G \/ TB30 \/ TB40 \/ TB60 With 4G WIFI\" \/>\n<meta name=\"robots\" content=\"noindex, follow, max-snippet:-1, max-image-preview:large, max-video-preview:-1\" \/>\n<meta property=\"og:locale\" content=\"sk_SK\" \/>\n<meta property=\"og:type\" content=\"article\" \/>\n<meta property=\"og:title\" content=\"KYStar U4 Multi-Image Splicing LED Screen Video Processor\" \/>\n<meta property=\"og:description\" content=\"KYStar U4 Multi-Image Splicing LED Screen Video Processor. NovaStar Taurus Series LED Display Controller TB1-4G \/ TB2-4G \/ TB30 \/ TB40 \/ TB60 With 4G WIFI\" \/>\n<meta property=\"og:url\" content=\"https:\/\/www.leemanleddisplay.com\/sk\/product\/kystar-u4-multi-image-splicing-led-screen-video-processor\/\" \/>\n<meta property=\"og:site_name\" content=\"Leemanled\" \/>\n<meta property=\"article:modified_time\" content=\"2025-01-13T14:52:46+00:00\" \/>\n<meta property=\"og:image\" content=\"https:\/\/www.leemanleddisplay.com\/wp-content\/uploads\/1736\/09kystar-u4-multi-image-splicing-led-screen-video-processor_0.jpg\" \/>\n\t<meta property=\"og:image:width\" content=\"1000\" \/>\n\t<meta property=\"og:image:height\" content=\"655\" \/>\n\t<meta property=\"og:image:type\" content=\"image\/jpeg\" \/>\n<meta name=\"twitter:card\" content=\"summary_large_image\" \/>\n<meta name=\"twitter:label1\" content=\"Cena\" \/>\n\t<meta name=\"twitter:data1\" content=\"&#036;1,306.00\" \/>\n\t<meta name=\"twitter:label2\" content=\"Dostupnos\u0165\" \/>\n\t<meta name=\"twitter:data2\" content=\"Na sklade\" \/>\n<script type=\"application\/ld+json\" class=\"yoast-schema-graph\">{\"@context\":\"https:\/\/schema.org\",\"@graph\":[{\"@type\":\"WebPage\",\"@id\":\"https:\/\/www.leemanleddisplay.com\/product\/kystar-u4-multi-image-splicing-led-screen-video-processor\/\",\"url\":\"https:\/\/www.leemanleddisplay.com\/product\/kystar-u4-multi-image-splicing-led-screen-video-processor\/\",\"name\":\"KYStar U4 Multi-Image Splicing LED Screen led Video Processor\",\"isPartOf\":{\"@id\":\"https:\/\/www.leemanleddisplay.com\/#website\"},\"primaryImageOfPage\":{\"@id\":\"https:\/\/www.leemanleddisplay.com\/product\/kystar-u4-multi-image-splicing-led-screen-video-processor\/#primaryimage\"},\"image\":{\"@id\":\"https:\/\/www.leemanleddisplay.com\/product\/kystar-u4-multi-image-splicing-led-screen-video-processor\/#primaryimage\"},\"thumbnailUrl\":\"https:\/\/www.leemanleddisplay.com\/wp-content\/uploads\/1736\/09kystar-u4-multi-image-splicing-led-screen-video-processor_0.jpg\",\"datePublished\":\"2025-01-10T11:39:07+00:00\",\"dateModified\":\"2025-01-13T14:52:46+00:00\",\"description\":\"KYStar U4 Multi-Image Splicing LED Screen Video Processor. NovaStar Taurus Series LED Display Controller TB1-4G \/ TB2-4G \/ TB30 \/ TB40 \/ TB60 With 4G WIFI\",\"breadcrumb\":{\"@id\":\"https:\/\/www.leemanleddisplay.com\/product\/kystar-u4-multi-image-splicing-led-screen-video-processor\/#breadcrumb\"},\"inLanguage\":\"sk-SK\",\"potentialAction\":[{\"@type\":\"ReadAction\",\"target\":[\"https:\/\/www.leemanleddisplay.com\/product\/kystar-u4-multi-image-splicing-led-screen-video-processor\/\"]}]},{\"@type\":\"ImageObject\",\"inLanguage\":\"sk-SK\",\"@id\":\"https:\/\/www.leemanleddisplay.com\/product\/kystar-u4-multi-image-splicing-led-screen-video-processor\/#primaryimage\",\"url\":\"https:\/\/www.leemanleddisplay.com\/wp-content\/uploads\/1736\/09kystar-u4-multi-image-splicing-led-screen-video-processor_0.jpg\",\"contentUrl\":\"https:\/\/www.leemanleddisplay.com\/wp-content\/uploads\/1736\/09kystar-u4-multi-image-splicing-led-screen-video-processor_0.jpg\",\"width\":1000,\"height\":655},{\"@type\":\"BreadcrumbList\",\"@id\":\"https:\/\/www.leemanleddisplay.com\/product\/kystar-u4-multi-image-splicing-led-screen-video-processor\/#breadcrumb\",\"itemListElement\":[{\"@type\":\"ListItem\",\"position\":1,\"name\":\"Home\",\"item\":\"https:\/\/www.leemanleddisplay.com\/\"},{\"@type\":\"ListItem\",\"position\":2,\"name\":\"Shop\",\"item\":\"https:\/\/www.leemanleddisplay.com\/shop\/\"},{\"@type\":\"ListItem\",\"position\":3,\"name\":\"KYStar U4 Multi-Image Splicing LED Screen Video Processor\"}]},{\"@type\":\"WebSite\",\"@id\":\"https:\/\/www.leemanleddisplay.com\/#website\",\"url\":\"https:\/\/www.leemanleddisplay.com\/\",\"name\":\"Leemanled\",\"description\":\"\",\"publisher\":{\"@id\":\"https:\/\/www.leemanleddisplay.com\/#organization\"},\"potentialAction\":[{\"@type\":\"SearchAction\",\"target\":{\"@type\":\"EntryPoint\",\"urlTemplate\":\"https:\/\/www.leemanleddisplay.com\/?s={search_term_string}\"},\"query-input\":{\"@type\":\"PropertyValueSpecification\",\"valueRequired\":true,\"valueName\":\"search_term_string\"}}],\"inLanguage\":\"sk-SK\"},{\"@type\":\"Organization\",\"@id\":\"https:\/\/www.leemanleddisplay.com\/#organization\",\"name\":\"Leemanled\",\"url\":\"https:\/\/www.leemanleddisplay.com\/\",\"logo\":{\"@type\":\"ImageObject\",\"inLanguage\":\"sk-SK\",\"@id\":\"https:\/\/www.leemanleddisplay.com\/#\/schema\/logo\/image\/\",\"url\":\"https:\/\/www.leemanleddisplay.com\/wp-content\/uploads\/2024\/11\/cropped-0-removebg-preview-1.png\",\"contentUrl\":\"https:\/\/www.leemanleddisplay.com\/wp-content\/uploads\/2024\/11\/cropped-0-removebg-preview-1.png\",\"width\":200,\"height\":50,\"caption\":\"Leemanled\"},\"image\":{\"@id\":\"https:\/\/www.leemanleddisplay.com\/#\/schema\/logo\/image\/\"}}]}<\/script>\n<meta property=\"product:price:amount\" content=\"1306.00\" \/>\n<meta property=\"product:price:currency\" content=\"USD\" \/>\n<meta property=\"og:availability\" content=\"instock\" \/>\n<meta property=\"product:availability\" content=\"instock\" \/>\n<meta property=\"product:retailer_item_id\" content=\"6820869374143\" \/>\n<meta property=\"product:condition\" content=\"new\" \/>\n<!-- \/ Yoast SEO Premium plugin. -->","yoast_head_json":{"title":"KYStar U4 Multi-Image Splicing LED Screen led Video Processor","description":"KYStar U4 Multi-Image Splicing LED Screen Video Processor. NovaStar Taurus Series LED Display Controller TB1-4G \/ TB2-4G \/ TB30 \/ TB40 \/ TB60 With 4G WIFI","robots":{"index":"noindex","follow":"follow","max-snippet":"max-snippet:-1","max-image-preview":"max-image-preview:large","max-video-preview":"max-video-preview:-1"},"og_locale":"sk_SK","og_type":"article","og_title":"KYStar U4 Multi-Image Splicing LED Screen Video Processor","og_description":"KYStar U4 Multi-Image Splicing LED Screen Video Processor. NovaStar Taurus Series LED Display Controller TB1-4G \/ TB2-4G \/ TB30 \/ TB40 \/ TB60 With 4G WIFI","og_url":"https:\/\/www.leemanleddisplay.com\/sk\/product\/kystar-u4-multi-image-splicing-led-screen-video-processor\/","og_site_name":"Leemanled","article_modified_time":"2025-01-13T14:52:46+00:00","og_image":[{"width":1000,"height":655,"url":"https:\/\/www.leemanleddisplay.com\/wp-content\/uploads\/1736\/09kystar-u4-multi-image-splicing-led-screen-video-processor_0.jpg","type":"image\/jpeg"}],"twitter_card":"summary_large_image","twitter_misc":{"Cena":"&#36;1,306.00","Dostupnos\u0165":"Na sklade"},"schema":{"@context":"https:\/\/schema.org","@graph":[{"@type":"WebPage","@id":"https:\/\/www.leemanleddisplay.com\/product\/kystar-u4-multi-image-splicing-led-screen-video-processor\/","url":"https:\/\/www.leemanleddisplay.com\/product\/kystar-u4-multi-image-splicing-led-screen-video-processor\/","name":"KYStar U4 Multi-Image Splicing LED Screen led Video Processor","isPartOf":{"@id":"https:\/\/www.leemanleddisplay.com\/#website"},"primaryImageOfPage":{"@id":"https:\/\/www.leemanleddisplay.com\/product\/kystar-u4-multi-image-splicing-led-screen-video-processor\/#primaryimage"},"image":{"@id":"https:\/\/www.leemanleddisplay.com\/product\/kystar-u4-multi-image-splicing-led-screen-video-processor\/#primaryimage"},"thumbnailUrl":"https:\/\/www.leemanleddisplay.com\/wp-content\/uploads\/1736\/09kystar-u4-multi-image-splicing-led-screen-video-processor_0.jpg","datePublished":"2025-01-10T11:39:07+00:00","dateModified":"2025-01-13T14:52:46+00:00","description":"KYStar U4 Multi-Image Splicing LED Screen Video Processor. NovaStar Taurus Series LED Display Controller TB1-4G \/ TB2-4G \/ TB30 \/ TB40 \/ TB60 With 4G WIFI","breadcrumb":{"@id":"https:\/\/www.leemanleddisplay.com\/product\/kystar-u4-multi-image-splicing-led-screen-video-processor\/#breadcrumb"},"inLanguage":"sk-SK","potentialAction":[{"@type":"ReadAction","target":["https:\/\/www.leemanleddisplay.com\/product\/kystar-u4-multi-image-splicing-led-screen-video-processor\/"]}]},{"@type":"ImageObject","inLanguage":"sk-SK","@id":"https:\/\/www.leemanleddisplay.com\/product\/kystar-u4-multi-image-splicing-led-screen-video-processor\/#primaryimage","url":"https:\/\/www.leemanleddisplay.com\/wp-content\/uploads\/1736\/09kystar-u4-multi-image-splicing-led-screen-video-processor_0.jpg","contentUrl":"https:\/\/www.leemanleddisplay.com\/wp-content\/uploads\/1736\/09kystar-u4-multi-image-splicing-led-screen-video-processor_0.jpg","width":1000,"height":655},{"@type":"BreadcrumbList","@id":"https:\/\/www.leemanleddisplay.com\/product\/kystar-u4-multi-image-splicing-led-screen-video-processor\/#breadcrumb","itemListElement":[{"@type":"ListItem","position":1,"name":"Home","item":"https:\/\/www.leemanleddisplay.com\/"},{"@type":"ListItem","position":2,"name":"Shop","item":"https:\/\/www.leemanleddisplay.com\/shop\/"},{"@type":"ListItem","position":3,"name":"KYStar U4 Multi-Image Splicing LED Screen Video Processor"}]},{"@type":"WebSite","@id":"https:\/\/www.leemanleddisplay.com\/#website","url":"https:\/\/www.leemanleddisplay.com\/","name":"Leemanled","description":"","publisher":{"@id":"https:\/\/www.leemanleddisplay.com\/#organization"},"potentialAction":[{"@type":"SearchAction","target":{"@type":"EntryPoint","urlTemplate":"https:\/\/www.leemanleddisplay.com\/?s={search_term_string}"},"query-input":{"@type":"PropertyValueSpecification","valueRequired":true,"valueName":"search_term_string"}}],"inLanguage":"sk-SK"},{"@type":"Organization","@id":"https:\/\/www.leemanleddisplay.com\/#organization","name":"Leemanled","url":"https:\/\/www.leemanleddisplay.com\/","logo":{"@type":"ImageObject","inLanguage":"sk-SK","@id":"https:\/\/www.leemanleddisplay.com\/#\/schema\/logo\/image\/","url":"https:\/\/www.leemanleddisplay.com\/wp-content\/uploads\/2024\/11\/cropped-0-removebg-preview-1.png","contentUrl":"https:\/\/www.leemanleddisplay.com\/wp-content\/uploads\/2024\/11\/cropped-0-removebg-preview-1.png","width":200,"height":50,"caption":"Leemanled"},"image":{"@id":"https:\/\/www.leemanleddisplay.com\/#\/schema\/logo\/image\/"}}]},"product_price_amount":"1306.00","product_price_currency":"USD","og_availability":"instock","product_availability":"instock","product_retailer_item_id":"6820869374143","product_condition":"new"},"_links":{"self":[{"href":"https:\/\/www.leemanleddisplay.com\/sk\/wp-json\/wp\/v2\/product\/43459","targetHints":{"allow":["GET"]}}],"collection":[{"href":"https:\/\/www.leemanleddisplay.com\/sk\/wp-json\/wp\/v2\/product"}],"about":[{"href":"https:\/\/www.leemanleddisplay.com\/sk\/wp-json\/wp\/v2\/types\/product"}],"replies":[{"embeddable":true,"href":"https:\/\/www.leemanleddisplay.com\/sk\/wp-json\/wp\/v2\/comments?post=43459"}],"wp:featuredmedia":[{"embeddable":true,"href":"https:\/\/www.leemanleddisplay.com\/sk\/wp-json\/wp\/v2\/media\/43457"}],"wp:attachment":[{"href":"https:\/\/www.leemanleddisplay.com\/sk\/wp-json\/wp\/v2\/media?parent=43459"}],"wp:term":[{"taxonomy":"product_cat","embeddable":true,"href":"https:\/\/www.leemanleddisplay.com\/sk\/wp-json\/wp\/v2\/product_cat?post=43459"},{"taxonomy":"product_tag","embeddable":true,"href":"https:\/\/www.leemanleddisplay.com\/sk\/wp-json\/wp\/v2\/product_tag?post=43459"}],"curies":[{"name":"wp","href":"https:\/\/api.w.org\/{rel}","templated":true}]}}