{"id":44720,"date":"2025-01-10T12:36:47","date_gmt":"2025-01-10T12:36:47","guid":{"rendered":"https:\/\/www.leemanleddisplay.com\/product\/novastar-mctrl660-pro-led-controller-box\/"},"modified":"2025-07-20T01:56:10","modified_gmt":"2025-07-20T01:56:10","slug":"novastar-mctrl660-pro-led-controller-box","status":"publish","type":"product","link":"https:\/\/www.leemanleddisplay.com\/sk\/product\/novastar-mctrl660-pro-led-controller-box\/","title":{"rendered":"Novastar MCTRL660 Pro LED Controller Box"},"content":{"rendered":"<div data-mce-fragment=\"1\">\u00a0<\/div>\n<div data-mce-fragment=\"1\">Novastar MCTRL660 Pro LED Controller Box is a professional controller developed by NovaStar. A single<\/div>\n<div data-mce-fragment=\"1\">MCTRL660 PRO has a loading capacity of up to 1920\u00d71200@60Hz.<span data-mce-fragment=\"1\">\u00a0<\/span>It allows users<\/div>\n<div data-mce-fragment=\"1\">to customize resolutions to configure ultra-large screens with ultra-width or ultraheight.<\/div>\n<p data-mce-fragment=\"1\"><br data-mce-fragment=\"1\" \/><br data-mce-fragment=\"1\" \/><\/p>\n<div data-mce-fragment=\"1\"><strong data-mce-fragment=\"1\">Novastar MCTRL660 Pro LED Controller Box RGB has various video connectors:<\/strong><\/div>\n<p data-mce-fragment=\"1\">\u00a0\uf06c Input connectors: 1 \u00d7 3G-SDI, 1 \u00d7 HDMI 1.4a, 1 \u00d7 single-link DVI.<\/p>\n<div data-mce-fragment=\"1\">\uf06c Output connectors: 6 \u00d7 Gigabit Ethernet ports, 2 \u00d7 10G optical ports.<\/div>\n<div data-mce-fragment=\"1\">\uf06c Loop output connectors: 1 \u00d7 3G-SDI LOOP, 1 \u00d7 HDMI LOOP, 1 \u00d7 DVI LOOP.<\/div>\n<p data-mce-fragment=\"1\"><br data-mce-fragment=\"1\" \/><br data-mce-fragment=\"1\" \/><\/p>\n<div data-mce-fragment=\"1\"><strong data-mce-fragment=\"1\">Novastar MCTRL660 Pro LED Controller Box RGB has many industry-leading advanced technologies:<\/strong><\/div>\n<p data-mce-fragment=\"1\">\u00a0<\/p>\n<div data-mce-fragment=\"1\">\uf06c Input of ultra-high color depths, such as 10-bit\/12-bit 4:4:4, with input resolutions\u00a0up to 1920\u00d71080@60Hz, increasing color expression capabilities by 4096 times\u00a0compared to 8-bit inputs, and presenting images with rich and delicate colors,smoother transitions, as well as clearer details.<\/div>\n<div data-mce-fragment=\"1\">\uf06c Independent Gamma adjustment of RGB, effectively controlling image nonuniformity under low grayscale and white balance offset to improve image quality<\/div>\n<div data-mce-fragment=\"1\">\uf06c A low latency of less than 1 frame (\u2264 10 lines)<\/div>\n<div data-mce-fragment=\"1\">\uf06c Dual working modes: working as sending card and fiber converter<\/div>\n<div data-mce-fragment=\"1\">\uf06c One-click backup and recovery, quickly recovering previous screen\u00a0configurations to deal with sudden on-site failure.<\/div>\n<div data-mce-fragment=\"1\">\uf06c Image mirroring, making stage effect more cool and dazzling<\/div>\n<div data-mce-fragment=\"1\">\uf06c Auto LED screen configuration<\/div>\n<div data-mce-fragment=\"1\">\uf06c Web control<\/div>\n<div data-mce-fragment=\"1\">\uf06c Pixel level brightness and chroma calibration<\/div>\n<div data-mce-fragment=\"1\">\uf06c Monitoring of inputs<\/div>\n<div data-mce-fragment=\"1\">\uf06c Multiple MCTRL660 PRO units can be cascaded.<\/div>\n<p data-mce-fragment=\"1\"><br data-mce-fragment=\"1\" \/><br data-mce-fragment=\"1\" \/><\/p>\n<div data-mce-fragment=\"1\">The MCTRL660 PRO is mainly used for the rental and fixed fields, such as concerts,<\/div>\n<div data-mce-fragment=\"1\">live events, security monitoring centers, Olympic Games and various sports centers.\u00a0<\/div>\n<div data-mce-fragment=\"1\"><\/div>\n<div data-mce-fragment=\"1\"><\/div>\n<div data-mce-fragment=\"1\">\n<table data-mce-fragment=\"1\" class=\"NormalTable\">\n<tbody data-mce-fragment=\"1\">\n<tr data-mce-fragment=\"1\">\n<td data-mce-fragment=\"1\">Input voltage<\/td>\n<td data-mce-fragment=\"1\">100 V\u2013240 V AC<\/td>\n<\/tr>\n<tr data-mce-fragment=\"1\">\n<td data-mce-fragment=\"1\">Rated power consumption<\/td>\n<td data-mce-fragment=\"1\">20.0 W<\/td>\n<\/tr>\n<tr data-mce-fragment=\"1\">\n<td data-mce-fragment=\"1\">Operating temperature<\/td>\n<td data-mce-fragment=\"1\">-20\u00b0C\u201360\u00b0C<\/td>\n<\/tr>\n<tr data-mce-fragment=\"1\">\n<td data-mce-fragment=\"1\">Operating humidity<\/td>\n<td data-mce-fragment=\"1\">0% RH\u201390% RH, non-condensing<\/td>\n<\/tr>\n<tr data-mce-fragment=\"1\">\n<td data-mce-fragment=\"1\">Dimensions<\/td>\n<td data-mce-fragment=\"1\">482.6mm\u00d7349.0mm\u00d750.7mm<\/td>\n<\/tr>\n<tr data-mce-fragment=\"1\">\n<td data-mce-fragment=\"1\">Net weight<\/td>\n<td data-mce-fragment=\"1\">4.6 kg<\/td>\n<\/tr>\n<tr data-mce-fragment=\"1\">\n<td data-mce-fragment=\"1\">Space requirement<\/td>\n<td data-mce-fragment=\"1\">1U<\/td>\n<\/tr>\n<tr data-mce-fragment=\"1\">\n<td data-mce-fragment=\"1\">Certifications<\/td>\n<td data-mce-fragment=\"1\">&#8211;<\/td>\n<\/tr>\n<tr data-mce-fragment=\"1\">\n<td data-mce-fragment=\"1\">Packing<\/td>\n<td data-mce-fragment=\"1\">Carrying case: 550 mm \u00d7 440 mm \u00d7 175 mm, white cardboard box<br data-mce-fragment=\"1\" \/>Packing box: 530 mm \u00d7 140 mm \u00d7 410 mm, craft paper box<br data-mce-fragment=\"1\" \/>Accessory box: white cardboard box<br data-mce-fragment=\"1\" \/>1 \u00d7MCTRL660 PRO unit<br data-mce-fragment=\"1\" \/>1 \u00d7 Ethernet cable (1.5 m)<br data-mce-fragment=\"1\" \/>1 \u00d7 DVI cable (1.5 m, double magnetic ring design, EMC)<br data-mce-fragment=\"1\" \/>1 \u00d7 USB cable (1.5 m)<br data-mce-fragment=\"1\" \/>1 \u00d7 HDMI cable (1.5 m)<br data-mce-fragment=\"1\" \/>1 \u00d7 Power cord<\/td>\n<\/tr>\n<\/tbody>\n<\/table>\n<\/div>\n<p>&nbsp;<\/p>\n<div style=\"text-align: start;\"><\/div>\n<div style=\"text-align: start;\"><\/div>\n<div style=\"text-align: start;\"><\/div>\n<p><strong>Download Specification<\/strong><\/p>","protected":false},"excerpt":{"rendered":"<p>Novastar MCTRL660 Pro LED Controller Box is a professional controller developed by NovaStar. A single MCTRL660 PRO has a loading capacity of up to 1920\u00d71200@60Hz.\u00a0It allows users&#8230;<\/p>","protected":false},"featured_media":44710,"comment_status":"closed","ping_status":"closed","template":"","meta":{"_monsterinsights_skip_tracking":false,"_monsterinsights_sitenote_active":false,"_monsterinsights_sitenote_note":"","_monsterinsights_sitenote_category":0},"product_cat":[138],"product_tag":[147,37],"class_list":{"0":"post-44720","1":"product","2":"type-product","3":"status-publish","4":"has-post-thumbnail","6":"product_cat-novastar","7":"product_tag-500-00-1000-00","8":"product_tag-novastar","10":"first","11":"instock","12":"sale","13":"shipping-taxable","14":"purchasable","15":"product-type-simple"},"yoast_head":"<!-- This site is optimized with the Yoast SEO Premium plugin v24.1 (Yoast SEO v24.1) - https:\/\/yoast.com\/wordpress\/plugins\/seo\/ -->\n<title>Novastar MCTRL660 Pro LED Controller Box - Leeman LED panel<\/title>\n<meta name=\"description\" content=\"Novastar MCTRL660 Pro LED Controller Box NovaStar MCRTL4K \/ MCTRLR5 \/ MCTRL1600 \/ MCTRL660 PRO \/ MCTRL660 \/ MCTRL600 \/ MCTRL300 \/ MCTRL700 4K LED Sender Box\" \/>\n<meta name=\"robots\" content=\"noindex, follow, max-snippet:-1, max-image-preview:large, max-video-preview:-1\" \/>\n<meta property=\"og:locale\" content=\"sk_SK\" \/>\n<meta property=\"og:type\" content=\"article\" \/>\n<meta property=\"og:title\" content=\"Novastar MCTRL660 Pro LED Controller Box\" \/>\n<meta property=\"og:description\" content=\"Novastar MCTRL660 Pro LED Controller Box NovaStar MCRTL4K \/ MCTRLR5 \/ MCTRL1600 \/ MCTRL660 PRO \/ MCTRL660 \/ MCTRL600 \/ MCTRL300 \/ MCTRL700 4K LED Sender Box\" \/>\n<meta property=\"og:url\" content=\"https:\/\/www.leemanleddisplay.com\/sk\/product\/novastar-mctrl660-pro-led-controller-box\/\" \/>\n<meta property=\"og:site_name\" content=\"Leemanled\" \/>\n<meta property=\"article:modified_time\" content=\"2025-07-20T01:56:10+00:00\" \/>\n<meta property=\"og:image\" content=\"https:\/\/www.leemanleddisplay.com\/wp-content\/uploads\/1736\/12novastar-mctrl660-pro-led-controller-box_0.jpg\" \/>\n\t<meta property=\"og:image:width\" content=\"2000\" \/>\n\t<meta property=\"og:image:height\" content=\"1310\" \/>\n\t<meta property=\"og:image:type\" content=\"image\/jpeg\" \/>\n<meta name=\"twitter:card\" content=\"summary_large_image\" \/>\n<meta name=\"twitter:label1\" content=\"Cena\" \/>\n\t<meta name=\"twitter:data1\" content=\"&#036;400.00\" \/>\n\t<meta name=\"twitter:label2\" content=\"Dostupnos\u0165\" \/>\n\t<meta name=\"twitter:data2\" content=\"Na sklade\" \/>\n<script type=\"application\/ld+json\" class=\"yoast-schema-graph\">{\"@context\":\"https:\/\/schema.org\",\"@graph\":[{\"@type\":\"WebPage\",\"@id\":\"https:\/\/www.leemanleddisplay.com\/product\/novastar-mctrl660-pro-led-controller-box\/\",\"url\":\"https:\/\/www.leemanleddisplay.com\/product\/novastar-mctrl660-pro-led-controller-box\/\",\"name\":\"Novastar MCTRL660 Pro LED Controller Box - Leeman LED panel\",\"isPartOf\":{\"@id\":\"https:\/\/www.leemanleddisplay.com\/#website\"},\"primaryImageOfPage\":{\"@id\":\"https:\/\/www.leemanleddisplay.com\/product\/novastar-mctrl660-pro-led-controller-box\/#primaryimage\"},\"image\":{\"@id\":\"https:\/\/www.leemanleddisplay.com\/product\/novastar-mctrl660-pro-led-controller-box\/#primaryimage\"},\"thumbnailUrl\":\"https:\/\/www.leemanleddisplay.com\/wp-content\/uploads\/1736\/12novastar-mctrl660-pro-led-controller-box_0.jpg\",\"datePublished\":\"2025-01-10T12:36:47+00:00\",\"dateModified\":\"2025-07-20T01:56:10+00:00\",\"description\":\"Novastar MCTRL660 Pro LED Controller Box NovaStar MCRTL4K \/ MCTRLR5 \/ MCTRL1600 \/ MCTRL660 PRO \/ MCTRL660 \/ MCTRL600 \/ MCTRL300 \/ MCTRL700 4K LED Sender Box\",\"breadcrumb\":{\"@id\":\"https:\/\/www.leemanleddisplay.com\/product\/novastar-mctrl660-pro-led-controller-box\/#breadcrumb\"},\"inLanguage\":\"sk-SK\",\"potentialAction\":[{\"@type\":\"ReadAction\",\"target\":[\"https:\/\/www.leemanleddisplay.com\/product\/novastar-mctrl660-pro-led-controller-box\/\"]}]},{\"@type\":\"ImageObject\",\"inLanguage\":\"sk-SK\",\"@id\":\"https:\/\/www.leemanleddisplay.com\/product\/novastar-mctrl660-pro-led-controller-box\/#primaryimage\",\"url\":\"https:\/\/www.leemanleddisplay.com\/wp-content\/uploads\/1736\/12novastar-mctrl660-pro-led-controller-box_0.jpg\",\"contentUrl\":\"https:\/\/www.leemanleddisplay.com\/wp-content\/uploads\/1736\/12novastar-mctrl660-pro-led-controller-box_0.jpg\",\"width\":2000,\"height\":1310},{\"@type\":\"BreadcrumbList\",\"@id\":\"https:\/\/www.leemanleddisplay.com\/product\/novastar-mctrl660-pro-led-controller-box\/#breadcrumb\",\"itemListElement\":[{\"@type\":\"ListItem\",\"position\":1,\"name\":\"Home\",\"item\":\"https:\/\/www.leemanleddisplay.com\/\"},{\"@type\":\"ListItem\",\"position\":2,\"name\":\"Shop\",\"item\":\"https:\/\/www.leemanleddisplay.com\/shop\/\"},{\"@type\":\"ListItem\",\"position\":3,\"name\":\"Novastar MCTRL660 Pro LED Controller Box\"}]},{\"@type\":\"WebSite\",\"@id\":\"https:\/\/www.leemanleddisplay.com\/#website\",\"url\":\"https:\/\/www.leemanleddisplay.com\/\",\"name\":\"Leemanled\",\"description\":\"\",\"publisher\":{\"@id\":\"https:\/\/www.leemanleddisplay.com\/#organization\"},\"potentialAction\":[{\"@type\":\"SearchAction\",\"target\":{\"@type\":\"EntryPoint\",\"urlTemplate\":\"https:\/\/www.leemanleddisplay.com\/?s={search_term_string}\"},\"query-input\":{\"@type\":\"PropertyValueSpecification\",\"valueRequired\":true,\"valueName\":\"search_term_string\"}}],\"inLanguage\":\"sk-SK\"},{\"@type\":\"Organization\",\"@id\":\"https:\/\/www.leemanleddisplay.com\/#organization\",\"name\":\"Leemanled\",\"url\":\"https:\/\/www.leemanleddisplay.com\/\",\"logo\":{\"@type\":\"ImageObject\",\"inLanguage\":\"sk-SK\",\"@id\":\"https:\/\/www.leemanleddisplay.com\/#\/schema\/logo\/image\/\",\"url\":\"https:\/\/www.leemanleddisplay.com\/wp-content\/uploads\/2024\/11\/cropped-0-removebg-preview-1.png\",\"contentUrl\":\"https:\/\/www.leemanleddisplay.com\/wp-content\/uploads\/2024\/11\/cropped-0-removebg-preview-1.png\",\"width\":200,\"height\":50,\"caption\":\"Leemanled\"},\"image\":{\"@id\":\"https:\/\/www.leemanleddisplay.com\/#\/schema\/logo\/image\/\"}}]}<\/script>\n<meta property=\"product:price:amount\" content=\"400.00\" \/>\n<meta property=\"product:price:currency\" content=\"USD\" \/>\n<meta property=\"og:availability\" content=\"instock\" \/>\n<meta property=\"product:availability\" content=\"instock\" \/>\n<meta property=\"product:retailer_item_id\" content=\"6790786154687\" \/>\n<meta property=\"product:condition\" content=\"new\" \/>\n<!-- \/ Yoast SEO Premium plugin. -->","yoast_head_json":{"title":"Novastar MCTRL660 Pro LED Controller Box - Leeman LED panel","description":"Novastar MCTRL660 Pro LED Controller Box NovaStar MCRTL4K \/ MCTRLR5 \/ MCTRL1600 \/ MCTRL660 PRO \/ MCTRL660 \/ MCTRL600 \/ MCTRL300 \/ MCTRL700 4K LED Sender Box","robots":{"index":"noindex","follow":"follow","max-snippet":"max-snippet:-1","max-image-preview":"max-image-preview:large","max-video-preview":"max-video-preview:-1"},"og_locale":"sk_SK","og_type":"article","og_title":"Novastar MCTRL660 Pro LED Controller Box","og_description":"Novastar MCTRL660 Pro LED Controller Box NovaStar MCRTL4K \/ MCTRLR5 \/ MCTRL1600 \/ MCTRL660 PRO \/ MCTRL660 \/ MCTRL600 \/ MCTRL300 \/ MCTRL700 4K LED Sender Box","og_url":"https:\/\/www.leemanleddisplay.com\/sk\/product\/novastar-mctrl660-pro-led-controller-box\/","og_site_name":"Leemanled","article_modified_time":"2025-07-20T01:56:10+00:00","og_image":[{"width":2000,"height":1310,"url":"https:\/\/www.leemanleddisplay.com\/wp-content\/uploads\/1736\/12novastar-mctrl660-pro-led-controller-box_0.jpg","type":"image\/jpeg"}],"twitter_card":"summary_large_image","twitter_misc":{"Cena":"&#36;400.00","Dostupnos\u0165":"Na sklade"},"schema":{"@context":"https:\/\/schema.org","@graph":[{"@type":"WebPage","@id":"https:\/\/www.leemanleddisplay.com\/product\/novastar-mctrl660-pro-led-controller-box\/","url":"https:\/\/www.leemanleddisplay.com\/product\/novastar-mctrl660-pro-led-controller-box\/","name":"Novastar MCTRL660 Pro LED Controller Box - Leeman LED panel","isPartOf":{"@id":"https:\/\/www.leemanleddisplay.com\/#website"},"primaryImageOfPage":{"@id":"https:\/\/www.leemanleddisplay.com\/product\/novastar-mctrl660-pro-led-controller-box\/#primaryimage"},"image":{"@id":"https:\/\/www.leemanleddisplay.com\/product\/novastar-mctrl660-pro-led-controller-box\/#primaryimage"},"thumbnailUrl":"https:\/\/www.leemanleddisplay.com\/wp-content\/uploads\/1736\/12novastar-mctrl660-pro-led-controller-box_0.jpg","datePublished":"2025-01-10T12:36:47+00:00","dateModified":"2025-07-20T01:56:10+00:00","description":"Novastar MCTRL660 Pro LED Controller Box NovaStar MCRTL4K \/ MCTRLR5 \/ MCTRL1600 \/ MCTRL660 PRO \/ MCTRL660 \/ MCTRL600 \/ MCTRL300 \/ MCTRL700 4K LED Sender Box","breadcrumb":{"@id":"https:\/\/www.leemanleddisplay.com\/product\/novastar-mctrl660-pro-led-controller-box\/#breadcrumb"},"inLanguage":"sk-SK","potentialAction":[{"@type":"ReadAction","target":["https:\/\/www.leemanleddisplay.com\/product\/novastar-mctrl660-pro-led-controller-box\/"]}]},{"@type":"ImageObject","inLanguage":"sk-SK","@id":"https:\/\/www.leemanleddisplay.com\/product\/novastar-mctrl660-pro-led-controller-box\/#primaryimage","url":"https:\/\/www.leemanleddisplay.com\/wp-content\/uploads\/1736\/12novastar-mctrl660-pro-led-controller-box_0.jpg","contentUrl":"https:\/\/www.leemanleddisplay.com\/wp-content\/uploads\/1736\/12novastar-mctrl660-pro-led-controller-box_0.jpg","width":2000,"height":1310},{"@type":"BreadcrumbList","@id":"https:\/\/www.leemanleddisplay.com\/product\/novastar-mctrl660-pro-led-controller-box\/#breadcrumb","itemListElement":[{"@type":"ListItem","position":1,"name":"Home","item":"https:\/\/www.leemanleddisplay.com\/"},{"@type":"ListItem","position":2,"name":"Shop","item":"https:\/\/www.leemanleddisplay.com\/shop\/"},{"@type":"ListItem","position":3,"name":"Novastar MCTRL660 Pro LED Controller Box"}]},{"@type":"WebSite","@id":"https:\/\/www.leemanleddisplay.com\/#website","url":"https:\/\/www.leemanleddisplay.com\/","name":"Leemanled","description":"","publisher":{"@id":"https:\/\/www.leemanleddisplay.com\/#organization"},"potentialAction":[{"@type":"SearchAction","target":{"@type":"EntryPoint","urlTemplate":"https:\/\/www.leemanleddisplay.com\/?s={search_term_string}"},"query-input":{"@type":"PropertyValueSpecification","valueRequired":true,"valueName":"search_term_string"}}],"inLanguage":"sk-SK"},{"@type":"Organization","@id":"https:\/\/www.leemanleddisplay.com\/#organization","name":"Leemanled","url":"https:\/\/www.leemanleddisplay.com\/","logo":{"@type":"ImageObject","inLanguage":"sk-SK","@id":"https:\/\/www.leemanleddisplay.com\/#\/schema\/logo\/image\/","url":"https:\/\/www.leemanleddisplay.com\/wp-content\/uploads\/2024\/11\/cropped-0-removebg-preview-1.png","contentUrl":"https:\/\/www.leemanleddisplay.com\/wp-content\/uploads\/2024\/11\/cropped-0-removebg-preview-1.png","width":200,"height":50,"caption":"Leemanled"},"image":{"@id":"https:\/\/www.leemanleddisplay.com\/#\/schema\/logo\/image\/"}}]},"product_price_amount":"400.00","product_price_currency":"USD","og_availability":"instock","product_availability":"instock","product_retailer_item_id":"6790786154687","product_condition":"new"},"_links":{"self":[{"href":"https:\/\/www.leemanleddisplay.com\/sk\/wp-json\/wp\/v2\/product\/44720","targetHints":{"allow":["GET"]}}],"collection":[{"href":"https:\/\/www.leemanleddisplay.com\/sk\/wp-json\/wp\/v2\/product"}],"about":[{"href":"https:\/\/www.leemanleddisplay.com\/sk\/wp-json\/wp\/v2\/types\/product"}],"replies":[{"embeddable":true,"href":"https:\/\/www.leemanleddisplay.com\/sk\/wp-json\/wp\/v2\/comments?post=44720"}],"wp:featuredmedia":[{"embeddable":true,"href":"https:\/\/www.leemanleddisplay.com\/sk\/wp-json\/wp\/v2\/media\/44710"}],"wp:attachment":[{"href":"https:\/\/www.leemanleddisplay.com\/sk\/wp-json\/wp\/v2\/media?parent=44720"}],"wp:term":[{"taxonomy":"product_cat","embeddable":true,"href":"https:\/\/www.leemanleddisplay.com\/sk\/wp-json\/wp\/v2\/product_cat?post=44720"},{"taxonomy":"product_tag","embeddable":true,"href":"https:\/\/www.leemanleddisplay.com\/sk\/wp-json\/wp\/v2\/product_tag?post=44720"}],"curies":[{"name":"wp","href":"https:\/\/api.w.org\/{rel}","templated":true}]}}