{"id":44951,"date":"2025-01-10T12:46:15","date_gmt":"2025-01-10T12:46:15","guid":{"rendered":"https:\/\/www.leemanleddisplay.com\/product\/novapro-uhd-jr-all-in-one-professional-4k-led-video-screen-controller\/"},"modified":"2025-07-20T01:31:34","modified_gmt":"2025-07-20T01:31:34","slug":"novapro-uhd-jr-all-in-one-professional-4k-led-video-screen-controller","status":"publish","type":"product","link":"https:\/\/www.leemanleddisplay.com\/sk\/product\/novapro-uhd-jr-all-in-one-professional-4k-led-video-screen-controller\/","title":{"rendered":"NovaPro UHD Jr All-in-one Professional 4K LED Video Screen Controller"},"content":{"rendered":"<p data-mce-fragment=\"1\">The NovaPro UHD Jr is NovaStar&#8217;s all-in-one controller that integrates video processing with sending card functions.The NovaPro UHD Jr features multiple input connectors, supporting up to 8 inputs simultaneously, and multiple output connectors, including 16 Ethernet ports and 4 optical fiber ports. Thanks to 4K\u00d72K@60Hz<span data-mce-fragment=\"1\">\u00a0<\/span>ultra high-definition inputs and outputs, the product can be widely used for applications, such as stage control systems, conference sites and exhibition sites.<\/p>\n<p data-mce-fragment=\"1\"><strong data-mce-fragment=\"1\">NovaPro UHD Jr All-in-one Professional 4K LED Video Screen Controller Features:<\/strong><br data-mce-fragment=\"1\" \/><br data-mce-fragment=\"1\" \/>Various inputs and outputs. Provides 1 \u00d7 DP 1.2, 4 \u00d7 DVI, 1 \u00d7 HDMI 2.0 with loop output and 2 \u00d7 12G-SDI with loop output.<br data-mce-fragment=\"1\" \/>More output connectors, larger loading capacity. Provides 16 \u00d7 Neutrik Ethernet output and 4 \u00d7 optical fiber output, with loading capacity up to 8,300,000 pixels.<br data-mce-fragment=\"1\" \/>DVI mosaic An input source can be made up of at most 4 DVI input sources.<br data-mce-fragment=\"1\" \/>HDR output Greatly enhances display image quality, providing more clear and vivid image.<br data-mce-fragment=\"1\" \/>3D image output<br data-mce-fragment=\"1\" \/>Decimal refresh rate<br data-mce-fragment=\"1\" \/>Low-latency output Realizes zero frame latency from device to receiving card.<br data-mce-fragment=\"1\" \/>Customized BKG settings Supports pure color and image BKGs.<br data-mce-fragment=\"1\" \/>Personalized image scaling Supports 3 kinds of image scaling modes: auto fit, pixel to pixel, custom.<br data-mce-fragment=\"1\" \/>Capture function Captures input source image which can be used as a BKG image.<br data-mce-fragment=\"1\" \/>Cascading supported Up to 4 devices can be cascaded to load a super-large screen.<br data-mce-fragment=\"1\" \/>V-Can (smart control software from NovaStar) supported<br data-mce-fragment=\"1\" \/>10 presets At most 10 user presets can be created and saved as templates which can be used directly and conveniently.<br data-mce-fragment=\"1\" \/>EDID management supported Supports custom EDID and standard EDID.\u00a0<\/p>\n<p data-mce-fragment=\"1\">\u00a0<\/p>\n<p data-mce-fragment=\"1\"><strong data-mce-fragment=\"1\">NovaPro UHD Jr All-in-one Professional 4K LED Video Screen Controller Specifications<\/strong><\/p>\n<div data-mce-fragment=\"1\">Power connector:AC 100 V\u2013240 V 50\/60 Hz<br data-mce-fragment=\"1\" \/>Operating temperature:-10\u00b0C\u201350\u00b0C<br data-mce-fragment=\"1\" \/>Storage temperature:-30\u00b0C-70\u00b0C<br data-mce-fragment=\"1\" \/>Operating humidity:0%RH-80%RH<br data-mce-fragment=\"1\" \/>Dimensions:3U standard chassis 482.6 \u00d7396.0 \u00d7139.0 (mm)<br data-mce-fragment=\"1\" \/>Max power consumption:70 W<br data-mce-fragment=\"1\" \/>Weight:6.3 kg<\/div>\n<div data-mce-fragment=\"1\"><\/div>\n<div data-mce-fragment=\"1\">More pictures of this product\uff1a<\/div>\n<div data-mce-fragment=\"1\"><\/div>\n<div data-mce-fragment=\"1\"><\/div>\n<div data-mce-fragment=\"1\">\n<h3><strong>Download Specification of NovaPro UHD Jr All-in-one Professional 4K LED Video Screen Controller:<\/strong><\/h3>\n<p>&nbsp;<\/p>\n<h3><strong>Download\u00a0<\/strong><strong>NovaPro UHD Jr\u00a0<\/strong><strong>Manual:<\/strong><\/h3>\n<\/div>","protected":false},"excerpt":{"rendered":"<p>The NovaPro UHD Jr is NovaStar&#8217;s all-in-one controller that integrates video processing with sending card functions.The NovaPro UHD Jr features multiple input connectors, supporting up to 8&#8230;<\/p>","protected":false},"featured_media":44946,"comment_status":"closed","ping_status":"closed","template":"","meta":{"_monsterinsights_skip_tracking":false,"_monsterinsights_sitenote_active":false,"_monsterinsights_sitenote_note":"","_monsterinsights_sitenote_category":0},"product_cat":[138],"product_tag":[146,37],"class_list":{"0":"post-44951","1":"product","2":"type-product","3":"status-publish","4":"has-post-thumbnail","6":"product_cat-novastar","7":"product_tag-above-5000-00","8":"product_tag-novastar","10":"first","11":"instock","12":"sale","13":"shipping-taxable","14":"purchasable","15":"product-type-simple"},"yoast_head":"<!-- This site is optimized with the Yoast SEO Premium plugin v24.1 (Yoast SEO v24.1) - https:\/\/yoast.com\/wordpress\/plugins\/seo\/ -->\n<title>NovaPro UHD Jr All-in-one Professional 4K LED Video Processor<\/title>\n<meta name=\"description\" content=\"NovaPro UHD Jr All-in-one Professional 4K LED Video Screen Controller. NovaStar Cloud Service \/ VNNOX Media \/ VNNOX Care \/ Novastar Software SmartLCT\" \/>\n<meta name=\"robots\" content=\"noindex, follow, max-snippet:-1, max-image-preview:large, max-video-preview:-1\" \/>\n<meta property=\"og:locale\" content=\"sk_SK\" \/>\n<meta property=\"og:type\" content=\"article\" \/>\n<meta property=\"og:title\" content=\"NovaPro UHD Jr All-in-one Professional 4K LED Video Screen Controller\" \/>\n<meta property=\"og:description\" content=\"NovaPro UHD Jr All-in-one Professional 4K LED Video Screen Controller. NovaStar Cloud Service \/ VNNOX Media \/ VNNOX Care \/ Novastar Software SmartLCT\" \/>\n<meta property=\"og:url\" content=\"https:\/\/www.leemanleddisplay.com\/sk\/product\/novapro-uhd-jr-all-in-one-professional-4k-led-video-screen-controller\/\" \/>\n<meta property=\"og:site_name\" content=\"Leemanled\" \/>\n<meta property=\"article:modified_time\" content=\"2025-07-20T01:31:34+00:00\" \/>\n<meta property=\"og:image\" content=\"https:\/\/www.leemanleddisplay.com\/wp-content\/uploads\/1736\/13novapro-uhd-jr-all-in-one-professional-4k-led-video-screen-controller_0.jpg\" \/>\n\t<meta property=\"og:image:width\" content=\"2000\" \/>\n\t<meta property=\"og:image:height\" content=\"1310\" \/>\n\t<meta property=\"og:image:type\" content=\"image\/jpeg\" \/>\n<meta name=\"twitter:card\" content=\"summary_large_image\" \/>\n<meta name=\"twitter:label1\" content=\"Cena\" \/>\n\t<meta name=\"twitter:data1\" content=\"&#036;2,900.00\" \/>\n\t<meta name=\"twitter:label2\" content=\"Dostupnos\u0165\" \/>\n\t<meta name=\"twitter:data2\" content=\"Na sklade\" \/>\n<script type=\"application\/ld+json\" class=\"yoast-schema-graph\">{\"@context\":\"https:\/\/schema.org\",\"@graph\":[{\"@type\":\"WebPage\",\"@id\":\"https:\/\/www.leemanleddisplay.com\/product\/novapro-uhd-jr-all-in-one-professional-4k-led-video-screen-controller\/\",\"url\":\"https:\/\/www.leemanleddisplay.com\/product\/novapro-uhd-jr-all-in-one-professional-4k-led-video-screen-controller\/\",\"name\":\"NovaPro UHD Jr All-in-one Professional 4K LED Video Processor\",\"isPartOf\":{\"@id\":\"https:\/\/www.leemanleddisplay.com\/#website\"},\"primaryImageOfPage\":{\"@id\":\"https:\/\/www.leemanleddisplay.com\/product\/novapro-uhd-jr-all-in-one-professional-4k-led-video-screen-controller\/#primaryimage\"},\"image\":{\"@id\":\"https:\/\/www.leemanleddisplay.com\/product\/novapro-uhd-jr-all-in-one-professional-4k-led-video-screen-controller\/#primaryimage\"},\"thumbnailUrl\":\"https:\/\/www.leemanleddisplay.com\/wp-content\/uploads\/1736\/13novapro-uhd-jr-all-in-one-professional-4k-led-video-screen-controller_0.jpg\",\"datePublished\":\"2025-01-10T12:46:15+00:00\",\"dateModified\":\"2025-07-20T01:31:34+00:00\",\"description\":\"NovaPro UHD Jr All-in-one Professional 4K LED Video Screen Controller. NovaStar Cloud Service \/ VNNOX Media \/ VNNOX Care \/ Novastar Software SmartLCT\",\"breadcrumb\":{\"@id\":\"https:\/\/www.leemanleddisplay.com\/product\/novapro-uhd-jr-all-in-one-professional-4k-led-video-screen-controller\/#breadcrumb\"},\"inLanguage\":\"sk-SK\",\"potentialAction\":[{\"@type\":\"ReadAction\",\"target\":[\"https:\/\/www.leemanleddisplay.com\/product\/novapro-uhd-jr-all-in-one-professional-4k-led-video-screen-controller\/\"]}]},{\"@type\":\"ImageObject\",\"inLanguage\":\"sk-SK\",\"@id\":\"https:\/\/www.leemanleddisplay.com\/product\/novapro-uhd-jr-all-in-one-professional-4k-led-video-screen-controller\/#primaryimage\",\"url\":\"https:\/\/www.leemanleddisplay.com\/wp-content\/uploads\/1736\/13novapro-uhd-jr-all-in-one-professional-4k-led-video-screen-controller_0.jpg\",\"contentUrl\":\"https:\/\/www.leemanleddisplay.com\/wp-content\/uploads\/1736\/13novapro-uhd-jr-all-in-one-professional-4k-led-video-screen-controller_0.jpg\",\"width\":2000,\"height\":1310},{\"@type\":\"BreadcrumbList\",\"@id\":\"https:\/\/www.leemanleddisplay.com\/product\/novapro-uhd-jr-all-in-one-professional-4k-led-video-screen-controller\/#breadcrumb\",\"itemListElement\":[{\"@type\":\"ListItem\",\"position\":1,\"name\":\"Home\",\"item\":\"https:\/\/www.leemanleddisplay.com\/\"},{\"@type\":\"ListItem\",\"position\":2,\"name\":\"Shop\",\"item\":\"https:\/\/www.leemanleddisplay.com\/shop\/\"},{\"@type\":\"ListItem\",\"position\":3,\"name\":\"NovaPro UHD Jr All-in-one Professional 4K LED Video Screen Controller\"}]},{\"@type\":\"WebSite\",\"@id\":\"https:\/\/www.leemanleddisplay.com\/#website\",\"url\":\"https:\/\/www.leemanleddisplay.com\/\",\"name\":\"Leemanled\",\"description\":\"\",\"publisher\":{\"@id\":\"https:\/\/www.leemanleddisplay.com\/#organization\"},\"potentialAction\":[{\"@type\":\"SearchAction\",\"target\":{\"@type\":\"EntryPoint\",\"urlTemplate\":\"https:\/\/www.leemanleddisplay.com\/?s={search_term_string}\"},\"query-input\":{\"@type\":\"PropertyValueSpecification\",\"valueRequired\":true,\"valueName\":\"search_term_string\"}}],\"inLanguage\":\"sk-SK\"},{\"@type\":\"Organization\",\"@id\":\"https:\/\/www.leemanleddisplay.com\/#organization\",\"name\":\"Leemanled\",\"url\":\"https:\/\/www.leemanleddisplay.com\/\",\"logo\":{\"@type\":\"ImageObject\",\"inLanguage\":\"sk-SK\",\"@id\":\"https:\/\/www.leemanleddisplay.com\/#\/schema\/logo\/image\/\",\"url\":\"https:\/\/www.leemanleddisplay.com\/wp-content\/uploads\/2024\/11\/cropped-0-removebg-preview-1.png\",\"contentUrl\":\"https:\/\/www.leemanleddisplay.com\/wp-content\/uploads\/2024\/11\/cropped-0-removebg-preview-1.png\",\"width\":200,\"height\":50,\"caption\":\"Leemanled\"},\"image\":{\"@id\":\"https:\/\/www.leemanleddisplay.com\/#\/schema\/logo\/image\/\"}}]}<\/script>\n<meta property=\"product:price:amount\" content=\"2900.00\" \/>\n<meta property=\"product:price:currency\" content=\"USD\" \/>\n<meta property=\"og:availability\" content=\"instock\" \/>\n<meta property=\"product:availability\" content=\"instock\" \/>\n<meta property=\"product:retailer_item_id\" content=\"6761407676607\" \/>\n<meta property=\"product:condition\" content=\"new\" \/>\n<!-- \/ Yoast SEO Premium plugin. -->","yoast_head_json":{"title":"NovaPro UHD Jr All-in-one Professional 4K LED Video Processor","description":"NovaPro UHD Jr All-in-one Professional 4K LED Video Screen Controller. NovaStar Cloud Service \/ VNNOX Media \/ VNNOX Care \/ Novastar Software SmartLCT","robots":{"index":"noindex","follow":"follow","max-snippet":"max-snippet:-1","max-image-preview":"max-image-preview:large","max-video-preview":"max-video-preview:-1"},"og_locale":"sk_SK","og_type":"article","og_title":"NovaPro UHD Jr All-in-one Professional 4K LED Video Screen Controller","og_description":"NovaPro UHD Jr All-in-one Professional 4K LED Video Screen Controller. NovaStar Cloud Service \/ VNNOX Media \/ VNNOX Care \/ Novastar Software SmartLCT","og_url":"https:\/\/www.leemanleddisplay.com\/sk\/product\/novapro-uhd-jr-all-in-one-professional-4k-led-video-screen-controller\/","og_site_name":"Leemanled","article_modified_time":"2025-07-20T01:31:34+00:00","og_image":[{"width":2000,"height":1310,"url":"https:\/\/www.leemanleddisplay.com\/wp-content\/uploads\/1736\/13novapro-uhd-jr-all-in-one-professional-4k-led-video-screen-controller_0.jpg","type":"image\/jpeg"}],"twitter_card":"summary_large_image","twitter_misc":{"Cena":"&#36;2,900.00","Dostupnos\u0165":"Na sklade"},"schema":{"@context":"https:\/\/schema.org","@graph":[{"@type":"WebPage","@id":"https:\/\/www.leemanleddisplay.com\/product\/novapro-uhd-jr-all-in-one-professional-4k-led-video-screen-controller\/","url":"https:\/\/www.leemanleddisplay.com\/product\/novapro-uhd-jr-all-in-one-professional-4k-led-video-screen-controller\/","name":"NovaPro UHD Jr All-in-one Professional 4K LED Video Processor","isPartOf":{"@id":"https:\/\/www.leemanleddisplay.com\/#website"},"primaryImageOfPage":{"@id":"https:\/\/www.leemanleddisplay.com\/product\/novapro-uhd-jr-all-in-one-professional-4k-led-video-screen-controller\/#primaryimage"},"image":{"@id":"https:\/\/www.leemanleddisplay.com\/product\/novapro-uhd-jr-all-in-one-professional-4k-led-video-screen-controller\/#primaryimage"},"thumbnailUrl":"https:\/\/www.leemanleddisplay.com\/wp-content\/uploads\/1736\/13novapro-uhd-jr-all-in-one-professional-4k-led-video-screen-controller_0.jpg","datePublished":"2025-01-10T12:46:15+00:00","dateModified":"2025-07-20T01:31:34+00:00","description":"NovaPro UHD Jr All-in-one Professional 4K LED Video Screen Controller. NovaStar Cloud Service \/ VNNOX Media \/ VNNOX Care \/ Novastar Software SmartLCT","breadcrumb":{"@id":"https:\/\/www.leemanleddisplay.com\/product\/novapro-uhd-jr-all-in-one-professional-4k-led-video-screen-controller\/#breadcrumb"},"inLanguage":"sk-SK","potentialAction":[{"@type":"ReadAction","target":["https:\/\/www.leemanleddisplay.com\/product\/novapro-uhd-jr-all-in-one-professional-4k-led-video-screen-controller\/"]}]},{"@type":"ImageObject","inLanguage":"sk-SK","@id":"https:\/\/www.leemanleddisplay.com\/product\/novapro-uhd-jr-all-in-one-professional-4k-led-video-screen-controller\/#primaryimage","url":"https:\/\/www.leemanleddisplay.com\/wp-content\/uploads\/1736\/13novapro-uhd-jr-all-in-one-professional-4k-led-video-screen-controller_0.jpg","contentUrl":"https:\/\/www.leemanleddisplay.com\/wp-content\/uploads\/1736\/13novapro-uhd-jr-all-in-one-professional-4k-led-video-screen-controller_0.jpg","width":2000,"height":1310},{"@type":"BreadcrumbList","@id":"https:\/\/www.leemanleddisplay.com\/product\/novapro-uhd-jr-all-in-one-professional-4k-led-video-screen-controller\/#breadcrumb","itemListElement":[{"@type":"ListItem","position":1,"name":"Home","item":"https:\/\/www.leemanleddisplay.com\/"},{"@type":"ListItem","position":2,"name":"Shop","item":"https:\/\/www.leemanleddisplay.com\/shop\/"},{"@type":"ListItem","position":3,"name":"NovaPro UHD Jr All-in-one Professional 4K LED Video Screen Controller"}]},{"@type":"WebSite","@id":"https:\/\/www.leemanleddisplay.com\/#website","url":"https:\/\/www.leemanleddisplay.com\/","name":"Leemanled","description":"","publisher":{"@id":"https:\/\/www.leemanleddisplay.com\/#organization"},"potentialAction":[{"@type":"SearchAction","target":{"@type":"EntryPoint","urlTemplate":"https:\/\/www.leemanleddisplay.com\/?s={search_term_string}"},"query-input":{"@type":"PropertyValueSpecification","valueRequired":true,"valueName":"search_term_string"}}],"inLanguage":"sk-SK"},{"@type":"Organization","@id":"https:\/\/www.leemanleddisplay.com\/#organization","name":"Leemanled","url":"https:\/\/www.leemanleddisplay.com\/","logo":{"@type":"ImageObject","inLanguage":"sk-SK","@id":"https:\/\/www.leemanleddisplay.com\/#\/schema\/logo\/image\/","url":"https:\/\/www.leemanleddisplay.com\/wp-content\/uploads\/2024\/11\/cropped-0-removebg-preview-1.png","contentUrl":"https:\/\/www.leemanleddisplay.com\/wp-content\/uploads\/2024\/11\/cropped-0-removebg-preview-1.png","width":200,"height":50,"caption":"Leemanled"},"image":{"@id":"https:\/\/www.leemanleddisplay.com\/#\/schema\/logo\/image\/"}}]},"product_price_amount":"2900.00","product_price_currency":"USD","og_availability":"instock","product_availability":"instock","product_retailer_item_id":"6761407676607","product_condition":"new"},"_links":{"self":[{"href":"https:\/\/www.leemanleddisplay.com\/sk\/wp-json\/wp\/v2\/product\/44951","targetHints":{"allow":["GET"]}}],"collection":[{"href":"https:\/\/www.leemanleddisplay.com\/sk\/wp-json\/wp\/v2\/product"}],"about":[{"href":"https:\/\/www.leemanleddisplay.com\/sk\/wp-json\/wp\/v2\/types\/product"}],"replies":[{"embeddable":true,"href":"https:\/\/www.leemanleddisplay.com\/sk\/wp-json\/wp\/v2\/comments?post=44951"}],"wp:featuredmedia":[{"embeddable":true,"href":"https:\/\/www.leemanleddisplay.com\/sk\/wp-json\/wp\/v2\/media\/44946"}],"wp:attachment":[{"href":"https:\/\/www.leemanleddisplay.com\/sk\/wp-json\/wp\/v2\/media?parent=44951"}],"wp:term":[{"taxonomy":"product_cat","embeddable":true,"href":"https:\/\/www.leemanleddisplay.com\/sk\/wp-json\/wp\/v2\/product_cat?post=44951"},{"taxonomy":"product_tag","embeddable":true,"href":"https:\/\/www.leemanleddisplay.com\/sk\/wp-json\/wp\/v2\/product_tag?post=44951"}],"curies":[{"name":"wp","href":"https:\/\/api.w.org\/{rel}","templated":true}]}}