{"id":41323,"date":"2025-01-10T09:02:49","date_gmt":"2025-01-10T09:02:49","guid":{"rendered":"https:\/\/www.leemanleddisplay.com\/product\/mooncell-mvb20s-hd-full-color-2-in-1-video-processor\/"},"modified":"2025-01-15T09:38:09","modified_gmt":"2025-01-15T09:38:09","slug":"mooncell-mvb20s-hd-full-color-2-in-1-video-processor","status":"publish","type":"product","link":"https:\/\/www.leemanleddisplay.com\/sr\/product\/mooncell-mvb20s-hd-full-color-2-in-1-video-processor\/","title":{"rendered":"Mooncell MVB20S HD Full Color 2 In 1 video processor"},"content":{"rendered":"<p><strong>Mooncell MVB20S HD Full Color 2 In 1 video processor\u00a0features\uff1a<\/strong><\/p>\n<p>1. Multiple input interfaces: 1\u00d7HDMI 2.0, 1\u00d7DP1.2, 2\u00d7DVI, 2\u00d7HDMI1.3, 1\u00d73G-SDI<br \/>2. EDID management supports input resolution management of DVI, HDMI, DP interface<br \/>3. Stand-alone 20-way Gigabit Ethernet port output, with a maximum load of 10.4 million pixel LED screen<br \/>4. Customize the output resolution, the maximum output horizontal width is 15360 pixels, and the vertical maximum is 15360 pixels.<br \/>5. Picture-in-picture function: insert other pictures in the main picture of 4K input<br \/>6. Multi-layer function: a maximum of 5 layers can be superimposed and switched arbitrarily<br \/>7. Screen transparency function: each group of window screens supports independent transparency settings<br \/>8. Support audio input, output, audio and video follow-up switching<br \/>9. Support 8 scene templates, directly call<br \/>10. Built-in clock, support timing scene template switching<br \/>11. Support external brightness sensor, automatically adjust the LED screen display brightness according to the ambient brightness<br \/>12. Support 3D display, active 3D display, electronic shutter 3D, continuous frame mode.<br \/>13. Support button lock function<br \/>14. Support inspection and SD card backup and restore<br \/>15. Support screen freezing, output screen one-key black screen<\/p>","protected":false},"excerpt":{"rendered":"<p>Mooncell MVB20S HD Full Color 2 In 1 video processor\u00a0features\uff1a 1. Multiple input interfaces: 1\u00d7HDMI 2.0, 1\u00d7DP1.2, 2\u00d7DVI, 2\u00d7HDMI1.3, 1\u00d73G-SDI2. EDID management supports input resolution management of DVI,&#8230;<\/p>","protected":false},"featured_media":41316,"comment_status":"closed","ping_status":"closed","template":"","meta":{"_monsterinsights_skip_tracking":false,"_monsterinsights_sitenote_active":false,"_monsterinsights_sitenote_note":"","_monsterinsights_sitenote_category":0},"product_cat":[134],"product_tag":[140,137],"class_list":{"0":"post-41323","1":"product","2":"type-product","3":"status-publish","4":"has-post-thumbnail","6":"product_cat-mooncell","7":"product_tag-1000-00-3000-00","8":"product_tag-mooncell","10":"first","11":"instock","12":"sale","13":"shipping-taxable","14":"purchasable","15":"product-type-simple"},"yoast_head":"<!-- This site is optimized with the Yoast SEO Premium plugin v24.1 (Yoast SEO v24.1) - https:\/\/yoast.com\/wordpress\/plugins\/seo\/ -->\n<title>Mooncell MVB20S HD Full Color 2 In 1 16k 8k 4k video processor<\/title>\n<meta name=\"description\" content=\"Mooncell MVB20S HD Full Color 2 In 1 video processor. NovaStar HDR Master 4K Video Processor VS0 \/ VS1 \/ VS2 \/ VS3 \/ VS5 \/ VS7\" \/>\n<meta name=\"robots\" content=\"noindex, follow, max-snippet:-1, max-image-preview:large, max-video-preview:-1\" \/>\n<meta property=\"og:locale\" content=\"sr_RS\" \/>\n<meta property=\"og:type\" content=\"article\" \/>\n<meta property=\"og:title\" content=\"Mooncell MVB20S HD Full Color 2 In 1 video processor\" \/>\n<meta property=\"og:description\" content=\"Mooncell MVB20S HD Full Color 2 In 1 video processor. NovaStar HDR Master 4K Video Processor VS0 \/ VS1 \/ VS2 \/ VS3 \/ VS5 \/ VS7\" \/>\n<meta property=\"og:url\" content=\"https:\/\/www.leemanleddisplay.com\/sr\/product\/mooncell-mvb20s-hd-full-color-2-in-1-video-processor\/\" \/>\n<meta property=\"og:site_name\" content=\"Leemanled\" \/>\n<meta property=\"article:modified_time\" content=\"2025-01-15T09:38:09+00:00\" \/>\n<meta property=\"og:image\" content=\"https:\/\/www.leemanleddisplay.com\/wp-content\/uploads\/1736\/99mooncell-mvb20s-hd-full-color-2-in-1-video-processor_0.jpg\" \/>\n\t<meta property=\"og:image:width\" content=\"612\" \/>\n\t<meta property=\"og:image:height\" content=\"456\" \/>\n\t<meta property=\"og:image:type\" content=\"image\/jpeg\" \/>\n<meta name=\"twitter:card\" content=\"summary_large_image\" \/>\n<meta name=\"twitter:label1\" content=\"\u0426\u0435\u043d\u0430\" \/>\n\t<meta name=\"twitter:data1\" content=\"&#036;1,200.00\" \/>\n\t<meta name=\"twitter:label2\" content=\"\u0414\u043e\u0441\u0442\u0443\u043f\u043d\u043e\u0441\u0442\" \/>\n\t<meta name=\"twitter:data2\" content=\"\u041d\u0430 \u0441\u0442\u0430\u045a\u0443\" \/>\n<script type=\"application\/ld+json\" class=\"yoast-schema-graph\">{\"@context\":\"https:\/\/schema.org\",\"@graph\":[{\"@type\":\"WebPage\",\"@id\":\"https:\/\/www.leemanleddisplay.com\/product\/mooncell-mvb20s-hd-full-color-2-in-1-video-processor\/\",\"url\":\"https:\/\/www.leemanleddisplay.com\/product\/mooncell-mvb20s-hd-full-color-2-in-1-video-processor\/\",\"name\":\"Mooncell MVB20S HD Full Color 2 In 1 16k 8k 4k video processor\",\"isPartOf\":{\"@id\":\"https:\/\/www.leemanleddisplay.com\/#website\"},\"primaryImageOfPage\":{\"@id\":\"https:\/\/www.leemanleddisplay.com\/product\/mooncell-mvb20s-hd-full-color-2-in-1-video-processor\/#primaryimage\"},\"image\":{\"@id\":\"https:\/\/www.leemanleddisplay.com\/product\/mooncell-mvb20s-hd-full-color-2-in-1-video-processor\/#primaryimage\"},\"thumbnailUrl\":\"https:\/\/www.leemanleddisplay.com\/wp-content\/uploads\/1736\/99mooncell-mvb20s-hd-full-color-2-in-1-video-processor_0.jpg\",\"datePublished\":\"2025-01-10T09:02:49+00:00\",\"dateModified\":\"2025-01-15T09:38:09+00:00\",\"description\":\"Mooncell MVB20S HD Full Color 2 In 1 video processor. NovaStar HDR Master 4K Video Processor VS0 \/ VS1 \/ VS2 \/ VS3 \/ VS5 \/ VS7\",\"breadcrumb\":{\"@id\":\"https:\/\/www.leemanleddisplay.com\/product\/mooncell-mvb20s-hd-full-color-2-in-1-video-processor\/#breadcrumb\"},\"inLanguage\":\"sr-RS\",\"potentialAction\":[{\"@type\":\"ReadAction\",\"target\":[\"https:\/\/www.leemanleddisplay.com\/product\/mooncell-mvb20s-hd-full-color-2-in-1-video-processor\/\"]}]},{\"@type\":\"ImageObject\",\"inLanguage\":\"sr-RS\",\"@id\":\"https:\/\/www.leemanleddisplay.com\/product\/mooncell-mvb20s-hd-full-color-2-in-1-video-processor\/#primaryimage\",\"url\":\"https:\/\/www.leemanleddisplay.com\/wp-content\/uploads\/1736\/99mooncell-mvb20s-hd-full-color-2-in-1-video-processor_0.jpg\",\"contentUrl\":\"https:\/\/www.leemanleddisplay.com\/wp-content\/uploads\/1736\/99mooncell-mvb20s-hd-full-color-2-in-1-video-processor_0.jpg\",\"width\":612,\"height\":456},{\"@type\":\"BreadcrumbList\",\"@id\":\"https:\/\/www.leemanleddisplay.com\/product\/mooncell-mvb20s-hd-full-color-2-in-1-video-processor\/#breadcrumb\",\"itemListElement\":[{\"@type\":\"ListItem\",\"position\":1,\"name\":\"Home\",\"item\":\"https:\/\/www.leemanleddisplay.com\/\"},{\"@type\":\"ListItem\",\"position\":2,\"name\":\"Shop\",\"item\":\"https:\/\/www.leemanleddisplay.com\/shop\/\"},{\"@type\":\"ListItem\",\"position\":3,\"name\":\"Mooncell MVB20S HD Full Color 2 In 1 video processor\"}]},{\"@type\":\"WebSite\",\"@id\":\"https:\/\/www.leemanleddisplay.com\/#website\",\"url\":\"https:\/\/www.leemanleddisplay.com\/\",\"name\":\"Leemanled\",\"description\":\"\",\"publisher\":{\"@id\":\"https:\/\/www.leemanleddisplay.com\/#organization\"},\"potentialAction\":[{\"@type\":\"SearchAction\",\"target\":{\"@type\":\"EntryPoint\",\"urlTemplate\":\"https:\/\/www.leemanleddisplay.com\/?s={search_term_string}\"},\"query-input\":{\"@type\":\"PropertyValueSpecification\",\"valueRequired\":true,\"valueName\":\"search_term_string\"}}],\"inLanguage\":\"sr-RS\"},{\"@type\":\"Organization\",\"@id\":\"https:\/\/www.leemanleddisplay.com\/#organization\",\"name\":\"Leemanled\",\"url\":\"https:\/\/www.leemanleddisplay.com\/\",\"logo\":{\"@type\":\"ImageObject\",\"inLanguage\":\"sr-RS\",\"@id\":\"https:\/\/www.leemanleddisplay.com\/#\/schema\/logo\/image\/\",\"url\":\"https:\/\/www.leemanleddisplay.com\/wp-content\/uploads\/2024\/11\/cropped-0-removebg-preview-1.png\",\"contentUrl\":\"https:\/\/www.leemanleddisplay.com\/wp-content\/uploads\/2024\/11\/cropped-0-removebg-preview-1.png\",\"width\":200,\"height\":50,\"caption\":\"Leemanled\"},\"image\":{\"@id\":\"https:\/\/www.leemanleddisplay.com\/#\/schema\/logo\/image\/\"}}]}<\/script>\n<meta property=\"product:price:amount\" content=\"1200.00\" \/>\n<meta property=\"product:price:currency\" content=\"USD\" \/>\n<meta property=\"og:availability\" content=\"instock\" \/>\n<meta property=\"product:availability\" content=\"instock\" \/>\n<meta property=\"product:retailer_item_id\" content=\"7413179416767\" \/>\n<meta property=\"product:condition\" content=\"new\" \/>\n<!-- \/ Yoast SEO Premium plugin. -->","yoast_head_json":{"title":"Mooncell MVB20S HD Full Color 2 In 1 16k 8k 4k video processor","description":"Mooncell MVB20S HD Full Color 2 In 1 video processor. NovaStar HDR Master 4K Video Processor VS0 \/ VS1 \/ VS2 \/ VS3 \/ VS5 \/ VS7","robots":{"index":"noindex","follow":"follow","max-snippet":"max-snippet:-1","max-image-preview":"max-image-preview:large","max-video-preview":"max-video-preview:-1"},"og_locale":"sr_RS","og_type":"article","og_title":"Mooncell MVB20S HD Full Color 2 In 1 video processor","og_description":"Mooncell MVB20S HD Full Color 2 In 1 video processor. NovaStar HDR Master 4K Video Processor VS0 \/ VS1 \/ VS2 \/ VS3 \/ VS5 \/ VS7","og_url":"https:\/\/www.leemanleddisplay.com\/sr\/product\/mooncell-mvb20s-hd-full-color-2-in-1-video-processor\/","og_site_name":"Leemanled","article_modified_time":"2025-01-15T09:38:09+00:00","og_image":[{"width":612,"height":456,"url":"https:\/\/www.leemanleddisplay.com\/wp-content\/uploads\/1736\/99mooncell-mvb20s-hd-full-color-2-in-1-video-processor_0.jpg","type":"image\/jpeg"}],"twitter_card":"summary_large_image","twitter_misc":{"\u0426\u0435\u043d\u0430":"&#36;1,200.00","\u0414\u043e\u0441\u0442\u0443\u043f\u043d\u043e\u0441\u0442":"\u041d\u0430 \u0441\u0442\u0430\u045a\u0443"},"schema":{"@context":"https:\/\/schema.org","@graph":[{"@type":"WebPage","@id":"https:\/\/www.leemanleddisplay.com\/product\/mooncell-mvb20s-hd-full-color-2-in-1-video-processor\/","url":"https:\/\/www.leemanleddisplay.com\/product\/mooncell-mvb20s-hd-full-color-2-in-1-video-processor\/","name":"Mooncell MVB20S HD Full Color 2 In 1 16k 8k 4k video processor","isPartOf":{"@id":"https:\/\/www.leemanleddisplay.com\/#website"},"primaryImageOfPage":{"@id":"https:\/\/www.leemanleddisplay.com\/product\/mooncell-mvb20s-hd-full-color-2-in-1-video-processor\/#primaryimage"},"image":{"@id":"https:\/\/www.leemanleddisplay.com\/product\/mooncell-mvb20s-hd-full-color-2-in-1-video-processor\/#primaryimage"},"thumbnailUrl":"https:\/\/www.leemanleddisplay.com\/wp-content\/uploads\/1736\/99mooncell-mvb20s-hd-full-color-2-in-1-video-processor_0.jpg","datePublished":"2025-01-10T09:02:49+00:00","dateModified":"2025-01-15T09:38:09+00:00","description":"Mooncell MVB20S HD Full Color 2 In 1 video processor. NovaStar HDR Master 4K Video Processor VS0 \/ VS1 \/ VS2 \/ VS3 \/ VS5 \/ VS7","breadcrumb":{"@id":"https:\/\/www.leemanleddisplay.com\/product\/mooncell-mvb20s-hd-full-color-2-in-1-video-processor\/#breadcrumb"},"inLanguage":"sr-RS","potentialAction":[{"@type":"ReadAction","target":["https:\/\/www.leemanleddisplay.com\/product\/mooncell-mvb20s-hd-full-color-2-in-1-video-processor\/"]}]},{"@type":"ImageObject","inLanguage":"sr-RS","@id":"https:\/\/www.leemanleddisplay.com\/product\/mooncell-mvb20s-hd-full-color-2-in-1-video-processor\/#primaryimage","url":"https:\/\/www.leemanleddisplay.com\/wp-content\/uploads\/1736\/99mooncell-mvb20s-hd-full-color-2-in-1-video-processor_0.jpg","contentUrl":"https:\/\/www.leemanleddisplay.com\/wp-content\/uploads\/1736\/99mooncell-mvb20s-hd-full-color-2-in-1-video-processor_0.jpg","width":612,"height":456},{"@type":"BreadcrumbList","@id":"https:\/\/www.leemanleddisplay.com\/product\/mooncell-mvb20s-hd-full-color-2-in-1-video-processor\/#breadcrumb","itemListElement":[{"@type":"ListItem","position":1,"name":"Home","item":"https:\/\/www.leemanleddisplay.com\/"},{"@type":"ListItem","position":2,"name":"Shop","item":"https:\/\/www.leemanleddisplay.com\/shop\/"},{"@type":"ListItem","position":3,"name":"Mooncell MVB20S HD Full Color 2 In 1 video processor"}]},{"@type":"WebSite","@id":"https:\/\/www.leemanleddisplay.com\/#website","url":"https:\/\/www.leemanleddisplay.com\/","name":"Leemanled","description":"","publisher":{"@id":"https:\/\/www.leemanleddisplay.com\/#organization"},"potentialAction":[{"@type":"SearchAction","target":{"@type":"EntryPoint","urlTemplate":"https:\/\/www.leemanleddisplay.com\/?s={search_term_string}"},"query-input":{"@type":"PropertyValueSpecification","valueRequired":true,"valueName":"search_term_string"}}],"inLanguage":"sr-RS"},{"@type":"Organization","@id":"https:\/\/www.leemanleddisplay.com\/#organization","name":"Leemanled","url":"https:\/\/www.leemanleddisplay.com\/","logo":{"@type":"ImageObject","inLanguage":"sr-RS","@id":"https:\/\/www.leemanleddisplay.com\/#\/schema\/logo\/image\/","url":"https:\/\/www.leemanleddisplay.com\/wp-content\/uploads\/2024\/11\/cropped-0-removebg-preview-1.png","contentUrl":"https:\/\/www.leemanleddisplay.com\/wp-content\/uploads\/2024\/11\/cropped-0-removebg-preview-1.png","width":200,"height":50,"caption":"Leemanled"},"image":{"@id":"https:\/\/www.leemanleddisplay.com\/#\/schema\/logo\/image\/"}}]},"product_price_amount":"1200.00","product_price_currency":"USD","og_availability":"instock","product_availability":"instock","product_retailer_item_id":"7413179416767","product_condition":"new"},"_links":{"self":[{"href":"https:\/\/www.leemanleddisplay.com\/sr\/wp-json\/wp\/v2\/product\/41323","targetHints":{"allow":["GET"]}}],"collection":[{"href":"https:\/\/www.leemanleddisplay.com\/sr\/wp-json\/wp\/v2\/product"}],"about":[{"href":"https:\/\/www.leemanleddisplay.com\/sr\/wp-json\/wp\/v2\/types\/product"}],"replies":[{"embeddable":true,"href":"https:\/\/www.leemanleddisplay.com\/sr\/wp-json\/wp\/v2\/comments?post=41323"}],"wp:featuredmedia":[{"embeddable":true,"href":"https:\/\/www.leemanleddisplay.com\/sr\/wp-json\/wp\/v2\/media\/41316"}],"wp:attachment":[{"href":"https:\/\/www.leemanleddisplay.com\/sr\/wp-json\/wp\/v2\/media?parent=41323"}],"wp:term":[{"taxonomy":"product_cat","embeddable":true,"href":"https:\/\/www.leemanleddisplay.com\/sr\/wp-json\/wp\/v2\/product_cat?post=41323"},{"taxonomy":"product_tag","embeddable":true,"href":"https:\/\/www.leemanleddisplay.com\/sr\/wp-json\/wp\/v2\/product_tag?post=41323"}],"curies":[{"name":"wp","href":"https:\/\/api.w.org\/{rel}","templated":true}]}}