{"id":839,"date":"2024-11-07T02:21:53","date_gmt":"2024-11-07T02:21:53","guid":{"rendered":"https:\/\/www.leemanleddisplay.com\/index.php\/product\/novastar-mctrl1600-led-display-controller\/"},"modified":"2025-07-20T12:05:51","modified_gmt":"2025-07-20T12:05:51","slug":"novastar-mctrl1600-led-display-controller","status":"publish","type":"product","link":"https:\/\/www.leemanleddisplay.com\/sv\/product\/novastar-mctrl1600-led-display-controller\/","title":{"rendered":"Novastar Mctrl1600 LED Display Controller 4K\u00d72K LED Master"},"content":{"rendered":"<div data-elementor-type=\"wp-post\" data-elementor-id=\"8477\" class=\"elementor elementor-8477\">\n<section class=\"elementor-section elementor-top-section elementor-element elementor-element-43793c19 elementor-section-content-middle elementor-section-boxed elementor-section-height-default elementor-section-height-default\" data-id=\"43793c19\" data-element_type=\"section\">\n<div class=\"elementor-container elementor-column-gap-wide\">\n<div class=\"elementor-column elementor-col-100 elementor-top-column elementor-element elementor-element-652efc9e\" data-id=\"652efc9e\" data-element_type=\"column\">\n<div class=\"elementor-widget-wrap elementor-element-populated\">\n<div class=\"elementor-element elementor-element-998cfe4 elementor-widget elementor-widget-heading\" data-id=\"998cfe4\" data-element_type=\"widget\" data-widget_type=\"heading.default\">\n<div class=\"elementor-widget-container\">\n<h3 class=\"elementor-heading-title elementor-size-default\">Novastar Mctrl1600 LED Display Controller<\/h3>\n<\/div>\n<\/div>\n<div class=\"elementor-element elementor-element-6cb015cd elementor-widget elementor-widget-text-editor\" data-id=\"6cb015cd\" data-element_type=\"widget\" data-widget_type=\"text-editor.default\">\n<div class=\"elementor-widget-container\">\n<p style=\"text-align: center;\"><a href=\"https:\/\/www.leemanled.com\/\" target=\"_blank\" rel=\"noopener\">Novastar Mctrl1600 led display controller<\/a> is a 4K\u00d72K independent master developed by Nova technology, the single device supports 3840\u00d72160@60Hz. Users can customize the resolution according to their needs within this range to meet the on-site configuration requirements for ultra-long and large screens.<\/p>\n<\/div>\n<\/div>\n<\/div>\n<\/div>\n<\/div>\n<\/section>\n<section class=\"elementor-section elementor-top-section elementor-element elementor-element-3184124 elementor-section-content-middle elementor-section-boxed elementor-section-height-default elementor-section-height-default\" data-id=\"3184124\" data-element_type=\"section\">\n<div class=\"elementor-container elementor-column-gap-wide\">\n<div class=\"elementor-column elementor-col-100 elementor-top-column elementor-element elementor-element-c11fe57\" data-id=\"c11fe57\" data-element_type=\"column\">\n<div class=\"elementor-widget-wrap elementor-element-populated\">\n<div class=\"elementor-element elementor-element-7d35bd8 elementor-widget elementor-widget-heading\" data-id=\"7d35bd8\" data-element_type=\"widget\" data-widget_type=\"heading.default\">\n<div class=\"elementor-widget-container\">\n<h4 class=\"elementor-heading-title elementor-size-default\">1. Mctrl1600 LED Display Controller Description:<\/h4>\n<\/div>\n<\/div>\n<div class=\"elementor-element elementor-element-ca1eea7 elementor-widget elementor-widget-text-editor\" data-id=\"ca1eea7\" data-element_type=\"widget\" data-widget_type=\"text-editor.default\">\n<div class=\"elementor-widget-container\">\n<p>1). The Mctrl1600 video wall player supports both transmit card mode and photoelectric conversion mode to provide a flexible solution.In the send card mode, the unit can be used as two independent (DUAL LINK DVI) or four (SINGLE LINK DVI) independent masters.<\/p>\n<p>2). Mctrl1600 works with Nova\u2019s EMT200 3D transmitter and 3D glasses to achieve 3D display.<\/p>\n<p>3). Mctrl1600 led box is stable, reliable and powerful. It is dedicated to providing users with the ultimate visual experience. It is mainly used in rental and fixed areas, such as concerts, live broadcast evenings, monitoring centers, Olympics, stadiums and sports centers.<\/p>\n<\/div>\n<\/div>\n<\/div>\n<\/div>\n<\/div>\n<\/section>\n<section class=\"elementor-section elementor-top-section elementor-element elementor-element-98382c0 elementor-section-content-middle elementor-section-boxed elementor-section-height-default elementor-section-height-default\" data-id=\"98382c0\" data-element_type=\"section\">\n<div class=\"elementor-container elementor-column-gap-wide\">\n<div class=\"elementor-column elementor-col-100 elementor-top-column elementor-element elementor-element-18821eb\" data-id=\"18821eb\" data-element_type=\"column\">\n<div class=\"elementor-widget-wrap elementor-element-populated\">\n<div class=\"elementor-element elementor-element-42106d8 elementor-widget elementor-widget-heading\" data-id=\"42106d8\" data-element_type=\"widget\" data-widget_type=\"heading.default\">\n<div class=\"elementor-widget-container\">\n<h4 class=\"elementor-heading-title elementor-size-default\">2. Mctrl1600 LED Display Controller Features:<\/h4>\n<\/div>\n<\/div>\n<div class=\"elementor-element elementor-element-58b1f40 elementor-widget elementor-widget-text-editor\" data-id=\"58b1f40\" data-element_type=\"widget\" data-widget_type=\"text-editor.default\">\n<div class=\"elementor-widget-container\">\n<p>1).1 x DP1.2 input, 4 x DVI input.<\/p>\n<p>2).Resolution: 4096\u00d72160, 3840\u00d72160, 1920\u00d71080.<\/p>\n<p>3).16 gigabit network port output and 4 optical fiber port output.<\/p>\n<p>4).8 bit\/10bit\/12bit video source depth<\/p>\n<p>5).Point-by-point correction.<\/p>\n<p>6).Cascade multiple equipment for unified control.<\/p>\n<p>7).Support sending card mode and photoelectric conversion mode switch.<\/p>\n<p>8).3D function, with 3D transmitter EMT200 and matching 3 glasses.<\/p>\n<p>9).Supports large resolution settings through NVIDIA computer graphics cards.<\/p>\n<p>10).Supports RGB independent adjustment (input source number 10 bit\/12bit), to solve the low gray unevenness and white balance drift problem.<\/p>\n<\/div>\n<\/div>\n<\/div>\n<\/div>\n<\/div>\n<\/section>\n<section class=\"elementor-section elementor-top-section elementor-element elementor-element-4c69c5c elementor-section-content-middle elementor-section-boxed elementor-section-height-default elementor-section-height-default\" data-id=\"4c69c5c\" data-element_type=\"section\">\n<div class=\"elementor-container elementor-column-gap-wide\">\n<div class=\"elementor-column elementor-col-100 elementor-top-column elementor-element elementor-element-3081da4\" data-id=\"3081da4\" data-element_type=\"column\">\n<div class=\"elementor-widget-wrap elementor-element-populated\">\n<div class=\"elementor-element elementor-element-31beb49 elementor-widget elementor-widget-heading\" data-id=\"31beb49\" data-element_type=\"widget\" data-widget_type=\"heading.default\">\n<div class=\"elementor-widget-container\">\n<h4 class=\"elementor-heading-title elementor-size-default\">3. Mctrl1600 LED Display Controller Specifications:<\/h4>\n<\/div>\n<\/div>\n<div class=\"elementor-element elementor-element-4649d48 elementor-widget elementor-widget-text-editor\" data-id=\"4649d48\" data-element_type=\"widget\" data-widget_type=\"text-editor.default\">\n<div class=\"elementor-widget-container\">\n<table width=\"753\">\n<tbody>\n<tr>\n<td rowspan=\"2\" width=\"96\">Electrical Parameters<\/td>\n<td width=\"103\">Input voltage<\/td>\n<td width=\"329\">AC 100 V\u2013240 V, 50\/60 Hz<\/td>\n<\/tr>\n<tr>\n<td width=\"103\">Rated power consumption<\/td>\n<td width=\"329\"><strong><b>\u00a0<\/b><\/strong>30 W<\/td>\n<\/tr>\n<tr>\n<td rowspan=\"2\" width=\"96\">Operating Environment<\/td>\n<td width=\"103\">Temperature<\/td>\n<td width=\"329\">-20\u00b0C\u201370\u00b0C<\/td>\n<\/tr>\n<tr>\n<td width=\"103\">Humidity<\/td>\n<td width=\"329\">0% RH\u201390% RH, non-condensing<\/td>\n<\/tr>\n<tr>\n<td width=\"96\">Dimensions<\/td>\n<td colspan=\"2\" width=\"432\">482.6 mm \u00d7 363.0 mm \u00d7 88.1 mm<\/td>\n<\/tr>\n<tr>\n<td width=\"96\">Space Requirement<\/td>\n<td colspan=\"2\" width=\"432\"><strong><b>\u00a0<\/b><\/strong>2U<\/td>\n<\/tr>\n<tr>\n<td width=\"96\">Net Weight<\/td>\n<td colspan=\"2\" width=\"432\">5.2 kg<\/td>\n<\/tr>\n<tr>\n<td width=\"96\">Certifications<\/td>\n<td colspan=\"2\" width=\"432\">CB, RoHS, EAC, FCC, UL\/CUL, LVD, EMC, KC, CCC, PSE<\/td>\n<\/tr>\n<tr>\n<td rowspan=\"4\" width=\"96\">Packing Information<\/td>\n<td colspan=\"2\" width=\"432\">Each controller is provided with a carrying case, accessory box and packing box.<\/p>\n<p>The controller and accessory box (containing controller related wires and accessories) is packed in the carrying case and the carrying case is packed in the packing box.<\/p>\n<\/td>\n<\/tr>\n<tr>\n<td width=\"103\"><strong><b>\u00a0<\/b><\/strong>Carrying case<\/td>\n<td width=\"329\">530 mm \u00d7193mm \u00d7420 mm, kraft paper box printed with\u00a0<strong><b>NOVASTAR<\/b><\/strong><\/td>\n<\/tr>\n<tr>\n<td width=\"103\"><strong><b>\u00a0<\/b><\/strong>Accessory box<\/td>\n<td width=\"329\">405 mm\u00d7290 mm \u00d7 48 mm, kraft paper box<\/p>\n<p>one power cord<\/p>\n<p>one USB cable<\/p>\n<p>one DVI cable<\/p>\n<\/td>\n<\/tr>\n<tr>\n<td width=\"103\"><strong><b>\u00a0<\/b><\/strong>Packing box<\/td>\n<td width=\"329\">550 mm \u00d7 440 mm \u00d7 210 mm, kraft paper box printed with\u00a0<strong><b>NOVASTAR<\/b><\/strong><\/td>\n<\/tr>\n<\/tbody>\n<\/table>\n<\/div>\n<\/div>\n<\/div>\n<\/div>\n<\/div>\n<\/section>\n<\/div>","protected":false},"excerpt":{"rendered":"<p>Novastar Mctrl1600 led display controller is a 4K\u00d72K independent led master developed by Novastar technology, the single device supports 3840\u00d72160@60Hz.<\/p>","protected":false},"featured_media":838,"comment_status":"closed","ping_status":"closed","template":"","meta":{"_monsterinsights_skip_tracking":false,"_monsterinsights_sitenote_active":false,"_monsterinsights_sitenote_note":"","_monsterinsights_sitenote_category":0},"product_cat":[19,25,110],"product_tag":[37],"class_list":{"0":"post-839","1":"product","2":"type-product","3":"status-publish","4":"has-post-thumbnail","6":"product_cat-controller-card","7":"product_cat-led-display-controller","8":"product_cat-novastar-led-control-system","9":"product_tag-novastar","11":"first","12":"instock","13":"sale","14":"shipping-taxable","15":"purchasable","16":"product-type-simple"},"yoast_head":"<!-- This site is optimized with the Yoast SEO Premium plugin v24.1 (Yoast SEO v24.1) - https:\/\/yoast.com\/wordpress\/plugins\/seo\/ -->\n<title>Novastar Mctrl1600 LED Display Controller Box 4K\u00d72K LED Master<\/title>\n<meta name=\"description\" content=\"NOVASTAR MCTRL1600 LED Display Controller Box 4K\u00d72K LED Master, Novastar LED Display Controller Sending Box, Novastar MCTRL1600 4Kx2K LED Display Controller\" \/>\n<meta name=\"robots\" content=\"noindex, follow, max-snippet:-1, max-image-preview:large, max-video-preview:-1\" \/>\n<meta property=\"og:locale\" content=\"sv_SE\" \/>\n<meta property=\"og:type\" content=\"article\" \/>\n<meta property=\"og:title\" content=\"Novastar Mctrl1600 LED Display Controller 4K\u00d72K LED Master\" \/>\n<meta property=\"og:description\" content=\"NOVASTAR MCTRL1600 LED Display Controller Box 4K\u00d72K LED Master, Novastar LED Display Controller Sending Box, Novastar MCTRL1600 4Kx2K LED Display Controller\" \/>\n<meta property=\"og:url\" content=\"https:\/\/www.leemanleddisplay.com\/sv\/product\/novastar-mctrl1600-led-display-controller\/\" \/>\n<meta property=\"og:site_name\" content=\"Leemanled\" \/>\n<meta property=\"article:modified_time\" content=\"2025-07-20T12:05:51+00:00\" \/>\n<meta property=\"og:image\" content=\"https:\/\/www.leemanleddisplay.com\/wp-content\/uploads\/2024\/11\/Novastar-Mctrl1600-LED-Display-Controller.jpg\" \/>\n\t<meta property=\"og:image:width\" content=\"1200\" \/>\n\t<meta property=\"og:image:height\" content=\"1200\" \/>\n\t<meta property=\"og:image:type\" content=\"image\/jpeg\" \/>\n<meta name=\"twitter:card\" content=\"summary_large_image\" \/>\n<meta name=\"twitter:label1\" content=\"Pris\" \/>\n\t<meta name=\"twitter:data1\" content=\"&#036;589.00\" \/>\n\t<meta name=\"twitter:label2\" content=\"Tillg\u00e4nglig\" \/>\n\t<meta name=\"twitter:data2\" content=\"I lager\" \/>\n<script type=\"application\/ld+json\" class=\"yoast-schema-graph\">{\"@context\":\"https:\/\/schema.org\",\"@graph\":[{\"@type\":\"WebPage\",\"@id\":\"https:\/\/www.leemanleddisplay.com\/product\/novastar-mctrl1600-led-display-controller\/\",\"url\":\"https:\/\/www.leemanleddisplay.com\/product\/novastar-mctrl1600-led-display-controller\/\",\"name\":\"Novastar Mctrl1600 LED Display Controller Box 4K\u00d72K LED Master\",\"isPartOf\":{\"@id\":\"https:\/\/www.leemanleddisplay.com\/#website\"},\"primaryImageOfPage\":{\"@id\":\"https:\/\/www.leemanleddisplay.com\/product\/novastar-mctrl1600-led-display-controller\/#primaryimage\"},\"image\":{\"@id\":\"https:\/\/www.leemanleddisplay.com\/product\/novastar-mctrl1600-led-display-controller\/#primaryimage\"},\"thumbnailUrl\":\"https:\/\/www.leemanleddisplay.com\/wp-content\/uploads\/2024\/11\/Novastar-Mctrl1600-LED-Display-Controller.jpg\",\"datePublished\":\"2024-11-07T02:21:53+00:00\",\"dateModified\":\"2025-07-20T12:05:51+00:00\",\"description\":\"NOVASTAR MCTRL1600 LED Display Controller Box 4K\u00d72K LED Master, Novastar LED Display Controller Sending Box, Novastar MCTRL1600 4Kx2K LED Display Controller\",\"breadcrumb\":{\"@id\":\"https:\/\/www.leemanleddisplay.com\/product\/novastar-mctrl1600-led-display-controller\/#breadcrumb\"},\"inLanguage\":\"sv-SE\",\"potentialAction\":[{\"@type\":\"ReadAction\",\"target\":[\"https:\/\/www.leemanleddisplay.com\/product\/novastar-mctrl1600-led-display-controller\/\"]}]},{\"@type\":\"ImageObject\",\"inLanguage\":\"sv-SE\",\"@id\":\"https:\/\/www.leemanleddisplay.com\/product\/novastar-mctrl1600-led-display-controller\/#primaryimage\",\"url\":\"https:\/\/www.leemanleddisplay.com\/wp-content\/uploads\/2024\/11\/Novastar-Mctrl1600-LED-Display-Controller.jpg\",\"contentUrl\":\"https:\/\/www.leemanleddisplay.com\/wp-content\/uploads\/2024\/11\/Novastar-Mctrl1600-LED-Display-Controller.jpg\",\"width\":1200,\"height\":1200},{\"@type\":\"BreadcrumbList\",\"@id\":\"https:\/\/www.leemanleddisplay.com\/product\/novastar-mctrl1600-led-display-controller\/#breadcrumb\",\"itemListElement\":[{\"@type\":\"ListItem\",\"position\":1,\"name\":\"Home\",\"item\":\"https:\/\/www.leemanleddisplay.com\/\"},{\"@type\":\"ListItem\",\"position\":2,\"name\":\"Shop\",\"item\":\"https:\/\/www.leemanleddisplay.com\/shop\/\"},{\"@type\":\"ListItem\",\"position\":3,\"name\":\"Novastar Mctrl1600 LED Display Controller 4K\u00d72K LED Master\"}]},{\"@type\":\"WebSite\",\"@id\":\"https:\/\/www.leemanleddisplay.com\/#website\",\"url\":\"https:\/\/www.leemanleddisplay.com\/\",\"name\":\"Leemanled\",\"description\":\"\",\"publisher\":{\"@id\":\"https:\/\/www.leemanleddisplay.com\/#organization\"},\"potentialAction\":[{\"@type\":\"SearchAction\",\"target\":{\"@type\":\"EntryPoint\",\"urlTemplate\":\"https:\/\/www.leemanleddisplay.com\/?s={search_term_string}\"},\"query-input\":{\"@type\":\"PropertyValueSpecification\",\"valueRequired\":true,\"valueName\":\"search_term_string\"}}],\"inLanguage\":\"sv-SE\"},{\"@type\":\"Organization\",\"@id\":\"https:\/\/www.leemanleddisplay.com\/#organization\",\"name\":\"Leemanled\",\"url\":\"https:\/\/www.leemanleddisplay.com\/\",\"logo\":{\"@type\":\"ImageObject\",\"inLanguage\":\"sv-SE\",\"@id\":\"https:\/\/www.leemanleddisplay.com\/#\/schema\/logo\/image\/\",\"url\":\"https:\/\/www.leemanleddisplay.com\/wp-content\/uploads\/2024\/11\/cropped-0-removebg-preview-1.png\",\"contentUrl\":\"https:\/\/www.leemanleddisplay.com\/wp-content\/uploads\/2024\/11\/cropped-0-removebg-preview-1.png\",\"width\":200,\"height\":50,\"caption\":\"Leemanled\"},\"image\":{\"@id\":\"https:\/\/www.leemanleddisplay.com\/#\/schema\/logo\/image\/\"}}]}<\/script>\n<meta property=\"product:price:amount\" content=\"589.00\" \/>\n<meta property=\"product:price:currency\" content=\"USD\" \/>\n<meta property=\"og:availability\" content=\"instock\" \/>\n<meta property=\"product:availability\" content=\"instock\" \/>\n<meta property=\"product:retailer_item_id\" content=\"Novastar MCTRL1600\" \/>\n<meta property=\"product:condition\" content=\"new\" \/>\n<!-- \/ Yoast SEO Premium plugin. -->","yoast_head_json":{"title":"Novastar Mctrl1600 LED Display Controller Box 4K\u00d72K LED Master","description":"NOVASTAR MCTRL1600 LED Display Controller Box 4K\u00d72K LED Master, Novastar LED Display Controller Sending Box, Novastar MCTRL1600 4Kx2K LED Display Controller","robots":{"index":"noindex","follow":"follow","max-snippet":"max-snippet:-1","max-image-preview":"max-image-preview:large","max-video-preview":"max-video-preview:-1"},"og_locale":"sv_SE","og_type":"article","og_title":"Novastar Mctrl1600 LED Display Controller 4K\u00d72K LED Master","og_description":"NOVASTAR MCTRL1600 LED Display Controller Box 4K\u00d72K LED Master, Novastar LED Display Controller Sending Box, Novastar MCTRL1600 4Kx2K LED Display Controller","og_url":"https:\/\/www.leemanleddisplay.com\/sv\/product\/novastar-mctrl1600-led-display-controller\/","og_site_name":"Leemanled","article_modified_time":"2025-07-20T12:05:51+00:00","og_image":[{"width":1200,"height":1200,"url":"https:\/\/www.leemanleddisplay.com\/wp-content\/uploads\/2024\/11\/Novastar-Mctrl1600-LED-Display-Controller.jpg","type":"image\/jpeg"}],"twitter_card":"summary_large_image","twitter_misc":{"Pris":"&#36;589.00","Tillg\u00e4nglig":"I lager"},"schema":{"@context":"https:\/\/schema.org","@graph":[{"@type":"WebPage","@id":"https:\/\/www.leemanleddisplay.com\/product\/novastar-mctrl1600-led-display-controller\/","url":"https:\/\/www.leemanleddisplay.com\/product\/novastar-mctrl1600-led-display-controller\/","name":"Novastar Mctrl1600 LED Display Controller Box 4K\u00d72K LED Master","isPartOf":{"@id":"https:\/\/www.leemanleddisplay.com\/#website"},"primaryImageOfPage":{"@id":"https:\/\/www.leemanleddisplay.com\/product\/novastar-mctrl1600-led-display-controller\/#primaryimage"},"image":{"@id":"https:\/\/www.leemanleddisplay.com\/product\/novastar-mctrl1600-led-display-controller\/#primaryimage"},"thumbnailUrl":"https:\/\/www.leemanleddisplay.com\/wp-content\/uploads\/2024\/11\/Novastar-Mctrl1600-LED-Display-Controller.jpg","datePublished":"2024-11-07T02:21:53+00:00","dateModified":"2025-07-20T12:05:51+00:00","description":"NOVASTAR MCTRL1600 LED Display Controller Box 4K\u00d72K LED Master, Novastar LED Display Controller Sending Box, Novastar MCTRL1600 4Kx2K LED Display Controller","breadcrumb":{"@id":"https:\/\/www.leemanleddisplay.com\/product\/novastar-mctrl1600-led-display-controller\/#breadcrumb"},"inLanguage":"sv-SE","potentialAction":[{"@type":"ReadAction","target":["https:\/\/www.leemanleddisplay.com\/product\/novastar-mctrl1600-led-display-controller\/"]}]},{"@type":"ImageObject","inLanguage":"sv-SE","@id":"https:\/\/www.leemanleddisplay.com\/product\/novastar-mctrl1600-led-display-controller\/#primaryimage","url":"https:\/\/www.leemanleddisplay.com\/wp-content\/uploads\/2024\/11\/Novastar-Mctrl1600-LED-Display-Controller.jpg","contentUrl":"https:\/\/www.leemanleddisplay.com\/wp-content\/uploads\/2024\/11\/Novastar-Mctrl1600-LED-Display-Controller.jpg","width":1200,"height":1200},{"@type":"BreadcrumbList","@id":"https:\/\/www.leemanleddisplay.com\/product\/novastar-mctrl1600-led-display-controller\/#breadcrumb","itemListElement":[{"@type":"ListItem","position":1,"name":"Home","item":"https:\/\/www.leemanleddisplay.com\/"},{"@type":"ListItem","position":2,"name":"Shop","item":"https:\/\/www.leemanleddisplay.com\/shop\/"},{"@type":"ListItem","position":3,"name":"Novastar Mctrl1600 LED Display Controller 4K\u00d72K LED Master"}]},{"@type":"WebSite","@id":"https:\/\/www.leemanleddisplay.com\/#website","url":"https:\/\/www.leemanleddisplay.com\/","name":"Leemanled","description":"","publisher":{"@id":"https:\/\/www.leemanleddisplay.com\/#organization"},"potentialAction":[{"@type":"SearchAction","target":{"@type":"EntryPoint","urlTemplate":"https:\/\/www.leemanleddisplay.com\/?s={search_term_string}"},"query-input":{"@type":"PropertyValueSpecification","valueRequired":true,"valueName":"search_term_string"}}],"inLanguage":"sv-SE"},{"@type":"Organization","@id":"https:\/\/www.leemanleddisplay.com\/#organization","name":"Leemanled","url":"https:\/\/www.leemanleddisplay.com\/","logo":{"@type":"ImageObject","inLanguage":"sv-SE","@id":"https:\/\/www.leemanleddisplay.com\/#\/schema\/logo\/image\/","url":"https:\/\/www.leemanleddisplay.com\/wp-content\/uploads\/2024\/11\/cropped-0-removebg-preview-1.png","contentUrl":"https:\/\/www.leemanleddisplay.com\/wp-content\/uploads\/2024\/11\/cropped-0-removebg-preview-1.png","width":200,"height":50,"caption":"Leemanled"},"image":{"@id":"https:\/\/www.leemanleddisplay.com\/#\/schema\/logo\/image\/"}}]},"product_price_amount":"589.00","product_price_currency":"USD","og_availability":"instock","product_availability":"instock","product_retailer_item_id":"Novastar MCTRL1600","product_condition":"new"},"_links":{"self":[{"href":"https:\/\/www.leemanleddisplay.com\/sv\/wp-json\/wp\/v2\/product\/839","targetHints":{"allow":["GET"]}}],"collection":[{"href":"https:\/\/www.leemanleddisplay.com\/sv\/wp-json\/wp\/v2\/product"}],"about":[{"href":"https:\/\/www.leemanleddisplay.com\/sv\/wp-json\/wp\/v2\/types\/product"}],"replies":[{"embeddable":true,"href":"https:\/\/www.leemanleddisplay.com\/sv\/wp-json\/wp\/v2\/comments?post=839"}],"wp:featuredmedia":[{"embeddable":true,"href":"https:\/\/www.leemanleddisplay.com\/sv\/wp-json\/wp\/v2\/media\/838"}],"wp:attachment":[{"href":"https:\/\/www.leemanleddisplay.com\/sv\/wp-json\/wp\/v2\/media?parent=839"}],"wp:term":[{"taxonomy":"product_cat","embeddable":true,"href":"https:\/\/www.leemanleddisplay.com\/sv\/wp-json\/wp\/v2\/product_cat?post=839"},{"taxonomy":"product_tag","embeddable":true,"href":"https:\/\/www.leemanleddisplay.com\/sv\/wp-json\/wp\/v2\/product_tag?post=839"}],"curies":[{"name":"wp","href":"https:\/\/api.w.org\/{rel}","templated":true}]}}